{"id":13887,"date":"2025-01-17T16:55:06","date_gmt":"2025-01-17T15:55:06","guid":{"rendered":"https:\/\/www.rimocc.com\/?post_type=product&#038;p=13887"},"modified":"2025-01-22T18:41:34","modified_gmt":"2025-01-22T17:41:34","slug":"gretsch-stop-sign-22x14-12x8-13x9-16x16-jet-black-nitron-vintage-1975-jasper-shells","status":"publish","type":"product","link":"https:\/\/www.rimocc.com\/en\/product\/gretsch-stop-sign-22x14-12x8-13x9-16x16-jet-black-nitron-vintage-1975-jasper-shells\/","title":{"rendered":"Gretsch Stop Sign 22&#215;14&Prime; 12&#215;8&Prime; 13&Prime;x9&Prime; 16&Prime;x16&Prime; Jet Black Nitron Vintage 1975 Jasper Shells"},"content":{"rendered":"<p>Tr\u00e8s bon \u00e9tat g\u00e9n\u00e9ral, \u00e9tat proche collection<br \/>\nVintage 1975, Jasper Shells, Stop Sign \u00ab\u00a0That Great Gretsch Sound\u00a0\u00bb USA<br \/>\nCompl\u00e8te avec toutes les sourdines<br \/>\nA noter, les vis de serrage rotules toms ont \u00e9t\u00e9 chang\u00e9es pour des Hex pour plus d&rsquo;efficacit\u00e9 (voir photo)<br \/>\nLes caoutchoucs des pieds du tom bass on \u00e9t\u00e9 chang\u00e9s pour une meilleure isolation<br \/>\nUn coin du rhodoid du tom 12&Prime; a \u00e9t\u00e9 d\u00e9coll\u00e9 et bris\u00e9 mais a \u00e9t\u00e9 recoll\u00e9 (non visible &#8211; voir photo)<br \/>\nTous les tags pr\u00e9sents sauf GC<br \/>\n12&Prime;: 45460<br \/>\n13&Prime;: 45904<br \/>\n16&Prime;: 45583<br \/>\n22&Prime;: pas de tag<br \/>\n<strong>(la caisse claire de la m\u00eame s\u00e9rie pr\u00e9sente sur les photos n&rsquo;est pas inclue et est disponible s\u00e9par\u00e9ment)<\/strong><\/p>\n<p>&nbsp;<\/p>\n<p><em><strong>\u00ab\u00a0Enl\u00e8vement sur place privil\u00e9gi\u00e9 mais envoi possible dans toute la France sur devis s\u00e9par\u00e9 &#8211; merci de s\u00e9lectionner l&rsquo;option \u00ab\u00a0retrait en magasin\u00a0\u00bb et nous vous ferons parvenir un devis s\u00e9par\u00e9 pour la livraison, \u00e0 r\u00e9gler s\u00e9par\u00e9ment<br \/>\nInternational order, pick-up ONLY\u00a0\u00bb<\/strong><\/em><\/p>\n<p>Batterie Rimocc&rsquo; Lyon<\/p>","protected":false},"excerpt":{"rendered":"<p>Tr\u00e8s bon \u00e9tat g\u00e9n\u00e9ral, \u00e9tat proche collection Vintage 1975, Jasper Shells, Stop Sign \u00ab\u00a0That Great Gretsch Sound\u00a0\u00bb USA Compl\u00e8te avec toutes les sourdines A noter, les vis de serrage rotules toms ont \u00e9t\u00e9 chang\u00e9es pour des Hex pour plus d&rsquo;efficacit\u00e9 (voir photo) Les caoutchoucs des pieds du tom bass on \u00e9t\u00e9 chang\u00e9s pour une meilleure [&hellip;]<\/p>\n","protected":false},"featured_media":13886,"comment_status":"open","ping_status":"closed","template":"","meta":{"jetpack_publicize_message":"","jetpack_publicize_feature_enabled":true,"jetpack_social_post_already_shared":false,"jetpack_social_options":{"image_generator_settings":{"template":"highway","default_image_id":0,"font":"","enabled":false},"version":2}},"product_brand":[],"product_cat":[20],"product_tag":[41,548,43,46,633,634,538,635],"class_list":{"0":"post-13887","1":"product","2":"type-product","3":"status-publish","4":"has-post-thumbnail","6":"product_cat-batterie","7":"product_tag-batterie","8":"product_tag-depot-vente-lyon","9":"product_tag-drums","10":"product_tag-gretsch","11":"product_tag-gretsch-drums","12":"product_tag-jasper-shells","13":"product_tag-magasin-de-musique-lyon","14":"product_tag-vintage-70s","16":"entry","17":"has-media","19":"first","20":"outofstock","21":"shipping-taxable","22":"purchasable","23":"product-type-simple","24":"has-product-nav","25":"col","26":"span_1_of_3","27":"owp-content-center","28":"owp-thumbs-layout-horizontal","29":"owp-btn-normal","30":"owp-tabs-layout-horizontal"},"yoast_head":"<!-- This site is optimized with the Yoast SEO plugin v27.3 - https:\/\/yoast.com\/product\/yoast-seo-wordpress\/ -->\n<title>Gretsch Stop Sign 22x14&quot; 12x8&quot; 13&quot;x9&quot; 16&quot;x16&quot; Jet Black Nitron Vintage 1975 Jasper Shells - D\u00e9p\u00f4t Vente Batterie Percussion | Rimocc Lyon<\/title>\n<meta name=\"description\" content=\"The finish of the drums, a deep black with a glossy, almost metallic sheen. Nitron was a type of vinyl wrap used by Gretsch in the 1970s\" \/>\n<meta name=\"robots\" content=\"index, follow, max-snippet:-1, max-image-preview:large, max-video-preview:-1\" \/>\n<link rel=\"canonical\" href=\"https:\/\/www.rimocc.com\/en\/product\/gretsch-stop-sign-22x14-12x8-13x9-16x16-jet-black-nitron-vintage-1975-jasper-shells\/\" \/>\n<meta property=\"og:locale\" content=\"en_US\" \/>\n<meta property=\"og:type\" content=\"article\" \/>\n<meta property=\"og:title\" content=\"Gretsch Stop Sign 22x14&quot; 12x8&quot; 13&quot;x9&quot; 16&quot;x16&quot; Jet Black Nitron Vintage 1975 Jasper Shells - D\u00e9p\u00f4t Vente Batterie Percussion | Rimocc Lyon\" \/>\n<meta property=\"og:description\" content=\"The finish of the drums, a deep black with a glossy, almost metallic sheen. Nitron was a type of vinyl wrap used by Gretsch in the 1970s\" \/>\n<meta property=\"og:url\" content=\"https:\/\/www.rimocc.com\/en\/product\/gretsch-stop-sign-22x14-12x8-13x9-16x16-jet-black-nitron-vintage-1975-jasper-shells\/\" \/>\n<meta property=\"og:site_name\" content=\"D\u00e9p\u00f4t Vente Batterie Percussion | Rimocc Lyon\" \/>\n<meta property=\"article:publisher\" content=\"https:\/\/www.facebook.com\/rimocclyon\/?locale=fr_FR\" \/>\n<meta property=\"article:modified_time\" content=\"2025-01-22T17:41:34+00:00\" \/>\n<meta property=\"og:image\" content=\"https:\/\/www.rimocc.com\/wp-content\/uploads\/2025\/01\/Gretsch-Stop-Sign-22x14_-12x8_-13_x9_-16_x16_-Jet-Black-Nitron-Vintage-1975-Jasper-Shells-1.jpg\" \/>\n\t<meta property=\"og:image:width\" content=\"1920\" \/>\n\t<meta property=\"og:image:height\" content=\"1920\" \/>\n\t<meta property=\"og:image:type\" content=\"image\/jpeg\" \/>\n<meta name=\"twitter:card\" content=\"summary_large_image\" \/>\n<meta name=\"twitter:label1\" content=\"Est. reading time\" \/>\n\t<meta name=\"twitter:data1\" content=\"1 minute\" \/>\n<script type=\"application\/ld+json\" class=\"yoast-schema-graph\">{\"@context\":\"https:\\\/\\\/schema.org\",\"@graph\":[{\"@type\":\"WebPage\",\"@id\":\"https:\\\/\\\/www.rimocc.com\\\/product\\\/gretsch-stop-sign-22x14-12x8-13x9-16x16-jet-black-nitron-vintage-1975-jasper-shells\\\/\",\"url\":\"https:\\\/\\\/www.rimocc.com\\\/product\\\/gretsch-stop-sign-22x14-12x8-13x9-16x16-jet-black-nitron-vintage-1975-jasper-shells\\\/\",\"name\":\"Gretsch Stop Sign 22x14\\\" 12x8\\\" 13\\\"x9\\\" 16\\\"x16\\\" Jet Black Nitron Vintage 1975 Jasper Shells - D\u00e9p\u00f4t Vente Batterie Percussion | Rimocc Lyon\",\"isPartOf\":{\"@id\":\"https:\\\/\\\/www.rimocc.com\\\/#website\"},\"primaryImageOfPage\":{\"@id\":\"https:\\\/\\\/www.rimocc.com\\\/product\\\/gretsch-stop-sign-22x14-12x8-13x9-16x16-jet-black-nitron-vintage-1975-jasper-shells\\\/#primaryimage\"},\"image\":{\"@id\":\"https:\\\/\\\/www.rimocc.com\\\/product\\\/gretsch-stop-sign-22x14-12x8-13x9-16x16-jet-black-nitron-vintage-1975-jasper-shells\\\/#primaryimage\"},\"thumbnailUrl\":\"https:\\\/\\\/www.rimocc.com\\\/wp-content\\\/uploads\\\/2025\\\/01\\\/Gretsch-Stop-Sign-22x14_-12x8_-13_x9_-16_x16_-Jet-Black-Nitron-Vintage-1975-Jasper-Shells-1.jpg\",\"datePublished\":\"2025-01-17T15:55:06+00:00\",\"dateModified\":\"2025-01-22T17:41:34+00:00\",\"description\":\"The finish of the drums, a deep black with a glossy, almost metallic sheen. Nitron was a type of vinyl wrap used by Gretsch in the 1970s\",\"breadcrumb\":{\"@id\":\"https:\\\/\\\/www.rimocc.com\\\/product\\\/gretsch-stop-sign-22x14-12x8-13x9-16x16-jet-black-nitron-vintage-1975-jasper-shells\\\/#breadcrumb\"},\"inLanguage\":\"en-US\",\"potentialAction\":[{\"@type\":\"ReadAction\",\"target\":[\"https:\\\/\\\/www.rimocc.com\\\/product\\\/gretsch-stop-sign-22x14-12x8-13x9-16x16-jet-black-nitron-vintage-1975-jasper-shells\\\/\"]}]},{\"@type\":\"ImageObject\",\"inLanguage\":\"en-US\",\"@id\":\"https:\\\/\\\/www.rimocc.com\\\/product\\\/gretsch-stop-sign-22x14-12x8-13x9-16x16-jet-black-nitron-vintage-1975-jasper-shells\\\/#primaryimage\",\"url\":\"https:\\\/\\\/www.rimocc.com\\\/wp-content\\\/uploads\\\/2025\\\/01\\\/Gretsch-Stop-Sign-22x14_-12x8_-13_x9_-16_x16_-Jet-Black-Nitron-Vintage-1975-Jasper-Shells-1.jpg\",\"contentUrl\":\"https:\\\/\\\/www.rimocc.com\\\/wp-content\\\/uploads\\\/2025\\\/01\\\/Gretsch-Stop-Sign-22x14_-12x8_-13_x9_-16_x16_-Jet-Black-Nitron-Vintage-1975-Jasper-Shells-1.jpg\",\"width\":1920,\"height\":1920,\"caption\":\"Gretsch Stop Sign 22x14\\\" 12x8\\\" 13\\\"x9\\\" 16\\\"x16\\\" Jet Black Nitron Vintage 1975 Jasper Shells\"},{\"@type\":\"BreadcrumbList\",\"@id\":\"https:\\\/\\\/www.rimocc.com\\\/product\\\/gretsch-stop-sign-22x14-12x8-13x9-16x16-jet-black-nitron-vintage-1975-jasper-shells\\\/#breadcrumb\",\"itemListElement\":[{\"@type\":\"ListItem\",\"position\":1,\"name\":\"Home\",\"item\":\"https:\\\/\\\/www.rimocc.com\\\/\"},{\"@type\":\"ListItem\",\"position\":2,\"name\":\"Shop\",\"item\":\"https:\\\/\\\/www.rimocc.com\\\/shop\\\/\"},{\"@type\":\"ListItem\",\"position\":3,\"name\":\"Gretsch Stop Sign 22&#215;14&#8243; 12&#215;8&#8243; 13&#8243;x9&#8243; 16&#8243;x16&#8243; Jet Black Nitron Vintage 1975 Jasper Shells\"}]},{\"@type\":\"WebSite\",\"@id\":\"https:\\\/\\\/www.rimocc.com\\\/#website\",\"url\":\"https:\\\/\\\/www.rimocc.com\\\/\",\"name\":\"D\u00e9p\u00f4t Vente Batterie Percussion | Rimocc Lyon\",\"description\":\"Rimocc: l&#039;unique magasin d\u00e9di\u00e9 enti\u00e8rement \u00e0 la batterie, percussion d&#039;occasion et vintage \u00e0 Lyon, France\",\"publisher\":{\"@id\":\"https:\\\/\\\/www.rimocc.com\\\/#organization\"},\"alternateName\":\"Rimocc'\",\"potentialAction\":[{\"@type\":\"SearchAction\",\"target\":{\"@type\":\"EntryPoint\",\"urlTemplate\":\"https:\\\/\\\/www.rimocc.com\\\/?s={search_term_string}\"},\"query-input\":{\"@type\":\"PropertyValueSpecification\",\"valueRequired\":true,\"valueName\":\"search_term_string\"}}],\"inLanguage\":\"en-US\"},{\"@type\":\"Organization\",\"@id\":\"https:\\\/\\\/www.rimocc.com\\\/#organization\",\"name\":\"Rimocc'\",\"alternateName\":\"Rimocc\",\"url\":\"https:\\\/\\\/www.rimocc.com\\\/\",\"logo\":{\"@type\":\"ImageObject\",\"inLanguage\":\"en-US\",\"@id\":\"https:\\\/\\\/www.rimocc.com\\\/#\\\/schema\\\/logo\\\/image\\\/\",\"url\":\"https:\\\/\\\/i0.wp.com\\\/www.rimocc.com\\\/wp-content\\\/uploads\\\/2023\\\/07\\\/RIMOCC_LOGO.jpg?fit=459%2C114&ssl=1\",\"contentUrl\":\"https:\\\/\\\/i0.wp.com\\\/www.rimocc.com\\\/wp-content\\\/uploads\\\/2023\\\/07\\\/RIMOCC_LOGO.jpg?fit=459%2C114&ssl=1\",\"width\":459,\"height\":114,\"caption\":\"Rimocc'\"},\"image\":{\"@id\":\"https:\\\/\\\/www.rimocc.com\\\/#\\\/schema\\\/logo\\\/image\\\/\"},\"sameAs\":[\"https:\\\/\\\/www.facebook.com\\\/rimocclyon\\\/?locale=fr_FR\",\"https:\\\/\\\/www.instagram.com\\\/rimoccc\\\/?hl=fr\",\"https:\\\/\\\/www.tiktok.com\\\/@rimocc\",\"https:\\\/\\\/www.youtube.com\\\/@Rimocc\"]}]}<\/script>\n<!-- \/ Yoast SEO plugin. -->","yoast_head_json":{"title":"Gretsch Stop Sign 22x14\" 12x8\" 13\"x9\" 16\"x16\" Jet Black Nitron Vintage 1975 Jasper Shells - D\u00e9p\u00f4t Vente Batterie Percussion | Rimocc Lyon","description":"The finish of the drums, a deep black with a glossy, almost metallic sheen. Nitron was a type of vinyl wrap used by Gretsch in the 1970s","robots":{"index":"index","follow":"follow","max-snippet":"max-snippet:-1","max-image-preview":"max-image-preview:large","max-video-preview":"max-video-preview:-1"},"canonical":"https:\/\/www.rimocc.com\/en\/product\/gretsch-stop-sign-22x14-12x8-13x9-16x16-jet-black-nitron-vintage-1975-jasper-shells\/","og_locale":"en_US","og_type":"article","og_title":"Gretsch Stop Sign 22x14\" 12x8\" 13\"x9\" 16\"x16\" Jet Black Nitron Vintage 1975 Jasper Shells - D\u00e9p\u00f4t Vente Batterie Percussion | Rimocc Lyon","og_description":"The finish of the drums, a deep black with a glossy, almost metallic sheen. Nitron was a type of vinyl wrap used by Gretsch in the 1970s","og_url":"https:\/\/www.rimocc.com\/en\/product\/gretsch-stop-sign-22x14-12x8-13x9-16x16-jet-black-nitron-vintage-1975-jasper-shells\/","og_site_name":"D\u00e9p\u00f4t Vente Batterie Percussion | Rimocc Lyon","article_publisher":"https:\/\/www.facebook.com\/rimocclyon\/?locale=fr_FR","article_modified_time":"2025-01-22T17:41:34+00:00","og_image":[{"width":1920,"height":1920,"url":"https:\/\/www.rimocc.com\/wp-content\/uploads\/2025\/01\/Gretsch-Stop-Sign-22x14_-12x8_-13_x9_-16_x16_-Jet-Black-Nitron-Vintage-1975-Jasper-Shells-1.jpg","type":"image\/jpeg"}],"twitter_card":"summary_large_image","twitter_misc":{"Est. reading time":"1 minute"},"schema":{"@context":"https:\/\/schema.org","@graph":[{"@type":"WebPage","@id":"https:\/\/www.rimocc.com\/product\/gretsch-stop-sign-22x14-12x8-13x9-16x16-jet-black-nitron-vintage-1975-jasper-shells\/","url":"https:\/\/www.rimocc.com\/product\/gretsch-stop-sign-22x14-12x8-13x9-16x16-jet-black-nitron-vintage-1975-jasper-shells\/","name":"Gretsch Stop Sign 22x14\" 12x8\" 13\"x9\" 16\"x16\" Jet Black Nitron Vintage 1975 Jasper Shells - D\u00e9p\u00f4t Vente Batterie Percussion | Rimocc Lyon","isPartOf":{"@id":"https:\/\/www.rimocc.com\/#website"},"primaryImageOfPage":{"@id":"https:\/\/www.rimocc.com\/product\/gretsch-stop-sign-22x14-12x8-13x9-16x16-jet-black-nitron-vintage-1975-jasper-shells\/#primaryimage"},"image":{"@id":"https:\/\/www.rimocc.com\/product\/gretsch-stop-sign-22x14-12x8-13x9-16x16-jet-black-nitron-vintage-1975-jasper-shells\/#primaryimage"},"thumbnailUrl":"https:\/\/www.rimocc.com\/wp-content\/uploads\/2025\/01\/Gretsch-Stop-Sign-22x14_-12x8_-13_x9_-16_x16_-Jet-Black-Nitron-Vintage-1975-Jasper-Shells-1.jpg","datePublished":"2025-01-17T15:55:06+00:00","dateModified":"2025-01-22T17:41:34+00:00","description":"The finish of the drums, a deep black with a glossy, almost metallic sheen. Nitron was a type of vinyl wrap used by Gretsch in the 1970s","breadcrumb":{"@id":"https:\/\/www.rimocc.com\/product\/gretsch-stop-sign-22x14-12x8-13x9-16x16-jet-black-nitron-vintage-1975-jasper-shells\/#breadcrumb"},"inLanguage":"en-US","potentialAction":[{"@type":"ReadAction","target":["https:\/\/www.rimocc.com\/product\/gretsch-stop-sign-22x14-12x8-13x9-16x16-jet-black-nitron-vintage-1975-jasper-shells\/"]}]},{"@type":"ImageObject","inLanguage":"en-US","@id":"https:\/\/www.rimocc.com\/product\/gretsch-stop-sign-22x14-12x8-13x9-16x16-jet-black-nitron-vintage-1975-jasper-shells\/#primaryimage","url":"https:\/\/www.rimocc.com\/wp-content\/uploads\/2025\/01\/Gretsch-Stop-Sign-22x14_-12x8_-13_x9_-16_x16_-Jet-Black-Nitron-Vintage-1975-Jasper-Shells-1.jpg","contentUrl":"https:\/\/www.rimocc.com\/wp-content\/uploads\/2025\/01\/Gretsch-Stop-Sign-22x14_-12x8_-13_x9_-16_x16_-Jet-Black-Nitron-Vintage-1975-Jasper-Shells-1.jpg","width":1920,"height":1920,"caption":"Gretsch Stop Sign 22x14\" 12x8\" 13\"x9\" 16\"x16\" Jet Black Nitron Vintage 1975 Jasper Shells"},{"@type":"BreadcrumbList","@id":"https:\/\/www.rimocc.com\/product\/gretsch-stop-sign-22x14-12x8-13x9-16x16-jet-black-nitron-vintage-1975-jasper-shells\/#breadcrumb","itemListElement":[{"@type":"ListItem","position":1,"name":"Home","item":"https:\/\/www.rimocc.com\/"},{"@type":"ListItem","position":2,"name":"Shop","item":"https:\/\/www.rimocc.com\/shop\/"},{"@type":"ListItem","position":3,"name":"Gretsch Stop Sign 22&#215;14&#8243; 12&#215;8&#8243; 13&#8243;x9&#8243; 16&#8243;x16&#8243; Jet Black Nitron Vintage 1975 Jasper Shells"}]},{"@type":"WebSite","@id":"https:\/\/www.rimocc.com\/#website","url":"https:\/\/www.rimocc.com\/","name":"D\u00e9p\u00f4t Vente Batterie Percussion | Rimocc Lyon","description":"Rimocc: l&#039;unique magasin d\u00e9di\u00e9 enti\u00e8rement \u00e0 la batterie, percussion d&#039;occasion et vintage \u00e0 Lyon, France","publisher":{"@id":"https:\/\/www.rimocc.com\/#organization"},"alternateName":"Rimocc'","potentialAction":[{"@type":"SearchAction","target":{"@type":"EntryPoint","urlTemplate":"https:\/\/www.rimocc.com\/?s={search_term_string}"},"query-input":{"@type":"PropertyValueSpecification","valueRequired":true,"valueName":"search_term_string"}}],"inLanguage":"en-US"},{"@type":"Organization","@id":"https:\/\/www.rimocc.com\/#organization","name":"Rimocc'","alternateName":"Rimocc","url":"https:\/\/www.rimocc.com\/","logo":{"@type":"ImageObject","inLanguage":"en-US","@id":"https:\/\/www.rimocc.com\/#\/schema\/logo\/image\/","url":"https:\/\/i0.wp.com\/www.rimocc.com\/wp-content\/uploads\/2023\/07\/RIMOCC_LOGO.jpg?fit=459%2C114&ssl=1","contentUrl":"https:\/\/i0.wp.com\/www.rimocc.com\/wp-content\/uploads\/2023\/07\/RIMOCC_LOGO.jpg?fit=459%2C114&ssl=1","width":459,"height":114,"caption":"Rimocc'"},"image":{"@id":"https:\/\/www.rimocc.com\/#\/schema\/logo\/image\/"},"sameAs":["https:\/\/www.facebook.com\/rimocclyon\/?locale=fr_FR","https:\/\/www.instagram.com\/rimoccc\/?hl=fr","https:\/\/www.tiktok.com\/@rimocc","https:\/\/www.youtube.com\/@Rimocc"]}]}},"jetpack_publicize_connections":[],"jetpack_sharing_enabled":true,"_links":{"self":[{"href":"https:\/\/www.rimocc.com\/en\/wp-json\/wp\/v2\/product\/13887","targetHints":{"allow":["GET"]}}],"collection":[{"href":"https:\/\/www.rimocc.com\/en\/wp-json\/wp\/v2\/product"}],"about":[{"href":"https:\/\/www.rimocc.com\/en\/wp-json\/wp\/v2\/types\/product"}],"replies":[{"embeddable":true,"href":"https:\/\/www.rimocc.com\/en\/wp-json\/wp\/v2\/comments?post=13887"}],"wp:featuredmedia":[{"embeddable":true,"href":"https:\/\/www.rimocc.com\/en\/wp-json\/wp\/v2\/media\/13886"}],"wp:attachment":[{"href":"https:\/\/www.rimocc.com\/en\/wp-json\/wp\/v2\/media?parent=13887"}],"wp:term":[{"taxonomy":"product_brand","embeddable":true,"href":"https:\/\/www.rimocc.com\/en\/wp-json\/wp\/v2\/product_brand?post=13887"},{"taxonomy":"product_cat","embeddable":true,"href":"https:\/\/www.rimocc.com\/en\/wp-json\/wp\/v2\/product_cat?post=13887"},{"taxonomy":"product_tag","embeddable":true,"href":"https:\/\/www.rimocc.com\/en\/wp-json\/wp\/v2\/product_tag?post=13887"}],"curies":[{"name":"wp","href":"https:\/\/api.w.org\/{rel}","templated":true}]}}