{"id":13787,"date":"2025-01-02T15:55:27","date_gmt":"2025-01-02T14:55:27","guid":{"rendered":"https:\/\/www.rimocc.com\/?post_type=product&#038;p=13787"},"modified":"2025-02-16T19:58:48","modified_gmt":"2025-02-16T18:58:48","slug":"evans-cle-dynamometrique-2","status":"publish","type":"product","link":"https:\/\/www.rimocc.com\/en\/product\/evans-cle-dynamometrique-2\/","title":{"rendered":"Evans Cl\u00e9 Dynamom\u00e9trique 2"},"content":{"rendered":"<p>Tr\u00e8s bon \u00e9tat<br \/>\n<em>\u00ab\u00a0Cette cl\u00e9 de serrage \u00ab\u00a0Dynamom\u00e9trique\u00a0\u00bb vous permettra de rep\u00e9rer et noter vos r\u00e9glage optimums, afin de pouvoir changer vos peaux et vous r\u00e9accorder en un rien de temps. \u00a0\u00bb<br \/>\n<\/em><\/p>\n<p>Accessoires Batterie D\u00e9p\u00f4t Vente Rimocc&rsquo; Lyon<\/p>","protected":false},"excerpt":{"rendered":"<p>Tr\u00e8s bon \u00e9tat \u00ab\u00a0Cette cl\u00e9 de serrage \u00ab\u00a0Dynamom\u00e9trique\u00a0\u00bb vous permettra de rep\u00e9rer et noter vos r\u00e9glage optimums, afin de pouvoir changer vos peaux et vous r\u00e9accorder en un rien de temps. \u00a0\u00bb Accessoires Batterie D\u00e9p\u00f4t Vente Rimocc&rsquo; Lyon<\/p>","protected":false},"featured_media":13786,"comment_status":"open","ping_status":"closed","template":"","meta":{"jetpack_publicize_message":"","jetpack_publicize_feature_enabled":true,"jetpack_social_post_already_shared":false,"jetpack_social_options":{"image_generator_settings":{"template":"highway","default_image_id":0,"font":"","enabled":false},"version":2}},"product_brand":[],"product_cat":[22],"product_tag":[548,631,538],"class_list":{"0":"post-13787","1":"product","2":"type-product","3":"status-publish","4":"has-post-thumbnail","6":"product_cat-accessoires-batterie","7":"product_tag-depot-vente-lyon","8":"product_tag-evans","9":"product_tag-magasin-de-musique-lyon","11":"entry","12":"has-media","14":"first","15":"outofstock","16":"shipping-taxable","17":"purchasable","18":"product-type-simple","19":"has-product-nav","20":"col","21":"span_1_of_3","22":"owp-content-center","23":"owp-thumbs-layout-horizontal","24":"owp-btn-normal","25":"owp-tabs-layout-horizontal"},"yoast_head":"<!-- This site is optimized with the Yoast SEO plugin v27.4 - https:\/\/yoast.com\/product\/yoast-seo-wordpress\/ -->\n<title>Evans Cl\u00e9 Dynamom\u00e9trique 2 - D\u00e9p\u00f4t Vente Batterie Percussion | Rimocc Lyon<\/title>\n<meta name=\"description\" content=\"Cette cl\u00e9 de serrage &quot;Dynamom\u00e9trique&quot; vous permettra de rep\u00e9rer et noter vos r\u00e9glage optimums, afin de pouvoir changer vos peaux et vous r\u00e9-accorder en un rien de temps.\" \/>\n<meta name=\"robots\" content=\"index, follow, max-snippet:-1, max-image-preview:large, max-video-preview:-1\" \/>\n<link rel=\"canonical\" href=\"https:\/\/www.rimocc.com\/en\/product\/evans-cle-dynamometrique-2\/\" \/>\n<meta property=\"og:locale\" content=\"en_US\" \/>\n<meta property=\"og:type\" content=\"article\" \/>\n<meta property=\"og:title\" content=\"Evans Cl\u00e9 Dynamom\u00e9trique 2 - D\u00e9p\u00f4t Vente Batterie Percussion | Rimocc Lyon\" \/>\n<meta property=\"og:description\" content=\"Cette cl\u00e9 de serrage &quot;Dynamom\u00e9trique&quot; vous permettra de rep\u00e9rer et noter vos r\u00e9glage optimums, afin de pouvoir changer vos peaux et vous r\u00e9-accorder en un rien de temps.\" \/>\n<meta property=\"og:url\" content=\"https:\/\/www.rimocc.com\/en\/product\/evans-cle-dynamometrique-2\/\" \/>\n<meta property=\"og:site_name\" content=\"D\u00e9p\u00f4t Vente Batterie Percussion | Rimocc Lyon\" \/>\n<meta property=\"article:publisher\" content=\"https:\/\/www.facebook.com\/rimocclyon\/?locale=fr_FR\" \/>\n<meta property=\"article:modified_time\" content=\"2025-02-16T18:58:48+00:00\" \/>\n<meta property=\"og:image\" content=\"https:\/\/www.rimocc.com\/wp-content\/uploads\/2025\/01\/Evans-Cle-Dynamometrique-2-1.jpg\" \/>\n\t<meta property=\"og:image:width\" content=\"1920\" \/>\n\t<meta property=\"og:image:height\" content=\"1920\" \/>\n\t<meta property=\"og:image:type\" content=\"image\/jpeg\" \/>\n<meta name=\"twitter:card\" content=\"summary_large_image\" \/>\n<meta name=\"twitter:label1\" content=\"Est. reading time\" \/>\n\t<meta name=\"twitter:data1\" content=\"1 minute\" \/>\n<script type=\"application\/ld+json\" class=\"yoast-schema-graph\">{\"@context\":\"https:\\\/\\\/schema.org\",\"@graph\":[{\"@type\":\"WebPage\",\"@id\":\"https:\\\/\\\/www.rimocc.com\\\/product\\\/evans-cle-dynamometrique-2\\\/\",\"url\":\"https:\\\/\\\/www.rimocc.com\\\/product\\\/evans-cle-dynamometrique-2\\\/\",\"name\":\"Evans Cl\u00e9 Dynamom\u00e9trique 2 - D\u00e9p\u00f4t Vente Batterie Percussion | Rimocc Lyon\",\"isPartOf\":{\"@id\":\"https:\\\/\\\/www.rimocc.com\\\/#website\"},\"primaryImageOfPage\":{\"@id\":\"https:\\\/\\\/www.rimocc.com\\\/product\\\/evans-cle-dynamometrique-2\\\/#primaryimage\"},\"image\":{\"@id\":\"https:\\\/\\\/www.rimocc.com\\\/product\\\/evans-cle-dynamometrique-2\\\/#primaryimage\"},\"thumbnailUrl\":\"https:\\\/\\\/www.rimocc.com\\\/wp-content\\\/uploads\\\/2025\\\/01\\\/Evans-Cle-Dynamometrique-2-1.jpg\",\"datePublished\":\"2025-01-02T14:55:27+00:00\",\"dateModified\":\"2025-02-16T18:58:48+00:00\",\"description\":\"Cette cl\u00e9 de serrage \\\"Dynamom\u00e9trique\\\" vous permettra de rep\u00e9rer et noter vos r\u00e9glage optimums, afin de pouvoir changer vos peaux et vous r\u00e9-accorder en un rien de temps.\",\"breadcrumb\":{\"@id\":\"https:\\\/\\\/www.rimocc.com\\\/product\\\/evans-cle-dynamometrique-2\\\/#breadcrumb\"},\"inLanguage\":\"en-US\",\"potentialAction\":[{\"@type\":\"ReadAction\",\"target\":[\"https:\\\/\\\/www.rimocc.com\\\/product\\\/evans-cle-dynamometrique-2\\\/\"]}]},{\"@type\":\"ImageObject\",\"inLanguage\":\"en-US\",\"@id\":\"https:\\\/\\\/www.rimocc.com\\\/product\\\/evans-cle-dynamometrique-2\\\/#primaryimage\",\"url\":\"https:\\\/\\\/www.rimocc.com\\\/wp-content\\\/uploads\\\/2025\\\/01\\\/Evans-Cle-Dynamometrique-2-1.jpg\",\"contentUrl\":\"https:\\\/\\\/www.rimocc.com\\\/wp-content\\\/uploads\\\/2025\\\/01\\\/Evans-Cle-Dynamometrique-2-1.jpg\",\"width\":1920,\"height\":1920},{\"@type\":\"BreadcrumbList\",\"@id\":\"https:\\\/\\\/www.rimocc.com\\\/product\\\/evans-cle-dynamometrique-2\\\/#breadcrumb\",\"itemListElement\":[{\"@type\":\"ListItem\",\"position\":1,\"name\":\"Home\",\"item\":\"https:\\\/\\\/www.rimocc.com\\\/\"},{\"@type\":\"ListItem\",\"position\":2,\"name\":\"Shop\",\"item\":\"https:\\\/\\\/www.rimocc.com\\\/shop\\\/\"},{\"@type\":\"ListItem\",\"position\":3,\"name\":\"Evans Cl\u00e9 Dynamom\u00e9trique 2\"}]},{\"@type\":\"WebSite\",\"@id\":\"https:\\\/\\\/www.rimocc.com\\\/#website\",\"url\":\"https:\\\/\\\/www.rimocc.com\\\/\",\"name\":\"D\u00e9p\u00f4t Vente Batterie Percussion | Rimocc Lyon\",\"description\":\"Rimocc: l&#039;unique magasin d\u00e9di\u00e9 enti\u00e8rement \u00e0 la batterie, percussion d&#039;occasion et vintage \u00e0 Lyon, France\",\"publisher\":{\"@id\":\"https:\\\/\\\/www.rimocc.com\\\/#organization\"},\"alternateName\":\"Rimocc'\",\"potentialAction\":[{\"@type\":\"SearchAction\",\"target\":{\"@type\":\"EntryPoint\",\"urlTemplate\":\"https:\\\/\\\/www.rimocc.com\\\/?s={search_term_string}\"},\"query-input\":{\"@type\":\"PropertyValueSpecification\",\"valueRequired\":true,\"valueName\":\"search_term_string\"}}],\"inLanguage\":\"en-US\"},{\"@type\":\"Organization\",\"@id\":\"https:\\\/\\\/www.rimocc.com\\\/#organization\",\"name\":\"Rimocc'\",\"alternateName\":\"Rimocc\",\"url\":\"https:\\\/\\\/www.rimocc.com\\\/\",\"logo\":{\"@type\":\"ImageObject\",\"inLanguage\":\"en-US\",\"@id\":\"https:\\\/\\\/www.rimocc.com\\\/#\\\/schema\\\/logo\\\/image\\\/\",\"url\":\"https:\\\/\\\/i0.wp.com\\\/www.rimocc.com\\\/wp-content\\\/uploads\\\/2023\\\/07\\\/RIMOCC_LOGO.jpg?fit=459%2C114&ssl=1\",\"contentUrl\":\"https:\\\/\\\/i0.wp.com\\\/www.rimocc.com\\\/wp-content\\\/uploads\\\/2023\\\/07\\\/RIMOCC_LOGO.jpg?fit=459%2C114&ssl=1\",\"width\":459,\"height\":114,\"caption\":\"Rimocc'\"},\"image\":{\"@id\":\"https:\\\/\\\/www.rimocc.com\\\/#\\\/schema\\\/logo\\\/image\\\/\"},\"sameAs\":[\"https:\\\/\\\/www.facebook.com\\\/rimocclyon\\\/?locale=fr_FR\",\"https:\\\/\\\/www.instagram.com\\\/rimoccc\\\/?hl=fr\",\"https:\\\/\\\/www.tiktok.com\\\/@rimocc\",\"https:\\\/\\\/www.youtube.com\\\/@Rimocc\"]}]}<\/script>\n<!-- \/ Yoast SEO plugin. -->","yoast_head_json":{"title":"Evans Cl\u00e9 Dynamom\u00e9trique 2 - D\u00e9p\u00f4t Vente Batterie Percussion | Rimocc Lyon","description":"Cette cl\u00e9 de serrage \"Dynamom\u00e9trique\" vous permettra de rep\u00e9rer et noter vos r\u00e9glage optimums, afin de pouvoir changer vos peaux et vous r\u00e9-accorder en un rien de temps.","robots":{"index":"index","follow":"follow","max-snippet":"max-snippet:-1","max-image-preview":"max-image-preview:large","max-video-preview":"max-video-preview:-1"},"canonical":"https:\/\/www.rimocc.com\/en\/product\/evans-cle-dynamometrique-2\/","og_locale":"en_US","og_type":"article","og_title":"Evans Cl\u00e9 Dynamom\u00e9trique 2 - D\u00e9p\u00f4t Vente Batterie Percussion | Rimocc Lyon","og_description":"Cette cl\u00e9 de serrage \"Dynamom\u00e9trique\" vous permettra de rep\u00e9rer et noter vos r\u00e9glage optimums, afin de pouvoir changer vos peaux et vous r\u00e9-accorder en un rien de temps.","og_url":"https:\/\/www.rimocc.com\/en\/product\/evans-cle-dynamometrique-2\/","og_site_name":"D\u00e9p\u00f4t Vente Batterie Percussion | Rimocc Lyon","article_publisher":"https:\/\/www.facebook.com\/rimocclyon\/?locale=fr_FR","article_modified_time":"2025-02-16T18:58:48+00:00","og_image":[{"width":1920,"height":1920,"url":"https:\/\/www.rimocc.com\/wp-content\/uploads\/2025\/01\/Evans-Cle-Dynamometrique-2-1.jpg","type":"image\/jpeg"}],"twitter_card":"summary_large_image","twitter_misc":{"Est. reading time":"1 minute"},"schema":{"@context":"https:\/\/schema.org","@graph":[{"@type":"WebPage","@id":"https:\/\/www.rimocc.com\/product\/evans-cle-dynamometrique-2\/","url":"https:\/\/www.rimocc.com\/product\/evans-cle-dynamometrique-2\/","name":"Evans Cl\u00e9 Dynamom\u00e9trique 2 - D\u00e9p\u00f4t Vente Batterie Percussion | Rimocc Lyon","isPartOf":{"@id":"https:\/\/www.rimocc.com\/#website"},"primaryImageOfPage":{"@id":"https:\/\/www.rimocc.com\/product\/evans-cle-dynamometrique-2\/#primaryimage"},"image":{"@id":"https:\/\/www.rimocc.com\/product\/evans-cle-dynamometrique-2\/#primaryimage"},"thumbnailUrl":"https:\/\/www.rimocc.com\/wp-content\/uploads\/2025\/01\/Evans-Cle-Dynamometrique-2-1.jpg","datePublished":"2025-01-02T14:55:27+00:00","dateModified":"2025-02-16T18:58:48+00:00","description":"Cette cl\u00e9 de serrage \"Dynamom\u00e9trique\" vous permettra de rep\u00e9rer et noter vos r\u00e9glage optimums, afin de pouvoir changer vos peaux et vous r\u00e9-accorder en un rien de temps.","breadcrumb":{"@id":"https:\/\/www.rimocc.com\/product\/evans-cle-dynamometrique-2\/#breadcrumb"},"inLanguage":"en-US","potentialAction":[{"@type":"ReadAction","target":["https:\/\/www.rimocc.com\/product\/evans-cle-dynamometrique-2\/"]}]},{"@type":"ImageObject","inLanguage":"en-US","@id":"https:\/\/www.rimocc.com\/product\/evans-cle-dynamometrique-2\/#primaryimage","url":"https:\/\/www.rimocc.com\/wp-content\/uploads\/2025\/01\/Evans-Cle-Dynamometrique-2-1.jpg","contentUrl":"https:\/\/www.rimocc.com\/wp-content\/uploads\/2025\/01\/Evans-Cle-Dynamometrique-2-1.jpg","width":1920,"height":1920},{"@type":"BreadcrumbList","@id":"https:\/\/www.rimocc.com\/product\/evans-cle-dynamometrique-2\/#breadcrumb","itemListElement":[{"@type":"ListItem","position":1,"name":"Home","item":"https:\/\/www.rimocc.com\/"},{"@type":"ListItem","position":2,"name":"Shop","item":"https:\/\/www.rimocc.com\/shop\/"},{"@type":"ListItem","position":3,"name":"Evans Cl\u00e9 Dynamom\u00e9trique 2"}]},{"@type":"WebSite","@id":"https:\/\/www.rimocc.com\/#website","url":"https:\/\/www.rimocc.com\/","name":"D\u00e9p\u00f4t Vente Batterie Percussion | Rimocc Lyon","description":"Rimocc: l&#039;unique magasin d\u00e9di\u00e9 enti\u00e8rement \u00e0 la batterie, percussion d&#039;occasion et vintage \u00e0 Lyon, France","publisher":{"@id":"https:\/\/www.rimocc.com\/#organization"},"alternateName":"Rimocc'","potentialAction":[{"@type":"SearchAction","target":{"@type":"EntryPoint","urlTemplate":"https:\/\/www.rimocc.com\/?s={search_term_string}"},"query-input":{"@type":"PropertyValueSpecification","valueRequired":true,"valueName":"search_term_string"}}],"inLanguage":"en-US"},{"@type":"Organization","@id":"https:\/\/www.rimocc.com\/#organization","name":"Rimocc'","alternateName":"Rimocc","url":"https:\/\/www.rimocc.com\/","logo":{"@type":"ImageObject","inLanguage":"en-US","@id":"https:\/\/www.rimocc.com\/#\/schema\/logo\/image\/","url":"https:\/\/i0.wp.com\/www.rimocc.com\/wp-content\/uploads\/2023\/07\/RIMOCC_LOGO.jpg?fit=459%2C114&ssl=1","contentUrl":"https:\/\/i0.wp.com\/www.rimocc.com\/wp-content\/uploads\/2023\/07\/RIMOCC_LOGO.jpg?fit=459%2C114&ssl=1","width":459,"height":114,"caption":"Rimocc'"},"image":{"@id":"https:\/\/www.rimocc.com\/#\/schema\/logo\/image\/"},"sameAs":["https:\/\/www.facebook.com\/rimocclyon\/?locale=fr_FR","https:\/\/www.instagram.com\/rimoccc\/?hl=fr","https:\/\/www.tiktok.com\/@rimocc","https:\/\/www.youtube.com\/@Rimocc"]}]}},"jetpack_publicize_connections":[],"jetpack_sharing_enabled":true,"_links":{"self":[{"href":"https:\/\/www.rimocc.com\/en\/wp-json\/wp\/v2\/product\/13787","targetHints":{"allow":["GET"]}}],"collection":[{"href":"https:\/\/www.rimocc.com\/en\/wp-json\/wp\/v2\/product"}],"about":[{"href":"https:\/\/www.rimocc.com\/en\/wp-json\/wp\/v2\/types\/product"}],"replies":[{"embeddable":true,"href":"https:\/\/www.rimocc.com\/en\/wp-json\/wp\/v2\/comments?post=13787"}],"wp:featuredmedia":[{"embeddable":true,"href":"https:\/\/www.rimocc.com\/en\/wp-json\/wp\/v2\/media\/13786"}],"wp:attachment":[{"href":"https:\/\/www.rimocc.com\/en\/wp-json\/wp\/v2\/media?parent=13787"}],"wp:term":[{"taxonomy":"product_brand","embeddable":true,"href":"https:\/\/www.rimocc.com\/en\/wp-json\/wp\/v2\/product_brand?post=13787"},{"taxonomy":"product_cat","embeddable":true,"href":"https:\/\/www.rimocc.com\/en\/wp-json\/wp\/v2\/product_cat?post=13787"},{"taxonomy":"product_tag","embeddable":true,"href":"https:\/\/www.rimocc.com\/en\/wp-json\/wp\/v2\/product_tag?post=13787"}],"curies":[{"name":"wp","href":"https:\/\/api.w.org\/{rel}","templated":true}]}}