{"id":13752,"date":"2024-12-27T18:20:38","date_gmt":"2024-12-27T17:20:38","guid":{"rendered":"https:\/\/www.rimocc.com\/?post_type=product&#038;p=13752"},"modified":"2024-12-31T15:38:55","modified_gmt":"2024-12-31T14:38:55","slug":"pearl-eliminator-p2000c-power-shifter-double-pedale-bag-cam-pack","status":"publish","type":"product","link":"https:\/\/www.rimocc.com\/en\/product\/pearl-eliminator-p2000c-power-shifter-double-pedale-bag-cam-pack\/","title":{"rendered":"Pearl Eliminator P2000C Power Shifter Double P\u00e9dale + bag + Cam pack"},"content":{"rendered":"<p>Tr\u00e8s bon \u00e9tat g\u00e9n\u00e9ral<br \/>\nPack complet<\/p>\n<p>Hardware D\u00e9p\u00f4t Vente Rimocc&rsquo; Lyon<\/p>","protected":false},"excerpt":{"rendered":"<p>Tr\u00e8s bon \u00e9tat g\u00e9n\u00e9ral Pack complet Hardware D\u00e9p\u00f4t Vente Rimocc&rsquo; Lyon<\/p>","protected":false},"featured_media":13748,"comment_status":"open","ping_status":"closed","template":"","meta":{"jetpack_publicize_message":"","jetpack_publicize_feature_enabled":true,"jetpack_social_post_already_shared":false,"jetpack_social_options":{"image_generator_settings":{"template":"highway","default_image_id":0,"font":"","enabled":false},"version":2}},"product_brand":[],"product_cat":[19],"product_tag":[41,548,333,43,538,124,628],"class_list":{"0":"post-13752","1":"product","2":"type-product","3":"status-publish","4":"has-post-thumbnail","6":"product_cat-pedales","7":"product_tag-batterie","8":"product_tag-depot-vente-lyon","9":"product_tag-double-pedale","10":"product_tag-drums","11":"product_tag-magasin-de-musique-lyon","12":"product_tag-pearl","13":"product_tag-pearl-eliminator-p2000c","15":"entry","16":"has-media","18":"first","19":"outofstock","20":"shipping-taxable","21":"purchasable","22":"product-type-simple","23":"has-product-nav","24":"col","25":"span_1_of_3","26":"owp-content-center","27":"owp-thumbs-layout-horizontal","28":"owp-btn-normal","29":"owp-tabs-layout-horizontal"},"yoast_head":"<!-- This site is optimized with the Yoast SEO plugin v27.6 - https:\/\/yoast.com\/product\/yoast-seo-wordpress\/ -->\n<title>Pearl Eliminator P2000C Power Shifter Double P\u00e9dale + bag + Cam pack - D\u00e9p\u00f4t Vente Batterie Percussion | Rimocc Lyon<\/title>\n<meta name=\"description\" content=\"PowerShifter Cam System: This unique system allows you to easily switch between four different cams (black, blue, white, and red) to adjust the pedal&#039;s feel and response. This lets you tailor the pedal to your playing style and the specific demands of different musical genres.\" \/>\n<meta name=\"robots\" content=\"index, follow, max-snippet:-1, max-image-preview:large, max-video-preview:-1\" \/>\n<link rel=\"canonical\" href=\"https:\/\/www.rimocc.com\/en\/product\/pearl-eliminator-p2000c-power-shifter-double-pedale-bag-cam-pack\/\" \/>\n<meta property=\"og:locale\" content=\"en_US\" \/>\n<meta property=\"og:type\" content=\"article\" \/>\n<meta property=\"og:title\" content=\"Pearl Eliminator P2000C Power Shifter Double P\u00e9dale + bag + Cam pack - D\u00e9p\u00f4t Vente Batterie Percussion | Rimocc Lyon\" \/>\n<meta property=\"og:description\" content=\"PowerShifter Cam System: This unique system allows you to easily switch between four different cams (black, blue, white, and red) to adjust the pedal&#039;s feel and response. This lets you tailor the pedal to your playing style and the specific demands of different musical genres.\" \/>\n<meta property=\"og:url\" content=\"https:\/\/www.rimocc.com\/en\/product\/pearl-eliminator-p2000c-power-shifter-double-pedale-bag-cam-pack\/\" \/>\n<meta property=\"og:site_name\" content=\"D\u00e9p\u00f4t Vente Batterie Percussion | Rimocc Lyon\" \/>\n<meta property=\"article:publisher\" content=\"https:\/\/www.facebook.com\/rimocclyon\/?locale=fr_FR\" \/>\n<meta property=\"article:modified_time\" content=\"2024-12-31T14:38:55+00:00\" \/>\n<meta property=\"og:image\" content=\"https:\/\/www.rimocc.com\/wp-content\/uploads\/2024\/12\/Pearl-Eliminator-P2000C-Power-Shifter-Double-Pedale-bag-Cam-pack-4.jpg\" \/>\n\t<meta property=\"og:image:width\" content=\"1920\" \/>\n\t<meta property=\"og:image:height\" content=\"1920\" \/>\n\t<meta property=\"og:image:type\" content=\"image\/jpeg\" \/>\n<meta name=\"twitter:card\" content=\"summary_large_image\" \/>\n<meta name=\"twitter:label1\" content=\"Est. reading time\" \/>\n\t<meta name=\"twitter:data1\" content=\"1 minute\" \/>\n<script type=\"application\/ld+json\" class=\"yoast-schema-graph\">{\"@context\":\"https:\\\/\\\/schema.org\",\"@graph\":[{\"@type\":\"WebPage\",\"@id\":\"https:\\\/\\\/www.rimocc.com\\\/product\\\/pearl-eliminator-p2000c-power-shifter-double-pedale-bag-cam-pack\\\/\",\"url\":\"https:\\\/\\\/www.rimocc.com\\\/product\\\/pearl-eliminator-p2000c-power-shifter-double-pedale-bag-cam-pack\\\/\",\"name\":\"Pearl Eliminator P2000C Power Shifter Double P\u00e9dale + bag + Cam pack - D\u00e9p\u00f4t Vente Batterie Percussion | Rimocc Lyon\",\"isPartOf\":{\"@id\":\"https:\\\/\\\/www.rimocc.com\\\/#website\"},\"primaryImageOfPage\":{\"@id\":\"https:\\\/\\\/www.rimocc.com\\\/product\\\/pearl-eliminator-p2000c-power-shifter-double-pedale-bag-cam-pack\\\/#primaryimage\"},\"image\":{\"@id\":\"https:\\\/\\\/www.rimocc.com\\\/product\\\/pearl-eliminator-p2000c-power-shifter-double-pedale-bag-cam-pack\\\/#primaryimage\"},\"thumbnailUrl\":\"https:\\\/\\\/www.rimocc.com\\\/wp-content\\\/uploads\\\/2024\\\/12\\\/Pearl-Eliminator-P2000C-Power-Shifter-Double-Pedale-bag-Cam-pack-4.jpg\",\"datePublished\":\"2024-12-27T17:20:38+00:00\",\"dateModified\":\"2024-12-31T14:38:55+00:00\",\"description\":\"PowerShifter Cam System: This unique system allows you to easily switch between four different cams (black, blue, white, and red) to adjust the pedal's feel and response. This lets you tailor the pedal to your playing style and the specific demands of different musical genres.\",\"breadcrumb\":{\"@id\":\"https:\\\/\\\/www.rimocc.com\\\/product\\\/pearl-eliminator-p2000c-power-shifter-double-pedale-bag-cam-pack\\\/#breadcrumb\"},\"inLanguage\":\"en-US\",\"potentialAction\":[{\"@type\":\"ReadAction\",\"target\":[\"https:\\\/\\\/www.rimocc.com\\\/product\\\/pearl-eliminator-p2000c-power-shifter-double-pedale-bag-cam-pack\\\/\"]}]},{\"@type\":\"ImageObject\",\"inLanguage\":\"en-US\",\"@id\":\"https:\\\/\\\/www.rimocc.com\\\/product\\\/pearl-eliminator-p2000c-power-shifter-double-pedale-bag-cam-pack\\\/#primaryimage\",\"url\":\"https:\\\/\\\/www.rimocc.com\\\/wp-content\\\/uploads\\\/2024\\\/12\\\/Pearl-Eliminator-P2000C-Power-Shifter-Double-Pedale-bag-Cam-pack-4.jpg\",\"contentUrl\":\"https:\\\/\\\/www.rimocc.com\\\/wp-content\\\/uploads\\\/2024\\\/12\\\/Pearl-Eliminator-P2000C-Power-Shifter-Double-Pedale-bag-Cam-pack-4.jpg\",\"width\":1920,\"height\":1920},{\"@type\":\"BreadcrumbList\",\"@id\":\"https:\\\/\\\/www.rimocc.com\\\/product\\\/pearl-eliminator-p2000c-power-shifter-double-pedale-bag-cam-pack\\\/#breadcrumb\",\"itemListElement\":[{\"@type\":\"ListItem\",\"position\":1,\"name\":\"Home\",\"item\":\"https:\\\/\\\/www.rimocc.com\\\/\"},{\"@type\":\"ListItem\",\"position\":2,\"name\":\"Shop\",\"item\":\"https:\\\/\\\/www.rimocc.com\\\/shop\\\/\"},{\"@type\":\"ListItem\",\"position\":3,\"name\":\"Pearl Eliminator P2000C Power Shifter Double P\u00e9dale + bag + Cam pack\"}]},{\"@type\":\"WebSite\",\"@id\":\"https:\\\/\\\/www.rimocc.com\\\/#website\",\"url\":\"https:\\\/\\\/www.rimocc.com\\\/\",\"name\":\"D\u00e9p\u00f4t Vente Batterie Percussion | Rimocc Lyon\",\"description\":\"Rimocc: l&#039;unique magasin d\u00e9di\u00e9 enti\u00e8rement \u00e0 la batterie, percussion d&#039;occasion et vintage \u00e0 Lyon, France\",\"publisher\":{\"@id\":\"https:\\\/\\\/www.rimocc.com\\\/#organization\"},\"alternateName\":\"Rimocc'\",\"potentialAction\":[{\"@type\":\"SearchAction\",\"target\":{\"@type\":\"EntryPoint\",\"urlTemplate\":\"https:\\\/\\\/www.rimocc.com\\\/?s={search_term_string}\"},\"query-input\":{\"@type\":\"PropertyValueSpecification\",\"valueRequired\":true,\"valueName\":\"search_term_string\"}}],\"inLanguage\":\"en-US\"},{\"@type\":\"Organization\",\"@id\":\"https:\\\/\\\/www.rimocc.com\\\/#organization\",\"name\":\"Rimocc'\",\"alternateName\":\"Rimocc\",\"url\":\"https:\\\/\\\/www.rimocc.com\\\/\",\"logo\":{\"@type\":\"ImageObject\",\"inLanguage\":\"en-US\",\"@id\":\"https:\\\/\\\/www.rimocc.com\\\/#\\\/schema\\\/logo\\\/image\\\/\",\"url\":\"https:\\\/\\\/i0.wp.com\\\/www.rimocc.com\\\/wp-content\\\/uploads\\\/2023\\\/07\\\/RIMOCC_LOGO.jpg?fit=459%2C114&ssl=1\",\"contentUrl\":\"https:\\\/\\\/i0.wp.com\\\/www.rimocc.com\\\/wp-content\\\/uploads\\\/2023\\\/07\\\/RIMOCC_LOGO.jpg?fit=459%2C114&ssl=1\",\"width\":459,\"height\":114,\"caption\":\"Rimocc'\"},\"image\":{\"@id\":\"https:\\\/\\\/www.rimocc.com\\\/#\\\/schema\\\/logo\\\/image\\\/\"},\"sameAs\":[\"https:\\\/\\\/www.facebook.com\\\/rimocclyon\\\/?locale=fr_FR\",\"https:\\\/\\\/www.instagram.com\\\/rimoccc\\\/?hl=fr\",\"https:\\\/\\\/www.tiktok.com\\\/@rimocc\",\"https:\\\/\\\/www.youtube.com\\\/@Rimocc\"]}]}<\/script>\n<!-- \/ Yoast SEO plugin. -->","yoast_head_json":{"title":"Pearl Eliminator P2000C Power Shifter Double P\u00e9dale + bag + Cam pack - D\u00e9p\u00f4t Vente Batterie Percussion | Rimocc Lyon","description":"PowerShifter Cam System: This unique system allows you to easily switch between four different cams (black, blue, white, and red) to adjust the pedal's feel and response. This lets you tailor the pedal to your playing style and the specific demands of different musical genres.","robots":{"index":"index","follow":"follow","max-snippet":"max-snippet:-1","max-image-preview":"max-image-preview:large","max-video-preview":"max-video-preview:-1"},"canonical":"https:\/\/www.rimocc.com\/en\/product\/pearl-eliminator-p2000c-power-shifter-double-pedale-bag-cam-pack\/","og_locale":"en_US","og_type":"article","og_title":"Pearl Eliminator P2000C Power Shifter Double P\u00e9dale + bag + Cam pack - D\u00e9p\u00f4t Vente Batterie Percussion | Rimocc Lyon","og_description":"PowerShifter Cam System: This unique system allows you to easily switch between four different cams (black, blue, white, and red) to adjust the pedal's feel and response. This lets you tailor the pedal to your playing style and the specific demands of different musical genres.","og_url":"https:\/\/www.rimocc.com\/en\/product\/pearl-eliminator-p2000c-power-shifter-double-pedale-bag-cam-pack\/","og_site_name":"D\u00e9p\u00f4t Vente Batterie Percussion | Rimocc Lyon","article_publisher":"https:\/\/www.facebook.com\/rimocclyon\/?locale=fr_FR","article_modified_time":"2024-12-31T14:38:55+00:00","og_image":[{"width":1920,"height":1920,"url":"https:\/\/www.rimocc.com\/wp-content\/uploads\/2024\/12\/Pearl-Eliminator-P2000C-Power-Shifter-Double-Pedale-bag-Cam-pack-4.jpg","type":"image\/jpeg"}],"twitter_card":"summary_large_image","twitter_misc":{"Est. reading time":"1 minute"},"schema":{"@context":"https:\/\/schema.org","@graph":[{"@type":"WebPage","@id":"https:\/\/www.rimocc.com\/product\/pearl-eliminator-p2000c-power-shifter-double-pedale-bag-cam-pack\/","url":"https:\/\/www.rimocc.com\/product\/pearl-eliminator-p2000c-power-shifter-double-pedale-bag-cam-pack\/","name":"Pearl Eliminator P2000C Power Shifter Double P\u00e9dale + bag + Cam pack - D\u00e9p\u00f4t Vente Batterie Percussion | Rimocc Lyon","isPartOf":{"@id":"https:\/\/www.rimocc.com\/#website"},"primaryImageOfPage":{"@id":"https:\/\/www.rimocc.com\/product\/pearl-eliminator-p2000c-power-shifter-double-pedale-bag-cam-pack\/#primaryimage"},"image":{"@id":"https:\/\/www.rimocc.com\/product\/pearl-eliminator-p2000c-power-shifter-double-pedale-bag-cam-pack\/#primaryimage"},"thumbnailUrl":"https:\/\/www.rimocc.com\/wp-content\/uploads\/2024\/12\/Pearl-Eliminator-P2000C-Power-Shifter-Double-Pedale-bag-Cam-pack-4.jpg","datePublished":"2024-12-27T17:20:38+00:00","dateModified":"2024-12-31T14:38:55+00:00","description":"PowerShifter Cam System: This unique system allows you to easily switch between four different cams (black, blue, white, and red) to adjust the pedal's feel and response. This lets you tailor the pedal to your playing style and the specific demands of different musical genres.","breadcrumb":{"@id":"https:\/\/www.rimocc.com\/product\/pearl-eliminator-p2000c-power-shifter-double-pedale-bag-cam-pack\/#breadcrumb"},"inLanguage":"en-US","potentialAction":[{"@type":"ReadAction","target":["https:\/\/www.rimocc.com\/product\/pearl-eliminator-p2000c-power-shifter-double-pedale-bag-cam-pack\/"]}]},{"@type":"ImageObject","inLanguage":"en-US","@id":"https:\/\/www.rimocc.com\/product\/pearl-eliminator-p2000c-power-shifter-double-pedale-bag-cam-pack\/#primaryimage","url":"https:\/\/www.rimocc.com\/wp-content\/uploads\/2024\/12\/Pearl-Eliminator-P2000C-Power-Shifter-Double-Pedale-bag-Cam-pack-4.jpg","contentUrl":"https:\/\/www.rimocc.com\/wp-content\/uploads\/2024\/12\/Pearl-Eliminator-P2000C-Power-Shifter-Double-Pedale-bag-Cam-pack-4.jpg","width":1920,"height":1920},{"@type":"BreadcrumbList","@id":"https:\/\/www.rimocc.com\/product\/pearl-eliminator-p2000c-power-shifter-double-pedale-bag-cam-pack\/#breadcrumb","itemListElement":[{"@type":"ListItem","position":1,"name":"Home","item":"https:\/\/www.rimocc.com\/"},{"@type":"ListItem","position":2,"name":"Shop","item":"https:\/\/www.rimocc.com\/shop\/"},{"@type":"ListItem","position":3,"name":"Pearl Eliminator P2000C Power Shifter Double P\u00e9dale + bag + Cam pack"}]},{"@type":"WebSite","@id":"https:\/\/www.rimocc.com\/#website","url":"https:\/\/www.rimocc.com\/","name":"D\u00e9p\u00f4t Vente Batterie Percussion | Rimocc Lyon","description":"Rimocc: l&#039;unique magasin d\u00e9di\u00e9 enti\u00e8rement \u00e0 la batterie, percussion d&#039;occasion et vintage \u00e0 Lyon, France","publisher":{"@id":"https:\/\/www.rimocc.com\/#organization"},"alternateName":"Rimocc'","potentialAction":[{"@type":"SearchAction","target":{"@type":"EntryPoint","urlTemplate":"https:\/\/www.rimocc.com\/?s={search_term_string}"},"query-input":{"@type":"PropertyValueSpecification","valueRequired":true,"valueName":"search_term_string"}}],"inLanguage":"en-US"},{"@type":"Organization","@id":"https:\/\/www.rimocc.com\/#organization","name":"Rimocc'","alternateName":"Rimocc","url":"https:\/\/www.rimocc.com\/","logo":{"@type":"ImageObject","inLanguage":"en-US","@id":"https:\/\/www.rimocc.com\/#\/schema\/logo\/image\/","url":"https:\/\/i0.wp.com\/www.rimocc.com\/wp-content\/uploads\/2023\/07\/RIMOCC_LOGO.jpg?fit=459%2C114&ssl=1","contentUrl":"https:\/\/i0.wp.com\/www.rimocc.com\/wp-content\/uploads\/2023\/07\/RIMOCC_LOGO.jpg?fit=459%2C114&ssl=1","width":459,"height":114,"caption":"Rimocc'"},"image":{"@id":"https:\/\/www.rimocc.com\/#\/schema\/logo\/image\/"},"sameAs":["https:\/\/www.facebook.com\/rimocclyon\/?locale=fr_FR","https:\/\/www.instagram.com\/rimoccc\/?hl=fr","https:\/\/www.tiktok.com\/@rimocc","https:\/\/www.youtube.com\/@Rimocc"]}]}},"jetpack_publicize_connections":[],"jetpack_sharing_enabled":true,"_links":{"self":[{"href":"https:\/\/www.rimocc.com\/en\/wp-json\/wp\/v2\/product\/13752","targetHints":{"allow":["GET"]}}],"collection":[{"href":"https:\/\/www.rimocc.com\/en\/wp-json\/wp\/v2\/product"}],"about":[{"href":"https:\/\/www.rimocc.com\/en\/wp-json\/wp\/v2\/types\/product"}],"replies":[{"embeddable":true,"href":"https:\/\/www.rimocc.com\/en\/wp-json\/wp\/v2\/comments?post=13752"}],"wp:featuredmedia":[{"embeddable":true,"href":"https:\/\/www.rimocc.com\/en\/wp-json\/wp\/v2\/media\/13748"}],"wp:attachment":[{"href":"https:\/\/www.rimocc.com\/en\/wp-json\/wp\/v2\/media?parent=13752"}],"wp:term":[{"taxonomy":"product_brand","embeddable":true,"href":"https:\/\/www.rimocc.com\/en\/wp-json\/wp\/v2\/product_brand?post=13752"},{"taxonomy":"product_cat","embeddable":true,"href":"https:\/\/www.rimocc.com\/en\/wp-json\/wp\/v2\/product_cat?post=13752"},{"taxonomy":"product_tag","embeddable":true,"href":"https:\/\/www.rimocc.com\/en\/wp-json\/wp\/v2\/product_tag?post=13752"}],"curies":[{"name":"wp","href":"https:\/\/api.w.org\/{rel}","templated":true}]}}