{"id":13695,"date":"2024-12-18T12:45:55","date_gmt":"2024-12-18T11:45:55","guid":{"rendered":"https:\/\/www.rimocc.com\/?post_type=product&#038;p=13695"},"modified":"2025-01-11T17:46:40","modified_gmt":"2025-01-11T16:46:40","slug":"natal-pedale-grosse-caisse-pro-series","status":"publish","type":"product","link":"https:\/\/www.rimocc.com\/en\/product\/natal-pedale-grosse-caisse-pro-series\/","title":{"rendered":"Natal P\u00e9dale Grosse Caisse Pro Series"},"content":{"rendered":"<p>Tr\u00e8s bon \u00e9tat g\u00e9n\u00e9ral<\/p>\n<p>P\u00e9dale Grosse Caisse D\u00e9p\u00f4t Vente Rimocc&rsquo; Lyon<\/p>","protected":false},"excerpt":{"rendered":"<p>Tr\u00e8s bon \u00e9tat g\u00e9n\u00e9ral P\u00e9dale Grosse Caisse D\u00e9p\u00f4t Vente Rimocc&rsquo; Lyon<\/p>","protected":false},"featured_media":13694,"comment_status":"open","ping_status":"closed","template":"","meta":{"jetpack_publicize_message":"","jetpack_publicize_feature_enabled":true,"jetpack_social_post_already_shared":false,"jetpack_social_options":{"image_generator_settings":{"template":"highway","default_image_id":0,"font":"","enabled":false},"version":2}},"product_brand":[],"product_cat":[19],"product_tag":[548,538,626,109],"class_list":{"0":"post-13695","1":"product","2":"type-product","3":"status-publish","4":"has-post-thumbnail","6":"product_cat-pedales","7":"product_tag-depot-vente-lyon","8":"product_tag-magasin-de-musique-lyon","9":"product_tag-natal-drums","10":"product_tag-pedale-grosse-caisse","12":"entry","13":"has-media","15":"first","16":"outofstock","17":"shipping-taxable","18":"purchasable","19":"product-type-simple","20":"has-product-nav","21":"col","22":"span_1_of_3","23":"owp-content-center","24":"owp-thumbs-layout-horizontal","25":"owp-btn-normal","26":"owp-tabs-layout-horizontal"},"yoast_head":"<!-- This site is optimized with the Yoast SEO plugin v27.6 - https:\/\/yoast.com\/product\/yoast-seo-wordpress\/ -->\n<title>Natal P\u00e9dale Grosse Caisse Pro Series - D\u00e9p\u00f4t Vente Batterie Percussion | Rimocc Lyon<\/title>\n<meta name=\"description\" content=\"La Natal Pro Series est un excellent choix pour les batteurs interm\u00e9diaires et avanc\u00e9s qui cherchent \u00e0 am\u00e9liorer leur technique et leur son. Elle convient \u00e9galement aux professionnels qui ont besoin d&#039;une p\u00e9dale fiable et performante.\" \/>\n<meta name=\"robots\" content=\"index, follow, max-snippet:-1, max-image-preview:large, max-video-preview:-1\" \/>\n<link rel=\"canonical\" href=\"https:\/\/www.rimocc.com\/en\/product\/natal-pedale-grosse-caisse-pro-series\/\" \/>\n<meta property=\"og:locale\" content=\"en_US\" \/>\n<meta property=\"og:type\" content=\"article\" \/>\n<meta property=\"og:title\" content=\"Natal P\u00e9dale Grosse Caisse Pro Series - D\u00e9p\u00f4t Vente Batterie Percussion | Rimocc Lyon\" \/>\n<meta property=\"og:description\" content=\"La Natal Pro Series est un excellent choix pour les batteurs interm\u00e9diaires et avanc\u00e9s qui cherchent \u00e0 am\u00e9liorer leur technique et leur son. Elle convient \u00e9galement aux professionnels qui ont besoin d&#039;une p\u00e9dale fiable et performante.\" \/>\n<meta property=\"og:url\" content=\"https:\/\/www.rimocc.com\/en\/product\/natal-pedale-grosse-caisse-pro-series\/\" \/>\n<meta property=\"og:site_name\" content=\"D\u00e9p\u00f4t Vente Batterie Percussion | Rimocc Lyon\" \/>\n<meta property=\"article:publisher\" content=\"https:\/\/www.facebook.com\/rimocclyon\/?locale=fr_FR\" \/>\n<meta property=\"article:modified_time\" content=\"2025-01-11T16:46:40+00:00\" \/>\n<meta property=\"og:image\" content=\"https:\/\/www.rimocc.com\/wp-content\/uploads\/2024\/12\/Natal-Pedale-Grosse-Caisse-Pro-Series-1-1024x1024.jpg\" \/>\n\t<meta property=\"og:image:width\" content=\"1024\" \/>\n\t<meta property=\"og:image:height\" content=\"1024\" \/>\n\t<meta property=\"og:image:type\" content=\"image\/jpeg\" \/>\n<meta name=\"twitter:card\" content=\"summary_large_image\" \/>\n<meta name=\"twitter:label1\" content=\"Est. reading time\" \/>\n\t<meta name=\"twitter:data1\" content=\"1 minute\" \/>\n<script type=\"application\/ld+json\" class=\"yoast-schema-graph\">{\"@context\":\"https:\\\/\\\/schema.org\",\"@graph\":[{\"@type\":\"WebPage\",\"@id\":\"https:\\\/\\\/www.rimocc.com\\\/product\\\/natal-pedale-grosse-caisse-pro-series\\\/\",\"url\":\"https:\\\/\\\/www.rimocc.com\\\/product\\\/natal-pedale-grosse-caisse-pro-series\\\/\",\"name\":\"Natal P\u00e9dale Grosse Caisse Pro Series - D\u00e9p\u00f4t Vente Batterie Percussion | Rimocc Lyon\",\"isPartOf\":{\"@id\":\"https:\\\/\\\/www.rimocc.com\\\/#website\"},\"primaryImageOfPage\":{\"@id\":\"https:\\\/\\\/www.rimocc.com\\\/product\\\/natal-pedale-grosse-caisse-pro-series\\\/#primaryimage\"},\"image\":{\"@id\":\"https:\\\/\\\/www.rimocc.com\\\/product\\\/natal-pedale-grosse-caisse-pro-series\\\/#primaryimage\"},\"thumbnailUrl\":\"https:\\\/\\\/www.rimocc.com\\\/wp-content\\\/uploads\\\/2024\\\/12\\\/Natal-Pedale-Grosse-Caisse-Pro-Series-1.jpg\",\"datePublished\":\"2024-12-18T11:45:55+00:00\",\"dateModified\":\"2025-01-11T16:46:40+00:00\",\"description\":\"La Natal Pro Series est un excellent choix pour les batteurs interm\u00e9diaires et avanc\u00e9s qui cherchent \u00e0 am\u00e9liorer leur technique et leur son. Elle convient \u00e9galement aux professionnels qui ont besoin d'une p\u00e9dale fiable et performante.\",\"breadcrumb\":{\"@id\":\"https:\\\/\\\/www.rimocc.com\\\/product\\\/natal-pedale-grosse-caisse-pro-series\\\/#breadcrumb\"},\"inLanguage\":\"en-US\",\"potentialAction\":[{\"@type\":\"ReadAction\",\"target\":[\"https:\\\/\\\/www.rimocc.com\\\/product\\\/natal-pedale-grosse-caisse-pro-series\\\/\"]}]},{\"@type\":\"ImageObject\",\"inLanguage\":\"en-US\",\"@id\":\"https:\\\/\\\/www.rimocc.com\\\/product\\\/natal-pedale-grosse-caisse-pro-series\\\/#primaryimage\",\"url\":\"https:\\\/\\\/www.rimocc.com\\\/wp-content\\\/uploads\\\/2024\\\/12\\\/Natal-Pedale-Grosse-Caisse-Pro-Series-1.jpg\",\"contentUrl\":\"https:\\\/\\\/www.rimocc.com\\\/wp-content\\\/uploads\\\/2024\\\/12\\\/Natal-Pedale-Grosse-Caisse-Pro-Series-1.jpg\",\"width\":1920,\"height\":1920,\"caption\":\"Natal P\u00e9dale Grosse Caisse Pro Series\"},{\"@type\":\"BreadcrumbList\",\"@id\":\"https:\\\/\\\/www.rimocc.com\\\/product\\\/natal-pedale-grosse-caisse-pro-series\\\/#breadcrumb\",\"itemListElement\":[{\"@type\":\"ListItem\",\"position\":1,\"name\":\"Home\",\"item\":\"https:\\\/\\\/www.rimocc.com\\\/\"},{\"@type\":\"ListItem\",\"position\":2,\"name\":\"Shop\",\"item\":\"https:\\\/\\\/www.rimocc.com\\\/shop\\\/\"},{\"@type\":\"ListItem\",\"position\":3,\"name\":\"Natal P\u00e9dale Grosse Caisse Pro Series\"}]},{\"@type\":\"WebSite\",\"@id\":\"https:\\\/\\\/www.rimocc.com\\\/#website\",\"url\":\"https:\\\/\\\/www.rimocc.com\\\/\",\"name\":\"D\u00e9p\u00f4t Vente Batterie Percussion | Rimocc Lyon\",\"description\":\"Rimocc: l&#039;unique magasin d\u00e9di\u00e9 enti\u00e8rement \u00e0 la batterie, percussion d&#039;occasion et vintage \u00e0 Lyon, France\",\"publisher\":{\"@id\":\"https:\\\/\\\/www.rimocc.com\\\/#organization\"},\"alternateName\":\"Rimocc'\",\"potentialAction\":[{\"@type\":\"SearchAction\",\"target\":{\"@type\":\"EntryPoint\",\"urlTemplate\":\"https:\\\/\\\/www.rimocc.com\\\/?s={search_term_string}\"},\"query-input\":{\"@type\":\"PropertyValueSpecification\",\"valueRequired\":true,\"valueName\":\"search_term_string\"}}],\"inLanguage\":\"en-US\"},{\"@type\":\"Organization\",\"@id\":\"https:\\\/\\\/www.rimocc.com\\\/#organization\",\"name\":\"Rimocc'\",\"alternateName\":\"Rimocc\",\"url\":\"https:\\\/\\\/www.rimocc.com\\\/\",\"logo\":{\"@type\":\"ImageObject\",\"inLanguage\":\"en-US\",\"@id\":\"https:\\\/\\\/www.rimocc.com\\\/#\\\/schema\\\/logo\\\/image\\\/\",\"url\":\"https:\\\/\\\/i0.wp.com\\\/www.rimocc.com\\\/wp-content\\\/uploads\\\/2023\\\/07\\\/RIMOCC_LOGO.jpg?fit=459%2C114&ssl=1\",\"contentUrl\":\"https:\\\/\\\/i0.wp.com\\\/www.rimocc.com\\\/wp-content\\\/uploads\\\/2023\\\/07\\\/RIMOCC_LOGO.jpg?fit=459%2C114&ssl=1\",\"width\":459,\"height\":114,\"caption\":\"Rimocc'\"},\"image\":{\"@id\":\"https:\\\/\\\/www.rimocc.com\\\/#\\\/schema\\\/logo\\\/image\\\/\"},\"sameAs\":[\"https:\\\/\\\/www.facebook.com\\\/rimocclyon\\\/?locale=fr_FR\",\"https:\\\/\\\/www.instagram.com\\\/rimoccc\\\/?hl=fr\",\"https:\\\/\\\/www.tiktok.com\\\/@rimocc\",\"https:\\\/\\\/www.youtube.com\\\/@Rimocc\"]}]}<\/script>\n<!-- \/ Yoast SEO plugin. -->","yoast_head_json":{"title":"Natal P\u00e9dale Grosse Caisse Pro Series - D\u00e9p\u00f4t Vente Batterie Percussion | Rimocc Lyon","description":"La Natal Pro Series est un excellent choix pour les batteurs interm\u00e9diaires et avanc\u00e9s qui cherchent \u00e0 am\u00e9liorer leur technique et leur son. Elle convient \u00e9galement aux professionnels qui ont besoin d'une p\u00e9dale fiable et performante.","robots":{"index":"index","follow":"follow","max-snippet":"max-snippet:-1","max-image-preview":"max-image-preview:large","max-video-preview":"max-video-preview:-1"},"canonical":"https:\/\/www.rimocc.com\/en\/product\/natal-pedale-grosse-caisse-pro-series\/","og_locale":"en_US","og_type":"article","og_title":"Natal P\u00e9dale Grosse Caisse Pro Series - D\u00e9p\u00f4t Vente Batterie Percussion | Rimocc Lyon","og_description":"La Natal Pro Series est un excellent choix pour les batteurs interm\u00e9diaires et avanc\u00e9s qui cherchent \u00e0 am\u00e9liorer leur technique et leur son. Elle convient \u00e9galement aux professionnels qui ont besoin d'une p\u00e9dale fiable et performante.","og_url":"https:\/\/www.rimocc.com\/en\/product\/natal-pedale-grosse-caisse-pro-series\/","og_site_name":"D\u00e9p\u00f4t Vente Batterie Percussion | Rimocc Lyon","article_publisher":"https:\/\/www.facebook.com\/rimocclyon\/?locale=fr_FR","article_modified_time":"2025-01-11T16:46:40+00:00","og_image":[{"width":1024,"height":1024,"url":"https:\/\/www.rimocc.com\/wp-content\/uploads\/2024\/12\/Natal-Pedale-Grosse-Caisse-Pro-Series-1-1024x1024.jpg","type":"image\/jpeg"}],"twitter_card":"summary_large_image","twitter_misc":{"Est. reading time":"1 minute"},"schema":{"@context":"https:\/\/schema.org","@graph":[{"@type":"WebPage","@id":"https:\/\/www.rimocc.com\/product\/natal-pedale-grosse-caisse-pro-series\/","url":"https:\/\/www.rimocc.com\/product\/natal-pedale-grosse-caisse-pro-series\/","name":"Natal P\u00e9dale Grosse Caisse Pro Series - D\u00e9p\u00f4t Vente Batterie Percussion | Rimocc Lyon","isPartOf":{"@id":"https:\/\/www.rimocc.com\/#website"},"primaryImageOfPage":{"@id":"https:\/\/www.rimocc.com\/product\/natal-pedale-grosse-caisse-pro-series\/#primaryimage"},"image":{"@id":"https:\/\/www.rimocc.com\/product\/natal-pedale-grosse-caisse-pro-series\/#primaryimage"},"thumbnailUrl":"https:\/\/www.rimocc.com\/wp-content\/uploads\/2024\/12\/Natal-Pedale-Grosse-Caisse-Pro-Series-1.jpg","datePublished":"2024-12-18T11:45:55+00:00","dateModified":"2025-01-11T16:46:40+00:00","description":"La Natal Pro Series est un excellent choix pour les batteurs interm\u00e9diaires et avanc\u00e9s qui cherchent \u00e0 am\u00e9liorer leur technique et leur son. Elle convient \u00e9galement aux professionnels qui ont besoin d'une p\u00e9dale fiable et performante.","breadcrumb":{"@id":"https:\/\/www.rimocc.com\/product\/natal-pedale-grosse-caisse-pro-series\/#breadcrumb"},"inLanguage":"en-US","potentialAction":[{"@type":"ReadAction","target":["https:\/\/www.rimocc.com\/product\/natal-pedale-grosse-caisse-pro-series\/"]}]},{"@type":"ImageObject","inLanguage":"en-US","@id":"https:\/\/www.rimocc.com\/product\/natal-pedale-grosse-caisse-pro-series\/#primaryimage","url":"https:\/\/www.rimocc.com\/wp-content\/uploads\/2024\/12\/Natal-Pedale-Grosse-Caisse-Pro-Series-1.jpg","contentUrl":"https:\/\/www.rimocc.com\/wp-content\/uploads\/2024\/12\/Natal-Pedale-Grosse-Caisse-Pro-Series-1.jpg","width":1920,"height":1920,"caption":"Natal P\u00e9dale Grosse Caisse Pro Series"},{"@type":"BreadcrumbList","@id":"https:\/\/www.rimocc.com\/product\/natal-pedale-grosse-caisse-pro-series\/#breadcrumb","itemListElement":[{"@type":"ListItem","position":1,"name":"Home","item":"https:\/\/www.rimocc.com\/"},{"@type":"ListItem","position":2,"name":"Shop","item":"https:\/\/www.rimocc.com\/shop\/"},{"@type":"ListItem","position":3,"name":"Natal P\u00e9dale Grosse Caisse Pro Series"}]},{"@type":"WebSite","@id":"https:\/\/www.rimocc.com\/#website","url":"https:\/\/www.rimocc.com\/","name":"D\u00e9p\u00f4t Vente Batterie Percussion | Rimocc Lyon","description":"Rimocc: l&#039;unique magasin d\u00e9di\u00e9 enti\u00e8rement \u00e0 la batterie, percussion d&#039;occasion et vintage \u00e0 Lyon, France","publisher":{"@id":"https:\/\/www.rimocc.com\/#organization"},"alternateName":"Rimocc'","potentialAction":[{"@type":"SearchAction","target":{"@type":"EntryPoint","urlTemplate":"https:\/\/www.rimocc.com\/?s={search_term_string}"},"query-input":{"@type":"PropertyValueSpecification","valueRequired":true,"valueName":"search_term_string"}}],"inLanguage":"en-US"},{"@type":"Organization","@id":"https:\/\/www.rimocc.com\/#organization","name":"Rimocc'","alternateName":"Rimocc","url":"https:\/\/www.rimocc.com\/","logo":{"@type":"ImageObject","inLanguage":"en-US","@id":"https:\/\/www.rimocc.com\/#\/schema\/logo\/image\/","url":"https:\/\/i0.wp.com\/www.rimocc.com\/wp-content\/uploads\/2023\/07\/RIMOCC_LOGO.jpg?fit=459%2C114&ssl=1","contentUrl":"https:\/\/i0.wp.com\/www.rimocc.com\/wp-content\/uploads\/2023\/07\/RIMOCC_LOGO.jpg?fit=459%2C114&ssl=1","width":459,"height":114,"caption":"Rimocc'"},"image":{"@id":"https:\/\/www.rimocc.com\/#\/schema\/logo\/image\/"},"sameAs":["https:\/\/www.facebook.com\/rimocclyon\/?locale=fr_FR","https:\/\/www.instagram.com\/rimoccc\/?hl=fr","https:\/\/www.tiktok.com\/@rimocc","https:\/\/www.youtube.com\/@Rimocc"]}]}},"jetpack_publicize_connections":[],"jetpack_sharing_enabled":true,"_links":{"self":[{"href":"https:\/\/www.rimocc.com\/en\/wp-json\/wp\/v2\/product\/13695","targetHints":{"allow":["GET"]}}],"collection":[{"href":"https:\/\/www.rimocc.com\/en\/wp-json\/wp\/v2\/product"}],"about":[{"href":"https:\/\/www.rimocc.com\/en\/wp-json\/wp\/v2\/types\/product"}],"replies":[{"embeddable":true,"href":"https:\/\/www.rimocc.com\/en\/wp-json\/wp\/v2\/comments?post=13695"}],"wp:featuredmedia":[{"embeddable":true,"href":"https:\/\/www.rimocc.com\/en\/wp-json\/wp\/v2\/media\/13694"}],"wp:attachment":[{"href":"https:\/\/www.rimocc.com\/en\/wp-json\/wp\/v2\/media?parent=13695"}],"wp:term":[{"taxonomy":"product_brand","embeddable":true,"href":"https:\/\/www.rimocc.com\/en\/wp-json\/wp\/v2\/product_brand?post=13695"},{"taxonomy":"product_cat","embeddable":true,"href":"https:\/\/www.rimocc.com\/en\/wp-json\/wp\/v2\/product_cat?post=13695"},{"taxonomy":"product_tag","embeddable":true,"href":"https:\/\/www.rimocc.com\/en\/wp-json\/wp\/v2\/product_tag?post=13695"}],"curies":[{"name":"wp","href":"https:\/\/api.w.org\/{rel}","templated":true}]}}