{"id":13628,"date":"2024-12-11T14:57:08","date_gmt":"2024-12-11T13:57:08","guid":{"rendered":"https:\/\/www.rimocc.com\/?post_type=product&#038;p=13628"},"modified":"2025-05-16T11:28:13","modified_gmt":"2025-05-16T09:28:13","slug":"beat-root-tongue-drum-tribal-pentatonic","status":"publish","type":"product","link":"https:\/\/www.rimocc.com\/en\/product\/beat-root-tongue-drum-tribal-pentatonic\/","title":{"rendered":"Beat Root Tongue Drum (Tribal pentatonic)"},"content":{"rendered":"<p>Tr\u00e8s bon \u00e9tat g\u00e9n\u00e9ral\u00a0 12&Prime;<br \/>\nGamme Tribal Pentatonic Sol. Si. Re. Mi. Sol. La. Si. R\u00e9.<br \/>\nPour des performances en live ou en studio, un syst\u00e8me d&rsquo;amplification comprenant un micro piezo et une sortie jack 6,35 mm permet de connecter le Beat Root \u00e0 un ampli, une carte son ou d&rsquo;autres accessoires pour ajouter des effets ou faciliter son enregistrement.<br \/>\nMade in France<\/p>\n<p>Percussions D\u00e9p\u00f4t Vente Rimocc&rsquo; Lyon<\/p>","protected":false},"excerpt":{"rendered":"<p>Tr\u00e8s bon \u00e9tat g\u00e9n\u00e9ral\u00a0 12&Prime; Gamme Tribal Pentatonic Sol. Si. Re. Mi. Sol. La. Si. R\u00e9. Pour des performances en live ou en studio, un syst\u00e8me d&rsquo;amplification comprenant un micro piezo et une sortie jack 6,35 mm permet de connecter le Beat Root \u00e0 un ampli, une carte son ou d&rsquo;autres accessoires pour ajouter des [&hellip;]<\/p>\n","protected":false},"featured_media":13627,"comment_status":"open","ping_status":"closed","template":"","meta":{"jetpack_publicize_message":"","jetpack_publicize_feature_enabled":true,"jetpack_social_post_already_shared":false,"jetpack_social_options":{"image_generator_settings":{"template":"highway","default_image_id":0,"font":"","enabled":false},"version":2}},"product_brand":[],"product_cat":[16],"product_tag":[622,548,538,110,623],"class_list":{"0":"post-13628","1":"product","2":"type-product","3":"status-publish","4":"has-post-thumbnail","6":"product_cat-percussions","7":"product_tag-beat-root","8":"product_tag-depot-vente-lyon","9":"product_tag-magasin-de-musique-lyon","10":"product_tag-percussions","11":"product_tag-tongue-drum","13":"entry","14":"has-media","16":"first","17":"outofstock","18":"shipping-taxable","19":"purchasable","20":"product-type-simple","21":"has-product-nav","22":"col","23":"span_1_of_3","24":"owp-content-center","25":"owp-thumbs-layout-horizontal","26":"owp-btn-normal","27":"owp-tabs-layout-horizontal"},"yoast_head":"<!-- This site is optimized with the Yoast SEO plugin v27.4 - https:\/\/yoast.com\/product\/yoast-seo-wordpress\/ -->\n<title>Beat Root Tongue Drum (Tribal pentatonic) - D\u00e9p\u00f4t Vente Batterie Percussion | Rimocc Lyon<\/title>\n<meta name=\"description\" content=\"The Beat Root Tongue Drum in the Tribal pentatonic scale is a beautiful and expressive instrument that offers a unique blend of earthy and ethereal tones.\" \/>\n<meta name=\"robots\" content=\"index, follow, max-snippet:-1, max-image-preview:large, max-video-preview:-1\" \/>\n<link rel=\"canonical\" href=\"https:\/\/www.rimocc.com\/en\/product\/beat-root-tongue-drum-tribal-pentatonic\/\" \/>\n<meta property=\"og:locale\" content=\"en_US\" \/>\n<meta property=\"og:type\" content=\"article\" \/>\n<meta property=\"og:title\" content=\"Beat Root Tongue Drum (Tribal pentatonic) - D\u00e9p\u00f4t Vente Batterie Percussion | Rimocc Lyon\" \/>\n<meta property=\"og:description\" content=\"The Beat Root Tongue Drum in the Tribal pentatonic scale is a beautiful and expressive instrument that offers a unique blend of earthy and ethereal tones.\" \/>\n<meta property=\"og:url\" content=\"https:\/\/www.rimocc.com\/en\/product\/beat-root-tongue-drum-tribal-pentatonic\/\" \/>\n<meta property=\"og:site_name\" content=\"D\u00e9p\u00f4t Vente Batterie Percussion | Rimocc Lyon\" \/>\n<meta property=\"article:publisher\" content=\"https:\/\/www.facebook.com\/rimocclyon\/?locale=fr_FR\" \/>\n<meta property=\"article:modified_time\" content=\"2025-05-16T09:28:13+00:00\" \/>\n<meta property=\"og:image\" content=\"https:\/\/www.rimocc.com\/wp-content\/uploads\/2024\/12\/Beat-Root-Tongue-Drum-Multi-Gamme-Tribal-pentatonic-1.jpg\" \/>\n\t<meta property=\"og:image:width\" content=\"1920\" \/>\n\t<meta property=\"og:image:height\" content=\"1920\" \/>\n\t<meta property=\"og:image:type\" content=\"image\/jpeg\" \/>\n<meta name=\"twitter:card\" content=\"summary_large_image\" \/>\n<meta name=\"twitter:label1\" content=\"Est. reading time\" \/>\n\t<meta name=\"twitter:data1\" content=\"1 minute\" \/>\n<script type=\"application\/ld+json\" class=\"yoast-schema-graph\">{\"@context\":\"https:\\\/\\\/schema.org\",\"@graph\":[{\"@type\":\"WebPage\",\"@id\":\"https:\\\/\\\/www.rimocc.com\\\/product\\\/beat-root-tongue-drum-tribal-pentatonic\\\/\",\"url\":\"https:\\\/\\\/www.rimocc.com\\\/product\\\/beat-root-tongue-drum-tribal-pentatonic\\\/\",\"name\":\"Beat Root Tongue Drum (Tribal pentatonic) - D\u00e9p\u00f4t Vente Batterie Percussion | Rimocc Lyon\",\"isPartOf\":{\"@id\":\"https:\\\/\\\/www.rimocc.com\\\/#website\"},\"primaryImageOfPage\":{\"@id\":\"https:\\\/\\\/www.rimocc.com\\\/product\\\/beat-root-tongue-drum-tribal-pentatonic\\\/#primaryimage\"},\"image\":{\"@id\":\"https:\\\/\\\/www.rimocc.com\\\/product\\\/beat-root-tongue-drum-tribal-pentatonic\\\/#primaryimage\"},\"thumbnailUrl\":\"https:\\\/\\\/www.rimocc.com\\\/wp-content\\\/uploads\\\/2024\\\/12\\\/Beat-Root-Tongue-Drum-Multi-Gamme-Tribal-pentatonic-1.jpg\",\"datePublished\":\"2024-12-11T13:57:08+00:00\",\"dateModified\":\"2025-05-16T09:28:13+00:00\",\"description\":\"The Beat Root Tongue Drum in the Tribal pentatonic scale is a beautiful and expressive instrument that offers a unique blend of earthy and ethereal tones.\",\"breadcrumb\":{\"@id\":\"https:\\\/\\\/www.rimocc.com\\\/product\\\/beat-root-tongue-drum-tribal-pentatonic\\\/#breadcrumb\"},\"inLanguage\":\"en-US\",\"potentialAction\":[{\"@type\":\"ReadAction\",\"target\":[\"https:\\\/\\\/www.rimocc.com\\\/product\\\/beat-root-tongue-drum-tribal-pentatonic\\\/\"]}]},{\"@type\":\"ImageObject\",\"inLanguage\":\"en-US\",\"@id\":\"https:\\\/\\\/www.rimocc.com\\\/product\\\/beat-root-tongue-drum-tribal-pentatonic\\\/#primaryimage\",\"url\":\"https:\\\/\\\/www.rimocc.com\\\/wp-content\\\/uploads\\\/2024\\\/12\\\/Beat-Root-Tongue-Drum-Multi-Gamme-Tribal-pentatonic-1.jpg\",\"contentUrl\":\"https:\\\/\\\/www.rimocc.com\\\/wp-content\\\/uploads\\\/2024\\\/12\\\/Beat-Root-Tongue-Drum-Multi-Gamme-Tribal-pentatonic-1.jpg\",\"width\":1920,\"height\":1920,\"caption\":\"Beat Root Tongue Drum Multi Gamme (Tribal pentatonic)\"},{\"@type\":\"BreadcrumbList\",\"@id\":\"https:\\\/\\\/www.rimocc.com\\\/product\\\/beat-root-tongue-drum-tribal-pentatonic\\\/#breadcrumb\",\"itemListElement\":[{\"@type\":\"ListItem\",\"position\":1,\"name\":\"Home\",\"item\":\"https:\\\/\\\/www.rimocc.com\\\/\"},{\"@type\":\"ListItem\",\"position\":2,\"name\":\"Shop\",\"item\":\"https:\\\/\\\/www.rimocc.com\\\/shop\\\/\"},{\"@type\":\"ListItem\",\"position\":3,\"name\":\"Beat Root Tongue Drum (Tribal pentatonic)\"}]},{\"@type\":\"WebSite\",\"@id\":\"https:\\\/\\\/www.rimocc.com\\\/#website\",\"url\":\"https:\\\/\\\/www.rimocc.com\\\/\",\"name\":\"D\u00e9p\u00f4t Vente Batterie Percussion | Rimocc Lyon\",\"description\":\"Rimocc: l&#039;unique magasin d\u00e9di\u00e9 enti\u00e8rement \u00e0 la batterie, percussion d&#039;occasion et vintage \u00e0 Lyon, France\",\"publisher\":{\"@id\":\"https:\\\/\\\/www.rimocc.com\\\/#organization\"},\"alternateName\":\"Rimocc'\",\"potentialAction\":[{\"@type\":\"SearchAction\",\"target\":{\"@type\":\"EntryPoint\",\"urlTemplate\":\"https:\\\/\\\/www.rimocc.com\\\/?s={search_term_string}\"},\"query-input\":{\"@type\":\"PropertyValueSpecification\",\"valueRequired\":true,\"valueName\":\"search_term_string\"}}],\"inLanguage\":\"en-US\"},{\"@type\":\"Organization\",\"@id\":\"https:\\\/\\\/www.rimocc.com\\\/#organization\",\"name\":\"Rimocc'\",\"alternateName\":\"Rimocc\",\"url\":\"https:\\\/\\\/www.rimocc.com\\\/\",\"logo\":{\"@type\":\"ImageObject\",\"inLanguage\":\"en-US\",\"@id\":\"https:\\\/\\\/www.rimocc.com\\\/#\\\/schema\\\/logo\\\/image\\\/\",\"url\":\"https:\\\/\\\/i0.wp.com\\\/www.rimocc.com\\\/wp-content\\\/uploads\\\/2023\\\/07\\\/RIMOCC_LOGO.jpg?fit=459%2C114&ssl=1\",\"contentUrl\":\"https:\\\/\\\/i0.wp.com\\\/www.rimocc.com\\\/wp-content\\\/uploads\\\/2023\\\/07\\\/RIMOCC_LOGO.jpg?fit=459%2C114&ssl=1\",\"width\":459,\"height\":114,\"caption\":\"Rimocc'\"},\"image\":{\"@id\":\"https:\\\/\\\/www.rimocc.com\\\/#\\\/schema\\\/logo\\\/image\\\/\"},\"sameAs\":[\"https:\\\/\\\/www.facebook.com\\\/rimocclyon\\\/?locale=fr_FR\",\"https:\\\/\\\/www.instagram.com\\\/rimoccc\\\/?hl=fr\",\"https:\\\/\\\/www.tiktok.com\\\/@rimocc\",\"https:\\\/\\\/www.youtube.com\\\/@Rimocc\"]}]}<\/script>\n<!-- \/ Yoast SEO plugin. -->","yoast_head_json":{"title":"Beat Root Tongue Drum (Tribal pentatonic) - D\u00e9p\u00f4t Vente Batterie Percussion | Rimocc Lyon","description":"The Beat Root Tongue Drum in the Tribal pentatonic scale is a beautiful and expressive instrument that offers a unique blend of earthy and ethereal tones.","robots":{"index":"index","follow":"follow","max-snippet":"max-snippet:-1","max-image-preview":"max-image-preview:large","max-video-preview":"max-video-preview:-1"},"canonical":"https:\/\/www.rimocc.com\/en\/product\/beat-root-tongue-drum-tribal-pentatonic\/","og_locale":"en_US","og_type":"article","og_title":"Beat Root Tongue Drum (Tribal pentatonic) - D\u00e9p\u00f4t Vente Batterie Percussion | Rimocc Lyon","og_description":"The Beat Root Tongue Drum in the Tribal pentatonic scale is a beautiful and expressive instrument that offers a unique blend of earthy and ethereal tones.","og_url":"https:\/\/www.rimocc.com\/en\/product\/beat-root-tongue-drum-tribal-pentatonic\/","og_site_name":"D\u00e9p\u00f4t Vente Batterie Percussion | Rimocc Lyon","article_publisher":"https:\/\/www.facebook.com\/rimocclyon\/?locale=fr_FR","article_modified_time":"2025-05-16T09:28:13+00:00","og_image":[{"width":1920,"height":1920,"url":"https:\/\/www.rimocc.com\/wp-content\/uploads\/2024\/12\/Beat-Root-Tongue-Drum-Multi-Gamme-Tribal-pentatonic-1.jpg","type":"image\/jpeg"}],"twitter_card":"summary_large_image","twitter_misc":{"Est. reading time":"1 minute"},"schema":{"@context":"https:\/\/schema.org","@graph":[{"@type":"WebPage","@id":"https:\/\/www.rimocc.com\/product\/beat-root-tongue-drum-tribal-pentatonic\/","url":"https:\/\/www.rimocc.com\/product\/beat-root-tongue-drum-tribal-pentatonic\/","name":"Beat Root Tongue Drum (Tribal pentatonic) - D\u00e9p\u00f4t Vente Batterie Percussion | Rimocc Lyon","isPartOf":{"@id":"https:\/\/www.rimocc.com\/#website"},"primaryImageOfPage":{"@id":"https:\/\/www.rimocc.com\/product\/beat-root-tongue-drum-tribal-pentatonic\/#primaryimage"},"image":{"@id":"https:\/\/www.rimocc.com\/product\/beat-root-tongue-drum-tribal-pentatonic\/#primaryimage"},"thumbnailUrl":"https:\/\/www.rimocc.com\/wp-content\/uploads\/2024\/12\/Beat-Root-Tongue-Drum-Multi-Gamme-Tribal-pentatonic-1.jpg","datePublished":"2024-12-11T13:57:08+00:00","dateModified":"2025-05-16T09:28:13+00:00","description":"The Beat Root Tongue Drum in the Tribal pentatonic scale is a beautiful and expressive instrument that offers a unique blend of earthy and ethereal tones.","breadcrumb":{"@id":"https:\/\/www.rimocc.com\/product\/beat-root-tongue-drum-tribal-pentatonic\/#breadcrumb"},"inLanguage":"en-US","potentialAction":[{"@type":"ReadAction","target":["https:\/\/www.rimocc.com\/product\/beat-root-tongue-drum-tribal-pentatonic\/"]}]},{"@type":"ImageObject","inLanguage":"en-US","@id":"https:\/\/www.rimocc.com\/product\/beat-root-tongue-drum-tribal-pentatonic\/#primaryimage","url":"https:\/\/www.rimocc.com\/wp-content\/uploads\/2024\/12\/Beat-Root-Tongue-Drum-Multi-Gamme-Tribal-pentatonic-1.jpg","contentUrl":"https:\/\/www.rimocc.com\/wp-content\/uploads\/2024\/12\/Beat-Root-Tongue-Drum-Multi-Gamme-Tribal-pentatonic-1.jpg","width":1920,"height":1920,"caption":"Beat Root Tongue Drum Multi Gamme (Tribal pentatonic)"},{"@type":"BreadcrumbList","@id":"https:\/\/www.rimocc.com\/product\/beat-root-tongue-drum-tribal-pentatonic\/#breadcrumb","itemListElement":[{"@type":"ListItem","position":1,"name":"Home","item":"https:\/\/www.rimocc.com\/"},{"@type":"ListItem","position":2,"name":"Shop","item":"https:\/\/www.rimocc.com\/shop\/"},{"@type":"ListItem","position":3,"name":"Beat Root Tongue Drum (Tribal pentatonic)"}]},{"@type":"WebSite","@id":"https:\/\/www.rimocc.com\/#website","url":"https:\/\/www.rimocc.com\/","name":"D\u00e9p\u00f4t Vente Batterie Percussion | Rimocc Lyon","description":"Rimocc: l&#039;unique magasin d\u00e9di\u00e9 enti\u00e8rement \u00e0 la batterie, percussion d&#039;occasion et vintage \u00e0 Lyon, France","publisher":{"@id":"https:\/\/www.rimocc.com\/#organization"},"alternateName":"Rimocc'","potentialAction":[{"@type":"SearchAction","target":{"@type":"EntryPoint","urlTemplate":"https:\/\/www.rimocc.com\/?s={search_term_string}"},"query-input":{"@type":"PropertyValueSpecification","valueRequired":true,"valueName":"search_term_string"}}],"inLanguage":"en-US"},{"@type":"Organization","@id":"https:\/\/www.rimocc.com\/#organization","name":"Rimocc'","alternateName":"Rimocc","url":"https:\/\/www.rimocc.com\/","logo":{"@type":"ImageObject","inLanguage":"en-US","@id":"https:\/\/www.rimocc.com\/#\/schema\/logo\/image\/","url":"https:\/\/i0.wp.com\/www.rimocc.com\/wp-content\/uploads\/2023\/07\/RIMOCC_LOGO.jpg?fit=459%2C114&ssl=1","contentUrl":"https:\/\/i0.wp.com\/www.rimocc.com\/wp-content\/uploads\/2023\/07\/RIMOCC_LOGO.jpg?fit=459%2C114&ssl=1","width":459,"height":114,"caption":"Rimocc'"},"image":{"@id":"https:\/\/www.rimocc.com\/#\/schema\/logo\/image\/"},"sameAs":["https:\/\/www.facebook.com\/rimocclyon\/?locale=fr_FR","https:\/\/www.instagram.com\/rimoccc\/?hl=fr","https:\/\/www.tiktok.com\/@rimocc","https:\/\/www.youtube.com\/@Rimocc"]}]}},"jetpack_publicize_connections":[],"jetpack_sharing_enabled":true,"_links":{"self":[{"href":"https:\/\/www.rimocc.com\/en\/wp-json\/wp\/v2\/product\/13628","targetHints":{"allow":["GET"]}}],"collection":[{"href":"https:\/\/www.rimocc.com\/en\/wp-json\/wp\/v2\/product"}],"about":[{"href":"https:\/\/www.rimocc.com\/en\/wp-json\/wp\/v2\/types\/product"}],"replies":[{"embeddable":true,"href":"https:\/\/www.rimocc.com\/en\/wp-json\/wp\/v2\/comments?post=13628"}],"wp:featuredmedia":[{"embeddable":true,"href":"https:\/\/www.rimocc.com\/en\/wp-json\/wp\/v2\/media\/13627"}],"wp:attachment":[{"href":"https:\/\/www.rimocc.com\/en\/wp-json\/wp\/v2\/media?parent=13628"}],"wp:term":[{"taxonomy":"product_brand","embeddable":true,"href":"https:\/\/www.rimocc.com\/en\/wp-json\/wp\/v2\/product_brand?post=13628"},{"taxonomy":"product_cat","embeddable":true,"href":"https:\/\/www.rimocc.com\/en\/wp-json\/wp\/v2\/product_cat?post=13628"},{"taxonomy":"product_tag","embeddable":true,"href":"https:\/\/www.rimocc.com\/en\/wp-json\/wp\/v2\/product_tag?post=13628"}],"curies":[{"name":"wp","href":"https:\/\/api.w.org\/{rel}","templated":true}]}}