{"id":13553,"date":"2024-11-29T15:29:23","date_gmt":"2024-11-29T14:29:23","guid":{"rendered":"https:\/\/www.rimocc.com\/?post_type=product&#038;p=13553"},"modified":"2024-12-09T18:40:42","modified_gmt":"2024-12-09T17:40:42","slug":"ludwig-double-pedale-grosse-caisse-speed-flyer-l204sf","status":"publish","type":"product","link":"https:\/\/www.rimocc.com\/en\/product\/ludwig-double-pedale-grosse-caisse-speed-flyer-l204sf\/","title":{"rendered":"Ludwig Double P\u00e9dale Grosse Caisse Speed Flyer L204SF"},"content":{"rendered":"<p>Comme neuve<br \/>\nCompl\u00e8te avec accessoires, cl\u00e9 et valise<\/p>\n<p>P\u00e9dale Grosse Caisse D\u00e9p\u00f4t Vente Rimocc&rsquo; Lyon<\/p>","protected":false},"excerpt":{"rendered":"<p>Comme neuve Compl\u00e8te avec accessoires, cl\u00e9 et valise P\u00e9dale Grosse Caisse D\u00e9p\u00f4t Vente Rimocc&rsquo; Lyon<\/p>","protected":false},"featured_media":13552,"comment_status":"open","ping_status":"closed","template":"","meta":{"jetpack_publicize_message":"","jetpack_publicize_feature_enabled":true,"jetpack_social_post_already_shared":false,"jetpack_social_options":{"image_generator_settings":{"template":"highway","default_image_id":0,"font":"","enabled":false},"version":2}},"product_brand":[],"product_cat":[19],"product_tag":[548,333,93,538,617],"class_list":{"0":"post-13553","1":"product","2":"type-product","3":"status-publish","4":"has-post-thumbnail","6":"product_cat-pedales","7":"product_tag-depot-vente-lyon","8":"product_tag-double-pedale","9":"product_tag-ludwig","10":"product_tag-magasin-de-musique-lyon","11":"product_tag-speed-flyer","13":"entry","14":"has-media","16":"first","17":"outofstock","18":"shipping-taxable","19":"purchasable","20":"product-type-simple","21":"has-product-nav","22":"col","23":"span_1_of_3","24":"owp-content-center","25":"owp-thumbs-layout-horizontal","26":"owp-btn-normal","27":"owp-tabs-layout-horizontal"},"yoast_head":"<!-- This site is optimized with the Yoast SEO plugin v27.6 - https:\/\/yoast.com\/product\/yoast-seo-wordpress\/ -->\n<title>Ludwig Double P\u00e9dale Grosse Caisse Speed Flyer L204SF - D\u00e9p\u00f4t Vente Batterie Percussion | Rimocc Lyon<\/title>\n<meta name=\"description\" content=\"La Ludwig L204SF Speed Flyer s&#039;adresse aux batteurs qui recherchent une p\u00e9dale offrant des performances de haut niveau. Son design soign\u00e9 et ses r\u00e9glages pr\u00e9cis en font un instrument de choix pour les professionnels et les amateurs \u00e9clair\u00e9s souhaitant affiner leur technique\" \/>\n<meta name=\"robots\" content=\"index, follow, max-snippet:-1, max-image-preview:large, max-video-preview:-1\" \/>\n<link rel=\"canonical\" href=\"https:\/\/www.rimocc.com\/en\/product\/ludwig-double-pedale-grosse-caisse-speed-flyer-l204sf\/\" \/>\n<meta property=\"og:locale\" content=\"en_US\" \/>\n<meta property=\"og:type\" content=\"article\" \/>\n<meta property=\"og:title\" content=\"Ludwig Double P\u00e9dale Grosse Caisse Speed Flyer L204SF - D\u00e9p\u00f4t Vente Batterie Percussion | Rimocc Lyon\" \/>\n<meta property=\"og:description\" content=\"La Ludwig L204SF Speed Flyer s&#039;adresse aux batteurs qui recherchent une p\u00e9dale offrant des performances de haut niveau. Son design soign\u00e9 et ses r\u00e9glages pr\u00e9cis en font un instrument de choix pour les professionnels et les amateurs \u00e9clair\u00e9s souhaitant affiner leur technique\" \/>\n<meta property=\"og:url\" content=\"https:\/\/www.rimocc.com\/en\/product\/ludwig-double-pedale-grosse-caisse-speed-flyer-l204sf\/\" \/>\n<meta property=\"og:site_name\" content=\"D\u00e9p\u00f4t Vente Batterie Percussion | Rimocc Lyon\" \/>\n<meta property=\"article:publisher\" content=\"https:\/\/www.facebook.com\/rimocclyon\/?locale=fr_FR\" \/>\n<meta property=\"article:modified_time\" content=\"2024-12-09T17:40:42+00:00\" \/>\n<meta property=\"og:image\" content=\"https:\/\/www.rimocc.com\/wp-content\/uploads\/2024\/11\/Ludwig-Double-Pedale-Speed-Flyer-L205SF-1.jpg\" \/>\n\t<meta property=\"og:image:width\" content=\"1920\" \/>\n\t<meta property=\"og:image:height\" content=\"1920\" \/>\n\t<meta property=\"og:image:type\" content=\"image\/jpeg\" \/>\n<meta name=\"twitter:card\" content=\"summary_large_image\" \/>\n<meta name=\"twitter:label1\" content=\"Est. reading time\" \/>\n\t<meta name=\"twitter:data1\" content=\"1 minute\" \/>\n<script type=\"application\/ld+json\" class=\"yoast-schema-graph\">{\"@context\":\"https:\\\/\\\/schema.org\",\"@graph\":[{\"@type\":\"WebPage\",\"@id\":\"https:\\\/\\\/www.rimocc.com\\\/product\\\/ludwig-double-pedale-grosse-caisse-speed-flyer-l204sf\\\/\",\"url\":\"https:\\\/\\\/www.rimocc.com\\\/product\\\/ludwig-double-pedale-grosse-caisse-speed-flyer-l204sf\\\/\",\"name\":\"Ludwig Double P\u00e9dale Grosse Caisse Speed Flyer L204SF - D\u00e9p\u00f4t Vente Batterie Percussion | Rimocc Lyon\",\"isPartOf\":{\"@id\":\"https:\\\/\\\/www.rimocc.com\\\/#website\"},\"primaryImageOfPage\":{\"@id\":\"https:\\\/\\\/www.rimocc.com\\\/product\\\/ludwig-double-pedale-grosse-caisse-speed-flyer-l204sf\\\/#primaryimage\"},\"image\":{\"@id\":\"https:\\\/\\\/www.rimocc.com\\\/product\\\/ludwig-double-pedale-grosse-caisse-speed-flyer-l204sf\\\/#primaryimage\"},\"thumbnailUrl\":\"https:\\\/\\\/www.rimocc.com\\\/wp-content\\\/uploads\\\/2024\\\/11\\\/Ludwig-Double-Pedale-Speed-Flyer-L205SF-1.jpg\",\"datePublished\":\"2024-11-29T14:29:23+00:00\",\"dateModified\":\"2024-12-09T17:40:42+00:00\",\"description\":\"La Ludwig L204SF Speed Flyer s'adresse aux batteurs qui recherchent une p\u00e9dale offrant des performances de haut niveau. Son design soign\u00e9 et ses r\u00e9glages pr\u00e9cis en font un instrument de choix pour les professionnels et les amateurs \u00e9clair\u00e9s souhaitant affiner leur technique\",\"breadcrumb\":{\"@id\":\"https:\\\/\\\/www.rimocc.com\\\/product\\\/ludwig-double-pedale-grosse-caisse-speed-flyer-l204sf\\\/#breadcrumb\"},\"inLanguage\":\"en-US\",\"potentialAction\":[{\"@type\":\"ReadAction\",\"target\":[\"https:\\\/\\\/www.rimocc.com\\\/product\\\/ludwig-double-pedale-grosse-caisse-speed-flyer-l204sf\\\/\"]}]},{\"@type\":\"ImageObject\",\"inLanguage\":\"en-US\",\"@id\":\"https:\\\/\\\/www.rimocc.com\\\/product\\\/ludwig-double-pedale-grosse-caisse-speed-flyer-l204sf\\\/#primaryimage\",\"url\":\"https:\\\/\\\/www.rimocc.com\\\/wp-content\\\/uploads\\\/2024\\\/11\\\/Ludwig-Double-Pedale-Speed-Flyer-L205SF-1.jpg\",\"contentUrl\":\"https:\\\/\\\/www.rimocc.com\\\/wp-content\\\/uploads\\\/2024\\\/11\\\/Ludwig-Double-Pedale-Speed-Flyer-L205SF-1.jpg\",\"width\":1920,\"height\":1920,\"caption\":\"Ludwig P\u00e9dale GC Speed Flyer L204SF\"},{\"@type\":\"BreadcrumbList\",\"@id\":\"https:\\\/\\\/www.rimocc.com\\\/product\\\/ludwig-double-pedale-grosse-caisse-speed-flyer-l204sf\\\/#breadcrumb\",\"itemListElement\":[{\"@type\":\"ListItem\",\"position\":1,\"name\":\"Home\",\"item\":\"https:\\\/\\\/www.rimocc.com\\\/\"},{\"@type\":\"ListItem\",\"position\":2,\"name\":\"Shop\",\"item\":\"https:\\\/\\\/www.rimocc.com\\\/shop\\\/\"},{\"@type\":\"ListItem\",\"position\":3,\"name\":\"Ludwig Double P\u00e9dale Grosse Caisse Speed Flyer L204SF\"}]},{\"@type\":\"WebSite\",\"@id\":\"https:\\\/\\\/www.rimocc.com\\\/#website\",\"url\":\"https:\\\/\\\/www.rimocc.com\\\/\",\"name\":\"D\u00e9p\u00f4t Vente Batterie Percussion | Rimocc Lyon\",\"description\":\"Rimocc: l&#039;unique magasin d\u00e9di\u00e9 enti\u00e8rement \u00e0 la batterie, percussion d&#039;occasion et vintage \u00e0 Lyon, France\",\"publisher\":{\"@id\":\"https:\\\/\\\/www.rimocc.com\\\/#organization\"},\"alternateName\":\"Rimocc'\",\"potentialAction\":[{\"@type\":\"SearchAction\",\"target\":{\"@type\":\"EntryPoint\",\"urlTemplate\":\"https:\\\/\\\/www.rimocc.com\\\/?s={search_term_string}\"},\"query-input\":{\"@type\":\"PropertyValueSpecification\",\"valueRequired\":true,\"valueName\":\"search_term_string\"}}],\"inLanguage\":\"en-US\"},{\"@type\":\"Organization\",\"@id\":\"https:\\\/\\\/www.rimocc.com\\\/#organization\",\"name\":\"Rimocc'\",\"alternateName\":\"Rimocc\",\"url\":\"https:\\\/\\\/www.rimocc.com\\\/\",\"logo\":{\"@type\":\"ImageObject\",\"inLanguage\":\"en-US\",\"@id\":\"https:\\\/\\\/www.rimocc.com\\\/#\\\/schema\\\/logo\\\/image\\\/\",\"url\":\"https:\\\/\\\/i0.wp.com\\\/www.rimocc.com\\\/wp-content\\\/uploads\\\/2023\\\/07\\\/RIMOCC_LOGO.jpg?fit=459%2C114&ssl=1\",\"contentUrl\":\"https:\\\/\\\/i0.wp.com\\\/www.rimocc.com\\\/wp-content\\\/uploads\\\/2023\\\/07\\\/RIMOCC_LOGO.jpg?fit=459%2C114&ssl=1\",\"width\":459,\"height\":114,\"caption\":\"Rimocc'\"},\"image\":{\"@id\":\"https:\\\/\\\/www.rimocc.com\\\/#\\\/schema\\\/logo\\\/image\\\/\"},\"sameAs\":[\"https:\\\/\\\/www.facebook.com\\\/rimocclyon\\\/?locale=fr_FR\",\"https:\\\/\\\/www.instagram.com\\\/rimoccc\\\/?hl=fr\",\"https:\\\/\\\/www.tiktok.com\\\/@rimocc\",\"https:\\\/\\\/www.youtube.com\\\/@Rimocc\"]}]}<\/script>\n<!-- \/ Yoast SEO plugin. -->","yoast_head_json":{"title":"Ludwig Double P\u00e9dale Grosse Caisse Speed Flyer L204SF - D\u00e9p\u00f4t Vente Batterie Percussion | Rimocc Lyon","description":"La Ludwig L204SF Speed Flyer s'adresse aux batteurs qui recherchent une p\u00e9dale offrant des performances de haut niveau. Son design soign\u00e9 et ses r\u00e9glages pr\u00e9cis en font un instrument de choix pour les professionnels et les amateurs \u00e9clair\u00e9s souhaitant affiner leur technique","robots":{"index":"index","follow":"follow","max-snippet":"max-snippet:-1","max-image-preview":"max-image-preview:large","max-video-preview":"max-video-preview:-1"},"canonical":"https:\/\/www.rimocc.com\/en\/product\/ludwig-double-pedale-grosse-caisse-speed-flyer-l204sf\/","og_locale":"en_US","og_type":"article","og_title":"Ludwig Double P\u00e9dale Grosse Caisse Speed Flyer L204SF - D\u00e9p\u00f4t Vente Batterie Percussion | Rimocc Lyon","og_description":"La Ludwig L204SF Speed Flyer s'adresse aux batteurs qui recherchent une p\u00e9dale offrant des performances de haut niveau. Son design soign\u00e9 et ses r\u00e9glages pr\u00e9cis en font un instrument de choix pour les professionnels et les amateurs \u00e9clair\u00e9s souhaitant affiner leur technique","og_url":"https:\/\/www.rimocc.com\/en\/product\/ludwig-double-pedale-grosse-caisse-speed-flyer-l204sf\/","og_site_name":"D\u00e9p\u00f4t Vente Batterie Percussion | Rimocc Lyon","article_publisher":"https:\/\/www.facebook.com\/rimocclyon\/?locale=fr_FR","article_modified_time":"2024-12-09T17:40:42+00:00","og_image":[{"width":1920,"height":1920,"url":"https:\/\/www.rimocc.com\/wp-content\/uploads\/2024\/11\/Ludwig-Double-Pedale-Speed-Flyer-L205SF-1.jpg","type":"image\/jpeg"}],"twitter_card":"summary_large_image","twitter_misc":{"Est. reading time":"1 minute"},"schema":{"@context":"https:\/\/schema.org","@graph":[{"@type":"WebPage","@id":"https:\/\/www.rimocc.com\/product\/ludwig-double-pedale-grosse-caisse-speed-flyer-l204sf\/","url":"https:\/\/www.rimocc.com\/product\/ludwig-double-pedale-grosse-caisse-speed-flyer-l204sf\/","name":"Ludwig Double P\u00e9dale Grosse Caisse Speed Flyer L204SF - D\u00e9p\u00f4t Vente Batterie Percussion | Rimocc Lyon","isPartOf":{"@id":"https:\/\/www.rimocc.com\/#website"},"primaryImageOfPage":{"@id":"https:\/\/www.rimocc.com\/product\/ludwig-double-pedale-grosse-caisse-speed-flyer-l204sf\/#primaryimage"},"image":{"@id":"https:\/\/www.rimocc.com\/product\/ludwig-double-pedale-grosse-caisse-speed-flyer-l204sf\/#primaryimage"},"thumbnailUrl":"https:\/\/www.rimocc.com\/wp-content\/uploads\/2024\/11\/Ludwig-Double-Pedale-Speed-Flyer-L205SF-1.jpg","datePublished":"2024-11-29T14:29:23+00:00","dateModified":"2024-12-09T17:40:42+00:00","description":"La Ludwig L204SF Speed Flyer s'adresse aux batteurs qui recherchent une p\u00e9dale offrant des performances de haut niveau. Son design soign\u00e9 et ses r\u00e9glages pr\u00e9cis en font un instrument de choix pour les professionnels et les amateurs \u00e9clair\u00e9s souhaitant affiner leur technique","breadcrumb":{"@id":"https:\/\/www.rimocc.com\/product\/ludwig-double-pedale-grosse-caisse-speed-flyer-l204sf\/#breadcrumb"},"inLanguage":"en-US","potentialAction":[{"@type":"ReadAction","target":["https:\/\/www.rimocc.com\/product\/ludwig-double-pedale-grosse-caisse-speed-flyer-l204sf\/"]}]},{"@type":"ImageObject","inLanguage":"en-US","@id":"https:\/\/www.rimocc.com\/product\/ludwig-double-pedale-grosse-caisse-speed-flyer-l204sf\/#primaryimage","url":"https:\/\/www.rimocc.com\/wp-content\/uploads\/2024\/11\/Ludwig-Double-Pedale-Speed-Flyer-L205SF-1.jpg","contentUrl":"https:\/\/www.rimocc.com\/wp-content\/uploads\/2024\/11\/Ludwig-Double-Pedale-Speed-Flyer-L205SF-1.jpg","width":1920,"height":1920,"caption":"Ludwig P\u00e9dale GC Speed Flyer L204SF"},{"@type":"BreadcrumbList","@id":"https:\/\/www.rimocc.com\/product\/ludwig-double-pedale-grosse-caisse-speed-flyer-l204sf\/#breadcrumb","itemListElement":[{"@type":"ListItem","position":1,"name":"Home","item":"https:\/\/www.rimocc.com\/"},{"@type":"ListItem","position":2,"name":"Shop","item":"https:\/\/www.rimocc.com\/shop\/"},{"@type":"ListItem","position":3,"name":"Ludwig Double P\u00e9dale Grosse Caisse Speed Flyer L204SF"}]},{"@type":"WebSite","@id":"https:\/\/www.rimocc.com\/#website","url":"https:\/\/www.rimocc.com\/","name":"D\u00e9p\u00f4t Vente Batterie Percussion | Rimocc Lyon","description":"Rimocc: l&#039;unique magasin d\u00e9di\u00e9 enti\u00e8rement \u00e0 la batterie, percussion d&#039;occasion et vintage \u00e0 Lyon, France","publisher":{"@id":"https:\/\/www.rimocc.com\/#organization"},"alternateName":"Rimocc'","potentialAction":[{"@type":"SearchAction","target":{"@type":"EntryPoint","urlTemplate":"https:\/\/www.rimocc.com\/?s={search_term_string}"},"query-input":{"@type":"PropertyValueSpecification","valueRequired":true,"valueName":"search_term_string"}}],"inLanguage":"en-US"},{"@type":"Organization","@id":"https:\/\/www.rimocc.com\/#organization","name":"Rimocc'","alternateName":"Rimocc","url":"https:\/\/www.rimocc.com\/","logo":{"@type":"ImageObject","inLanguage":"en-US","@id":"https:\/\/www.rimocc.com\/#\/schema\/logo\/image\/","url":"https:\/\/i0.wp.com\/www.rimocc.com\/wp-content\/uploads\/2023\/07\/RIMOCC_LOGO.jpg?fit=459%2C114&ssl=1","contentUrl":"https:\/\/i0.wp.com\/www.rimocc.com\/wp-content\/uploads\/2023\/07\/RIMOCC_LOGO.jpg?fit=459%2C114&ssl=1","width":459,"height":114,"caption":"Rimocc'"},"image":{"@id":"https:\/\/www.rimocc.com\/#\/schema\/logo\/image\/"},"sameAs":["https:\/\/www.facebook.com\/rimocclyon\/?locale=fr_FR","https:\/\/www.instagram.com\/rimoccc\/?hl=fr","https:\/\/www.tiktok.com\/@rimocc","https:\/\/www.youtube.com\/@Rimocc"]}]}},"jetpack_publicize_connections":[],"jetpack_sharing_enabled":true,"_links":{"self":[{"href":"https:\/\/www.rimocc.com\/en\/wp-json\/wp\/v2\/product\/13553","targetHints":{"allow":["GET"]}}],"collection":[{"href":"https:\/\/www.rimocc.com\/en\/wp-json\/wp\/v2\/product"}],"about":[{"href":"https:\/\/www.rimocc.com\/en\/wp-json\/wp\/v2\/types\/product"}],"replies":[{"embeddable":true,"href":"https:\/\/www.rimocc.com\/en\/wp-json\/wp\/v2\/comments?post=13553"}],"wp:featuredmedia":[{"embeddable":true,"href":"https:\/\/www.rimocc.com\/en\/wp-json\/wp\/v2\/media\/13552"}],"wp:attachment":[{"href":"https:\/\/www.rimocc.com\/en\/wp-json\/wp\/v2\/media?parent=13553"}],"wp:term":[{"taxonomy":"product_brand","embeddable":true,"href":"https:\/\/www.rimocc.com\/en\/wp-json\/wp\/v2\/product_brand?post=13553"},{"taxonomy":"product_cat","embeddable":true,"href":"https:\/\/www.rimocc.com\/en\/wp-json\/wp\/v2\/product_cat?post=13553"},{"taxonomy":"product_tag","embeddable":true,"href":"https:\/\/www.rimocc.com\/en\/wp-json\/wp\/v2\/product_tag?post=13553"}],"curies":[{"name":"wp","href":"https:\/\/api.w.org\/{rel}","templated":true}]}}