{"id":13487,"date":"2024-11-26T14:34:22","date_gmt":"2024-11-26T13:34:22","guid":{"rendered":"https:\/\/www.rimocc.com\/?post_type=product&#038;p=13487"},"modified":"2024-11-26T17:28:33","modified_gmt":"2024-11-26T16:28:33","slug":"yamaha-manu-katche-junior-kit-cranberry-red-16x16-10x7-12x7-13x12-caisse-claire-12x5","status":"publish","type":"product","link":"https:\/\/www.rimocc.com\/en\/product\/yamaha-manu-katche-junior-kit-cranberry-red-16x16-10x7-12x7-13x12-caisse-claire-12x5\/","title":{"rendered":"Yamaha Manu Katche Junior Kit Cranberry Red 16&Prime;x16&Prime; 10&Prime;x7&Prime; 12&Prime;x7&Prime; 13&Prime;x12&Prime; + caisse claire 12&Prime;x5&Prime;"},"content":{"rendered":"<p>16&Prime;x16&Prime; 10&Prime;x7&Prime; 12&Prime;x7&Prime; 13&Prime;x12&Prime; + caisse claire 12&Prime;x5&Prime;<br \/>\nComme neuf<br \/>\n(Pied de caisse claire non inclus)<\/p>\n<p><em><strong>\u00ab\u00a0Enl\u00e8vement sur place privil\u00e9gi\u00e9 mais envoi possible dans toute la France sur devis s\u00e9par\u00e9 &#8211; merci de s\u00e9lectionner l&rsquo;option \u00ab\u00a0retrait en magasin\u00a0\u00bb et nous vous ferons parvenir un devis s\u00e9par\u00e9 pour la livraison, \u00e0 r\u00e9gler s\u00e9par\u00e9ment<br \/>\nInternational order, pick-up ONLY\u00a0\u00bb<\/strong><\/em><\/p>\n<p>Batterie D\u00e9p\u00f4t Vente Rimocc&rsquo; Lyon<\/p>","protected":false},"excerpt":{"rendered":"<p>16&Prime;x16&Prime; 10&Prime;x7&Prime; 12&Prime;x7&Prime; 13&Prime;x12&Prime; + caisse claire 12&Prime;x5&Prime; Comme neuf (Pied de caisse claire non inclus) \u00ab\u00a0Enl\u00e8vement sur place privil\u00e9gi\u00e9 mais envoi possible dans toute la France sur devis s\u00e9par\u00e9 &#8211; merci de s\u00e9lectionner l&rsquo;option \u00ab\u00a0retrait en magasin\u00a0\u00bb et nous vous ferons parvenir un devis s\u00e9par\u00e9 pour la livraison, \u00e0 r\u00e9gler s\u00e9par\u00e9ment International order, pick-up [&hellip;]<\/p>\n","protected":false},"featured_media":13486,"comment_status":"open","ping_status":"closed","template":"","meta":{"jetpack_publicize_message":"","jetpack_publicize_feature_enabled":true,"jetpack_social_post_already_shared":false,"jetpack_social_options":{"image_generator_settings":{"template":"highway","default_image_id":0,"font":"","enabled":false},"version":2}},"product_brand":[],"product_cat":[20],"product_tag":[41,548,43,538,530,56],"class_list":{"0":"post-13487","1":"product","2":"type-product","3":"status-publish","4":"has-post-thumbnail","6":"product_cat-batterie","7":"product_tag-batterie","8":"product_tag-depot-vente-lyon","9":"product_tag-drums","10":"product_tag-magasin-de-musique-lyon","11":"product_tag-manu-katche","12":"product_tag-yamaha","14":"entry","15":"has-media","17":"first","18":"outofstock","19":"shipping-taxable","20":"purchasable","21":"product-type-simple","22":"has-product-nav","23":"col","24":"span_1_of_3","25":"owp-content-center","26":"owp-thumbs-layout-horizontal","27":"owp-btn-normal","28":"owp-tabs-layout-horizontal"},"yoast_head":"<!-- This site is optimized with the Yoast SEO plugin v27.5 - https:\/\/yoast.com\/product\/yoast-seo-wordpress\/ -->\n<title>Yamaha Manu Katche Junior Kit Cranberry Red 16&quot;x16&quot; 10&quot;x7&quot; 12&quot;x7&quot; 13&quot;x12&quot; + caisse claire 12&quot;x5&quot; - D\u00e9p\u00f4t Vente Batterie Percussion | Rimocc Lyon<\/title>\n<meta name=\"description\" content=\"Ce kit est le fruit d&#039;une collaboration entre Yamaha et le c\u00e9l\u00e8bre batteur Manu Katch\u00e9. Ensemble, ils ont cr\u00e9\u00e9 un instrument compact et l\u00e9ger, un excellent choix pour les batteurs confirm\u00e9s qui cherchent un instrument compact et polyvalent\" \/>\n<meta name=\"robots\" content=\"index, follow, max-snippet:-1, max-image-preview:large, max-video-preview:-1\" \/>\n<link rel=\"canonical\" href=\"https:\/\/www.rimocc.com\/en\/product\/yamaha-manu-katche-junior-kit-cranberry-red-16x16-10x7-12x7-13x12-caisse-claire-12x5\/\" \/>\n<meta property=\"og:locale\" content=\"en_US\" \/>\n<meta property=\"og:type\" content=\"article\" \/>\n<meta property=\"og:title\" content=\"Yamaha Manu Katche Junior Kit Cranberry Red 16&quot;x16&quot; 10&quot;x7&quot; 12&quot;x7&quot; 13&quot;x12&quot; + caisse claire 12&quot;x5&quot; - D\u00e9p\u00f4t Vente Batterie Percussion | Rimocc Lyon\" \/>\n<meta property=\"og:description\" content=\"Ce kit est le fruit d&#039;une collaboration entre Yamaha et le c\u00e9l\u00e8bre batteur Manu Katch\u00e9. Ensemble, ils ont cr\u00e9\u00e9 un instrument compact et l\u00e9ger, un excellent choix pour les batteurs confirm\u00e9s qui cherchent un instrument compact et polyvalent\" \/>\n<meta property=\"og:url\" content=\"https:\/\/www.rimocc.com\/en\/product\/yamaha-manu-katche-junior-kit-cranberry-red-16x16-10x7-12x7-13x12-caisse-claire-12x5\/\" \/>\n<meta property=\"og:site_name\" content=\"D\u00e9p\u00f4t Vente Batterie Percussion | Rimocc Lyon\" \/>\n<meta property=\"article:publisher\" content=\"https:\/\/www.facebook.com\/rimocclyon\/?locale=fr_FR\" \/>\n<meta property=\"article:modified_time\" content=\"2024-11-26T16:28:33+00:00\" \/>\n<meta property=\"og:image\" content=\"https:\/\/www.rimocc.com\/wp-content\/uploads\/2024\/11\/Yamaha-Manu-Katche-Junior-Kit-Cranberry-Red-16x16-10x7-12x7-13x12-caisse-claire-12x5-1.jpg\" \/>\n\t<meta property=\"og:image:width\" content=\"1920\" \/>\n\t<meta property=\"og:image:height\" content=\"1920\" \/>\n\t<meta property=\"og:image:type\" content=\"image\/jpeg\" \/>\n<meta name=\"twitter:card\" content=\"summary_large_image\" \/>\n<meta name=\"twitter:label1\" content=\"Est. reading time\" \/>\n\t<meta name=\"twitter:data1\" content=\"1 minute\" \/>\n<script type=\"application\/ld+json\" class=\"yoast-schema-graph\">{\"@context\":\"https:\\\/\\\/schema.org\",\"@graph\":[{\"@type\":\"WebPage\",\"@id\":\"https:\\\/\\\/www.rimocc.com\\\/product\\\/yamaha-manu-katche-junior-kit-cranberry-red-16x16-10x7-12x7-13x12-caisse-claire-12x5\\\/\",\"url\":\"https:\\\/\\\/www.rimocc.com\\\/product\\\/yamaha-manu-katche-junior-kit-cranberry-red-16x16-10x7-12x7-13x12-caisse-claire-12x5\\\/\",\"name\":\"Yamaha Manu Katche Junior Kit Cranberry Red 16\\\"x16\\\" 10\\\"x7\\\" 12\\\"x7\\\" 13\\\"x12\\\" + caisse claire 12\\\"x5\\\" - D\u00e9p\u00f4t Vente Batterie Percussion | Rimocc Lyon\",\"isPartOf\":{\"@id\":\"https:\\\/\\\/www.rimocc.com\\\/#website\"},\"primaryImageOfPage\":{\"@id\":\"https:\\\/\\\/www.rimocc.com\\\/product\\\/yamaha-manu-katche-junior-kit-cranberry-red-16x16-10x7-12x7-13x12-caisse-claire-12x5\\\/#primaryimage\"},\"image\":{\"@id\":\"https:\\\/\\\/www.rimocc.com\\\/product\\\/yamaha-manu-katche-junior-kit-cranberry-red-16x16-10x7-12x7-13x12-caisse-claire-12x5\\\/#primaryimage\"},\"thumbnailUrl\":\"https:\\\/\\\/www.rimocc.com\\\/wp-content\\\/uploads\\\/2024\\\/11\\\/Yamaha-Manu-Katche-Junior-Kit-Cranberry-Red-16x16-10x7-12x7-13x12-caisse-claire-12x5-1.jpg\",\"datePublished\":\"2024-11-26T13:34:22+00:00\",\"dateModified\":\"2024-11-26T16:28:33+00:00\",\"description\":\"Ce kit est le fruit d'une collaboration entre Yamaha et le c\u00e9l\u00e8bre batteur Manu Katch\u00e9. Ensemble, ils ont cr\u00e9\u00e9 un instrument compact et l\u00e9ger, un excellent choix pour les batteurs confirm\u00e9s qui cherchent un instrument compact et polyvalent\",\"breadcrumb\":{\"@id\":\"https:\\\/\\\/www.rimocc.com\\\/product\\\/yamaha-manu-katche-junior-kit-cranberry-red-16x16-10x7-12x7-13x12-caisse-claire-12x5\\\/#breadcrumb\"},\"inLanguage\":\"en-US\",\"potentialAction\":[{\"@type\":\"ReadAction\",\"target\":[\"https:\\\/\\\/www.rimocc.com\\\/product\\\/yamaha-manu-katche-junior-kit-cranberry-red-16x16-10x7-12x7-13x12-caisse-claire-12x5\\\/\"]}]},{\"@type\":\"ImageObject\",\"inLanguage\":\"en-US\",\"@id\":\"https:\\\/\\\/www.rimocc.com\\\/product\\\/yamaha-manu-katche-junior-kit-cranberry-red-16x16-10x7-12x7-13x12-caisse-claire-12x5\\\/#primaryimage\",\"url\":\"https:\\\/\\\/www.rimocc.com\\\/wp-content\\\/uploads\\\/2024\\\/11\\\/Yamaha-Manu-Katche-Junior-Kit-Cranberry-Red-16x16-10x7-12x7-13x12-caisse-claire-12x5-1.jpg\",\"contentUrl\":\"https:\\\/\\\/www.rimocc.com\\\/wp-content\\\/uploads\\\/2024\\\/11\\\/Yamaha-Manu-Katche-Junior-Kit-Cranberry-Red-16x16-10x7-12x7-13x12-caisse-claire-12x5-1.jpg\",\"width\":1920,\"height\":1920,\"caption\":\"Yamaha Manu Katche Junior Kit Cranberry Red 16x16 10x7 12x7 13x12 + caisse claire 12x5\"},{\"@type\":\"BreadcrumbList\",\"@id\":\"https:\\\/\\\/www.rimocc.com\\\/product\\\/yamaha-manu-katche-junior-kit-cranberry-red-16x16-10x7-12x7-13x12-caisse-claire-12x5\\\/#breadcrumb\",\"itemListElement\":[{\"@type\":\"ListItem\",\"position\":1,\"name\":\"Home\",\"item\":\"https:\\\/\\\/www.rimocc.com\\\/\"},{\"@type\":\"ListItem\",\"position\":2,\"name\":\"Shop\",\"item\":\"https:\\\/\\\/www.rimocc.com\\\/shop\\\/\"},{\"@type\":\"ListItem\",\"position\":3,\"name\":\"Yamaha Manu Katche Junior Kit Cranberry Red 16&#8243;x16&#8243; 10&#8243;x7&#8243; 12&#8243;x7&#8243; 13&#8243;x12&#8243; + caisse claire 12&#8243;x5&#8243;\"}]},{\"@type\":\"WebSite\",\"@id\":\"https:\\\/\\\/www.rimocc.com\\\/#website\",\"url\":\"https:\\\/\\\/www.rimocc.com\\\/\",\"name\":\"D\u00e9p\u00f4t Vente Batterie Percussion | Rimocc Lyon\",\"description\":\"Rimocc: l&#039;unique magasin d\u00e9di\u00e9 enti\u00e8rement \u00e0 la batterie, percussion d&#039;occasion et vintage \u00e0 Lyon, France\",\"publisher\":{\"@id\":\"https:\\\/\\\/www.rimocc.com\\\/#organization\"},\"alternateName\":\"Rimocc'\",\"potentialAction\":[{\"@type\":\"SearchAction\",\"target\":{\"@type\":\"EntryPoint\",\"urlTemplate\":\"https:\\\/\\\/www.rimocc.com\\\/?s={search_term_string}\"},\"query-input\":{\"@type\":\"PropertyValueSpecification\",\"valueRequired\":true,\"valueName\":\"search_term_string\"}}],\"inLanguage\":\"en-US\"},{\"@type\":\"Organization\",\"@id\":\"https:\\\/\\\/www.rimocc.com\\\/#organization\",\"name\":\"Rimocc'\",\"alternateName\":\"Rimocc\",\"url\":\"https:\\\/\\\/www.rimocc.com\\\/\",\"logo\":{\"@type\":\"ImageObject\",\"inLanguage\":\"en-US\",\"@id\":\"https:\\\/\\\/www.rimocc.com\\\/#\\\/schema\\\/logo\\\/image\\\/\",\"url\":\"https:\\\/\\\/i0.wp.com\\\/www.rimocc.com\\\/wp-content\\\/uploads\\\/2023\\\/07\\\/RIMOCC_LOGO.jpg?fit=459%2C114&ssl=1\",\"contentUrl\":\"https:\\\/\\\/i0.wp.com\\\/www.rimocc.com\\\/wp-content\\\/uploads\\\/2023\\\/07\\\/RIMOCC_LOGO.jpg?fit=459%2C114&ssl=1\",\"width\":459,\"height\":114,\"caption\":\"Rimocc'\"},\"image\":{\"@id\":\"https:\\\/\\\/www.rimocc.com\\\/#\\\/schema\\\/logo\\\/image\\\/\"},\"sameAs\":[\"https:\\\/\\\/www.facebook.com\\\/rimocclyon\\\/?locale=fr_FR\",\"https:\\\/\\\/www.instagram.com\\\/rimoccc\\\/?hl=fr\",\"https:\\\/\\\/www.tiktok.com\\\/@rimocc\",\"https:\\\/\\\/www.youtube.com\\\/@Rimocc\"]}]}<\/script>\n<!-- \/ Yoast SEO plugin. -->","yoast_head_json":{"title":"Yamaha Manu Katche Junior Kit Cranberry Red 16\"x16\" 10\"x7\" 12\"x7\" 13\"x12\" + caisse claire 12\"x5\" - D\u00e9p\u00f4t Vente Batterie Percussion | Rimocc Lyon","description":"Ce kit est le fruit d'une collaboration entre Yamaha et le c\u00e9l\u00e8bre batteur Manu Katch\u00e9. Ensemble, ils ont cr\u00e9\u00e9 un instrument compact et l\u00e9ger, un excellent choix pour les batteurs confirm\u00e9s qui cherchent un instrument compact et polyvalent","robots":{"index":"index","follow":"follow","max-snippet":"max-snippet:-1","max-image-preview":"max-image-preview:large","max-video-preview":"max-video-preview:-1"},"canonical":"https:\/\/www.rimocc.com\/en\/product\/yamaha-manu-katche-junior-kit-cranberry-red-16x16-10x7-12x7-13x12-caisse-claire-12x5\/","og_locale":"en_US","og_type":"article","og_title":"Yamaha Manu Katche Junior Kit Cranberry Red 16\"x16\" 10\"x7\" 12\"x7\" 13\"x12\" + caisse claire 12\"x5\" - D\u00e9p\u00f4t Vente Batterie Percussion | Rimocc Lyon","og_description":"Ce kit est le fruit d'une collaboration entre Yamaha et le c\u00e9l\u00e8bre batteur Manu Katch\u00e9. Ensemble, ils ont cr\u00e9\u00e9 un instrument compact et l\u00e9ger, un excellent choix pour les batteurs confirm\u00e9s qui cherchent un instrument compact et polyvalent","og_url":"https:\/\/www.rimocc.com\/en\/product\/yamaha-manu-katche-junior-kit-cranberry-red-16x16-10x7-12x7-13x12-caisse-claire-12x5\/","og_site_name":"D\u00e9p\u00f4t Vente Batterie Percussion | Rimocc Lyon","article_publisher":"https:\/\/www.facebook.com\/rimocclyon\/?locale=fr_FR","article_modified_time":"2024-11-26T16:28:33+00:00","og_image":[{"width":1920,"height":1920,"url":"https:\/\/www.rimocc.com\/wp-content\/uploads\/2024\/11\/Yamaha-Manu-Katche-Junior-Kit-Cranberry-Red-16x16-10x7-12x7-13x12-caisse-claire-12x5-1.jpg","type":"image\/jpeg"}],"twitter_card":"summary_large_image","twitter_misc":{"Est. reading time":"1 minute"},"schema":{"@context":"https:\/\/schema.org","@graph":[{"@type":"WebPage","@id":"https:\/\/www.rimocc.com\/product\/yamaha-manu-katche-junior-kit-cranberry-red-16x16-10x7-12x7-13x12-caisse-claire-12x5\/","url":"https:\/\/www.rimocc.com\/product\/yamaha-manu-katche-junior-kit-cranberry-red-16x16-10x7-12x7-13x12-caisse-claire-12x5\/","name":"Yamaha Manu Katche Junior Kit Cranberry Red 16\"x16\" 10\"x7\" 12\"x7\" 13\"x12\" + caisse claire 12\"x5\" - D\u00e9p\u00f4t Vente Batterie Percussion | Rimocc Lyon","isPartOf":{"@id":"https:\/\/www.rimocc.com\/#website"},"primaryImageOfPage":{"@id":"https:\/\/www.rimocc.com\/product\/yamaha-manu-katche-junior-kit-cranberry-red-16x16-10x7-12x7-13x12-caisse-claire-12x5\/#primaryimage"},"image":{"@id":"https:\/\/www.rimocc.com\/product\/yamaha-manu-katche-junior-kit-cranberry-red-16x16-10x7-12x7-13x12-caisse-claire-12x5\/#primaryimage"},"thumbnailUrl":"https:\/\/www.rimocc.com\/wp-content\/uploads\/2024\/11\/Yamaha-Manu-Katche-Junior-Kit-Cranberry-Red-16x16-10x7-12x7-13x12-caisse-claire-12x5-1.jpg","datePublished":"2024-11-26T13:34:22+00:00","dateModified":"2024-11-26T16:28:33+00:00","description":"Ce kit est le fruit d'une collaboration entre Yamaha et le c\u00e9l\u00e8bre batteur Manu Katch\u00e9. Ensemble, ils ont cr\u00e9\u00e9 un instrument compact et l\u00e9ger, un excellent choix pour les batteurs confirm\u00e9s qui cherchent un instrument compact et polyvalent","breadcrumb":{"@id":"https:\/\/www.rimocc.com\/product\/yamaha-manu-katche-junior-kit-cranberry-red-16x16-10x7-12x7-13x12-caisse-claire-12x5\/#breadcrumb"},"inLanguage":"en-US","potentialAction":[{"@type":"ReadAction","target":["https:\/\/www.rimocc.com\/product\/yamaha-manu-katche-junior-kit-cranberry-red-16x16-10x7-12x7-13x12-caisse-claire-12x5\/"]}]},{"@type":"ImageObject","inLanguage":"en-US","@id":"https:\/\/www.rimocc.com\/product\/yamaha-manu-katche-junior-kit-cranberry-red-16x16-10x7-12x7-13x12-caisse-claire-12x5\/#primaryimage","url":"https:\/\/www.rimocc.com\/wp-content\/uploads\/2024\/11\/Yamaha-Manu-Katche-Junior-Kit-Cranberry-Red-16x16-10x7-12x7-13x12-caisse-claire-12x5-1.jpg","contentUrl":"https:\/\/www.rimocc.com\/wp-content\/uploads\/2024\/11\/Yamaha-Manu-Katche-Junior-Kit-Cranberry-Red-16x16-10x7-12x7-13x12-caisse-claire-12x5-1.jpg","width":1920,"height":1920,"caption":"Yamaha Manu Katche Junior Kit Cranberry Red 16x16 10x7 12x7 13x12 + caisse claire 12x5"},{"@type":"BreadcrumbList","@id":"https:\/\/www.rimocc.com\/product\/yamaha-manu-katche-junior-kit-cranberry-red-16x16-10x7-12x7-13x12-caisse-claire-12x5\/#breadcrumb","itemListElement":[{"@type":"ListItem","position":1,"name":"Home","item":"https:\/\/www.rimocc.com\/"},{"@type":"ListItem","position":2,"name":"Shop","item":"https:\/\/www.rimocc.com\/shop\/"},{"@type":"ListItem","position":3,"name":"Yamaha Manu Katche Junior Kit Cranberry Red 16&#8243;x16&#8243; 10&#8243;x7&#8243; 12&#8243;x7&#8243; 13&#8243;x12&#8243; + caisse claire 12&#8243;x5&#8243;"}]},{"@type":"WebSite","@id":"https:\/\/www.rimocc.com\/#website","url":"https:\/\/www.rimocc.com\/","name":"D\u00e9p\u00f4t Vente Batterie Percussion | Rimocc Lyon","description":"Rimocc: l&#039;unique magasin d\u00e9di\u00e9 enti\u00e8rement \u00e0 la batterie, percussion d&#039;occasion et vintage \u00e0 Lyon, France","publisher":{"@id":"https:\/\/www.rimocc.com\/#organization"},"alternateName":"Rimocc'","potentialAction":[{"@type":"SearchAction","target":{"@type":"EntryPoint","urlTemplate":"https:\/\/www.rimocc.com\/?s={search_term_string}"},"query-input":{"@type":"PropertyValueSpecification","valueRequired":true,"valueName":"search_term_string"}}],"inLanguage":"en-US"},{"@type":"Organization","@id":"https:\/\/www.rimocc.com\/#organization","name":"Rimocc'","alternateName":"Rimocc","url":"https:\/\/www.rimocc.com\/","logo":{"@type":"ImageObject","inLanguage":"en-US","@id":"https:\/\/www.rimocc.com\/#\/schema\/logo\/image\/","url":"https:\/\/i0.wp.com\/www.rimocc.com\/wp-content\/uploads\/2023\/07\/RIMOCC_LOGO.jpg?fit=459%2C114&ssl=1","contentUrl":"https:\/\/i0.wp.com\/www.rimocc.com\/wp-content\/uploads\/2023\/07\/RIMOCC_LOGO.jpg?fit=459%2C114&ssl=1","width":459,"height":114,"caption":"Rimocc'"},"image":{"@id":"https:\/\/www.rimocc.com\/#\/schema\/logo\/image\/"},"sameAs":["https:\/\/www.facebook.com\/rimocclyon\/?locale=fr_FR","https:\/\/www.instagram.com\/rimoccc\/?hl=fr","https:\/\/www.tiktok.com\/@rimocc","https:\/\/www.youtube.com\/@Rimocc"]}]}},"jetpack_publicize_connections":[],"jetpack_sharing_enabled":true,"_links":{"self":[{"href":"https:\/\/www.rimocc.com\/en\/wp-json\/wp\/v2\/product\/13487","targetHints":{"allow":["GET"]}}],"collection":[{"href":"https:\/\/www.rimocc.com\/en\/wp-json\/wp\/v2\/product"}],"about":[{"href":"https:\/\/www.rimocc.com\/en\/wp-json\/wp\/v2\/types\/product"}],"replies":[{"embeddable":true,"href":"https:\/\/www.rimocc.com\/en\/wp-json\/wp\/v2\/comments?post=13487"}],"wp:featuredmedia":[{"embeddable":true,"href":"https:\/\/www.rimocc.com\/en\/wp-json\/wp\/v2\/media\/13486"}],"wp:attachment":[{"href":"https:\/\/www.rimocc.com\/en\/wp-json\/wp\/v2\/media?parent=13487"}],"wp:term":[{"taxonomy":"product_brand","embeddable":true,"href":"https:\/\/www.rimocc.com\/en\/wp-json\/wp\/v2\/product_brand?post=13487"},{"taxonomy":"product_cat","embeddable":true,"href":"https:\/\/www.rimocc.com\/en\/wp-json\/wp\/v2\/product_cat?post=13487"},{"taxonomy":"product_tag","embeddable":true,"href":"https:\/\/www.rimocc.com\/en\/wp-json\/wp\/v2\/product_tag?post=13487"}],"curies":[{"name":"wp","href":"https:\/\/api.w.org\/{rel}","templated":true}]}}