{"id":13462,"date":"2024-11-22T10:59:23","date_gmt":"2024-11-22T09:59:23","guid":{"rendered":"https:\/\/www.rimocc.com\/?post_type=product&#038;p=13462"},"modified":"2024-12-21T18:32:30","modified_gmt":"2024-12-21T17:32:30","slug":"yamaha-oak-custom-signature-manu-katche-22x16-10x75-12x8-13x9-16x16-purple-sparkle","status":"publish","type":"product","link":"https:\/\/www.rimocc.com\/en\/product\/yamaha-oak-custom-signature-manu-katche-22x16-10x75-12x8-13x9-16x16-purple-sparkle\/","title":{"rendered":"Yamaha Oak Custom Signature Manu Katche 22&Prime;x16&Prime; 10&Prime;x7,5&Prime; 12&Prime;x8&Prime; 13&Prime;x9&Prime; 16&Prime;x16&Prime; Purple Sparkle"},"content":{"rendered":"<p>Limited to only 30 kits worldwide, the elusive<br \/>\nYamaha Oak Custom Signature Manu Katche<br \/>\n22&Prime;x16&Prime; 10&Prime;x7,5&Prime; 12&Prime;x8&Prime; 13&Prime;x9&Prime; 16&Prime;x16&Prime; Purple Sparkle<br \/>\nAs new, collector grade !<br \/>\n(Cymbal stand not included)<\/p>\n<p><em><strong>\u00ab\u00a0Pas de livraison, \u00e0 venir r\u00e9cup\u00e9rer sur place !<br \/>\nInternational order, local pick-up ONLY\u00a0\u00bb<\/strong><\/em><\/p>\n<p>Batterie D\u00e9p\u00f4t Vente Rimocc&rsquo; Lyon<\/p>","protected":false},"excerpt":{"rendered":"<p>Limited to only 30 kits worldwide, the elusive Yamaha Oak Custom Signature Manu Katche 22&Prime;x16&Prime; 10&Prime;x7,5&Prime; 12&Prime;x8&Prime; 13&Prime;x9&Prime; 16&Prime;x16&Prime; Purple Sparkle As new, collector grade ! (Cymbal stand not included) \u00ab\u00a0Pas de livraison, \u00e0 venir r\u00e9cup\u00e9rer sur place ! International order, local pick-up ONLY\u00a0\u00bb Batterie D\u00e9p\u00f4t Vente Rimocc&rsquo; Lyon<\/p>","protected":false},"featured_media":13460,"comment_status":"open","ping_status":"closed","template":"","meta":{"jetpack_publicize_message":"","jetpack_publicize_feature_enabled":true,"jetpack_social_post_already_shared":false,"jetpack_social_options":{"image_generator_settings":{"template":"highway","default_image_id":0,"font":"","enabled":false},"version":2}},"product_brand":[],"product_cat":[20],"product_tag":[41,548,43,538,530,56,319,613],"class_list":{"0":"post-13462","1":"product","2":"type-product","3":"status-publish","4":"has-post-thumbnail","6":"product_cat-batterie","7":"product_tag-batterie","8":"product_tag-depot-vente-lyon","9":"product_tag-drums","10":"product_tag-magasin-de-musique-lyon","11":"product_tag-manu-katche","12":"product_tag-yamaha","13":"product_tag-yamaha-oak-custom","14":"product_tag-yamaha-oak-custom-manu-katche","16":"entry","17":"has-media","19":"first","20":"outofstock","21":"shipping-taxable","22":"purchasable","23":"product-type-simple","24":"has-product-nav","25":"col","26":"span_1_of_3","27":"owp-content-center","28":"owp-thumbs-layout-horizontal","29":"owp-btn-normal","30":"owp-tabs-layout-horizontal"},"yoast_head":"<!-- This site is optimized with the Yoast SEO plugin v27.5 - https:\/\/yoast.com\/product\/yoast-seo-wordpress\/ -->\n<title>Yamaha Oak Custom Signature Manu Katche 22&quot;x16&quot; 10&quot;x7,5&quot; 12&quot;x8&quot; 13&quot;x9&quot; 16&quot;x16&quot; Purple Sparkle - D\u00e9p\u00f4t Vente Batterie Percussion | Rimocc Lyon<\/title>\n<meta name=\"description\" content=\"Designed in collaboration with renowned drummer Manu Katche, it features a unique purple sparkle finish &amp; sizes. Ltd to only 30 kits worldwide !\" \/>\n<meta name=\"robots\" content=\"index, follow, max-snippet:-1, max-image-preview:large, max-video-preview:-1\" \/>\n<link rel=\"canonical\" href=\"https:\/\/www.rimocc.com\/en\/product\/yamaha-oak-custom-signature-manu-katche-22x16-10x75-12x8-13x9-16x16-purple-sparkle\/\" \/>\n<meta property=\"og:locale\" content=\"en_US\" \/>\n<meta property=\"og:type\" content=\"article\" \/>\n<meta property=\"og:title\" content=\"Yamaha Oak Custom Signature Manu Katche 22&quot;x16&quot; 10&quot;x7,5&quot; 12&quot;x8&quot; 13&quot;x9&quot; 16&quot;x16&quot; Purple Sparkle - D\u00e9p\u00f4t Vente Batterie Percussion | Rimocc Lyon\" \/>\n<meta property=\"og:description\" content=\"Designed in collaboration with renowned drummer Manu Katche, it features a unique purple sparkle finish &amp; sizes. Ltd to only 30 kits worldwide !\" \/>\n<meta property=\"og:url\" content=\"https:\/\/www.rimocc.com\/en\/product\/yamaha-oak-custom-signature-manu-katche-22x16-10x75-12x8-13x9-16x16-purple-sparkle\/\" \/>\n<meta property=\"og:site_name\" content=\"D\u00e9p\u00f4t Vente Batterie Percussion | Rimocc Lyon\" \/>\n<meta property=\"article:publisher\" content=\"https:\/\/www.facebook.com\/rimocclyon\/?locale=fr_FR\" \/>\n<meta property=\"article:modified_time\" content=\"2024-12-21T17:32:30+00:00\" \/>\n<meta property=\"og:image\" content=\"https:\/\/www.rimocc.com\/wp-content\/uploads\/2024\/11\/Yamaha-Oak-Custom-Signature-Manu-Katche-22_x16_-10_x75_-12_x8_-13_x9_-16_x16_-Purple-Sparkle-1.jpg\" \/>\n\t<meta property=\"og:image:width\" content=\"1920\" \/>\n\t<meta property=\"og:image:height\" content=\"1920\" \/>\n\t<meta property=\"og:image:type\" content=\"image\/jpeg\" \/>\n<meta name=\"twitter:card\" content=\"summary_large_image\" \/>\n<meta name=\"twitter:label1\" content=\"Est. reading time\" \/>\n\t<meta name=\"twitter:data1\" content=\"1 minute\" \/>\n<script type=\"application\/ld+json\" class=\"yoast-schema-graph\">{\"@context\":\"https:\\\/\\\/schema.org\",\"@graph\":[{\"@type\":\"WebPage\",\"@id\":\"https:\\\/\\\/www.rimocc.com\\\/product\\\/yamaha-oak-custom-signature-manu-katche-22x16-10x75-12x8-13x9-16x16-purple-sparkle\\\/\",\"url\":\"https:\\\/\\\/www.rimocc.com\\\/product\\\/yamaha-oak-custom-signature-manu-katche-22x16-10x75-12x8-13x9-16x16-purple-sparkle\\\/\",\"name\":\"Yamaha Oak Custom Signature Manu Katche 22\\\"x16\\\" 10\\\"x7,5\\\" 12\\\"x8\\\" 13\\\"x9\\\" 16\\\"x16\\\" Purple Sparkle - D\u00e9p\u00f4t Vente Batterie Percussion | Rimocc Lyon\",\"isPartOf\":{\"@id\":\"https:\\\/\\\/www.rimocc.com\\\/#website\"},\"primaryImageOfPage\":{\"@id\":\"https:\\\/\\\/www.rimocc.com\\\/product\\\/yamaha-oak-custom-signature-manu-katche-22x16-10x75-12x8-13x9-16x16-purple-sparkle\\\/#primaryimage\"},\"image\":{\"@id\":\"https:\\\/\\\/www.rimocc.com\\\/product\\\/yamaha-oak-custom-signature-manu-katche-22x16-10x75-12x8-13x9-16x16-purple-sparkle\\\/#primaryimage\"},\"thumbnailUrl\":\"https:\\\/\\\/www.rimocc.com\\\/wp-content\\\/uploads\\\/2024\\\/11\\\/Yamaha-Oak-Custom-Signature-Manu-Katche-22_x16_-10_x75_-12_x8_-13_x9_-16_x16_-Purple-Sparkle-1.jpg\",\"datePublished\":\"2024-11-22T09:59:23+00:00\",\"dateModified\":\"2024-12-21T17:32:30+00:00\",\"description\":\"Designed in collaboration with renowned drummer Manu Katche, it features a unique purple sparkle finish & sizes. Ltd to only 30 kits worldwide !\",\"breadcrumb\":{\"@id\":\"https:\\\/\\\/www.rimocc.com\\\/product\\\/yamaha-oak-custom-signature-manu-katche-22x16-10x75-12x8-13x9-16x16-purple-sparkle\\\/#breadcrumb\"},\"inLanguage\":\"en-US\",\"potentialAction\":[{\"@type\":\"ReadAction\",\"target\":[\"https:\\\/\\\/www.rimocc.com\\\/product\\\/yamaha-oak-custom-signature-manu-katche-22x16-10x75-12x8-13x9-16x16-purple-sparkle\\\/\"]}]},{\"@type\":\"ImageObject\",\"inLanguage\":\"en-US\",\"@id\":\"https:\\\/\\\/www.rimocc.com\\\/product\\\/yamaha-oak-custom-signature-manu-katche-22x16-10x75-12x8-13x9-16x16-purple-sparkle\\\/#primaryimage\",\"url\":\"https:\\\/\\\/www.rimocc.com\\\/wp-content\\\/uploads\\\/2024\\\/11\\\/Yamaha-Oak-Custom-Signature-Manu-Katche-22_x16_-10_x75_-12_x8_-13_x9_-16_x16_-Purple-Sparkle-1.jpg\",\"contentUrl\":\"https:\\\/\\\/www.rimocc.com\\\/wp-content\\\/uploads\\\/2024\\\/11\\\/Yamaha-Oak-Custom-Signature-Manu-Katche-22_x16_-10_x75_-12_x8_-13_x9_-16_x16_-Purple-Sparkle-1.jpg\",\"width\":1920,\"height\":1920,\"caption\":\"Yamaha Oak Custom Signature Manu Katche 22\\\"x16\\\" 10\\\"x7,5\\\" 12\\\"x8\\\" 13\\\"x9\\\" 16\\\"x16\\\" Purple Sparkle\"},{\"@type\":\"BreadcrumbList\",\"@id\":\"https:\\\/\\\/www.rimocc.com\\\/product\\\/yamaha-oak-custom-signature-manu-katche-22x16-10x75-12x8-13x9-16x16-purple-sparkle\\\/#breadcrumb\",\"itemListElement\":[{\"@type\":\"ListItem\",\"position\":1,\"name\":\"Home\",\"item\":\"https:\\\/\\\/www.rimocc.com\\\/\"},{\"@type\":\"ListItem\",\"position\":2,\"name\":\"Shop\",\"item\":\"https:\\\/\\\/www.rimocc.com\\\/shop\\\/\"},{\"@type\":\"ListItem\",\"position\":3,\"name\":\"Yamaha Oak Custom Signature Manu Katche 22&#8243;x16&#8243; 10&#8243;x7,5&#8243; 12&#8243;x8&#8243; 13&#8243;x9&#8243; 16&#8243;x16&#8243; Purple Sparkle\"}]},{\"@type\":\"WebSite\",\"@id\":\"https:\\\/\\\/www.rimocc.com\\\/#website\",\"url\":\"https:\\\/\\\/www.rimocc.com\\\/\",\"name\":\"D\u00e9p\u00f4t Vente Batterie Percussion | Rimocc Lyon\",\"description\":\"Rimocc: l&#039;unique magasin d\u00e9di\u00e9 enti\u00e8rement \u00e0 la batterie, percussion d&#039;occasion et vintage \u00e0 Lyon, France\",\"publisher\":{\"@id\":\"https:\\\/\\\/www.rimocc.com\\\/#organization\"},\"alternateName\":\"Rimocc'\",\"potentialAction\":[{\"@type\":\"SearchAction\",\"target\":{\"@type\":\"EntryPoint\",\"urlTemplate\":\"https:\\\/\\\/www.rimocc.com\\\/?s={search_term_string}\"},\"query-input\":{\"@type\":\"PropertyValueSpecification\",\"valueRequired\":true,\"valueName\":\"search_term_string\"}}],\"inLanguage\":\"en-US\"},{\"@type\":\"Organization\",\"@id\":\"https:\\\/\\\/www.rimocc.com\\\/#organization\",\"name\":\"Rimocc'\",\"alternateName\":\"Rimocc\",\"url\":\"https:\\\/\\\/www.rimocc.com\\\/\",\"logo\":{\"@type\":\"ImageObject\",\"inLanguage\":\"en-US\",\"@id\":\"https:\\\/\\\/www.rimocc.com\\\/#\\\/schema\\\/logo\\\/image\\\/\",\"url\":\"https:\\\/\\\/i0.wp.com\\\/www.rimocc.com\\\/wp-content\\\/uploads\\\/2023\\\/07\\\/RIMOCC_LOGO.jpg?fit=459%2C114&ssl=1\",\"contentUrl\":\"https:\\\/\\\/i0.wp.com\\\/www.rimocc.com\\\/wp-content\\\/uploads\\\/2023\\\/07\\\/RIMOCC_LOGO.jpg?fit=459%2C114&ssl=1\",\"width\":459,\"height\":114,\"caption\":\"Rimocc'\"},\"image\":{\"@id\":\"https:\\\/\\\/www.rimocc.com\\\/#\\\/schema\\\/logo\\\/image\\\/\"},\"sameAs\":[\"https:\\\/\\\/www.facebook.com\\\/rimocclyon\\\/?locale=fr_FR\",\"https:\\\/\\\/www.instagram.com\\\/rimoccc\\\/?hl=fr\",\"https:\\\/\\\/www.tiktok.com\\\/@rimocc\",\"https:\\\/\\\/www.youtube.com\\\/@Rimocc\"]}]}<\/script>\n<!-- \/ Yoast SEO plugin. -->","yoast_head_json":{"title":"Yamaha Oak Custom Signature Manu Katche 22\"x16\" 10\"x7,5\" 12\"x8\" 13\"x9\" 16\"x16\" Purple Sparkle - D\u00e9p\u00f4t Vente Batterie Percussion | Rimocc Lyon","description":"Designed in collaboration with renowned drummer Manu Katche, it features a unique purple sparkle finish & sizes. Ltd to only 30 kits worldwide !","robots":{"index":"index","follow":"follow","max-snippet":"max-snippet:-1","max-image-preview":"max-image-preview:large","max-video-preview":"max-video-preview:-1"},"canonical":"https:\/\/www.rimocc.com\/en\/product\/yamaha-oak-custom-signature-manu-katche-22x16-10x75-12x8-13x9-16x16-purple-sparkle\/","og_locale":"en_US","og_type":"article","og_title":"Yamaha Oak Custom Signature Manu Katche 22\"x16\" 10\"x7,5\" 12\"x8\" 13\"x9\" 16\"x16\" Purple Sparkle - D\u00e9p\u00f4t Vente Batterie Percussion | Rimocc Lyon","og_description":"Designed in collaboration with renowned drummer Manu Katche, it features a unique purple sparkle finish & sizes. Ltd to only 30 kits worldwide !","og_url":"https:\/\/www.rimocc.com\/en\/product\/yamaha-oak-custom-signature-manu-katche-22x16-10x75-12x8-13x9-16x16-purple-sparkle\/","og_site_name":"D\u00e9p\u00f4t Vente Batterie Percussion | Rimocc Lyon","article_publisher":"https:\/\/www.facebook.com\/rimocclyon\/?locale=fr_FR","article_modified_time":"2024-12-21T17:32:30+00:00","og_image":[{"width":1920,"height":1920,"url":"https:\/\/www.rimocc.com\/wp-content\/uploads\/2024\/11\/Yamaha-Oak-Custom-Signature-Manu-Katche-22_x16_-10_x75_-12_x8_-13_x9_-16_x16_-Purple-Sparkle-1.jpg","type":"image\/jpeg"}],"twitter_card":"summary_large_image","twitter_misc":{"Est. reading time":"1 minute"},"schema":{"@context":"https:\/\/schema.org","@graph":[{"@type":"WebPage","@id":"https:\/\/www.rimocc.com\/product\/yamaha-oak-custom-signature-manu-katche-22x16-10x75-12x8-13x9-16x16-purple-sparkle\/","url":"https:\/\/www.rimocc.com\/product\/yamaha-oak-custom-signature-manu-katche-22x16-10x75-12x8-13x9-16x16-purple-sparkle\/","name":"Yamaha Oak Custom Signature Manu Katche 22\"x16\" 10\"x7,5\" 12\"x8\" 13\"x9\" 16\"x16\" Purple Sparkle - D\u00e9p\u00f4t Vente Batterie Percussion | Rimocc Lyon","isPartOf":{"@id":"https:\/\/www.rimocc.com\/#website"},"primaryImageOfPage":{"@id":"https:\/\/www.rimocc.com\/product\/yamaha-oak-custom-signature-manu-katche-22x16-10x75-12x8-13x9-16x16-purple-sparkle\/#primaryimage"},"image":{"@id":"https:\/\/www.rimocc.com\/product\/yamaha-oak-custom-signature-manu-katche-22x16-10x75-12x8-13x9-16x16-purple-sparkle\/#primaryimage"},"thumbnailUrl":"https:\/\/www.rimocc.com\/wp-content\/uploads\/2024\/11\/Yamaha-Oak-Custom-Signature-Manu-Katche-22_x16_-10_x75_-12_x8_-13_x9_-16_x16_-Purple-Sparkle-1.jpg","datePublished":"2024-11-22T09:59:23+00:00","dateModified":"2024-12-21T17:32:30+00:00","description":"Designed in collaboration with renowned drummer Manu Katche, it features a unique purple sparkle finish & sizes. Ltd to only 30 kits worldwide !","breadcrumb":{"@id":"https:\/\/www.rimocc.com\/product\/yamaha-oak-custom-signature-manu-katche-22x16-10x75-12x8-13x9-16x16-purple-sparkle\/#breadcrumb"},"inLanguage":"en-US","potentialAction":[{"@type":"ReadAction","target":["https:\/\/www.rimocc.com\/product\/yamaha-oak-custom-signature-manu-katche-22x16-10x75-12x8-13x9-16x16-purple-sparkle\/"]}]},{"@type":"ImageObject","inLanguage":"en-US","@id":"https:\/\/www.rimocc.com\/product\/yamaha-oak-custom-signature-manu-katche-22x16-10x75-12x8-13x9-16x16-purple-sparkle\/#primaryimage","url":"https:\/\/www.rimocc.com\/wp-content\/uploads\/2024\/11\/Yamaha-Oak-Custom-Signature-Manu-Katche-22_x16_-10_x75_-12_x8_-13_x9_-16_x16_-Purple-Sparkle-1.jpg","contentUrl":"https:\/\/www.rimocc.com\/wp-content\/uploads\/2024\/11\/Yamaha-Oak-Custom-Signature-Manu-Katche-22_x16_-10_x75_-12_x8_-13_x9_-16_x16_-Purple-Sparkle-1.jpg","width":1920,"height":1920,"caption":"Yamaha Oak Custom Signature Manu Katche 22\"x16\" 10\"x7,5\" 12\"x8\" 13\"x9\" 16\"x16\" Purple Sparkle"},{"@type":"BreadcrumbList","@id":"https:\/\/www.rimocc.com\/product\/yamaha-oak-custom-signature-manu-katche-22x16-10x75-12x8-13x9-16x16-purple-sparkle\/#breadcrumb","itemListElement":[{"@type":"ListItem","position":1,"name":"Home","item":"https:\/\/www.rimocc.com\/"},{"@type":"ListItem","position":2,"name":"Shop","item":"https:\/\/www.rimocc.com\/shop\/"},{"@type":"ListItem","position":3,"name":"Yamaha Oak Custom Signature Manu Katche 22&#8243;x16&#8243; 10&#8243;x7,5&#8243; 12&#8243;x8&#8243; 13&#8243;x9&#8243; 16&#8243;x16&#8243; Purple Sparkle"}]},{"@type":"WebSite","@id":"https:\/\/www.rimocc.com\/#website","url":"https:\/\/www.rimocc.com\/","name":"D\u00e9p\u00f4t Vente Batterie Percussion | Rimocc Lyon","description":"Rimocc: l&#039;unique magasin d\u00e9di\u00e9 enti\u00e8rement \u00e0 la batterie, percussion d&#039;occasion et vintage \u00e0 Lyon, France","publisher":{"@id":"https:\/\/www.rimocc.com\/#organization"},"alternateName":"Rimocc'","potentialAction":[{"@type":"SearchAction","target":{"@type":"EntryPoint","urlTemplate":"https:\/\/www.rimocc.com\/?s={search_term_string}"},"query-input":{"@type":"PropertyValueSpecification","valueRequired":true,"valueName":"search_term_string"}}],"inLanguage":"en-US"},{"@type":"Organization","@id":"https:\/\/www.rimocc.com\/#organization","name":"Rimocc'","alternateName":"Rimocc","url":"https:\/\/www.rimocc.com\/","logo":{"@type":"ImageObject","inLanguage":"en-US","@id":"https:\/\/www.rimocc.com\/#\/schema\/logo\/image\/","url":"https:\/\/i0.wp.com\/www.rimocc.com\/wp-content\/uploads\/2023\/07\/RIMOCC_LOGO.jpg?fit=459%2C114&ssl=1","contentUrl":"https:\/\/i0.wp.com\/www.rimocc.com\/wp-content\/uploads\/2023\/07\/RIMOCC_LOGO.jpg?fit=459%2C114&ssl=1","width":459,"height":114,"caption":"Rimocc'"},"image":{"@id":"https:\/\/www.rimocc.com\/#\/schema\/logo\/image\/"},"sameAs":["https:\/\/www.facebook.com\/rimocclyon\/?locale=fr_FR","https:\/\/www.instagram.com\/rimoccc\/?hl=fr","https:\/\/www.tiktok.com\/@rimocc","https:\/\/www.youtube.com\/@Rimocc"]}]}},"jetpack_publicize_connections":[],"jetpack_sharing_enabled":true,"_links":{"self":[{"href":"https:\/\/www.rimocc.com\/en\/wp-json\/wp\/v2\/product\/13462","targetHints":{"allow":["GET"]}}],"collection":[{"href":"https:\/\/www.rimocc.com\/en\/wp-json\/wp\/v2\/product"}],"about":[{"href":"https:\/\/www.rimocc.com\/en\/wp-json\/wp\/v2\/types\/product"}],"replies":[{"embeddable":true,"href":"https:\/\/www.rimocc.com\/en\/wp-json\/wp\/v2\/comments?post=13462"}],"wp:featuredmedia":[{"embeddable":true,"href":"https:\/\/www.rimocc.com\/en\/wp-json\/wp\/v2\/media\/13460"}],"wp:attachment":[{"href":"https:\/\/www.rimocc.com\/en\/wp-json\/wp\/v2\/media?parent=13462"}],"wp:term":[{"taxonomy":"product_brand","embeddable":true,"href":"https:\/\/www.rimocc.com\/en\/wp-json\/wp\/v2\/product_brand?post=13462"},{"taxonomy":"product_cat","embeddable":true,"href":"https:\/\/www.rimocc.com\/en\/wp-json\/wp\/v2\/product_cat?post=13462"},{"taxonomy":"product_tag","embeddable":true,"href":"https:\/\/www.rimocc.com\/en\/wp-json\/wp\/v2\/product_tag?post=13462"}],"curies":[{"name":"wp","href":"https:\/\/api.w.org\/{rel}","templated":true}]}}