{"id":13442,"date":"2024-11-15T17:28:31","date_gmt":"2024-11-15T16:28:31","guid":{"rendered":"https:\/\/www.rimocc.com\/?post_type=product&#038;p=13442"},"modified":"2025-10-23T19:07:53","modified_gmt":"2025-10-23T17:07:53","slug":"ludwig-vintage-club-date-rock-duco-blue-to-silver-fade-22x14-13x9-16x16-2017-made-in-usa-ltd-edition","status":"publish","type":"product","link":"https:\/\/www.rimocc.com\/en\/product\/ludwig-vintage-club-date-rock-duco-blue-to-silver-fade-22x14-13x9-16x16-2017-made-in-usa-ltd-edition\/","title":{"rendered":"Ludwig Vintage Club Date Rock Duco Blue to Silver Fade 22&Prime;x14&Prime; 13&Prime;x9&Prime; 16&Prime;x16&Prime; 2017 Made in USA  Ltd Edition"},"content":{"rendered":"<p>Ludwig Vintage Club Date Rock Duco Blue to Silver Fade 22&Prime;x14&Prime; 13&Prime;x9&Prime; 16&Prime;x16&Prime; 2017 Made in USA Ltd Edition<br \/>\nEtat comme neuf<br \/>\nEdition limit\u00e9e de 2017<br \/>\nAttache tom Ludwig inclue (pied de cymbale non compris)<\/p>\n<p>La batterie Ludwig Club Date Rock de 2017, arborant une finition Duco bleu \u00e0 argent d\u00e9grad\u00e9, est une r\u00e9\u00e9dition moderne d&rsquo;un classique vintage. Avec ses dimensions rock traditionnelles (22&Prime;x14&Prime;, 13&Prime;x9&Prime;, 16&Prime;x16&Prime;), elle offre un son chaud et r\u00e9sonnant, typique des Club Date. La finition Duco, avec son d\u00e9grad\u00e9 distinctif, ajoute une touche esth\u00e9tique unique. Ce mod\u00e8le, appr\u00e9ci\u00e9 pour son style r\u00e9tro et sa sonorit\u00e9 polyvalente, est recherch\u00e9 par les batteurs d\u00e9sirant un instrument \u00e0 la fois esth\u00e9tique et performant.<\/p>\n<p><em><strong>\u00ab\u00a0Enl\u00e8vement sur place privil\u00e9gi\u00e9 mais envoi possible dans toute la France sur devis s\u00e9par\u00e9 &#8211; merci de s\u00e9lectionner l&rsquo;option \u00ab\u00a0retrait en magasin\u00a0\u00bb et nous vous ferons parvenir un devis s\u00e9par\u00e9 pour la livraison, \u00e0 r\u00e9gler s\u00e9par\u00e9ment<br \/>\nInternational order, pick-up ONLY\u00a0\u00bb<br \/>\n<\/strong><\/em><\/p>\n<p>L&rsquo;histoire des finitions \u00ab\u00a0Duco\u00a0\u00bb chez Ludwig est un r\u00e9cit captivant qui croise l&rsquo;innovation industrielle et l&rsquo;esth\u00e9tique musicale.<\/p>\n<p><strong>L&rsquo;origine du \u00ab\u00a0Duco\u00a0\u00bb :<\/strong><br \/>\n\u00c0 l&rsquo;origine, \u00ab\u00a0Duco\u00a0\u00bb n&rsquo;\u00e9tait pas un terme propre aux batteries. Il d\u00e9signait une marque de laque nitrocellulosique mise au point par DuPont. Cette peinture \u00e0 s\u00e9chage rapide a r\u00e9volutionn\u00e9 l&rsquo;industrie automobile.<br \/>\nLes fabricants de batteries, dont Ludwig, ont adopt\u00e9 cette technologie, ce qui a permis d&rsquo;obtenir des finitions \u00e9clatantes et durables.<br \/>\nAu fil du temps, \u00ab\u00a0Duco\u00a0\u00bb est devenu synonyme de finitions laqu\u00e9es bicolores sur les batteries vintage.<br \/>\n<strong>L&rsquo;adoption par Ludwig :<\/strong><br \/>\nLudwig a commenc\u00e9 \u00e0 utiliser les finitions Duco, offrant ainsi aux batteurs une gamme de choix visuels plus \u00e9tendue que les traditionnels rev\u00eatements perl\u00e9s.<br \/>\nCes finitions, en particulier les d\u00e9grad\u00e9s bicolores, sont devenues une marque distinctive des batteries Ludwig vintage.<br \/>\nCes finitions \u00e9taient tr\u00e8s populaires dans les ann\u00e9es 1930, 40 et 50.<br \/>\n<strong>Caract\u00e9ristiques et h\u00e9ritage :<\/strong><br \/>\nLes finitions Duco sont r\u00e9put\u00e9es pour leur aspect distinctif, souvent caract\u00e9ris\u00e9 par des transitions de couleurs douces.<br \/>\nEn raison de la nature de la peinture, les finitions Duco vintage pr\u00e9sentent souvent des signes de vieillissement, tels que des craquelures et une d\u00e9coloration, ce qui contribue \u00e0 leur attrait vintage.<br \/>\nAujourd&rsquo;hui, les batteries dot\u00e9es de finitions Duco sont tr\u00e8s recherch\u00e9es par les collectionneurs et les batteurs qui appr\u00e9cient l&rsquo;aspect et le son vintage.<\/p>\n<p><a href=\"https:\/\/www.ludwig-drums.com\/\">https:\/\/www.ludwig-drums.com\/<\/a><br \/>\n<a href=\"https:\/\/www.rimocc.com\/en\/product-category\/batterie\/\">https:\/\/www.rimocc.com\/product-category\/batterie\/<\/a><\/p>\n<p>Batterie D\u00e9p\u00f4t Vente Rimocc&rsquo; Lyon<\/p>","protected":false},"excerpt":{"rendered":"<p>Ludwig Vintage Club Date Rock Duco Blue to Silver Fade 22&Prime;x14&Prime; 13&Prime;x9&Prime; 16&Prime;x16&Prime; 2017 Made in USA Ltd Edition Etat comme neuf Edition limit\u00e9e de 2017 Attache tom Ludwig inclue (pied de cymbale non compris) La batterie Ludwig Club Date Rock de 2017, arborant une finition Duco bleu \u00e0 argent d\u00e9grad\u00e9, est une r\u00e9\u00e9dition moderne [&hellip;]<\/p>\n","protected":false},"featured_media":13440,"comment_status":"open","ping_status":"closed","template":"","meta":{"jetpack_publicize_message":"","jetpack_publicize_feature_enabled":true,"jetpack_social_post_already_shared":false,"jetpack_social_options":{"image_generator_settings":{"template":"highway","default_image_id":0,"font":"","enabled":false},"version":2}},"product_brand":[],"product_cat":[20],"product_tag":[548,93,375,612,538],"class_list":{"0":"post-13442","1":"product","2":"type-product","3":"status-publish","4":"has-post-thumbnail","6":"product_cat-batterie","7":"product_tag-depot-vente-lyon","8":"product_tag-ludwig","9":"product_tag-ludwig-club-date","10":"product_tag-ludwig-duco","11":"product_tag-magasin-de-musique-lyon","13":"entry","14":"has-media","16":"first","17":"outofstock","18":"shipping-taxable","19":"purchasable","20":"product-type-simple","21":"has-product-nav","22":"col","23":"span_1_of_3","24":"owp-content-center","25":"owp-thumbs-layout-horizontal","26":"owp-btn-normal","27":"owp-tabs-layout-horizontal"},"yoast_head":"<!-- This site is optimized with the Yoast SEO plugin v27.5 - https:\/\/yoast.com\/product\/yoast-seo-wordpress\/ -->\n<title>Ludwig Vintage Club Date Rock Duco Blue to Silver Fade 22&quot;x14&quot; 13&quot;x9&quot; 16&quot;x16&quot; 2017 Made in USA Ltd Edition - D\u00e9p\u00f4t Vente Batterie Percussion | Rimocc Lyon<\/title>\n<meta name=\"description\" content=\"La Ludwig Vintage Club Date Rock en Duco bleu \u00e0 argent d\u00e9grad\u00e9 est une batterie l\u00e9gendaire qui combine un design classique, un son chaud et polyvalent.\" \/>\n<meta name=\"robots\" content=\"index, follow, max-snippet:-1, max-image-preview:large, max-video-preview:-1\" \/>\n<link rel=\"canonical\" href=\"https:\/\/www.rimocc.com\/en\/product\/ludwig-vintage-club-date-rock-duco-blue-to-silver-fade-22x14-13x9-16x16-2017-made-in-usa-ltd-edition\/\" \/>\n<meta property=\"og:locale\" content=\"en_US\" \/>\n<meta property=\"og:type\" content=\"article\" \/>\n<meta property=\"og:title\" content=\"Ludwig Vintage Club Date Rock Duco Blue to Silver Fade 22&quot;x14&quot; 13&quot;x9&quot; 16&quot;x16&quot; 2017 Made in USA Ltd Edition - D\u00e9p\u00f4t Vente Batterie Percussion | Rimocc Lyon\" \/>\n<meta property=\"og:description\" content=\"La Ludwig Vintage Club Date Rock en Duco bleu \u00e0 argent d\u00e9grad\u00e9 est une batterie l\u00e9gendaire qui combine un design classique, un son chaud et polyvalent.\" \/>\n<meta property=\"og:url\" content=\"https:\/\/www.rimocc.com\/en\/product\/ludwig-vintage-club-date-rock-duco-blue-to-silver-fade-22x14-13x9-16x16-2017-made-in-usa-ltd-edition\/\" \/>\n<meta property=\"og:site_name\" content=\"D\u00e9p\u00f4t Vente Batterie Percussion | Rimocc Lyon\" \/>\n<meta property=\"article:publisher\" content=\"https:\/\/www.facebook.com\/rimocclyon\/?locale=fr_FR\" \/>\n<meta property=\"article:modified_time\" content=\"2025-10-23T17:07:53+00:00\" \/>\n<meta property=\"og:image\" content=\"https:\/\/www.rimocc.com\/wp-content\/uploads\/2024\/11\/Ludwig-Vintage-Club-Date-Rock-Duco-Blue-to-Silver-Fade-22_x14_-13_x9_-16_x16_-2017-Made-in-USA-Ltd-Edition-1.jpg\" \/>\n\t<meta property=\"og:image:width\" content=\"1920\" \/>\n\t<meta property=\"og:image:height\" content=\"1920\" \/>\n\t<meta property=\"og:image:type\" content=\"image\/jpeg\" \/>\n<meta name=\"twitter:card\" content=\"summary_large_image\" \/>\n<meta name=\"twitter:label1\" content=\"Est. reading time\" \/>\n\t<meta name=\"twitter:data1\" content=\"2 minutes\" \/>\n<script type=\"application\/ld+json\" class=\"yoast-schema-graph\">{\"@context\":\"https:\\\/\\\/schema.org\",\"@graph\":[{\"@type\":\"WebPage\",\"@id\":\"https:\\\/\\\/www.rimocc.com\\\/product\\\/ludwig-vintage-club-date-rock-duco-blue-to-silver-fade-22x14-13x9-16x16-2017-made-in-usa-ltd-edition\\\/\",\"url\":\"https:\\\/\\\/www.rimocc.com\\\/product\\\/ludwig-vintage-club-date-rock-duco-blue-to-silver-fade-22x14-13x9-16x16-2017-made-in-usa-ltd-edition\\\/\",\"name\":\"Ludwig Vintage Club Date Rock Duco Blue to Silver Fade 22\\\"x14\\\" 13\\\"x9\\\" 16\\\"x16\\\" 2017 Made in USA Ltd Edition - D\u00e9p\u00f4t Vente Batterie Percussion | Rimocc Lyon\",\"isPartOf\":{\"@id\":\"https:\\\/\\\/www.rimocc.com\\\/#website\"},\"primaryImageOfPage\":{\"@id\":\"https:\\\/\\\/www.rimocc.com\\\/product\\\/ludwig-vintage-club-date-rock-duco-blue-to-silver-fade-22x14-13x9-16x16-2017-made-in-usa-ltd-edition\\\/#primaryimage\"},\"image\":{\"@id\":\"https:\\\/\\\/www.rimocc.com\\\/product\\\/ludwig-vintage-club-date-rock-duco-blue-to-silver-fade-22x14-13x9-16x16-2017-made-in-usa-ltd-edition\\\/#primaryimage\"},\"thumbnailUrl\":\"https:\\\/\\\/www.rimocc.com\\\/wp-content\\\/uploads\\\/2024\\\/11\\\/Ludwig-Vintage-Club-Date-Rock-Duco-Blue-to-Silver-Fade-22_x14_-13_x9_-16_x16_-2017-Made-in-USA-Ltd-Edition-1.jpg\",\"datePublished\":\"2024-11-15T16:28:31+00:00\",\"dateModified\":\"2025-10-23T17:07:53+00:00\",\"description\":\"La Ludwig Vintage Club Date Rock en Duco bleu \u00e0 argent d\u00e9grad\u00e9 est une batterie l\u00e9gendaire qui combine un design classique, un son chaud et polyvalent.\",\"breadcrumb\":{\"@id\":\"https:\\\/\\\/www.rimocc.com\\\/product\\\/ludwig-vintage-club-date-rock-duco-blue-to-silver-fade-22x14-13x9-16x16-2017-made-in-usa-ltd-edition\\\/#breadcrumb\"},\"inLanguage\":\"en-US\",\"potentialAction\":[{\"@type\":\"ReadAction\",\"target\":[\"https:\\\/\\\/www.rimocc.com\\\/product\\\/ludwig-vintage-club-date-rock-duco-blue-to-silver-fade-22x14-13x9-16x16-2017-made-in-usa-ltd-edition\\\/\"]}]},{\"@type\":\"ImageObject\",\"inLanguage\":\"en-US\",\"@id\":\"https:\\\/\\\/www.rimocc.com\\\/product\\\/ludwig-vintage-club-date-rock-duco-blue-to-silver-fade-22x14-13x9-16x16-2017-made-in-usa-ltd-edition\\\/#primaryimage\",\"url\":\"https:\\\/\\\/www.rimocc.com\\\/wp-content\\\/uploads\\\/2024\\\/11\\\/Ludwig-Vintage-Club-Date-Rock-Duco-Blue-to-Silver-Fade-22_x14_-13_x9_-16_x16_-2017-Made-in-USA-Ltd-Edition-1.jpg\",\"contentUrl\":\"https:\\\/\\\/www.rimocc.com\\\/wp-content\\\/uploads\\\/2024\\\/11\\\/Ludwig-Vintage-Club-Date-Rock-Duco-Blue-to-Silver-Fade-22_x14_-13_x9_-16_x16_-2017-Made-in-USA-Ltd-Edition-1.jpg\",\"width\":1920,\"height\":1920,\"caption\":\"Ludwig Vintage Club Date Rock Duco Blue to Silver Fade 22\\\"x14\\\" 13\\\"x9\\\" 16\\\"x16\\\" 2017 Made in USA Ltd Edition\"},{\"@type\":\"BreadcrumbList\",\"@id\":\"https:\\\/\\\/www.rimocc.com\\\/product\\\/ludwig-vintage-club-date-rock-duco-blue-to-silver-fade-22x14-13x9-16x16-2017-made-in-usa-ltd-edition\\\/#breadcrumb\",\"itemListElement\":[{\"@type\":\"ListItem\",\"position\":1,\"name\":\"Home\",\"item\":\"https:\\\/\\\/www.rimocc.com\\\/\"},{\"@type\":\"ListItem\",\"position\":2,\"name\":\"Shop\",\"item\":\"https:\\\/\\\/www.rimocc.com\\\/shop\\\/\"},{\"@type\":\"ListItem\",\"position\":3,\"name\":\"Ludwig Vintage Club Date Rock Duco Blue to Silver Fade 22&#8243;x14&#8243; 13&#8243;x9&#8243; 16&#8243;x16&#8243; 2017 Made in USA Ltd Edition\"}]},{\"@type\":\"WebSite\",\"@id\":\"https:\\\/\\\/www.rimocc.com\\\/#website\",\"url\":\"https:\\\/\\\/www.rimocc.com\\\/\",\"name\":\"D\u00e9p\u00f4t Vente Batterie Percussion | Rimocc Lyon\",\"description\":\"Rimocc: l&#039;unique magasin d\u00e9di\u00e9 enti\u00e8rement \u00e0 la batterie, percussion d&#039;occasion et vintage \u00e0 Lyon, France\",\"publisher\":{\"@id\":\"https:\\\/\\\/www.rimocc.com\\\/#organization\"},\"alternateName\":\"Rimocc'\",\"potentialAction\":[{\"@type\":\"SearchAction\",\"target\":{\"@type\":\"EntryPoint\",\"urlTemplate\":\"https:\\\/\\\/www.rimocc.com\\\/?s={search_term_string}\"},\"query-input\":{\"@type\":\"PropertyValueSpecification\",\"valueRequired\":true,\"valueName\":\"search_term_string\"}}],\"inLanguage\":\"en-US\"},{\"@type\":\"Organization\",\"@id\":\"https:\\\/\\\/www.rimocc.com\\\/#organization\",\"name\":\"Rimocc'\",\"alternateName\":\"Rimocc\",\"url\":\"https:\\\/\\\/www.rimocc.com\\\/\",\"logo\":{\"@type\":\"ImageObject\",\"inLanguage\":\"en-US\",\"@id\":\"https:\\\/\\\/www.rimocc.com\\\/#\\\/schema\\\/logo\\\/image\\\/\",\"url\":\"https:\\\/\\\/i0.wp.com\\\/www.rimocc.com\\\/wp-content\\\/uploads\\\/2023\\\/07\\\/RIMOCC_LOGO.jpg?fit=459%2C114&ssl=1\",\"contentUrl\":\"https:\\\/\\\/i0.wp.com\\\/www.rimocc.com\\\/wp-content\\\/uploads\\\/2023\\\/07\\\/RIMOCC_LOGO.jpg?fit=459%2C114&ssl=1\",\"width\":459,\"height\":114,\"caption\":\"Rimocc'\"},\"image\":{\"@id\":\"https:\\\/\\\/www.rimocc.com\\\/#\\\/schema\\\/logo\\\/image\\\/\"},\"sameAs\":[\"https:\\\/\\\/www.facebook.com\\\/rimocclyon\\\/?locale=fr_FR\",\"https:\\\/\\\/www.instagram.com\\\/rimoccc\\\/?hl=fr\",\"https:\\\/\\\/www.tiktok.com\\\/@rimocc\",\"https:\\\/\\\/www.youtube.com\\\/@Rimocc\"]}]}<\/script>\n<!-- \/ Yoast SEO plugin. -->","yoast_head_json":{"title":"Ludwig Vintage Club Date Rock Duco Blue to Silver Fade 22\"x14\" 13\"x9\" 16\"x16\" 2017 Made in USA Ltd Edition - D\u00e9p\u00f4t Vente Batterie Percussion | Rimocc Lyon","description":"La Ludwig Vintage Club Date Rock en Duco bleu \u00e0 argent d\u00e9grad\u00e9 est une batterie l\u00e9gendaire qui combine un design classique, un son chaud et polyvalent.","robots":{"index":"index","follow":"follow","max-snippet":"max-snippet:-1","max-image-preview":"max-image-preview:large","max-video-preview":"max-video-preview:-1"},"canonical":"https:\/\/www.rimocc.com\/en\/product\/ludwig-vintage-club-date-rock-duco-blue-to-silver-fade-22x14-13x9-16x16-2017-made-in-usa-ltd-edition\/","og_locale":"en_US","og_type":"article","og_title":"Ludwig Vintage Club Date Rock Duco Blue to Silver Fade 22\"x14\" 13\"x9\" 16\"x16\" 2017 Made in USA Ltd Edition - D\u00e9p\u00f4t Vente Batterie Percussion | Rimocc Lyon","og_description":"La Ludwig Vintage Club Date Rock en Duco bleu \u00e0 argent d\u00e9grad\u00e9 est une batterie l\u00e9gendaire qui combine un design classique, un son chaud et polyvalent.","og_url":"https:\/\/www.rimocc.com\/en\/product\/ludwig-vintage-club-date-rock-duco-blue-to-silver-fade-22x14-13x9-16x16-2017-made-in-usa-ltd-edition\/","og_site_name":"D\u00e9p\u00f4t Vente Batterie Percussion | Rimocc Lyon","article_publisher":"https:\/\/www.facebook.com\/rimocclyon\/?locale=fr_FR","article_modified_time":"2025-10-23T17:07:53+00:00","og_image":[{"width":1920,"height":1920,"url":"https:\/\/www.rimocc.com\/wp-content\/uploads\/2024\/11\/Ludwig-Vintage-Club-Date-Rock-Duco-Blue-to-Silver-Fade-22_x14_-13_x9_-16_x16_-2017-Made-in-USA-Ltd-Edition-1.jpg","type":"image\/jpeg"}],"twitter_card":"summary_large_image","twitter_misc":{"Est. reading time":"2 minutes"},"schema":{"@context":"https:\/\/schema.org","@graph":[{"@type":"WebPage","@id":"https:\/\/www.rimocc.com\/product\/ludwig-vintage-club-date-rock-duco-blue-to-silver-fade-22x14-13x9-16x16-2017-made-in-usa-ltd-edition\/","url":"https:\/\/www.rimocc.com\/product\/ludwig-vintage-club-date-rock-duco-blue-to-silver-fade-22x14-13x9-16x16-2017-made-in-usa-ltd-edition\/","name":"Ludwig Vintage Club Date Rock Duco Blue to Silver Fade 22\"x14\" 13\"x9\" 16\"x16\" 2017 Made in USA Ltd Edition - D\u00e9p\u00f4t Vente Batterie Percussion | Rimocc Lyon","isPartOf":{"@id":"https:\/\/www.rimocc.com\/#website"},"primaryImageOfPage":{"@id":"https:\/\/www.rimocc.com\/product\/ludwig-vintage-club-date-rock-duco-blue-to-silver-fade-22x14-13x9-16x16-2017-made-in-usa-ltd-edition\/#primaryimage"},"image":{"@id":"https:\/\/www.rimocc.com\/product\/ludwig-vintage-club-date-rock-duco-blue-to-silver-fade-22x14-13x9-16x16-2017-made-in-usa-ltd-edition\/#primaryimage"},"thumbnailUrl":"https:\/\/www.rimocc.com\/wp-content\/uploads\/2024\/11\/Ludwig-Vintage-Club-Date-Rock-Duco-Blue-to-Silver-Fade-22_x14_-13_x9_-16_x16_-2017-Made-in-USA-Ltd-Edition-1.jpg","datePublished":"2024-11-15T16:28:31+00:00","dateModified":"2025-10-23T17:07:53+00:00","description":"La Ludwig Vintage Club Date Rock en Duco bleu \u00e0 argent d\u00e9grad\u00e9 est une batterie l\u00e9gendaire qui combine un design classique, un son chaud et polyvalent.","breadcrumb":{"@id":"https:\/\/www.rimocc.com\/product\/ludwig-vintage-club-date-rock-duco-blue-to-silver-fade-22x14-13x9-16x16-2017-made-in-usa-ltd-edition\/#breadcrumb"},"inLanguage":"en-US","potentialAction":[{"@type":"ReadAction","target":["https:\/\/www.rimocc.com\/product\/ludwig-vintage-club-date-rock-duco-blue-to-silver-fade-22x14-13x9-16x16-2017-made-in-usa-ltd-edition\/"]}]},{"@type":"ImageObject","inLanguage":"en-US","@id":"https:\/\/www.rimocc.com\/product\/ludwig-vintage-club-date-rock-duco-blue-to-silver-fade-22x14-13x9-16x16-2017-made-in-usa-ltd-edition\/#primaryimage","url":"https:\/\/www.rimocc.com\/wp-content\/uploads\/2024\/11\/Ludwig-Vintage-Club-Date-Rock-Duco-Blue-to-Silver-Fade-22_x14_-13_x9_-16_x16_-2017-Made-in-USA-Ltd-Edition-1.jpg","contentUrl":"https:\/\/www.rimocc.com\/wp-content\/uploads\/2024\/11\/Ludwig-Vintage-Club-Date-Rock-Duco-Blue-to-Silver-Fade-22_x14_-13_x9_-16_x16_-2017-Made-in-USA-Ltd-Edition-1.jpg","width":1920,"height":1920,"caption":"Ludwig Vintage Club Date Rock Duco Blue to Silver Fade 22\"x14\" 13\"x9\" 16\"x16\" 2017 Made in USA Ltd Edition"},{"@type":"BreadcrumbList","@id":"https:\/\/www.rimocc.com\/product\/ludwig-vintage-club-date-rock-duco-blue-to-silver-fade-22x14-13x9-16x16-2017-made-in-usa-ltd-edition\/#breadcrumb","itemListElement":[{"@type":"ListItem","position":1,"name":"Home","item":"https:\/\/www.rimocc.com\/"},{"@type":"ListItem","position":2,"name":"Shop","item":"https:\/\/www.rimocc.com\/shop\/"},{"@type":"ListItem","position":3,"name":"Ludwig Vintage Club Date Rock Duco Blue to Silver Fade 22&#8243;x14&#8243; 13&#8243;x9&#8243; 16&#8243;x16&#8243; 2017 Made in USA Ltd Edition"}]},{"@type":"WebSite","@id":"https:\/\/www.rimocc.com\/#website","url":"https:\/\/www.rimocc.com\/","name":"D\u00e9p\u00f4t Vente Batterie Percussion | Rimocc Lyon","description":"Rimocc: l&#039;unique magasin d\u00e9di\u00e9 enti\u00e8rement \u00e0 la batterie, percussion d&#039;occasion et vintage \u00e0 Lyon, France","publisher":{"@id":"https:\/\/www.rimocc.com\/#organization"},"alternateName":"Rimocc'","potentialAction":[{"@type":"SearchAction","target":{"@type":"EntryPoint","urlTemplate":"https:\/\/www.rimocc.com\/?s={search_term_string}"},"query-input":{"@type":"PropertyValueSpecification","valueRequired":true,"valueName":"search_term_string"}}],"inLanguage":"en-US"},{"@type":"Organization","@id":"https:\/\/www.rimocc.com\/#organization","name":"Rimocc'","alternateName":"Rimocc","url":"https:\/\/www.rimocc.com\/","logo":{"@type":"ImageObject","inLanguage":"en-US","@id":"https:\/\/www.rimocc.com\/#\/schema\/logo\/image\/","url":"https:\/\/i0.wp.com\/www.rimocc.com\/wp-content\/uploads\/2023\/07\/RIMOCC_LOGO.jpg?fit=459%2C114&ssl=1","contentUrl":"https:\/\/i0.wp.com\/www.rimocc.com\/wp-content\/uploads\/2023\/07\/RIMOCC_LOGO.jpg?fit=459%2C114&ssl=1","width":459,"height":114,"caption":"Rimocc'"},"image":{"@id":"https:\/\/www.rimocc.com\/#\/schema\/logo\/image\/"},"sameAs":["https:\/\/www.facebook.com\/rimocclyon\/?locale=fr_FR","https:\/\/www.instagram.com\/rimoccc\/?hl=fr","https:\/\/www.tiktok.com\/@rimocc","https:\/\/www.youtube.com\/@Rimocc"]}]}},"jetpack_publicize_connections":[],"jetpack_sharing_enabled":true,"_links":{"self":[{"href":"https:\/\/www.rimocc.com\/en\/wp-json\/wp\/v2\/product\/13442","targetHints":{"allow":["GET"]}}],"collection":[{"href":"https:\/\/www.rimocc.com\/en\/wp-json\/wp\/v2\/product"}],"about":[{"href":"https:\/\/www.rimocc.com\/en\/wp-json\/wp\/v2\/types\/product"}],"replies":[{"embeddable":true,"href":"https:\/\/www.rimocc.com\/en\/wp-json\/wp\/v2\/comments?post=13442"}],"wp:featuredmedia":[{"embeddable":true,"href":"https:\/\/www.rimocc.com\/en\/wp-json\/wp\/v2\/media\/13440"}],"wp:attachment":[{"href":"https:\/\/www.rimocc.com\/en\/wp-json\/wp\/v2\/media?parent=13442"}],"wp:term":[{"taxonomy":"product_brand","embeddable":true,"href":"https:\/\/www.rimocc.com\/en\/wp-json\/wp\/v2\/product_brand?post=13442"},{"taxonomy":"product_cat","embeddable":true,"href":"https:\/\/www.rimocc.com\/en\/wp-json\/wp\/v2\/product_cat?post=13442"},{"taxonomy":"product_tag","embeddable":true,"href":"https:\/\/www.rimocc.com\/en\/wp-json\/wp\/v2\/product_tag?post=13442"}],"curies":[{"name":"wp","href":"https:\/\/api.w.org\/{rel}","templated":true}]}}