{"id":13412,"date":"2024-11-13T18:04:17","date_gmt":"2024-11-13T17:04:17","guid":{"rendered":"https:\/\/www.rimocc.com\/?post_type=product&#038;p=13412"},"modified":"2024-11-14T09:30:17","modified_gmt":"2024-11-14T08:30:17","slug":"sonor-delite-maple-vintage-20x18-10x9-12x10-14x14-1616-copper-sparkle","status":"publish","type":"product","link":"https:\/\/www.rimocc.com\/en\/product\/sonor-delite-maple-vintage-20x18-10x9-12x10-14x14-1616-copper-sparkle\/","title":{"rendered":"Sonor Delite Maple Vintage 20&Prime;x18&Prime; 10&Prime;x9&Prime; 12&Prime;x10 14&Prime;x14&Prime; 16&Prime;16&Prime; Copper Sparkle"},"content":{"rendered":"<p>Tr\u00e8s bon \u00e9tat g\u00e9n\u00e9ral, proche collection<br \/>\nEdition limit\u00e9e finition Copper Sparkle<br \/>\nMaple Sonor Vintage avec renforts de chanfreins<br \/>\n(Extra thin shells of North American maple with reinforcing rings)<br \/>\nMade in Germany<\/p>\n<p><em><strong>\u00ab\u00a0Enl\u00e8vement sur place privil\u00e9gi\u00e9 mais envoi possible dans toute la France sur devis s\u00e9par\u00e9 &#8211; merci de s\u00e9lectionner l&rsquo;option \u00ab\u00a0retrait en magasin\u00a0\u00bb et nous vous ferons parvenir un devis s\u00e9par\u00e9 pour la livraison, \u00e0 r\u00e9gler s\u00e9par\u00e9ment<br \/>\nInternational order, pick-up ONLY\u00a0\u00bb<\/strong><\/em><\/p>\n<p><strong>Video: <a href=\"https:\/\/www.facebook.com\/share\/r\/15ZZ7rZqHE\/\" target=\"_blank\" rel=\"noopener\">https:\/\/www.facebook.com\/share\/r\/15ZZ7rZqHE\/<\/a><\/strong><br \/>\nBatterie D\u00e9p\u00f4t Vente Rimocc&rsquo; Lyon<\/p>\n<p>&nbsp;<\/p>","protected":false},"excerpt":{"rendered":"<p>Tr\u00e8s bon \u00e9tat g\u00e9n\u00e9ral, proche collection Edition limit\u00e9e finition Copper Sparkle Maple Sonor Vintage avec renforts de chanfreins (Extra thin shells of North American maple with reinforcing rings) Made in Germany \u00ab\u00a0Enl\u00e8vement sur place privil\u00e9gi\u00e9 mais envoi possible dans toute la France sur devis s\u00e9par\u00e9 &#8211; merci de s\u00e9lectionner l&rsquo;option \u00ab\u00a0retrait en magasin\u00a0\u00bb et nous [&hellip;]<\/p>\n","protected":false},"featured_media":13409,"comment_status":"open","ping_status":"closed","template":"","meta":{"jetpack_publicize_message":"","jetpack_publicize_feature_enabled":true,"jetpack_social_post_already_shared":false,"jetpack_social_options":{"image_generator_settings":{"template":"highway","default_image_id":0,"font":"","enabled":false},"version":2}},"product_brand":[],"product_cat":[20],"product_tag":[41,548,43,538,67,610],"class_list":{"0":"post-13412","1":"product","2":"type-product","3":"status-publish","4":"has-post-thumbnail","6":"product_cat-batterie","7":"product_tag-batterie","8":"product_tag-depot-vente-lyon","9":"product_tag-drums","10":"product_tag-magasin-de-musique-lyon","11":"product_tag-sonor","12":"product_tag-sonor-delite","14":"entry","15":"has-media","17":"first","18":"outofstock","19":"shipping-taxable","20":"purchasable","21":"product-type-simple","22":"has-product-nav","23":"col","24":"span_1_of_3","25":"owp-content-center","26":"owp-thumbs-layout-horizontal","27":"owp-btn-normal","28":"owp-tabs-layout-horizontal"},"yoast_head":"<!-- This site is optimized with the Yoast SEO plugin v27.5 - https:\/\/yoast.com\/product\/yoast-seo-wordpress\/ -->\n<title>Sonor Delite Maple Vintage 20&quot;x18&quot; 10&quot;x9&quot; 12&quot;x10 14&quot;x14&quot; 16&quot;16&quot; Copper Sparkle - D\u00e9p\u00f4t Vente Batterie Percussion | Rimocc Lyon<\/title>\n<meta name=\"description\" content=\"The Sonor Delite Copper Sparkle finish is highly sought after for it striking appearance. It gives the drums a vintage vibe with a modern twist.\" \/>\n<meta name=\"robots\" content=\"index, follow, max-snippet:-1, max-image-preview:large, max-video-preview:-1\" \/>\n<link rel=\"canonical\" href=\"https:\/\/www.rimocc.com\/en\/product\/sonor-delite-maple-vintage-20x18-10x9-12x10-14x14-1616-copper-sparkle\/\" \/>\n<meta property=\"og:locale\" content=\"en_US\" \/>\n<meta property=\"og:type\" content=\"article\" \/>\n<meta property=\"og:title\" content=\"Sonor Delite Maple Vintage 20&quot;x18&quot; 10&quot;x9&quot; 12&quot;x10 14&quot;x14&quot; 16&quot;16&quot; Copper Sparkle - D\u00e9p\u00f4t Vente Batterie Percussion | Rimocc Lyon\" \/>\n<meta property=\"og:description\" content=\"The Sonor Delite Copper Sparkle finish is highly sought after for it striking appearance. It gives the drums a vintage vibe with a modern twist.\" \/>\n<meta property=\"og:url\" content=\"https:\/\/www.rimocc.com\/en\/product\/sonor-delite-maple-vintage-20x18-10x9-12x10-14x14-1616-copper-sparkle\/\" \/>\n<meta property=\"og:site_name\" content=\"D\u00e9p\u00f4t Vente Batterie Percussion | Rimocc Lyon\" \/>\n<meta property=\"article:publisher\" content=\"https:\/\/www.facebook.com\/rimocclyon\/?locale=fr_FR\" \/>\n<meta property=\"article:modified_time\" content=\"2024-11-14T08:30:17+00:00\" \/>\n<meta property=\"og:image\" content=\"https:\/\/www.rimocc.com\/wp-content\/uploads\/2024\/11\/Sonor-Delite-Maple-Vintage-20_x18_-10_x9_-12_x10-14_x14_-16_16_-Copper-Sparkle-1.jpg\" \/>\n\t<meta property=\"og:image:width\" content=\"1920\" \/>\n\t<meta property=\"og:image:height\" content=\"1920\" \/>\n\t<meta property=\"og:image:type\" content=\"image\/jpeg\" \/>\n<meta name=\"twitter:card\" content=\"summary_large_image\" \/>\n<meta name=\"twitter:label1\" content=\"Est. reading time\" \/>\n\t<meta name=\"twitter:data1\" content=\"1 minute\" \/>\n<script type=\"application\/ld+json\" class=\"yoast-schema-graph\">{\"@context\":\"https:\\\/\\\/schema.org\",\"@graph\":[{\"@type\":\"WebPage\",\"@id\":\"https:\\\/\\\/www.rimocc.com\\\/product\\\/sonor-delite-maple-vintage-20x18-10x9-12x10-14x14-1616-copper-sparkle\\\/\",\"url\":\"https:\\\/\\\/www.rimocc.com\\\/product\\\/sonor-delite-maple-vintage-20x18-10x9-12x10-14x14-1616-copper-sparkle\\\/\",\"name\":\"Sonor Delite Maple Vintage 20\\\"x18\\\" 10\\\"x9\\\" 12\\\"x10 14\\\"x14\\\" 16\\\"16\\\" Copper Sparkle - D\u00e9p\u00f4t Vente Batterie Percussion | Rimocc Lyon\",\"isPartOf\":{\"@id\":\"https:\\\/\\\/www.rimocc.com\\\/#website\"},\"primaryImageOfPage\":{\"@id\":\"https:\\\/\\\/www.rimocc.com\\\/product\\\/sonor-delite-maple-vintage-20x18-10x9-12x10-14x14-1616-copper-sparkle\\\/#primaryimage\"},\"image\":{\"@id\":\"https:\\\/\\\/www.rimocc.com\\\/product\\\/sonor-delite-maple-vintage-20x18-10x9-12x10-14x14-1616-copper-sparkle\\\/#primaryimage\"},\"thumbnailUrl\":\"https:\\\/\\\/www.rimocc.com\\\/wp-content\\\/uploads\\\/2024\\\/11\\\/Sonor-Delite-Maple-Vintage-20_x18_-10_x9_-12_x10-14_x14_-16_16_-Copper-Sparkle-1.jpg\",\"datePublished\":\"2024-11-13T17:04:17+00:00\",\"dateModified\":\"2024-11-14T08:30:17+00:00\",\"description\":\"The Sonor Delite Copper Sparkle finish is highly sought after for it striking appearance. It gives the drums a vintage vibe with a modern twist.\",\"breadcrumb\":{\"@id\":\"https:\\\/\\\/www.rimocc.com\\\/product\\\/sonor-delite-maple-vintage-20x18-10x9-12x10-14x14-1616-copper-sparkle\\\/#breadcrumb\"},\"inLanguage\":\"en-US\",\"potentialAction\":[{\"@type\":\"ReadAction\",\"target\":[\"https:\\\/\\\/www.rimocc.com\\\/product\\\/sonor-delite-maple-vintage-20x18-10x9-12x10-14x14-1616-copper-sparkle\\\/\"]}]},{\"@type\":\"ImageObject\",\"inLanguage\":\"en-US\",\"@id\":\"https:\\\/\\\/www.rimocc.com\\\/product\\\/sonor-delite-maple-vintage-20x18-10x9-12x10-14x14-1616-copper-sparkle\\\/#primaryimage\",\"url\":\"https:\\\/\\\/www.rimocc.com\\\/wp-content\\\/uploads\\\/2024\\\/11\\\/Sonor-Delite-Maple-Vintage-20_x18_-10_x9_-12_x10-14_x14_-16_16_-Copper-Sparkle-1.jpg\",\"contentUrl\":\"https:\\\/\\\/www.rimocc.com\\\/wp-content\\\/uploads\\\/2024\\\/11\\\/Sonor-Delite-Maple-Vintage-20_x18_-10_x9_-12_x10-14_x14_-16_16_-Copper-Sparkle-1.jpg\",\"width\":1920,\"height\":1920,\"caption\":\"Sonor Delite Maple Vintage 20\\\"x18\\\" 10\\\"x9\\\" 12\\\"x10 14\\\"x14\\\" 16\\\"16\\\" Copper Sparkle\"},{\"@type\":\"BreadcrumbList\",\"@id\":\"https:\\\/\\\/www.rimocc.com\\\/product\\\/sonor-delite-maple-vintage-20x18-10x9-12x10-14x14-1616-copper-sparkle\\\/#breadcrumb\",\"itemListElement\":[{\"@type\":\"ListItem\",\"position\":1,\"name\":\"Home\",\"item\":\"https:\\\/\\\/www.rimocc.com\\\/\"},{\"@type\":\"ListItem\",\"position\":2,\"name\":\"Shop\",\"item\":\"https:\\\/\\\/www.rimocc.com\\\/shop\\\/\"},{\"@type\":\"ListItem\",\"position\":3,\"name\":\"Sonor Delite Maple Vintage 20&#8243;x18&#8243; 10&#8243;x9&#8243; 12&#8243;x10 14&#8243;x14&#8243; 16&#8243;16&#8243; Copper Sparkle\"}]},{\"@type\":\"WebSite\",\"@id\":\"https:\\\/\\\/www.rimocc.com\\\/#website\",\"url\":\"https:\\\/\\\/www.rimocc.com\\\/\",\"name\":\"D\u00e9p\u00f4t Vente Batterie Percussion | Rimocc Lyon\",\"description\":\"Rimocc: l&#039;unique magasin d\u00e9di\u00e9 enti\u00e8rement \u00e0 la batterie, percussion d&#039;occasion et vintage \u00e0 Lyon, France\",\"publisher\":{\"@id\":\"https:\\\/\\\/www.rimocc.com\\\/#organization\"},\"alternateName\":\"Rimocc'\",\"potentialAction\":[{\"@type\":\"SearchAction\",\"target\":{\"@type\":\"EntryPoint\",\"urlTemplate\":\"https:\\\/\\\/www.rimocc.com\\\/?s={search_term_string}\"},\"query-input\":{\"@type\":\"PropertyValueSpecification\",\"valueRequired\":true,\"valueName\":\"search_term_string\"}}],\"inLanguage\":\"en-US\"},{\"@type\":\"Organization\",\"@id\":\"https:\\\/\\\/www.rimocc.com\\\/#organization\",\"name\":\"Rimocc'\",\"alternateName\":\"Rimocc\",\"url\":\"https:\\\/\\\/www.rimocc.com\\\/\",\"logo\":{\"@type\":\"ImageObject\",\"inLanguage\":\"en-US\",\"@id\":\"https:\\\/\\\/www.rimocc.com\\\/#\\\/schema\\\/logo\\\/image\\\/\",\"url\":\"https:\\\/\\\/i0.wp.com\\\/www.rimocc.com\\\/wp-content\\\/uploads\\\/2023\\\/07\\\/RIMOCC_LOGO.jpg?fit=459%2C114&ssl=1\",\"contentUrl\":\"https:\\\/\\\/i0.wp.com\\\/www.rimocc.com\\\/wp-content\\\/uploads\\\/2023\\\/07\\\/RIMOCC_LOGO.jpg?fit=459%2C114&ssl=1\",\"width\":459,\"height\":114,\"caption\":\"Rimocc'\"},\"image\":{\"@id\":\"https:\\\/\\\/www.rimocc.com\\\/#\\\/schema\\\/logo\\\/image\\\/\"},\"sameAs\":[\"https:\\\/\\\/www.facebook.com\\\/rimocclyon\\\/?locale=fr_FR\",\"https:\\\/\\\/www.instagram.com\\\/rimoccc\\\/?hl=fr\",\"https:\\\/\\\/www.tiktok.com\\\/@rimocc\",\"https:\\\/\\\/www.youtube.com\\\/@Rimocc\"]}]}<\/script>\n<!-- \/ Yoast SEO plugin. -->","yoast_head_json":{"title":"Sonor Delite Maple Vintage 20\"x18\" 10\"x9\" 12\"x10 14\"x14\" 16\"16\" Copper Sparkle - D\u00e9p\u00f4t Vente Batterie Percussion | Rimocc Lyon","description":"The Sonor Delite Copper Sparkle finish is highly sought after for it striking appearance. It gives the drums a vintage vibe with a modern twist.","robots":{"index":"index","follow":"follow","max-snippet":"max-snippet:-1","max-image-preview":"max-image-preview:large","max-video-preview":"max-video-preview:-1"},"canonical":"https:\/\/www.rimocc.com\/en\/product\/sonor-delite-maple-vintage-20x18-10x9-12x10-14x14-1616-copper-sparkle\/","og_locale":"en_US","og_type":"article","og_title":"Sonor Delite Maple Vintage 20\"x18\" 10\"x9\" 12\"x10 14\"x14\" 16\"16\" Copper Sparkle - D\u00e9p\u00f4t Vente Batterie Percussion | Rimocc Lyon","og_description":"The Sonor Delite Copper Sparkle finish is highly sought after for it striking appearance. It gives the drums a vintage vibe with a modern twist.","og_url":"https:\/\/www.rimocc.com\/en\/product\/sonor-delite-maple-vintage-20x18-10x9-12x10-14x14-1616-copper-sparkle\/","og_site_name":"D\u00e9p\u00f4t Vente Batterie Percussion | Rimocc Lyon","article_publisher":"https:\/\/www.facebook.com\/rimocclyon\/?locale=fr_FR","article_modified_time":"2024-11-14T08:30:17+00:00","og_image":[{"width":1920,"height":1920,"url":"https:\/\/www.rimocc.com\/wp-content\/uploads\/2024\/11\/Sonor-Delite-Maple-Vintage-20_x18_-10_x9_-12_x10-14_x14_-16_16_-Copper-Sparkle-1.jpg","type":"image\/jpeg"}],"twitter_card":"summary_large_image","twitter_misc":{"Est. reading time":"1 minute"},"schema":{"@context":"https:\/\/schema.org","@graph":[{"@type":"WebPage","@id":"https:\/\/www.rimocc.com\/product\/sonor-delite-maple-vintage-20x18-10x9-12x10-14x14-1616-copper-sparkle\/","url":"https:\/\/www.rimocc.com\/product\/sonor-delite-maple-vintage-20x18-10x9-12x10-14x14-1616-copper-sparkle\/","name":"Sonor Delite Maple Vintage 20\"x18\" 10\"x9\" 12\"x10 14\"x14\" 16\"16\" Copper Sparkle - D\u00e9p\u00f4t Vente Batterie Percussion | Rimocc Lyon","isPartOf":{"@id":"https:\/\/www.rimocc.com\/#website"},"primaryImageOfPage":{"@id":"https:\/\/www.rimocc.com\/product\/sonor-delite-maple-vintage-20x18-10x9-12x10-14x14-1616-copper-sparkle\/#primaryimage"},"image":{"@id":"https:\/\/www.rimocc.com\/product\/sonor-delite-maple-vintage-20x18-10x9-12x10-14x14-1616-copper-sparkle\/#primaryimage"},"thumbnailUrl":"https:\/\/www.rimocc.com\/wp-content\/uploads\/2024\/11\/Sonor-Delite-Maple-Vintage-20_x18_-10_x9_-12_x10-14_x14_-16_16_-Copper-Sparkle-1.jpg","datePublished":"2024-11-13T17:04:17+00:00","dateModified":"2024-11-14T08:30:17+00:00","description":"The Sonor Delite Copper Sparkle finish is highly sought after for it striking appearance. It gives the drums a vintage vibe with a modern twist.","breadcrumb":{"@id":"https:\/\/www.rimocc.com\/product\/sonor-delite-maple-vintage-20x18-10x9-12x10-14x14-1616-copper-sparkle\/#breadcrumb"},"inLanguage":"en-US","potentialAction":[{"@type":"ReadAction","target":["https:\/\/www.rimocc.com\/product\/sonor-delite-maple-vintage-20x18-10x9-12x10-14x14-1616-copper-sparkle\/"]}]},{"@type":"ImageObject","inLanguage":"en-US","@id":"https:\/\/www.rimocc.com\/product\/sonor-delite-maple-vintage-20x18-10x9-12x10-14x14-1616-copper-sparkle\/#primaryimage","url":"https:\/\/www.rimocc.com\/wp-content\/uploads\/2024\/11\/Sonor-Delite-Maple-Vintage-20_x18_-10_x9_-12_x10-14_x14_-16_16_-Copper-Sparkle-1.jpg","contentUrl":"https:\/\/www.rimocc.com\/wp-content\/uploads\/2024\/11\/Sonor-Delite-Maple-Vintage-20_x18_-10_x9_-12_x10-14_x14_-16_16_-Copper-Sparkle-1.jpg","width":1920,"height":1920,"caption":"Sonor Delite Maple Vintage 20\"x18\" 10\"x9\" 12\"x10 14\"x14\" 16\"16\" Copper Sparkle"},{"@type":"BreadcrumbList","@id":"https:\/\/www.rimocc.com\/product\/sonor-delite-maple-vintage-20x18-10x9-12x10-14x14-1616-copper-sparkle\/#breadcrumb","itemListElement":[{"@type":"ListItem","position":1,"name":"Home","item":"https:\/\/www.rimocc.com\/"},{"@type":"ListItem","position":2,"name":"Shop","item":"https:\/\/www.rimocc.com\/shop\/"},{"@type":"ListItem","position":3,"name":"Sonor Delite Maple Vintage 20&#8243;x18&#8243; 10&#8243;x9&#8243; 12&#8243;x10 14&#8243;x14&#8243; 16&#8243;16&#8243; Copper Sparkle"}]},{"@type":"WebSite","@id":"https:\/\/www.rimocc.com\/#website","url":"https:\/\/www.rimocc.com\/","name":"D\u00e9p\u00f4t Vente Batterie Percussion | Rimocc Lyon","description":"Rimocc: l&#039;unique magasin d\u00e9di\u00e9 enti\u00e8rement \u00e0 la batterie, percussion d&#039;occasion et vintage \u00e0 Lyon, France","publisher":{"@id":"https:\/\/www.rimocc.com\/#organization"},"alternateName":"Rimocc'","potentialAction":[{"@type":"SearchAction","target":{"@type":"EntryPoint","urlTemplate":"https:\/\/www.rimocc.com\/?s={search_term_string}"},"query-input":{"@type":"PropertyValueSpecification","valueRequired":true,"valueName":"search_term_string"}}],"inLanguage":"en-US"},{"@type":"Organization","@id":"https:\/\/www.rimocc.com\/#organization","name":"Rimocc'","alternateName":"Rimocc","url":"https:\/\/www.rimocc.com\/","logo":{"@type":"ImageObject","inLanguage":"en-US","@id":"https:\/\/www.rimocc.com\/#\/schema\/logo\/image\/","url":"https:\/\/i0.wp.com\/www.rimocc.com\/wp-content\/uploads\/2023\/07\/RIMOCC_LOGO.jpg?fit=459%2C114&ssl=1","contentUrl":"https:\/\/i0.wp.com\/www.rimocc.com\/wp-content\/uploads\/2023\/07\/RIMOCC_LOGO.jpg?fit=459%2C114&ssl=1","width":459,"height":114,"caption":"Rimocc'"},"image":{"@id":"https:\/\/www.rimocc.com\/#\/schema\/logo\/image\/"},"sameAs":["https:\/\/www.facebook.com\/rimocclyon\/?locale=fr_FR","https:\/\/www.instagram.com\/rimoccc\/?hl=fr","https:\/\/www.tiktok.com\/@rimocc","https:\/\/www.youtube.com\/@Rimocc"]}]}},"jetpack_publicize_connections":[],"jetpack_sharing_enabled":true,"_links":{"self":[{"href":"https:\/\/www.rimocc.com\/en\/wp-json\/wp\/v2\/product\/13412","targetHints":{"allow":["GET"]}}],"collection":[{"href":"https:\/\/www.rimocc.com\/en\/wp-json\/wp\/v2\/product"}],"about":[{"href":"https:\/\/www.rimocc.com\/en\/wp-json\/wp\/v2\/types\/product"}],"replies":[{"embeddable":true,"href":"https:\/\/www.rimocc.com\/en\/wp-json\/wp\/v2\/comments?post=13412"}],"wp:featuredmedia":[{"embeddable":true,"href":"https:\/\/www.rimocc.com\/en\/wp-json\/wp\/v2\/media\/13409"}],"wp:attachment":[{"href":"https:\/\/www.rimocc.com\/en\/wp-json\/wp\/v2\/media?parent=13412"}],"wp:term":[{"taxonomy":"product_brand","embeddable":true,"href":"https:\/\/www.rimocc.com\/en\/wp-json\/wp\/v2\/product_brand?post=13412"},{"taxonomy":"product_cat","embeddable":true,"href":"https:\/\/www.rimocc.com\/en\/wp-json\/wp\/v2\/product_cat?post=13412"},{"taxonomy":"product_tag","embeddable":true,"href":"https:\/\/www.rimocc.com\/en\/wp-json\/wp\/v2\/product_tag?post=13412"}],"curies":[{"name":"wp","href":"https:\/\/api.w.org\/{rel}","templated":true}]}}