{"id":1336,"date":"2023-06-08T21:13:00","date_gmt":"2023-06-08T21:13:00","guid":{"rendered":"https:\/\/rimocc.a2hosted.com\/product\/tama-octobans-full-set-12-with-tama-stands\/"},"modified":"2023-06-21T14:55:46","modified_gmt":"2023-06-21T14:55:46","slug":"tama-octobans-full-set-12-with-tama-stands","status":"publish","type":"product","link":"https:\/\/www.rimocc.com\/en\/product\/tama-octobans-full-set-12-with-tama-stands\/","title":{"rendered":"Tama Octobans Full set (12) with Tama stands"},"content":{"rendered":"<div><span>Un set complet d&rsquo;Octobans Tama (12 \/ high, medium, low) 80&rsquo;s qui ferait honneur au grand Stew. Compris dans le set sont les tr\u00e8s rares low pitch (plus fabriqu\u00e9s depuis 1985). L&rsquo;opportunit\u00e9 d&rsquo;acqu\u00e9rir la collection compl\u00e8te ne se re-pr\u00e9sentera certainement pas 2 fois.<\/span><\/div>\n<div><span>L&rsquo;\u00e9tat g\u00e9n\u00e9ral est proche collection, les high pitch pr\u00e9sentant quelques \u00e9raflures sur les f\u00fbts. Les high pitch sont \u00e9quip\u00e9s de la seconde g\u00e9n\u00e9ration des \u00ab\u00a0swingstar lugs\u00a0\u00bb, les autres de la premi\u00e8re g\u00e9n\u00e9ration. Too Kool To Kalypso!!!<\/span><\/div>\n<p>Rarely seen!!The complete Tama Octobans Set (12 \/ high, medium, low) 80&rsquo;s. Included are the very rare low pitch serie, Tama stopped manufacturing them in 1985. Very rare opportunity to get hold of the complete set which will most certainly not happen twice.Condition close to collector grade, some scraches on the high pitch ones. Mix of first and second generation swingstar lugs.<\/p>\n<p>Too Kool To Kalypso!!!<\/p>\n<p>&nbsp;<\/p>","protected":false},"excerpt":{"rendered":"<p>Un set complet d&rsquo;Octobans Tama (12 \/ high, medium, low) 80&rsquo;s qui ferait honneur au grand Stew. Compris dans le set sont les tr\u00e8s rares low pitch (plus fabriqu\u00e9s depuis 1985). L&rsquo;opportunit\u00e9 d&rsquo;acqu\u00e9rir la collection compl\u00e8te ne se re-pr\u00e9sentera certainement pas 2 fois. L&rsquo;\u00e9tat g\u00e9n\u00e9ral est proche collection, les high pitch pr\u00e9sentant quelques \u00e9raflures sur [&hellip;]<\/p>\n","protected":false},"featured_media":8714,"comment_status":"open","ping_status":"closed","template":"","meta":{"jetpack_publicize_message":"","jetpack_publicize_feature_enabled":true,"jetpack_social_post_already_shared":false,"jetpack_social_options":{"image_generator_settings":{"template":"highway","default_image_id":0,"font":"","enabled":false},"version":2}},"product_brand":[],"product_cat":[16],"product_tag":[],"class_list":{"0":"post-1336","1":"product","2":"type-product","3":"status-publish","4":"has-post-thumbnail","6":"product_cat-percussions","8":"entry","9":"has-media","11":"first","12":"outofstock","13":"shipping-taxable","14":"purchasable","15":"product-type-simple","16":"has-product-nav","17":"col","18":"span_1_of_3","19":"owp-content-center","20":"owp-thumbs-layout-horizontal","21":"owp-btn-normal","22":"owp-tabs-layout-horizontal"},"yoast_head":"<!-- This site is optimized with the Yoast SEO plugin v27.4 - https:\/\/yoast.com\/product\/yoast-seo-wordpress\/ -->\n<title>Tama Octobans Full set (12) with Tama stands - D\u00e9p\u00f4t Vente Batterie Percussion | Rimocc Lyon<\/title>\n<meta name=\"robots\" content=\"index, follow, max-snippet:-1, max-image-preview:large, max-video-preview:-1\" \/>\n<link rel=\"canonical\" href=\"https:\/\/www.rimocc.com\/en\/product\/tama-octobans-full-set-12-with-tama-stands\/\" \/>\n<meta property=\"og:locale\" content=\"en_US\" \/>\n<meta property=\"og:type\" content=\"article\" \/>\n<meta property=\"og:title\" content=\"Tama Octobans Full set (12) with Tama stands - D\u00e9p\u00f4t Vente Batterie Percussion | Rimocc Lyon\" \/>\n<meta property=\"og:description\" content=\"Un set complet d&rsquo;Octobans Tama (12 \/ high, medium, low) 80&rsquo;s qui ferait honneur au grand Stew. Compris dans le set sont les tr\u00e8s rares low pitch (plus fabriqu\u00e9s depuis 1985). L&rsquo;opportunit\u00e9 d&rsquo;acqu\u00e9rir la collection compl\u00e8te ne se re-pr\u00e9sentera certainement pas 2 fois. L&rsquo;\u00e9tat g\u00e9n\u00e9ral est proche collection, les high pitch pr\u00e9sentant quelques \u00e9raflures sur [&hellip;]\" \/>\n<meta property=\"og:url\" content=\"https:\/\/www.rimocc.com\/en\/product\/tama-octobans-full-set-12-with-tama-stands\/\" \/>\n<meta property=\"og:site_name\" content=\"D\u00e9p\u00f4t Vente Batterie Percussion | Rimocc Lyon\" \/>\n<meta property=\"article:publisher\" content=\"https:\/\/www.facebook.com\/rimocclyon\/?locale=fr_FR\" \/>\n<meta property=\"article:modified_time\" content=\"2023-06-21T14:55:46+00:00\" \/>\n<meta property=\"og:image\" content=\"https:\/\/www.rimocc.com\/wp-content\/uploads\/2023\/06\/0e6ab0_9a5acfc3ac3a4709a14aeb4740eaba07mv2.webp\" \/>\n\t<meta property=\"og:image:width\" content=\"394\" \/>\n\t<meta property=\"og:image:height\" content=\"750\" \/>\n\t<meta property=\"og:image:type\" content=\"image\/webp\" \/>\n<meta name=\"twitter:card\" content=\"summary_large_image\" \/>\n<meta name=\"twitter:label1\" content=\"Est. reading time\" \/>\n\t<meta name=\"twitter:data1\" content=\"1 minute\" \/>\n<script type=\"application\/ld+json\" class=\"yoast-schema-graph\">{\"@context\":\"https:\\\/\\\/schema.org\",\"@graph\":[{\"@type\":\"WebPage\",\"@id\":\"https:\\\/\\\/www.rimocc.com\\\/product\\\/tama-octobans-full-set-12-with-tama-stands\\\/\",\"url\":\"https:\\\/\\\/www.rimocc.com\\\/product\\\/tama-octobans-full-set-12-with-tama-stands\\\/\",\"name\":\"Tama Octobans Full set (12) with Tama stands - D\u00e9p\u00f4t Vente Batterie Percussion | Rimocc Lyon\",\"isPartOf\":{\"@id\":\"https:\\\/\\\/www.rimocc.com\\\/#website\"},\"primaryImageOfPage\":{\"@id\":\"https:\\\/\\\/www.rimocc.com\\\/product\\\/tama-octobans-full-set-12-with-tama-stands\\\/#primaryimage\"},\"image\":{\"@id\":\"https:\\\/\\\/www.rimocc.com\\\/product\\\/tama-octobans-full-set-12-with-tama-stands\\\/#primaryimage\"},\"thumbnailUrl\":\"https:\\\/\\\/www.rimocc.com\\\/wp-content\\\/uploads\\\/2023\\\/06\\\/0e6ab0_9a5acfc3ac3a4709a14aeb4740eaba07mv2.webp\",\"datePublished\":\"2023-06-08T21:13:00+00:00\",\"dateModified\":\"2023-06-21T14:55:46+00:00\",\"breadcrumb\":{\"@id\":\"https:\\\/\\\/www.rimocc.com\\\/product\\\/tama-octobans-full-set-12-with-tama-stands\\\/#breadcrumb\"},\"inLanguage\":\"en-US\",\"potentialAction\":[{\"@type\":\"ReadAction\",\"target\":[\"https:\\\/\\\/www.rimocc.com\\\/product\\\/tama-octobans-full-set-12-with-tama-stands\\\/\"]}]},{\"@type\":\"ImageObject\",\"inLanguage\":\"en-US\",\"@id\":\"https:\\\/\\\/www.rimocc.com\\\/product\\\/tama-octobans-full-set-12-with-tama-stands\\\/#primaryimage\",\"url\":\"https:\\\/\\\/www.rimocc.com\\\/wp-content\\\/uploads\\\/2023\\\/06\\\/0e6ab0_9a5acfc3ac3a4709a14aeb4740eaba07mv2.webp\",\"contentUrl\":\"https:\\\/\\\/www.rimocc.com\\\/wp-content\\\/uploads\\\/2023\\\/06\\\/0e6ab0_9a5acfc3ac3a4709a14aeb4740eaba07mv2.webp\",\"width\":394,\"height\":750},{\"@type\":\"BreadcrumbList\",\"@id\":\"https:\\\/\\\/www.rimocc.com\\\/product\\\/tama-octobans-full-set-12-with-tama-stands\\\/#breadcrumb\",\"itemListElement\":[{\"@type\":\"ListItem\",\"position\":1,\"name\":\"Home\",\"item\":\"https:\\\/\\\/www.rimocc.com\\\/\"},{\"@type\":\"ListItem\",\"position\":2,\"name\":\"Shop\",\"item\":\"https:\\\/\\\/www.rimocc.com\\\/shop\\\/\"},{\"@type\":\"ListItem\",\"position\":3,\"name\":\"Tama Octobans Full set (12) with Tama stands\"}]},{\"@type\":\"WebSite\",\"@id\":\"https:\\\/\\\/www.rimocc.com\\\/#website\",\"url\":\"https:\\\/\\\/www.rimocc.com\\\/\",\"name\":\"D\u00e9p\u00f4t Vente Batterie Percussion | Rimocc Lyon\",\"description\":\"Rimocc: l&#039;unique magasin d\u00e9di\u00e9 enti\u00e8rement \u00e0 la batterie, percussion d&#039;occasion et vintage \u00e0 Lyon, France\",\"publisher\":{\"@id\":\"https:\\\/\\\/www.rimocc.com\\\/#organization\"},\"alternateName\":\"Rimocc'\",\"potentialAction\":[{\"@type\":\"SearchAction\",\"target\":{\"@type\":\"EntryPoint\",\"urlTemplate\":\"https:\\\/\\\/www.rimocc.com\\\/?s={search_term_string}\"},\"query-input\":{\"@type\":\"PropertyValueSpecification\",\"valueRequired\":true,\"valueName\":\"search_term_string\"}}],\"inLanguage\":\"en-US\"},{\"@type\":\"Organization\",\"@id\":\"https:\\\/\\\/www.rimocc.com\\\/#organization\",\"name\":\"Rimocc'\",\"alternateName\":\"Rimocc\",\"url\":\"https:\\\/\\\/www.rimocc.com\\\/\",\"logo\":{\"@type\":\"ImageObject\",\"inLanguage\":\"en-US\",\"@id\":\"https:\\\/\\\/www.rimocc.com\\\/#\\\/schema\\\/logo\\\/image\\\/\",\"url\":\"https:\\\/\\\/i0.wp.com\\\/www.rimocc.com\\\/wp-content\\\/uploads\\\/2023\\\/07\\\/RIMOCC_LOGO.jpg?fit=459%2C114&ssl=1\",\"contentUrl\":\"https:\\\/\\\/i0.wp.com\\\/www.rimocc.com\\\/wp-content\\\/uploads\\\/2023\\\/07\\\/RIMOCC_LOGO.jpg?fit=459%2C114&ssl=1\",\"width\":459,\"height\":114,\"caption\":\"Rimocc'\"},\"image\":{\"@id\":\"https:\\\/\\\/www.rimocc.com\\\/#\\\/schema\\\/logo\\\/image\\\/\"},\"sameAs\":[\"https:\\\/\\\/www.facebook.com\\\/rimocclyon\\\/?locale=fr_FR\",\"https:\\\/\\\/www.instagram.com\\\/rimoccc\\\/?hl=fr\",\"https:\\\/\\\/www.tiktok.com\\\/@rimocc\",\"https:\\\/\\\/www.youtube.com\\\/@Rimocc\"]}]}<\/script>\n<!-- \/ Yoast SEO plugin. -->","yoast_head_json":{"title":"Tama Octobans Full set (12) with Tama stands - D\u00e9p\u00f4t Vente Batterie Percussion | Rimocc Lyon","robots":{"index":"index","follow":"follow","max-snippet":"max-snippet:-1","max-image-preview":"max-image-preview:large","max-video-preview":"max-video-preview:-1"},"canonical":"https:\/\/www.rimocc.com\/en\/product\/tama-octobans-full-set-12-with-tama-stands\/","og_locale":"en_US","og_type":"article","og_title":"Tama Octobans Full set (12) with Tama stands - D\u00e9p\u00f4t Vente Batterie Percussion | Rimocc Lyon","og_description":"Un set complet d&rsquo;Octobans Tama (12 \/ high, medium, low) 80&rsquo;s qui ferait honneur au grand Stew. Compris dans le set sont les tr\u00e8s rares low pitch (plus fabriqu\u00e9s depuis 1985). L&rsquo;opportunit\u00e9 d&rsquo;acqu\u00e9rir la collection compl\u00e8te ne se re-pr\u00e9sentera certainement pas 2 fois. L&rsquo;\u00e9tat g\u00e9n\u00e9ral est proche collection, les high pitch pr\u00e9sentant quelques \u00e9raflures sur [&hellip;]","og_url":"https:\/\/www.rimocc.com\/en\/product\/tama-octobans-full-set-12-with-tama-stands\/","og_site_name":"D\u00e9p\u00f4t Vente Batterie Percussion | Rimocc Lyon","article_publisher":"https:\/\/www.facebook.com\/rimocclyon\/?locale=fr_FR","article_modified_time":"2023-06-21T14:55:46+00:00","og_image":[{"width":394,"height":750,"url":"https:\/\/www.rimocc.com\/wp-content\/uploads\/2023\/06\/0e6ab0_9a5acfc3ac3a4709a14aeb4740eaba07mv2.webp","type":"image\/webp"}],"twitter_card":"summary_large_image","twitter_misc":{"Est. reading time":"1 minute"},"schema":{"@context":"https:\/\/schema.org","@graph":[{"@type":"WebPage","@id":"https:\/\/www.rimocc.com\/product\/tama-octobans-full-set-12-with-tama-stands\/","url":"https:\/\/www.rimocc.com\/product\/tama-octobans-full-set-12-with-tama-stands\/","name":"Tama Octobans Full set (12) with Tama stands - D\u00e9p\u00f4t Vente Batterie Percussion | Rimocc Lyon","isPartOf":{"@id":"https:\/\/www.rimocc.com\/#website"},"primaryImageOfPage":{"@id":"https:\/\/www.rimocc.com\/product\/tama-octobans-full-set-12-with-tama-stands\/#primaryimage"},"image":{"@id":"https:\/\/www.rimocc.com\/product\/tama-octobans-full-set-12-with-tama-stands\/#primaryimage"},"thumbnailUrl":"https:\/\/www.rimocc.com\/wp-content\/uploads\/2023\/06\/0e6ab0_9a5acfc3ac3a4709a14aeb4740eaba07mv2.webp","datePublished":"2023-06-08T21:13:00+00:00","dateModified":"2023-06-21T14:55:46+00:00","breadcrumb":{"@id":"https:\/\/www.rimocc.com\/product\/tama-octobans-full-set-12-with-tama-stands\/#breadcrumb"},"inLanguage":"en-US","potentialAction":[{"@type":"ReadAction","target":["https:\/\/www.rimocc.com\/product\/tama-octobans-full-set-12-with-tama-stands\/"]}]},{"@type":"ImageObject","inLanguage":"en-US","@id":"https:\/\/www.rimocc.com\/product\/tama-octobans-full-set-12-with-tama-stands\/#primaryimage","url":"https:\/\/www.rimocc.com\/wp-content\/uploads\/2023\/06\/0e6ab0_9a5acfc3ac3a4709a14aeb4740eaba07mv2.webp","contentUrl":"https:\/\/www.rimocc.com\/wp-content\/uploads\/2023\/06\/0e6ab0_9a5acfc3ac3a4709a14aeb4740eaba07mv2.webp","width":394,"height":750},{"@type":"BreadcrumbList","@id":"https:\/\/www.rimocc.com\/product\/tama-octobans-full-set-12-with-tama-stands\/#breadcrumb","itemListElement":[{"@type":"ListItem","position":1,"name":"Home","item":"https:\/\/www.rimocc.com\/"},{"@type":"ListItem","position":2,"name":"Shop","item":"https:\/\/www.rimocc.com\/shop\/"},{"@type":"ListItem","position":3,"name":"Tama Octobans Full set (12) with Tama stands"}]},{"@type":"WebSite","@id":"https:\/\/www.rimocc.com\/#website","url":"https:\/\/www.rimocc.com\/","name":"D\u00e9p\u00f4t Vente Batterie Percussion | Rimocc Lyon","description":"Rimocc: l&#039;unique magasin d\u00e9di\u00e9 enti\u00e8rement \u00e0 la batterie, percussion d&#039;occasion et vintage \u00e0 Lyon, France","publisher":{"@id":"https:\/\/www.rimocc.com\/#organization"},"alternateName":"Rimocc'","potentialAction":[{"@type":"SearchAction","target":{"@type":"EntryPoint","urlTemplate":"https:\/\/www.rimocc.com\/?s={search_term_string}"},"query-input":{"@type":"PropertyValueSpecification","valueRequired":true,"valueName":"search_term_string"}}],"inLanguage":"en-US"},{"@type":"Organization","@id":"https:\/\/www.rimocc.com\/#organization","name":"Rimocc'","alternateName":"Rimocc","url":"https:\/\/www.rimocc.com\/","logo":{"@type":"ImageObject","inLanguage":"en-US","@id":"https:\/\/www.rimocc.com\/#\/schema\/logo\/image\/","url":"https:\/\/i0.wp.com\/www.rimocc.com\/wp-content\/uploads\/2023\/07\/RIMOCC_LOGO.jpg?fit=459%2C114&ssl=1","contentUrl":"https:\/\/i0.wp.com\/www.rimocc.com\/wp-content\/uploads\/2023\/07\/RIMOCC_LOGO.jpg?fit=459%2C114&ssl=1","width":459,"height":114,"caption":"Rimocc'"},"image":{"@id":"https:\/\/www.rimocc.com\/#\/schema\/logo\/image\/"},"sameAs":["https:\/\/www.facebook.com\/rimocclyon\/?locale=fr_FR","https:\/\/www.instagram.com\/rimoccc\/?hl=fr","https:\/\/www.tiktok.com\/@rimocc","https:\/\/www.youtube.com\/@Rimocc"]}]}},"jetpack_publicize_connections":[],"jetpack_sharing_enabled":true,"_links":{"self":[{"href":"https:\/\/www.rimocc.com\/en\/wp-json\/wp\/v2\/product\/1336","targetHints":{"allow":["GET"]}}],"collection":[{"href":"https:\/\/www.rimocc.com\/en\/wp-json\/wp\/v2\/product"}],"about":[{"href":"https:\/\/www.rimocc.com\/en\/wp-json\/wp\/v2\/types\/product"}],"replies":[{"embeddable":true,"href":"https:\/\/www.rimocc.com\/en\/wp-json\/wp\/v2\/comments?post=1336"}],"wp:featuredmedia":[{"embeddable":true,"href":"https:\/\/www.rimocc.com\/en\/wp-json\/wp\/v2\/media\/8714"}],"wp:attachment":[{"href":"https:\/\/www.rimocc.com\/en\/wp-json\/wp\/v2\/media?parent=1336"}],"wp:term":[{"taxonomy":"product_brand","embeddable":true,"href":"https:\/\/www.rimocc.com\/en\/wp-json\/wp\/v2\/product_brand?post=1336"},{"taxonomy":"product_cat","embeddable":true,"href":"https:\/\/www.rimocc.com\/en\/wp-json\/wp\/v2\/product_cat?post=1336"},{"taxonomy":"product_tag","embeddable":true,"href":"https:\/\/www.rimocc.com\/en\/wp-json\/wp\/v2\/product_tag?post=1336"}],"curies":[{"name":"wp","href":"https:\/\/api.w.org\/{rel}","templated":true}]}}