{"id":13243,"date":"2024-10-23T17:23:55","date_gmt":"2024-10-23T15:23:55","guid":{"rendered":"https:\/\/www.rimocc.com\/?post_type=product&#038;p=13243"},"modified":"2025-09-13T16:10:39","modified_gmt":"2025-09-13T14:10:39","slug":"lagadec-percussions-caisse-claire-14x55-ash-nouvelle-creation-2024","status":"publish","type":"product","link":"https:\/\/www.rimocc.com\/en\/product\/lagadec-percussions-caisse-claire-14x55-ash-nouvelle-creation-2024\/","title":{"rendered":"Lagadec Percussions Caisse Claire 14&Prime;x5,5&Prime; Ash Nouvelle cr\u00e9ation 2024 !"},"content":{"rendered":"<p>Nouvelle cr\u00e9ation 2024 !<br \/>\nLagadec Percussions Caisse Claire 14&Prime;x5,5&Prime; Ash<br \/>\nF\u00fbts 3 plis horizontaux en fr\u00eane (100% francais)<br \/>\nFinitions \u00e0 l&rsquo;huile teinte charbon<br \/>\n10 tirants par cercles<br \/>\nCerclages chrom\u00e9s 3mm<br \/>\nCoquilles tube en laiton dor\u00e9<br \/>\nD\u00e9clencheur standard chrom\u00e9<br \/>\nBadge en bois<br \/>\nPeaux Aquarian<br \/>\nTimbre artisanal Bibin (24 brins en acier)<\/p>\n<p>Test son ci-dessous:<\/p>\n<audio class=\"wp-audio-shortcode\" id=\"audio-13243-1\" preload=\"none\" style=\"width: 100%;\" controls=\"controls\"><source type=\"audio\/wav\" src=\"https:\/\/www.rimocc.com\/wp-content\/uploads\/2024\/10\/Lagadec.wav?_=1\" \/><a href=\"https:\/\/www.rimocc.com\/wp-content\/uploads\/2024\/10\/Lagadec.wav\">https:\/\/www.rimocc.com\/wp-content\/uploads\/2024\/10\/Lagadec.wav<\/a><\/audio>\n<p>Vid\u00e9o: <a href=\"https:\/\/www.facebook.com\/share\/r\/15e7TzZHrJ\/\" target=\"_blank\" rel=\"noopener\">https:\/\/www.facebook.com\/share\/r\/15e7TzZHrJ\/<\/a><\/p>\n<p>caisse claire Rimocc&rsquo; Batterie Percussions Lyon<\/p>","protected":false},"excerpt":{"rendered":"<p>Nouvelle cr\u00e9ation 2024 ! Lagadec Percussions Caisse Claire 14&Prime;x5,5&Prime; Ash F\u00fbts 3 plis horizontaux en fr\u00eane (100% francais) Finitions \u00e0 l&rsquo;huile teinte charbon 10 tirants par cercles Cerclages chrom\u00e9s 3mm Coquilles tube en laiton dor\u00e9 D\u00e9clencheur standard chrom\u00e9 Badge en bois Peaux Aquarian Timbre artisanal Bibin (24 brins en acier) Test son ci-dessous: Vid\u00e9o: https:\/\/www.facebook.com\/share\/r\/15e7TzZHrJ\/ [&hellip;]<\/p>\n","protected":false},"featured_media":13242,"comment_status":"open","ping_status":"closed","template":"","meta":{"jetpack_publicize_message":"","jetpack_publicize_feature_enabled":true,"jetpack_social_post_already_shared":false,"jetpack_social_options":{"image_generator_settings":{"template":"highway","default_image_id":0,"font":"","enabled":false},"version":2}},"product_brand":[],"product_cat":[25],"product_tag":[63,548,549,602,538,252],"class_list":{"0":"post-13243","1":"product","2":"type-product","3":"status-publish","4":"has-post-thumbnail","6":"product_cat-caisse-claire","7":"product_tag-caisse-claire","8":"product_tag-depot-vente-lyon","9":"product_tag-julien-lagadec","10":"product_tag-lagadec-percussions","11":"product_tag-magasin-de-musique-lyon","12":"product_tag-snare-drum","14":"entry","15":"has-media","17":"first","18":"outofstock","19":"shipping-taxable","20":"purchasable","21":"product-type-simple","22":"has-product-nav","23":"col","24":"span_1_of_3","25":"owp-content-center","26":"owp-thumbs-layout-horizontal","27":"owp-btn-normal","28":"owp-tabs-layout-horizontal"},"yoast_head":"<!-- This site is optimized with the Yoast SEO plugin v27.4 - https:\/\/yoast.com\/product\/yoast-seo-wordpress\/ -->\n<title>Lagadec Percussions Caisse Claire 14&quot;x5,5&quot; Ash Nouvelle cr\u00e9ation 2024 ! - D\u00e9p\u00f4t Vente Batterie Percussion | Rimocc Lyon<\/title>\n<meta name=\"description\" content=\"F\u00fbts 3 plis horizontaux en fr\u00eane (100% francais)\" \/>\n<meta name=\"robots\" content=\"index, follow, max-snippet:-1, max-image-preview:large, max-video-preview:-1\" \/>\n<link rel=\"canonical\" href=\"https:\/\/www.rimocc.com\/en\/product\/lagadec-percussions-caisse-claire-14x55-ash-nouvelle-creation-2024\/\" \/>\n<meta property=\"og:locale\" content=\"en_US\" \/>\n<meta property=\"og:type\" content=\"article\" \/>\n<meta property=\"og:title\" content=\"Lagadec Percussions Caisse Claire 14&quot;x5,5&quot; Ash Nouvelle cr\u00e9ation 2024 ! - D\u00e9p\u00f4t Vente Batterie Percussion | Rimocc Lyon\" \/>\n<meta property=\"og:description\" content=\"F\u00fbts 3 plis horizontaux en fr\u00eane (100% francais)\" \/>\n<meta property=\"og:url\" content=\"https:\/\/www.rimocc.com\/en\/product\/lagadec-percussions-caisse-claire-14x55-ash-nouvelle-creation-2024\/\" \/>\n<meta property=\"og:site_name\" content=\"D\u00e9p\u00f4t Vente Batterie Percussion | Rimocc Lyon\" \/>\n<meta property=\"article:publisher\" content=\"https:\/\/www.facebook.com\/rimocclyon\/?locale=fr_FR\" \/>\n<meta property=\"article:modified_time\" content=\"2025-09-13T14:10:39+00:00\" \/>\n<meta property=\"og:image\" content=\"https:\/\/www.rimocc.com\/wp-content\/uploads\/2024\/10\/Lagadec-Percussions-Caisse-Claire-14_x55_-Ash-1.jpg\" \/>\n\t<meta property=\"og:image:width\" content=\"1920\" \/>\n\t<meta property=\"og:image:height\" content=\"1920\" \/>\n\t<meta property=\"og:image:type\" content=\"image\/jpeg\" \/>\n<meta name=\"twitter:card\" content=\"summary_large_image\" \/>\n<meta name=\"twitter:label1\" content=\"Est. reading time\" \/>\n\t<meta name=\"twitter:data1\" content=\"1 minute\" \/>\n<script type=\"application\/ld+json\" class=\"yoast-schema-graph\">{\"@context\":\"https:\\\/\\\/schema.org\",\"@graph\":[{\"@type\":\"WebPage\",\"@id\":\"https:\\\/\\\/www.rimocc.com\\\/product\\\/lagadec-percussions-caisse-claire-14x55-ash-nouvelle-creation-2024\\\/\",\"url\":\"https:\\\/\\\/www.rimocc.com\\\/product\\\/lagadec-percussions-caisse-claire-14x55-ash-nouvelle-creation-2024\\\/\",\"name\":\"Lagadec Percussions Caisse Claire 14\\\"x5,5\\\" Ash Nouvelle cr\u00e9ation 2024 ! - D\u00e9p\u00f4t Vente Batterie Percussion | Rimocc Lyon\",\"isPartOf\":{\"@id\":\"https:\\\/\\\/www.rimocc.com\\\/#website\"},\"primaryImageOfPage\":{\"@id\":\"https:\\\/\\\/www.rimocc.com\\\/product\\\/lagadec-percussions-caisse-claire-14x55-ash-nouvelle-creation-2024\\\/#primaryimage\"},\"image\":{\"@id\":\"https:\\\/\\\/www.rimocc.com\\\/product\\\/lagadec-percussions-caisse-claire-14x55-ash-nouvelle-creation-2024\\\/#primaryimage\"},\"thumbnailUrl\":\"https:\\\/\\\/www.rimocc.com\\\/wp-content\\\/uploads\\\/2024\\\/10\\\/Lagadec-Percussions-Caisse-Claire-14_x55_-Ash-1.jpg\",\"datePublished\":\"2024-10-23T15:23:55+00:00\",\"dateModified\":\"2025-09-13T14:10:39+00:00\",\"description\":\"F\u00fbts 3 plis horizontaux en fr\u00eane (100% francais)\",\"breadcrumb\":{\"@id\":\"https:\\\/\\\/www.rimocc.com\\\/product\\\/lagadec-percussions-caisse-claire-14x55-ash-nouvelle-creation-2024\\\/#breadcrumb\"},\"inLanguage\":\"en-US\",\"potentialAction\":[{\"@type\":\"ReadAction\",\"target\":[\"https:\\\/\\\/www.rimocc.com\\\/product\\\/lagadec-percussions-caisse-claire-14x55-ash-nouvelle-creation-2024\\\/\"]}]},{\"@type\":\"ImageObject\",\"inLanguage\":\"en-US\",\"@id\":\"https:\\\/\\\/www.rimocc.com\\\/product\\\/lagadec-percussions-caisse-claire-14x55-ash-nouvelle-creation-2024\\\/#primaryimage\",\"url\":\"https:\\\/\\\/www.rimocc.com\\\/wp-content\\\/uploads\\\/2024\\\/10\\\/Lagadec-Percussions-Caisse-Claire-14_x55_-Ash-1.jpg\",\"contentUrl\":\"https:\\\/\\\/www.rimocc.com\\\/wp-content\\\/uploads\\\/2024\\\/10\\\/Lagadec-Percussions-Caisse-Claire-14_x55_-Ash-1.jpg\",\"width\":1920,\"height\":1920,\"caption\":\"Lagadec Percussions Caisse Claire 14\\\"x5,5\\\" Ash\"},{\"@type\":\"BreadcrumbList\",\"@id\":\"https:\\\/\\\/www.rimocc.com\\\/product\\\/lagadec-percussions-caisse-claire-14x55-ash-nouvelle-creation-2024\\\/#breadcrumb\",\"itemListElement\":[{\"@type\":\"ListItem\",\"position\":1,\"name\":\"Home\",\"item\":\"https:\\\/\\\/www.rimocc.com\\\/\"},{\"@type\":\"ListItem\",\"position\":2,\"name\":\"Shop\",\"item\":\"https:\\\/\\\/www.rimocc.com\\\/shop\\\/\"},{\"@type\":\"ListItem\",\"position\":3,\"name\":\"Lagadec Percussions Caisse Claire 14&#8243;x5,5&#8243; Ash Nouvelle cr\u00e9ation 2024 !\"}]},{\"@type\":\"WebSite\",\"@id\":\"https:\\\/\\\/www.rimocc.com\\\/#website\",\"url\":\"https:\\\/\\\/www.rimocc.com\\\/\",\"name\":\"D\u00e9p\u00f4t Vente Batterie Percussion | Rimocc Lyon\",\"description\":\"Rimocc: l&#039;unique magasin d\u00e9di\u00e9 enti\u00e8rement \u00e0 la batterie, percussion d&#039;occasion et vintage \u00e0 Lyon, France\",\"publisher\":{\"@id\":\"https:\\\/\\\/www.rimocc.com\\\/#organization\"},\"alternateName\":\"Rimocc'\",\"potentialAction\":[{\"@type\":\"SearchAction\",\"target\":{\"@type\":\"EntryPoint\",\"urlTemplate\":\"https:\\\/\\\/www.rimocc.com\\\/?s={search_term_string}\"},\"query-input\":{\"@type\":\"PropertyValueSpecification\",\"valueRequired\":true,\"valueName\":\"search_term_string\"}}],\"inLanguage\":\"en-US\"},{\"@type\":\"Organization\",\"@id\":\"https:\\\/\\\/www.rimocc.com\\\/#organization\",\"name\":\"Rimocc'\",\"alternateName\":\"Rimocc\",\"url\":\"https:\\\/\\\/www.rimocc.com\\\/\",\"logo\":{\"@type\":\"ImageObject\",\"inLanguage\":\"en-US\",\"@id\":\"https:\\\/\\\/www.rimocc.com\\\/#\\\/schema\\\/logo\\\/image\\\/\",\"url\":\"https:\\\/\\\/i0.wp.com\\\/www.rimocc.com\\\/wp-content\\\/uploads\\\/2023\\\/07\\\/RIMOCC_LOGO.jpg?fit=459%2C114&ssl=1\",\"contentUrl\":\"https:\\\/\\\/i0.wp.com\\\/www.rimocc.com\\\/wp-content\\\/uploads\\\/2023\\\/07\\\/RIMOCC_LOGO.jpg?fit=459%2C114&ssl=1\",\"width\":459,\"height\":114,\"caption\":\"Rimocc'\"},\"image\":{\"@id\":\"https:\\\/\\\/www.rimocc.com\\\/#\\\/schema\\\/logo\\\/image\\\/\"},\"sameAs\":[\"https:\\\/\\\/www.facebook.com\\\/rimocclyon\\\/?locale=fr_FR\",\"https:\\\/\\\/www.instagram.com\\\/rimoccc\\\/?hl=fr\",\"https:\\\/\\\/www.tiktok.com\\\/@rimocc\",\"https:\\\/\\\/www.youtube.com\\\/@Rimocc\"]}]}<\/script>\n<!-- \/ Yoast SEO plugin. -->","yoast_head_json":{"title":"Lagadec Percussions Caisse Claire 14\"x5,5\" Ash Nouvelle cr\u00e9ation 2024 ! - D\u00e9p\u00f4t Vente Batterie Percussion | Rimocc Lyon","description":"F\u00fbts 3 plis horizontaux en fr\u00eane (100% francais)","robots":{"index":"index","follow":"follow","max-snippet":"max-snippet:-1","max-image-preview":"max-image-preview:large","max-video-preview":"max-video-preview:-1"},"canonical":"https:\/\/www.rimocc.com\/en\/product\/lagadec-percussions-caisse-claire-14x55-ash-nouvelle-creation-2024\/","og_locale":"en_US","og_type":"article","og_title":"Lagadec Percussions Caisse Claire 14\"x5,5\" Ash Nouvelle cr\u00e9ation 2024 ! - D\u00e9p\u00f4t Vente Batterie Percussion | Rimocc Lyon","og_description":"F\u00fbts 3 plis horizontaux en fr\u00eane (100% francais)","og_url":"https:\/\/www.rimocc.com\/en\/product\/lagadec-percussions-caisse-claire-14x55-ash-nouvelle-creation-2024\/","og_site_name":"D\u00e9p\u00f4t Vente Batterie Percussion | Rimocc Lyon","article_publisher":"https:\/\/www.facebook.com\/rimocclyon\/?locale=fr_FR","article_modified_time":"2025-09-13T14:10:39+00:00","og_image":[{"width":1920,"height":1920,"url":"https:\/\/www.rimocc.com\/wp-content\/uploads\/2024\/10\/Lagadec-Percussions-Caisse-Claire-14_x55_-Ash-1.jpg","type":"image\/jpeg"}],"twitter_card":"summary_large_image","twitter_misc":{"Est. reading time":"1 minute"},"schema":{"@context":"https:\/\/schema.org","@graph":[{"@type":"WebPage","@id":"https:\/\/www.rimocc.com\/product\/lagadec-percussions-caisse-claire-14x55-ash-nouvelle-creation-2024\/","url":"https:\/\/www.rimocc.com\/product\/lagadec-percussions-caisse-claire-14x55-ash-nouvelle-creation-2024\/","name":"Lagadec Percussions Caisse Claire 14\"x5,5\" Ash Nouvelle cr\u00e9ation 2024 ! - D\u00e9p\u00f4t Vente Batterie Percussion | Rimocc Lyon","isPartOf":{"@id":"https:\/\/www.rimocc.com\/#website"},"primaryImageOfPage":{"@id":"https:\/\/www.rimocc.com\/product\/lagadec-percussions-caisse-claire-14x55-ash-nouvelle-creation-2024\/#primaryimage"},"image":{"@id":"https:\/\/www.rimocc.com\/product\/lagadec-percussions-caisse-claire-14x55-ash-nouvelle-creation-2024\/#primaryimage"},"thumbnailUrl":"https:\/\/www.rimocc.com\/wp-content\/uploads\/2024\/10\/Lagadec-Percussions-Caisse-Claire-14_x55_-Ash-1.jpg","datePublished":"2024-10-23T15:23:55+00:00","dateModified":"2025-09-13T14:10:39+00:00","description":"F\u00fbts 3 plis horizontaux en fr\u00eane (100% francais)","breadcrumb":{"@id":"https:\/\/www.rimocc.com\/product\/lagadec-percussions-caisse-claire-14x55-ash-nouvelle-creation-2024\/#breadcrumb"},"inLanguage":"en-US","potentialAction":[{"@type":"ReadAction","target":["https:\/\/www.rimocc.com\/product\/lagadec-percussions-caisse-claire-14x55-ash-nouvelle-creation-2024\/"]}]},{"@type":"ImageObject","inLanguage":"en-US","@id":"https:\/\/www.rimocc.com\/product\/lagadec-percussions-caisse-claire-14x55-ash-nouvelle-creation-2024\/#primaryimage","url":"https:\/\/www.rimocc.com\/wp-content\/uploads\/2024\/10\/Lagadec-Percussions-Caisse-Claire-14_x55_-Ash-1.jpg","contentUrl":"https:\/\/www.rimocc.com\/wp-content\/uploads\/2024\/10\/Lagadec-Percussions-Caisse-Claire-14_x55_-Ash-1.jpg","width":1920,"height":1920,"caption":"Lagadec Percussions Caisse Claire 14\"x5,5\" Ash"},{"@type":"BreadcrumbList","@id":"https:\/\/www.rimocc.com\/product\/lagadec-percussions-caisse-claire-14x55-ash-nouvelle-creation-2024\/#breadcrumb","itemListElement":[{"@type":"ListItem","position":1,"name":"Home","item":"https:\/\/www.rimocc.com\/"},{"@type":"ListItem","position":2,"name":"Shop","item":"https:\/\/www.rimocc.com\/shop\/"},{"@type":"ListItem","position":3,"name":"Lagadec Percussions Caisse Claire 14&#8243;x5,5&#8243; Ash Nouvelle cr\u00e9ation 2024 !"}]},{"@type":"WebSite","@id":"https:\/\/www.rimocc.com\/#website","url":"https:\/\/www.rimocc.com\/","name":"D\u00e9p\u00f4t Vente Batterie Percussion | Rimocc Lyon","description":"Rimocc: l&#039;unique magasin d\u00e9di\u00e9 enti\u00e8rement \u00e0 la batterie, percussion d&#039;occasion et vintage \u00e0 Lyon, France","publisher":{"@id":"https:\/\/www.rimocc.com\/#organization"},"alternateName":"Rimocc'","potentialAction":[{"@type":"SearchAction","target":{"@type":"EntryPoint","urlTemplate":"https:\/\/www.rimocc.com\/?s={search_term_string}"},"query-input":{"@type":"PropertyValueSpecification","valueRequired":true,"valueName":"search_term_string"}}],"inLanguage":"en-US"},{"@type":"Organization","@id":"https:\/\/www.rimocc.com\/#organization","name":"Rimocc'","alternateName":"Rimocc","url":"https:\/\/www.rimocc.com\/","logo":{"@type":"ImageObject","inLanguage":"en-US","@id":"https:\/\/www.rimocc.com\/#\/schema\/logo\/image\/","url":"https:\/\/i0.wp.com\/www.rimocc.com\/wp-content\/uploads\/2023\/07\/RIMOCC_LOGO.jpg?fit=459%2C114&ssl=1","contentUrl":"https:\/\/i0.wp.com\/www.rimocc.com\/wp-content\/uploads\/2023\/07\/RIMOCC_LOGO.jpg?fit=459%2C114&ssl=1","width":459,"height":114,"caption":"Rimocc'"},"image":{"@id":"https:\/\/www.rimocc.com\/#\/schema\/logo\/image\/"},"sameAs":["https:\/\/www.facebook.com\/rimocclyon\/?locale=fr_FR","https:\/\/www.instagram.com\/rimoccc\/?hl=fr","https:\/\/www.tiktok.com\/@rimocc","https:\/\/www.youtube.com\/@Rimocc"]}]}},"jetpack_publicize_connections":[],"jetpack_sharing_enabled":true,"_links":{"self":[{"href":"https:\/\/www.rimocc.com\/en\/wp-json\/wp\/v2\/product\/13243","targetHints":{"allow":["GET"]}}],"collection":[{"href":"https:\/\/www.rimocc.com\/en\/wp-json\/wp\/v2\/product"}],"about":[{"href":"https:\/\/www.rimocc.com\/en\/wp-json\/wp\/v2\/types\/product"}],"replies":[{"embeddable":true,"href":"https:\/\/www.rimocc.com\/en\/wp-json\/wp\/v2\/comments?post=13243"}],"wp:featuredmedia":[{"embeddable":true,"href":"https:\/\/www.rimocc.com\/en\/wp-json\/wp\/v2\/media\/13242"}],"wp:attachment":[{"href":"https:\/\/www.rimocc.com\/en\/wp-json\/wp\/v2\/media?parent=13243"}],"wp:term":[{"taxonomy":"product_brand","embeddable":true,"href":"https:\/\/www.rimocc.com\/en\/wp-json\/wp\/v2\/product_brand?post=13243"},{"taxonomy":"product_cat","embeddable":true,"href":"https:\/\/www.rimocc.com\/en\/wp-json\/wp\/v2\/product_cat?post=13243"},{"taxonomy":"product_tag","embeddable":true,"href":"https:\/\/www.rimocc.com\/en\/wp-json\/wp\/v2\/product_tag?post=13243"}],"curies":[{"name":"wp","href":"https:\/\/api.w.org\/{rel}","templated":true}]}}