{"id":13198,"date":"2024-10-15T18:12:16","date_gmt":"2024-10-15T16:12:16","guid":{"rendered":"https:\/\/www.rimocc.com\/?post_type=product&#038;p=13198"},"modified":"2024-11-12T19:05:40","modified_gmt":"2024-11-12T18:05:40","slug":"alesis-nitro-batterie-electronique-5-futs","status":"publish","type":"product","link":"https:\/\/www.rimocc.com\/en\/product\/alesis-nitro-batterie-electronique-5-futs\/","title":{"rendered":"Alesis Nitro Batterie Electronique 5 f\u00fbts"},"content":{"rendered":"<p>Mesh Kit<br \/>\nTr\u00e8s bon \u00e9tat g\u00e9n\u00e9ral<br \/>\nCompl\u00e8te<\/p>\n<p>Batterie \u00e9lectronique Rimocc&rsquo; Magasin de Musique Lyon<\/p>","protected":false},"excerpt":{"rendered":"<p>Mesh Kit Tr\u00e8s bon \u00e9tat g\u00e9n\u00e9ral Compl\u00e8te Batterie \u00e9lectronique Rimocc&rsquo; Magasin de Musique Lyon<\/p>","protected":false},"featured_media":13197,"comment_status":"open","ping_status":"closed","template":"","meta":{"jetpack_publicize_message":"","jetpack_publicize_feature_enabled":true,"jetpack_social_post_already_shared":false,"jetpack_social_options":{"image_generator_settings":{"template":"highway","default_image_id":0,"font":"","enabled":false},"version":2}},"product_brand":[],"product_cat":[20],"product_tag":[600,41,57,548,43,538],"class_list":{"0":"post-13198","1":"product","2":"type-product","3":"status-publish","4":"has-post-thumbnail","6":"product_cat-batterie","7":"product_tag-alesis","8":"product_tag-batterie","9":"product_tag-batterie-electronique","10":"product_tag-depot-vente-lyon","11":"product_tag-drums","12":"product_tag-magasin-de-musique-lyon","14":"entry","15":"has-media","17":"first","18":"outofstock","19":"shipping-taxable","20":"purchasable","21":"product-type-simple","22":"has-product-nav","23":"col","24":"span_1_of_3","25":"owp-content-center","26":"owp-thumbs-layout-horizontal","27":"owp-btn-normal","28":"owp-tabs-layout-horizontal"},"yoast_head":"<!-- This site is optimized with the Yoast SEO plugin v27.4 - https:\/\/yoast.com\/product\/yoast-seo-wordpress\/ -->\n<title>Alesis Nitro Batterie Electronique 5 f\u00fbts - D\u00e9p\u00f4t Vente Batterie Percussion | Rimocc Lyon<\/title>\n<meta name=\"description\" content=\"La Nitro Mesh sera parfaite pour les batteurs d\u00e9butants comme pour les plus confirm\u00e9s \u00e0 la recherche d&#039;un kit d&#039;entrainement. Equip\u00e9e d&#039;un nouveau module, qui propose 40 kits et 385 sons, et de peaux maill\u00e9es pour les toms.\" \/>\n<meta name=\"robots\" content=\"index, follow, max-snippet:-1, max-image-preview:large, max-video-preview:-1\" \/>\n<link rel=\"canonical\" href=\"https:\/\/www.rimocc.com\/en\/product\/alesis-nitro-batterie-electronique-5-futs\/\" \/>\n<meta property=\"og:locale\" content=\"en_US\" \/>\n<meta property=\"og:type\" content=\"article\" \/>\n<meta property=\"og:title\" content=\"Alesis Nitro Batterie Electronique 5 f\u00fbts - D\u00e9p\u00f4t Vente Batterie Percussion | Rimocc Lyon\" \/>\n<meta property=\"og:description\" content=\"La Nitro Mesh sera parfaite pour les batteurs d\u00e9butants comme pour les plus confirm\u00e9s \u00e0 la recherche d&#039;un kit d&#039;entrainement. Equip\u00e9e d&#039;un nouveau module, qui propose 40 kits et 385 sons, et de peaux maill\u00e9es pour les toms.\" \/>\n<meta property=\"og:url\" content=\"https:\/\/www.rimocc.com\/en\/product\/alesis-nitro-batterie-electronique-5-futs\/\" \/>\n<meta property=\"og:site_name\" content=\"D\u00e9p\u00f4t Vente Batterie Percussion | Rimocc Lyon\" \/>\n<meta property=\"article:publisher\" content=\"https:\/\/www.facebook.com\/rimocclyon\/?locale=fr_FR\" \/>\n<meta property=\"article:modified_time\" content=\"2024-11-12T18:05:40+00:00\" \/>\n<meta property=\"og:image\" content=\"https:\/\/www.rimocc.com\/wp-content\/uploads\/2024\/10\/Alesis-Nitro-Batterie-Electronique-5-futs-1.jpg\" \/>\n\t<meta property=\"og:image:width\" content=\"1920\" \/>\n\t<meta property=\"og:image:height\" content=\"1920\" \/>\n\t<meta property=\"og:image:type\" content=\"image\/jpeg\" \/>\n<meta name=\"twitter:card\" content=\"summary_large_image\" \/>\n<meta name=\"twitter:label1\" content=\"Est. reading time\" \/>\n\t<meta name=\"twitter:data1\" content=\"1 minute\" \/>\n<script type=\"application\/ld+json\" class=\"yoast-schema-graph\">{\"@context\":\"https:\\\/\\\/schema.org\",\"@graph\":[{\"@type\":\"WebPage\",\"@id\":\"https:\\\/\\\/www.rimocc.com\\\/product\\\/alesis-nitro-batterie-electronique-5-futs\\\/\",\"url\":\"https:\\\/\\\/www.rimocc.com\\\/product\\\/alesis-nitro-batterie-electronique-5-futs\\\/\",\"name\":\"Alesis Nitro Batterie Electronique 5 f\u00fbts - D\u00e9p\u00f4t Vente Batterie Percussion | Rimocc Lyon\",\"isPartOf\":{\"@id\":\"https:\\\/\\\/www.rimocc.com\\\/#website\"},\"primaryImageOfPage\":{\"@id\":\"https:\\\/\\\/www.rimocc.com\\\/product\\\/alesis-nitro-batterie-electronique-5-futs\\\/#primaryimage\"},\"image\":{\"@id\":\"https:\\\/\\\/www.rimocc.com\\\/product\\\/alesis-nitro-batterie-electronique-5-futs\\\/#primaryimage\"},\"thumbnailUrl\":\"https:\\\/\\\/www.rimocc.com\\\/wp-content\\\/uploads\\\/2024\\\/10\\\/Alesis-Nitro-Batterie-Electronique-5-futs-1.jpg\",\"datePublished\":\"2024-10-15T16:12:16+00:00\",\"dateModified\":\"2024-11-12T18:05:40+00:00\",\"description\":\"La Nitro Mesh sera parfaite pour les batteurs d\u00e9butants comme pour les plus confirm\u00e9s \u00e0 la recherche d'un kit d'entrainement. Equip\u00e9e d'un nouveau module, qui propose 40 kits et 385 sons, et de peaux maill\u00e9es pour les toms.\",\"breadcrumb\":{\"@id\":\"https:\\\/\\\/www.rimocc.com\\\/product\\\/alesis-nitro-batterie-electronique-5-futs\\\/#breadcrumb\"},\"inLanguage\":\"en-US\",\"potentialAction\":[{\"@type\":\"ReadAction\",\"target\":[\"https:\\\/\\\/www.rimocc.com\\\/product\\\/alesis-nitro-batterie-electronique-5-futs\\\/\"]}]},{\"@type\":\"ImageObject\",\"inLanguage\":\"en-US\",\"@id\":\"https:\\\/\\\/www.rimocc.com\\\/product\\\/alesis-nitro-batterie-electronique-5-futs\\\/#primaryimage\",\"url\":\"https:\\\/\\\/www.rimocc.com\\\/wp-content\\\/uploads\\\/2024\\\/10\\\/Alesis-Nitro-Batterie-Electronique-5-futs-1.jpg\",\"contentUrl\":\"https:\\\/\\\/www.rimocc.com\\\/wp-content\\\/uploads\\\/2024\\\/10\\\/Alesis-Nitro-Batterie-Electronique-5-futs-1.jpg\",\"width\":1920,\"height\":1920},{\"@type\":\"BreadcrumbList\",\"@id\":\"https:\\\/\\\/www.rimocc.com\\\/product\\\/alesis-nitro-batterie-electronique-5-futs\\\/#breadcrumb\",\"itemListElement\":[{\"@type\":\"ListItem\",\"position\":1,\"name\":\"Home\",\"item\":\"https:\\\/\\\/www.rimocc.com\\\/\"},{\"@type\":\"ListItem\",\"position\":2,\"name\":\"Shop\",\"item\":\"https:\\\/\\\/www.rimocc.com\\\/shop\\\/\"},{\"@type\":\"ListItem\",\"position\":3,\"name\":\"Alesis Nitro Batterie Electronique 5 f\u00fbts\"}]},{\"@type\":\"WebSite\",\"@id\":\"https:\\\/\\\/www.rimocc.com\\\/#website\",\"url\":\"https:\\\/\\\/www.rimocc.com\\\/\",\"name\":\"D\u00e9p\u00f4t Vente Batterie Percussion | Rimocc Lyon\",\"description\":\"Rimocc: l&#039;unique magasin d\u00e9di\u00e9 enti\u00e8rement \u00e0 la batterie, percussion d&#039;occasion et vintage \u00e0 Lyon, France\",\"publisher\":{\"@id\":\"https:\\\/\\\/www.rimocc.com\\\/#organization\"},\"alternateName\":\"Rimocc'\",\"potentialAction\":[{\"@type\":\"SearchAction\",\"target\":{\"@type\":\"EntryPoint\",\"urlTemplate\":\"https:\\\/\\\/www.rimocc.com\\\/?s={search_term_string}\"},\"query-input\":{\"@type\":\"PropertyValueSpecification\",\"valueRequired\":true,\"valueName\":\"search_term_string\"}}],\"inLanguage\":\"en-US\"},{\"@type\":\"Organization\",\"@id\":\"https:\\\/\\\/www.rimocc.com\\\/#organization\",\"name\":\"Rimocc'\",\"alternateName\":\"Rimocc\",\"url\":\"https:\\\/\\\/www.rimocc.com\\\/\",\"logo\":{\"@type\":\"ImageObject\",\"inLanguage\":\"en-US\",\"@id\":\"https:\\\/\\\/www.rimocc.com\\\/#\\\/schema\\\/logo\\\/image\\\/\",\"url\":\"https:\\\/\\\/i0.wp.com\\\/www.rimocc.com\\\/wp-content\\\/uploads\\\/2023\\\/07\\\/RIMOCC_LOGO.jpg?fit=459%2C114&ssl=1\",\"contentUrl\":\"https:\\\/\\\/i0.wp.com\\\/www.rimocc.com\\\/wp-content\\\/uploads\\\/2023\\\/07\\\/RIMOCC_LOGO.jpg?fit=459%2C114&ssl=1\",\"width\":459,\"height\":114,\"caption\":\"Rimocc'\"},\"image\":{\"@id\":\"https:\\\/\\\/www.rimocc.com\\\/#\\\/schema\\\/logo\\\/image\\\/\"},\"sameAs\":[\"https:\\\/\\\/www.facebook.com\\\/rimocclyon\\\/?locale=fr_FR\",\"https:\\\/\\\/www.instagram.com\\\/rimoccc\\\/?hl=fr\",\"https:\\\/\\\/www.tiktok.com\\\/@rimocc\",\"https:\\\/\\\/www.youtube.com\\\/@Rimocc\"]}]}<\/script>\n<!-- \/ Yoast SEO plugin. -->","yoast_head_json":{"title":"Alesis Nitro Batterie Electronique 5 f\u00fbts - D\u00e9p\u00f4t Vente Batterie Percussion | Rimocc Lyon","description":"La Nitro Mesh sera parfaite pour les batteurs d\u00e9butants comme pour les plus confirm\u00e9s \u00e0 la recherche d'un kit d'entrainement. Equip\u00e9e d'un nouveau module, qui propose 40 kits et 385 sons, et de peaux maill\u00e9es pour les toms.","robots":{"index":"index","follow":"follow","max-snippet":"max-snippet:-1","max-image-preview":"max-image-preview:large","max-video-preview":"max-video-preview:-1"},"canonical":"https:\/\/www.rimocc.com\/en\/product\/alesis-nitro-batterie-electronique-5-futs\/","og_locale":"en_US","og_type":"article","og_title":"Alesis Nitro Batterie Electronique 5 f\u00fbts - D\u00e9p\u00f4t Vente Batterie Percussion | Rimocc Lyon","og_description":"La Nitro Mesh sera parfaite pour les batteurs d\u00e9butants comme pour les plus confirm\u00e9s \u00e0 la recherche d'un kit d'entrainement. Equip\u00e9e d'un nouveau module, qui propose 40 kits et 385 sons, et de peaux maill\u00e9es pour les toms.","og_url":"https:\/\/www.rimocc.com\/en\/product\/alesis-nitro-batterie-electronique-5-futs\/","og_site_name":"D\u00e9p\u00f4t Vente Batterie Percussion | Rimocc Lyon","article_publisher":"https:\/\/www.facebook.com\/rimocclyon\/?locale=fr_FR","article_modified_time":"2024-11-12T18:05:40+00:00","og_image":[{"width":1920,"height":1920,"url":"https:\/\/www.rimocc.com\/wp-content\/uploads\/2024\/10\/Alesis-Nitro-Batterie-Electronique-5-futs-1.jpg","type":"image\/jpeg"}],"twitter_card":"summary_large_image","twitter_misc":{"Est. reading time":"1 minute"},"schema":{"@context":"https:\/\/schema.org","@graph":[{"@type":"WebPage","@id":"https:\/\/www.rimocc.com\/product\/alesis-nitro-batterie-electronique-5-futs\/","url":"https:\/\/www.rimocc.com\/product\/alesis-nitro-batterie-electronique-5-futs\/","name":"Alesis Nitro Batterie Electronique 5 f\u00fbts - D\u00e9p\u00f4t Vente Batterie Percussion | Rimocc Lyon","isPartOf":{"@id":"https:\/\/www.rimocc.com\/#website"},"primaryImageOfPage":{"@id":"https:\/\/www.rimocc.com\/product\/alesis-nitro-batterie-electronique-5-futs\/#primaryimage"},"image":{"@id":"https:\/\/www.rimocc.com\/product\/alesis-nitro-batterie-electronique-5-futs\/#primaryimage"},"thumbnailUrl":"https:\/\/www.rimocc.com\/wp-content\/uploads\/2024\/10\/Alesis-Nitro-Batterie-Electronique-5-futs-1.jpg","datePublished":"2024-10-15T16:12:16+00:00","dateModified":"2024-11-12T18:05:40+00:00","description":"La Nitro Mesh sera parfaite pour les batteurs d\u00e9butants comme pour les plus confirm\u00e9s \u00e0 la recherche d'un kit d'entrainement. Equip\u00e9e d'un nouveau module, qui propose 40 kits et 385 sons, et de peaux maill\u00e9es pour les toms.","breadcrumb":{"@id":"https:\/\/www.rimocc.com\/product\/alesis-nitro-batterie-electronique-5-futs\/#breadcrumb"},"inLanguage":"en-US","potentialAction":[{"@type":"ReadAction","target":["https:\/\/www.rimocc.com\/product\/alesis-nitro-batterie-electronique-5-futs\/"]}]},{"@type":"ImageObject","inLanguage":"en-US","@id":"https:\/\/www.rimocc.com\/product\/alesis-nitro-batterie-electronique-5-futs\/#primaryimage","url":"https:\/\/www.rimocc.com\/wp-content\/uploads\/2024\/10\/Alesis-Nitro-Batterie-Electronique-5-futs-1.jpg","contentUrl":"https:\/\/www.rimocc.com\/wp-content\/uploads\/2024\/10\/Alesis-Nitro-Batterie-Electronique-5-futs-1.jpg","width":1920,"height":1920},{"@type":"BreadcrumbList","@id":"https:\/\/www.rimocc.com\/product\/alesis-nitro-batterie-electronique-5-futs\/#breadcrumb","itemListElement":[{"@type":"ListItem","position":1,"name":"Home","item":"https:\/\/www.rimocc.com\/"},{"@type":"ListItem","position":2,"name":"Shop","item":"https:\/\/www.rimocc.com\/shop\/"},{"@type":"ListItem","position":3,"name":"Alesis Nitro Batterie Electronique 5 f\u00fbts"}]},{"@type":"WebSite","@id":"https:\/\/www.rimocc.com\/#website","url":"https:\/\/www.rimocc.com\/","name":"D\u00e9p\u00f4t Vente Batterie Percussion | Rimocc Lyon","description":"Rimocc: l&#039;unique magasin d\u00e9di\u00e9 enti\u00e8rement \u00e0 la batterie, percussion d&#039;occasion et vintage \u00e0 Lyon, France","publisher":{"@id":"https:\/\/www.rimocc.com\/#organization"},"alternateName":"Rimocc'","potentialAction":[{"@type":"SearchAction","target":{"@type":"EntryPoint","urlTemplate":"https:\/\/www.rimocc.com\/?s={search_term_string}"},"query-input":{"@type":"PropertyValueSpecification","valueRequired":true,"valueName":"search_term_string"}}],"inLanguage":"en-US"},{"@type":"Organization","@id":"https:\/\/www.rimocc.com\/#organization","name":"Rimocc'","alternateName":"Rimocc","url":"https:\/\/www.rimocc.com\/","logo":{"@type":"ImageObject","inLanguage":"en-US","@id":"https:\/\/www.rimocc.com\/#\/schema\/logo\/image\/","url":"https:\/\/i0.wp.com\/www.rimocc.com\/wp-content\/uploads\/2023\/07\/RIMOCC_LOGO.jpg?fit=459%2C114&ssl=1","contentUrl":"https:\/\/i0.wp.com\/www.rimocc.com\/wp-content\/uploads\/2023\/07\/RIMOCC_LOGO.jpg?fit=459%2C114&ssl=1","width":459,"height":114,"caption":"Rimocc'"},"image":{"@id":"https:\/\/www.rimocc.com\/#\/schema\/logo\/image\/"},"sameAs":["https:\/\/www.facebook.com\/rimocclyon\/?locale=fr_FR","https:\/\/www.instagram.com\/rimoccc\/?hl=fr","https:\/\/www.tiktok.com\/@rimocc","https:\/\/www.youtube.com\/@Rimocc"]}]}},"jetpack_publicize_connections":[],"jetpack_sharing_enabled":true,"_links":{"self":[{"href":"https:\/\/www.rimocc.com\/en\/wp-json\/wp\/v2\/product\/13198","targetHints":{"allow":["GET"]}}],"collection":[{"href":"https:\/\/www.rimocc.com\/en\/wp-json\/wp\/v2\/product"}],"about":[{"href":"https:\/\/www.rimocc.com\/en\/wp-json\/wp\/v2\/types\/product"}],"replies":[{"embeddable":true,"href":"https:\/\/www.rimocc.com\/en\/wp-json\/wp\/v2\/comments?post=13198"}],"wp:featuredmedia":[{"embeddable":true,"href":"https:\/\/www.rimocc.com\/en\/wp-json\/wp\/v2\/media\/13197"}],"wp:attachment":[{"href":"https:\/\/www.rimocc.com\/en\/wp-json\/wp\/v2\/media?parent=13198"}],"wp:term":[{"taxonomy":"product_brand","embeddable":true,"href":"https:\/\/www.rimocc.com\/en\/wp-json\/wp\/v2\/product_brand?post=13198"},{"taxonomy":"product_cat","embeddable":true,"href":"https:\/\/www.rimocc.com\/en\/wp-json\/wp\/v2\/product_cat?post=13198"},{"taxonomy":"product_tag","embeddable":true,"href":"https:\/\/www.rimocc.com\/en\/wp-json\/wp\/v2\/product_tag?post=13198"}],"curies":[{"name":"wp","href":"https:\/\/api.w.org\/{rel}","templated":true}]}}