{"id":13128,"date":"2024-10-08T18:07:39","date_gmt":"2024-10-08T16:07:39","guid":{"rendered":"https:\/\/www.rimocc.com\/?post_type=product&#038;p=13128"},"modified":"2024-12-26T08:04:35","modified_gmt":"2024-12-26T07:04:35","slug":"bergerault-custom-elite-bubinga-14x55","status":"publish","type":"product","link":"https:\/\/www.rimocc.com\/en\/product\/bergerault-custom-elite-bubinga-14x55\/","title":{"rendered":"Bergerault Custom Elite Bubinga 14&Prime;x5,5&Prime;"},"content":{"rendered":"<p>Bubinga Custom Elite<br \/>\nTr\u00e8s bon \u00e9tat g\u00e9n\u00e9ral<br \/>\nFabriqu\u00e9e en France par Bergerault \u00ab\u00a0Cr\u00e9ateur d&rsquo;instruments\u00a0\u00bb<br \/>\n<em>\u00ab\u00a0Fond\u00e9e en 1932 par M. Albert Bergerault, la Maison Bergerault a non seulement h\u00e9rit\u00e9 du nom de son fondateur mais aussi de son esprit cr\u00e9atif. Tout au long de ses 86 ann\u00e9es d\u2019existence, gr\u00e2ce aux artistes, compositeurs et interpr\u00e8tes, Bergerault n\u2019a cess\u00e9 d\u2019innover et d\u2019inventer de nouveaux instruments.\u00a0\u00bb<\/em><\/p>\n<p>Caisse Claire Rimocc&rsquo; Magasin de Musique Lyon<\/p>","protected":false},"excerpt":{"rendered":"<p>Bubinga Custom Elite Tr\u00e8s bon \u00e9tat g\u00e9n\u00e9ral Fabriqu\u00e9e en France par Bergerault \u00ab\u00a0Cr\u00e9ateur d&rsquo;instruments\u00a0\u00bb \u00ab\u00a0Fond\u00e9e en 1932 par M. Albert Bergerault, la Maison Bergerault a non seulement h\u00e9rit\u00e9 du nom de son fondateur mais aussi de son esprit cr\u00e9atif. Tout au long de ses 86 ann\u00e9es d\u2019existence, gr\u00e2ce aux artistes, compositeurs et interpr\u00e8tes, Bergerault n\u2019a [&hellip;]<\/p>\n","protected":false},"featured_media":13127,"comment_status":"open","ping_status":"closed","template":"","meta":{"jetpack_publicize_message":"","jetpack_publicize_feature_enabled":true,"jetpack_social_post_already_shared":false,"jetpack_social_options":{"image_generator_settings":{"template":"highway","default_image_id":0,"font":"","enabled":false},"version":2}},"product_brand":[],"product_cat":[25],"product_tag":[595,596,63,548,538,252],"class_list":{"0":"post-13128","1":"product","2":"type-product","3":"status-publish","4":"has-post-thumbnail","6":"product_cat-caisse-claire","7":"product_tag-bergerault","8":"product_tag-bubinga","9":"product_tag-caisse-claire","10":"product_tag-depot-vente-lyon","11":"product_tag-magasin-de-musique-lyon","12":"product_tag-snare-drum","14":"entry","15":"has-media","17":"first","18":"outofstock","19":"shipping-taxable","20":"purchasable","21":"product-type-simple","22":"has-product-nav","23":"col","24":"span_1_of_3","25":"owp-content-center","26":"owp-thumbs-layout-horizontal","27":"owp-btn-normal","28":"owp-tabs-layout-horizontal"},"yoast_head":"<!-- This site is optimized with the Yoast SEO plugin v27.4 - https:\/\/yoast.com\/product\/yoast-seo-wordpress\/ -->\n<title>Bergerault Custom Elite Bubinga 14&quot;x5,5&quot; - D\u00e9p\u00f4t Vente Batterie Percussion | Rimocc Lyon<\/title>\n<meta name=\"description\" content=\"Bubinga Custom Elite Fabriqu\u00e9e en France par Bergerault &quot;Cr\u00e9ateur d&#039;instruments&quot; &quot;Fond\u00e9e en 1932 par M. Albert Bergerault, la Maison Bergerault a non seulement h\u00e9rit\u00e9 du nom de son fondateur mais aussi de son esprit cr\u00e9atif. Tout au long de ses 86 ann\u00e9es d\u2019existence, gr\u00e2ce aux artistes, compositeurs et interpr\u00e8tes, Bergerault n\u2019a cess\u00e9 d\u2019innover et d\u2019inventer de nouveaux instruments.&quot;\" \/>\n<meta name=\"robots\" content=\"index, follow, max-snippet:-1, max-image-preview:large, max-video-preview:-1\" \/>\n<link rel=\"canonical\" href=\"https:\/\/www.rimocc.com\/en\/product\/bergerault-custom-elite-bubinga-14x55\/\" \/>\n<meta property=\"og:locale\" content=\"en_US\" \/>\n<meta property=\"og:type\" content=\"article\" \/>\n<meta property=\"og:title\" content=\"Bergerault Custom Elite Bubinga 14&quot;x5,5&quot; - D\u00e9p\u00f4t Vente Batterie Percussion | Rimocc Lyon\" \/>\n<meta property=\"og:description\" content=\"Bubinga Custom Elite Fabriqu\u00e9e en France par Bergerault &quot;Cr\u00e9ateur d&#039;instruments&quot; &quot;Fond\u00e9e en 1932 par M. Albert Bergerault, la Maison Bergerault a non seulement h\u00e9rit\u00e9 du nom de son fondateur mais aussi de son esprit cr\u00e9atif. Tout au long de ses 86 ann\u00e9es d\u2019existence, gr\u00e2ce aux artistes, compositeurs et interpr\u00e8tes, Bergerault n\u2019a cess\u00e9 d\u2019innover et d\u2019inventer de nouveaux instruments.&quot;\" \/>\n<meta property=\"og:url\" content=\"https:\/\/www.rimocc.com\/en\/product\/bergerault-custom-elite-bubinga-14x55\/\" \/>\n<meta property=\"og:site_name\" content=\"D\u00e9p\u00f4t Vente Batterie Percussion | Rimocc Lyon\" \/>\n<meta property=\"article:publisher\" content=\"https:\/\/www.facebook.com\/rimocclyon\/?locale=fr_FR\" \/>\n<meta property=\"article:modified_time\" content=\"2024-12-26T07:04:35+00:00\" \/>\n<meta property=\"og:image\" content=\"https:\/\/www.rimocc.com\/wp-content\/uploads\/2024\/10\/Bergerault-Custom-Elite-Bubinga-14_x55_-1.jpg\" \/>\n\t<meta property=\"og:image:width\" content=\"1920\" \/>\n\t<meta property=\"og:image:height\" content=\"1920\" \/>\n\t<meta property=\"og:image:type\" content=\"image\/jpeg\" \/>\n<meta name=\"twitter:card\" content=\"summary_large_image\" \/>\n<meta name=\"twitter:label1\" content=\"Est. reading time\" \/>\n\t<meta name=\"twitter:data1\" content=\"1 minute\" \/>\n<script type=\"application\/ld+json\" class=\"yoast-schema-graph\">{\"@context\":\"https:\\\/\\\/schema.org\",\"@graph\":[{\"@type\":\"WebPage\",\"@id\":\"https:\\\/\\\/www.rimocc.com\\\/product\\\/bergerault-custom-elite-bubinga-14x55\\\/\",\"url\":\"https:\\\/\\\/www.rimocc.com\\\/product\\\/bergerault-custom-elite-bubinga-14x55\\\/\",\"name\":\"Bergerault Custom Elite Bubinga 14\\\"x5,5\\\" - D\u00e9p\u00f4t Vente Batterie Percussion | Rimocc Lyon\",\"isPartOf\":{\"@id\":\"https:\\\/\\\/www.rimocc.com\\\/#website\"},\"primaryImageOfPage\":{\"@id\":\"https:\\\/\\\/www.rimocc.com\\\/product\\\/bergerault-custom-elite-bubinga-14x55\\\/#primaryimage\"},\"image\":{\"@id\":\"https:\\\/\\\/www.rimocc.com\\\/product\\\/bergerault-custom-elite-bubinga-14x55\\\/#primaryimage\"},\"thumbnailUrl\":\"https:\\\/\\\/www.rimocc.com\\\/wp-content\\\/uploads\\\/2024\\\/10\\\/Bergerault-Custom-Elite-Bubinga-14_x55_-1.jpg\",\"datePublished\":\"2024-10-08T16:07:39+00:00\",\"dateModified\":\"2024-12-26T07:04:35+00:00\",\"description\":\"Bubinga Custom Elite Fabriqu\u00e9e en France par Bergerault \\\"Cr\u00e9ateur d'instruments\\\" \\\"Fond\u00e9e en 1932 par M. Albert Bergerault, la Maison Bergerault a non seulement h\u00e9rit\u00e9 du nom de son fondateur mais aussi de son esprit cr\u00e9atif. Tout au long de ses 86 ann\u00e9es d\u2019existence, gr\u00e2ce aux artistes, compositeurs et interpr\u00e8tes, Bergerault n\u2019a cess\u00e9 d\u2019innover et d\u2019inventer de nouveaux instruments.\\\"\",\"breadcrumb\":{\"@id\":\"https:\\\/\\\/www.rimocc.com\\\/product\\\/bergerault-custom-elite-bubinga-14x55\\\/#breadcrumb\"},\"inLanguage\":\"en-US\",\"potentialAction\":[{\"@type\":\"ReadAction\",\"target\":[\"https:\\\/\\\/www.rimocc.com\\\/product\\\/bergerault-custom-elite-bubinga-14x55\\\/\"]}]},{\"@type\":\"ImageObject\",\"inLanguage\":\"en-US\",\"@id\":\"https:\\\/\\\/www.rimocc.com\\\/product\\\/bergerault-custom-elite-bubinga-14x55\\\/#primaryimage\",\"url\":\"https:\\\/\\\/www.rimocc.com\\\/wp-content\\\/uploads\\\/2024\\\/10\\\/Bergerault-Custom-Elite-Bubinga-14_x55_-1.jpg\",\"contentUrl\":\"https:\\\/\\\/www.rimocc.com\\\/wp-content\\\/uploads\\\/2024\\\/10\\\/Bergerault-Custom-Elite-Bubinga-14_x55_-1.jpg\",\"width\":1920,\"height\":1920,\"caption\":\"Bergerault Custom Elite Bubinga 14\\\"x5,5\\\"\"},{\"@type\":\"BreadcrumbList\",\"@id\":\"https:\\\/\\\/www.rimocc.com\\\/product\\\/bergerault-custom-elite-bubinga-14x55\\\/#breadcrumb\",\"itemListElement\":[{\"@type\":\"ListItem\",\"position\":1,\"name\":\"Home\",\"item\":\"https:\\\/\\\/www.rimocc.com\\\/\"},{\"@type\":\"ListItem\",\"position\":2,\"name\":\"Shop\",\"item\":\"https:\\\/\\\/www.rimocc.com\\\/shop\\\/\"},{\"@type\":\"ListItem\",\"position\":3,\"name\":\"Bergerault Custom Elite Bubinga 14&#8243;x5,5&#8243;\"}]},{\"@type\":\"WebSite\",\"@id\":\"https:\\\/\\\/www.rimocc.com\\\/#website\",\"url\":\"https:\\\/\\\/www.rimocc.com\\\/\",\"name\":\"D\u00e9p\u00f4t Vente Batterie Percussion | Rimocc Lyon\",\"description\":\"Rimocc: l&#039;unique magasin d\u00e9di\u00e9 enti\u00e8rement \u00e0 la batterie, percussion d&#039;occasion et vintage \u00e0 Lyon, France\",\"publisher\":{\"@id\":\"https:\\\/\\\/www.rimocc.com\\\/#organization\"},\"alternateName\":\"Rimocc'\",\"potentialAction\":[{\"@type\":\"SearchAction\",\"target\":{\"@type\":\"EntryPoint\",\"urlTemplate\":\"https:\\\/\\\/www.rimocc.com\\\/?s={search_term_string}\"},\"query-input\":{\"@type\":\"PropertyValueSpecification\",\"valueRequired\":true,\"valueName\":\"search_term_string\"}}],\"inLanguage\":\"en-US\"},{\"@type\":\"Organization\",\"@id\":\"https:\\\/\\\/www.rimocc.com\\\/#organization\",\"name\":\"Rimocc'\",\"alternateName\":\"Rimocc\",\"url\":\"https:\\\/\\\/www.rimocc.com\\\/\",\"logo\":{\"@type\":\"ImageObject\",\"inLanguage\":\"en-US\",\"@id\":\"https:\\\/\\\/www.rimocc.com\\\/#\\\/schema\\\/logo\\\/image\\\/\",\"url\":\"https:\\\/\\\/i0.wp.com\\\/www.rimocc.com\\\/wp-content\\\/uploads\\\/2023\\\/07\\\/RIMOCC_LOGO.jpg?fit=459%2C114&ssl=1\",\"contentUrl\":\"https:\\\/\\\/i0.wp.com\\\/www.rimocc.com\\\/wp-content\\\/uploads\\\/2023\\\/07\\\/RIMOCC_LOGO.jpg?fit=459%2C114&ssl=1\",\"width\":459,\"height\":114,\"caption\":\"Rimocc'\"},\"image\":{\"@id\":\"https:\\\/\\\/www.rimocc.com\\\/#\\\/schema\\\/logo\\\/image\\\/\"},\"sameAs\":[\"https:\\\/\\\/www.facebook.com\\\/rimocclyon\\\/?locale=fr_FR\",\"https:\\\/\\\/www.instagram.com\\\/rimoccc\\\/?hl=fr\",\"https:\\\/\\\/www.tiktok.com\\\/@rimocc\",\"https:\\\/\\\/www.youtube.com\\\/@Rimocc\"]}]}<\/script>\n<!-- \/ Yoast SEO plugin. -->","yoast_head_json":{"title":"Bergerault Custom Elite Bubinga 14\"x5,5\" - D\u00e9p\u00f4t Vente Batterie Percussion | Rimocc Lyon","description":"Bubinga Custom Elite Fabriqu\u00e9e en France par Bergerault \"Cr\u00e9ateur d'instruments\" \"Fond\u00e9e en 1932 par M. Albert Bergerault, la Maison Bergerault a non seulement h\u00e9rit\u00e9 du nom de son fondateur mais aussi de son esprit cr\u00e9atif. Tout au long de ses 86 ann\u00e9es d\u2019existence, gr\u00e2ce aux artistes, compositeurs et interpr\u00e8tes, Bergerault n\u2019a cess\u00e9 d\u2019innover et d\u2019inventer de nouveaux instruments.\"","robots":{"index":"index","follow":"follow","max-snippet":"max-snippet:-1","max-image-preview":"max-image-preview:large","max-video-preview":"max-video-preview:-1"},"canonical":"https:\/\/www.rimocc.com\/en\/product\/bergerault-custom-elite-bubinga-14x55\/","og_locale":"en_US","og_type":"article","og_title":"Bergerault Custom Elite Bubinga 14\"x5,5\" - D\u00e9p\u00f4t Vente Batterie Percussion | Rimocc Lyon","og_description":"Bubinga Custom Elite Fabriqu\u00e9e en France par Bergerault \"Cr\u00e9ateur d'instruments\" \"Fond\u00e9e en 1932 par M. Albert Bergerault, la Maison Bergerault a non seulement h\u00e9rit\u00e9 du nom de son fondateur mais aussi de son esprit cr\u00e9atif. Tout au long de ses 86 ann\u00e9es d\u2019existence, gr\u00e2ce aux artistes, compositeurs et interpr\u00e8tes, Bergerault n\u2019a cess\u00e9 d\u2019innover et d\u2019inventer de nouveaux instruments.\"","og_url":"https:\/\/www.rimocc.com\/en\/product\/bergerault-custom-elite-bubinga-14x55\/","og_site_name":"D\u00e9p\u00f4t Vente Batterie Percussion | Rimocc Lyon","article_publisher":"https:\/\/www.facebook.com\/rimocclyon\/?locale=fr_FR","article_modified_time":"2024-12-26T07:04:35+00:00","og_image":[{"width":1920,"height":1920,"url":"https:\/\/www.rimocc.com\/wp-content\/uploads\/2024\/10\/Bergerault-Custom-Elite-Bubinga-14_x55_-1.jpg","type":"image\/jpeg"}],"twitter_card":"summary_large_image","twitter_misc":{"Est. reading time":"1 minute"},"schema":{"@context":"https:\/\/schema.org","@graph":[{"@type":"WebPage","@id":"https:\/\/www.rimocc.com\/product\/bergerault-custom-elite-bubinga-14x55\/","url":"https:\/\/www.rimocc.com\/product\/bergerault-custom-elite-bubinga-14x55\/","name":"Bergerault Custom Elite Bubinga 14\"x5,5\" - D\u00e9p\u00f4t Vente Batterie Percussion | Rimocc Lyon","isPartOf":{"@id":"https:\/\/www.rimocc.com\/#website"},"primaryImageOfPage":{"@id":"https:\/\/www.rimocc.com\/product\/bergerault-custom-elite-bubinga-14x55\/#primaryimage"},"image":{"@id":"https:\/\/www.rimocc.com\/product\/bergerault-custom-elite-bubinga-14x55\/#primaryimage"},"thumbnailUrl":"https:\/\/www.rimocc.com\/wp-content\/uploads\/2024\/10\/Bergerault-Custom-Elite-Bubinga-14_x55_-1.jpg","datePublished":"2024-10-08T16:07:39+00:00","dateModified":"2024-12-26T07:04:35+00:00","description":"Bubinga Custom Elite Fabriqu\u00e9e en France par Bergerault \"Cr\u00e9ateur d'instruments\" \"Fond\u00e9e en 1932 par M. Albert Bergerault, la Maison Bergerault a non seulement h\u00e9rit\u00e9 du nom de son fondateur mais aussi de son esprit cr\u00e9atif. Tout au long de ses 86 ann\u00e9es d\u2019existence, gr\u00e2ce aux artistes, compositeurs et interpr\u00e8tes, Bergerault n\u2019a cess\u00e9 d\u2019innover et d\u2019inventer de nouveaux instruments.\"","breadcrumb":{"@id":"https:\/\/www.rimocc.com\/product\/bergerault-custom-elite-bubinga-14x55\/#breadcrumb"},"inLanguage":"en-US","potentialAction":[{"@type":"ReadAction","target":["https:\/\/www.rimocc.com\/product\/bergerault-custom-elite-bubinga-14x55\/"]}]},{"@type":"ImageObject","inLanguage":"en-US","@id":"https:\/\/www.rimocc.com\/product\/bergerault-custom-elite-bubinga-14x55\/#primaryimage","url":"https:\/\/www.rimocc.com\/wp-content\/uploads\/2024\/10\/Bergerault-Custom-Elite-Bubinga-14_x55_-1.jpg","contentUrl":"https:\/\/www.rimocc.com\/wp-content\/uploads\/2024\/10\/Bergerault-Custom-Elite-Bubinga-14_x55_-1.jpg","width":1920,"height":1920,"caption":"Bergerault Custom Elite Bubinga 14\"x5,5\""},{"@type":"BreadcrumbList","@id":"https:\/\/www.rimocc.com\/product\/bergerault-custom-elite-bubinga-14x55\/#breadcrumb","itemListElement":[{"@type":"ListItem","position":1,"name":"Home","item":"https:\/\/www.rimocc.com\/"},{"@type":"ListItem","position":2,"name":"Shop","item":"https:\/\/www.rimocc.com\/shop\/"},{"@type":"ListItem","position":3,"name":"Bergerault Custom Elite Bubinga 14&#8243;x5,5&#8243;"}]},{"@type":"WebSite","@id":"https:\/\/www.rimocc.com\/#website","url":"https:\/\/www.rimocc.com\/","name":"D\u00e9p\u00f4t Vente Batterie Percussion | Rimocc Lyon","description":"Rimocc: l&#039;unique magasin d\u00e9di\u00e9 enti\u00e8rement \u00e0 la batterie, percussion d&#039;occasion et vintage \u00e0 Lyon, France","publisher":{"@id":"https:\/\/www.rimocc.com\/#organization"},"alternateName":"Rimocc'","potentialAction":[{"@type":"SearchAction","target":{"@type":"EntryPoint","urlTemplate":"https:\/\/www.rimocc.com\/?s={search_term_string}"},"query-input":{"@type":"PropertyValueSpecification","valueRequired":true,"valueName":"search_term_string"}}],"inLanguage":"en-US"},{"@type":"Organization","@id":"https:\/\/www.rimocc.com\/#organization","name":"Rimocc'","alternateName":"Rimocc","url":"https:\/\/www.rimocc.com\/","logo":{"@type":"ImageObject","inLanguage":"en-US","@id":"https:\/\/www.rimocc.com\/#\/schema\/logo\/image\/","url":"https:\/\/i0.wp.com\/www.rimocc.com\/wp-content\/uploads\/2023\/07\/RIMOCC_LOGO.jpg?fit=459%2C114&ssl=1","contentUrl":"https:\/\/i0.wp.com\/www.rimocc.com\/wp-content\/uploads\/2023\/07\/RIMOCC_LOGO.jpg?fit=459%2C114&ssl=1","width":459,"height":114,"caption":"Rimocc'"},"image":{"@id":"https:\/\/www.rimocc.com\/#\/schema\/logo\/image\/"},"sameAs":["https:\/\/www.facebook.com\/rimocclyon\/?locale=fr_FR","https:\/\/www.instagram.com\/rimoccc\/?hl=fr","https:\/\/www.tiktok.com\/@rimocc","https:\/\/www.youtube.com\/@Rimocc"]}]}},"jetpack_publicize_connections":[],"jetpack_sharing_enabled":true,"_links":{"self":[{"href":"https:\/\/www.rimocc.com\/en\/wp-json\/wp\/v2\/product\/13128","targetHints":{"allow":["GET"]}}],"collection":[{"href":"https:\/\/www.rimocc.com\/en\/wp-json\/wp\/v2\/product"}],"about":[{"href":"https:\/\/www.rimocc.com\/en\/wp-json\/wp\/v2\/types\/product"}],"replies":[{"embeddable":true,"href":"https:\/\/www.rimocc.com\/en\/wp-json\/wp\/v2\/comments?post=13128"}],"wp:featuredmedia":[{"embeddable":true,"href":"https:\/\/www.rimocc.com\/en\/wp-json\/wp\/v2\/media\/13127"}],"wp:attachment":[{"href":"https:\/\/www.rimocc.com\/en\/wp-json\/wp\/v2\/media?parent=13128"}],"wp:term":[{"taxonomy":"product_brand","embeddable":true,"href":"https:\/\/www.rimocc.com\/en\/wp-json\/wp\/v2\/product_brand?post=13128"},{"taxonomy":"product_cat","embeddable":true,"href":"https:\/\/www.rimocc.com\/en\/wp-json\/wp\/v2\/product_cat?post=13128"},{"taxonomy":"product_tag","embeddable":true,"href":"https:\/\/www.rimocc.com\/en\/wp-json\/wp\/v2\/product_tag?post=13128"}],"curies":[{"name":"wp","href":"https:\/\/api.w.org\/{rel}","templated":true}]}}