{"id":1309,"date":"2023-06-08T21:12:58","date_gmt":"2023-06-08T21:12:58","guid":{"rendered":"https:\/\/rimocc.a2hosted.com\/product\/pacific-dp-cx-serie-silver-sparkle-22101214-pieds-made-in-mexico\/"},"modified":"2023-06-13T19:31:21","modified_gmt":"2023-06-13T19:31:21","slug":"pacific-dp-cx-serie-silver-sparkle-22101214-pieds-made-in-mexico","status":"publish","type":"product","link":"https:\/\/www.rimocc.com\/en\/product\/pacific-dp-cx-serie-silver-sparkle-22101214-pieds-made-in-mexico\/","title":{"rendered":"Pacific D&#038;P CX Serie Silver sparkle 22&Prime;10&Prime;12&Prime;14&Prime;+ Pieds (Made In Mexico)"},"content":{"rendered":"<p>Pacific D&amp;P CX Serie Silver sparkle 22&Prime;10&Prime;12&Prime;14&Prime;+ Pieds (Made In Mexico)<\/p>\n<p>All Maple<\/p>\n<p>1\u00e8re s\u00e9rie PDP (DW)<\/p>\n<p>Tr\u00e8s bon \u00e9tat<\/p>\n<p>Inclus Pied CC, Pied Charley PDP et toutes les housse souples<\/p>","protected":false},"excerpt":{"rendered":"<p>Pacific D&amp;P CX Serie Silver sparkle 22&Prime;10&Prime;12&Prime;14&Prime;+ Pieds (Made In Mexico) All Maple 1\u00e8re s\u00e9rie PDP (DW) Tr\u00e8s bon \u00e9tat Inclus Pied CC, Pied Charley PDP et toutes les housse souples<\/p>","protected":false},"featured_media":5754,"comment_status":"open","ping_status":"closed","template":"","meta":{"jetpack_publicize_message":"","jetpack_publicize_feature_enabled":true,"jetpack_social_post_already_shared":false,"jetpack_social_options":{"image_generator_settings":{"template":"highway","default_image_id":0,"font":"","enabled":false},"version":2}},"product_brand":[],"product_cat":[20],"product_tag":[],"class_list":{"0":"post-1309","1":"product","2":"type-product","3":"status-publish","4":"has-post-thumbnail","6":"product_cat-batterie","8":"entry","9":"has-media","11":"first","12":"outofstock","13":"shipping-taxable","14":"purchasable","15":"product-type-simple","16":"has-product-nav","17":"col","18":"span_1_of_3","19":"owp-content-center","20":"owp-thumbs-layout-horizontal","21":"owp-btn-normal","22":"owp-tabs-layout-horizontal"},"yoast_head":"<!-- This site is optimized with the Yoast SEO plugin v27.4 - https:\/\/yoast.com\/product\/yoast-seo-wordpress\/ -->\n<title>Pacific D&amp;P CX Serie Silver sparkle 22&quot;10&quot;12&quot;14&quot;+ Pieds (Made In Mexico) - D\u00e9p\u00f4t Vente Batterie Percussion | Rimocc Lyon<\/title>\n<meta name=\"robots\" content=\"index, follow, max-snippet:-1, max-image-preview:large, max-video-preview:-1\" \/>\n<link rel=\"canonical\" href=\"https:\/\/www.rimocc.com\/en\/product\/pacific-dp-cx-serie-silver-sparkle-22101214-pieds-made-in-mexico\/\" \/>\n<meta property=\"og:locale\" content=\"en_US\" \/>\n<meta property=\"og:type\" content=\"article\" \/>\n<meta property=\"og:title\" content=\"Pacific D&amp;P CX Serie Silver sparkle 22&quot;10&quot;12&quot;14&quot;+ Pieds (Made In Mexico) - D\u00e9p\u00f4t Vente Batterie Percussion | Rimocc Lyon\" \/>\n<meta property=\"og:description\" content=\"Pacific D&amp;P CX Serie Silver sparkle 22&Prime;10&Prime;12&Prime;14&Prime;+ Pieds (Made In Mexico) All Maple 1\u00e8re s\u00e9rie PDP (DW) Tr\u00e8s bon \u00e9tat Inclus Pied CC, Pied Charley PDP et toutes les housse souples\" \/>\n<meta property=\"og:url\" content=\"https:\/\/www.rimocc.com\/en\/product\/pacific-dp-cx-serie-silver-sparkle-22101214-pieds-made-in-mexico\/\" \/>\n<meta property=\"og:site_name\" content=\"D\u00e9p\u00f4t Vente Batterie Percussion | Rimocc Lyon\" \/>\n<meta property=\"article:publisher\" content=\"https:\/\/www.facebook.com\/rimocclyon\/?locale=fr_FR\" \/>\n<meta property=\"article:modified_time\" content=\"2023-06-13T19:31:21+00:00\" \/>\n<meta property=\"og:image\" content=\"https:\/\/www.rimocc.com\/wp-content\/uploads\/2023\/06\/0e6ab0_102e21928acf4685a0c35c03c75423cemv2.webp\" \/>\n\t<meta property=\"og:image:width\" content=\"500\" \/>\n\t<meta property=\"og:image:height\" content=\"375\" \/>\n\t<meta property=\"og:image:type\" content=\"image\/webp\" \/>\n<meta name=\"twitter:card\" content=\"summary_large_image\" \/>\n<script type=\"application\/ld+json\" class=\"yoast-schema-graph\">{\"@context\":\"https:\\\/\\\/schema.org\",\"@graph\":[{\"@type\":\"WebPage\",\"@id\":\"https:\\\/\\\/www.rimocc.com\\\/product\\\/pacific-dp-cx-serie-silver-sparkle-22101214-pieds-made-in-mexico\\\/\",\"url\":\"https:\\\/\\\/www.rimocc.com\\\/product\\\/pacific-dp-cx-serie-silver-sparkle-22101214-pieds-made-in-mexico\\\/\",\"name\":\"Pacific D&P CX Serie Silver sparkle 22\\\"10\\\"12\\\"14\\\"+ Pieds (Made In Mexico) - D\u00e9p\u00f4t Vente Batterie Percussion | Rimocc Lyon\",\"isPartOf\":{\"@id\":\"https:\\\/\\\/www.rimocc.com\\\/#website\"},\"primaryImageOfPage\":{\"@id\":\"https:\\\/\\\/www.rimocc.com\\\/product\\\/pacific-dp-cx-serie-silver-sparkle-22101214-pieds-made-in-mexico\\\/#primaryimage\"},\"image\":{\"@id\":\"https:\\\/\\\/www.rimocc.com\\\/product\\\/pacific-dp-cx-serie-silver-sparkle-22101214-pieds-made-in-mexico\\\/#primaryimage\"},\"thumbnailUrl\":\"https:\\\/\\\/www.rimocc.com\\\/wp-content\\\/uploads\\\/2023\\\/06\\\/0e6ab0_102e21928acf4685a0c35c03c75423cemv2.webp\",\"datePublished\":\"2023-06-08T21:12:58+00:00\",\"dateModified\":\"2023-06-13T19:31:21+00:00\",\"breadcrumb\":{\"@id\":\"https:\\\/\\\/www.rimocc.com\\\/product\\\/pacific-dp-cx-serie-silver-sparkle-22101214-pieds-made-in-mexico\\\/#breadcrumb\"},\"inLanguage\":\"en-US\",\"potentialAction\":[{\"@type\":\"ReadAction\",\"target\":[\"https:\\\/\\\/www.rimocc.com\\\/product\\\/pacific-dp-cx-serie-silver-sparkle-22101214-pieds-made-in-mexico\\\/\"]}]},{\"@type\":\"ImageObject\",\"inLanguage\":\"en-US\",\"@id\":\"https:\\\/\\\/www.rimocc.com\\\/product\\\/pacific-dp-cx-serie-silver-sparkle-22101214-pieds-made-in-mexico\\\/#primaryimage\",\"url\":\"https:\\\/\\\/www.rimocc.com\\\/wp-content\\\/uploads\\\/2023\\\/06\\\/0e6ab0_102e21928acf4685a0c35c03c75423cemv2.webp\",\"contentUrl\":\"https:\\\/\\\/www.rimocc.com\\\/wp-content\\\/uploads\\\/2023\\\/06\\\/0e6ab0_102e21928acf4685a0c35c03c75423cemv2.webp\",\"width\":500,\"height\":375},{\"@type\":\"BreadcrumbList\",\"@id\":\"https:\\\/\\\/www.rimocc.com\\\/product\\\/pacific-dp-cx-serie-silver-sparkle-22101214-pieds-made-in-mexico\\\/#breadcrumb\",\"itemListElement\":[{\"@type\":\"ListItem\",\"position\":1,\"name\":\"Home\",\"item\":\"https:\\\/\\\/www.rimocc.com\\\/\"},{\"@type\":\"ListItem\",\"position\":2,\"name\":\"Shop\",\"item\":\"https:\\\/\\\/www.rimocc.com\\\/shop\\\/\"},{\"@type\":\"ListItem\",\"position\":3,\"name\":\"Pacific D&#038;P CX Serie Silver sparkle 22&#8243;10&#8243;12&#8243;14&#8243;+ Pieds (Made In Mexico)\"}]},{\"@type\":\"WebSite\",\"@id\":\"https:\\\/\\\/www.rimocc.com\\\/#website\",\"url\":\"https:\\\/\\\/www.rimocc.com\\\/\",\"name\":\"D\u00e9p\u00f4t Vente Batterie Percussion | Rimocc Lyon\",\"description\":\"Rimocc: l&#039;unique magasin d\u00e9di\u00e9 enti\u00e8rement \u00e0 la batterie, percussion d&#039;occasion et vintage \u00e0 Lyon, France\",\"publisher\":{\"@id\":\"https:\\\/\\\/www.rimocc.com\\\/#organization\"},\"alternateName\":\"Rimocc'\",\"potentialAction\":[{\"@type\":\"SearchAction\",\"target\":{\"@type\":\"EntryPoint\",\"urlTemplate\":\"https:\\\/\\\/www.rimocc.com\\\/?s={search_term_string}\"},\"query-input\":{\"@type\":\"PropertyValueSpecification\",\"valueRequired\":true,\"valueName\":\"search_term_string\"}}],\"inLanguage\":\"en-US\"},{\"@type\":\"Organization\",\"@id\":\"https:\\\/\\\/www.rimocc.com\\\/#organization\",\"name\":\"Rimocc'\",\"alternateName\":\"Rimocc\",\"url\":\"https:\\\/\\\/www.rimocc.com\\\/\",\"logo\":{\"@type\":\"ImageObject\",\"inLanguage\":\"en-US\",\"@id\":\"https:\\\/\\\/www.rimocc.com\\\/#\\\/schema\\\/logo\\\/image\\\/\",\"url\":\"https:\\\/\\\/i0.wp.com\\\/www.rimocc.com\\\/wp-content\\\/uploads\\\/2023\\\/07\\\/RIMOCC_LOGO.jpg?fit=459%2C114&ssl=1\",\"contentUrl\":\"https:\\\/\\\/i0.wp.com\\\/www.rimocc.com\\\/wp-content\\\/uploads\\\/2023\\\/07\\\/RIMOCC_LOGO.jpg?fit=459%2C114&ssl=1\",\"width\":459,\"height\":114,\"caption\":\"Rimocc'\"},\"image\":{\"@id\":\"https:\\\/\\\/www.rimocc.com\\\/#\\\/schema\\\/logo\\\/image\\\/\"},\"sameAs\":[\"https:\\\/\\\/www.facebook.com\\\/rimocclyon\\\/?locale=fr_FR\",\"https:\\\/\\\/www.instagram.com\\\/rimoccc\\\/?hl=fr\",\"https:\\\/\\\/www.tiktok.com\\\/@rimocc\",\"https:\\\/\\\/www.youtube.com\\\/@Rimocc\"]}]}<\/script>\n<!-- \/ Yoast SEO plugin. -->","yoast_head_json":{"title":"Pacific D&P CX Serie Silver sparkle 22\"10\"12\"14\"+ Pieds (Made In Mexico) - D\u00e9p\u00f4t Vente Batterie Percussion | Rimocc Lyon","robots":{"index":"index","follow":"follow","max-snippet":"max-snippet:-1","max-image-preview":"max-image-preview:large","max-video-preview":"max-video-preview:-1"},"canonical":"https:\/\/www.rimocc.com\/en\/product\/pacific-dp-cx-serie-silver-sparkle-22101214-pieds-made-in-mexico\/","og_locale":"en_US","og_type":"article","og_title":"Pacific D&P CX Serie Silver sparkle 22\"10\"12\"14\"+ Pieds (Made In Mexico) - D\u00e9p\u00f4t Vente Batterie Percussion | Rimocc Lyon","og_description":"Pacific D&amp;P CX Serie Silver sparkle 22&Prime;10&Prime;12&Prime;14&Prime;+ Pieds (Made In Mexico) All Maple 1\u00e8re s\u00e9rie PDP (DW) Tr\u00e8s bon \u00e9tat Inclus Pied CC, Pied Charley PDP et toutes les housse souples","og_url":"https:\/\/www.rimocc.com\/en\/product\/pacific-dp-cx-serie-silver-sparkle-22101214-pieds-made-in-mexico\/","og_site_name":"D\u00e9p\u00f4t Vente Batterie Percussion | Rimocc Lyon","article_publisher":"https:\/\/www.facebook.com\/rimocclyon\/?locale=fr_FR","article_modified_time":"2023-06-13T19:31:21+00:00","og_image":[{"width":500,"height":375,"url":"https:\/\/www.rimocc.com\/wp-content\/uploads\/2023\/06\/0e6ab0_102e21928acf4685a0c35c03c75423cemv2.webp","type":"image\/webp"}],"twitter_card":"summary_large_image","schema":{"@context":"https:\/\/schema.org","@graph":[{"@type":"WebPage","@id":"https:\/\/www.rimocc.com\/product\/pacific-dp-cx-serie-silver-sparkle-22101214-pieds-made-in-mexico\/","url":"https:\/\/www.rimocc.com\/product\/pacific-dp-cx-serie-silver-sparkle-22101214-pieds-made-in-mexico\/","name":"Pacific D&P CX Serie Silver sparkle 22\"10\"12\"14\"+ Pieds (Made In Mexico) - D\u00e9p\u00f4t Vente Batterie Percussion | Rimocc Lyon","isPartOf":{"@id":"https:\/\/www.rimocc.com\/#website"},"primaryImageOfPage":{"@id":"https:\/\/www.rimocc.com\/product\/pacific-dp-cx-serie-silver-sparkle-22101214-pieds-made-in-mexico\/#primaryimage"},"image":{"@id":"https:\/\/www.rimocc.com\/product\/pacific-dp-cx-serie-silver-sparkle-22101214-pieds-made-in-mexico\/#primaryimage"},"thumbnailUrl":"https:\/\/www.rimocc.com\/wp-content\/uploads\/2023\/06\/0e6ab0_102e21928acf4685a0c35c03c75423cemv2.webp","datePublished":"2023-06-08T21:12:58+00:00","dateModified":"2023-06-13T19:31:21+00:00","breadcrumb":{"@id":"https:\/\/www.rimocc.com\/product\/pacific-dp-cx-serie-silver-sparkle-22101214-pieds-made-in-mexico\/#breadcrumb"},"inLanguage":"en-US","potentialAction":[{"@type":"ReadAction","target":["https:\/\/www.rimocc.com\/product\/pacific-dp-cx-serie-silver-sparkle-22101214-pieds-made-in-mexico\/"]}]},{"@type":"ImageObject","inLanguage":"en-US","@id":"https:\/\/www.rimocc.com\/product\/pacific-dp-cx-serie-silver-sparkle-22101214-pieds-made-in-mexico\/#primaryimage","url":"https:\/\/www.rimocc.com\/wp-content\/uploads\/2023\/06\/0e6ab0_102e21928acf4685a0c35c03c75423cemv2.webp","contentUrl":"https:\/\/www.rimocc.com\/wp-content\/uploads\/2023\/06\/0e6ab0_102e21928acf4685a0c35c03c75423cemv2.webp","width":500,"height":375},{"@type":"BreadcrumbList","@id":"https:\/\/www.rimocc.com\/product\/pacific-dp-cx-serie-silver-sparkle-22101214-pieds-made-in-mexico\/#breadcrumb","itemListElement":[{"@type":"ListItem","position":1,"name":"Home","item":"https:\/\/www.rimocc.com\/"},{"@type":"ListItem","position":2,"name":"Shop","item":"https:\/\/www.rimocc.com\/shop\/"},{"@type":"ListItem","position":3,"name":"Pacific D&#038;P CX Serie Silver sparkle 22&#8243;10&#8243;12&#8243;14&#8243;+ Pieds (Made In Mexico)"}]},{"@type":"WebSite","@id":"https:\/\/www.rimocc.com\/#website","url":"https:\/\/www.rimocc.com\/","name":"D\u00e9p\u00f4t Vente Batterie Percussion | Rimocc Lyon","description":"Rimocc: l&#039;unique magasin d\u00e9di\u00e9 enti\u00e8rement \u00e0 la batterie, percussion d&#039;occasion et vintage \u00e0 Lyon, France","publisher":{"@id":"https:\/\/www.rimocc.com\/#organization"},"alternateName":"Rimocc'","potentialAction":[{"@type":"SearchAction","target":{"@type":"EntryPoint","urlTemplate":"https:\/\/www.rimocc.com\/?s={search_term_string}"},"query-input":{"@type":"PropertyValueSpecification","valueRequired":true,"valueName":"search_term_string"}}],"inLanguage":"en-US"},{"@type":"Organization","@id":"https:\/\/www.rimocc.com\/#organization","name":"Rimocc'","alternateName":"Rimocc","url":"https:\/\/www.rimocc.com\/","logo":{"@type":"ImageObject","inLanguage":"en-US","@id":"https:\/\/www.rimocc.com\/#\/schema\/logo\/image\/","url":"https:\/\/i0.wp.com\/www.rimocc.com\/wp-content\/uploads\/2023\/07\/RIMOCC_LOGO.jpg?fit=459%2C114&ssl=1","contentUrl":"https:\/\/i0.wp.com\/www.rimocc.com\/wp-content\/uploads\/2023\/07\/RIMOCC_LOGO.jpg?fit=459%2C114&ssl=1","width":459,"height":114,"caption":"Rimocc'"},"image":{"@id":"https:\/\/www.rimocc.com\/#\/schema\/logo\/image\/"},"sameAs":["https:\/\/www.facebook.com\/rimocclyon\/?locale=fr_FR","https:\/\/www.instagram.com\/rimoccc\/?hl=fr","https:\/\/www.tiktok.com\/@rimocc","https:\/\/www.youtube.com\/@Rimocc"]}]}},"jetpack_publicize_connections":[],"jetpack_sharing_enabled":true,"_links":{"self":[{"href":"https:\/\/www.rimocc.com\/en\/wp-json\/wp\/v2\/product\/1309","targetHints":{"allow":["GET"]}}],"collection":[{"href":"https:\/\/www.rimocc.com\/en\/wp-json\/wp\/v2\/product"}],"about":[{"href":"https:\/\/www.rimocc.com\/en\/wp-json\/wp\/v2\/types\/product"}],"replies":[{"embeddable":true,"href":"https:\/\/www.rimocc.com\/en\/wp-json\/wp\/v2\/comments?post=1309"}],"wp:featuredmedia":[{"embeddable":true,"href":"https:\/\/www.rimocc.com\/en\/wp-json\/wp\/v2\/media\/5754"}],"wp:attachment":[{"href":"https:\/\/www.rimocc.com\/en\/wp-json\/wp\/v2\/media?parent=1309"}],"wp:term":[{"taxonomy":"product_brand","embeddable":true,"href":"https:\/\/www.rimocc.com\/en\/wp-json\/wp\/v2\/product_brand?post=1309"},{"taxonomy":"product_cat","embeddable":true,"href":"https:\/\/www.rimocc.com\/en\/wp-json\/wp\/v2\/product_cat?post=1309"},{"taxonomy":"product_tag","embeddable":true,"href":"https:\/\/www.rimocc.com\/en\/wp-json\/wp\/v2\/product_tag?post=1309"}],"curies":[{"name":"wp","href":"https:\/\/api.w.org\/{rel}","templated":true}]}}