{"id":12955,"date":"2024-09-20T17:39:44","date_gmt":"2024-09-20T15:39:44","guid":{"rendered":"https:\/\/www.rimocc.com\/?post_type=product&#038;p=12955"},"modified":"2025-02-22T21:48:09","modified_gmt":"2025-02-22T20:48:09","slug":"yamaha-beech-custom-20x14-10x9-12x10-14x12-pear-yellow-made-in-japan","status":"publish","type":"product","link":"https:\/\/www.rimocc.com\/en\/product\/yamaha-beech-custom-20x14-10x9-12x10-14x12-pear-yellow-made-in-japan\/","title":{"rendered":"Yamaha Beech Custom 20&Prime;x14&Prime; 10&Prime;x9&Prime; 12&Prime;x10&Prime; 14&Prime;x12&Prime; Pear Yellow Made in Japan"},"content":{"rendered":"<p>1\u00e8re g\u00e9n\u00e9ration Made in Japan Finition Pear Yellow<br \/>\nTr\u00e8s bon \u00e9tat g\u00e9n\u00e9ral<br \/>\nQuelques \u00e9raflures, rayures sur le tom 14 et GC<br \/>\nUn must !<\/p>\n<p><strong>Enl\u00e8vement sur place privil\u00e9gi\u00e9 mais envoi possible dans toute la France sur devis s\u00e9par\u00e9 &#8211; merci de s\u00e9lectionner l&rsquo;option \u00ab\u00a0retrait en magasin\u00a0\u00bb et nous vous ferons parvenir un devis s\u00e9par\u00e9 pour la livraison, \u00e0 r\u00e9gler s\u00e9par\u00e9ment<br \/>\nInternational order, pick-up ONLY<\/strong><em><\/p>\n<p>Batterie Rimocc&rsquo; Magasin de Musique Lyon <\/p>","protected":false},"excerpt":{"rendered":"<p>1\u00e8re g\u00e9n\u00e9ration Made in Japan Finition Pear Yellow Tr\u00e8s bon \u00e9tat g\u00e9n\u00e9ral Quelques \u00e9raflures, rayures sur le tom 14 et GC Un must ! Enl\u00e8vement sur place privil\u00e9gi\u00e9 mais envoi possible dans toute la France sur devis s\u00e9par\u00e9 &#8211; merci de s\u00e9lectionner l&rsquo;option \u00ab\u00a0retrait en magasin\u00a0\u00bb et nous vous ferons parvenir un devis s\u00e9par\u00e9 pour [&hellip;]<\/p>\n","protected":false},"featured_media":12954,"comment_status":"open","ping_status":"closed","template":"","meta":{"jetpack_publicize_message":"","jetpack_publicize_feature_enabled":true,"jetpack_social_post_already_shared":false,"jetpack_social_options":{"image_generator_settings":{"template":"highway","default_image_id":0,"font":"","enabled":false},"version":2}},"product_brand":[],"product_cat":[20],"product_tag":[41,548,43,185,538,56,587],"class_list":{"0":"post-12955","1":"product","2":"type-product","3":"status-publish","4":"has-post-thumbnail","6":"product_cat-batterie","7":"product_tag-batterie","8":"product_tag-depot-vente-lyon","9":"product_tag-drums","10":"product_tag-made-in-japan","11":"product_tag-magasin-de-musique-lyon","12":"product_tag-yamaha","13":"product_tag-yamaha-beech-custom","15":"entry","16":"has-media","18":"first","19":"outofstock","20":"shipping-taxable","21":"purchasable","22":"product-type-simple","23":"has-product-nav","24":"col","25":"span_1_of_3","26":"owp-content-center","27":"owp-thumbs-layout-horizontal","28":"owp-btn-normal","29":"owp-tabs-layout-horizontal"},"yoast_head":"<!-- This site is optimized with the Yoast SEO plugin v27.5 - https:\/\/yoast.com\/product\/yoast-seo-wordpress\/ -->\n<title>Yamaha Beech Custom 20&quot;x14&quot; 10&quot;x9&quot; 12&quot;x10&quot; 14&quot;x12&quot; Pear Yellow Made in Japan - D\u00e9p\u00f4t Vente Batterie Percussion | Rimocc Lyon<\/title>\n<meta name=\"description\" content=\"1\u00e8re g\u00e9n\u00e9ration Made in Japan Finition Pear Yellow\" \/>\n<meta name=\"robots\" content=\"index, follow, max-snippet:-1, max-image-preview:large, max-video-preview:-1\" \/>\n<link rel=\"canonical\" href=\"https:\/\/www.rimocc.com\/en\/produit\/yamaha-beech-custom-20x14-10x9-12x10-14x12-pear-yellow-made-in-japan\/\" \/>\n<meta property=\"og:locale\" content=\"en_US\" \/>\n<meta property=\"og:type\" content=\"article\" \/>\n<meta property=\"og:title\" content=\"Yamaha Beech Custom 20&quot;x14&quot; 10&quot;x9&quot; 12&quot;x10&quot; 14&quot;x12&quot; Pear Yellow Made in Japan - D\u00e9p\u00f4t Vente Batterie Percussion | Rimocc Lyon\" \/>\n<meta property=\"og:description\" content=\"1\u00e8re g\u00e9n\u00e9ration Made in Japan Finition Pear Yellow\" \/>\n<meta property=\"og:url\" content=\"https:\/\/www.rimocc.com\/en\/produit\/yamaha-beech-custom-20x14-10x9-12x10-14x12-pear-yellow-made-in-japan\/\" \/>\n<meta property=\"og:site_name\" content=\"D\u00e9p\u00f4t Vente Batterie Percussion | Rimocc Lyon\" \/>\n<meta property=\"article:publisher\" content=\"https:\/\/www.facebook.com\/rimocclyon\/?locale=fr_FR\" \/>\n<meta property=\"article:modified_time\" content=\"2025-02-22T20:48:09+00:00\" \/>\n<meta property=\"og:image\" content=\"https:\/\/www.rimocc.com\/wp-content\/uploads\/2024\/09\/Yamaha-Beech-Custom-20.jpg\" \/>\n\t<meta property=\"og:image:width\" content=\"1920\" \/>\n\t<meta property=\"og:image:height\" content=\"1920\" \/>\n\t<meta property=\"og:image:type\" content=\"image\/jpeg\" \/>\n<meta name=\"twitter:card\" content=\"summary_large_image\" \/>\n<meta name=\"twitter:label1\" content=\"Est. reading time\" \/>\n\t<meta name=\"twitter:data1\" content=\"1 minute\" \/>\n<script type=\"application\/ld+json\" class=\"yoast-schema-graph\">{\"@context\":\"https:\\\/\\\/schema.org\",\"@graph\":[{\"@type\":\"WebPage\",\"@id\":\"https:\\\/\\\/www.rimocc.com\\\/produit\\\/yamaha-beech-custom-20x14-10x9-12x10-14x12-pear-yellow-made-in-japan\\\/\",\"url\":\"https:\\\/\\\/www.rimocc.com\\\/produit\\\/yamaha-beech-custom-20x14-10x9-12x10-14x12-pear-yellow-made-in-japan\\\/\",\"name\":\"Yamaha Beech Custom 20\\\"x14\\\" 10\\\"x9\\\" 12\\\"x10\\\" 14\\\"x12\\\" Pear Yellow Made in Japan - D\u00e9p\u00f4t Vente Batterie Percussion | Rimocc Lyon\",\"isPartOf\":{\"@id\":\"https:\\\/\\\/www.rimocc.com\\\/#website\"},\"primaryImageOfPage\":{\"@id\":\"https:\\\/\\\/www.rimocc.com\\\/produit\\\/yamaha-beech-custom-20x14-10x9-12x10-14x12-pear-yellow-made-in-japan\\\/#primaryimage\"},\"image\":{\"@id\":\"https:\\\/\\\/www.rimocc.com\\\/produit\\\/yamaha-beech-custom-20x14-10x9-12x10-14x12-pear-yellow-made-in-japan\\\/#primaryimage\"},\"thumbnailUrl\":\"https:\\\/\\\/www.rimocc.com\\\/wp-content\\\/uploads\\\/2024\\\/09\\\/Yamaha-Beech-Custom-20.jpg\",\"datePublished\":\"2024-09-20T15:39:44+00:00\",\"dateModified\":\"2025-02-22T20:48:09+00:00\",\"description\":\"1\u00e8re g\u00e9n\u00e9ration Made in Japan Finition Pear Yellow\",\"breadcrumb\":{\"@id\":\"https:\\\/\\\/www.rimocc.com\\\/produit\\\/yamaha-beech-custom-20x14-10x9-12x10-14x12-pear-yellow-made-in-japan\\\/#breadcrumb\"},\"inLanguage\":\"en-US\",\"potentialAction\":[{\"@type\":\"ReadAction\",\"target\":[\"https:\\\/\\\/www.rimocc.com\\\/produit\\\/yamaha-beech-custom-20x14-10x9-12x10-14x12-pear-yellow-made-in-japan\\\/\"]}]},{\"@type\":\"ImageObject\",\"inLanguage\":\"en-US\",\"@id\":\"https:\\\/\\\/www.rimocc.com\\\/produit\\\/yamaha-beech-custom-20x14-10x9-12x10-14x12-pear-yellow-made-in-japan\\\/#primaryimage\",\"url\":\"https:\\\/\\\/www.rimocc.com\\\/wp-content\\\/uploads\\\/2024\\\/09\\\/Yamaha-Beech-Custom-20.jpg\",\"contentUrl\":\"https:\\\/\\\/www.rimocc.com\\\/wp-content\\\/uploads\\\/2024\\\/09\\\/Yamaha-Beech-Custom-20.jpg\",\"width\":1920,\"height\":1920,\"caption\":\"Yamaha Beech Custom 20\\\"x14\\\" 10\\\"x9\\\" 12\\\"x10\\\" 14\\\"x12\\\" Pear Yellow Made in Japan\"},{\"@type\":\"BreadcrumbList\",\"@id\":\"https:\\\/\\\/www.rimocc.com\\\/produit\\\/yamaha-beech-custom-20x14-10x9-12x10-14x12-pear-yellow-made-in-japan\\\/#breadcrumb\",\"itemListElement\":[{\"@type\":\"ListItem\",\"position\":1,\"name\":\"Home\",\"item\":\"https:\\\/\\\/www.rimocc.com\\\/\"},{\"@type\":\"ListItem\",\"position\":2,\"name\":\"Shop\",\"item\":\"https:\\\/\\\/www.rimocc.com\\\/shop\\\/\"},{\"@type\":\"ListItem\",\"position\":3,\"name\":\"Yamaha Beech Custom 20&#8243;x14&#8243; 10&#8243;x9&#8243; 12&#8243;x10&#8243; 14&#8243;x12&#8243; Pear Yellow Made in Japan\"}]},{\"@type\":\"WebSite\",\"@id\":\"https:\\\/\\\/www.rimocc.com\\\/#website\",\"url\":\"https:\\\/\\\/www.rimocc.com\\\/\",\"name\":\"D\u00e9p\u00f4t Vente Batterie Percussion | Rimocc Lyon\",\"description\":\"Rimocc: l&#039;unique magasin d\u00e9di\u00e9 enti\u00e8rement \u00e0 la batterie, percussion d&#039;occasion et vintage \u00e0 Lyon, France\",\"publisher\":{\"@id\":\"https:\\\/\\\/www.rimocc.com\\\/#organization\"},\"alternateName\":\"Rimocc'\",\"potentialAction\":[{\"@type\":\"SearchAction\",\"target\":{\"@type\":\"EntryPoint\",\"urlTemplate\":\"https:\\\/\\\/www.rimocc.com\\\/?s={search_term_string}\"},\"query-input\":{\"@type\":\"PropertyValueSpecification\",\"valueRequired\":true,\"valueName\":\"search_term_string\"}}],\"inLanguage\":\"en-US\"},{\"@type\":\"Organization\",\"@id\":\"https:\\\/\\\/www.rimocc.com\\\/#organization\",\"name\":\"Rimocc'\",\"alternateName\":\"Rimocc\",\"url\":\"https:\\\/\\\/www.rimocc.com\\\/\",\"logo\":{\"@type\":\"ImageObject\",\"inLanguage\":\"en-US\",\"@id\":\"https:\\\/\\\/www.rimocc.com\\\/#\\\/schema\\\/logo\\\/image\\\/\",\"url\":\"https:\\\/\\\/i0.wp.com\\\/www.rimocc.com\\\/wp-content\\\/uploads\\\/2023\\\/07\\\/RIMOCC_LOGO.jpg?fit=459%2C114&ssl=1\",\"contentUrl\":\"https:\\\/\\\/i0.wp.com\\\/www.rimocc.com\\\/wp-content\\\/uploads\\\/2023\\\/07\\\/RIMOCC_LOGO.jpg?fit=459%2C114&ssl=1\",\"width\":459,\"height\":114,\"caption\":\"Rimocc'\"},\"image\":{\"@id\":\"https:\\\/\\\/www.rimocc.com\\\/#\\\/schema\\\/logo\\\/image\\\/\"},\"sameAs\":[\"https:\\\/\\\/www.facebook.com\\\/rimocclyon\\\/?locale=fr_FR\",\"https:\\\/\\\/www.instagram.com\\\/rimoccc\\\/?hl=fr\",\"https:\\\/\\\/www.tiktok.com\\\/@rimocc\",\"https:\\\/\\\/www.youtube.com\\\/@Rimocc\"]}]}<\/script>\n<!-- \/ Yoast SEO plugin. -->","yoast_head_json":{"title":"Yamaha Beech Custom 20\"x14\" 10\"x9\" 12\"x10\" 14\"x12\" Pear Yellow Made in Japan - D\u00e9p\u00f4t Vente Batterie Percussion | Rimocc Lyon","description":"1\u00e8re g\u00e9n\u00e9ration Made in Japan Finition Pear Yellow","robots":{"index":"index","follow":"follow","max-snippet":"max-snippet:-1","max-image-preview":"max-image-preview:large","max-video-preview":"max-video-preview:-1"},"canonical":"https:\/\/www.rimocc.com\/en\/produit\/yamaha-beech-custom-20x14-10x9-12x10-14x12-pear-yellow-made-in-japan\/","og_locale":"en_US","og_type":"article","og_title":"Yamaha Beech Custom 20\"x14\" 10\"x9\" 12\"x10\" 14\"x12\" Pear Yellow Made in Japan - D\u00e9p\u00f4t Vente Batterie Percussion | Rimocc Lyon","og_description":"1\u00e8re g\u00e9n\u00e9ration Made in Japan Finition Pear Yellow","og_url":"https:\/\/www.rimocc.com\/en\/produit\/yamaha-beech-custom-20x14-10x9-12x10-14x12-pear-yellow-made-in-japan\/","og_site_name":"D\u00e9p\u00f4t Vente Batterie Percussion | Rimocc Lyon","article_publisher":"https:\/\/www.facebook.com\/rimocclyon\/?locale=fr_FR","article_modified_time":"2025-02-22T20:48:09+00:00","og_image":[{"width":1920,"height":1920,"url":"https:\/\/www.rimocc.com\/wp-content\/uploads\/2024\/09\/Yamaha-Beech-Custom-20.jpg","type":"image\/jpeg"}],"twitter_card":"summary_large_image","twitter_misc":{"Est. reading time":"1 minute"},"schema":{"@context":"https:\/\/schema.org","@graph":[{"@type":"WebPage","@id":"https:\/\/www.rimocc.com\/produit\/yamaha-beech-custom-20x14-10x9-12x10-14x12-pear-yellow-made-in-japan\/","url":"https:\/\/www.rimocc.com\/produit\/yamaha-beech-custom-20x14-10x9-12x10-14x12-pear-yellow-made-in-japan\/","name":"Yamaha Beech Custom 20\"x14\" 10\"x9\" 12\"x10\" 14\"x12\" Pear Yellow Made in Japan - D\u00e9p\u00f4t Vente Batterie Percussion | Rimocc Lyon","isPartOf":{"@id":"https:\/\/www.rimocc.com\/#website"},"primaryImageOfPage":{"@id":"https:\/\/www.rimocc.com\/produit\/yamaha-beech-custom-20x14-10x9-12x10-14x12-pear-yellow-made-in-japan\/#primaryimage"},"image":{"@id":"https:\/\/www.rimocc.com\/produit\/yamaha-beech-custom-20x14-10x9-12x10-14x12-pear-yellow-made-in-japan\/#primaryimage"},"thumbnailUrl":"https:\/\/www.rimocc.com\/wp-content\/uploads\/2024\/09\/Yamaha-Beech-Custom-20.jpg","datePublished":"2024-09-20T15:39:44+00:00","dateModified":"2025-02-22T20:48:09+00:00","description":"1\u00e8re g\u00e9n\u00e9ration Made in Japan Finition Pear Yellow","breadcrumb":{"@id":"https:\/\/www.rimocc.com\/produit\/yamaha-beech-custom-20x14-10x9-12x10-14x12-pear-yellow-made-in-japan\/#breadcrumb"},"inLanguage":"en-US","potentialAction":[{"@type":"ReadAction","target":["https:\/\/www.rimocc.com\/produit\/yamaha-beech-custom-20x14-10x9-12x10-14x12-pear-yellow-made-in-japan\/"]}]},{"@type":"ImageObject","inLanguage":"en-US","@id":"https:\/\/www.rimocc.com\/produit\/yamaha-beech-custom-20x14-10x9-12x10-14x12-pear-yellow-made-in-japan\/#primaryimage","url":"https:\/\/www.rimocc.com\/wp-content\/uploads\/2024\/09\/Yamaha-Beech-Custom-20.jpg","contentUrl":"https:\/\/www.rimocc.com\/wp-content\/uploads\/2024\/09\/Yamaha-Beech-Custom-20.jpg","width":1920,"height":1920,"caption":"Yamaha Beech Custom 20\"x14\" 10\"x9\" 12\"x10\" 14\"x12\" Pear Yellow Made in Japan"},{"@type":"BreadcrumbList","@id":"https:\/\/www.rimocc.com\/produit\/yamaha-beech-custom-20x14-10x9-12x10-14x12-pear-yellow-made-in-japan\/#breadcrumb","itemListElement":[{"@type":"ListItem","position":1,"name":"Home","item":"https:\/\/www.rimocc.com\/"},{"@type":"ListItem","position":2,"name":"Shop","item":"https:\/\/www.rimocc.com\/shop\/"},{"@type":"ListItem","position":3,"name":"Yamaha Beech Custom 20&#8243;x14&#8243; 10&#8243;x9&#8243; 12&#8243;x10&#8243; 14&#8243;x12&#8243; Pear Yellow Made in Japan"}]},{"@type":"WebSite","@id":"https:\/\/www.rimocc.com\/#website","url":"https:\/\/www.rimocc.com\/","name":"D\u00e9p\u00f4t Vente Batterie Percussion | Rimocc Lyon","description":"Rimocc: l&#039;unique magasin d\u00e9di\u00e9 enti\u00e8rement \u00e0 la batterie, percussion d&#039;occasion et vintage \u00e0 Lyon, France","publisher":{"@id":"https:\/\/www.rimocc.com\/#organization"},"alternateName":"Rimocc'","potentialAction":[{"@type":"SearchAction","target":{"@type":"EntryPoint","urlTemplate":"https:\/\/www.rimocc.com\/?s={search_term_string}"},"query-input":{"@type":"PropertyValueSpecification","valueRequired":true,"valueName":"search_term_string"}}],"inLanguage":"en-US"},{"@type":"Organization","@id":"https:\/\/www.rimocc.com\/#organization","name":"Rimocc'","alternateName":"Rimocc","url":"https:\/\/www.rimocc.com\/","logo":{"@type":"ImageObject","inLanguage":"en-US","@id":"https:\/\/www.rimocc.com\/#\/schema\/logo\/image\/","url":"https:\/\/i0.wp.com\/www.rimocc.com\/wp-content\/uploads\/2023\/07\/RIMOCC_LOGO.jpg?fit=459%2C114&ssl=1","contentUrl":"https:\/\/i0.wp.com\/www.rimocc.com\/wp-content\/uploads\/2023\/07\/RIMOCC_LOGO.jpg?fit=459%2C114&ssl=1","width":459,"height":114,"caption":"Rimocc'"},"image":{"@id":"https:\/\/www.rimocc.com\/#\/schema\/logo\/image\/"},"sameAs":["https:\/\/www.facebook.com\/rimocclyon\/?locale=fr_FR","https:\/\/www.instagram.com\/rimoccc\/?hl=fr","https:\/\/www.tiktok.com\/@rimocc","https:\/\/www.youtube.com\/@Rimocc"]}]}},"jetpack_publicize_connections":[],"jetpack_sharing_enabled":true,"_links":{"self":[{"href":"https:\/\/www.rimocc.com\/en\/wp-json\/wp\/v2\/product\/12955","targetHints":{"allow":["GET"]}}],"collection":[{"href":"https:\/\/www.rimocc.com\/en\/wp-json\/wp\/v2\/product"}],"about":[{"href":"https:\/\/www.rimocc.com\/en\/wp-json\/wp\/v2\/types\/product"}],"replies":[{"embeddable":true,"href":"https:\/\/www.rimocc.com\/en\/wp-json\/wp\/v2\/comments?post=12955"}],"wp:featuredmedia":[{"embeddable":true,"href":"https:\/\/www.rimocc.com\/en\/wp-json\/wp\/v2\/media\/12954"}],"wp:attachment":[{"href":"https:\/\/www.rimocc.com\/en\/wp-json\/wp\/v2\/media?parent=12955"}],"wp:term":[{"taxonomy":"product_brand","embeddable":true,"href":"https:\/\/www.rimocc.com\/en\/wp-json\/wp\/v2\/product_brand?post=12955"},{"taxonomy":"product_cat","embeddable":true,"href":"https:\/\/www.rimocc.com\/en\/wp-json\/wp\/v2\/product_cat?post=12955"},{"taxonomy":"product_tag","embeddable":true,"href":"https:\/\/www.rimocc.com\/en\/wp-json\/wp\/v2\/product_tag?post=12955"}],"curies":[{"name":"wp","href":"https:\/\/api.w.org\/{rel}","templated":true}]}}