{"id":12939,"date":"2024-09-14T18:31:23","date_gmt":"2024-09-14T16:31:23","guid":{"rendered":"https:\/\/www.rimocc.com\/?post_type=product&#038;p=12939"},"modified":"2024-12-26T15:55:56","modified_gmt":"2024-12-26T14:55:56","slug":"remo-buffalo-drum-10-mailloche","status":"publish","type":"product","link":"https:\/\/www.rimocc.com\/en\/product\/remo-buffalo-drum-10-mailloche\/","title":{"rendered":"Remo Buffalo Drum 10&Prime; + Mailloche"},"content":{"rendered":"<p>Comme neuf<br \/>\nMailloche inclue<\/p>\n<p>Percussions Rimocc&rsquo; Magasin de Musique Lyon<\/p>","protected":false},"excerpt":{"rendered":"<p>Comme neuf Mailloche inclue Percussions Rimocc&rsquo; Magasin de Musique Lyon<\/p>","protected":false},"featured_media":12938,"comment_status":"open","ping_status":"closed","template":"","meta":{"jetpack_publicize_message":"","jetpack_publicize_feature_enabled":true,"jetpack_social_post_already_shared":false,"jetpack_social_options":{"image_generator_settings":{"template":"highway","default_image_id":0,"font":"","enabled":false},"version":2}},"product_brand":[],"product_cat":[16],"product_tag":[231,548,538,183,278],"class_list":{"0":"post-12939","1":"product","2":"type-product","3":"status-publish","4":"has-post-thumbnail","6":"product_cat-percussions","7":"product_tag-buffalo-drum","8":"product_tag-depot-vente-lyon","9":"product_tag-magasin-de-musique-lyon","10":"product_tag-percussion","11":"product_tag-remo-buffalo-drum","13":"entry","14":"has-media","16":"first","17":"outofstock","18":"shipping-taxable","19":"purchasable","20":"product-type-simple","21":"has-product-nav","22":"col","23":"span_1_of_3","24":"owp-content-center","25":"owp-thumbs-layout-horizontal","26":"owp-btn-normal","27":"owp-tabs-layout-horizontal"},"yoast_head":"<!-- This site is optimized with the Yoast SEO plugin v27.4 - https:\/\/yoast.com\/product\/yoast-seo-wordpress\/ -->\n<title>Remo Buffalo Drum 10&quot; + Mailloche - D\u00e9p\u00f4t Vente Batterie Percussion | Rimocc Lyon<\/title>\n<meta name=\"description\" content=\"Le tambour Remo Buffalo est inspir\u00e9 directement des cultures Am\u00e9rindiennes. La face int\u00e9rieure offre une poign\u00e9e en corde. Il est livr\u00e9 avec une mailloche. Tous les Buffalo Drums sont fabriqu\u00e9s avec une peau Fiberskyn 3. Leur conception offre la m\u00eame sonorit\u00e9 que les tambourin traditionnel en bois avec une excellente projection sonore et des belles fr\u00e9quences graves fondamentales. Ils peuvent \u00eatre jou\u00e9s en int\u00e9rieur ou en ext\u00e9rieur, quelque soit les conditions atmosph\u00e9riques, sans que leur accord et leur sonorit\u00e9 ne change.\" \/>\n<meta name=\"robots\" content=\"index, follow, max-snippet:-1, max-image-preview:large, max-video-preview:-1\" \/>\n<link rel=\"canonical\" href=\"https:\/\/www.rimocc.com\/en\/produit\/remo-buffalo-drum-10-mailloche\/\" \/>\n<meta property=\"og:locale\" content=\"en_US\" \/>\n<meta property=\"og:type\" content=\"article\" \/>\n<meta property=\"og:title\" content=\"Remo Buffalo Drum 10&quot; + Mailloche - D\u00e9p\u00f4t Vente Batterie Percussion | Rimocc Lyon\" \/>\n<meta property=\"og:description\" content=\"Le tambour Remo Buffalo est inspir\u00e9 directement des cultures Am\u00e9rindiennes. La face int\u00e9rieure offre une poign\u00e9e en corde. Il est livr\u00e9 avec une mailloche. Tous les Buffalo Drums sont fabriqu\u00e9s avec une peau Fiberskyn 3. Leur conception offre la m\u00eame sonorit\u00e9 que les tambourin traditionnel en bois avec une excellente projection sonore et des belles fr\u00e9quences graves fondamentales. Ils peuvent \u00eatre jou\u00e9s en int\u00e9rieur ou en ext\u00e9rieur, quelque soit les conditions atmosph\u00e9riques, sans que leur accord et leur sonorit\u00e9 ne change.\" \/>\n<meta property=\"og:url\" content=\"https:\/\/www.rimocc.com\/en\/produit\/remo-buffalo-drum-10-mailloche\/\" \/>\n<meta property=\"og:site_name\" content=\"D\u00e9p\u00f4t Vente Batterie Percussion | Rimocc Lyon\" \/>\n<meta property=\"article:publisher\" content=\"https:\/\/www.facebook.com\/rimocclyon\/?locale=fr_FR\" \/>\n<meta property=\"article:modified_time\" content=\"2024-12-26T14:55:56+00:00\" \/>\n<meta property=\"og:image\" content=\"https:\/\/www.rimocc.com\/wp-content\/uploads\/2024\/09\/Remo-Buffalo-Drum-10_-Mailloche-1.jpg\" \/>\n\t<meta property=\"og:image:width\" content=\"1920\" \/>\n\t<meta property=\"og:image:height\" content=\"1920\" \/>\n\t<meta property=\"og:image:type\" content=\"image\/jpeg\" \/>\n<meta name=\"twitter:card\" content=\"summary_large_image\" \/>\n<meta name=\"twitter:label1\" content=\"Est. reading time\" \/>\n\t<meta name=\"twitter:data1\" content=\"1 minute\" \/>\n<script type=\"application\/ld+json\" class=\"yoast-schema-graph\">{\"@context\":\"https:\\\/\\\/schema.org\",\"@graph\":[{\"@type\":\"WebPage\",\"@id\":\"https:\\\/\\\/www.rimocc.com\\\/produit\\\/remo-buffalo-drum-10-mailloche\\\/\",\"url\":\"https:\\\/\\\/www.rimocc.com\\\/produit\\\/remo-buffalo-drum-10-mailloche\\\/\",\"name\":\"Remo Buffalo Drum 10\\\" + Mailloche - D\u00e9p\u00f4t Vente Batterie Percussion | Rimocc Lyon\",\"isPartOf\":{\"@id\":\"https:\\\/\\\/www.rimocc.com\\\/#website\"},\"primaryImageOfPage\":{\"@id\":\"https:\\\/\\\/www.rimocc.com\\\/produit\\\/remo-buffalo-drum-10-mailloche\\\/#primaryimage\"},\"image\":{\"@id\":\"https:\\\/\\\/www.rimocc.com\\\/produit\\\/remo-buffalo-drum-10-mailloche\\\/#primaryimage\"},\"thumbnailUrl\":\"https:\\\/\\\/www.rimocc.com\\\/wp-content\\\/uploads\\\/2024\\\/09\\\/Remo-Buffalo-Drum-10_-Mailloche-1.jpg\",\"datePublished\":\"2024-09-14T16:31:23+00:00\",\"dateModified\":\"2024-12-26T14:55:56+00:00\",\"description\":\"Le tambour Remo Buffalo est inspir\u00e9 directement des cultures Am\u00e9rindiennes. La face int\u00e9rieure offre une poign\u00e9e en corde. Il est livr\u00e9 avec une mailloche. Tous les Buffalo Drums sont fabriqu\u00e9s avec une peau Fiberskyn 3. Leur conception offre la m\u00eame sonorit\u00e9 que les tambourin traditionnel en bois avec une excellente projection sonore et des belles fr\u00e9quences graves fondamentales. Ils peuvent \u00eatre jou\u00e9s en int\u00e9rieur ou en ext\u00e9rieur, quelque soit les conditions atmosph\u00e9riques, sans que leur accord et leur sonorit\u00e9 ne change.\",\"breadcrumb\":{\"@id\":\"https:\\\/\\\/www.rimocc.com\\\/produit\\\/remo-buffalo-drum-10-mailloche\\\/#breadcrumb\"},\"inLanguage\":\"en-US\",\"potentialAction\":[{\"@type\":\"ReadAction\",\"target\":[\"https:\\\/\\\/www.rimocc.com\\\/produit\\\/remo-buffalo-drum-10-mailloche\\\/\"]}]},{\"@type\":\"ImageObject\",\"inLanguage\":\"en-US\",\"@id\":\"https:\\\/\\\/www.rimocc.com\\\/produit\\\/remo-buffalo-drum-10-mailloche\\\/#primaryimage\",\"url\":\"https:\\\/\\\/www.rimocc.com\\\/wp-content\\\/uploads\\\/2024\\\/09\\\/Remo-Buffalo-Drum-10_-Mailloche-1.jpg\",\"contentUrl\":\"https:\\\/\\\/www.rimocc.com\\\/wp-content\\\/uploads\\\/2024\\\/09\\\/Remo-Buffalo-Drum-10_-Mailloche-1.jpg\",\"width\":1920,\"height\":1920,\"caption\":\"Remo Buffalo Drum 10\\\" + Mailloche\"},{\"@type\":\"BreadcrumbList\",\"@id\":\"https:\\\/\\\/www.rimocc.com\\\/produit\\\/remo-buffalo-drum-10-mailloche\\\/#breadcrumb\",\"itemListElement\":[{\"@type\":\"ListItem\",\"position\":1,\"name\":\"Home\",\"item\":\"https:\\\/\\\/www.rimocc.com\\\/\"},{\"@type\":\"ListItem\",\"position\":2,\"name\":\"Shop\",\"item\":\"https:\\\/\\\/www.rimocc.com\\\/shop\\\/\"},{\"@type\":\"ListItem\",\"position\":3,\"name\":\"Remo Buffalo Drum 10&#8243; + Mailloche\"}]},{\"@type\":\"WebSite\",\"@id\":\"https:\\\/\\\/www.rimocc.com\\\/#website\",\"url\":\"https:\\\/\\\/www.rimocc.com\\\/\",\"name\":\"D\u00e9p\u00f4t Vente Batterie Percussion | Rimocc Lyon\",\"description\":\"Rimocc: l&#039;unique magasin d\u00e9di\u00e9 enti\u00e8rement \u00e0 la batterie, percussion d&#039;occasion et vintage \u00e0 Lyon, France\",\"publisher\":{\"@id\":\"https:\\\/\\\/www.rimocc.com\\\/#organization\"},\"alternateName\":\"Rimocc'\",\"potentialAction\":[{\"@type\":\"SearchAction\",\"target\":{\"@type\":\"EntryPoint\",\"urlTemplate\":\"https:\\\/\\\/www.rimocc.com\\\/?s={search_term_string}\"},\"query-input\":{\"@type\":\"PropertyValueSpecification\",\"valueRequired\":true,\"valueName\":\"search_term_string\"}}],\"inLanguage\":\"en-US\"},{\"@type\":\"Organization\",\"@id\":\"https:\\\/\\\/www.rimocc.com\\\/#organization\",\"name\":\"Rimocc'\",\"alternateName\":\"Rimocc\",\"url\":\"https:\\\/\\\/www.rimocc.com\\\/\",\"logo\":{\"@type\":\"ImageObject\",\"inLanguage\":\"en-US\",\"@id\":\"https:\\\/\\\/www.rimocc.com\\\/#\\\/schema\\\/logo\\\/image\\\/\",\"url\":\"https:\\\/\\\/i0.wp.com\\\/www.rimocc.com\\\/wp-content\\\/uploads\\\/2023\\\/07\\\/RIMOCC_LOGO.jpg?fit=459%2C114&ssl=1\",\"contentUrl\":\"https:\\\/\\\/i0.wp.com\\\/www.rimocc.com\\\/wp-content\\\/uploads\\\/2023\\\/07\\\/RIMOCC_LOGO.jpg?fit=459%2C114&ssl=1\",\"width\":459,\"height\":114,\"caption\":\"Rimocc'\"},\"image\":{\"@id\":\"https:\\\/\\\/www.rimocc.com\\\/#\\\/schema\\\/logo\\\/image\\\/\"},\"sameAs\":[\"https:\\\/\\\/www.facebook.com\\\/rimocclyon\\\/?locale=fr_FR\",\"https:\\\/\\\/www.instagram.com\\\/rimoccc\\\/?hl=fr\",\"https:\\\/\\\/www.tiktok.com\\\/@rimocc\",\"https:\\\/\\\/www.youtube.com\\\/@Rimocc\"]}]}<\/script>\n<!-- \/ Yoast SEO plugin. -->","yoast_head_json":{"title":"Remo Buffalo Drum 10\" + Mailloche - D\u00e9p\u00f4t Vente Batterie Percussion | Rimocc Lyon","description":"Le tambour Remo Buffalo est inspir\u00e9 directement des cultures Am\u00e9rindiennes. La face int\u00e9rieure offre une poign\u00e9e en corde. Il est livr\u00e9 avec une mailloche. Tous les Buffalo Drums sont fabriqu\u00e9s avec une peau Fiberskyn 3. Leur conception offre la m\u00eame sonorit\u00e9 que les tambourin traditionnel en bois avec une excellente projection sonore et des belles fr\u00e9quences graves fondamentales. Ils peuvent \u00eatre jou\u00e9s en int\u00e9rieur ou en ext\u00e9rieur, quelque soit les conditions atmosph\u00e9riques, sans que leur accord et leur sonorit\u00e9 ne change.","robots":{"index":"index","follow":"follow","max-snippet":"max-snippet:-1","max-image-preview":"max-image-preview:large","max-video-preview":"max-video-preview:-1"},"canonical":"https:\/\/www.rimocc.com\/en\/produit\/remo-buffalo-drum-10-mailloche\/","og_locale":"en_US","og_type":"article","og_title":"Remo Buffalo Drum 10\" + Mailloche - D\u00e9p\u00f4t Vente Batterie Percussion | Rimocc Lyon","og_description":"Le tambour Remo Buffalo est inspir\u00e9 directement des cultures Am\u00e9rindiennes. La face int\u00e9rieure offre une poign\u00e9e en corde. Il est livr\u00e9 avec une mailloche. Tous les Buffalo Drums sont fabriqu\u00e9s avec une peau Fiberskyn 3. Leur conception offre la m\u00eame sonorit\u00e9 que les tambourin traditionnel en bois avec une excellente projection sonore et des belles fr\u00e9quences graves fondamentales. Ils peuvent \u00eatre jou\u00e9s en int\u00e9rieur ou en ext\u00e9rieur, quelque soit les conditions atmosph\u00e9riques, sans que leur accord et leur sonorit\u00e9 ne change.","og_url":"https:\/\/www.rimocc.com\/en\/produit\/remo-buffalo-drum-10-mailloche\/","og_site_name":"D\u00e9p\u00f4t Vente Batterie Percussion | Rimocc Lyon","article_publisher":"https:\/\/www.facebook.com\/rimocclyon\/?locale=fr_FR","article_modified_time":"2024-12-26T14:55:56+00:00","og_image":[{"width":1920,"height":1920,"url":"https:\/\/www.rimocc.com\/wp-content\/uploads\/2024\/09\/Remo-Buffalo-Drum-10_-Mailloche-1.jpg","type":"image\/jpeg"}],"twitter_card":"summary_large_image","twitter_misc":{"Est. reading time":"1 minute"},"schema":{"@context":"https:\/\/schema.org","@graph":[{"@type":"WebPage","@id":"https:\/\/www.rimocc.com\/produit\/remo-buffalo-drum-10-mailloche\/","url":"https:\/\/www.rimocc.com\/produit\/remo-buffalo-drum-10-mailloche\/","name":"Remo Buffalo Drum 10\" + Mailloche - D\u00e9p\u00f4t Vente Batterie Percussion | Rimocc Lyon","isPartOf":{"@id":"https:\/\/www.rimocc.com\/#website"},"primaryImageOfPage":{"@id":"https:\/\/www.rimocc.com\/produit\/remo-buffalo-drum-10-mailloche\/#primaryimage"},"image":{"@id":"https:\/\/www.rimocc.com\/produit\/remo-buffalo-drum-10-mailloche\/#primaryimage"},"thumbnailUrl":"https:\/\/www.rimocc.com\/wp-content\/uploads\/2024\/09\/Remo-Buffalo-Drum-10_-Mailloche-1.jpg","datePublished":"2024-09-14T16:31:23+00:00","dateModified":"2024-12-26T14:55:56+00:00","description":"Le tambour Remo Buffalo est inspir\u00e9 directement des cultures Am\u00e9rindiennes. La face int\u00e9rieure offre une poign\u00e9e en corde. Il est livr\u00e9 avec une mailloche. Tous les Buffalo Drums sont fabriqu\u00e9s avec une peau Fiberskyn 3. Leur conception offre la m\u00eame sonorit\u00e9 que les tambourin traditionnel en bois avec une excellente projection sonore et des belles fr\u00e9quences graves fondamentales. Ils peuvent \u00eatre jou\u00e9s en int\u00e9rieur ou en ext\u00e9rieur, quelque soit les conditions atmosph\u00e9riques, sans que leur accord et leur sonorit\u00e9 ne change.","breadcrumb":{"@id":"https:\/\/www.rimocc.com\/produit\/remo-buffalo-drum-10-mailloche\/#breadcrumb"},"inLanguage":"en-US","potentialAction":[{"@type":"ReadAction","target":["https:\/\/www.rimocc.com\/produit\/remo-buffalo-drum-10-mailloche\/"]}]},{"@type":"ImageObject","inLanguage":"en-US","@id":"https:\/\/www.rimocc.com\/produit\/remo-buffalo-drum-10-mailloche\/#primaryimage","url":"https:\/\/www.rimocc.com\/wp-content\/uploads\/2024\/09\/Remo-Buffalo-Drum-10_-Mailloche-1.jpg","contentUrl":"https:\/\/www.rimocc.com\/wp-content\/uploads\/2024\/09\/Remo-Buffalo-Drum-10_-Mailloche-1.jpg","width":1920,"height":1920,"caption":"Remo Buffalo Drum 10\" + Mailloche"},{"@type":"BreadcrumbList","@id":"https:\/\/www.rimocc.com\/produit\/remo-buffalo-drum-10-mailloche\/#breadcrumb","itemListElement":[{"@type":"ListItem","position":1,"name":"Home","item":"https:\/\/www.rimocc.com\/"},{"@type":"ListItem","position":2,"name":"Shop","item":"https:\/\/www.rimocc.com\/shop\/"},{"@type":"ListItem","position":3,"name":"Remo Buffalo Drum 10&#8243; + Mailloche"}]},{"@type":"WebSite","@id":"https:\/\/www.rimocc.com\/#website","url":"https:\/\/www.rimocc.com\/","name":"D\u00e9p\u00f4t Vente Batterie Percussion | Rimocc Lyon","description":"Rimocc: l&#039;unique magasin d\u00e9di\u00e9 enti\u00e8rement \u00e0 la batterie, percussion d&#039;occasion et vintage \u00e0 Lyon, France","publisher":{"@id":"https:\/\/www.rimocc.com\/#organization"},"alternateName":"Rimocc'","potentialAction":[{"@type":"SearchAction","target":{"@type":"EntryPoint","urlTemplate":"https:\/\/www.rimocc.com\/?s={search_term_string}"},"query-input":{"@type":"PropertyValueSpecification","valueRequired":true,"valueName":"search_term_string"}}],"inLanguage":"en-US"},{"@type":"Organization","@id":"https:\/\/www.rimocc.com\/#organization","name":"Rimocc'","alternateName":"Rimocc","url":"https:\/\/www.rimocc.com\/","logo":{"@type":"ImageObject","inLanguage":"en-US","@id":"https:\/\/www.rimocc.com\/#\/schema\/logo\/image\/","url":"https:\/\/i0.wp.com\/www.rimocc.com\/wp-content\/uploads\/2023\/07\/RIMOCC_LOGO.jpg?fit=459%2C114&ssl=1","contentUrl":"https:\/\/i0.wp.com\/www.rimocc.com\/wp-content\/uploads\/2023\/07\/RIMOCC_LOGO.jpg?fit=459%2C114&ssl=1","width":459,"height":114,"caption":"Rimocc'"},"image":{"@id":"https:\/\/www.rimocc.com\/#\/schema\/logo\/image\/"},"sameAs":["https:\/\/www.facebook.com\/rimocclyon\/?locale=fr_FR","https:\/\/www.instagram.com\/rimoccc\/?hl=fr","https:\/\/www.tiktok.com\/@rimocc","https:\/\/www.youtube.com\/@Rimocc"]}]}},"jetpack_publicize_connections":[],"jetpack_sharing_enabled":true,"_links":{"self":[{"href":"https:\/\/www.rimocc.com\/en\/wp-json\/wp\/v2\/product\/12939","targetHints":{"allow":["GET"]}}],"collection":[{"href":"https:\/\/www.rimocc.com\/en\/wp-json\/wp\/v2\/product"}],"about":[{"href":"https:\/\/www.rimocc.com\/en\/wp-json\/wp\/v2\/types\/product"}],"replies":[{"embeddable":true,"href":"https:\/\/www.rimocc.com\/en\/wp-json\/wp\/v2\/comments?post=12939"}],"wp:featuredmedia":[{"embeddable":true,"href":"https:\/\/www.rimocc.com\/en\/wp-json\/wp\/v2\/media\/12938"}],"wp:attachment":[{"href":"https:\/\/www.rimocc.com\/en\/wp-json\/wp\/v2\/media?parent=12939"}],"wp:term":[{"taxonomy":"product_brand","embeddable":true,"href":"https:\/\/www.rimocc.com\/en\/wp-json\/wp\/v2\/product_brand?post=12939"},{"taxonomy":"product_cat","embeddable":true,"href":"https:\/\/www.rimocc.com\/en\/wp-json\/wp\/v2\/product_cat?post=12939"},{"taxonomy":"product_tag","embeddable":true,"href":"https:\/\/www.rimocc.com\/en\/wp-json\/wp\/v2\/product_tag?post=12939"}],"curies":[{"name":"wp","href":"https:\/\/api.w.org\/{rel}","templated":true}]}}