{"id":12936,"date":"2024-09-14T14:50:00","date_gmt":"2024-09-14T12:50:00","guid":{"rendered":"https:\/\/www.rimocc.com\/?post_type=product&#038;p=12936"},"modified":"2024-09-14T14:50:00","modified_gmt":"2024-09-14T12:50:00","slug":"kolberg-613cu-piccolo-snare-copper-13x35","status":"publish","type":"product","link":"https:\/\/www.rimocc.com\/en\/product\/kolberg-613cu-piccolo-snare-copper-13x35\/","title":{"rendered":"Kolberg 613CU Piccolo Snare Copper 13&Prime;x3,5&Prime;"},"content":{"rendered":"<p>Etat comme neuf<br \/>\nJou\u00e9e seulement 2 fois<br \/>\n<em>\u00ab\u00a0Hammered copper shell, polished and varnished<br \/>\nSteel counterhoop<br \/>\nExtremely stable counterhoop for a precise tension distribution, high-gloss chrome-plated<br \/>\nTensioning lugs: solid high-quality die-cast zinc, high-gloss chrome-plated<br \/>\nSpring-mounted lug nuts facilitate the tuning of the drums and prevent the tensioning screws from jamming\u00a0\u00bb<\/em><br \/>\nhead REMO Renaissance\u00ae<br \/>\nhead KOLBERG <\/p>\n<p>Caisse Claire Rimocc&rsquo; Magasin de Musique Lyon <\/p>","protected":false},"excerpt":{"rendered":"<p>Etat comme neuf Jou\u00e9e seulement 2 fois \u00ab\u00a0Hammered copper shell, polished and varnished Steel counterhoop Extremely stable counterhoop for a precise tension distribution, high-gloss chrome-plated Tensioning lugs: solid high-quality die-cast zinc, high-gloss chrome-plated Spring-mounted lug nuts facilitate the tuning of the drums and prevent the tensioning screws from jamming\u00a0\u00bb head REMO Renaissance\u00ae head KOLBERG Caisse [&hellip;]<\/p>\n","protected":false},"featured_media":12935,"comment_status":"open","ping_status":"closed","template":"","meta":{"jetpack_publicize_message":"","jetpack_publicize_feature_enabled":true,"jetpack_social_post_already_shared":false,"jetpack_social_options":{"image_generator_settings":{"template":"highway","default_image_id":0,"font":"","enabled":false},"version":2}},"product_brand":[],"product_cat":[25],"product_tag":[63,548,586,538,64],"class_list":{"0":"post-12936","1":"product","2":"type-product","3":"status-publish","4":"has-post-thumbnail","6":"product_cat-caisse-claire","7":"product_tag-caisse-claire","8":"product_tag-depot-vente-lyon","9":"product_tag-kolberg","10":"product_tag-magasin-de-musique-lyon","11":"product_tag-snare-drums","13":"entry","14":"has-media","16":"first","17":"instock","18":"shipping-taxable","19":"purchasable","20":"product-type-simple","21":"has-product-nav","22":"col","23":"span_1_of_3","24":"owp-content-center","25":"owp-thumbs-layout-horizontal","26":"owp-btn-normal","27":"owp-tabs-layout-horizontal"},"yoast_head":"<!-- This site is optimized with the Yoast SEO plugin v27.4 - https:\/\/yoast.com\/product\/yoast-seo-wordpress\/ -->\n<title>Kolberg 613CU Piccolo Snare Copper 13&quot;x3,5&quot; - D\u00e9p\u00f4t Vente Batterie Percussion | Rimocc Lyon<\/title>\n<meta name=\"description\" content=\"Kolberg copper piccolo drums with copper shells with their typical very high, powerful and harmonic-rich sound are available in three sizes. The finely adjustable release mechanism ensures that snares speak clearly and precisely, even at extreme dynamic levels. We have years of experience in instrument production and hand-customise every drum from materials of the highest quality.\" \/>\n<meta name=\"robots\" content=\"index, follow, max-snippet:-1, max-image-preview:large, max-video-preview:-1\" \/>\n<link rel=\"canonical\" href=\"https:\/\/www.rimocc.com\/en\/produit\/kolberg-613cu-piccolo-snare-copper-13x35\/\" \/>\n<meta property=\"og:locale\" content=\"en_US\" \/>\n<meta property=\"og:type\" content=\"article\" \/>\n<meta property=\"og:title\" content=\"Kolberg 613CU Piccolo Snare Copper 13&quot;x3,5&quot; - D\u00e9p\u00f4t Vente Batterie Percussion | Rimocc Lyon\" \/>\n<meta property=\"og:description\" content=\"Kolberg copper piccolo drums with copper shells with their typical very high, powerful and harmonic-rich sound are available in three sizes. The finely adjustable release mechanism ensures that snares speak clearly and precisely, even at extreme dynamic levels. We have years of experience in instrument production and hand-customise every drum from materials of the highest quality.\" \/>\n<meta property=\"og:url\" content=\"https:\/\/www.rimocc.com\/en\/produit\/kolberg-613cu-piccolo-snare-copper-13x35\/\" \/>\n<meta property=\"og:site_name\" content=\"D\u00e9p\u00f4t Vente Batterie Percussion | Rimocc Lyon\" \/>\n<meta property=\"article:publisher\" content=\"https:\/\/www.facebook.com\/rimocclyon\/?locale=fr_FR\" \/>\n<meta property=\"og:image\" content=\"https:\/\/www.rimocc.com\/wp-content\/uploads\/2024\/09\/Kolberg-613CU-Piccolo-Snare-Copper-14_x35_-1.jpg\" \/>\n\t<meta property=\"og:image:width\" content=\"1920\" \/>\n\t<meta property=\"og:image:height\" content=\"1920\" \/>\n\t<meta property=\"og:image:type\" content=\"image\/jpeg\" \/>\n<meta name=\"twitter:card\" content=\"summary_large_image\" \/>\n<meta name=\"twitter:label1\" content=\"Est. reading time\" \/>\n\t<meta name=\"twitter:data1\" content=\"1 minute\" \/>\n<script type=\"application\/ld+json\" class=\"yoast-schema-graph\">{\"@context\":\"https:\\\/\\\/schema.org\",\"@graph\":[{\"@type\":\"WebPage\",\"@id\":\"https:\\\/\\\/www.rimocc.com\\\/produit\\\/kolberg-613cu-piccolo-snare-copper-13x35\\\/\",\"url\":\"https:\\\/\\\/www.rimocc.com\\\/produit\\\/kolberg-613cu-piccolo-snare-copper-13x35\\\/\",\"name\":\"Kolberg 613CU Piccolo Snare Copper 13\\\"x3,5\\\" - D\u00e9p\u00f4t Vente Batterie Percussion | Rimocc Lyon\",\"isPartOf\":{\"@id\":\"https:\\\/\\\/www.rimocc.com\\\/#website\"},\"primaryImageOfPage\":{\"@id\":\"https:\\\/\\\/www.rimocc.com\\\/produit\\\/kolberg-613cu-piccolo-snare-copper-13x35\\\/#primaryimage\"},\"image\":{\"@id\":\"https:\\\/\\\/www.rimocc.com\\\/produit\\\/kolberg-613cu-piccolo-snare-copper-13x35\\\/#primaryimage\"},\"thumbnailUrl\":\"https:\\\/\\\/www.rimocc.com\\\/wp-content\\\/uploads\\\/2024\\\/09\\\/Kolberg-613CU-Piccolo-Snare-Copper-14_x35_-1.jpg\",\"datePublished\":\"2024-09-14T12:50:00+00:00\",\"description\":\"Kolberg copper piccolo drums with copper shells with their typical very high, powerful and harmonic-rich sound are available in three sizes. The finely adjustable release mechanism ensures that snares speak clearly and precisely, even at extreme dynamic levels. We have years of experience in instrument production and hand-customise every drum from materials of the highest quality.\",\"breadcrumb\":{\"@id\":\"https:\\\/\\\/www.rimocc.com\\\/produit\\\/kolberg-613cu-piccolo-snare-copper-13x35\\\/#breadcrumb\"},\"inLanguage\":\"en-US\",\"potentialAction\":[{\"@type\":\"ReadAction\",\"target\":[\"https:\\\/\\\/www.rimocc.com\\\/produit\\\/kolberg-613cu-piccolo-snare-copper-13x35\\\/\"]}]},{\"@type\":\"ImageObject\",\"inLanguage\":\"en-US\",\"@id\":\"https:\\\/\\\/www.rimocc.com\\\/produit\\\/kolberg-613cu-piccolo-snare-copper-13x35\\\/#primaryimage\",\"url\":\"https:\\\/\\\/www.rimocc.com\\\/wp-content\\\/uploads\\\/2024\\\/09\\\/Kolberg-613CU-Piccolo-Snare-Copper-14_x35_-1.jpg\",\"contentUrl\":\"https:\\\/\\\/www.rimocc.com\\\/wp-content\\\/uploads\\\/2024\\\/09\\\/Kolberg-613CU-Piccolo-Snare-Copper-14_x35_-1.jpg\",\"width\":1920,\"height\":1920},{\"@type\":\"BreadcrumbList\",\"@id\":\"https:\\\/\\\/www.rimocc.com\\\/produit\\\/kolberg-613cu-piccolo-snare-copper-13x35\\\/#breadcrumb\",\"itemListElement\":[{\"@type\":\"ListItem\",\"position\":1,\"name\":\"Home\",\"item\":\"https:\\\/\\\/www.rimocc.com\\\/\"},{\"@type\":\"ListItem\",\"position\":2,\"name\":\"Shop\",\"item\":\"https:\\\/\\\/www.rimocc.com\\\/shop\\\/\"},{\"@type\":\"ListItem\",\"position\":3,\"name\":\"Kolberg 613CU Piccolo Snare Copper 13&#8243;x3,5&#8243;\"}]},{\"@type\":\"WebSite\",\"@id\":\"https:\\\/\\\/www.rimocc.com\\\/#website\",\"url\":\"https:\\\/\\\/www.rimocc.com\\\/\",\"name\":\"D\u00e9p\u00f4t Vente Batterie Percussion | Rimocc Lyon\",\"description\":\"Rimocc: l&#039;unique magasin d\u00e9di\u00e9 enti\u00e8rement \u00e0 la batterie, percussion d&#039;occasion et vintage \u00e0 Lyon, France\",\"publisher\":{\"@id\":\"https:\\\/\\\/www.rimocc.com\\\/#organization\"},\"alternateName\":\"Rimocc'\",\"potentialAction\":[{\"@type\":\"SearchAction\",\"target\":{\"@type\":\"EntryPoint\",\"urlTemplate\":\"https:\\\/\\\/www.rimocc.com\\\/?s={search_term_string}\"},\"query-input\":{\"@type\":\"PropertyValueSpecification\",\"valueRequired\":true,\"valueName\":\"search_term_string\"}}],\"inLanguage\":\"en-US\"},{\"@type\":\"Organization\",\"@id\":\"https:\\\/\\\/www.rimocc.com\\\/#organization\",\"name\":\"Rimocc'\",\"alternateName\":\"Rimocc\",\"url\":\"https:\\\/\\\/www.rimocc.com\\\/\",\"logo\":{\"@type\":\"ImageObject\",\"inLanguage\":\"en-US\",\"@id\":\"https:\\\/\\\/www.rimocc.com\\\/#\\\/schema\\\/logo\\\/image\\\/\",\"url\":\"https:\\\/\\\/i0.wp.com\\\/www.rimocc.com\\\/wp-content\\\/uploads\\\/2023\\\/07\\\/RIMOCC_LOGO.jpg?fit=459%2C114&ssl=1\",\"contentUrl\":\"https:\\\/\\\/i0.wp.com\\\/www.rimocc.com\\\/wp-content\\\/uploads\\\/2023\\\/07\\\/RIMOCC_LOGO.jpg?fit=459%2C114&ssl=1\",\"width\":459,\"height\":114,\"caption\":\"Rimocc'\"},\"image\":{\"@id\":\"https:\\\/\\\/www.rimocc.com\\\/#\\\/schema\\\/logo\\\/image\\\/\"},\"sameAs\":[\"https:\\\/\\\/www.facebook.com\\\/rimocclyon\\\/?locale=fr_FR\",\"https:\\\/\\\/www.instagram.com\\\/rimoccc\\\/?hl=fr\",\"https:\\\/\\\/www.tiktok.com\\\/@rimocc\",\"https:\\\/\\\/www.youtube.com\\\/@Rimocc\"]}]}<\/script>\n<!-- \/ Yoast SEO plugin. -->","yoast_head_json":{"title":"Kolberg 613CU Piccolo Snare Copper 13\"x3,5\" - D\u00e9p\u00f4t Vente Batterie Percussion | Rimocc Lyon","description":"Kolberg copper piccolo drums with copper shells with their typical very high, powerful and harmonic-rich sound are available in three sizes. The finely adjustable release mechanism ensures that snares speak clearly and precisely, even at extreme dynamic levels. We have years of experience in instrument production and hand-customise every drum from materials of the highest quality.","robots":{"index":"index","follow":"follow","max-snippet":"max-snippet:-1","max-image-preview":"max-image-preview:large","max-video-preview":"max-video-preview:-1"},"canonical":"https:\/\/www.rimocc.com\/en\/produit\/kolberg-613cu-piccolo-snare-copper-13x35\/","og_locale":"en_US","og_type":"article","og_title":"Kolberg 613CU Piccolo Snare Copper 13\"x3,5\" - D\u00e9p\u00f4t Vente Batterie Percussion | Rimocc Lyon","og_description":"Kolberg copper piccolo drums with copper shells with their typical very high, powerful and harmonic-rich sound are available in three sizes. The finely adjustable release mechanism ensures that snares speak clearly and precisely, even at extreme dynamic levels. We have years of experience in instrument production and hand-customise every drum from materials of the highest quality.","og_url":"https:\/\/www.rimocc.com\/en\/produit\/kolberg-613cu-piccolo-snare-copper-13x35\/","og_site_name":"D\u00e9p\u00f4t Vente Batterie Percussion | Rimocc Lyon","article_publisher":"https:\/\/www.facebook.com\/rimocclyon\/?locale=fr_FR","og_image":[{"width":1920,"height":1920,"url":"https:\/\/www.rimocc.com\/wp-content\/uploads\/2024\/09\/Kolberg-613CU-Piccolo-Snare-Copper-14_x35_-1.jpg","type":"image\/jpeg"}],"twitter_card":"summary_large_image","twitter_misc":{"Est. reading time":"1 minute"},"schema":{"@context":"https:\/\/schema.org","@graph":[{"@type":"WebPage","@id":"https:\/\/www.rimocc.com\/produit\/kolberg-613cu-piccolo-snare-copper-13x35\/","url":"https:\/\/www.rimocc.com\/produit\/kolberg-613cu-piccolo-snare-copper-13x35\/","name":"Kolberg 613CU Piccolo Snare Copper 13\"x3,5\" - D\u00e9p\u00f4t Vente Batterie Percussion | Rimocc Lyon","isPartOf":{"@id":"https:\/\/www.rimocc.com\/#website"},"primaryImageOfPage":{"@id":"https:\/\/www.rimocc.com\/produit\/kolberg-613cu-piccolo-snare-copper-13x35\/#primaryimage"},"image":{"@id":"https:\/\/www.rimocc.com\/produit\/kolberg-613cu-piccolo-snare-copper-13x35\/#primaryimage"},"thumbnailUrl":"https:\/\/www.rimocc.com\/wp-content\/uploads\/2024\/09\/Kolberg-613CU-Piccolo-Snare-Copper-14_x35_-1.jpg","datePublished":"2024-09-14T12:50:00+00:00","description":"Kolberg copper piccolo drums with copper shells with their typical very high, powerful and harmonic-rich sound are available in three sizes. The finely adjustable release mechanism ensures that snares speak clearly and precisely, even at extreme dynamic levels. We have years of experience in instrument production and hand-customise every drum from materials of the highest quality.","breadcrumb":{"@id":"https:\/\/www.rimocc.com\/produit\/kolberg-613cu-piccolo-snare-copper-13x35\/#breadcrumb"},"inLanguage":"en-US","potentialAction":[{"@type":"ReadAction","target":["https:\/\/www.rimocc.com\/produit\/kolberg-613cu-piccolo-snare-copper-13x35\/"]}]},{"@type":"ImageObject","inLanguage":"en-US","@id":"https:\/\/www.rimocc.com\/produit\/kolberg-613cu-piccolo-snare-copper-13x35\/#primaryimage","url":"https:\/\/www.rimocc.com\/wp-content\/uploads\/2024\/09\/Kolberg-613CU-Piccolo-Snare-Copper-14_x35_-1.jpg","contentUrl":"https:\/\/www.rimocc.com\/wp-content\/uploads\/2024\/09\/Kolberg-613CU-Piccolo-Snare-Copper-14_x35_-1.jpg","width":1920,"height":1920},{"@type":"BreadcrumbList","@id":"https:\/\/www.rimocc.com\/produit\/kolberg-613cu-piccolo-snare-copper-13x35\/#breadcrumb","itemListElement":[{"@type":"ListItem","position":1,"name":"Home","item":"https:\/\/www.rimocc.com\/"},{"@type":"ListItem","position":2,"name":"Shop","item":"https:\/\/www.rimocc.com\/shop\/"},{"@type":"ListItem","position":3,"name":"Kolberg 613CU Piccolo Snare Copper 13&#8243;x3,5&#8243;"}]},{"@type":"WebSite","@id":"https:\/\/www.rimocc.com\/#website","url":"https:\/\/www.rimocc.com\/","name":"D\u00e9p\u00f4t Vente Batterie Percussion | Rimocc Lyon","description":"Rimocc: l&#039;unique magasin d\u00e9di\u00e9 enti\u00e8rement \u00e0 la batterie, percussion d&#039;occasion et vintage \u00e0 Lyon, France","publisher":{"@id":"https:\/\/www.rimocc.com\/#organization"},"alternateName":"Rimocc'","potentialAction":[{"@type":"SearchAction","target":{"@type":"EntryPoint","urlTemplate":"https:\/\/www.rimocc.com\/?s={search_term_string}"},"query-input":{"@type":"PropertyValueSpecification","valueRequired":true,"valueName":"search_term_string"}}],"inLanguage":"en-US"},{"@type":"Organization","@id":"https:\/\/www.rimocc.com\/#organization","name":"Rimocc'","alternateName":"Rimocc","url":"https:\/\/www.rimocc.com\/","logo":{"@type":"ImageObject","inLanguage":"en-US","@id":"https:\/\/www.rimocc.com\/#\/schema\/logo\/image\/","url":"https:\/\/i0.wp.com\/www.rimocc.com\/wp-content\/uploads\/2023\/07\/RIMOCC_LOGO.jpg?fit=459%2C114&ssl=1","contentUrl":"https:\/\/i0.wp.com\/www.rimocc.com\/wp-content\/uploads\/2023\/07\/RIMOCC_LOGO.jpg?fit=459%2C114&ssl=1","width":459,"height":114,"caption":"Rimocc'"},"image":{"@id":"https:\/\/www.rimocc.com\/#\/schema\/logo\/image\/"},"sameAs":["https:\/\/www.facebook.com\/rimocclyon\/?locale=fr_FR","https:\/\/www.instagram.com\/rimoccc\/?hl=fr","https:\/\/www.tiktok.com\/@rimocc","https:\/\/www.youtube.com\/@Rimocc"]}]}},"jetpack_publicize_connections":[],"jetpack_sharing_enabled":true,"_links":{"self":[{"href":"https:\/\/www.rimocc.com\/en\/wp-json\/wp\/v2\/product\/12936","targetHints":{"allow":["GET"]}}],"collection":[{"href":"https:\/\/www.rimocc.com\/en\/wp-json\/wp\/v2\/product"}],"about":[{"href":"https:\/\/www.rimocc.com\/en\/wp-json\/wp\/v2\/types\/product"}],"replies":[{"embeddable":true,"href":"https:\/\/www.rimocc.com\/en\/wp-json\/wp\/v2\/comments?post=12936"}],"wp:featuredmedia":[{"embeddable":true,"href":"https:\/\/www.rimocc.com\/en\/wp-json\/wp\/v2\/media\/12935"}],"wp:attachment":[{"href":"https:\/\/www.rimocc.com\/en\/wp-json\/wp\/v2\/media?parent=12936"}],"wp:term":[{"taxonomy":"product_brand","embeddable":true,"href":"https:\/\/www.rimocc.com\/en\/wp-json\/wp\/v2\/product_brand?post=12936"},{"taxonomy":"product_cat","embeddable":true,"href":"https:\/\/www.rimocc.com\/en\/wp-json\/wp\/v2\/product_cat?post=12936"},{"taxonomy":"product_tag","embeddable":true,"href":"https:\/\/www.rimocc.com\/en\/wp-json\/wp\/v2\/product_tag?post=12936"}],"curies":[{"name":"wp","href":"https:\/\/api.w.org\/{rel}","templated":true}]}}