{"id":12774,"date":"2024-08-22T17:29:06","date_gmt":"2024-08-22T15:29:06","guid":{"rendered":"https:\/\/www.rimocc.com\/?post_type=product&#038;p=12774"},"modified":"2024-08-23T14:07:50","modified_gmt":"2024-08-23T12:07:50","slug":"pearl-batterie-20x14-12x8-14x14-valencia-outfit-vintage-60s-red-oyster-pearl","status":"publish","type":"product","link":"https:\/\/www.rimocc.com\/en\/product\/pearl-batterie-20x14-12x8-14x14-valencia-outfit-vintage-60s-red-oyster-pearl\/","title":{"rendered":"Pearl Batterie 20&Prime;x14&Prime; 12&Prime;x8&Prime; 14&Prime;x14&Prime; Valencia Outfit Vintage 60&rsquo;s Red Oyster Pearl"},"content":{"rendered":"<p>20&Prime;x14&Prime; 12&Prime;x8&Prime; 14&Prime;x14&Prime;<br \/>\nVintage 60&rsquo;s<br \/>\nRed Oyster Pearl<br \/>\nTr\u00e8s bon \u00e9tat g\u00e9n\u00e9ral pour son \u00e2ge<br \/>\nA nettoyer<br \/>\nCompl\u00e8te \u00e0 l&rsquo;exception d&rsquo;un liner Red Oster Pearl manquant sur un des cercles de la gc et de la perchette gc manquante<br \/>\nCaisse claire et pied de caisse claire non inclus. Possibilit\u00e9 de rajouter la caisse claire correspondante disponible (voir onglet caisse claire)<\/p>\n<p>Batterie Rimocc&rsquo; Magasin de Musique Lyon<\/p>\n<p><strong>Enl\u00e8vement sur place privil\u00e9gi\u00e9 mais envoi possible dans toute la France sur devis s\u00e9par\u00e9 &#8211; merci de s\u00e9lectionner l&rsquo;option retrait sur place et nous vous ferons parvenir un devis s\u00e9par\u00e9 pour la livraison, \u00e0 r\u00e9gler s\u00e9par\u00e9ment<br \/>\nInternational order, pick-up ONLY<\/strong><em><\/p>","protected":false},"excerpt":{"rendered":"<p>20&Prime;x14&Prime; 12&Prime;x8&Prime; 14&Prime;x14&Prime; Vintage 60&rsquo;s Red Oyster Pearl Tr\u00e8s bon \u00e9tat g\u00e9n\u00e9ral pour son \u00e2ge A nettoyer Compl\u00e8te \u00e0 l&rsquo;exception d&rsquo;un liner Red Oster Pearl manquant sur un des cercles de la gc et de la perchette gc manquante Caisse claire et pied de caisse claire non inclus. Possibilit\u00e9 de rajouter la caisse claire correspondante [&hellip;]<\/p>\n","protected":false},"featured_media":12773,"comment_status":"open","ping_status":"closed","template":"","meta":{"jetpack_publicize_message":"","jetpack_publicize_feature_enabled":true,"jetpack_social_post_already_shared":false,"jetpack_social_options":{"image_generator_settings":{"template":"highway","default_image_id":0,"font":"","enabled":false},"version":2}},"product_brand":[],"product_cat":[20],"product_tag":[41,548,43,538,124,575,61],"class_list":{"0":"post-12774","1":"product","2":"type-product","3":"status-publish","4":"has-post-thumbnail","6":"product_cat-batterie","7":"product_tag-batterie","8":"product_tag-depot-vente-lyon","9":"product_tag-drums","10":"product_tag-magasin-de-musique-lyon","11":"product_tag-pearl","12":"product_tag-pearl-valencia-outfit","13":"product_tag-vintage-drums","15":"entry","16":"has-media","18":"first","19":"outofstock","20":"shipping-taxable","21":"purchasable","22":"product-type-simple","23":"has-product-nav","24":"col","25":"span_1_of_3","26":"owp-content-center","27":"owp-thumbs-layout-horizontal","28":"owp-btn-normal","29":"owp-tabs-layout-horizontal"},"yoast_head":"<!-- This site is optimized with the Yoast SEO plugin v27.5 - https:\/\/yoast.com\/product\/yoast-seo-wordpress\/ -->\n<title>Pearl Batterie 20&quot;x14&quot; 12&quot;x8&quot; 14&quot;x14&quot; Valencia Outfit Vintage 60&#039;s Red Oyster Pearl - D\u00e9p\u00f4t Vente Batterie Percussion | Rimocc Lyon<\/title>\n<meta name=\"description\" content=\"Vintage 60&#039;s Red Oyster Pearl\" \/>\n<meta name=\"robots\" content=\"index, follow, max-snippet:-1, max-image-preview:large, max-video-preview:-1\" \/>\n<link rel=\"canonical\" href=\"https:\/\/www.rimocc.com\/en\/produit\/pearl-batterie-20x14-12x8-14x14-valencia-outfit-vintage-60s-red-oyster-pearl\/\" \/>\n<meta property=\"og:locale\" content=\"en_US\" \/>\n<meta property=\"og:type\" content=\"article\" \/>\n<meta property=\"og:title\" content=\"Pearl Batterie 20&quot;x14&quot; 12&quot;x8&quot; 14&quot;x14&quot; Valencia Outfit Vintage 60&#039;s Red Oyster Pearl - D\u00e9p\u00f4t Vente Batterie Percussion | Rimocc Lyon\" \/>\n<meta property=\"og:description\" content=\"Vintage 60&#039;s Red Oyster Pearl\" \/>\n<meta property=\"og:url\" content=\"https:\/\/www.rimocc.com\/en\/produit\/pearl-batterie-20x14-12x8-14x14-valencia-outfit-vintage-60s-red-oyster-pearl\/\" \/>\n<meta property=\"og:site_name\" content=\"D\u00e9p\u00f4t Vente Batterie Percussion | Rimocc Lyon\" \/>\n<meta property=\"article:publisher\" content=\"https:\/\/www.facebook.com\/rimocclyon\/?locale=fr_FR\" \/>\n<meta property=\"article:modified_time\" content=\"2024-08-23T12:07:50+00:00\" \/>\n<meta property=\"og:image\" content=\"https:\/\/www.rimocc.com\/wp-content\/uploads\/2024\/08\/Pearl-Batterie-20_x14_-12_x8_-14_x14_-Valencia-Outfit-1.jpg\" \/>\n\t<meta property=\"og:image:width\" content=\"1920\" \/>\n\t<meta property=\"og:image:height\" content=\"1920\" \/>\n\t<meta property=\"og:image:type\" content=\"image\/jpeg\" \/>\n<meta name=\"twitter:card\" content=\"summary_large_image\" \/>\n<meta name=\"twitter:label1\" content=\"Est. reading time\" \/>\n\t<meta name=\"twitter:data1\" content=\"1 minute\" \/>\n<script type=\"application\/ld+json\" class=\"yoast-schema-graph\">{\"@context\":\"https:\\\/\\\/schema.org\",\"@graph\":[{\"@type\":\"WebPage\",\"@id\":\"https:\\\/\\\/www.rimocc.com\\\/produit\\\/pearl-batterie-20x14-12x8-14x14-valencia-outfit-vintage-60s-red-oyster-pearl\\\/\",\"url\":\"https:\\\/\\\/www.rimocc.com\\\/produit\\\/pearl-batterie-20x14-12x8-14x14-valencia-outfit-vintage-60s-red-oyster-pearl\\\/\",\"name\":\"Pearl Batterie 20\\\"x14\\\" 12\\\"x8\\\" 14\\\"x14\\\" Valencia Outfit Vintage 60's Red Oyster Pearl - D\u00e9p\u00f4t Vente Batterie Percussion | Rimocc Lyon\",\"isPartOf\":{\"@id\":\"https:\\\/\\\/www.rimocc.com\\\/#website\"},\"primaryImageOfPage\":{\"@id\":\"https:\\\/\\\/www.rimocc.com\\\/produit\\\/pearl-batterie-20x14-12x8-14x14-valencia-outfit-vintage-60s-red-oyster-pearl\\\/#primaryimage\"},\"image\":{\"@id\":\"https:\\\/\\\/www.rimocc.com\\\/produit\\\/pearl-batterie-20x14-12x8-14x14-valencia-outfit-vintage-60s-red-oyster-pearl\\\/#primaryimage\"},\"thumbnailUrl\":\"https:\\\/\\\/www.rimocc.com\\\/wp-content\\\/uploads\\\/2024\\\/08\\\/Pearl-Batterie-20_x14_-12_x8_-14_x14_-Valencia-Outfit-1.jpg\",\"datePublished\":\"2024-08-22T15:29:06+00:00\",\"dateModified\":\"2024-08-23T12:07:50+00:00\",\"description\":\"Vintage 60's Red Oyster Pearl\",\"breadcrumb\":{\"@id\":\"https:\\\/\\\/www.rimocc.com\\\/produit\\\/pearl-batterie-20x14-12x8-14x14-valencia-outfit-vintage-60s-red-oyster-pearl\\\/#breadcrumb\"},\"inLanguage\":\"en-US\",\"potentialAction\":[{\"@type\":\"ReadAction\",\"target\":[\"https:\\\/\\\/www.rimocc.com\\\/produit\\\/pearl-batterie-20x14-12x8-14x14-valencia-outfit-vintage-60s-red-oyster-pearl\\\/\"]}]},{\"@type\":\"ImageObject\",\"inLanguage\":\"en-US\",\"@id\":\"https:\\\/\\\/www.rimocc.com\\\/produit\\\/pearl-batterie-20x14-12x8-14x14-valencia-outfit-vintage-60s-red-oyster-pearl\\\/#primaryimage\",\"url\":\"https:\\\/\\\/www.rimocc.com\\\/wp-content\\\/uploads\\\/2024\\\/08\\\/Pearl-Batterie-20_x14_-12_x8_-14_x14_-Valencia-Outfit-1.jpg\",\"contentUrl\":\"https:\\\/\\\/www.rimocc.com\\\/wp-content\\\/uploads\\\/2024\\\/08\\\/Pearl-Batterie-20_x14_-12_x8_-14_x14_-Valencia-Outfit-1.jpg\",\"width\":1920,\"height\":1920,\"caption\":\"Pearl Batterie 20\\\"x14\\\" 12\\\"x8\\\" 14\\\"x14\\\" Valencia Outfit\"},{\"@type\":\"BreadcrumbList\",\"@id\":\"https:\\\/\\\/www.rimocc.com\\\/produit\\\/pearl-batterie-20x14-12x8-14x14-valencia-outfit-vintage-60s-red-oyster-pearl\\\/#breadcrumb\",\"itemListElement\":[{\"@type\":\"ListItem\",\"position\":1,\"name\":\"Home\",\"item\":\"https:\\\/\\\/www.rimocc.com\\\/\"},{\"@type\":\"ListItem\",\"position\":2,\"name\":\"Shop\",\"item\":\"https:\\\/\\\/www.rimocc.com\\\/shop\\\/\"},{\"@type\":\"ListItem\",\"position\":3,\"name\":\"Pearl Batterie 20&#8243;x14&#8243; 12&#8243;x8&#8243; 14&#8243;x14&#8243; Valencia Outfit Vintage 60&#8217;s Red Oyster Pearl\"}]},{\"@type\":\"WebSite\",\"@id\":\"https:\\\/\\\/www.rimocc.com\\\/#website\",\"url\":\"https:\\\/\\\/www.rimocc.com\\\/\",\"name\":\"D\u00e9p\u00f4t Vente Batterie Percussion | Rimocc Lyon\",\"description\":\"Rimocc: l&#039;unique magasin d\u00e9di\u00e9 enti\u00e8rement \u00e0 la batterie, percussion d&#039;occasion et vintage \u00e0 Lyon, France\",\"publisher\":{\"@id\":\"https:\\\/\\\/www.rimocc.com\\\/#organization\"},\"alternateName\":\"Rimocc'\",\"potentialAction\":[{\"@type\":\"SearchAction\",\"target\":{\"@type\":\"EntryPoint\",\"urlTemplate\":\"https:\\\/\\\/www.rimocc.com\\\/?s={search_term_string}\"},\"query-input\":{\"@type\":\"PropertyValueSpecification\",\"valueRequired\":true,\"valueName\":\"search_term_string\"}}],\"inLanguage\":\"en-US\"},{\"@type\":\"Organization\",\"@id\":\"https:\\\/\\\/www.rimocc.com\\\/#organization\",\"name\":\"Rimocc'\",\"alternateName\":\"Rimocc\",\"url\":\"https:\\\/\\\/www.rimocc.com\\\/\",\"logo\":{\"@type\":\"ImageObject\",\"inLanguage\":\"en-US\",\"@id\":\"https:\\\/\\\/www.rimocc.com\\\/#\\\/schema\\\/logo\\\/image\\\/\",\"url\":\"https:\\\/\\\/i0.wp.com\\\/www.rimocc.com\\\/wp-content\\\/uploads\\\/2023\\\/07\\\/RIMOCC_LOGO.jpg?fit=459%2C114&ssl=1\",\"contentUrl\":\"https:\\\/\\\/i0.wp.com\\\/www.rimocc.com\\\/wp-content\\\/uploads\\\/2023\\\/07\\\/RIMOCC_LOGO.jpg?fit=459%2C114&ssl=1\",\"width\":459,\"height\":114,\"caption\":\"Rimocc'\"},\"image\":{\"@id\":\"https:\\\/\\\/www.rimocc.com\\\/#\\\/schema\\\/logo\\\/image\\\/\"},\"sameAs\":[\"https:\\\/\\\/www.facebook.com\\\/rimocclyon\\\/?locale=fr_FR\",\"https:\\\/\\\/www.instagram.com\\\/rimoccc\\\/?hl=fr\",\"https:\\\/\\\/www.tiktok.com\\\/@rimocc\",\"https:\\\/\\\/www.youtube.com\\\/@Rimocc\"]}]}<\/script>\n<!-- \/ Yoast SEO plugin. -->","yoast_head_json":{"title":"Pearl Batterie 20\"x14\" 12\"x8\" 14\"x14\" Valencia Outfit Vintage 60's Red Oyster Pearl - D\u00e9p\u00f4t Vente Batterie Percussion | Rimocc Lyon","description":"Vintage 60's Red Oyster Pearl","robots":{"index":"index","follow":"follow","max-snippet":"max-snippet:-1","max-image-preview":"max-image-preview:large","max-video-preview":"max-video-preview:-1"},"canonical":"https:\/\/www.rimocc.com\/en\/produit\/pearl-batterie-20x14-12x8-14x14-valencia-outfit-vintage-60s-red-oyster-pearl\/","og_locale":"en_US","og_type":"article","og_title":"Pearl Batterie 20\"x14\" 12\"x8\" 14\"x14\" Valencia Outfit Vintage 60's Red Oyster Pearl - D\u00e9p\u00f4t Vente Batterie Percussion | Rimocc Lyon","og_description":"Vintage 60's Red Oyster Pearl","og_url":"https:\/\/www.rimocc.com\/en\/produit\/pearl-batterie-20x14-12x8-14x14-valencia-outfit-vintage-60s-red-oyster-pearl\/","og_site_name":"D\u00e9p\u00f4t Vente Batterie Percussion | Rimocc Lyon","article_publisher":"https:\/\/www.facebook.com\/rimocclyon\/?locale=fr_FR","article_modified_time":"2024-08-23T12:07:50+00:00","og_image":[{"width":1920,"height":1920,"url":"https:\/\/www.rimocc.com\/wp-content\/uploads\/2024\/08\/Pearl-Batterie-20_x14_-12_x8_-14_x14_-Valencia-Outfit-1.jpg","type":"image\/jpeg"}],"twitter_card":"summary_large_image","twitter_misc":{"Est. reading time":"1 minute"},"schema":{"@context":"https:\/\/schema.org","@graph":[{"@type":"WebPage","@id":"https:\/\/www.rimocc.com\/produit\/pearl-batterie-20x14-12x8-14x14-valencia-outfit-vintage-60s-red-oyster-pearl\/","url":"https:\/\/www.rimocc.com\/produit\/pearl-batterie-20x14-12x8-14x14-valencia-outfit-vintage-60s-red-oyster-pearl\/","name":"Pearl Batterie 20\"x14\" 12\"x8\" 14\"x14\" Valencia Outfit Vintage 60's Red Oyster Pearl - D\u00e9p\u00f4t Vente Batterie Percussion | Rimocc Lyon","isPartOf":{"@id":"https:\/\/www.rimocc.com\/#website"},"primaryImageOfPage":{"@id":"https:\/\/www.rimocc.com\/produit\/pearl-batterie-20x14-12x8-14x14-valencia-outfit-vintage-60s-red-oyster-pearl\/#primaryimage"},"image":{"@id":"https:\/\/www.rimocc.com\/produit\/pearl-batterie-20x14-12x8-14x14-valencia-outfit-vintage-60s-red-oyster-pearl\/#primaryimage"},"thumbnailUrl":"https:\/\/www.rimocc.com\/wp-content\/uploads\/2024\/08\/Pearl-Batterie-20_x14_-12_x8_-14_x14_-Valencia-Outfit-1.jpg","datePublished":"2024-08-22T15:29:06+00:00","dateModified":"2024-08-23T12:07:50+00:00","description":"Vintage 60's Red Oyster Pearl","breadcrumb":{"@id":"https:\/\/www.rimocc.com\/produit\/pearl-batterie-20x14-12x8-14x14-valencia-outfit-vintage-60s-red-oyster-pearl\/#breadcrumb"},"inLanguage":"en-US","potentialAction":[{"@type":"ReadAction","target":["https:\/\/www.rimocc.com\/produit\/pearl-batterie-20x14-12x8-14x14-valencia-outfit-vintage-60s-red-oyster-pearl\/"]}]},{"@type":"ImageObject","inLanguage":"en-US","@id":"https:\/\/www.rimocc.com\/produit\/pearl-batterie-20x14-12x8-14x14-valencia-outfit-vintage-60s-red-oyster-pearl\/#primaryimage","url":"https:\/\/www.rimocc.com\/wp-content\/uploads\/2024\/08\/Pearl-Batterie-20_x14_-12_x8_-14_x14_-Valencia-Outfit-1.jpg","contentUrl":"https:\/\/www.rimocc.com\/wp-content\/uploads\/2024\/08\/Pearl-Batterie-20_x14_-12_x8_-14_x14_-Valencia-Outfit-1.jpg","width":1920,"height":1920,"caption":"Pearl Batterie 20\"x14\" 12\"x8\" 14\"x14\" Valencia Outfit"},{"@type":"BreadcrumbList","@id":"https:\/\/www.rimocc.com\/produit\/pearl-batterie-20x14-12x8-14x14-valencia-outfit-vintage-60s-red-oyster-pearl\/#breadcrumb","itemListElement":[{"@type":"ListItem","position":1,"name":"Home","item":"https:\/\/www.rimocc.com\/"},{"@type":"ListItem","position":2,"name":"Shop","item":"https:\/\/www.rimocc.com\/shop\/"},{"@type":"ListItem","position":3,"name":"Pearl Batterie 20&#8243;x14&#8243; 12&#8243;x8&#8243; 14&#8243;x14&#8243; Valencia Outfit Vintage 60&#8217;s Red Oyster Pearl"}]},{"@type":"WebSite","@id":"https:\/\/www.rimocc.com\/#website","url":"https:\/\/www.rimocc.com\/","name":"D\u00e9p\u00f4t Vente Batterie Percussion | Rimocc Lyon","description":"Rimocc: l&#039;unique magasin d\u00e9di\u00e9 enti\u00e8rement \u00e0 la batterie, percussion d&#039;occasion et vintage \u00e0 Lyon, France","publisher":{"@id":"https:\/\/www.rimocc.com\/#organization"},"alternateName":"Rimocc'","potentialAction":[{"@type":"SearchAction","target":{"@type":"EntryPoint","urlTemplate":"https:\/\/www.rimocc.com\/?s={search_term_string}"},"query-input":{"@type":"PropertyValueSpecification","valueRequired":true,"valueName":"search_term_string"}}],"inLanguage":"en-US"},{"@type":"Organization","@id":"https:\/\/www.rimocc.com\/#organization","name":"Rimocc'","alternateName":"Rimocc","url":"https:\/\/www.rimocc.com\/","logo":{"@type":"ImageObject","inLanguage":"en-US","@id":"https:\/\/www.rimocc.com\/#\/schema\/logo\/image\/","url":"https:\/\/i0.wp.com\/www.rimocc.com\/wp-content\/uploads\/2023\/07\/RIMOCC_LOGO.jpg?fit=459%2C114&ssl=1","contentUrl":"https:\/\/i0.wp.com\/www.rimocc.com\/wp-content\/uploads\/2023\/07\/RIMOCC_LOGO.jpg?fit=459%2C114&ssl=1","width":459,"height":114,"caption":"Rimocc'"},"image":{"@id":"https:\/\/www.rimocc.com\/#\/schema\/logo\/image\/"},"sameAs":["https:\/\/www.facebook.com\/rimocclyon\/?locale=fr_FR","https:\/\/www.instagram.com\/rimoccc\/?hl=fr","https:\/\/www.tiktok.com\/@rimocc","https:\/\/www.youtube.com\/@Rimocc"]}]}},"jetpack_publicize_connections":[],"jetpack_sharing_enabled":true,"_links":{"self":[{"href":"https:\/\/www.rimocc.com\/en\/wp-json\/wp\/v2\/product\/12774","targetHints":{"allow":["GET"]}}],"collection":[{"href":"https:\/\/www.rimocc.com\/en\/wp-json\/wp\/v2\/product"}],"about":[{"href":"https:\/\/www.rimocc.com\/en\/wp-json\/wp\/v2\/types\/product"}],"replies":[{"embeddable":true,"href":"https:\/\/www.rimocc.com\/en\/wp-json\/wp\/v2\/comments?post=12774"}],"wp:featuredmedia":[{"embeddable":true,"href":"https:\/\/www.rimocc.com\/en\/wp-json\/wp\/v2\/media\/12773"}],"wp:attachment":[{"href":"https:\/\/www.rimocc.com\/en\/wp-json\/wp\/v2\/media?parent=12774"}],"wp:term":[{"taxonomy":"product_brand","embeddable":true,"href":"https:\/\/www.rimocc.com\/en\/wp-json\/wp\/v2\/product_brand?post=12774"},{"taxonomy":"product_cat","embeddable":true,"href":"https:\/\/www.rimocc.com\/en\/wp-json\/wp\/v2\/product_cat?post=12774"},{"taxonomy":"product_tag","embeddable":true,"href":"https:\/\/www.rimocc.com\/en\/wp-json\/wp\/v2\/product_tag?post=12774"}],"curies":[{"name":"wp","href":"https:\/\/api.w.org\/{rel}","templated":true}]}}