{"id":12579,"date":"2024-07-24T12:45:12","date_gmt":"2024-07-24T10:45:12","guid":{"rendered":"https:\/\/www.rimocc.com\/?post_type=product&#038;p=12579"},"modified":"2024-08-23T18:23:20","modified_gmt":"2024-08-23T16:23:20","slug":"ludwig-classic-maple-exotic-east-indian-rosewood-14x65-2005","status":"publish","type":"product","link":"https:\/\/www.rimocc.com\/en\/product\/ludwig-classic-maple-exotic-east-indian-rosewood-14x65-2005\/","title":{"rendered":"Ludwig Classic Maple Exotic East Indian Rosewood 14&Prime;x6,5&Prime; 2005"},"content":{"rendered":"<p>Tr\u00e8s bon \u00e9tat g\u00e9n\u00e9ral +++, proche du neuf<br \/>\nTout d&rsquo;origine sauf timbre (Pearl) et peaux<br \/>\nS\u00e9rie exotic limit\u00e9e de 2005<br \/>\nEast Indian Rosewood <\/p>\n<p>Caisse Claire Snare Drum Rimocc&rsquo; Magasin de Musique Lyon<\/p>","protected":false},"excerpt":{"rendered":"<p>Tr\u00e8s bon \u00e9tat g\u00e9n\u00e9ral +++, proche du neuf Tout d&rsquo;origine sauf timbre (Pearl) et peaux S\u00e9rie exotic limit\u00e9e de 2005 East Indian Rosewood Caisse Claire Snare Drum Rimocc&rsquo; Magasin de Musique Lyon<\/p>","protected":false},"featured_media":12578,"comment_status":"open","ping_status":"closed","template":"","meta":{"jetpack_publicize_message":"","jetpack_publicize_feature_enabled":true,"jetpack_social_post_already_shared":false,"jetpack_social_options":{"image_generator_settings":{"template":"highway","default_image_id":0,"font":"","enabled":false},"version":2}},"product_brand":[],"product_cat":[25],"product_tag":[63,548,93,568,538,252],"class_list":{"0":"post-12579","1":"product","2":"type-product","3":"status-publish","4":"has-post-thumbnail","6":"product_cat-caisse-claire","7":"product_tag-caisse-claire","8":"product_tag-depot-vente-lyon","9":"product_tag-ludwig","10":"product_tag-ludwig-exotic","11":"product_tag-magasin-de-musique-lyon","12":"product_tag-snare-drum","14":"entry","15":"has-media","17":"first","18":"outofstock","19":"shipping-taxable","20":"purchasable","21":"product-type-simple","22":"has-product-nav","23":"col","24":"span_1_of_3","25":"owp-content-center","26":"owp-thumbs-layout-horizontal","27":"owp-btn-normal","28":"owp-tabs-layout-horizontal"},"yoast_head":"<!-- This site is optimized with the Yoast SEO plugin v27.4 - https:\/\/yoast.com\/product\/yoast-seo-wordpress\/ -->\n<title>Ludwig Classic Maple Exotic East Indian Rosewood 14&quot;x6,5&quot; 2005 - D\u00e9p\u00f4t Vente Batterie Percussion | Rimocc Lyon<\/title>\n<meta name=\"description\" content=\"Launched at winter Namm show 2005, part of nine exotic wood veneers on its Classic Maple snare drums. Ludwig Classic Maple snare drums are available in the exotic veneers Black Cherry, Black Walnut, South American Mahogany, Macassar Ebony, Makore (African Cherry), Pearwood, Sapale Pomele, East Indian Rosewood, and Santos Rosewood. All are crafted in the Ludwig facility in Monroe, North Carolina and reflect a high level of craftsmanship worthy of any player or collector.\" \/>\n<meta name=\"robots\" content=\"index, follow, max-snippet:-1, max-image-preview:large, max-video-preview:-1\" \/>\n<link rel=\"canonical\" href=\"https:\/\/www.rimocc.com\/en\/produit\/ludwig-classic-maple-exotic-east-indian-rosewood-14x65-2005\/\" \/>\n<meta property=\"og:locale\" content=\"en_US\" \/>\n<meta property=\"og:type\" content=\"article\" \/>\n<meta property=\"og:title\" content=\"Ludwig Classic Maple Exotic East Indian Rosewood 14&quot;x6,5&quot; 2005 - D\u00e9p\u00f4t Vente Batterie Percussion | Rimocc Lyon\" \/>\n<meta property=\"og:description\" content=\"Launched at winter Namm show 2005, part of nine exotic wood veneers on its Classic Maple snare drums. Ludwig Classic Maple snare drums are available in the exotic veneers Black Cherry, Black Walnut, South American Mahogany, Macassar Ebony, Makore (African Cherry), Pearwood, Sapale Pomele, East Indian Rosewood, and Santos Rosewood. All are crafted in the Ludwig facility in Monroe, North Carolina and reflect a high level of craftsmanship worthy of any player or collector.\" \/>\n<meta property=\"og:url\" content=\"https:\/\/www.rimocc.com\/en\/produit\/ludwig-classic-maple-exotic-east-indian-rosewood-14x65-2005\/\" \/>\n<meta property=\"og:site_name\" content=\"D\u00e9p\u00f4t Vente Batterie Percussion | Rimocc Lyon\" \/>\n<meta property=\"article:publisher\" content=\"https:\/\/www.facebook.com\/rimocclyon\/?locale=fr_FR\" \/>\n<meta property=\"article:modified_time\" content=\"2024-08-23T16:23:20+00:00\" \/>\n<meta property=\"og:image\" content=\"https:\/\/www.rimocc.com\/wp-content\/uploads\/2024\/07\/Ludwig-Classic-Maple-Exotic-East-Indian-Rosewood-14_x65_-2005-1.jpg\" \/>\n\t<meta property=\"og:image:width\" content=\"1920\" \/>\n\t<meta property=\"og:image:height\" content=\"1920\" \/>\n\t<meta property=\"og:image:type\" content=\"image\/jpeg\" \/>\n<meta name=\"twitter:card\" content=\"summary_large_image\" \/>\n<meta name=\"twitter:label1\" content=\"Est. reading time\" \/>\n\t<meta name=\"twitter:data1\" content=\"1 minute\" \/>\n<script type=\"application\/ld+json\" class=\"yoast-schema-graph\">{\"@context\":\"https:\\\/\\\/schema.org\",\"@graph\":[{\"@type\":\"WebPage\",\"@id\":\"https:\\\/\\\/www.rimocc.com\\\/produit\\\/ludwig-classic-maple-exotic-east-indian-rosewood-14x65-2005\\\/\",\"url\":\"https:\\\/\\\/www.rimocc.com\\\/produit\\\/ludwig-classic-maple-exotic-east-indian-rosewood-14x65-2005\\\/\",\"name\":\"Ludwig Classic Maple Exotic East Indian Rosewood 14\\\"x6,5\\\" 2005 - D\u00e9p\u00f4t Vente Batterie Percussion | Rimocc Lyon\",\"isPartOf\":{\"@id\":\"https:\\\/\\\/www.rimocc.com\\\/#website\"},\"primaryImageOfPage\":{\"@id\":\"https:\\\/\\\/www.rimocc.com\\\/produit\\\/ludwig-classic-maple-exotic-east-indian-rosewood-14x65-2005\\\/#primaryimage\"},\"image\":{\"@id\":\"https:\\\/\\\/www.rimocc.com\\\/produit\\\/ludwig-classic-maple-exotic-east-indian-rosewood-14x65-2005\\\/#primaryimage\"},\"thumbnailUrl\":\"https:\\\/\\\/www.rimocc.com\\\/wp-content\\\/uploads\\\/2024\\\/07\\\/Ludwig-Classic-Maple-Exotic-East-Indian-Rosewood-14_x65_-2005-1.jpg\",\"datePublished\":\"2024-07-24T10:45:12+00:00\",\"dateModified\":\"2024-08-23T16:23:20+00:00\",\"description\":\"Launched at winter Namm show 2005, part of nine exotic wood veneers on its Classic Maple snare drums. Ludwig Classic Maple snare drums are available in the exotic veneers Black Cherry, Black Walnut, South American Mahogany, Macassar Ebony, Makore (African Cherry), Pearwood, Sapale Pomele, East Indian Rosewood, and Santos Rosewood. All are crafted in the Ludwig facility in Monroe, North Carolina and reflect a high level of craftsmanship worthy of any player or collector.\",\"breadcrumb\":{\"@id\":\"https:\\\/\\\/www.rimocc.com\\\/produit\\\/ludwig-classic-maple-exotic-east-indian-rosewood-14x65-2005\\\/#breadcrumb\"},\"inLanguage\":\"en-US\",\"potentialAction\":[{\"@type\":\"ReadAction\",\"target\":[\"https:\\\/\\\/www.rimocc.com\\\/produit\\\/ludwig-classic-maple-exotic-east-indian-rosewood-14x65-2005\\\/\"]}]},{\"@type\":\"ImageObject\",\"inLanguage\":\"en-US\",\"@id\":\"https:\\\/\\\/www.rimocc.com\\\/produit\\\/ludwig-classic-maple-exotic-east-indian-rosewood-14x65-2005\\\/#primaryimage\",\"url\":\"https:\\\/\\\/www.rimocc.com\\\/wp-content\\\/uploads\\\/2024\\\/07\\\/Ludwig-Classic-Maple-Exotic-East-Indian-Rosewood-14_x65_-2005-1.jpg\",\"contentUrl\":\"https:\\\/\\\/www.rimocc.com\\\/wp-content\\\/uploads\\\/2024\\\/07\\\/Ludwig-Classic-Maple-Exotic-East-Indian-Rosewood-14_x65_-2005-1.jpg\",\"width\":1920,\"height\":1920,\"caption\":\"Ludwig Classic Maple Exotic East Indian Rosewood 14\\\"x6,5\\\" 2005\"},{\"@type\":\"BreadcrumbList\",\"@id\":\"https:\\\/\\\/www.rimocc.com\\\/produit\\\/ludwig-classic-maple-exotic-east-indian-rosewood-14x65-2005\\\/#breadcrumb\",\"itemListElement\":[{\"@type\":\"ListItem\",\"position\":1,\"name\":\"Home\",\"item\":\"https:\\\/\\\/www.rimocc.com\\\/\"},{\"@type\":\"ListItem\",\"position\":2,\"name\":\"Shop\",\"item\":\"https:\\\/\\\/www.rimocc.com\\\/shop\\\/\"},{\"@type\":\"ListItem\",\"position\":3,\"name\":\"Ludwig Classic Maple Exotic East Indian Rosewood 14&#8243;x6,5&#8243; 2005\"}]},{\"@type\":\"WebSite\",\"@id\":\"https:\\\/\\\/www.rimocc.com\\\/#website\",\"url\":\"https:\\\/\\\/www.rimocc.com\\\/\",\"name\":\"D\u00e9p\u00f4t Vente Batterie Percussion | Rimocc Lyon\",\"description\":\"Rimocc: l&#039;unique magasin d\u00e9di\u00e9 enti\u00e8rement \u00e0 la batterie, percussion d&#039;occasion et vintage \u00e0 Lyon, France\",\"publisher\":{\"@id\":\"https:\\\/\\\/www.rimocc.com\\\/#organization\"},\"alternateName\":\"Rimocc'\",\"potentialAction\":[{\"@type\":\"SearchAction\",\"target\":{\"@type\":\"EntryPoint\",\"urlTemplate\":\"https:\\\/\\\/www.rimocc.com\\\/?s={search_term_string}\"},\"query-input\":{\"@type\":\"PropertyValueSpecification\",\"valueRequired\":true,\"valueName\":\"search_term_string\"}}],\"inLanguage\":\"en-US\"},{\"@type\":\"Organization\",\"@id\":\"https:\\\/\\\/www.rimocc.com\\\/#organization\",\"name\":\"Rimocc'\",\"alternateName\":\"Rimocc\",\"url\":\"https:\\\/\\\/www.rimocc.com\\\/\",\"logo\":{\"@type\":\"ImageObject\",\"inLanguage\":\"en-US\",\"@id\":\"https:\\\/\\\/www.rimocc.com\\\/#\\\/schema\\\/logo\\\/image\\\/\",\"url\":\"https:\\\/\\\/i0.wp.com\\\/www.rimocc.com\\\/wp-content\\\/uploads\\\/2023\\\/07\\\/RIMOCC_LOGO.jpg?fit=459%2C114&ssl=1\",\"contentUrl\":\"https:\\\/\\\/i0.wp.com\\\/www.rimocc.com\\\/wp-content\\\/uploads\\\/2023\\\/07\\\/RIMOCC_LOGO.jpg?fit=459%2C114&ssl=1\",\"width\":459,\"height\":114,\"caption\":\"Rimocc'\"},\"image\":{\"@id\":\"https:\\\/\\\/www.rimocc.com\\\/#\\\/schema\\\/logo\\\/image\\\/\"},\"sameAs\":[\"https:\\\/\\\/www.facebook.com\\\/rimocclyon\\\/?locale=fr_FR\",\"https:\\\/\\\/www.instagram.com\\\/rimoccc\\\/?hl=fr\",\"https:\\\/\\\/www.tiktok.com\\\/@rimocc\",\"https:\\\/\\\/www.youtube.com\\\/@Rimocc\"]}]}<\/script>\n<!-- \/ Yoast SEO plugin. -->","yoast_head_json":{"title":"Ludwig Classic Maple Exotic East Indian Rosewood 14\"x6,5\" 2005 - D\u00e9p\u00f4t Vente Batterie Percussion | Rimocc Lyon","description":"Launched at winter Namm show 2005, part of nine exotic wood veneers on its Classic Maple snare drums. Ludwig Classic Maple snare drums are available in the exotic veneers Black Cherry, Black Walnut, South American Mahogany, Macassar Ebony, Makore (African Cherry), Pearwood, Sapale Pomele, East Indian Rosewood, and Santos Rosewood. All are crafted in the Ludwig facility in Monroe, North Carolina and reflect a high level of craftsmanship worthy of any player or collector.","robots":{"index":"index","follow":"follow","max-snippet":"max-snippet:-1","max-image-preview":"max-image-preview:large","max-video-preview":"max-video-preview:-1"},"canonical":"https:\/\/www.rimocc.com\/en\/produit\/ludwig-classic-maple-exotic-east-indian-rosewood-14x65-2005\/","og_locale":"en_US","og_type":"article","og_title":"Ludwig Classic Maple Exotic East Indian Rosewood 14\"x6,5\" 2005 - D\u00e9p\u00f4t Vente Batterie Percussion | Rimocc Lyon","og_description":"Launched at winter Namm show 2005, part of nine exotic wood veneers on its Classic Maple snare drums. Ludwig Classic Maple snare drums are available in the exotic veneers Black Cherry, Black Walnut, South American Mahogany, Macassar Ebony, Makore (African Cherry), Pearwood, Sapale Pomele, East Indian Rosewood, and Santos Rosewood. All are crafted in the Ludwig facility in Monroe, North Carolina and reflect a high level of craftsmanship worthy of any player or collector.","og_url":"https:\/\/www.rimocc.com\/en\/produit\/ludwig-classic-maple-exotic-east-indian-rosewood-14x65-2005\/","og_site_name":"D\u00e9p\u00f4t Vente Batterie Percussion | Rimocc Lyon","article_publisher":"https:\/\/www.facebook.com\/rimocclyon\/?locale=fr_FR","article_modified_time":"2024-08-23T16:23:20+00:00","og_image":[{"width":1920,"height":1920,"url":"https:\/\/www.rimocc.com\/wp-content\/uploads\/2024\/07\/Ludwig-Classic-Maple-Exotic-East-Indian-Rosewood-14_x65_-2005-1.jpg","type":"image\/jpeg"}],"twitter_card":"summary_large_image","twitter_misc":{"Est. reading time":"1 minute"},"schema":{"@context":"https:\/\/schema.org","@graph":[{"@type":"WebPage","@id":"https:\/\/www.rimocc.com\/produit\/ludwig-classic-maple-exotic-east-indian-rosewood-14x65-2005\/","url":"https:\/\/www.rimocc.com\/produit\/ludwig-classic-maple-exotic-east-indian-rosewood-14x65-2005\/","name":"Ludwig Classic Maple Exotic East Indian Rosewood 14\"x6,5\" 2005 - D\u00e9p\u00f4t Vente Batterie Percussion | Rimocc Lyon","isPartOf":{"@id":"https:\/\/www.rimocc.com\/#website"},"primaryImageOfPage":{"@id":"https:\/\/www.rimocc.com\/produit\/ludwig-classic-maple-exotic-east-indian-rosewood-14x65-2005\/#primaryimage"},"image":{"@id":"https:\/\/www.rimocc.com\/produit\/ludwig-classic-maple-exotic-east-indian-rosewood-14x65-2005\/#primaryimage"},"thumbnailUrl":"https:\/\/www.rimocc.com\/wp-content\/uploads\/2024\/07\/Ludwig-Classic-Maple-Exotic-East-Indian-Rosewood-14_x65_-2005-1.jpg","datePublished":"2024-07-24T10:45:12+00:00","dateModified":"2024-08-23T16:23:20+00:00","description":"Launched at winter Namm show 2005, part of nine exotic wood veneers on its Classic Maple snare drums. Ludwig Classic Maple snare drums are available in the exotic veneers Black Cherry, Black Walnut, South American Mahogany, Macassar Ebony, Makore (African Cherry), Pearwood, Sapale Pomele, East Indian Rosewood, and Santos Rosewood. All are crafted in the Ludwig facility in Monroe, North Carolina and reflect a high level of craftsmanship worthy of any player or collector.","breadcrumb":{"@id":"https:\/\/www.rimocc.com\/produit\/ludwig-classic-maple-exotic-east-indian-rosewood-14x65-2005\/#breadcrumb"},"inLanguage":"en-US","potentialAction":[{"@type":"ReadAction","target":["https:\/\/www.rimocc.com\/produit\/ludwig-classic-maple-exotic-east-indian-rosewood-14x65-2005\/"]}]},{"@type":"ImageObject","inLanguage":"en-US","@id":"https:\/\/www.rimocc.com\/produit\/ludwig-classic-maple-exotic-east-indian-rosewood-14x65-2005\/#primaryimage","url":"https:\/\/www.rimocc.com\/wp-content\/uploads\/2024\/07\/Ludwig-Classic-Maple-Exotic-East-Indian-Rosewood-14_x65_-2005-1.jpg","contentUrl":"https:\/\/www.rimocc.com\/wp-content\/uploads\/2024\/07\/Ludwig-Classic-Maple-Exotic-East-Indian-Rosewood-14_x65_-2005-1.jpg","width":1920,"height":1920,"caption":"Ludwig Classic Maple Exotic East Indian Rosewood 14\"x6,5\" 2005"},{"@type":"BreadcrumbList","@id":"https:\/\/www.rimocc.com\/produit\/ludwig-classic-maple-exotic-east-indian-rosewood-14x65-2005\/#breadcrumb","itemListElement":[{"@type":"ListItem","position":1,"name":"Home","item":"https:\/\/www.rimocc.com\/"},{"@type":"ListItem","position":2,"name":"Shop","item":"https:\/\/www.rimocc.com\/shop\/"},{"@type":"ListItem","position":3,"name":"Ludwig Classic Maple Exotic East Indian Rosewood 14&#8243;x6,5&#8243; 2005"}]},{"@type":"WebSite","@id":"https:\/\/www.rimocc.com\/#website","url":"https:\/\/www.rimocc.com\/","name":"D\u00e9p\u00f4t Vente Batterie Percussion | Rimocc Lyon","description":"Rimocc: l&#039;unique magasin d\u00e9di\u00e9 enti\u00e8rement \u00e0 la batterie, percussion d&#039;occasion et vintage \u00e0 Lyon, France","publisher":{"@id":"https:\/\/www.rimocc.com\/#organization"},"alternateName":"Rimocc'","potentialAction":[{"@type":"SearchAction","target":{"@type":"EntryPoint","urlTemplate":"https:\/\/www.rimocc.com\/?s={search_term_string}"},"query-input":{"@type":"PropertyValueSpecification","valueRequired":true,"valueName":"search_term_string"}}],"inLanguage":"en-US"},{"@type":"Organization","@id":"https:\/\/www.rimocc.com\/#organization","name":"Rimocc'","alternateName":"Rimocc","url":"https:\/\/www.rimocc.com\/","logo":{"@type":"ImageObject","inLanguage":"en-US","@id":"https:\/\/www.rimocc.com\/#\/schema\/logo\/image\/","url":"https:\/\/i0.wp.com\/www.rimocc.com\/wp-content\/uploads\/2023\/07\/RIMOCC_LOGO.jpg?fit=459%2C114&ssl=1","contentUrl":"https:\/\/i0.wp.com\/www.rimocc.com\/wp-content\/uploads\/2023\/07\/RIMOCC_LOGO.jpg?fit=459%2C114&ssl=1","width":459,"height":114,"caption":"Rimocc'"},"image":{"@id":"https:\/\/www.rimocc.com\/#\/schema\/logo\/image\/"},"sameAs":["https:\/\/www.facebook.com\/rimocclyon\/?locale=fr_FR","https:\/\/www.instagram.com\/rimoccc\/?hl=fr","https:\/\/www.tiktok.com\/@rimocc","https:\/\/www.youtube.com\/@Rimocc"]}]}},"jetpack_publicize_connections":[],"jetpack_sharing_enabled":true,"_links":{"self":[{"href":"https:\/\/www.rimocc.com\/en\/wp-json\/wp\/v2\/product\/12579","targetHints":{"allow":["GET"]}}],"collection":[{"href":"https:\/\/www.rimocc.com\/en\/wp-json\/wp\/v2\/product"}],"about":[{"href":"https:\/\/www.rimocc.com\/en\/wp-json\/wp\/v2\/types\/product"}],"replies":[{"embeddable":true,"href":"https:\/\/www.rimocc.com\/en\/wp-json\/wp\/v2\/comments?post=12579"}],"wp:featuredmedia":[{"embeddable":true,"href":"https:\/\/www.rimocc.com\/en\/wp-json\/wp\/v2\/media\/12578"}],"wp:attachment":[{"href":"https:\/\/www.rimocc.com\/en\/wp-json\/wp\/v2\/media?parent=12579"}],"wp:term":[{"taxonomy":"product_brand","embeddable":true,"href":"https:\/\/www.rimocc.com\/en\/wp-json\/wp\/v2\/product_brand?post=12579"},{"taxonomy":"product_cat","embeddable":true,"href":"https:\/\/www.rimocc.com\/en\/wp-json\/wp\/v2\/product_cat?post=12579"},{"taxonomy":"product_tag","embeddable":true,"href":"https:\/\/www.rimocc.com\/en\/wp-json\/wp\/v2\/product_tag?post=12579"}],"curies":[{"name":"wp","href":"https:\/\/api.w.org\/{rel}","templated":true}]}}