{"id":12508,"date":"2024-07-15T09:56:33","date_gmt":"2024-07-15T07:56:33","guid":{"rendered":"https:\/\/www.rimocc.com\/?post_type=product&#038;p=12508"},"modified":"2024-07-16T00:40:15","modified_gmt":"2024-07-15T22:40:15","slug":"asba-starlett-22-13-16-vintage-1964-dimensions-internationales","status":"publish","type":"product","link":"https:\/\/www.rimocc.com\/en\/product\/asba-starlett-22-13-16-vintage-1964-dimensions-internationales\/","title":{"rendered":"Asba Starlett 22&Prime; 13&Prime; 16&Prime; Vintage 1964 Dimensions Internationales"},"content":{"rendered":"<p>Asba Starlett 22&Prime;x14&Prime; 13&Prime;x9&Prime; 16&Prime;x16&Prime; Vintage 1964<br \/>\nDimensions internationales<br \/>\nDate 26 Mai 1964<br \/>\nAfrican Mahogany (Okoum\u00e9)<br \/>\nTr\u00e8s bon \u00e9tat g\u00e9n\u00e9ral<br \/>\nCompl\u00e8te sans cl\u00e9s et sans la perchette<\/p>\n<p><strong>Enl\u00e8vement sur place privil\u00e9gi\u00e9 mais envoi possible dans toute la France sur devis s\u00e9par\u00e9 &#8211; merci de s\u00e9lectionner l&rsquo;option retrait sur place et nous vous ferons parvenir un devis s\u00e9par\u00e9 pour la livraison, \u00e0 r\u00e9gler s\u00e9par\u00e9ment<br \/>\nInternational order, pick-up ONLY<\/strong><em><\/p>\n<p>Batterie Drums Rimocc&rsquo; Lyon Magasin de musique<\/p>","protected":false},"excerpt":{"rendered":"<p>Asba Starlett 22&Prime;x14&Prime; 13&Prime;x9&Prime; 16&Prime;x16&Prime; Vintage 1964 Dimensions internationales Date 26 Mai 1964 African Mahogany (Okoum\u00e9) Tr\u00e8s bon \u00e9tat g\u00e9n\u00e9ral Compl\u00e8te sans cl\u00e9s et sans la perchette Enl\u00e8vement sur place privil\u00e9gi\u00e9 mais envoi possible dans toute la France sur devis s\u00e9par\u00e9 &#8211; merci de s\u00e9lectionner l&rsquo;option retrait sur place et nous vous ferons parvenir un [&hellip;]<\/p>\n","protected":false},"featured_media":12505,"comment_status":"open","ping_status":"closed","template":"","meta":{"jetpack_publicize_message":"","jetpack_publicize_feature_enabled":true,"jetpack_social_post_already_shared":false,"jetpack_social_options":{"image_generator_settings":{"template":"highway","default_image_id":0,"font":"","enabled":false},"version":2}},"product_brand":[],"product_cat":[20],"product_tag":[84,41,548,454,538,61],"class_list":{"0":"post-12508","1":"product","2":"type-product","3":"status-publish","4":"has-post-thumbnail","6":"product_cat-batterie","7":"product_tag-asba","8":"product_tag-batterie","9":"product_tag-depot-vente-lyon","10":"product_tag-made-in-france","11":"product_tag-magasin-de-musique-lyon","12":"product_tag-vintage-drums","14":"entry","15":"has-media","17":"first","18":"outofstock","19":"shipping-taxable","20":"purchasable","21":"product-type-simple","22":"has-product-nav","23":"col","24":"span_1_of_3","25":"owp-content-center","26":"owp-thumbs-layout-horizontal","27":"owp-btn-normal","28":"owp-tabs-layout-horizontal"},"yoast_head":"<!-- This site is optimized with the Yoast SEO plugin v27.5 - https:\/\/yoast.com\/product\/yoast-seo-wordpress\/ -->\n<title>Asba Starlett 22&quot; 13&quot; 16&quot; Vintage 1964 Dimensions Internationales - D\u00e9p\u00f4t Vente Batterie Percussion | Rimocc Lyon<\/title>\n<meta name=\"description\" content=\"Asba Starlett 22&quot;x14&quot; 13&quot;x9&quot; 16&quot;x16&quot; Vintage Dimensions internationales Date 26 Mai 1964\" \/>\n<meta name=\"robots\" content=\"index, follow, max-snippet:-1, max-image-preview:large, max-video-preview:-1\" \/>\n<link rel=\"canonical\" href=\"https:\/\/www.rimocc.com\/en\/product\/asba-starlett-22-13-16-vintage-1964-dimensions-internationales\/\" \/>\n<meta property=\"og:locale\" content=\"en_US\" \/>\n<meta property=\"og:type\" content=\"article\" \/>\n<meta property=\"og:title\" content=\"Asba Starlett 22&quot; 13&quot; 16&quot; Vintage 1964 Dimensions Internationales - D\u00e9p\u00f4t Vente Batterie Percussion | Rimocc Lyon\" \/>\n<meta property=\"og:description\" content=\"Asba Starlett 22&quot;x14&quot; 13&quot;x9&quot; 16&quot;x16&quot; Vintage Dimensions internationales Date 26 Mai 1964\" \/>\n<meta property=\"og:url\" content=\"https:\/\/www.rimocc.com\/en\/product\/asba-starlett-22-13-16-vintage-1964-dimensions-internationales\/\" \/>\n<meta property=\"og:site_name\" content=\"D\u00e9p\u00f4t Vente Batterie Percussion | Rimocc Lyon\" \/>\n<meta property=\"article:publisher\" content=\"https:\/\/www.facebook.com\/rimocclyon\/?locale=fr_FR\" \/>\n<meta property=\"article:modified_time\" content=\"2024-07-15T22:40:15+00:00\" \/>\n<meta property=\"og:image\" content=\"https:\/\/www.rimocc.com\/wp-content\/uploads\/2024\/07\/Asba-Starlett-22-13-16-Vintage-1964-1.jpg\" \/>\n\t<meta property=\"og:image:width\" content=\"1920\" \/>\n\t<meta property=\"og:image:height\" content=\"1920\" \/>\n\t<meta property=\"og:image:type\" content=\"image\/jpeg\" \/>\n<meta name=\"twitter:card\" content=\"summary_large_image\" \/>\n<meta name=\"twitter:label1\" content=\"Est. reading time\" \/>\n\t<meta name=\"twitter:data1\" content=\"1 minute\" \/>\n<script type=\"application\/ld+json\" class=\"yoast-schema-graph\">{\"@context\":\"https:\\\/\\\/schema.org\",\"@graph\":[{\"@type\":\"WebPage\",\"@id\":\"https:\\\/\\\/www.rimocc.com\\\/product\\\/asba-starlett-22-13-16-vintage-1964-dimensions-internationales\\\/\",\"url\":\"https:\\\/\\\/www.rimocc.com\\\/product\\\/asba-starlett-22-13-16-vintage-1964-dimensions-internationales\\\/\",\"name\":\"Asba Starlett 22\\\" 13\\\" 16\\\" Vintage 1964 Dimensions Internationales - D\u00e9p\u00f4t Vente Batterie Percussion | Rimocc Lyon\",\"isPartOf\":{\"@id\":\"https:\\\/\\\/www.rimocc.com\\\/#website\"},\"primaryImageOfPage\":{\"@id\":\"https:\\\/\\\/www.rimocc.com\\\/product\\\/asba-starlett-22-13-16-vintage-1964-dimensions-internationales\\\/#primaryimage\"},\"image\":{\"@id\":\"https:\\\/\\\/www.rimocc.com\\\/product\\\/asba-starlett-22-13-16-vintage-1964-dimensions-internationales\\\/#primaryimage\"},\"thumbnailUrl\":\"https:\\\/\\\/www.rimocc.com\\\/wp-content\\\/uploads\\\/2024\\\/07\\\/Asba-Starlett-22-13-16-Vintage-1964-1.jpg\",\"datePublished\":\"2024-07-15T07:56:33+00:00\",\"dateModified\":\"2024-07-15T22:40:15+00:00\",\"description\":\"Asba Starlett 22\\\"x14\\\" 13\\\"x9\\\" 16\\\"x16\\\" Vintage Dimensions internationales Date 26 Mai 1964\",\"breadcrumb\":{\"@id\":\"https:\\\/\\\/www.rimocc.com\\\/product\\\/asba-starlett-22-13-16-vintage-1964-dimensions-internationales\\\/#breadcrumb\"},\"inLanguage\":\"en-US\",\"potentialAction\":[{\"@type\":\"ReadAction\",\"target\":[\"https:\\\/\\\/www.rimocc.com\\\/product\\\/asba-starlett-22-13-16-vintage-1964-dimensions-internationales\\\/\"]}]},{\"@type\":\"ImageObject\",\"inLanguage\":\"en-US\",\"@id\":\"https:\\\/\\\/www.rimocc.com\\\/product\\\/asba-starlett-22-13-16-vintage-1964-dimensions-internationales\\\/#primaryimage\",\"url\":\"https:\\\/\\\/www.rimocc.com\\\/wp-content\\\/uploads\\\/2024\\\/07\\\/Asba-Starlett-22-13-16-Vintage-1964-1.jpg\",\"contentUrl\":\"https:\\\/\\\/www.rimocc.com\\\/wp-content\\\/uploads\\\/2024\\\/07\\\/Asba-Starlett-22-13-16-Vintage-1964-1.jpg\",\"width\":1920,\"height\":1920,\"caption\":\"Asba Starlett 22 13 16 Vintage 1964\"},{\"@type\":\"BreadcrumbList\",\"@id\":\"https:\\\/\\\/www.rimocc.com\\\/product\\\/asba-starlett-22-13-16-vintage-1964-dimensions-internationales\\\/#breadcrumb\",\"itemListElement\":[{\"@type\":\"ListItem\",\"position\":1,\"name\":\"Home\",\"item\":\"https:\\\/\\\/www.rimocc.com\\\/\"},{\"@type\":\"ListItem\",\"position\":2,\"name\":\"Shop\",\"item\":\"https:\\\/\\\/www.rimocc.com\\\/shop\\\/\"},{\"@type\":\"ListItem\",\"position\":3,\"name\":\"Asba Starlett 22&#8243; 13&#8243; 16&#8243; Vintage 1964 Dimensions Internationales\"}]},{\"@type\":\"WebSite\",\"@id\":\"https:\\\/\\\/www.rimocc.com\\\/#website\",\"url\":\"https:\\\/\\\/www.rimocc.com\\\/\",\"name\":\"D\u00e9p\u00f4t Vente Batterie Percussion | Rimocc Lyon\",\"description\":\"Rimocc: l&#039;unique magasin d\u00e9di\u00e9 enti\u00e8rement \u00e0 la batterie, percussion d&#039;occasion et vintage \u00e0 Lyon, France\",\"publisher\":{\"@id\":\"https:\\\/\\\/www.rimocc.com\\\/#organization\"},\"alternateName\":\"Rimocc'\",\"potentialAction\":[{\"@type\":\"SearchAction\",\"target\":{\"@type\":\"EntryPoint\",\"urlTemplate\":\"https:\\\/\\\/www.rimocc.com\\\/?s={search_term_string}\"},\"query-input\":{\"@type\":\"PropertyValueSpecification\",\"valueRequired\":true,\"valueName\":\"search_term_string\"}}],\"inLanguage\":\"en-US\"},{\"@type\":\"Organization\",\"@id\":\"https:\\\/\\\/www.rimocc.com\\\/#organization\",\"name\":\"Rimocc'\",\"alternateName\":\"Rimocc\",\"url\":\"https:\\\/\\\/www.rimocc.com\\\/\",\"logo\":{\"@type\":\"ImageObject\",\"inLanguage\":\"en-US\",\"@id\":\"https:\\\/\\\/www.rimocc.com\\\/#\\\/schema\\\/logo\\\/image\\\/\",\"url\":\"https:\\\/\\\/i0.wp.com\\\/www.rimocc.com\\\/wp-content\\\/uploads\\\/2023\\\/07\\\/RIMOCC_LOGO.jpg?fit=459%2C114&ssl=1\",\"contentUrl\":\"https:\\\/\\\/i0.wp.com\\\/www.rimocc.com\\\/wp-content\\\/uploads\\\/2023\\\/07\\\/RIMOCC_LOGO.jpg?fit=459%2C114&ssl=1\",\"width\":459,\"height\":114,\"caption\":\"Rimocc'\"},\"image\":{\"@id\":\"https:\\\/\\\/www.rimocc.com\\\/#\\\/schema\\\/logo\\\/image\\\/\"},\"sameAs\":[\"https:\\\/\\\/www.facebook.com\\\/rimocclyon\\\/?locale=fr_FR\",\"https:\\\/\\\/www.instagram.com\\\/rimoccc\\\/?hl=fr\",\"https:\\\/\\\/www.tiktok.com\\\/@rimocc\",\"https:\\\/\\\/www.youtube.com\\\/@Rimocc\"]}]}<\/script>\n<!-- \/ Yoast SEO plugin. -->","yoast_head_json":{"title":"Asba Starlett 22\" 13\" 16\" Vintage 1964 Dimensions Internationales - D\u00e9p\u00f4t Vente Batterie Percussion | Rimocc Lyon","description":"Asba Starlett 22\"x14\" 13\"x9\" 16\"x16\" Vintage Dimensions internationales Date 26 Mai 1964","robots":{"index":"index","follow":"follow","max-snippet":"max-snippet:-1","max-image-preview":"max-image-preview:large","max-video-preview":"max-video-preview:-1"},"canonical":"https:\/\/www.rimocc.com\/en\/product\/asba-starlett-22-13-16-vintage-1964-dimensions-internationales\/","og_locale":"en_US","og_type":"article","og_title":"Asba Starlett 22\" 13\" 16\" Vintage 1964 Dimensions Internationales - D\u00e9p\u00f4t Vente Batterie Percussion | Rimocc Lyon","og_description":"Asba Starlett 22\"x14\" 13\"x9\" 16\"x16\" Vintage Dimensions internationales Date 26 Mai 1964","og_url":"https:\/\/www.rimocc.com\/en\/product\/asba-starlett-22-13-16-vintage-1964-dimensions-internationales\/","og_site_name":"D\u00e9p\u00f4t Vente Batterie Percussion | Rimocc Lyon","article_publisher":"https:\/\/www.facebook.com\/rimocclyon\/?locale=fr_FR","article_modified_time":"2024-07-15T22:40:15+00:00","og_image":[{"width":1920,"height":1920,"url":"https:\/\/www.rimocc.com\/wp-content\/uploads\/2024\/07\/Asba-Starlett-22-13-16-Vintage-1964-1.jpg","type":"image\/jpeg"}],"twitter_card":"summary_large_image","twitter_misc":{"Est. reading time":"1 minute"},"schema":{"@context":"https:\/\/schema.org","@graph":[{"@type":"WebPage","@id":"https:\/\/www.rimocc.com\/product\/asba-starlett-22-13-16-vintage-1964-dimensions-internationales\/","url":"https:\/\/www.rimocc.com\/product\/asba-starlett-22-13-16-vintage-1964-dimensions-internationales\/","name":"Asba Starlett 22\" 13\" 16\" Vintage 1964 Dimensions Internationales - D\u00e9p\u00f4t Vente Batterie Percussion | Rimocc Lyon","isPartOf":{"@id":"https:\/\/www.rimocc.com\/#website"},"primaryImageOfPage":{"@id":"https:\/\/www.rimocc.com\/product\/asba-starlett-22-13-16-vintage-1964-dimensions-internationales\/#primaryimage"},"image":{"@id":"https:\/\/www.rimocc.com\/product\/asba-starlett-22-13-16-vintage-1964-dimensions-internationales\/#primaryimage"},"thumbnailUrl":"https:\/\/www.rimocc.com\/wp-content\/uploads\/2024\/07\/Asba-Starlett-22-13-16-Vintage-1964-1.jpg","datePublished":"2024-07-15T07:56:33+00:00","dateModified":"2024-07-15T22:40:15+00:00","description":"Asba Starlett 22\"x14\" 13\"x9\" 16\"x16\" Vintage Dimensions internationales Date 26 Mai 1964","breadcrumb":{"@id":"https:\/\/www.rimocc.com\/product\/asba-starlett-22-13-16-vintage-1964-dimensions-internationales\/#breadcrumb"},"inLanguage":"en-US","potentialAction":[{"@type":"ReadAction","target":["https:\/\/www.rimocc.com\/product\/asba-starlett-22-13-16-vintage-1964-dimensions-internationales\/"]}]},{"@type":"ImageObject","inLanguage":"en-US","@id":"https:\/\/www.rimocc.com\/product\/asba-starlett-22-13-16-vintage-1964-dimensions-internationales\/#primaryimage","url":"https:\/\/www.rimocc.com\/wp-content\/uploads\/2024\/07\/Asba-Starlett-22-13-16-Vintage-1964-1.jpg","contentUrl":"https:\/\/www.rimocc.com\/wp-content\/uploads\/2024\/07\/Asba-Starlett-22-13-16-Vintage-1964-1.jpg","width":1920,"height":1920,"caption":"Asba Starlett 22 13 16 Vintage 1964"},{"@type":"BreadcrumbList","@id":"https:\/\/www.rimocc.com\/product\/asba-starlett-22-13-16-vintage-1964-dimensions-internationales\/#breadcrumb","itemListElement":[{"@type":"ListItem","position":1,"name":"Home","item":"https:\/\/www.rimocc.com\/"},{"@type":"ListItem","position":2,"name":"Shop","item":"https:\/\/www.rimocc.com\/shop\/"},{"@type":"ListItem","position":3,"name":"Asba Starlett 22&#8243; 13&#8243; 16&#8243; Vintage 1964 Dimensions Internationales"}]},{"@type":"WebSite","@id":"https:\/\/www.rimocc.com\/#website","url":"https:\/\/www.rimocc.com\/","name":"D\u00e9p\u00f4t Vente Batterie Percussion | Rimocc Lyon","description":"Rimocc: l&#039;unique magasin d\u00e9di\u00e9 enti\u00e8rement \u00e0 la batterie, percussion d&#039;occasion et vintage \u00e0 Lyon, France","publisher":{"@id":"https:\/\/www.rimocc.com\/#organization"},"alternateName":"Rimocc'","potentialAction":[{"@type":"SearchAction","target":{"@type":"EntryPoint","urlTemplate":"https:\/\/www.rimocc.com\/?s={search_term_string}"},"query-input":{"@type":"PropertyValueSpecification","valueRequired":true,"valueName":"search_term_string"}}],"inLanguage":"en-US"},{"@type":"Organization","@id":"https:\/\/www.rimocc.com\/#organization","name":"Rimocc'","alternateName":"Rimocc","url":"https:\/\/www.rimocc.com\/","logo":{"@type":"ImageObject","inLanguage":"en-US","@id":"https:\/\/www.rimocc.com\/#\/schema\/logo\/image\/","url":"https:\/\/i0.wp.com\/www.rimocc.com\/wp-content\/uploads\/2023\/07\/RIMOCC_LOGO.jpg?fit=459%2C114&ssl=1","contentUrl":"https:\/\/i0.wp.com\/www.rimocc.com\/wp-content\/uploads\/2023\/07\/RIMOCC_LOGO.jpg?fit=459%2C114&ssl=1","width":459,"height":114,"caption":"Rimocc'"},"image":{"@id":"https:\/\/www.rimocc.com\/#\/schema\/logo\/image\/"},"sameAs":["https:\/\/www.facebook.com\/rimocclyon\/?locale=fr_FR","https:\/\/www.instagram.com\/rimoccc\/?hl=fr","https:\/\/www.tiktok.com\/@rimocc","https:\/\/www.youtube.com\/@Rimocc"]}]}},"jetpack_publicize_connections":[],"jetpack_sharing_enabled":true,"_links":{"self":[{"href":"https:\/\/www.rimocc.com\/en\/wp-json\/wp\/v2\/product\/12508","targetHints":{"allow":["GET"]}}],"collection":[{"href":"https:\/\/www.rimocc.com\/en\/wp-json\/wp\/v2\/product"}],"about":[{"href":"https:\/\/www.rimocc.com\/en\/wp-json\/wp\/v2\/types\/product"}],"replies":[{"embeddable":true,"href":"https:\/\/www.rimocc.com\/en\/wp-json\/wp\/v2\/comments?post=12508"}],"wp:featuredmedia":[{"embeddable":true,"href":"https:\/\/www.rimocc.com\/en\/wp-json\/wp\/v2\/media\/12505"}],"wp:attachment":[{"href":"https:\/\/www.rimocc.com\/en\/wp-json\/wp\/v2\/media?parent=12508"}],"wp:term":[{"taxonomy":"product_brand","embeddable":true,"href":"https:\/\/www.rimocc.com\/en\/wp-json\/wp\/v2\/product_brand?post=12508"},{"taxonomy":"product_cat","embeddable":true,"href":"https:\/\/www.rimocc.com\/en\/wp-json\/wp\/v2\/product_cat?post=12508"},{"taxonomy":"product_tag","embeddable":true,"href":"https:\/\/www.rimocc.com\/en\/wp-json\/wp\/v2\/product_tag?post=12508"}],"curies":[{"name":"wp","href":"https:\/\/api.w.org\/{rel}","templated":true}]}}