{"id":12489,"date":"2024-07-13T14:52:46","date_gmt":"2024-07-13T12:52:46","guid":{"rendered":"https:\/\/www.rimocc.com\/?post_type=product&#038;p=12489"},"modified":"2024-09-01T16:05:40","modified_gmt":"2024-09-01T14:05:40","slug":"roland-perchette-mdystd-clamp","status":"publish","type":"product","link":"https:\/\/www.rimocc.com\/en\/product\/roland-perchette-mdystd-clamp\/","title":{"rendered":"Roland Perchette MDYSTD + Clamp"},"content":{"rendered":"<p>Tr\u00e8s bon \u00e9tat g\u00e9n\u00e9ral<\/p>\n<p><em>MDY-STD est un support pour pads V-Cymbal. Il est compos\u00e9 d\u2019une tige mont\u00e9e sur boule, d\u2019une perche et d\u2019un clamp compatible avec tous les racks Roland de la gamme MDS afin d\u2019ajouter des cymbales \u00e0 votre kit. Permet un positionnement en mode pied droit ou \u00e0 perche.<\/em><\/p>\n<p>Batterie \u00e9lectronique Rimocc&rsquo; Magasin de Musique Lyon<\/p>","protected":false},"excerpt":{"rendered":"<p>Tr\u00e8s bon \u00e9tat g\u00e9n\u00e9ral MDY-STD est un support pour pads V-Cymbal. Il est compos\u00e9 d\u2019une tige mont\u00e9e sur boule, d\u2019une perche et d\u2019un clamp compatible avec tous les racks Roland de la gamme MDS afin d\u2019ajouter des cymbales \u00e0 votre kit. Permet un positionnement en mode pied droit ou \u00e0 perche. Batterie \u00e9lectronique Rimocc&rsquo; Magasin [&hellip;]<\/p>\n","protected":false},"featured_media":12488,"comment_status":"open","ping_status":"closed","template":"","meta":{"jetpack_publicize_message":"","jetpack_publicize_feature_enabled":true,"jetpack_social_post_already_shared":false,"jetpack_social_options":{"image_generator_settings":{"template":"highway","default_image_id":0,"font":"","enabled":false},"version":2}},"product_brand":[],"product_cat":[17],"product_tag":[73,548,107,538,82],"class_list":{"0":"post-12489","1":"product","2":"type-product","3":"status-publish","4":"has-post-thumbnail","6":"product_cat-hardware","7":"product_tag-cymbale","8":"product_tag-depot-vente-lyon","9":"product_tag-hardware","10":"product_tag-magasin-de-musique-lyon","11":"product_tag-roland","13":"entry","14":"has-media","16":"first","17":"outofstock","18":"shipping-taxable","19":"purchasable","20":"product-type-simple","21":"has-product-nav","22":"col","23":"span_1_of_3","24":"owp-content-center","25":"owp-thumbs-layout-horizontal","26":"owp-btn-normal","27":"owp-tabs-layout-horizontal"},"yoast_head":"<!-- This site is optimized with the Yoast SEO plugin v27.4 - https:\/\/yoast.com\/product\/yoast-seo-wordpress\/ -->\n<title>Roland Perchette MDYSTD + Clamp - D\u00e9p\u00f4t Vente Batterie Percussion | Rimocc Lyon<\/title>\n<meta name=\"description\" content=\"MDY-STD est un support pour pads V-Cymbal. Il est compos\u00e9 d\u2019une tige mont\u00e9e sur boule, d\u2019une perche et d\u2019un clamp compatible avec tous les racks Roland de la gamme MDS afin d\u2019ajouter des cymbales \u00e0 votre kit. Permet un positionnement en mode pied droit ou \u00e0 perche.\" \/>\n<meta name=\"robots\" content=\"index, follow, max-snippet:-1, max-image-preview:large, max-video-preview:-1\" \/>\n<link rel=\"canonical\" href=\"https:\/\/www.rimocc.com\/en\/product\/roland-perchette-mdystd-clamp\/\" \/>\n<meta property=\"og:locale\" content=\"en_US\" \/>\n<meta property=\"og:type\" content=\"article\" \/>\n<meta property=\"og:title\" content=\"Roland Perchette MDYSTD + Clamp - D\u00e9p\u00f4t Vente Batterie Percussion | Rimocc Lyon\" \/>\n<meta property=\"og:description\" content=\"MDY-STD est un support pour pads V-Cymbal. Il est compos\u00e9 d\u2019une tige mont\u00e9e sur boule, d\u2019une perche et d\u2019un clamp compatible avec tous les racks Roland de la gamme MDS afin d\u2019ajouter des cymbales \u00e0 votre kit. Permet un positionnement en mode pied droit ou \u00e0 perche.\" \/>\n<meta property=\"og:url\" content=\"https:\/\/www.rimocc.com\/en\/product\/roland-perchette-mdystd-clamp\/\" \/>\n<meta property=\"og:site_name\" content=\"D\u00e9p\u00f4t Vente Batterie Percussion | Rimocc Lyon\" \/>\n<meta property=\"article:publisher\" content=\"https:\/\/www.facebook.com\/rimocclyon\/?locale=fr_FR\" \/>\n<meta property=\"article:modified_time\" content=\"2024-09-01T14:05:40+00:00\" \/>\n<meta property=\"og:image\" content=\"https:\/\/www.rimocc.com\/wp-content\/uploads\/2024\/07\/Roland-Perchette-MDYSTD-Clamp-1-1024x1024.jpg\" \/>\n\t<meta property=\"og:image:width\" content=\"1024\" \/>\n\t<meta property=\"og:image:height\" content=\"1024\" \/>\n\t<meta property=\"og:image:type\" content=\"image\/jpeg\" \/>\n<meta name=\"twitter:card\" content=\"summary_large_image\" \/>\n<meta name=\"twitter:label1\" content=\"Est. reading time\" \/>\n\t<meta name=\"twitter:data1\" content=\"1 minute\" \/>\n<script type=\"application\/ld+json\" class=\"yoast-schema-graph\">{\"@context\":\"https:\\\/\\\/schema.org\",\"@graph\":[{\"@type\":\"WebPage\",\"@id\":\"https:\\\/\\\/www.rimocc.com\\\/product\\\/roland-perchette-mdystd-clamp\\\/\",\"url\":\"https:\\\/\\\/www.rimocc.com\\\/product\\\/roland-perchette-mdystd-clamp\\\/\",\"name\":\"Roland Perchette MDYSTD + Clamp - D\u00e9p\u00f4t Vente Batterie Percussion | Rimocc Lyon\",\"isPartOf\":{\"@id\":\"https:\\\/\\\/www.rimocc.com\\\/#website\"},\"primaryImageOfPage\":{\"@id\":\"https:\\\/\\\/www.rimocc.com\\\/product\\\/roland-perchette-mdystd-clamp\\\/#primaryimage\"},\"image\":{\"@id\":\"https:\\\/\\\/www.rimocc.com\\\/product\\\/roland-perchette-mdystd-clamp\\\/#primaryimage\"},\"thumbnailUrl\":\"https:\\\/\\\/www.rimocc.com\\\/wp-content\\\/uploads\\\/2024\\\/07\\\/Roland-Perchette-MDYSTD-Clamp-1.jpg\",\"datePublished\":\"2024-07-13T12:52:46+00:00\",\"dateModified\":\"2024-09-01T14:05:40+00:00\",\"description\":\"MDY-STD est un support pour pads V-Cymbal. Il est compos\u00e9 d\u2019une tige mont\u00e9e sur boule, d\u2019une perche et d\u2019un clamp compatible avec tous les racks Roland de la gamme MDS afin d\u2019ajouter des cymbales \u00e0 votre kit. Permet un positionnement en mode pied droit ou \u00e0 perche.\",\"breadcrumb\":{\"@id\":\"https:\\\/\\\/www.rimocc.com\\\/product\\\/roland-perchette-mdystd-clamp\\\/#breadcrumb\"},\"inLanguage\":\"en-US\",\"potentialAction\":[{\"@type\":\"ReadAction\",\"target\":[\"https:\\\/\\\/www.rimocc.com\\\/product\\\/roland-perchette-mdystd-clamp\\\/\"]}]},{\"@type\":\"ImageObject\",\"inLanguage\":\"en-US\",\"@id\":\"https:\\\/\\\/www.rimocc.com\\\/product\\\/roland-perchette-mdystd-clamp\\\/#primaryimage\",\"url\":\"https:\\\/\\\/www.rimocc.com\\\/wp-content\\\/uploads\\\/2024\\\/07\\\/Roland-Perchette-MDYSTD-Clamp-1.jpg\",\"contentUrl\":\"https:\\\/\\\/www.rimocc.com\\\/wp-content\\\/uploads\\\/2024\\\/07\\\/Roland-Perchette-MDYSTD-Clamp-1.jpg\",\"width\":1920,\"height\":1920,\"caption\":\"Roland Perchette MDYSTD + Clamp\"},{\"@type\":\"BreadcrumbList\",\"@id\":\"https:\\\/\\\/www.rimocc.com\\\/product\\\/roland-perchette-mdystd-clamp\\\/#breadcrumb\",\"itemListElement\":[{\"@type\":\"ListItem\",\"position\":1,\"name\":\"Home\",\"item\":\"https:\\\/\\\/www.rimocc.com\\\/\"},{\"@type\":\"ListItem\",\"position\":2,\"name\":\"Shop\",\"item\":\"https:\\\/\\\/www.rimocc.com\\\/shop\\\/\"},{\"@type\":\"ListItem\",\"position\":3,\"name\":\"Roland Perchette MDYSTD + Clamp\"}]},{\"@type\":\"WebSite\",\"@id\":\"https:\\\/\\\/www.rimocc.com\\\/#website\",\"url\":\"https:\\\/\\\/www.rimocc.com\\\/\",\"name\":\"D\u00e9p\u00f4t Vente Batterie Percussion | Rimocc Lyon\",\"description\":\"Rimocc: l&#039;unique magasin d\u00e9di\u00e9 enti\u00e8rement \u00e0 la batterie, percussion d&#039;occasion et vintage \u00e0 Lyon, France\",\"publisher\":{\"@id\":\"https:\\\/\\\/www.rimocc.com\\\/#organization\"},\"alternateName\":\"Rimocc'\",\"potentialAction\":[{\"@type\":\"SearchAction\",\"target\":{\"@type\":\"EntryPoint\",\"urlTemplate\":\"https:\\\/\\\/www.rimocc.com\\\/?s={search_term_string}\"},\"query-input\":{\"@type\":\"PropertyValueSpecification\",\"valueRequired\":true,\"valueName\":\"search_term_string\"}}],\"inLanguage\":\"en-US\"},{\"@type\":\"Organization\",\"@id\":\"https:\\\/\\\/www.rimocc.com\\\/#organization\",\"name\":\"Rimocc'\",\"alternateName\":\"Rimocc\",\"url\":\"https:\\\/\\\/www.rimocc.com\\\/\",\"logo\":{\"@type\":\"ImageObject\",\"inLanguage\":\"en-US\",\"@id\":\"https:\\\/\\\/www.rimocc.com\\\/#\\\/schema\\\/logo\\\/image\\\/\",\"url\":\"https:\\\/\\\/i0.wp.com\\\/www.rimocc.com\\\/wp-content\\\/uploads\\\/2023\\\/07\\\/RIMOCC_LOGO.jpg?fit=459%2C114&ssl=1\",\"contentUrl\":\"https:\\\/\\\/i0.wp.com\\\/www.rimocc.com\\\/wp-content\\\/uploads\\\/2023\\\/07\\\/RIMOCC_LOGO.jpg?fit=459%2C114&ssl=1\",\"width\":459,\"height\":114,\"caption\":\"Rimocc'\"},\"image\":{\"@id\":\"https:\\\/\\\/www.rimocc.com\\\/#\\\/schema\\\/logo\\\/image\\\/\"},\"sameAs\":[\"https:\\\/\\\/www.facebook.com\\\/rimocclyon\\\/?locale=fr_FR\",\"https:\\\/\\\/www.instagram.com\\\/rimoccc\\\/?hl=fr\",\"https:\\\/\\\/www.tiktok.com\\\/@rimocc\",\"https:\\\/\\\/www.youtube.com\\\/@Rimocc\"]}]}<\/script>\n<!-- \/ Yoast SEO plugin. -->","yoast_head_json":{"title":"Roland Perchette MDYSTD + Clamp - D\u00e9p\u00f4t Vente Batterie Percussion | Rimocc Lyon","description":"MDY-STD est un support pour pads V-Cymbal. Il est compos\u00e9 d\u2019une tige mont\u00e9e sur boule, d\u2019une perche et d\u2019un clamp compatible avec tous les racks Roland de la gamme MDS afin d\u2019ajouter des cymbales \u00e0 votre kit. Permet un positionnement en mode pied droit ou \u00e0 perche.","robots":{"index":"index","follow":"follow","max-snippet":"max-snippet:-1","max-image-preview":"max-image-preview:large","max-video-preview":"max-video-preview:-1"},"canonical":"https:\/\/www.rimocc.com\/en\/product\/roland-perchette-mdystd-clamp\/","og_locale":"en_US","og_type":"article","og_title":"Roland Perchette MDYSTD + Clamp - D\u00e9p\u00f4t Vente Batterie Percussion | Rimocc Lyon","og_description":"MDY-STD est un support pour pads V-Cymbal. Il est compos\u00e9 d\u2019une tige mont\u00e9e sur boule, d\u2019une perche et d\u2019un clamp compatible avec tous les racks Roland de la gamme MDS afin d\u2019ajouter des cymbales \u00e0 votre kit. Permet un positionnement en mode pied droit ou \u00e0 perche.","og_url":"https:\/\/www.rimocc.com\/en\/product\/roland-perchette-mdystd-clamp\/","og_site_name":"D\u00e9p\u00f4t Vente Batterie Percussion | Rimocc Lyon","article_publisher":"https:\/\/www.facebook.com\/rimocclyon\/?locale=fr_FR","article_modified_time":"2024-09-01T14:05:40+00:00","og_image":[{"width":1024,"height":1024,"url":"https:\/\/www.rimocc.com\/wp-content\/uploads\/2024\/07\/Roland-Perchette-MDYSTD-Clamp-1-1024x1024.jpg","type":"image\/jpeg"}],"twitter_card":"summary_large_image","twitter_misc":{"Est. reading time":"1 minute"},"schema":{"@context":"https:\/\/schema.org","@graph":[{"@type":"WebPage","@id":"https:\/\/www.rimocc.com\/product\/roland-perchette-mdystd-clamp\/","url":"https:\/\/www.rimocc.com\/product\/roland-perchette-mdystd-clamp\/","name":"Roland Perchette MDYSTD + Clamp - D\u00e9p\u00f4t Vente Batterie Percussion | Rimocc Lyon","isPartOf":{"@id":"https:\/\/www.rimocc.com\/#website"},"primaryImageOfPage":{"@id":"https:\/\/www.rimocc.com\/product\/roland-perchette-mdystd-clamp\/#primaryimage"},"image":{"@id":"https:\/\/www.rimocc.com\/product\/roland-perchette-mdystd-clamp\/#primaryimage"},"thumbnailUrl":"https:\/\/www.rimocc.com\/wp-content\/uploads\/2024\/07\/Roland-Perchette-MDYSTD-Clamp-1.jpg","datePublished":"2024-07-13T12:52:46+00:00","dateModified":"2024-09-01T14:05:40+00:00","description":"MDY-STD est un support pour pads V-Cymbal. Il est compos\u00e9 d\u2019une tige mont\u00e9e sur boule, d\u2019une perche et d\u2019un clamp compatible avec tous les racks Roland de la gamme MDS afin d\u2019ajouter des cymbales \u00e0 votre kit. Permet un positionnement en mode pied droit ou \u00e0 perche.","breadcrumb":{"@id":"https:\/\/www.rimocc.com\/product\/roland-perchette-mdystd-clamp\/#breadcrumb"},"inLanguage":"en-US","potentialAction":[{"@type":"ReadAction","target":["https:\/\/www.rimocc.com\/product\/roland-perchette-mdystd-clamp\/"]}]},{"@type":"ImageObject","inLanguage":"en-US","@id":"https:\/\/www.rimocc.com\/product\/roland-perchette-mdystd-clamp\/#primaryimage","url":"https:\/\/www.rimocc.com\/wp-content\/uploads\/2024\/07\/Roland-Perchette-MDYSTD-Clamp-1.jpg","contentUrl":"https:\/\/www.rimocc.com\/wp-content\/uploads\/2024\/07\/Roland-Perchette-MDYSTD-Clamp-1.jpg","width":1920,"height":1920,"caption":"Roland Perchette MDYSTD + Clamp"},{"@type":"BreadcrumbList","@id":"https:\/\/www.rimocc.com\/product\/roland-perchette-mdystd-clamp\/#breadcrumb","itemListElement":[{"@type":"ListItem","position":1,"name":"Home","item":"https:\/\/www.rimocc.com\/"},{"@type":"ListItem","position":2,"name":"Shop","item":"https:\/\/www.rimocc.com\/shop\/"},{"@type":"ListItem","position":3,"name":"Roland Perchette MDYSTD + Clamp"}]},{"@type":"WebSite","@id":"https:\/\/www.rimocc.com\/#website","url":"https:\/\/www.rimocc.com\/","name":"D\u00e9p\u00f4t Vente Batterie Percussion | Rimocc Lyon","description":"Rimocc: l&#039;unique magasin d\u00e9di\u00e9 enti\u00e8rement \u00e0 la batterie, percussion d&#039;occasion et vintage \u00e0 Lyon, France","publisher":{"@id":"https:\/\/www.rimocc.com\/#organization"},"alternateName":"Rimocc'","potentialAction":[{"@type":"SearchAction","target":{"@type":"EntryPoint","urlTemplate":"https:\/\/www.rimocc.com\/?s={search_term_string}"},"query-input":{"@type":"PropertyValueSpecification","valueRequired":true,"valueName":"search_term_string"}}],"inLanguage":"en-US"},{"@type":"Organization","@id":"https:\/\/www.rimocc.com\/#organization","name":"Rimocc'","alternateName":"Rimocc","url":"https:\/\/www.rimocc.com\/","logo":{"@type":"ImageObject","inLanguage":"en-US","@id":"https:\/\/www.rimocc.com\/#\/schema\/logo\/image\/","url":"https:\/\/i0.wp.com\/www.rimocc.com\/wp-content\/uploads\/2023\/07\/RIMOCC_LOGO.jpg?fit=459%2C114&ssl=1","contentUrl":"https:\/\/i0.wp.com\/www.rimocc.com\/wp-content\/uploads\/2023\/07\/RIMOCC_LOGO.jpg?fit=459%2C114&ssl=1","width":459,"height":114,"caption":"Rimocc'"},"image":{"@id":"https:\/\/www.rimocc.com\/#\/schema\/logo\/image\/"},"sameAs":["https:\/\/www.facebook.com\/rimocclyon\/?locale=fr_FR","https:\/\/www.instagram.com\/rimoccc\/?hl=fr","https:\/\/www.tiktok.com\/@rimocc","https:\/\/www.youtube.com\/@Rimocc"]}]}},"jetpack_publicize_connections":[],"jetpack_sharing_enabled":true,"_links":{"self":[{"href":"https:\/\/www.rimocc.com\/en\/wp-json\/wp\/v2\/product\/12489","targetHints":{"allow":["GET"]}}],"collection":[{"href":"https:\/\/www.rimocc.com\/en\/wp-json\/wp\/v2\/product"}],"about":[{"href":"https:\/\/www.rimocc.com\/en\/wp-json\/wp\/v2\/types\/product"}],"replies":[{"embeddable":true,"href":"https:\/\/www.rimocc.com\/en\/wp-json\/wp\/v2\/comments?post=12489"}],"wp:featuredmedia":[{"embeddable":true,"href":"https:\/\/www.rimocc.com\/en\/wp-json\/wp\/v2\/media\/12488"}],"wp:attachment":[{"href":"https:\/\/www.rimocc.com\/en\/wp-json\/wp\/v2\/media?parent=12489"}],"wp:term":[{"taxonomy":"product_brand","embeddable":true,"href":"https:\/\/www.rimocc.com\/en\/wp-json\/wp\/v2\/product_brand?post=12489"},{"taxonomy":"product_cat","embeddable":true,"href":"https:\/\/www.rimocc.com\/en\/wp-json\/wp\/v2\/product_cat?post=12489"},{"taxonomy":"product_tag","embeddable":true,"href":"https:\/\/www.rimocc.com\/en\/wp-json\/wp\/v2\/product_tag?post=12489"}],"curies":[{"name":"wp","href":"https:\/\/api.w.org\/{rel}","templated":true}]}}