{"id":12461,"date":"2024-07-11T17:37:34","date_gmt":"2024-07-11T15:37:34","guid":{"rendered":"https:\/\/www.rimocc.com\/?post_type=product&#038;p=12461"},"modified":"2024-08-06T15:46:58","modified_gmt":"2024-08-06T13:46:58","slug":"roland-td50x-kvx-flight-gewa-sps-flight-case-drum-tec-manuel","status":"publish","type":"product","link":"https:\/\/www.rimocc.com\/en\/product\/roland-td50x-kvx-flight-gewa-sps-flight-case-drum-tec-manuel\/","title":{"rendered":"Roland TD50X KVX + Flight Gewa SPS + Flight Case Drum-Tec + Manuel"},"content":{"rendered":"<p>Roland TD50X KVX + Flight Gewa SPS + Flight Case Drum-Tec + Manuel<br \/>\nTr\u00e8s bon \u00e9tat g\u00e9n\u00e9ral, proche du neuf<br \/>\nPD140DS X1, PD108S X1, PD128S x2, KD200<br \/>\nCymbales CY18DR (num\u00e9rique) x1, Lemon 18&Prime; X2, VH14D HH X1,<br \/>\n(P\u00e9dale HH Tama non inclue)<br \/>\nFlight Housse pour le set complet Gewa SPS<br \/>\nFlight Case Drum-Tec pour la caisse claire<br \/>\nHousse 22&Prime; Stagg pour la GC<br \/>\nRack Roland MDS + cablage<br \/>\nKits ajout\u00e9s (Vexpressions, Drumtec, etc&#8230;)  <\/p>\n<p><strong>Enl\u00e8vement sur place seulement, pas de livraison<br \/>\nInternational order, pick-up ONLY<\/strong><em><\/p>\n<p>Batterie Electronique Rimocc&rsquo; Lyon Magasin de Musique<\/p>","protected":false},"excerpt":{"rendered":"<p>Roland TD50X KVX + Flight Gewa SPS + Flight Case Drum-Tec + Manuel Tr\u00e8s bon \u00e9tat g\u00e9n\u00e9ral, proche du neuf PD140DS X1, PD108S X1, PD128S x2, KD200 Cymbales CY18DR (num\u00e9rique) x1, Lemon 18&Prime; X2, VH14D HH X1, (P\u00e9dale HH Tama non inclue) Flight Housse pour le set complet Gewa SPS Flight Case Drum-Tec pour la [&hellip;]<\/p>\n","protected":false},"featured_media":12460,"comment_status":"open","ping_status":"closed","template":"","meta":{"jetpack_publicize_message":"","jetpack_publicize_feature_enabled":true,"jetpack_social_post_already_shared":false,"jetpack_social_options":{"image_generator_settings":{"template":"highway","default_image_id":0,"font":"","enabled":false},"version":2}},"product_brand":[],"product_cat":[20],"product_tag":[57,548,538,82,561],"class_list":{"0":"post-12461","1":"product","2":"type-product","3":"status-publish","4":"has-post-thumbnail","6":"product_cat-batterie","7":"product_tag-batterie-electronique","8":"product_tag-depot-vente-lyon","9":"product_tag-magasin-de-musique-lyon","10":"product_tag-roland","11":"product_tag-roland-td50","13":"entry","14":"has-media","16":"first","17":"outofstock","18":"shipping-taxable","19":"purchasable","20":"product-type-simple","21":"has-product-nav","22":"col","23":"span_1_of_3","24":"owp-content-center","25":"owp-thumbs-layout-horizontal","26":"owp-btn-normal","27":"owp-tabs-layout-horizontal"},"yoast_head":"<!-- This site is optimized with the Yoast SEO plugin v27.4 - https:\/\/yoast.com\/product\/yoast-seo-wordpress\/ -->\n<title>Roland TD50X KVX + Flight Gewa SPS + Flight Case Drum-Tec + Manuel - D\u00e9p\u00f4t Vente Batterie Percussion | Rimocc Lyon<\/title>\n<meta name=\"description\" content=\"Le module le plus puissant derri\u00e8re la meilleure batterie \u00e9lectronique Le TD-50X constitue le module V-Drums Roland le plus \u00e9volu\u00e9 \u00e0 ce jour, proposant plus de 900 sons premium et la compatibilit\u00e9 avec nos caisse claire, cymbale Ride et charleston num\u00e9riques. Notre technologie Prismatic Sound Modeling permet de b\u00e9n\u00e9ficier de l&#039;exp\u00e9rience la plus proche de l&#039;acoustique possible sur batterie \u00e9lectronique, en proposant des profondeurs, dimensions et d\u00e9tails sonores incroyablement authentiques et naturels.\" \/>\n<meta name=\"robots\" content=\"index, follow, max-snippet:-1, max-image-preview:large, max-video-preview:-1\" \/>\n<link rel=\"canonical\" href=\"https:\/\/www.rimocc.com\/en\/product\/roland-td50x-kvx-flight-gewa-sps-flight-case-drum-tec-manuel\/\" \/>\n<meta property=\"og:locale\" content=\"en_US\" \/>\n<meta property=\"og:type\" content=\"article\" \/>\n<meta property=\"og:title\" content=\"Roland TD50X KVX + Flight Gewa SPS + Flight Case Drum-Tec + Manuel - D\u00e9p\u00f4t Vente Batterie Percussion | Rimocc Lyon\" \/>\n<meta property=\"og:description\" content=\"Le module le plus puissant derri\u00e8re la meilleure batterie \u00e9lectronique Le TD-50X constitue le module V-Drums Roland le plus \u00e9volu\u00e9 \u00e0 ce jour, proposant plus de 900 sons premium et la compatibilit\u00e9 avec nos caisse claire, cymbale Ride et charleston num\u00e9riques. Notre technologie Prismatic Sound Modeling permet de b\u00e9n\u00e9ficier de l&#039;exp\u00e9rience la plus proche de l&#039;acoustique possible sur batterie \u00e9lectronique, en proposant des profondeurs, dimensions et d\u00e9tails sonores incroyablement authentiques et naturels.\" \/>\n<meta property=\"og:url\" content=\"https:\/\/www.rimocc.com\/en\/product\/roland-td50x-kvx-flight-gewa-sps-flight-case-drum-tec-manuel\/\" \/>\n<meta property=\"og:site_name\" content=\"D\u00e9p\u00f4t Vente Batterie Percussion | Rimocc Lyon\" \/>\n<meta property=\"article:publisher\" content=\"https:\/\/www.facebook.com\/rimocclyon\/?locale=fr_FR\" \/>\n<meta property=\"article:modified_time\" content=\"2024-08-06T13:46:58+00:00\" \/>\n<meta property=\"og:image\" content=\"https:\/\/www.rimocc.com\/wp-content\/uploads\/2024\/07\/Roland-TD50X-KVX-Flight-Gewa-SPS-Flight-Case-Drum-Tec-Manuel-1.jpg\" \/>\n\t<meta property=\"og:image:width\" content=\"1920\" \/>\n\t<meta property=\"og:image:height\" content=\"1920\" \/>\n\t<meta property=\"og:image:type\" content=\"image\/jpeg\" \/>\n<meta name=\"twitter:card\" content=\"summary_large_image\" \/>\n<meta name=\"twitter:label1\" content=\"Est. reading time\" \/>\n\t<meta name=\"twitter:data1\" content=\"1 minute\" \/>\n<script type=\"application\/ld+json\" class=\"yoast-schema-graph\">{\"@context\":\"https:\\\/\\\/schema.org\",\"@graph\":[{\"@type\":\"WebPage\",\"@id\":\"https:\\\/\\\/www.rimocc.com\\\/product\\\/roland-td50x-kvx-flight-gewa-sps-flight-case-drum-tec-manuel\\\/\",\"url\":\"https:\\\/\\\/www.rimocc.com\\\/product\\\/roland-td50x-kvx-flight-gewa-sps-flight-case-drum-tec-manuel\\\/\",\"name\":\"Roland TD50X KVX + Flight Gewa SPS + Flight Case Drum-Tec + Manuel - D\u00e9p\u00f4t Vente Batterie Percussion | Rimocc Lyon\",\"isPartOf\":{\"@id\":\"https:\\\/\\\/www.rimocc.com\\\/#website\"},\"primaryImageOfPage\":{\"@id\":\"https:\\\/\\\/www.rimocc.com\\\/product\\\/roland-td50x-kvx-flight-gewa-sps-flight-case-drum-tec-manuel\\\/#primaryimage\"},\"image\":{\"@id\":\"https:\\\/\\\/www.rimocc.com\\\/product\\\/roland-td50x-kvx-flight-gewa-sps-flight-case-drum-tec-manuel\\\/#primaryimage\"},\"thumbnailUrl\":\"https:\\\/\\\/www.rimocc.com\\\/wp-content\\\/uploads\\\/2024\\\/07\\\/Roland-TD50X-KVX-Flight-Gewa-SPS-Flight-Case-Drum-Tec-Manuel-1.jpg\",\"datePublished\":\"2024-07-11T15:37:34+00:00\",\"dateModified\":\"2024-08-06T13:46:58+00:00\",\"description\":\"Le module le plus puissant derri\u00e8re la meilleure batterie \u00e9lectronique Le TD-50X constitue le module V-Drums Roland le plus \u00e9volu\u00e9 \u00e0 ce jour, proposant plus de 900 sons premium et la compatibilit\u00e9 avec nos caisse claire, cymbale Ride et charleston num\u00e9riques. Notre technologie Prismatic Sound Modeling permet de b\u00e9n\u00e9ficier de l'exp\u00e9rience la plus proche de l'acoustique possible sur batterie \u00e9lectronique, en proposant des profondeurs, dimensions et d\u00e9tails sonores incroyablement authentiques et naturels.\",\"breadcrumb\":{\"@id\":\"https:\\\/\\\/www.rimocc.com\\\/product\\\/roland-td50x-kvx-flight-gewa-sps-flight-case-drum-tec-manuel\\\/#breadcrumb\"},\"inLanguage\":\"en-US\",\"potentialAction\":[{\"@type\":\"ReadAction\",\"target\":[\"https:\\\/\\\/www.rimocc.com\\\/product\\\/roland-td50x-kvx-flight-gewa-sps-flight-case-drum-tec-manuel\\\/\"]}]},{\"@type\":\"ImageObject\",\"inLanguage\":\"en-US\",\"@id\":\"https:\\\/\\\/www.rimocc.com\\\/product\\\/roland-td50x-kvx-flight-gewa-sps-flight-case-drum-tec-manuel\\\/#primaryimage\",\"url\":\"https:\\\/\\\/www.rimocc.com\\\/wp-content\\\/uploads\\\/2024\\\/07\\\/Roland-TD50X-KVX-Flight-Gewa-SPS-Flight-Case-Drum-Tec-Manuel-1.jpg\",\"contentUrl\":\"https:\\\/\\\/www.rimocc.com\\\/wp-content\\\/uploads\\\/2024\\\/07\\\/Roland-TD50X-KVX-Flight-Gewa-SPS-Flight-Case-Drum-Tec-Manuel-1.jpg\",\"width\":1920,\"height\":1920,\"caption\":\"Roland TD50X KVX + Flight Gewa SPS + Flight Case Drum-Tec + Manuel\"},{\"@type\":\"BreadcrumbList\",\"@id\":\"https:\\\/\\\/www.rimocc.com\\\/product\\\/roland-td50x-kvx-flight-gewa-sps-flight-case-drum-tec-manuel\\\/#breadcrumb\",\"itemListElement\":[{\"@type\":\"ListItem\",\"position\":1,\"name\":\"Home\",\"item\":\"https:\\\/\\\/www.rimocc.com\\\/\"},{\"@type\":\"ListItem\",\"position\":2,\"name\":\"Shop\",\"item\":\"https:\\\/\\\/www.rimocc.com\\\/shop\\\/\"},{\"@type\":\"ListItem\",\"position\":3,\"name\":\"Roland TD50X KVX + Flight Gewa SPS + Flight Case Drum-Tec + Manuel\"}]},{\"@type\":\"WebSite\",\"@id\":\"https:\\\/\\\/www.rimocc.com\\\/#website\",\"url\":\"https:\\\/\\\/www.rimocc.com\\\/\",\"name\":\"D\u00e9p\u00f4t Vente Batterie Percussion | Rimocc Lyon\",\"description\":\"Rimocc: l&#039;unique magasin d\u00e9di\u00e9 enti\u00e8rement \u00e0 la batterie, percussion d&#039;occasion et vintage \u00e0 Lyon, France\",\"publisher\":{\"@id\":\"https:\\\/\\\/www.rimocc.com\\\/#organization\"},\"alternateName\":\"Rimocc'\",\"potentialAction\":[{\"@type\":\"SearchAction\",\"target\":{\"@type\":\"EntryPoint\",\"urlTemplate\":\"https:\\\/\\\/www.rimocc.com\\\/?s={search_term_string}\"},\"query-input\":{\"@type\":\"PropertyValueSpecification\",\"valueRequired\":true,\"valueName\":\"search_term_string\"}}],\"inLanguage\":\"en-US\"},{\"@type\":\"Organization\",\"@id\":\"https:\\\/\\\/www.rimocc.com\\\/#organization\",\"name\":\"Rimocc'\",\"alternateName\":\"Rimocc\",\"url\":\"https:\\\/\\\/www.rimocc.com\\\/\",\"logo\":{\"@type\":\"ImageObject\",\"inLanguage\":\"en-US\",\"@id\":\"https:\\\/\\\/www.rimocc.com\\\/#\\\/schema\\\/logo\\\/image\\\/\",\"url\":\"https:\\\/\\\/i0.wp.com\\\/www.rimocc.com\\\/wp-content\\\/uploads\\\/2023\\\/07\\\/RIMOCC_LOGO.jpg?fit=459%2C114&ssl=1\",\"contentUrl\":\"https:\\\/\\\/i0.wp.com\\\/www.rimocc.com\\\/wp-content\\\/uploads\\\/2023\\\/07\\\/RIMOCC_LOGO.jpg?fit=459%2C114&ssl=1\",\"width\":459,\"height\":114,\"caption\":\"Rimocc'\"},\"image\":{\"@id\":\"https:\\\/\\\/www.rimocc.com\\\/#\\\/schema\\\/logo\\\/image\\\/\"},\"sameAs\":[\"https:\\\/\\\/www.facebook.com\\\/rimocclyon\\\/?locale=fr_FR\",\"https:\\\/\\\/www.instagram.com\\\/rimoccc\\\/?hl=fr\",\"https:\\\/\\\/www.tiktok.com\\\/@rimocc\",\"https:\\\/\\\/www.youtube.com\\\/@Rimocc\"]}]}<\/script>\n<!-- \/ Yoast SEO plugin. -->","yoast_head_json":{"title":"Roland TD50X KVX + Flight Gewa SPS + Flight Case Drum-Tec + Manuel - D\u00e9p\u00f4t Vente Batterie Percussion | Rimocc Lyon","description":"Le module le plus puissant derri\u00e8re la meilleure batterie \u00e9lectronique Le TD-50X constitue le module V-Drums Roland le plus \u00e9volu\u00e9 \u00e0 ce jour, proposant plus de 900 sons premium et la compatibilit\u00e9 avec nos caisse claire, cymbale Ride et charleston num\u00e9riques. Notre technologie Prismatic Sound Modeling permet de b\u00e9n\u00e9ficier de l'exp\u00e9rience la plus proche de l'acoustique possible sur batterie \u00e9lectronique, en proposant des profondeurs, dimensions et d\u00e9tails sonores incroyablement authentiques et naturels.","robots":{"index":"index","follow":"follow","max-snippet":"max-snippet:-1","max-image-preview":"max-image-preview:large","max-video-preview":"max-video-preview:-1"},"canonical":"https:\/\/www.rimocc.com\/en\/product\/roland-td50x-kvx-flight-gewa-sps-flight-case-drum-tec-manuel\/","og_locale":"en_US","og_type":"article","og_title":"Roland TD50X KVX + Flight Gewa SPS + Flight Case Drum-Tec + Manuel - D\u00e9p\u00f4t Vente Batterie Percussion | Rimocc Lyon","og_description":"Le module le plus puissant derri\u00e8re la meilleure batterie \u00e9lectronique Le TD-50X constitue le module V-Drums Roland le plus \u00e9volu\u00e9 \u00e0 ce jour, proposant plus de 900 sons premium et la compatibilit\u00e9 avec nos caisse claire, cymbale Ride et charleston num\u00e9riques. Notre technologie Prismatic Sound Modeling permet de b\u00e9n\u00e9ficier de l'exp\u00e9rience la plus proche de l'acoustique possible sur batterie \u00e9lectronique, en proposant des profondeurs, dimensions et d\u00e9tails sonores incroyablement authentiques et naturels.","og_url":"https:\/\/www.rimocc.com\/en\/product\/roland-td50x-kvx-flight-gewa-sps-flight-case-drum-tec-manuel\/","og_site_name":"D\u00e9p\u00f4t Vente Batterie Percussion | Rimocc Lyon","article_publisher":"https:\/\/www.facebook.com\/rimocclyon\/?locale=fr_FR","article_modified_time":"2024-08-06T13:46:58+00:00","og_image":[{"width":1920,"height":1920,"url":"https:\/\/www.rimocc.com\/wp-content\/uploads\/2024\/07\/Roland-TD50X-KVX-Flight-Gewa-SPS-Flight-Case-Drum-Tec-Manuel-1.jpg","type":"image\/jpeg"}],"twitter_card":"summary_large_image","twitter_misc":{"Est. reading time":"1 minute"},"schema":{"@context":"https:\/\/schema.org","@graph":[{"@type":"WebPage","@id":"https:\/\/www.rimocc.com\/product\/roland-td50x-kvx-flight-gewa-sps-flight-case-drum-tec-manuel\/","url":"https:\/\/www.rimocc.com\/product\/roland-td50x-kvx-flight-gewa-sps-flight-case-drum-tec-manuel\/","name":"Roland TD50X KVX + Flight Gewa SPS + Flight Case Drum-Tec + Manuel - D\u00e9p\u00f4t Vente Batterie Percussion | Rimocc Lyon","isPartOf":{"@id":"https:\/\/www.rimocc.com\/#website"},"primaryImageOfPage":{"@id":"https:\/\/www.rimocc.com\/product\/roland-td50x-kvx-flight-gewa-sps-flight-case-drum-tec-manuel\/#primaryimage"},"image":{"@id":"https:\/\/www.rimocc.com\/product\/roland-td50x-kvx-flight-gewa-sps-flight-case-drum-tec-manuel\/#primaryimage"},"thumbnailUrl":"https:\/\/www.rimocc.com\/wp-content\/uploads\/2024\/07\/Roland-TD50X-KVX-Flight-Gewa-SPS-Flight-Case-Drum-Tec-Manuel-1.jpg","datePublished":"2024-07-11T15:37:34+00:00","dateModified":"2024-08-06T13:46:58+00:00","description":"Le module le plus puissant derri\u00e8re la meilleure batterie \u00e9lectronique Le TD-50X constitue le module V-Drums Roland le plus \u00e9volu\u00e9 \u00e0 ce jour, proposant plus de 900 sons premium et la compatibilit\u00e9 avec nos caisse claire, cymbale Ride et charleston num\u00e9riques. Notre technologie Prismatic Sound Modeling permet de b\u00e9n\u00e9ficier de l'exp\u00e9rience la plus proche de l'acoustique possible sur batterie \u00e9lectronique, en proposant des profondeurs, dimensions et d\u00e9tails sonores incroyablement authentiques et naturels.","breadcrumb":{"@id":"https:\/\/www.rimocc.com\/product\/roland-td50x-kvx-flight-gewa-sps-flight-case-drum-tec-manuel\/#breadcrumb"},"inLanguage":"en-US","potentialAction":[{"@type":"ReadAction","target":["https:\/\/www.rimocc.com\/product\/roland-td50x-kvx-flight-gewa-sps-flight-case-drum-tec-manuel\/"]}]},{"@type":"ImageObject","inLanguage":"en-US","@id":"https:\/\/www.rimocc.com\/product\/roland-td50x-kvx-flight-gewa-sps-flight-case-drum-tec-manuel\/#primaryimage","url":"https:\/\/www.rimocc.com\/wp-content\/uploads\/2024\/07\/Roland-TD50X-KVX-Flight-Gewa-SPS-Flight-Case-Drum-Tec-Manuel-1.jpg","contentUrl":"https:\/\/www.rimocc.com\/wp-content\/uploads\/2024\/07\/Roland-TD50X-KVX-Flight-Gewa-SPS-Flight-Case-Drum-Tec-Manuel-1.jpg","width":1920,"height":1920,"caption":"Roland TD50X KVX + Flight Gewa SPS + Flight Case Drum-Tec + Manuel"},{"@type":"BreadcrumbList","@id":"https:\/\/www.rimocc.com\/product\/roland-td50x-kvx-flight-gewa-sps-flight-case-drum-tec-manuel\/#breadcrumb","itemListElement":[{"@type":"ListItem","position":1,"name":"Home","item":"https:\/\/www.rimocc.com\/"},{"@type":"ListItem","position":2,"name":"Shop","item":"https:\/\/www.rimocc.com\/shop\/"},{"@type":"ListItem","position":3,"name":"Roland TD50X KVX + Flight Gewa SPS + Flight Case Drum-Tec + Manuel"}]},{"@type":"WebSite","@id":"https:\/\/www.rimocc.com\/#website","url":"https:\/\/www.rimocc.com\/","name":"D\u00e9p\u00f4t Vente Batterie Percussion | Rimocc Lyon","description":"Rimocc: l&#039;unique magasin d\u00e9di\u00e9 enti\u00e8rement \u00e0 la batterie, percussion d&#039;occasion et vintage \u00e0 Lyon, France","publisher":{"@id":"https:\/\/www.rimocc.com\/#organization"},"alternateName":"Rimocc'","potentialAction":[{"@type":"SearchAction","target":{"@type":"EntryPoint","urlTemplate":"https:\/\/www.rimocc.com\/?s={search_term_string}"},"query-input":{"@type":"PropertyValueSpecification","valueRequired":true,"valueName":"search_term_string"}}],"inLanguage":"en-US"},{"@type":"Organization","@id":"https:\/\/www.rimocc.com\/#organization","name":"Rimocc'","alternateName":"Rimocc","url":"https:\/\/www.rimocc.com\/","logo":{"@type":"ImageObject","inLanguage":"en-US","@id":"https:\/\/www.rimocc.com\/#\/schema\/logo\/image\/","url":"https:\/\/i0.wp.com\/www.rimocc.com\/wp-content\/uploads\/2023\/07\/RIMOCC_LOGO.jpg?fit=459%2C114&ssl=1","contentUrl":"https:\/\/i0.wp.com\/www.rimocc.com\/wp-content\/uploads\/2023\/07\/RIMOCC_LOGO.jpg?fit=459%2C114&ssl=1","width":459,"height":114,"caption":"Rimocc'"},"image":{"@id":"https:\/\/www.rimocc.com\/#\/schema\/logo\/image\/"},"sameAs":["https:\/\/www.facebook.com\/rimocclyon\/?locale=fr_FR","https:\/\/www.instagram.com\/rimoccc\/?hl=fr","https:\/\/www.tiktok.com\/@rimocc","https:\/\/www.youtube.com\/@Rimocc"]}]}},"jetpack_publicize_connections":[],"jetpack_sharing_enabled":true,"_links":{"self":[{"href":"https:\/\/www.rimocc.com\/en\/wp-json\/wp\/v2\/product\/12461","targetHints":{"allow":["GET"]}}],"collection":[{"href":"https:\/\/www.rimocc.com\/en\/wp-json\/wp\/v2\/product"}],"about":[{"href":"https:\/\/www.rimocc.com\/en\/wp-json\/wp\/v2\/types\/product"}],"replies":[{"embeddable":true,"href":"https:\/\/www.rimocc.com\/en\/wp-json\/wp\/v2\/comments?post=12461"}],"wp:featuredmedia":[{"embeddable":true,"href":"https:\/\/www.rimocc.com\/en\/wp-json\/wp\/v2\/media\/12460"}],"wp:attachment":[{"href":"https:\/\/www.rimocc.com\/en\/wp-json\/wp\/v2\/media?parent=12461"}],"wp:term":[{"taxonomy":"product_brand","embeddable":true,"href":"https:\/\/www.rimocc.com\/en\/wp-json\/wp\/v2\/product_brand?post=12461"},{"taxonomy":"product_cat","embeddable":true,"href":"https:\/\/www.rimocc.com\/en\/wp-json\/wp\/v2\/product_cat?post=12461"},{"taxonomy":"product_tag","embeddable":true,"href":"https:\/\/www.rimocc.com\/en\/wp-json\/wp\/v2\/product_tag?post=12461"}],"curies":[{"name":"wp","href":"https:\/\/api.w.org\/{rel}","templated":true}]}}