{"id":12418,"date":"2024-07-03T16:21:00","date_gmt":"2024-07-03T14:21:00","guid":{"rendered":"https:\/\/www.rimocc.com\/?post_type=product&#038;p=12418"},"modified":"2024-07-06T18:59:24","modified_gmt":"2024-07-06T16:59:24","slug":"akai-s950-midi-digital-sampler-1989-manuel","status":"publish","type":"product","link":"https:\/\/www.rimocc.com\/en\/product\/akai-s950-midi-digital-sampler-1989-manuel\/","title":{"rendered":"Akai S950 MIDI Digital Sampler 1989 + Manuel"},"content":{"rendered":"<p>Etat parfait<br \/>\nInclus le manuel d&rsquo;utilisation et c\u00e2ble d&rsquo;alimentation<\/p>\n<p><strong>Pour un envoi, merci de s\u00e9lectionner uniquement La Poste Colissimo + assurance (Mondial Relay ne sera pas adapt\u00e9)<\/strong><em><\/p>\n<p>Sampler Rimocc&rsquo; Lyon <\/p>","protected":false},"excerpt":{"rendered":"<p>Etat parfait Inclus le manuel d&rsquo;utilisation et c\u00e2ble d&rsquo;alimentation Pour un envoi, merci de s\u00e9lectionner uniquement La Poste Colissimo + assurance (Mondial Relay ne sera pas adapt\u00e9) Sampler Rimocc&rsquo; Lyon<\/p>","protected":false},"featured_media":12416,"comment_status":"open","ping_status":"closed","template":"","meta":{"jetpack_publicize_message":"","jetpack_publicize_feature_enabled":true,"jetpack_social_post_already_shared":true,"jetpack_social_options":{"image_generator_settings":{"template":"highway","default_image_id":0,"font":"","enabled":false},"version":2}},"product_brand":[],"product_cat":[27],"product_tag":[557,558,556,548,538],"class_list":{"0":"post-12418","1":"product","2":"type-product","3":"status-publish","4":"has-post-thumbnail","6":"product_cat-electroniquebatterie","7":"product_tag-akai","8":"product_tag-akai-s950","9":"product_tag-akai-sampler","10":"product_tag-depot-vente-lyon","11":"product_tag-magasin-de-musique-lyon","13":"entry","14":"has-media","16":"first","17":"outofstock","18":"shipping-taxable","19":"purchasable","20":"product-type-simple","21":"has-product-nav","22":"col","23":"span_1_of_3","24":"owp-content-center","25":"owp-thumbs-layout-horizontal","26":"owp-btn-normal","27":"owp-tabs-layout-horizontal"},"yoast_head":"<!-- This site is optimized with the Yoast SEO plugin v27.4 - https:\/\/yoast.com\/product\/yoast-seo-wordpress\/ -->\n<title>Akai S950 MIDI Digital Sampler 1989 + Manuel - D\u00e9p\u00f4t Vente Batterie Percussion | Rimocc Lyon<\/title>\n<meta name=\"description\" content=\"The Akai S950, released in 1988, is a landmark piece of music technology that made a substantial impact on the landscape of music production. Pioneering in its design, the S950 set new standards for sound quality, functionality, and user interface in the world of samplers, allowing musicians to manipulate and reproduce sounds in ways that were previously impossible. It&#039;s no stretch to say that the sampler era was revolutionary for music culture the world over, and the Akai range was front and center.\" \/>\n<meta name=\"robots\" content=\"index, follow, max-snippet:-1, max-image-preview:large, max-video-preview:-1\" \/>\n<link rel=\"canonical\" href=\"https:\/\/www.rimocc.com\/en\/product\/akai-s950-midi-digital-sampler-1989-manuel\/\" \/>\n<meta property=\"og:locale\" content=\"en_US\" \/>\n<meta property=\"og:type\" content=\"article\" \/>\n<meta property=\"og:title\" content=\"Akai S950 MIDI Digital Sampler 1989 + Manuel - D\u00e9p\u00f4t Vente Batterie Percussion | Rimocc Lyon\" \/>\n<meta property=\"og:description\" content=\"The Akai S950, released in 1988, is a landmark piece of music technology that made a substantial impact on the landscape of music production. Pioneering in its design, the S950 set new standards for sound quality, functionality, and user interface in the world of samplers, allowing musicians to manipulate and reproduce sounds in ways that were previously impossible. It&#039;s no stretch to say that the sampler era was revolutionary for music culture the world over, and the Akai range was front and center.\" \/>\n<meta property=\"og:url\" content=\"https:\/\/www.rimocc.com\/en\/product\/akai-s950-midi-digital-sampler-1989-manuel\/\" \/>\n<meta property=\"og:site_name\" content=\"D\u00e9p\u00f4t Vente Batterie Percussion | Rimocc Lyon\" \/>\n<meta property=\"article:publisher\" content=\"https:\/\/www.facebook.com\/rimocclyon\/?locale=fr_FR\" \/>\n<meta property=\"article:modified_time\" content=\"2024-07-06T16:59:24+00:00\" \/>\n<meta property=\"og:image\" content=\"https:\/\/www.rimocc.com\/wp-content\/uploads\/2024\/07\/Akai-S950-MIDI-Digital-Sampler-1989-Manuel-2.jpg\" \/>\n\t<meta property=\"og:image:width\" content=\"1920\" \/>\n\t<meta property=\"og:image:height\" content=\"1920\" \/>\n\t<meta property=\"og:image:type\" content=\"image\/jpeg\" \/>\n<meta name=\"twitter:card\" content=\"summary_large_image\" \/>\n<meta name=\"twitter:label1\" content=\"Est. reading time\" \/>\n\t<meta name=\"twitter:data1\" content=\"1 minute\" \/>\n<script type=\"application\/ld+json\" class=\"yoast-schema-graph\">{\"@context\":\"https:\\\/\\\/schema.org\",\"@graph\":[{\"@type\":\"WebPage\",\"@id\":\"https:\\\/\\\/www.rimocc.com\\\/product\\\/akai-s950-midi-digital-sampler-1989-manuel\\\/\",\"url\":\"https:\\\/\\\/www.rimocc.com\\\/product\\\/akai-s950-midi-digital-sampler-1989-manuel\\\/\",\"name\":\"Akai S950 MIDI Digital Sampler 1989 + Manuel - D\u00e9p\u00f4t Vente Batterie Percussion | Rimocc Lyon\",\"isPartOf\":{\"@id\":\"https:\\\/\\\/www.rimocc.com\\\/#website\"},\"primaryImageOfPage\":{\"@id\":\"https:\\\/\\\/www.rimocc.com\\\/product\\\/akai-s950-midi-digital-sampler-1989-manuel\\\/#primaryimage\"},\"image\":{\"@id\":\"https:\\\/\\\/www.rimocc.com\\\/product\\\/akai-s950-midi-digital-sampler-1989-manuel\\\/#primaryimage\"},\"thumbnailUrl\":\"https:\\\/\\\/www.rimocc.com\\\/wp-content\\\/uploads\\\/2024\\\/07\\\/Akai-S950-MIDI-Digital-Sampler-1989-Manuel-2.jpg\",\"datePublished\":\"2024-07-03T14:21:00+00:00\",\"dateModified\":\"2024-07-06T16:59:24+00:00\",\"description\":\"The Akai S950, released in 1988, is a landmark piece of music technology that made a substantial impact on the landscape of music production. Pioneering in its design, the S950 set new standards for sound quality, functionality, and user interface in the world of samplers, allowing musicians to manipulate and reproduce sounds in ways that were previously impossible. It's no stretch to say that the sampler era was revolutionary for music culture the world over, and the Akai range was front and center.\",\"breadcrumb\":{\"@id\":\"https:\\\/\\\/www.rimocc.com\\\/product\\\/akai-s950-midi-digital-sampler-1989-manuel\\\/#breadcrumb\"},\"inLanguage\":\"en-US\",\"potentialAction\":[{\"@type\":\"ReadAction\",\"target\":[\"https:\\\/\\\/www.rimocc.com\\\/product\\\/akai-s950-midi-digital-sampler-1989-manuel\\\/\"]}]},{\"@type\":\"ImageObject\",\"inLanguage\":\"en-US\",\"@id\":\"https:\\\/\\\/www.rimocc.com\\\/product\\\/akai-s950-midi-digital-sampler-1989-manuel\\\/#primaryimage\",\"url\":\"https:\\\/\\\/www.rimocc.com\\\/wp-content\\\/uploads\\\/2024\\\/07\\\/Akai-S950-MIDI-Digital-Sampler-1989-Manuel-2.jpg\",\"contentUrl\":\"https:\\\/\\\/www.rimocc.com\\\/wp-content\\\/uploads\\\/2024\\\/07\\\/Akai-S950-MIDI-Digital-Sampler-1989-Manuel-2.jpg\",\"width\":1920,\"height\":1920},{\"@type\":\"BreadcrumbList\",\"@id\":\"https:\\\/\\\/www.rimocc.com\\\/product\\\/akai-s950-midi-digital-sampler-1989-manuel\\\/#breadcrumb\",\"itemListElement\":[{\"@type\":\"ListItem\",\"position\":1,\"name\":\"Home\",\"item\":\"https:\\\/\\\/www.rimocc.com\\\/\"},{\"@type\":\"ListItem\",\"position\":2,\"name\":\"Shop\",\"item\":\"https:\\\/\\\/www.rimocc.com\\\/shop\\\/\"},{\"@type\":\"ListItem\",\"position\":3,\"name\":\"Akai S950 MIDI Digital Sampler 1989 + Manuel\"}]},{\"@type\":\"WebSite\",\"@id\":\"https:\\\/\\\/www.rimocc.com\\\/#website\",\"url\":\"https:\\\/\\\/www.rimocc.com\\\/\",\"name\":\"D\u00e9p\u00f4t Vente Batterie Percussion | Rimocc Lyon\",\"description\":\"Rimocc: l&#039;unique magasin d\u00e9di\u00e9 enti\u00e8rement \u00e0 la batterie, percussion d&#039;occasion et vintage \u00e0 Lyon, France\",\"publisher\":{\"@id\":\"https:\\\/\\\/www.rimocc.com\\\/#organization\"},\"alternateName\":\"Rimocc'\",\"potentialAction\":[{\"@type\":\"SearchAction\",\"target\":{\"@type\":\"EntryPoint\",\"urlTemplate\":\"https:\\\/\\\/www.rimocc.com\\\/?s={search_term_string}\"},\"query-input\":{\"@type\":\"PropertyValueSpecification\",\"valueRequired\":true,\"valueName\":\"search_term_string\"}}],\"inLanguage\":\"en-US\"},{\"@type\":\"Organization\",\"@id\":\"https:\\\/\\\/www.rimocc.com\\\/#organization\",\"name\":\"Rimocc'\",\"alternateName\":\"Rimocc\",\"url\":\"https:\\\/\\\/www.rimocc.com\\\/\",\"logo\":{\"@type\":\"ImageObject\",\"inLanguage\":\"en-US\",\"@id\":\"https:\\\/\\\/www.rimocc.com\\\/#\\\/schema\\\/logo\\\/image\\\/\",\"url\":\"https:\\\/\\\/i0.wp.com\\\/www.rimocc.com\\\/wp-content\\\/uploads\\\/2023\\\/07\\\/RIMOCC_LOGO.jpg?fit=459%2C114&ssl=1\",\"contentUrl\":\"https:\\\/\\\/i0.wp.com\\\/www.rimocc.com\\\/wp-content\\\/uploads\\\/2023\\\/07\\\/RIMOCC_LOGO.jpg?fit=459%2C114&ssl=1\",\"width\":459,\"height\":114,\"caption\":\"Rimocc'\"},\"image\":{\"@id\":\"https:\\\/\\\/www.rimocc.com\\\/#\\\/schema\\\/logo\\\/image\\\/\"},\"sameAs\":[\"https:\\\/\\\/www.facebook.com\\\/rimocclyon\\\/?locale=fr_FR\",\"https:\\\/\\\/www.instagram.com\\\/rimoccc\\\/?hl=fr\",\"https:\\\/\\\/www.tiktok.com\\\/@rimocc\",\"https:\\\/\\\/www.youtube.com\\\/@Rimocc\"]}]}<\/script>\n<!-- \/ Yoast SEO plugin. -->","yoast_head_json":{"title":"Akai S950 MIDI Digital Sampler 1989 + Manuel - D\u00e9p\u00f4t Vente Batterie Percussion | Rimocc Lyon","description":"The Akai S950, released in 1988, is a landmark piece of music technology that made a substantial impact on the landscape of music production. Pioneering in its design, the S950 set new standards for sound quality, functionality, and user interface in the world of samplers, allowing musicians to manipulate and reproduce sounds in ways that were previously impossible. It's no stretch to say that the sampler era was revolutionary for music culture the world over, and the Akai range was front and center.","robots":{"index":"index","follow":"follow","max-snippet":"max-snippet:-1","max-image-preview":"max-image-preview:large","max-video-preview":"max-video-preview:-1"},"canonical":"https:\/\/www.rimocc.com\/en\/product\/akai-s950-midi-digital-sampler-1989-manuel\/","og_locale":"en_US","og_type":"article","og_title":"Akai S950 MIDI Digital Sampler 1989 + Manuel - D\u00e9p\u00f4t Vente Batterie Percussion | Rimocc Lyon","og_description":"The Akai S950, released in 1988, is a landmark piece of music technology that made a substantial impact on the landscape of music production. Pioneering in its design, the S950 set new standards for sound quality, functionality, and user interface in the world of samplers, allowing musicians to manipulate and reproduce sounds in ways that were previously impossible. It's no stretch to say that the sampler era was revolutionary for music culture the world over, and the Akai range was front and center.","og_url":"https:\/\/www.rimocc.com\/en\/product\/akai-s950-midi-digital-sampler-1989-manuel\/","og_site_name":"D\u00e9p\u00f4t Vente Batterie Percussion | Rimocc Lyon","article_publisher":"https:\/\/www.facebook.com\/rimocclyon\/?locale=fr_FR","article_modified_time":"2024-07-06T16:59:24+00:00","og_image":[{"width":1920,"height":1920,"url":"https:\/\/www.rimocc.com\/wp-content\/uploads\/2024\/07\/Akai-S950-MIDI-Digital-Sampler-1989-Manuel-2.jpg","type":"image\/jpeg"}],"twitter_card":"summary_large_image","twitter_misc":{"Est. reading time":"1 minute"},"schema":{"@context":"https:\/\/schema.org","@graph":[{"@type":"WebPage","@id":"https:\/\/www.rimocc.com\/product\/akai-s950-midi-digital-sampler-1989-manuel\/","url":"https:\/\/www.rimocc.com\/product\/akai-s950-midi-digital-sampler-1989-manuel\/","name":"Akai S950 MIDI Digital Sampler 1989 + Manuel - D\u00e9p\u00f4t Vente Batterie Percussion | Rimocc Lyon","isPartOf":{"@id":"https:\/\/www.rimocc.com\/#website"},"primaryImageOfPage":{"@id":"https:\/\/www.rimocc.com\/product\/akai-s950-midi-digital-sampler-1989-manuel\/#primaryimage"},"image":{"@id":"https:\/\/www.rimocc.com\/product\/akai-s950-midi-digital-sampler-1989-manuel\/#primaryimage"},"thumbnailUrl":"https:\/\/www.rimocc.com\/wp-content\/uploads\/2024\/07\/Akai-S950-MIDI-Digital-Sampler-1989-Manuel-2.jpg","datePublished":"2024-07-03T14:21:00+00:00","dateModified":"2024-07-06T16:59:24+00:00","description":"The Akai S950, released in 1988, is a landmark piece of music technology that made a substantial impact on the landscape of music production. Pioneering in its design, the S950 set new standards for sound quality, functionality, and user interface in the world of samplers, allowing musicians to manipulate and reproduce sounds in ways that were previously impossible. It's no stretch to say that the sampler era was revolutionary for music culture the world over, and the Akai range was front and center.","breadcrumb":{"@id":"https:\/\/www.rimocc.com\/product\/akai-s950-midi-digital-sampler-1989-manuel\/#breadcrumb"},"inLanguage":"en-US","potentialAction":[{"@type":"ReadAction","target":["https:\/\/www.rimocc.com\/product\/akai-s950-midi-digital-sampler-1989-manuel\/"]}]},{"@type":"ImageObject","inLanguage":"en-US","@id":"https:\/\/www.rimocc.com\/product\/akai-s950-midi-digital-sampler-1989-manuel\/#primaryimage","url":"https:\/\/www.rimocc.com\/wp-content\/uploads\/2024\/07\/Akai-S950-MIDI-Digital-Sampler-1989-Manuel-2.jpg","contentUrl":"https:\/\/www.rimocc.com\/wp-content\/uploads\/2024\/07\/Akai-S950-MIDI-Digital-Sampler-1989-Manuel-2.jpg","width":1920,"height":1920},{"@type":"BreadcrumbList","@id":"https:\/\/www.rimocc.com\/product\/akai-s950-midi-digital-sampler-1989-manuel\/#breadcrumb","itemListElement":[{"@type":"ListItem","position":1,"name":"Home","item":"https:\/\/www.rimocc.com\/"},{"@type":"ListItem","position":2,"name":"Shop","item":"https:\/\/www.rimocc.com\/shop\/"},{"@type":"ListItem","position":3,"name":"Akai S950 MIDI Digital Sampler 1989 + Manuel"}]},{"@type":"WebSite","@id":"https:\/\/www.rimocc.com\/#website","url":"https:\/\/www.rimocc.com\/","name":"D\u00e9p\u00f4t Vente Batterie Percussion | Rimocc Lyon","description":"Rimocc: l&#039;unique magasin d\u00e9di\u00e9 enti\u00e8rement \u00e0 la batterie, percussion d&#039;occasion et vintage \u00e0 Lyon, France","publisher":{"@id":"https:\/\/www.rimocc.com\/#organization"},"alternateName":"Rimocc'","potentialAction":[{"@type":"SearchAction","target":{"@type":"EntryPoint","urlTemplate":"https:\/\/www.rimocc.com\/?s={search_term_string}"},"query-input":{"@type":"PropertyValueSpecification","valueRequired":true,"valueName":"search_term_string"}}],"inLanguage":"en-US"},{"@type":"Organization","@id":"https:\/\/www.rimocc.com\/#organization","name":"Rimocc'","alternateName":"Rimocc","url":"https:\/\/www.rimocc.com\/","logo":{"@type":"ImageObject","inLanguage":"en-US","@id":"https:\/\/www.rimocc.com\/#\/schema\/logo\/image\/","url":"https:\/\/i0.wp.com\/www.rimocc.com\/wp-content\/uploads\/2023\/07\/RIMOCC_LOGO.jpg?fit=459%2C114&ssl=1","contentUrl":"https:\/\/i0.wp.com\/www.rimocc.com\/wp-content\/uploads\/2023\/07\/RIMOCC_LOGO.jpg?fit=459%2C114&ssl=1","width":459,"height":114,"caption":"Rimocc'"},"image":{"@id":"https:\/\/www.rimocc.com\/#\/schema\/logo\/image\/"},"sameAs":["https:\/\/www.facebook.com\/rimocclyon\/?locale=fr_FR","https:\/\/www.instagram.com\/rimoccc\/?hl=fr","https:\/\/www.tiktok.com\/@rimocc","https:\/\/www.youtube.com\/@Rimocc"]}]}},"jetpack_publicize_connections":[],"jetpack_sharing_enabled":true,"_links":{"self":[{"href":"https:\/\/www.rimocc.com\/en\/wp-json\/wp\/v2\/product\/12418","targetHints":{"allow":["GET"]}}],"collection":[{"href":"https:\/\/www.rimocc.com\/en\/wp-json\/wp\/v2\/product"}],"about":[{"href":"https:\/\/www.rimocc.com\/en\/wp-json\/wp\/v2\/types\/product"}],"replies":[{"embeddable":true,"href":"https:\/\/www.rimocc.com\/en\/wp-json\/wp\/v2\/comments?post=12418"}],"wp:featuredmedia":[{"embeddable":true,"href":"https:\/\/www.rimocc.com\/en\/wp-json\/wp\/v2\/media\/12416"}],"wp:attachment":[{"href":"https:\/\/www.rimocc.com\/en\/wp-json\/wp\/v2\/media?parent=12418"}],"wp:term":[{"taxonomy":"product_brand","embeddable":true,"href":"https:\/\/www.rimocc.com\/en\/wp-json\/wp\/v2\/product_brand?post=12418"},{"taxonomy":"product_cat","embeddable":true,"href":"https:\/\/www.rimocc.com\/en\/wp-json\/wp\/v2\/product_cat?post=12418"},{"taxonomy":"product_tag","embeddable":true,"href":"https:\/\/www.rimocc.com\/en\/wp-json\/wp\/v2\/product_tag?post=12418"}],"curies":[{"name":"wp","href":"https:\/\/api.w.org\/{rel}","templated":true}]}}