{"id":12312,"date":"2024-06-21T16:24:55","date_gmt":"2024-06-21T14:24:55","guid":{"rendered":"https:\/\/www.rimocc.com\/?post_type=product&#038;p=12312"},"modified":"2024-07-06T18:57:04","modified_gmt":"2024-07-06T16:57:04","slug":"julien-lagadec-caisse-claire-14x5-cerisier-massif-neuve","status":"publish","type":"product","link":"https:\/\/www.rimocc.com\/en\/product\/julien-lagadec-caisse-claire-14x5-cerisier-massif-neuve\/","title":{"rendered":"Julien Lagadec Caisse Claire 14&Prime;x5&Prime; Cerisier Massif \u00ab\u00a0NEUVE\u00a0\u00bb"},"content":{"rendered":"<p>\u00ab\u00a0NEUVE\u00a0\u00bb<br \/>\nF\u00fbt segment\u00e9 en cerisier massif (de l&rsquo;Avesnois!)<br \/>\nFilet compos\u00e9<br \/>\nVernis naturel<br \/>\nCoquilles et cerclages en acier anodis\u00e9 noir<br \/>\nCrochets en laiton massif brut<br \/>\nD\u00e9clencheur Dunnet<br \/>\nFabriqu\u00e9 en France par J.Lagadec<br \/>\nTimbre Bibin extra fin 25 brins<\/p>\n<p><strong>Enl\u00e8vement sur place privil\u00e9gi\u00e9 mais envoi possible dans toute la France sur devis s\u00e9par\u00e9 &#8211; merci de s\u00e9lectionner l&rsquo;option retrait sur place et nous vous ferons parvenir un devis s\u00e9par\u00e9 pour la livraison, \u00e0 r\u00e9gler s\u00e9par\u00e9ment<br \/>\nInternational order, enquire for delivery fees with full insurance (quote), to be paid separately p<\/strong><em><\/p>\n<p>Caisse Claire Snare Drum Rimocc&rsquo; Magasin de Musique<\/p>","protected":false},"excerpt":{"rendered":"<p>\u00ab\u00a0NEUVE\u00a0\u00bb F\u00fbt segment\u00e9 en cerisier massif (de l&rsquo;Avesnois!) Filet compos\u00e9 Vernis naturel Coquilles et cerclages en acier anodis\u00e9 noir Crochets en laiton massif brut D\u00e9clencheur Dunnet Fabriqu\u00e9 en France par J.Lagadec Timbre Bibin extra fin 25 brins Enl\u00e8vement sur place privil\u00e9gi\u00e9 mais envoi possible dans toute la France sur devis s\u00e9par\u00e9 &#8211; merci de s\u00e9lectionner [&hellip;]<\/p>\n","protected":false},"featured_media":12311,"comment_status":"open","ping_status":"closed","template":"","meta":{"jetpack_publicize_message":"","jetpack_publicize_feature_enabled":true,"jetpack_social_post_already_shared":true,"jetpack_social_options":{"image_generator_settings":{"template":"highway","default_image_id":0,"font":"","enabled":false},"version":2}},"product_brand":[],"product_cat":[25],"product_tag":[63,548,549,453,538,252],"class_list":{"0":"post-12312","1":"product","2":"type-product","3":"status-publish","4":"has-post-thumbnail","6":"product_cat-caisse-claire","7":"product_tag-caisse-claire","8":"product_tag-depot-vente-lyon","9":"product_tag-julien-lagadec","10":"product_tag-lutherie","11":"product_tag-magasin-de-musique-lyon","12":"product_tag-snare-drum","14":"entry","15":"has-media","17":"first","18":"outofstock","19":"shipping-taxable","20":"purchasable","21":"product-type-simple","22":"has-product-nav","23":"col","24":"span_1_of_3","25":"owp-content-center","26":"owp-thumbs-layout-horizontal","27":"owp-btn-normal","28":"owp-tabs-layout-horizontal"},"yoast_head":"<!-- This site is optimized with the Yoast SEO plugin v27.4 - https:\/\/yoast.com\/product\/yoast-seo-wordpress\/ -->\n<title>Julien Lagadec Caisse Claire 14&quot;x5&quot; Cerisier Massif &quot;NEUVE&quot; - D\u00e9p\u00f4t Vente Batterie Percussion | Rimocc Lyon<\/title>\n<meta name=\"description\" content=\"Artisan-Luthier depuis 2018\" \/>\n<meta name=\"robots\" content=\"index, follow, max-snippet:-1, max-image-preview:large, max-video-preview:-1\" \/>\n<link rel=\"canonical\" href=\"https:\/\/www.rimocc.com\/en\/product\/julien-lagadec-caisse-claire-14x5-cerisier-massif-neuve\/\" \/>\n<meta property=\"og:locale\" content=\"en_US\" \/>\n<meta property=\"og:type\" content=\"article\" \/>\n<meta property=\"og:title\" content=\"Julien Lagadec Caisse Claire 14&quot;x5&quot; Cerisier Massif &quot;NEUVE&quot; - D\u00e9p\u00f4t Vente Batterie Percussion | Rimocc Lyon\" \/>\n<meta property=\"og:description\" content=\"Artisan-Luthier depuis 2018\" \/>\n<meta property=\"og:url\" content=\"https:\/\/www.rimocc.com\/en\/product\/julien-lagadec-caisse-claire-14x5-cerisier-massif-neuve\/\" \/>\n<meta property=\"og:site_name\" content=\"D\u00e9p\u00f4t Vente Batterie Percussion | Rimocc Lyon\" \/>\n<meta property=\"article:publisher\" content=\"https:\/\/www.facebook.com\/rimocclyon\/?locale=fr_FR\" \/>\n<meta property=\"article:modified_time\" content=\"2024-07-06T16:57:04+00:00\" \/>\n<meta property=\"og:image\" content=\"https:\/\/www.rimocc.com\/wp-content\/uploads\/2024\/06\/Julien-Lagadec-Caisse-Claire-14_x5_-Cerisier-Massif-1.jpg\" \/>\n\t<meta property=\"og:image:width\" content=\"1920\" \/>\n\t<meta property=\"og:image:height\" content=\"1920\" \/>\n\t<meta property=\"og:image:type\" content=\"image\/jpeg\" \/>\n<meta name=\"twitter:card\" content=\"summary_large_image\" \/>\n<meta name=\"twitter:label1\" content=\"Est. reading time\" \/>\n\t<meta name=\"twitter:data1\" content=\"1 minute\" \/>\n<script type=\"application\/ld+json\" class=\"yoast-schema-graph\">{\"@context\":\"https:\\\/\\\/schema.org\",\"@graph\":[{\"@type\":\"WebPage\",\"@id\":\"https:\\\/\\\/www.rimocc.com\\\/product\\\/julien-lagadec-caisse-claire-14x5-cerisier-massif-neuve\\\/\",\"url\":\"https:\\\/\\\/www.rimocc.com\\\/product\\\/julien-lagadec-caisse-claire-14x5-cerisier-massif-neuve\\\/\",\"name\":\"Julien Lagadec Caisse Claire 14\\\"x5\\\" Cerisier Massif \\\"NEUVE\\\" - D\u00e9p\u00f4t Vente Batterie Percussion | Rimocc Lyon\",\"isPartOf\":{\"@id\":\"https:\\\/\\\/www.rimocc.com\\\/#website\"},\"primaryImageOfPage\":{\"@id\":\"https:\\\/\\\/www.rimocc.com\\\/product\\\/julien-lagadec-caisse-claire-14x5-cerisier-massif-neuve\\\/#primaryimage\"},\"image\":{\"@id\":\"https:\\\/\\\/www.rimocc.com\\\/product\\\/julien-lagadec-caisse-claire-14x5-cerisier-massif-neuve\\\/#primaryimage\"},\"thumbnailUrl\":\"https:\\\/\\\/www.rimocc.com\\\/wp-content\\\/uploads\\\/2024\\\/06\\\/Julien-Lagadec-Caisse-Claire-14_x5_-Cerisier-Massif-1.jpg\",\"datePublished\":\"2024-06-21T14:24:55+00:00\",\"dateModified\":\"2024-07-06T16:57:04+00:00\",\"description\":\"Artisan-Luthier depuis 2018\",\"breadcrumb\":{\"@id\":\"https:\\\/\\\/www.rimocc.com\\\/product\\\/julien-lagadec-caisse-claire-14x5-cerisier-massif-neuve\\\/#breadcrumb\"},\"inLanguage\":\"en-US\",\"potentialAction\":[{\"@type\":\"ReadAction\",\"target\":[\"https:\\\/\\\/www.rimocc.com\\\/product\\\/julien-lagadec-caisse-claire-14x5-cerisier-massif-neuve\\\/\"]}]},{\"@type\":\"ImageObject\",\"inLanguage\":\"en-US\",\"@id\":\"https:\\\/\\\/www.rimocc.com\\\/product\\\/julien-lagadec-caisse-claire-14x5-cerisier-massif-neuve\\\/#primaryimage\",\"url\":\"https:\\\/\\\/www.rimocc.com\\\/wp-content\\\/uploads\\\/2024\\\/06\\\/Julien-Lagadec-Caisse-Claire-14_x5_-Cerisier-Massif-1.jpg\",\"contentUrl\":\"https:\\\/\\\/www.rimocc.com\\\/wp-content\\\/uploads\\\/2024\\\/06\\\/Julien-Lagadec-Caisse-Claire-14_x5_-Cerisier-Massif-1.jpg\",\"width\":1920,\"height\":1920,\"caption\":\"Julien Lagadec Caisse Claire 14\\\"x5\\\" Cerisier Massif\"},{\"@type\":\"BreadcrumbList\",\"@id\":\"https:\\\/\\\/www.rimocc.com\\\/product\\\/julien-lagadec-caisse-claire-14x5-cerisier-massif-neuve\\\/#breadcrumb\",\"itemListElement\":[{\"@type\":\"ListItem\",\"position\":1,\"name\":\"Home\",\"item\":\"https:\\\/\\\/www.rimocc.com\\\/\"},{\"@type\":\"ListItem\",\"position\":2,\"name\":\"Shop\",\"item\":\"https:\\\/\\\/www.rimocc.com\\\/shop\\\/\"},{\"@type\":\"ListItem\",\"position\":3,\"name\":\"Julien Lagadec Caisse Claire 14&#8243;x5&#8243; Cerisier Massif &#8220;NEUVE&#8221;\"}]},{\"@type\":\"WebSite\",\"@id\":\"https:\\\/\\\/www.rimocc.com\\\/#website\",\"url\":\"https:\\\/\\\/www.rimocc.com\\\/\",\"name\":\"D\u00e9p\u00f4t Vente Batterie Percussion | Rimocc Lyon\",\"description\":\"Rimocc: l&#039;unique magasin d\u00e9di\u00e9 enti\u00e8rement \u00e0 la batterie, percussion d&#039;occasion et vintage \u00e0 Lyon, France\",\"publisher\":{\"@id\":\"https:\\\/\\\/www.rimocc.com\\\/#organization\"},\"alternateName\":\"Rimocc'\",\"potentialAction\":[{\"@type\":\"SearchAction\",\"target\":{\"@type\":\"EntryPoint\",\"urlTemplate\":\"https:\\\/\\\/www.rimocc.com\\\/?s={search_term_string}\"},\"query-input\":{\"@type\":\"PropertyValueSpecification\",\"valueRequired\":true,\"valueName\":\"search_term_string\"}}],\"inLanguage\":\"en-US\"},{\"@type\":\"Organization\",\"@id\":\"https:\\\/\\\/www.rimocc.com\\\/#organization\",\"name\":\"Rimocc'\",\"alternateName\":\"Rimocc\",\"url\":\"https:\\\/\\\/www.rimocc.com\\\/\",\"logo\":{\"@type\":\"ImageObject\",\"inLanguage\":\"en-US\",\"@id\":\"https:\\\/\\\/www.rimocc.com\\\/#\\\/schema\\\/logo\\\/image\\\/\",\"url\":\"https:\\\/\\\/i0.wp.com\\\/www.rimocc.com\\\/wp-content\\\/uploads\\\/2023\\\/07\\\/RIMOCC_LOGO.jpg?fit=459%2C114&ssl=1\",\"contentUrl\":\"https:\\\/\\\/i0.wp.com\\\/www.rimocc.com\\\/wp-content\\\/uploads\\\/2023\\\/07\\\/RIMOCC_LOGO.jpg?fit=459%2C114&ssl=1\",\"width\":459,\"height\":114,\"caption\":\"Rimocc'\"},\"image\":{\"@id\":\"https:\\\/\\\/www.rimocc.com\\\/#\\\/schema\\\/logo\\\/image\\\/\"},\"sameAs\":[\"https:\\\/\\\/www.facebook.com\\\/rimocclyon\\\/?locale=fr_FR\",\"https:\\\/\\\/www.instagram.com\\\/rimoccc\\\/?hl=fr\",\"https:\\\/\\\/www.tiktok.com\\\/@rimocc\",\"https:\\\/\\\/www.youtube.com\\\/@Rimocc\"]}]}<\/script>\n<!-- \/ Yoast SEO plugin. -->","yoast_head_json":{"title":"Julien Lagadec Caisse Claire 14\"x5\" Cerisier Massif \"NEUVE\" - D\u00e9p\u00f4t Vente Batterie Percussion | Rimocc Lyon","description":"Artisan-Luthier depuis 2018","robots":{"index":"index","follow":"follow","max-snippet":"max-snippet:-1","max-image-preview":"max-image-preview:large","max-video-preview":"max-video-preview:-1"},"canonical":"https:\/\/www.rimocc.com\/en\/product\/julien-lagadec-caisse-claire-14x5-cerisier-massif-neuve\/","og_locale":"en_US","og_type":"article","og_title":"Julien Lagadec Caisse Claire 14\"x5\" Cerisier Massif \"NEUVE\" - D\u00e9p\u00f4t Vente Batterie Percussion | Rimocc Lyon","og_description":"Artisan-Luthier depuis 2018","og_url":"https:\/\/www.rimocc.com\/en\/product\/julien-lagadec-caisse-claire-14x5-cerisier-massif-neuve\/","og_site_name":"D\u00e9p\u00f4t Vente Batterie Percussion | Rimocc Lyon","article_publisher":"https:\/\/www.facebook.com\/rimocclyon\/?locale=fr_FR","article_modified_time":"2024-07-06T16:57:04+00:00","og_image":[{"width":1920,"height":1920,"url":"https:\/\/www.rimocc.com\/wp-content\/uploads\/2024\/06\/Julien-Lagadec-Caisse-Claire-14_x5_-Cerisier-Massif-1.jpg","type":"image\/jpeg"}],"twitter_card":"summary_large_image","twitter_misc":{"Est. reading time":"1 minute"},"schema":{"@context":"https:\/\/schema.org","@graph":[{"@type":"WebPage","@id":"https:\/\/www.rimocc.com\/product\/julien-lagadec-caisse-claire-14x5-cerisier-massif-neuve\/","url":"https:\/\/www.rimocc.com\/product\/julien-lagadec-caisse-claire-14x5-cerisier-massif-neuve\/","name":"Julien Lagadec Caisse Claire 14\"x5\" Cerisier Massif \"NEUVE\" - D\u00e9p\u00f4t Vente Batterie Percussion | Rimocc Lyon","isPartOf":{"@id":"https:\/\/www.rimocc.com\/#website"},"primaryImageOfPage":{"@id":"https:\/\/www.rimocc.com\/product\/julien-lagadec-caisse-claire-14x5-cerisier-massif-neuve\/#primaryimage"},"image":{"@id":"https:\/\/www.rimocc.com\/product\/julien-lagadec-caisse-claire-14x5-cerisier-massif-neuve\/#primaryimage"},"thumbnailUrl":"https:\/\/www.rimocc.com\/wp-content\/uploads\/2024\/06\/Julien-Lagadec-Caisse-Claire-14_x5_-Cerisier-Massif-1.jpg","datePublished":"2024-06-21T14:24:55+00:00","dateModified":"2024-07-06T16:57:04+00:00","description":"Artisan-Luthier depuis 2018","breadcrumb":{"@id":"https:\/\/www.rimocc.com\/product\/julien-lagadec-caisse-claire-14x5-cerisier-massif-neuve\/#breadcrumb"},"inLanguage":"en-US","potentialAction":[{"@type":"ReadAction","target":["https:\/\/www.rimocc.com\/product\/julien-lagadec-caisse-claire-14x5-cerisier-massif-neuve\/"]}]},{"@type":"ImageObject","inLanguage":"en-US","@id":"https:\/\/www.rimocc.com\/product\/julien-lagadec-caisse-claire-14x5-cerisier-massif-neuve\/#primaryimage","url":"https:\/\/www.rimocc.com\/wp-content\/uploads\/2024\/06\/Julien-Lagadec-Caisse-Claire-14_x5_-Cerisier-Massif-1.jpg","contentUrl":"https:\/\/www.rimocc.com\/wp-content\/uploads\/2024\/06\/Julien-Lagadec-Caisse-Claire-14_x5_-Cerisier-Massif-1.jpg","width":1920,"height":1920,"caption":"Julien Lagadec Caisse Claire 14\"x5\" Cerisier Massif"},{"@type":"BreadcrumbList","@id":"https:\/\/www.rimocc.com\/product\/julien-lagadec-caisse-claire-14x5-cerisier-massif-neuve\/#breadcrumb","itemListElement":[{"@type":"ListItem","position":1,"name":"Home","item":"https:\/\/www.rimocc.com\/"},{"@type":"ListItem","position":2,"name":"Shop","item":"https:\/\/www.rimocc.com\/shop\/"},{"@type":"ListItem","position":3,"name":"Julien Lagadec Caisse Claire 14&#8243;x5&#8243; Cerisier Massif &#8220;NEUVE&#8221;"}]},{"@type":"WebSite","@id":"https:\/\/www.rimocc.com\/#website","url":"https:\/\/www.rimocc.com\/","name":"D\u00e9p\u00f4t Vente Batterie Percussion | Rimocc Lyon","description":"Rimocc: l&#039;unique magasin d\u00e9di\u00e9 enti\u00e8rement \u00e0 la batterie, percussion d&#039;occasion et vintage \u00e0 Lyon, France","publisher":{"@id":"https:\/\/www.rimocc.com\/#organization"},"alternateName":"Rimocc'","potentialAction":[{"@type":"SearchAction","target":{"@type":"EntryPoint","urlTemplate":"https:\/\/www.rimocc.com\/?s={search_term_string}"},"query-input":{"@type":"PropertyValueSpecification","valueRequired":true,"valueName":"search_term_string"}}],"inLanguage":"en-US"},{"@type":"Organization","@id":"https:\/\/www.rimocc.com\/#organization","name":"Rimocc'","alternateName":"Rimocc","url":"https:\/\/www.rimocc.com\/","logo":{"@type":"ImageObject","inLanguage":"en-US","@id":"https:\/\/www.rimocc.com\/#\/schema\/logo\/image\/","url":"https:\/\/i0.wp.com\/www.rimocc.com\/wp-content\/uploads\/2023\/07\/RIMOCC_LOGO.jpg?fit=459%2C114&ssl=1","contentUrl":"https:\/\/i0.wp.com\/www.rimocc.com\/wp-content\/uploads\/2023\/07\/RIMOCC_LOGO.jpg?fit=459%2C114&ssl=1","width":459,"height":114,"caption":"Rimocc'"},"image":{"@id":"https:\/\/www.rimocc.com\/#\/schema\/logo\/image\/"},"sameAs":["https:\/\/www.facebook.com\/rimocclyon\/?locale=fr_FR","https:\/\/www.instagram.com\/rimoccc\/?hl=fr","https:\/\/www.tiktok.com\/@rimocc","https:\/\/www.youtube.com\/@Rimocc"]}]}},"jetpack_publicize_connections":[],"jetpack_sharing_enabled":true,"_links":{"self":[{"href":"https:\/\/www.rimocc.com\/en\/wp-json\/wp\/v2\/product\/12312","targetHints":{"allow":["GET"]}}],"collection":[{"href":"https:\/\/www.rimocc.com\/en\/wp-json\/wp\/v2\/product"}],"about":[{"href":"https:\/\/www.rimocc.com\/en\/wp-json\/wp\/v2\/types\/product"}],"replies":[{"embeddable":true,"href":"https:\/\/www.rimocc.com\/en\/wp-json\/wp\/v2\/comments?post=12312"}],"wp:featuredmedia":[{"embeddable":true,"href":"https:\/\/www.rimocc.com\/en\/wp-json\/wp\/v2\/media\/12311"}],"wp:attachment":[{"href":"https:\/\/www.rimocc.com\/en\/wp-json\/wp\/v2\/media?parent=12312"}],"wp:term":[{"taxonomy":"product_brand","embeddable":true,"href":"https:\/\/www.rimocc.com\/en\/wp-json\/wp\/v2\/product_brand?post=12312"},{"taxonomy":"product_cat","embeddable":true,"href":"https:\/\/www.rimocc.com\/en\/wp-json\/wp\/v2\/product_cat?post=12312"},{"taxonomy":"product_tag","embeddable":true,"href":"https:\/\/www.rimocc.com\/en\/wp-json\/wp\/v2\/product_tag?post=12312"}],"curies":[{"name":"wp","href":"https:\/\/api.w.org\/{rel}","templated":true}]}}