{"id":1231,"date":"2023-06-08T21:12:53","date_gmt":"2023-06-08T21:12:53","guid":{"rendered":"https:\/\/rimocc.a2hosted.com\/product\/rogers-holiday-tom-12-x-8-blue-sparkle-transition-1967-dayton-ohio\/"},"modified":"2023-06-16T15:03:53","modified_gmt":"2023-06-16T15:03:53","slug":"rogers-holiday-tom-12-x-8-blue-sparkle-transition-1967-dayton-ohio","status":"publish","type":"product","link":"https:\/\/www.rimocc.com\/en\/product\/rogers-holiday-tom-12-x-8-blue-sparkle-transition-1967-dayton-ohio\/","title":{"rendered":"Rogers Holiday Tom 12&Prime; x 8&Prime; Blue Sparkle Transition 1967 Dayton Ohio"},"content":{"rendered":"<div>\n<div>Superbe Rogers Holiday Tom 12&Prime; x 8&Prime;<\/div>\n<\/div>\n<div>\n<div>Blue Sparkle Transition 1967 Dayton Ohio<\/div>\n<\/div>\n<div>\n<div>Etat proche du neuf<\/div>\n<\/div>\n<div>\n<div>Complet avec son attache Swivomatic, rondelles sur tous les tirants.<\/div>\n<\/div>\n<div>\n<div>Sourdine originale pr\u00e9sente et fonctionnelle<\/div>\n<div>\n<div><em>Condition close to new<\/em><\/div>\n<\/div>\n<div>\n<div><em>Complete with its Swivomatic Tom Mounting Bracket, washers on all tension rods.<\/em><\/div>\n<\/div>\n<div>\n<div><em>With original functionning Rogers muffler system<\/em><\/div>\n<\/div>\n<\/div>","protected":false},"excerpt":{"rendered":"<p>Superbe Rogers Holiday Tom 12&Prime; x 8&Prime; Blue Sparkle Transition 1967 Dayton Ohio Etat proche du neuf Complet avec son attache Swivomatic, rondelles sur tous les tirants. Sourdine originale pr\u00e9sente et fonctionnelle Condition close to new Complete with its Swivomatic Tom Mounting Bracket, washers on all tension rods. With original functionning Rogers muffler system<\/p>","protected":false},"featured_media":6830,"comment_status":"open","ping_status":"closed","template":"","meta":{"jetpack_publicize_message":"","jetpack_publicize_feature_enabled":true,"jetpack_social_post_already_shared":false,"jetpack_social_options":{"image_generator_settings":{"template":"highway","default_image_id":0,"font":"","enabled":false},"version":2}},"product_brand":[],"product_cat":[18],"product_tag":[],"class_list":{"0":"post-1231","1":"product","2":"type-product","3":"status-publish","4":"has-post-thumbnail","6":"product_cat-toms","8":"entry","9":"has-media","11":"first","12":"outofstock","13":"shipping-taxable","14":"purchasable","15":"product-type-simple","16":"has-product-nav","17":"col","18":"span_1_of_3","19":"owp-content-center","20":"owp-thumbs-layout-horizontal","21":"owp-btn-normal","22":"owp-tabs-layout-horizontal"},"yoast_head":"<!-- This site is optimized with the Yoast SEO plugin v27.4 - https:\/\/yoast.com\/product\/yoast-seo-wordpress\/ -->\n<title>Rogers Holiday Tom 12&quot; x 8&quot; Blue Sparkle Transition 1967 Dayton Ohio - D\u00e9p\u00f4t Vente Batterie Percussion | Rimocc Lyon<\/title>\n<meta name=\"robots\" content=\"index, follow, max-snippet:-1, max-image-preview:large, max-video-preview:-1\" \/>\n<link rel=\"canonical\" href=\"https:\/\/www.rimocc.com\/en\/product\/rogers-holiday-tom-12-x-8-blue-sparkle-transition-1967-dayton-ohio\/\" \/>\n<meta property=\"og:locale\" content=\"en_US\" \/>\n<meta property=\"og:type\" content=\"article\" \/>\n<meta property=\"og:title\" content=\"Rogers Holiday Tom 12&quot; x 8&quot; Blue Sparkle Transition 1967 Dayton Ohio - D\u00e9p\u00f4t Vente Batterie Percussion | Rimocc Lyon\" \/>\n<meta property=\"og:description\" content=\"Superbe Rogers Holiday Tom 12&Prime; x 8&Prime; Blue Sparkle Transition 1967 Dayton Ohio Etat proche du neuf Complet avec son attache Swivomatic, rondelles sur tous les tirants. Sourdine originale pr\u00e9sente et fonctionnelle Condition close to new Complete with its Swivomatic Tom Mounting Bracket, washers on all tension rods. With original functionning Rogers muffler system\" \/>\n<meta property=\"og:url\" content=\"https:\/\/www.rimocc.com\/en\/product\/rogers-holiday-tom-12-x-8-blue-sparkle-transition-1967-dayton-ohio\/\" \/>\n<meta property=\"og:site_name\" content=\"D\u00e9p\u00f4t Vente Batterie Percussion | Rimocc Lyon\" \/>\n<meta property=\"article:publisher\" content=\"https:\/\/www.facebook.com\/rimocclyon\/?locale=fr_FR\" \/>\n<meta property=\"article:modified_time\" content=\"2023-06-16T15:03:53+00:00\" \/>\n<meta property=\"og:image\" content=\"https:\/\/www.rimocc.com\/wp-content\/uploads\/2023\/06\/0e6ab0_16b009eb9cda47eca6ec13c2ab07d711mv2.webp\" \/>\n\t<meta property=\"og:image:width\" content=\"500\" \/>\n\t<meta property=\"og:image:height\" content=\"667\" \/>\n\t<meta property=\"og:image:type\" content=\"image\/webp\" \/>\n<meta name=\"twitter:card\" content=\"summary_large_image\" \/>\n<script type=\"application\/ld+json\" class=\"yoast-schema-graph\">{\"@context\":\"https:\\\/\\\/schema.org\",\"@graph\":[{\"@type\":\"WebPage\",\"@id\":\"https:\\\/\\\/www.rimocc.com\\\/product\\\/rogers-holiday-tom-12-x-8-blue-sparkle-transition-1967-dayton-ohio\\\/\",\"url\":\"https:\\\/\\\/www.rimocc.com\\\/product\\\/rogers-holiday-tom-12-x-8-blue-sparkle-transition-1967-dayton-ohio\\\/\",\"name\":\"Rogers Holiday Tom 12\\\" x 8\\\" Blue Sparkle Transition 1967 Dayton Ohio - D\u00e9p\u00f4t Vente Batterie Percussion | Rimocc Lyon\",\"isPartOf\":{\"@id\":\"https:\\\/\\\/www.rimocc.com\\\/#website\"},\"primaryImageOfPage\":{\"@id\":\"https:\\\/\\\/www.rimocc.com\\\/product\\\/rogers-holiday-tom-12-x-8-blue-sparkle-transition-1967-dayton-ohio\\\/#primaryimage\"},\"image\":{\"@id\":\"https:\\\/\\\/www.rimocc.com\\\/product\\\/rogers-holiday-tom-12-x-8-blue-sparkle-transition-1967-dayton-ohio\\\/#primaryimage\"},\"thumbnailUrl\":\"https:\\\/\\\/www.rimocc.com\\\/wp-content\\\/uploads\\\/2023\\\/06\\\/0e6ab0_16b009eb9cda47eca6ec13c2ab07d711mv2.webp\",\"datePublished\":\"2023-06-08T21:12:53+00:00\",\"dateModified\":\"2023-06-16T15:03:53+00:00\",\"breadcrumb\":{\"@id\":\"https:\\\/\\\/www.rimocc.com\\\/product\\\/rogers-holiday-tom-12-x-8-blue-sparkle-transition-1967-dayton-ohio\\\/#breadcrumb\"},\"inLanguage\":\"en-US\",\"potentialAction\":[{\"@type\":\"ReadAction\",\"target\":[\"https:\\\/\\\/www.rimocc.com\\\/product\\\/rogers-holiday-tom-12-x-8-blue-sparkle-transition-1967-dayton-ohio\\\/\"]}]},{\"@type\":\"ImageObject\",\"inLanguage\":\"en-US\",\"@id\":\"https:\\\/\\\/www.rimocc.com\\\/product\\\/rogers-holiday-tom-12-x-8-blue-sparkle-transition-1967-dayton-ohio\\\/#primaryimage\",\"url\":\"https:\\\/\\\/www.rimocc.com\\\/wp-content\\\/uploads\\\/2023\\\/06\\\/0e6ab0_16b009eb9cda47eca6ec13c2ab07d711mv2.webp\",\"contentUrl\":\"https:\\\/\\\/www.rimocc.com\\\/wp-content\\\/uploads\\\/2023\\\/06\\\/0e6ab0_16b009eb9cda47eca6ec13c2ab07d711mv2.webp\",\"width\":500,\"height\":667},{\"@type\":\"BreadcrumbList\",\"@id\":\"https:\\\/\\\/www.rimocc.com\\\/product\\\/rogers-holiday-tom-12-x-8-blue-sparkle-transition-1967-dayton-ohio\\\/#breadcrumb\",\"itemListElement\":[{\"@type\":\"ListItem\",\"position\":1,\"name\":\"Home\",\"item\":\"https:\\\/\\\/www.rimocc.com\\\/\"},{\"@type\":\"ListItem\",\"position\":2,\"name\":\"Shop\",\"item\":\"https:\\\/\\\/www.rimocc.com\\\/shop\\\/\"},{\"@type\":\"ListItem\",\"position\":3,\"name\":\"Rogers Holiday Tom 12&#8243; x 8&#8243; Blue Sparkle Transition 1967 Dayton Ohio\"}]},{\"@type\":\"WebSite\",\"@id\":\"https:\\\/\\\/www.rimocc.com\\\/#website\",\"url\":\"https:\\\/\\\/www.rimocc.com\\\/\",\"name\":\"D\u00e9p\u00f4t Vente Batterie Percussion | Rimocc Lyon\",\"description\":\"Rimocc: l&#039;unique magasin d\u00e9di\u00e9 enti\u00e8rement \u00e0 la batterie, percussion d&#039;occasion et vintage \u00e0 Lyon, France\",\"publisher\":{\"@id\":\"https:\\\/\\\/www.rimocc.com\\\/#organization\"},\"alternateName\":\"Rimocc'\",\"potentialAction\":[{\"@type\":\"SearchAction\",\"target\":{\"@type\":\"EntryPoint\",\"urlTemplate\":\"https:\\\/\\\/www.rimocc.com\\\/?s={search_term_string}\"},\"query-input\":{\"@type\":\"PropertyValueSpecification\",\"valueRequired\":true,\"valueName\":\"search_term_string\"}}],\"inLanguage\":\"en-US\"},{\"@type\":\"Organization\",\"@id\":\"https:\\\/\\\/www.rimocc.com\\\/#organization\",\"name\":\"Rimocc'\",\"alternateName\":\"Rimocc\",\"url\":\"https:\\\/\\\/www.rimocc.com\\\/\",\"logo\":{\"@type\":\"ImageObject\",\"inLanguage\":\"en-US\",\"@id\":\"https:\\\/\\\/www.rimocc.com\\\/#\\\/schema\\\/logo\\\/image\\\/\",\"url\":\"https:\\\/\\\/i0.wp.com\\\/www.rimocc.com\\\/wp-content\\\/uploads\\\/2023\\\/07\\\/RIMOCC_LOGO.jpg?fit=459%2C114&ssl=1\",\"contentUrl\":\"https:\\\/\\\/i0.wp.com\\\/www.rimocc.com\\\/wp-content\\\/uploads\\\/2023\\\/07\\\/RIMOCC_LOGO.jpg?fit=459%2C114&ssl=1\",\"width\":459,\"height\":114,\"caption\":\"Rimocc'\"},\"image\":{\"@id\":\"https:\\\/\\\/www.rimocc.com\\\/#\\\/schema\\\/logo\\\/image\\\/\"},\"sameAs\":[\"https:\\\/\\\/www.facebook.com\\\/rimocclyon\\\/?locale=fr_FR\",\"https:\\\/\\\/www.instagram.com\\\/rimoccc\\\/?hl=fr\",\"https:\\\/\\\/www.tiktok.com\\\/@rimocc\",\"https:\\\/\\\/www.youtube.com\\\/@Rimocc\"]}]}<\/script>\n<!-- \/ Yoast SEO plugin. -->","yoast_head_json":{"title":"Rogers Holiday Tom 12\" x 8\" Blue Sparkle Transition 1967 Dayton Ohio - D\u00e9p\u00f4t Vente Batterie Percussion | Rimocc Lyon","robots":{"index":"index","follow":"follow","max-snippet":"max-snippet:-1","max-image-preview":"max-image-preview:large","max-video-preview":"max-video-preview:-1"},"canonical":"https:\/\/www.rimocc.com\/en\/product\/rogers-holiday-tom-12-x-8-blue-sparkle-transition-1967-dayton-ohio\/","og_locale":"en_US","og_type":"article","og_title":"Rogers Holiday Tom 12\" x 8\" Blue Sparkle Transition 1967 Dayton Ohio - D\u00e9p\u00f4t Vente Batterie Percussion | Rimocc Lyon","og_description":"Superbe Rogers Holiday Tom 12&Prime; x 8&Prime; Blue Sparkle Transition 1967 Dayton Ohio Etat proche du neuf Complet avec son attache Swivomatic, rondelles sur tous les tirants. Sourdine originale pr\u00e9sente et fonctionnelle Condition close to new Complete with its Swivomatic Tom Mounting Bracket, washers on all tension rods. With original functionning Rogers muffler system","og_url":"https:\/\/www.rimocc.com\/en\/product\/rogers-holiday-tom-12-x-8-blue-sparkle-transition-1967-dayton-ohio\/","og_site_name":"D\u00e9p\u00f4t Vente Batterie Percussion | Rimocc Lyon","article_publisher":"https:\/\/www.facebook.com\/rimocclyon\/?locale=fr_FR","article_modified_time":"2023-06-16T15:03:53+00:00","og_image":[{"width":500,"height":667,"url":"https:\/\/www.rimocc.com\/wp-content\/uploads\/2023\/06\/0e6ab0_16b009eb9cda47eca6ec13c2ab07d711mv2.webp","type":"image\/webp"}],"twitter_card":"summary_large_image","schema":{"@context":"https:\/\/schema.org","@graph":[{"@type":"WebPage","@id":"https:\/\/www.rimocc.com\/product\/rogers-holiday-tom-12-x-8-blue-sparkle-transition-1967-dayton-ohio\/","url":"https:\/\/www.rimocc.com\/product\/rogers-holiday-tom-12-x-8-blue-sparkle-transition-1967-dayton-ohio\/","name":"Rogers Holiday Tom 12\" x 8\" Blue Sparkle Transition 1967 Dayton Ohio - D\u00e9p\u00f4t Vente Batterie Percussion | Rimocc Lyon","isPartOf":{"@id":"https:\/\/www.rimocc.com\/#website"},"primaryImageOfPage":{"@id":"https:\/\/www.rimocc.com\/product\/rogers-holiday-tom-12-x-8-blue-sparkle-transition-1967-dayton-ohio\/#primaryimage"},"image":{"@id":"https:\/\/www.rimocc.com\/product\/rogers-holiday-tom-12-x-8-blue-sparkle-transition-1967-dayton-ohio\/#primaryimage"},"thumbnailUrl":"https:\/\/www.rimocc.com\/wp-content\/uploads\/2023\/06\/0e6ab0_16b009eb9cda47eca6ec13c2ab07d711mv2.webp","datePublished":"2023-06-08T21:12:53+00:00","dateModified":"2023-06-16T15:03:53+00:00","breadcrumb":{"@id":"https:\/\/www.rimocc.com\/product\/rogers-holiday-tom-12-x-8-blue-sparkle-transition-1967-dayton-ohio\/#breadcrumb"},"inLanguage":"en-US","potentialAction":[{"@type":"ReadAction","target":["https:\/\/www.rimocc.com\/product\/rogers-holiday-tom-12-x-8-blue-sparkle-transition-1967-dayton-ohio\/"]}]},{"@type":"ImageObject","inLanguage":"en-US","@id":"https:\/\/www.rimocc.com\/product\/rogers-holiday-tom-12-x-8-blue-sparkle-transition-1967-dayton-ohio\/#primaryimage","url":"https:\/\/www.rimocc.com\/wp-content\/uploads\/2023\/06\/0e6ab0_16b009eb9cda47eca6ec13c2ab07d711mv2.webp","contentUrl":"https:\/\/www.rimocc.com\/wp-content\/uploads\/2023\/06\/0e6ab0_16b009eb9cda47eca6ec13c2ab07d711mv2.webp","width":500,"height":667},{"@type":"BreadcrumbList","@id":"https:\/\/www.rimocc.com\/product\/rogers-holiday-tom-12-x-8-blue-sparkle-transition-1967-dayton-ohio\/#breadcrumb","itemListElement":[{"@type":"ListItem","position":1,"name":"Home","item":"https:\/\/www.rimocc.com\/"},{"@type":"ListItem","position":2,"name":"Shop","item":"https:\/\/www.rimocc.com\/shop\/"},{"@type":"ListItem","position":3,"name":"Rogers Holiday Tom 12&#8243; x 8&#8243; Blue Sparkle Transition 1967 Dayton Ohio"}]},{"@type":"WebSite","@id":"https:\/\/www.rimocc.com\/#website","url":"https:\/\/www.rimocc.com\/","name":"D\u00e9p\u00f4t Vente Batterie Percussion | Rimocc Lyon","description":"Rimocc: l&#039;unique magasin d\u00e9di\u00e9 enti\u00e8rement \u00e0 la batterie, percussion d&#039;occasion et vintage \u00e0 Lyon, France","publisher":{"@id":"https:\/\/www.rimocc.com\/#organization"},"alternateName":"Rimocc'","potentialAction":[{"@type":"SearchAction","target":{"@type":"EntryPoint","urlTemplate":"https:\/\/www.rimocc.com\/?s={search_term_string}"},"query-input":{"@type":"PropertyValueSpecification","valueRequired":true,"valueName":"search_term_string"}}],"inLanguage":"en-US"},{"@type":"Organization","@id":"https:\/\/www.rimocc.com\/#organization","name":"Rimocc'","alternateName":"Rimocc","url":"https:\/\/www.rimocc.com\/","logo":{"@type":"ImageObject","inLanguage":"en-US","@id":"https:\/\/www.rimocc.com\/#\/schema\/logo\/image\/","url":"https:\/\/i0.wp.com\/www.rimocc.com\/wp-content\/uploads\/2023\/07\/RIMOCC_LOGO.jpg?fit=459%2C114&ssl=1","contentUrl":"https:\/\/i0.wp.com\/www.rimocc.com\/wp-content\/uploads\/2023\/07\/RIMOCC_LOGO.jpg?fit=459%2C114&ssl=1","width":459,"height":114,"caption":"Rimocc'"},"image":{"@id":"https:\/\/www.rimocc.com\/#\/schema\/logo\/image\/"},"sameAs":["https:\/\/www.facebook.com\/rimocclyon\/?locale=fr_FR","https:\/\/www.instagram.com\/rimoccc\/?hl=fr","https:\/\/www.tiktok.com\/@rimocc","https:\/\/www.youtube.com\/@Rimocc"]}]}},"jetpack_publicize_connections":[],"jetpack_sharing_enabled":true,"_links":{"self":[{"href":"https:\/\/www.rimocc.com\/en\/wp-json\/wp\/v2\/product\/1231","targetHints":{"allow":["GET"]}}],"collection":[{"href":"https:\/\/www.rimocc.com\/en\/wp-json\/wp\/v2\/product"}],"about":[{"href":"https:\/\/www.rimocc.com\/en\/wp-json\/wp\/v2\/types\/product"}],"replies":[{"embeddable":true,"href":"https:\/\/www.rimocc.com\/en\/wp-json\/wp\/v2\/comments?post=1231"}],"wp:featuredmedia":[{"embeddable":true,"href":"https:\/\/www.rimocc.com\/en\/wp-json\/wp\/v2\/media\/6830"}],"wp:attachment":[{"href":"https:\/\/www.rimocc.com\/en\/wp-json\/wp\/v2\/media?parent=1231"}],"wp:term":[{"taxonomy":"product_brand","embeddable":true,"href":"https:\/\/www.rimocc.com\/en\/wp-json\/wp\/v2\/product_brand?post=1231"},{"taxonomy":"product_cat","embeddable":true,"href":"https:\/\/www.rimocc.com\/en\/wp-json\/wp\/v2\/product_cat?post=1231"},{"taxonomy":"product_tag","embeddable":true,"href":"https:\/\/www.rimocc.com\/en\/wp-json\/wp\/v2\/product_tag?post=1231"}],"curies":[{"name":"wp","href":"https:\/\/api.w.org\/{rel}","templated":true}]}}