{"id":12283,"date":"2024-06-19T11:57:40","date_gmt":"2024-06-19T09:57:40","guid":{"rendered":"https:\/\/www.rimocc.com\/?post_type=product&#038;p=12283"},"modified":"2024-07-06T18:56:08","modified_gmt":"2024-07-06T16:56:08","slug":"dw-pre-collector-keller-caisse-claire-14x6-black-diamond","status":"publish","type":"product","link":"https:\/\/www.rimocc.com\/en\/product\/dw-pre-collector-keller-caisse-claire-14x6-black-diamond\/","title":{"rendered":"DW Pre-Collector Keller Caisse Claire 14&Prime;x6&Prime; Black Diamond"},"content":{"rendered":"<p>Tr\u00e8s bon \u00e9tat g\u00e9n\u00e9ral<br \/>\nPr\u00e9-collector de 1995 &#8211; Note C<br \/>\nRenforts de chanfreins<br \/>\nA noter le rhodoid est \u00e0 un endroit fendu mais fixe<br \/>\nLa finition dor\u00e9e sur l&rsquo;acastillage est un peu pass\u00e9e par endroits<br \/>\nEquip\u00e9e d&rsquo;une peau neuve DW &#8211; Ludwig pour le top<br \/>\nLe syst\u00e8me d\u00e9clencheur timbre a \u00e9t\u00e9 chang\u00e9 par un plus r\u00e9cent (Mag Throw Off 3 positions &#038; d\u00e9clencheur SPMAGGD)<br \/>\nEquip\u00e9e d&rsquo;un timbre Tama<\/p>\n<p>Caisse Claire Snare Drum Romocc&rsquo; Lyon Magasin de musique<\/p>","protected":false},"excerpt":{"rendered":"<p>Tr\u00e8s bon \u00e9tat g\u00e9n\u00e9ral Pr\u00e9-collector de 1995 &#8211; Note C Renforts de chanfreins A noter le rhodoid est \u00e0 un endroit fendu mais fixe La finition dor\u00e9e sur l&rsquo;acastillage est un peu pass\u00e9e par endroits Equip\u00e9e d&rsquo;une peau neuve DW &#8211; Ludwig pour le top Le syst\u00e8me d\u00e9clencheur timbre a \u00e9t\u00e9 chang\u00e9 par un plus [&hellip;]<\/p>\n","protected":false},"featured_media":12281,"comment_status":"open","ping_status":"closed","template":"","meta":{"jetpack_publicize_message":"","jetpack_publicize_feature_enabled":true,"jetpack_social_post_already_shared":true,"jetpack_social_options":{"image_generator_settings":{"template":"highway","default_image_id":0,"font":"","enabled":false},"version":2}},"product_brand":[],"product_cat":[25],"product_tag":[63,225,539,533,252],"class_list":{"0":"post-12283","1":"product","2":"type-product","3":"status-publish","4":"has-post-thumbnail","6":"product_cat-caisse-claire","7":"product_tag-caisse-claire","8":"product_tag-dw","9":"product_tag-dw-pre-collector","10":"product_tag-made-in-usa","11":"product_tag-snare-drum","13":"entry","14":"has-media","16":"first","17":"outofstock","18":"shipping-taxable","19":"purchasable","20":"product-type-simple","21":"has-product-nav","22":"col","23":"span_1_of_3","24":"owp-content-center","25":"owp-thumbs-layout-horizontal","26":"owp-btn-normal","27":"owp-tabs-layout-horizontal"},"yoast_head":"<!-- This site is optimized with the Yoast SEO plugin v27.4 - https:\/\/yoast.com\/product\/yoast-seo-wordpress\/ -->\n<title>DW Pre-Collector Keller Caisse Claire 14&quot;x6&quot; Black Diamond - D\u00e9p\u00f4t Vente Batterie Percussion | Rimocc Lyon<\/title>\n<meta name=\"description\" content=\"Pr\u00e9-collector de 1995\" \/>\n<meta name=\"robots\" content=\"index, follow, max-snippet:-1, max-image-preview:large, max-video-preview:-1\" \/>\n<link rel=\"canonical\" href=\"https:\/\/www.rimocc.com\/en\/product\/dw-pre-collector-keller-caisse-claire-14x6-black-diamond\/\" \/>\n<meta property=\"og:locale\" content=\"en_US\" \/>\n<meta property=\"og:type\" content=\"article\" \/>\n<meta property=\"og:title\" content=\"DW Pre-Collector Keller Caisse Claire 14&quot;x6&quot; Black Diamond - D\u00e9p\u00f4t Vente Batterie Percussion | Rimocc Lyon\" \/>\n<meta property=\"og:description\" content=\"Pr\u00e9-collector de 1995\" \/>\n<meta property=\"og:url\" content=\"https:\/\/www.rimocc.com\/en\/product\/dw-pre-collector-keller-caisse-claire-14x6-black-diamond\/\" \/>\n<meta property=\"og:site_name\" content=\"D\u00e9p\u00f4t Vente Batterie Percussion | Rimocc Lyon\" \/>\n<meta property=\"article:publisher\" content=\"https:\/\/www.facebook.com\/rimocclyon\/?locale=fr_FR\" \/>\n<meta property=\"article:modified_time\" content=\"2024-07-06T16:56:08+00:00\" \/>\n<meta property=\"og:image\" content=\"https:\/\/www.rimocc.com\/wp-content\/uploads\/2024\/06\/DW-Pre-Collector-Keller-Caisse-Claire-14_x6_-Black-Diamond-1.jpg\" \/>\n\t<meta property=\"og:image:width\" content=\"1920\" \/>\n\t<meta property=\"og:image:height\" content=\"1920\" \/>\n\t<meta property=\"og:image:type\" content=\"image\/jpeg\" \/>\n<meta name=\"twitter:card\" content=\"summary_large_image\" \/>\n<meta name=\"twitter:label1\" content=\"Est. reading time\" \/>\n\t<meta name=\"twitter:data1\" content=\"1 minute\" \/>\n<script type=\"application\/ld+json\" class=\"yoast-schema-graph\">{\"@context\":\"https:\\\/\\\/schema.org\",\"@graph\":[{\"@type\":\"WebPage\",\"@id\":\"https:\\\/\\\/www.rimocc.com\\\/product\\\/dw-pre-collector-keller-caisse-claire-14x6-black-diamond\\\/\",\"url\":\"https:\\\/\\\/www.rimocc.com\\\/product\\\/dw-pre-collector-keller-caisse-claire-14x6-black-diamond\\\/\",\"name\":\"DW Pre-Collector Keller Caisse Claire 14\\\"x6\\\" Black Diamond - D\u00e9p\u00f4t Vente Batterie Percussion | Rimocc Lyon\",\"isPartOf\":{\"@id\":\"https:\\\/\\\/www.rimocc.com\\\/#website\"},\"primaryImageOfPage\":{\"@id\":\"https:\\\/\\\/www.rimocc.com\\\/product\\\/dw-pre-collector-keller-caisse-claire-14x6-black-diamond\\\/#primaryimage\"},\"image\":{\"@id\":\"https:\\\/\\\/www.rimocc.com\\\/product\\\/dw-pre-collector-keller-caisse-claire-14x6-black-diamond\\\/#primaryimage\"},\"thumbnailUrl\":\"https:\\\/\\\/www.rimocc.com\\\/wp-content\\\/uploads\\\/2024\\\/06\\\/DW-Pre-Collector-Keller-Caisse-Claire-14_x6_-Black-Diamond-1.jpg\",\"datePublished\":\"2024-06-19T09:57:40+00:00\",\"dateModified\":\"2024-07-06T16:56:08+00:00\",\"description\":\"Pr\u00e9-collector de 1995\",\"breadcrumb\":{\"@id\":\"https:\\\/\\\/www.rimocc.com\\\/product\\\/dw-pre-collector-keller-caisse-claire-14x6-black-diamond\\\/#breadcrumb\"},\"inLanguage\":\"en-US\",\"potentialAction\":[{\"@type\":\"ReadAction\",\"target\":[\"https:\\\/\\\/www.rimocc.com\\\/product\\\/dw-pre-collector-keller-caisse-claire-14x6-black-diamond\\\/\"]}]},{\"@type\":\"ImageObject\",\"inLanguage\":\"en-US\",\"@id\":\"https:\\\/\\\/www.rimocc.com\\\/product\\\/dw-pre-collector-keller-caisse-claire-14x6-black-diamond\\\/#primaryimage\",\"url\":\"https:\\\/\\\/www.rimocc.com\\\/wp-content\\\/uploads\\\/2024\\\/06\\\/DW-Pre-Collector-Keller-Caisse-Claire-14_x6_-Black-Diamond-1.jpg\",\"contentUrl\":\"https:\\\/\\\/www.rimocc.com\\\/wp-content\\\/uploads\\\/2024\\\/06\\\/DW-Pre-Collector-Keller-Caisse-Claire-14_x6_-Black-Diamond-1.jpg\",\"width\":1920,\"height\":1920,\"caption\":\"DW Pre-Collector Keller Caisse Claire 14\\\"x6\\\" Black Diamond\"},{\"@type\":\"BreadcrumbList\",\"@id\":\"https:\\\/\\\/www.rimocc.com\\\/product\\\/dw-pre-collector-keller-caisse-claire-14x6-black-diamond\\\/#breadcrumb\",\"itemListElement\":[{\"@type\":\"ListItem\",\"position\":1,\"name\":\"Home\",\"item\":\"https:\\\/\\\/www.rimocc.com\\\/\"},{\"@type\":\"ListItem\",\"position\":2,\"name\":\"Shop\",\"item\":\"https:\\\/\\\/www.rimocc.com\\\/shop\\\/\"},{\"@type\":\"ListItem\",\"position\":3,\"name\":\"DW Pre-Collector Keller Caisse Claire 14&#8243;x6&#8243; Black Diamond\"}]},{\"@type\":\"WebSite\",\"@id\":\"https:\\\/\\\/www.rimocc.com\\\/#website\",\"url\":\"https:\\\/\\\/www.rimocc.com\\\/\",\"name\":\"D\u00e9p\u00f4t Vente Batterie Percussion | Rimocc Lyon\",\"description\":\"Rimocc: l&#039;unique magasin d\u00e9di\u00e9 enti\u00e8rement \u00e0 la batterie, percussion d&#039;occasion et vintage \u00e0 Lyon, France\",\"publisher\":{\"@id\":\"https:\\\/\\\/www.rimocc.com\\\/#organization\"},\"alternateName\":\"Rimocc'\",\"potentialAction\":[{\"@type\":\"SearchAction\",\"target\":{\"@type\":\"EntryPoint\",\"urlTemplate\":\"https:\\\/\\\/www.rimocc.com\\\/?s={search_term_string}\"},\"query-input\":{\"@type\":\"PropertyValueSpecification\",\"valueRequired\":true,\"valueName\":\"search_term_string\"}}],\"inLanguage\":\"en-US\"},{\"@type\":\"Organization\",\"@id\":\"https:\\\/\\\/www.rimocc.com\\\/#organization\",\"name\":\"Rimocc'\",\"alternateName\":\"Rimocc\",\"url\":\"https:\\\/\\\/www.rimocc.com\\\/\",\"logo\":{\"@type\":\"ImageObject\",\"inLanguage\":\"en-US\",\"@id\":\"https:\\\/\\\/www.rimocc.com\\\/#\\\/schema\\\/logo\\\/image\\\/\",\"url\":\"https:\\\/\\\/i0.wp.com\\\/www.rimocc.com\\\/wp-content\\\/uploads\\\/2023\\\/07\\\/RIMOCC_LOGO.jpg?fit=459%2C114&ssl=1\",\"contentUrl\":\"https:\\\/\\\/i0.wp.com\\\/www.rimocc.com\\\/wp-content\\\/uploads\\\/2023\\\/07\\\/RIMOCC_LOGO.jpg?fit=459%2C114&ssl=1\",\"width\":459,\"height\":114,\"caption\":\"Rimocc'\"},\"image\":{\"@id\":\"https:\\\/\\\/www.rimocc.com\\\/#\\\/schema\\\/logo\\\/image\\\/\"},\"sameAs\":[\"https:\\\/\\\/www.facebook.com\\\/rimocclyon\\\/?locale=fr_FR\",\"https:\\\/\\\/www.instagram.com\\\/rimoccc\\\/?hl=fr\",\"https:\\\/\\\/www.tiktok.com\\\/@rimocc\",\"https:\\\/\\\/www.youtube.com\\\/@Rimocc\"]}]}<\/script>\n<!-- \/ Yoast SEO plugin. -->","yoast_head_json":{"title":"DW Pre-Collector Keller Caisse Claire 14\"x6\" Black Diamond - D\u00e9p\u00f4t Vente Batterie Percussion | Rimocc Lyon","description":"Pr\u00e9-collector de 1995","robots":{"index":"index","follow":"follow","max-snippet":"max-snippet:-1","max-image-preview":"max-image-preview:large","max-video-preview":"max-video-preview:-1"},"canonical":"https:\/\/www.rimocc.com\/en\/product\/dw-pre-collector-keller-caisse-claire-14x6-black-diamond\/","og_locale":"en_US","og_type":"article","og_title":"DW Pre-Collector Keller Caisse Claire 14\"x6\" Black Diamond - D\u00e9p\u00f4t Vente Batterie Percussion | Rimocc Lyon","og_description":"Pr\u00e9-collector de 1995","og_url":"https:\/\/www.rimocc.com\/en\/product\/dw-pre-collector-keller-caisse-claire-14x6-black-diamond\/","og_site_name":"D\u00e9p\u00f4t Vente Batterie Percussion | Rimocc Lyon","article_publisher":"https:\/\/www.facebook.com\/rimocclyon\/?locale=fr_FR","article_modified_time":"2024-07-06T16:56:08+00:00","og_image":[{"width":1920,"height":1920,"url":"https:\/\/www.rimocc.com\/wp-content\/uploads\/2024\/06\/DW-Pre-Collector-Keller-Caisse-Claire-14_x6_-Black-Diamond-1.jpg","type":"image\/jpeg"}],"twitter_card":"summary_large_image","twitter_misc":{"Est. reading time":"1 minute"},"schema":{"@context":"https:\/\/schema.org","@graph":[{"@type":"WebPage","@id":"https:\/\/www.rimocc.com\/product\/dw-pre-collector-keller-caisse-claire-14x6-black-diamond\/","url":"https:\/\/www.rimocc.com\/product\/dw-pre-collector-keller-caisse-claire-14x6-black-diamond\/","name":"DW Pre-Collector Keller Caisse Claire 14\"x6\" Black Diamond - D\u00e9p\u00f4t Vente Batterie Percussion | Rimocc Lyon","isPartOf":{"@id":"https:\/\/www.rimocc.com\/#website"},"primaryImageOfPage":{"@id":"https:\/\/www.rimocc.com\/product\/dw-pre-collector-keller-caisse-claire-14x6-black-diamond\/#primaryimage"},"image":{"@id":"https:\/\/www.rimocc.com\/product\/dw-pre-collector-keller-caisse-claire-14x6-black-diamond\/#primaryimage"},"thumbnailUrl":"https:\/\/www.rimocc.com\/wp-content\/uploads\/2024\/06\/DW-Pre-Collector-Keller-Caisse-Claire-14_x6_-Black-Diamond-1.jpg","datePublished":"2024-06-19T09:57:40+00:00","dateModified":"2024-07-06T16:56:08+00:00","description":"Pr\u00e9-collector de 1995","breadcrumb":{"@id":"https:\/\/www.rimocc.com\/product\/dw-pre-collector-keller-caisse-claire-14x6-black-diamond\/#breadcrumb"},"inLanguage":"en-US","potentialAction":[{"@type":"ReadAction","target":["https:\/\/www.rimocc.com\/product\/dw-pre-collector-keller-caisse-claire-14x6-black-diamond\/"]}]},{"@type":"ImageObject","inLanguage":"en-US","@id":"https:\/\/www.rimocc.com\/product\/dw-pre-collector-keller-caisse-claire-14x6-black-diamond\/#primaryimage","url":"https:\/\/www.rimocc.com\/wp-content\/uploads\/2024\/06\/DW-Pre-Collector-Keller-Caisse-Claire-14_x6_-Black-Diamond-1.jpg","contentUrl":"https:\/\/www.rimocc.com\/wp-content\/uploads\/2024\/06\/DW-Pre-Collector-Keller-Caisse-Claire-14_x6_-Black-Diamond-1.jpg","width":1920,"height":1920,"caption":"DW Pre-Collector Keller Caisse Claire 14\"x6\" Black Diamond"},{"@type":"BreadcrumbList","@id":"https:\/\/www.rimocc.com\/product\/dw-pre-collector-keller-caisse-claire-14x6-black-diamond\/#breadcrumb","itemListElement":[{"@type":"ListItem","position":1,"name":"Home","item":"https:\/\/www.rimocc.com\/"},{"@type":"ListItem","position":2,"name":"Shop","item":"https:\/\/www.rimocc.com\/shop\/"},{"@type":"ListItem","position":3,"name":"DW Pre-Collector Keller Caisse Claire 14&#8243;x6&#8243; Black Diamond"}]},{"@type":"WebSite","@id":"https:\/\/www.rimocc.com\/#website","url":"https:\/\/www.rimocc.com\/","name":"D\u00e9p\u00f4t Vente Batterie Percussion | Rimocc Lyon","description":"Rimocc: l&#039;unique magasin d\u00e9di\u00e9 enti\u00e8rement \u00e0 la batterie, percussion d&#039;occasion et vintage \u00e0 Lyon, France","publisher":{"@id":"https:\/\/www.rimocc.com\/#organization"},"alternateName":"Rimocc'","potentialAction":[{"@type":"SearchAction","target":{"@type":"EntryPoint","urlTemplate":"https:\/\/www.rimocc.com\/?s={search_term_string}"},"query-input":{"@type":"PropertyValueSpecification","valueRequired":true,"valueName":"search_term_string"}}],"inLanguage":"en-US"},{"@type":"Organization","@id":"https:\/\/www.rimocc.com\/#organization","name":"Rimocc'","alternateName":"Rimocc","url":"https:\/\/www.rimocc.com\/","logo":{"@type":"ImageObject","inLanguage":"en-US","@id":"https:\/\/www.rimocc.com\/#\/schema\/logo\/image\/","url":"https:\/\/i0.wp.com\/www.rimocc.com\/wp-content\/uploads\/2023\/07\/RIMOCC_LOGO.jpg?fit=459%2C114&ssl=1","contentUrl":"https:\/\/i0.wp.com\/www.rimocc.com\/wp-content\/uploads\/2023\/07\/RIMOCC_LOGO.jpg?fit=459%2C114&ssl=1","width":459,"height":114,"caption":"Rimocc'"},"image":{"@id":"https:\/\/www.rimocc.com\/#\/schema\/logo\/image\/"},"sameAs":["https:\/\/www.facebook.com\/rimocclyon\/?locale=fr_FR","https:\/\/www.instagram.com\/rimoccc\/?hl=fr","https:\/\/www.tiktok.com\/@rimocc","https:\/\/www.youtube.com\/@Rimocc"]}]}},"jetpack_publicize_connections":[],"jetpack_sharing_enabled":true,"_links":{"self":[{"href":"https:\/\/www.rimocc.com\/en\/wp-json\/wp\/v2\/product\/12283","targetHints":{"allow":["GET"]}}],"collection":[{"href":"https:\/\/www.rimocc.com\/en\/wp-json\/wp\/v2\/product"}],"about":[{"href":"https:\/\/www.rimocc.com\/en\/wp-json\/wp\/v2\/types\/product"}],"replies":[{"embeddable":true,"href":"https:\/\/www.rimocc.com\/en\/wp-json\/wp\/v2\/comments?post=12283"}],"wp:featuredmedia":[{"embeddable":true,"href":"https:\/\/www.rimocc.com\/en\/wp-json\/wp\/v2\/media\/12281"}],"wp:attachment":[{"href":"https:\/\/www.rimocc.com\/en\/wp-json\/wp\/v2\/media?parent=12283"}],"wp:term":[{"taxonomy":"product_brand","embeddable":true,"href":"https:\/\/www.rimocc.com\/en\/wp-json\/wp\/v2\/product_brand?post=12283"},{"taxonomy":"product_cat","embeddable":true,"href":"https:\/\/www.rimocc.com\/en\/wp-json\/wp\/v2\/product_cat?post=12283"},{"taxonomy":"product_tag","embeddable":true,"href":"https:\/\/www.rimocc.com\/en\/wp-json\/wp\/v2\/product_tag?post=12283"}],"curies":[{"name":"wp","href":"https:\/\/api.w.org\/{rel}","templated":true}]}}