{"id":12263,"date":"2024-06-15T17:58:31","date_gmt":"2024-06-15T15:58:31","guid":{"rendered":"https:\/\/www.rimocc.com\/?post_type=product&#038;p=12263"},"modified":"2024-06-17T08:57:49","modified_gmt":"2024-06-17T06:57:49","slug":"yamaha-oak-custom-x-22x20-12x7-16x15-support-tom-yamaha-dark-black-sparkle","status":"publish","type":"product","link":"https:\/\/www.rimocc.com\/en\/product\/yamaha-oak-custom-x-22x20-12x7-16x15-support-tom-yamaha-dark-black-sparkle\/","title":{"rendered":"Yamaha Oak Custom X 22&Prime;x20&Prime; 12&#215;7&Prime; 16&#215;15&Prime; + support Tom Yamaha Dark Black Sparkle"},"content":{"rendered":"<p>Yamaha Oak Custom X 22\u2033x20\u2033 12\u2033x7\u2033 16\u2033x15\u2033 + support Tom Yamaha<br \/>\nDark Black Sparkle. Acastillage Premium Grade Dark Chrome<br \/>\nMade in Japan<br \/>\nTr\u00e8s bon \u00e9tat g\u00e9n\u00e9ral. L\u2019accastillage dark chrome est par endroits un peu marqu\u00e9<br \/>\nManque un caoutchouc sur 1 des pieds du tom bass<br \/>\nEquip\u00e9e de peaux de frappe Ambassador Coated neuves<br \/>\n(Pied de cymbale et clamp non inclus)<\/p>\n<p><strong>Enl\u00e8vement sur place privil\u00e9gi\u00e9 mais envoi possible dans toute la France sur devis s\u00e9par\u00e9 &#8211; merci de s\u00e9lectionner l&rsquo;option retrait sur place et nous vous ferons parvenir un devis s\u00e9par\u00e9 pour la livraison, \u00e0 r\u00e9gler s\u00e9par\u00e9ment<br \/>\nInternational order, pick-up ONLY<\/strong><em><\/p>\n<p>Batterie Drums Rimocc&rsquo; Lyon Magasin de musique<\/p>","protected":false},"excerpt":{"rendered":"<p>Yamaha Oak Custom X 22\u2033x20\u2033 12\u2033x7\u2033 16\u2033x15\u2033 + support Tom Yamaha Dark Black Sparkle. Acastillage Premium Grade Dark Chrome Made in Japan Tr\u00e8s bon \u00e9tat g\u00e9n\u00e9ral. L\u2019accastillage dark chrome est par endroits un peu marqu\u00e9 Manque un caoutchouc sur 1 des pieds du tom bass Equip\u00e9e de peaux de frappe Ambassador Coated neuves (Pied de [&hellip;]<\/p>\n","protected":false},"featured_media":12262,"comment_status":"open","ping_status":"closed","template":"","meta":{"jetpack_publicize_message":"","jetpack_publicize_feature_enabled":true,"jetpack_social_post_already_shared":true,"jetpack_social_options":{"image_generator_settings":{"template":"highway","default_image_id":0,"font":"","enabled":false},"version":2}},"product_brand":[],"product_cat":[20],"product_tag":[41,541,546,151,319],"class_list":{"0":"post-12263","1":"product","2":"type-product","3":"status-publish","4":"has-post-thumbnail","6":"product_cat-batterie","7":"product_tag-batterie","8":"product_tag-depot-vente","9":"product_tag-magasin-de-musique","10":"product_tag-yamaha-drums","11":"product_tag-yamaha-oak-custom","13":"entry","14":"has-media","16":"first","17":"outofstock","18":"shipping-taxable","19":"purchasable","20":"product-type-simple","21":"has-product-nav","22":"col","23":"span_1_of_3","24":"owp-content-center","25":"owp-thumbs-layout-horizontal","26":"owp-btn-normal","27":"owp-tabs-layout-horizontal"},"yoast_head":"<!-- This site is optimized with the Yoast SEO plugin v27.5 - https:\/\/yoast.com\/product\/yoast-seo-wordpress\/ -->\n<title>Yamaha Oak Custom X 22&quot;x20&quot; 12x7&quot; 16x15&quot; + support Tom Yamaha Dark Black Sparkle - D\u00e9p\u00f4t Vente Batterie Percussion | Rimocc Lyon<\/title>\n<meta name=\"description\" content=\"22\u2033x20\u2033 12\u2033x7\u2033 16\u2033x15\u2033 + support Tom YamahaDark Black Sparkle\" \/>\n<meta name=\"robots\" content=\"index, follow, max-snippet:-1, max-image-preview:large, max-video-preview:-1\" \/>\n<link rel=\"canonical\" href=\"https:\/\/www.rimocc.com\/en\/product\/yamaha-oak-custom-x-22x20-12x7-16x15-support-tom-yamaha-dark-black-sparkle\/\" \/>\n<meta property=\"og:locale\" content=\"en_US\" \/>\n<meta property=\"og:type\" content=\"article\" \/>\n<meta property=\"og:title\" content=\"Yamaha Oak Custom X 22&quot;x20&quot; 12x7&quot; 16x15&quot; + support Tom Yamaha Dark Black Sparkle - D\u00e9p\u00f4t Vente Batterie Percussion | Rimocc Lyon\" \/>\n<meta property=\"og:description\" content=\"22\u2033x20\u2033 12\u2033x7\u2033 16\u2033x15\u2033 + support Tom YamahaDark Black Sparkle\" \/>\n<meta property=\"og:url\" content=\"https:\/\/www.rimocc.com\/en\/product\/yamaha-oak-custom-x-22x20-12x7-16x15-support-tom-yamaha-dark-black-sparkle\/\" \/>\n<meta property=\"og:site_name\" content=\"D\u00e9p\u00f4t Vente Batterie Percussion | Rimocc Lyon\" \/>\n<meta property=\"article:publisher\" content=\"https:\/\/www.facebook.com\/rimocclyon\/?locale=fr_FR\" \/>\n<meta property=\"article:modified_time\" content=\"2024-06-17T06:57:49+00:00\" \/>\n<meta property=\"og:image\" content=\"https:\/\/www.rimocc.com\/wp-content\/uploads\/2024\/06\/Yamaha-Oak-Custom-X-22_x20_-12x7_-16x15_-support-Tom-Yamaha-Dark-Black-Sparkle-1.jpg\" \/>\n\t<meta property=\"og:image:width\" content=\"1920\" \/>\n\t<meta property=\"og:image:height\" content=\"1920\" \/>\n\t<meta property=\"og:image:type\" content=\"image\/jpeg\" \/>\n<meta name=\"twitter:card\" content=\"summary_large_image\" \/>\n<meta name=\"twitter:label1\" content=\"Est. reading time\" \/>\n\t<meta name=\"twitter:data1\" content=\"1 minute\" \/>\n<script type=\"application\/ld+json\" class=\"yoast-schema-graph\">{\"@context\":\"https:\\\/\\\/schema.org\",\"@graph\":[{\"@type\":\"WebPage\",\"@id\":\"https:\\\/\\\/www.rimocc.com\\\/product\\\/yamaha-oak-custom-x-22x20-12x7-16x15-support-tom-yamaha-dark-black-sparkle\\\/\",\"url\":\"https:\\\/\\\/www.rimocc.com\\\/product\\\/yamaha-oak-custom-x-22x20-12x7-16x15-support-tom-yamaha-dark-black-sparkle\\\/\",\"name\":\"Yamaha Oak Custom X 22\\\"x20\\\" 12x7\\\" 16x15\\\" + support Tom Yamaha Dark Black Sparkle - D\u00e9p\u00f4t Vente Batterie Percussion | Rimocc Lyon\",\"isPartOf\":{\"@id\":\"https:\\\/\\\/www.rimocc.com\\\/#website\"},\"primaryImageOfPage\":{\"@id\":\"https:\\\/\\\/www.rimocc.com\\\/product\\\/yamaha-oak-custom-x-22x20-12x7-16x15-support-tom-yamaha-dark-black-sparkle\\\/#primaryimage\"},\"image\":{\"@id\":\"https:\\\/\\\/www.rimocc.com\\\/product\\\/yamaha-oak-custom-x-22x20-12x7-16x15-support-tom-yamaha-dark-black-sparkle\\\/#primaryimage\"},\"thumbnailUrl\":\"https:\\\/\\\/www.rimocc.com\\\/wp-content\\\/uploads\\\/2024\\\/06\\\/Yamaha-Oak-Custom-X-22_x20_-12x7_-16x15_-support-Tom-Yamaha-Dark-Black-Sparkle-1.jpg\",\"datePublished\":\"2024-06-15T15:58:31+00:00\",\"dateModified\":\"2024-06-17T06:57:49+00:00\",\"description\":\"22\u2033x20\u2033 12\u2033x7\u2033 16\u2033x15\u2033 + support Tom YamahaDark Black Sparkle\",\"breadcrumb\":{\"@id\":\"https:\\\/\\\/www.rimocc.com\\\/product\\\/yamaha-oak-custom-x-22x20-12x7-16x15-support-tom-yamaha-dark-black-sparkle\\\/#breadcrumb\"},\"inLanguage\":\"en-US\",\"potentialAction\":[{\"@type\":\"ReadAction\",\"target\":[\"https:\\\/\\\/www.rimocc.com\\\/product\\\/yamaha-oak-custom-x-22x20-12x7-16x15-support-tom-yamaha-dark-black-sparkle\\\/\"]}]},{\"@type\":\"ImageObject\",\"inLanguage\":\"en-US\",\"@id\":\"https:\\\/\\\/www.rimocc.com\\\/product\\\/yamaha-oak-custom-x-22x20-12x7-16x15-support-tom-yamaha-dark-black-sparkle\\\/#primaryimage\",\"url\":\"https:\\\/\\\/www.rimocc.com\\\/wp-content\\\/uploads\\\/2024\\\/06\\\/Yamaha-Oak-Custom-X-22_x20_-12x7_-16x15_-support-Tom-Yamaha-Dark-Black-Sparkle-1.jpg\",\"contentUrl\":\"https:\\\/\\\/www.rimocc.com\\\/wp-content\\\/uploads\\\/2024\\\/06\\\/Yamaha-Oak-Custom-X-22_x20_-12x7_-16x15_-support-Tom-Yamaha-Dark-Black-Sparkle-1.jpg\",\"width\":1920,\"height\":1920},{\"@type\":\"BreadcrumbList\",\"@id\":\"https:\\\/\\\/www.rimocc.com\\\/product\\\/yamaha-oak-custom-x-22x20-12x7-16x15-support-tom-yamaha-dark-black-sparkle\\\/#breadcrumb\",\"itemListElement\":[{\"@type\":\"ListItem\",\"position\":1,\"name\":\"Home\",\"item\":\"https:\\\/\\\/www.rimocc.com\\\/\"},{\"@type\":\"ListItem\",\"position\":2,\"name\":\"Shop\",\"item\":\"https:\\\/\\\/www.rimocc.com\\\/shop\\\/\"},{\"@type\":\"ListItem\",\"position\":3,\"name\":\"Yamaha Oak Custom X 22&#8243;x20&#8243; 12&#215;7&#8243; 16&#215;15&#8243; + support Tom Yamaha Dark Black Sparkle\"}]},{\"@type\":\"WebSite\",\"@id\":\"https:\\\/\\\/www.rimocc.com\\\/#website\",\"url\":\"https:\\\/\\\/www.rimocc.com\\\/\",\"name\":\"D\u00e9p\u00f4t Vente Batterie Percussion | Rimocc Lyon\",\"description\":\"Rimocc: l&#039;unique magasin d\u00e9di\u00e9 enti\u00e8rement \u00e0 la batterie, percussion d&#039;occasion et vintage \u00e0 Lyon, France\",\"publisher\":{\"@id\":\"https:\\\/\\\/www.rimocc.com\\\/#organization\"},\"alternateName\":\"Rimocc'\",\"potentialAction\":[{\"@type\":\"SearchAction\",\"target\":{\"@type\":\"EntryPoint\",\"urlTemplate\":\"https:\\\/\\\/www.rimocc.com\\\/?s={search_term_string}\"},\"query-input\":{\"@type\":\"PropertyValueSpecification\",\"valueRequired\":true,\"valueName\":\"search_term_string\"}}],\"inLanguage\":\"en-US\"},{\"@type\":\"Organization\",\"@id\":\"https:\\\/\\\/www.rimocc.com\\\/#organization\",\"name\":\"Rimocc'\",\"alternateName\":\"Rimocc\",\"url\":\"https:\\\/\\\/www.rimocc.com\\\/\",\"logo\":{\"@type\":\"ImageObject\",\"inLanguage\":\"en-US\",\"@id\":\"https:\\\/\\\/www.rimocc.com\\\/#\\\/schema\\\/logo\\\/image\\\/\",\"url\":\"https:\\\/\\\/i0.wp.com\\\/www.rimocc.com\\\/wp-content\\\/uploads\\\/2023\\\/07\\\/RIMOCC_LOGO.jpg?fit=459%2C114&ssl=1\",\"contentUrl\":\"https:\\\/\\\/i0.wp.com\\\/www.rimocc.com\\\/wp-content\\\/uploads\\\/2023\\\/07\\\/RIMOCC_LOGO.jpg?fit=459%2C114&ssl=1\",\"width\":459,\"height\":114,\"caption\":\"Rimocc'\"},\"image\":{\"@id\":\"https:\\\/\\\/www.rimocc.com\\\/#\\\/schema\\\/logo\\\/image\\\/\"},\"sameAs\":[\"https:\\\/\\\/www.facebook.com\\\/rimocclyon\\\/?locale=fr_FR\",\"https:\\\/\\\/www.instagram.com\\\/rimoccc\\\/?hl=fr\",\"https:\\\/\\\/www.tiktok.com\\\/@rimocc\",\"https:\\\/\\\/www.youtube.com\\\/@Rimocc\"]}]}<\/script>\n<!-- \/ Yoast SEO plugin. -->","yoast_head_json":{"title":"Yamaha Oak Custom X 22\"x20\" 12x7\" 16x15\" + support Tom Yamaha Dark Black Sparkle - D\u00e9p\u00f4t Vente Batterie Percussion | Rimocc Lyon","description":"22\u2033x20\u2033 12\u2033x7\u2033 16\u2033x15\u2033 + support Tom YamahaDark Black Sparkle","robots":{"index":"index","follow":"follow","max-snippet":"max-snippet:-1","max-image-preview":"max-image-preview:large","max-video-preview":"max-video-preview:-1"},"canonical":"https:\/\/www.rimocc.com\/en\/product\/yamaha-oak-custom-x-22x20-12x7-16x15-support-tom-yamaha-dark-black-sparkle\/","og_locale":"en_US","og_type":"article","og_title":"Yamaha Oak Custom X 22\"x20\" 12x7\" 16x15\" + support Tom Yamaha Dark Black Sparkle - D\u00e9p\u00f4t Vente Batterie Percussion | Rimocc Lyon","og_description":"22\u2033x20\u2033 12\u2033x7\u2033 16\u2033x15\u2033 + support Tom YamahaDark Black Sparkle","og_url":"https:\/\/www.rimocc.com\/en\/product\/yamaha-oak-custom-x-22x20-12x7-16x15-support-tom-yamaha-dark-black-sparkle\/","og_site_name":"D\u00e9p\u00f4t Vente Batterie Percussion | Rimocc Lyon","article_publisher":"https:\/\/www.facebook.com\/rimocclyon\/?locale=fr_FR","article_modified_time":"2024-06-17T06:57:49+00:00","og_image":[{"width":1920,"height":1920,"url":"https:\/\/www.rimocc.com\/wp-content\/uploads\/2024\/06\/Yamaha-Oak-Custom-X-22_x20_-12x7_-16x15_-support-Tom-Yamaha-Dark-Black-Sparkle-1.jpg","type":"image\/jpeg"}],"twitter_card":"summary_large_image","twitter_misc":{"Est. reading time":"1 minute"},"schema":{"@context":"https:\/\/schema.org","@graph":[{"@type":"WebPage","@id":"https:\/\/www.rimocc.com\/product\/yamaha-oak-custom-x-22x20-12x7-16x15-support-tom-yamaha-dark-black-sparkle\/","url":"https:\/\/www.rimocc.com\/product\/yamaha-oak-custom-x-22x20-12x7-16x15-support-tom-yamaha-dark-black-sparkle\/","name":"Yamaha Oak Custom X 22\"x20\" 12x7\" 16x15\" + support Tom Yamaha Dark Black Sparkle - D\u00e9p\u00f4t Vente Batterie Percussion | Rimocc Lyon","isPartOf":{"@id":"https:\/\/www.rimocc.com\/#website"},"primaryImageOfPage":{"@id":"https:\/\/www.rimocc.com\/product\/yamaha-oak-custom-x-22x20-12x7-16x15-support-tom-yamaha-dark-black-sparkle\/#primaryimage"},"image":{"@id":"https:\/\/www.rimocc.com\/product\/yamaha-oak-custom-x-22x20-12x7-16x15-support-tom-yamaha-dark-black-sparkle\/#primaryimage"},"thumbnailUrl":"https:\/\/www.rimocc.com\/wp-content\/uploads\/2024\/06\/Yamaha-Oak-Custom-X-22_x20_-12x7_-16x15_-support-Tom-Yamaha-Dark-Black-Sparkle-1.jpg","datePublished":"2024-06-15T15:58:31+00:00","dateModified":"2024-06-17T06:57:49+00:00","description":"22\u2033x20\u2033 12\u2033x7\u2033 16\u2033x15\u2033 + support Tom YamahaDark Black Sparkle","breadcrumb":{"@id":"https:\/\/www.rimocc.com\/product\/yamaha-oak-custom-x-22x20-12x7-16x15-support-tom-yamaha-dark-black-sparkle\/#breadcrumb"},"inLanguage":"en-US","potentialAction":[{"@type":"ReadAction","target":["https:\/\/www.rimocc.com\/product\/yamaha-oak-custom-x-22x20-12x7-16x15-support-tom-yamaha-dark-black-sparkle\/"]}]},{"@type":"ImageObject","inLanguage":"en-US","@id":"https:\/\/www.rimocc.com\/product\/yamaha-oak-custom-x-22x20-12x7-16x15-support-tom-yamaha-dark-black-sparkle\/#primaryimage","url":"https:\/\/www.rimocc.com\/wp-content\/uploads\/2024\/06\/Yamaha-Oak-Custom-X-22_x20_-12x7_-16x15_-support-Tom-Yamaha-Dark-Black-Sparkle-1.jpg","contentUrl":"https:\/\/www.rimocc.com\/wp-content\/uploads\/2024\/06\/Yamaha-Oak-Custom-X-22_x20_-12x7_-16x15_-support-Tom-Yamaha-Dark-Black-Sparkle-1.jpg","width":1920,"height":1920},{"@type":"BreadcrumbList","@id":"https:\/\/www.rimocc.com\/product\/yamaha-oak-custom-x-22x20-12x7-16x15-support-tom-yamaha-dark-black-sparkle\/#breadcrumb","itemListElement":[{"@type":"ListItem","position":1,"name":"Home","item":"https:\/\/www.rimocc.com\/"},{"@type":"ListItem","position":2,"name":"Shop","item":"https:\/\/www.rimocc.com\/shop\/"},{"@type":"ListItem","position":3,"name":"Yamaha Oak Custom X 22&#8243;x20&#8243; 12&#215;7&#8243; 16&#215;15&#8243; + support Tom Yamaha Dark Black Sparkle"}]},{"@type":"WebSite","@id":"https:\/\/www.rimocc.com\/#website","url":"https:\/\/www.rimocc.com\/","name":"D\u00e9p\u00f4t Vente Batterie Percussion | Rimocc Lyon","description":"Rimocc: l&#039;unique magasin d\u00e9di\u00e9 enti\u00e8rement \u00e0 la batterie, percussion d&#039;occasion et vintage \u00e0 Lyon, France","publisher":{"@id":"https:\/\/www.rimocc.com\/#organization"},"alternateName":"Rimocc'","potentialAction":[{"@type":"SearchAction","target":{"@type":"EntryPoint","urlTemplate":"https:\/\/www.rimocc.com\/?s={search_term_string}"},"query-input":{"@type":"PropertyValueSpecification","valueRequired":true,"valueName":"search_term_string"}}],"inLanguage":"en-US"},{"@type":"Organization","@id":"https:\/\/www.rimocc.com\/#organization","name":"Rimocc'","alternateName":"Rimocc","url":"https:\/\/www.rimocc.com\/","logo":{"@type":"ImageObject","inLanguage":"en-US","@id":"https:\/\/www.rimocc.com\/#\/schema\/logo\/image\/","url":"https:\/\/i0.wp.com\/www.rimocc.com\/wp-content\/uploads\/2023\/07\/RIMOCC_LOGO.jpg?fit=459%2C114&ssl=1","contentUrl":"https:\/\/i0.wp.com\/www.rimocc.com\/wp-content\/uploads\/2023\/07\/RIMOCC_LOGO.jpg?fit=459%2C114&ssl=1","width":459,"height":114,"caption":"Rimocc'"},"image":{"@id":"https:\/\/www.rimocc.com\/#\/schema\/logo\/image\/"},"sameAs":["https:\/\/www.facebook.com\/rimocclyon\/?locale=fr_FR","https:\/\/www.instagram.com\/rimoccc\/?hl=fr","https:\/\/www.tiktok.com\/@rimocc","https:\/\/www.youtube.com\/@Rimocc"]}]}},"jetpack_publicize_connections":[],"jetpack_sharing_enabled":true,"_links":{"self":[{"href":"https:\/\/www.rimocc.com\/en\/wp-json\/wp\/v2\/product\/12263","targetHints":{"allow":["GET"]}}],"collection":[{"href":"https:\/\/www.rimocc.com\/en\/wp-json\/wp\/v2\/product"}],"about":[{"href":"https:\/\/www.rimocc.com\/en\/wp-json\/wp\/v2\/types\/product"}],"replies":[{"embeddable":true,"href":"https:\/\/www.rimocc.com\/en\/wp-json\/wp\/v2\/comments?post=12263"}],"wp:featuredmedia":[{"embeddable":true,"href":"https:\/\/www.rimocc.com\/en\/wp-json\/wp\/v2\/media\/12262"}],"wp:attachment":[{"href":"https:\/\/www.rimocc.com\/en\/wp-json\/wp\/v2\/media?parent=12263"}],"wp:term":[{"taxonomy":"product_brand","embeddable":true,"href":"https:\/\/www.rimocc.com\/en\/wp-json\/wp\/v2\/product_brand?post=12263"},{"taxonomy":"product_cat","embeddable":true,"href":"https:\/\/www.rimocc.com\/en\/wp-json\/wp\/v2\/product_cat?post=12263"},{"taxonomy":"product_tag","embeddable":true,"href":"https:\/\/www.rimocc.com\/en\/wp-json\/wp\/v2\/product_tag?post=12263"}],"curies":[{"name":"wp","href":"https:\/\/api.w.org\/{rel}","templated":true}]}}