{"id":12206,"date":"2024-06-13T12:38:15","date_gmt":"2024-06-13T10:38:15","guid":{"rendered":"https:\/\/www.rimocc.com\/?post_type=product&#038;p=12206"},"modified":"2024-07-04T17:28:45","modified_gmt":"2024-07-04T15:28:45","slug":"rogers-dynasonic-5-line-14x5-cob-fin-60s-debut-70s","status":"publish","type":"product","link":"https:\/\/www.rimocc.com\/en\/product\/rogers-dynasonic-5-line-14x5-cob-fin-60s-debut-70s\/","title":{"rendered":"Rogers Dynasonic 5 Line 14&Prime;x5&Prime; COB fin 60&rsquo;s\/d\u00e9but 70&rsquo;s"},"content":{"rendered":"<p>Chrome over Brass<br \/>\nFin 60&rsquo;s, d\u00e9but 70&rsquo;s<br \/>\nToute d&rsquo;origine et compl\u00e8te avec muffler et rail, timbre<br \/>\nTr\u00e8s bon \u00e9tat g\u00e9n\u00e9ral du f\u00fbt<br \/>\nOxydation sur le cercle bottom, certains tirants<br \/>\nEquip\u00e9e de peaux SD neuves top et bottom<\/p>\n<p>Caisse Claire Rimocc&rsquo; Lyon Magasin de musique<\/p>","protected":false},"excerpt":{"rendered":"<p>Chrome over Brass Fin 60&rsquo;s, d\u00e9but 70&rsquo;s Toute d&rsquo;origine et compl\u00e8te avec muffler et rail, timbre Tr\u00e8s bon \u00e9tat g\u00e9n\u00e9ral du f\u00fbt Oxydation sur le cercle bottom, certains tirants Equip\u00e9e de peaux SD neuves top et bottom Caisse Claire Rimocc&rsquo; Lyon Magasin de musique<\/p>","protected":false},"featured_media":12205,"comment_status":"open","ping_status":"closed","template":"","meta":{"jetpack_publicize_message":"","jetpack_publicize_feature_enabled":true,"jetpack_social_post_already_shared":true,"jetpack_social_options":{"image_generator_settings":{"template":"highway","default_image_id":0,"font":"","enabled":false},"version":2}},"product_brand":[],"product_cat":[25],"product_tag":[537,538,54,138,139],"class_list":{"0":"post-12206","1":"product","2":"type-product","3":"status-publish","4":"has-post-thumbnail","6":"product_cat-caisse-claire","7":"product_tag-caisse-claire-lyon","8":"product_tag-magasin-de-musique-lyon","9":"product_tag-rogers","10":"product_tag-rogers-dynasonic","11":"product_tag-vintage-snare-drum","13":"entry","14":"has-media","16":"first","17":"outofstock","18":"shipping-taxable","19":"purchasable","20":"product-type-simple","21":"has-product-nav","22":"col","23":"span_1_of_3","24":"owp-content-center","25":"owp-thumbs-layout-horizontal","26":"owp-btn-normal","27":"owp-tabs-layout-horizontal"},"yoast_head":"<!-- This site is optimized with the Yoast SEO plugin v27.4 - https:\/\/yoast.com\/product\/yoast-seo-wordpress\/ -->\n<title>Rogers Dynasonic 5 Line 14&quot;x5&quot; COB fin 60&#039;s\/d\u00e9but 70&#039;s - D\u00e9p\u00f4t Vente Batterie Percussion | Rimocc Lyon<\/title>\n<meta name=\"description\" content=\"Chrome over Brass Fin 60&#039;s, d\u00e9but 70&#039;s\" \/>\n<meta name=\"robots\" content=\"index, follow, max-snippet:-1, max-image-preview:large, max-video-preview:-1\" \/>\n<link rel=\"canonical\" href=\"https:\/\/www.rimocc.com\/en\/product\/rogers-dynasonic-5-line-14x5-cob-fin-60s-debut-70s\/\" \/>\n<meta property=\"og:locale\" content=\"en_US\" \/>\n<meta property=\"og:type\" content=\"article\" \/>\n<meta property=\"og:title\" content=\"Rogers Dynasonic 5 Line 14&quot;x5&quot; COB fin 60&#039;s\/d\u00e9but 70&#039;s - D\u00e9p\u00f4t Vente Batterie Percussion | Rimocc Lyon\" \/>\n<meta property=\"og:description\" content=\"Chrome over Brass Fin 60&#039;s, d\u00e9but 70&#039;s\" \/>\n<meta property=\"og:url\" content=\"https:\/\/www.rimocc.com\/en\/product\/rogers-dynasonic-5-line-14x5-cob-fin-60s-debut-70s\/\" \/>\n<meta property=\"og:site_name\" content=\"D\u00e9p\u00f4t Vente Batterie Percussion | Rimocc Lyon\" \/>\n<meta property=\"article:publisher\" content=\"https:\/\/www.facebook.com\/rimocclyon\/?locale=fr_FR\" \/>\n<meta property=\"article:modified_time\" content=\"2024-07-04T15:28:45+00:00\" \/>\n<meta property=\"og:image\" content=\"https:\/\/www.rimocc.com\/wp-content\/uploads\/2024\/06\/Rogers-Dynasonic-5-Line-14_x5_-1.jpg\" \/>\n\t<meta property=\"og:image:width\" content=\"1920\" \/>\n\t<meta property=\"og:image:height\" content=\"1920\" \/>\n\t<meta property=\"og:image:type\" content=\"image\/jpeg\" \/>\n<meta name=\"twitter:card\" content=\"summary_large_image\" \/>\n<meta name=\"twitter:label1\" content=\"Est. reading time\" \/>\n\t<meta name=\"twitter:data1\" content=\"1 minute\" \/>\n<script type=\"application\/ld+json\" class=\"yoast-schema-graph\">{\"@context\":\"https:\\\/\\\/schema.org\",\"@graph\":[{\"@type\":\"WebPage\",\"@id\":\"https:\\\/\\\/www.rimocc.com\\\/product\\\/rogers-dynasonic-5-line-14x5-cob-fin-60s-debut-70s\\\/\",\"url\":\"https:\\\/\\\/www.rimocc.com\\\/product\\\/rogers-dynasonic-5-line-14x5-cob-fin-60s-debut-70s\\\/\",\"name\":\"Rogers Dynasonic 5 Line 14\\\"x5\\\" COB fin 60's\\\/d\u00e9but 70's - D\u00e9p\u00f4t Vente Batterie Percussion | Rimocc Lyon\",\"isPartOf\":{\"@id\":\"https:\\\/\\\/www.rimocc.com\\\/#website\"},\"primaryImageOfPage\":{\"@id\":\"https:\\\/\\\/www.rimocc.com\\\/product\\\/rogers-dynasonic-5-line-14x5-cob-fin-60s-debut-70s\\\/#primaryimage\"},\"image\":{\"@id\":\"https:\\\/\\\/www.rimocc.com\\\/product\\\/rogers-dynasonic-5-line-14x5-cob-fin-60s-debut-70s\\\/#primaryimage\"},\"thumbnailUrl\":\"https:\\\/\\\/www.rimocc.com\\\/wp-content\\\/uploads\\\/2024\\\/06\\\/Rogers-Dynasonic-5-Line-14_x5_-1.jpg\",\"datePublished\":\"2024-06-13T10:38:15+00:00\",\"dateModified\":\"2024-07-04T15:28:45+00:00\",\"description\":\"Chrome over Brass Fin 60's, d\u00e9but 70's\",\"breadcrumb\":{\"@id\":\"https:\\\/\\\/www.rimocc.com\\\/product\\\/rogers-dynasonic-5-line-14x5-cob-fin-60s-debut-70s\\\/#breadcrumb\"},\"inLanguage\":\"en-US\",\"potentialAction\":[{\"@type\":\"ReadAction\",\"target\":[\"https:\\\/\\\/www.rimocc.com\\\/product\\\/rogers-dynasonic-5-line-14x5-cob-fin-60s-debut-70s\\\/\"]}]},{\"@type\":\"ImageObject\",\"inLanguage\":\"en-US\",\"@id\":\"https:\\\/\\\/www.rimocc.com\\\/product\\\/rogers-dynasonic-5-line-14x5-cob-fin-60s-debut-70s\\\/#primaryimage\",\"url\":\"https:\\\/\\\/www.rimocc.com\\\/wp-content\\\/uploads\\\/2024\\\/06\\\/Rogers-Dynasonic-5-Line-14_x5_-1.jpg\",\"contentUrl\":\"https:\\\/\\\/www.rimocc.com\\\/wp-content\\\/uploads\\\/2024\\\/06\\\/Rogers-Dynasonic-5-Line-14_x5_-1.jpg\",\"width\":1920,\"height\":1920},{\"@type\":\"BreadcrumbList\",\"@id\":\"https:\\\/\\\/www.rimocc.com\\\/product\\\/rogers-dynasonic-5-line-14x5-cob-fin-60s-debut-70s\\\/#breadcrumb\",\"itemListElement\":[{\"@type\":\"ListItem\",\"position\":1,\"name\":\"Home\",\"item\":\"https:\\\/\\\/www.rimocc.com\\\/\"},{\"@type\":\"ListItem\",\"position\":2,\"name\":\"Shop\",\"item\":\"https:\\\/\\\/www.rimocc.com\\\/shop\\\/\"},{\"@type\":\"ListItem\",\"position\":3,\"name\":\"Rogers Dynasonic 5 Line 14&#8243;x5&#8243; COB fin 60&#8217;s\\\/d\u00e9but 70&#8217;s\"}]},{\"@type\":\"WebSite\",\"@id\":\"https:\\\/\\\/www.rimocc.com\\\/#website\",\"url\":\"https:\\\/\\\/www.rimocc.com\\\/\",\"name\":\"D\u00e9p\u00f4t Vente Batterie Percussion | Rimocc Lyon\",\"description\":\"Rimocc: l&#039;unique magasin d\u00e9di\u00e9 enti\u00e8rement \u00e0 la batterie, percussion d&#039;occasion et vintage \u00e0 Lyon, France\",\"publisher\":{\"@id\":\"https:\\\/\\\/www.rimocc.com\\\/#organization\"},\"alternateName\":\"Rimocc'\",\"potentialAction\":[{\"@type\":\"SearchAction\",\"target\":{\"@type\":\"EntryPoint\",\"urlTemplate\":\"https:\\\/\\\/www.rimocc.com\\\/?s={search_term_string}\"},\"query-input\":{\"@type\":\"PropertyValueSpecification\",\"valueRequired\":true,\"valueName\":\"search_term_string\"}}],\"inLanguage\":\"en-US\"},{\"@type\":\"Organization\",\"@id\":\"https:\\\/\\\/www.rimocc.com\\\/#organization\",\"name\":\"Rimocc'\",\"alternateName\":\"Rimocc\",\"url\":\"https:\\\/\\\/www.rimocc.com\\\/\",\"logo\":{\"@type\":\"ImageObject\",\"inLanguage\":\"en-US\",\"@id\":\"https:\\\/\\\/www.rimocc.com\\\/#\\\/schema\\\/logo\\\/image\\\/\",\"url\":\"https:\\\/\\\/i0.wp.com\\\/www.rimocc.com\\\/wp-content\\\/uploads\\\/2023\\\/07\\\/RIMOCC_LOGO.jpg?fit=459%2C114&ssl=1\",\"contentUrl\":\"https:\\\/\\\/i0.wp.com\\\/www.rimocc.com\\\/wp-content\\\/uploads\\\/2023\\\/07\\\/RIMOCC_LOGO.jpg?fit=459%2C114&ssl=1\",\"width\":459,\"height\":114,\"caption\":\"Rimocc'\"},\"image\":{\"@id\":\"https:\\\/\\\/www.rimocc.com\\\/#\\\/schema\\\/logo\\\/image\\\/\"},\"sameAs\":[\"https:\\\/\\\/www.facebook.com\\\/rimocclyon\\\/?locale=fr_FR\",\"https:\\\/\\\/www.instagram.com\\\/rimoccc\\\/?hl=fr\",\"https:\\\/\\\/www.tiktok.com\\\/@rimocc\",\"https:\\\/\\\/www.youtube.com\\\/@Rimocc\"]}]}<\/script>\n<!-- \/ Yoast SEO plugin. -->","yoast_head_json":{"title":"Rogers Dynasonic 5 Line 14\"x5\" COB fin 60's\/d\u00e9but 70's - D\u00e9p\u00f4t Vente Batterie Percussion | Rimocc Lyon","description":"Chrome over Brass Fin 60's, d\u00e9but 70's","robots":{"index":"index","follow":"follow","max-snippet":"max-snippet:-1","max-image-preview":"max-image-preview:large","max-video-preview":"max-video-preview:-1"},"canonical":"https:\/\/www.rimocc.com\/en\/product\/rogers-dynasonic-5-line-14x5-cob-fin-60s-debut-70s\/","og_locale":"en_US","og_type":"article","og_title":"Rogers Dynasonic 5 Line 14\"x5\" COB fin 60's\/d\u00e9but 70's - D\u00e9p\u00f4t Vente Batterie Percussion | Rimocc Lyon","og_description":"Chrome over Brass Fin 60's, d\u00e9but 70's","og_url":"https:\/\/www.rimocc.com\/en\/product\/rogers-dynasonic-5-line-14x5-cob-fin-60s-debut-70s\/","og_site_name":"D\u00e9p\u00f4t Vente Batterie Percussion | Rimocc Lyon","article_publisher":"https:\/\/www.facebook.com\/rimocclyon\/?locale=fr_FR","article_modified_time":"2024-07-04T15:28:45+00:00","og_image":[{"width":1920,"height":1920,"url":"https:\/\/www.rimocc.com\/wp-content\/uploads\/2024\/06\/Rogers-Dynasonic-5-Line-14_x5_-1.jpg","type":"image\/jpeg"}],"twitter_card":"summary_large_image","twitter_misc":{"Est. reading time":"1 minute"},"schema":{"@context":"https:\/\/schema.org","@graph":[{"@type":"WebPage","@id":"https:\/\/www.rimocc.com\/product\/rogers-dynasonic-5-line-14x5-cob-fin-60s-debut-70s\/","url":"https:\/\/www.rimocc.com\/product\/rogers-dynasonic-5-line-14x5-cob-fin-60s-debut-70s\/","name":"Rogers Dynasonic 5 Line 14\"x5\" COB fin 60's\/d\u00e9but 70's - D\u00e9p\u00f4t Vente Batterie Percussion | Rimocc Lyon","isPartOf":{"@id":"https:\/\/www.rimocc.com\/#website"},"primaryImageOfPage":{"@id":"https:\/\/www.rimocc.com\/product\/rogers-dynasonic-5-line-14x5-cob-fin-60s-debut-70s\/#primaryimage"},"image":{"@id":"https:\/\/www.rimocc.com\/product\/rogers-dynasonic-5-line-14x5-cob-fin-60s-debut-70s\/#primaryimage"},"thumbnailUrl":"https:\/\/www.rimocc.com\/wp-content\/uploads\/2024\/06\/Rogers-Dynasonic-5-Line-14_x5_-1.jpg","datePublished":"2024-06-13T10:38:15+00:00","dateModified":"2024-07-04T15:28:45+00:00","description":"Chrome over Brass Fin 60's, d\u00e9but 70's","breadcrumb":{"@id":"https:\/\/www.rimocc.com\/product\/rogers-dynasonic-5-line-14x5-cob-fin-60s-debut-70s\/#breadcrumb"},"inLanguage":"en-US","potentialAction":[{"@type":"ReadAction","target":["https:\/\/www.rimocc.com\/product\/rogers-dynasonic-5-line-14x5-cob-fin-60s-debut-70s\/"]}]},{"@type":"ImageObject","inLanguage":"en-US","@id":"https:\/\/www.rimocc.com\/product\/rogers-dynasonic-5-line-14x5-cob-fin-60s-debut-70s\/#primaryimage","url":"https:\/\/www.rimocc.com\/wp-content\/uploads\/2024\/06\/Rogers-Dynasonic-5-Line-14_x5_-1.jpg","contentUrl":"https:\/\/www.rimocc.com\/wp-content\/uploads\/2024\/06\/Rogers-Dynasonic-5-Line-14_x5_-1.jpg","width":1920,"height":1920},{"@type":"BreadcrumbList","@id":"https:\/\/www.rimocc.com\/product\/rogers-dynasonic-5-line-14x5-cob-fin-60s-debut-70s\/#breadcrumb","itemListElement":[{"@type":"ListItem","position":1,"name":"Home","item":"https:\/\/www.rimocc.com\/"},{"@type":"ListItem","position":2,"name":"Shop","item":"https:\/\/www.rimocc.com\/shop\/"},{"@type":"ListItem","position":3,"name":"Rogers Dynasonic 5 Line 14&#8243;x5&#8243; COB fin 60&#8217;s\/d\u00e9but 70&#8217;s"}]},{"@type":"WebSite","@id":"https:\/\/www.rimocc.com\/#website","url":"https:\/\/www.rimocc.com\/","name":"D\u00e9p\u00f4t Vente Batterie Percussion | Rimocc Lyon","description":"Rimocc: l&#039;unique magasin d\u00e9di\u00e9 enti\u00e8rement \u00e0 la batterie, percussion d&#039;occasion et vintage \u00e0 Lyon, France","publisher":{"@id":"https:\/\/www.rimocc.com\/#organization"},"alternateName":"Rimocc'","potentialAction":[{"@type":"SearchAction","target":{"@type":"EntryPoint","urlTemplate":"https:\/\/www.rimocc.com\/?s={search_term_string}"},"query-input":{"@type":"PropertyValueSpecification","valueRequired":true,"valueName":"search_term_string"}}],"inLanguage":"en-US"},{"@type":"Organization","@id":"https:\/\/www.rimocc.com\/#organization","name":"Rimocc'","alternateName":"Rimocc","url":"https:\/\/www.rimocc.com\/","logo":{"@type":"ImageObject","inLanguage":"en-US","@id":"https:\/\/www.rimocc.com\/#\/schema\/logo\/image\/","url":"https:\/\/i0.wp.com\/www.rimocc.com\/wp-content\/uploads\/2023\/07\/RIMOCC_LOGO.jpg?fit=459%2C114&ssl=1","contentUrl":"https:\/\/i0.wp.com\/www.rimocc.com\/wp-content\/uploads\/2023\/07\/RIMOCC_LOGO.jpg?fit=459%2C114&ssl=1","width":459,"height":114,"caption":"Rimocc'"},"image":{"@id":"https:\/\/www.rimocc.com\/#\/schema\/logo\/image\/"},"sameAs":["https:\/\/www.facebook.com\/rimocclyon\/?locale=fr_FR","https:\/\/www.instagram.com\/rimoccc\/?hl=fr","https:\/\/www.tiktok.com\/@rimocc","https:\/\/www.youtube.com\/@Rimocc"]}]}},"jetpack_publicize_connections":[],"jetpack_sharing_enabled":true,"_links":{"self":[{"href":"https:\/\/www.rimocc.com\/en\/wp-json\/wp\/v2\/product\/12206","targetHints":{"allow":["GET"]}}],"collection":[{"href":"https:\/\/www.rimocc.com\/en\/wp-json\/wp\/v2\/product"}],"about":[{"href":"https:\/\/www.rimocc.com\/en\/wp-json\/wp\/v2\/types\/product"}],"replies":[{"embeddable":true,"href":"https:\/\/www.rimocc.com\/en\/wp-json\/wp\/v2\/comments?post=12206"}],"wp:featuredmedia":[{"embeddable":true,"href":"https:\/\/www.rimocc.com\/en\/wp-json\/wp\/v2\/media\/12205"}],"wp:attachment":[{"href":"https:\/\/www.rimocc.com\/en\/wp-json\/wp\/v2\/media?parent=12206"}],"wp:term":[{"taxonomy":"product_brand","embeddable":true,"href":"https:\/\/www.rimocc.com\/en\/wp-json\/wp\/v2\/product_brand?post=12206"},{"taxonomy":"product_cat","embeddable":true,"href":"https:\/\/www.rimocc.com\/en\/wp-json\/wp\/v2\/product_cat?post=12206"},{"taxonomy":"product_tag","embeddable":true,"href":"https:\/\/www.rimocc.com\/en\/wp-json\/wp\/v2\/product_tag?post=12206"}],"curies":[{"name":"wp","href":"https:\/\/api.w.org\/{rel}","templated":true}]}}