{"id":1215,"date":"2023-06-08T21:12:52","date_gmt":"2023-06-08T21:12:52","guid":{"rendered":"https:\/\/rimocc.a2hosted.com\/product\/sonor-hilite-soprano-rosewood-finish-12x5-maple\/"},"modified":"2023-06-10T03:33:36","modified_gmt":"2023-06-10T03:33:36","slug":"sonor-hilite-soprano-rosewood-finish-12x5-maple","status":"publish","type":"product","link":"https:\/\/www.rimocc.com\/en\/product\/sonor-hilite-soprano-rosewood-finish-12x5-maple\/","title":{"rendered":"Sonor Hilite Soprano Rosewood Finish 12&Prime;x5&Prime; (maple)"},"content":{"rendered":"<div>\n<div><span><span>Sonor Hilite Soprano Rosewood Finish 12&Prime;x5&Prime; (maple), \u00e9quip\u00e9e d&rsquo;un S-Hoop pour une optimisation de ses capacit\u00e9s. <\/span><\/span><span><span>Equip\u00e9e en top par une RMV Classic Duo (encore jouable et parfaite pour ce mod\u00e8le) et une Remo Ambassador snare side clear en bottom.<\/span><\/span><\/div>\n<\/div>\n<div>\n<div><span><span>Etat proche du neuf, seule la molette de r\u00e9glage du timbre est l\u00e9g\u00e8rement oxyd\u00e9e. Timbre Sonor d&rsquo;origine.<\/span><\/span><\/div>\n<\/div>","protected":false},"excerpt":{"rendered":"<p>Sonor Hilite Soprano Rosewood Finish 12&Prime;x5&Prime; (maple), \u00e9quip\u00e9e d&rsquo;un S-Hoop pour une optimisation de ses capacit\u00e9s. Equip\u00e9e en top par une RMV Classic Duo (encore jouable et parfaite pour ce mod\u00e8le) et une Remo Ambassador snare side clear en bottom. Etat proche du neuf, seule la molette de r\u00e9glage du timbre est l\u00e9g\u00e8rement oxyd\u00e9e. Timbre [&hellip;]<\/p>\n","protected":false},"featured_media":2882,"comment_status":"open","ping_status":"closed","template":"","meta":{"jetpack_publicize_message":"","jetpack_publicize_feature_enabled":true,"jetpack_social_post_already_shared":false,"jetpack_social_options":{"image_generator_settings":{"template":"highway","default_image_id":0,"font":"","enabled":false},"version":2}},"product_brand":[],"product_cat":[25],"product_tag":[],"class_list":{"0":"post-1215","1":"product","2":"type-product","3":"status-publish","4":"has-post-thumbnail","6":"product_cat-caisse-claire","8":"entry","9":"has-media","11":"first","12":"outofstock","13":"shipping-taxable","14":"purchasable","15":"product-type-simple","16":"has-product-nav","17":"col","18":"span_1_of_3","19":"owp-content-center","20":"owp-thumbs-layout-horizontal","21":"owp-btn-normal","22":"owp-tabs-layout-horizontal"},"yoast_head":"<!-- This site is optimized with the Yoast SEO plugin v27.4 - https:\/\/yoast.com\/product\/yoast-seo-wordpress\/ -->\n<title>Sonor Hilite Soprano Rosewood Finish 12&quot;x5&quot; (maple) - D\u00e9p\u00f4t Vente Batterie Percussion | Rimocc Lyon<\/title>\n<meta name=\"robots\" content=\"index, follow, max-snippet:-1, max-image-preview:large, max-video-preview:-1\" \/>\n<link rel=\"canonical\" href=\"https:\/\/www.rimocc.com\/en\/product\/sonor-hilite-soprano-rosewood-finish-12x5-maple\/\" \/>\n<meta property=\"og:locale\" content=\"en_US\" \/>\n<meta property=\"og:type\" content=\"article\" \/>\n<meta property=\"og:title\" content=\"Sonor Hilite Soprano Rosewood Finish 12&quot;x5&quot; (maple) - D\u00e9p\u00f4t Vente Batterie Percussion | Rimocc Lyon\" \/>\n<meta property=\"og:description\" content=\"Sonor Hilite Soprano Rosewood Finish 12&Prime;x5&Prime; (maple), \u00e9quip\u00e9e d&rsquo;un S-Hoop pour une optimisation de ses capacit\u00e9s. Equip\u00e9e en top par une RMV Classic Duo (encore jouable et parfaite pour ce mod\u00e8le) et une Remo Ambassador snare side clear en bottom. Etat proche du neuf, seule la molette de r\u00e9glage du timbre est l\u00e9g\u00e8rement oxyd\u00e9e. Timbre [&hellip;]\" \/>\n<meta property=\"og:url\" content=\"https:\/\/www.rimocc.com\/en\/product\/sonor-hilite-soprano-rosewood-finish-12x5-maple\/\" \/>\n<meta property=\"og:site_name\" content=\"D\u00e9p\u00f4t Vente Batterie Percussion | Rimocc Lyon\" \/>\n<meta property=\"article:publisher\" content=\"https:\/\/www.facebook.com\/rimocclyon\/?locale=fr_FR\" \/>\n<meta property=\"article:modified_time\" content=\"2023-06-10T03:33:36+00:00\" \/>\n<meta property=\"og:image\" content=\"https:\/\/www.rimocc.com\/wp-content\/uploads\/2023\/06\/0e6ab0_86dd6701742148f98337ce6722831c00mv2.webp\" \/>\n\t<meta property=\"og:image:width\" content=\"500\" \/>\n\t<meta property=\"og:image:height\" content=\"667\" \/>\n\t<meta property=\"og:image:type\" content=\"image\/webp\" \/>\n<meta name=\"twitter:card\" content=\"summary_large_image\" \/>\n<script type=\"application\/ld+json\" class=\"yoast-schema-graph\">{\"@context\":\"https:\\\/\\\/schema.org\",\"@graph\":[{\"@type\":\"WebPage\",\"@id\":\"https:\\\/\\\/www.rimocc.com\\\/product\\\/sonor-hilite-soprano-rosewood-finish-12x5-maple\\\/\",\"url\":\"https:\\\/\\\/www.rimocc.com\\\/product\\\/sonor-hilite-soprano-rosewood-finish-12x5-maple\\\/\",\"name\":\"Sonor Hilite Soprano Rosewood Finish 12\\\"x5\\\" (maple) - D\u00e9p\u00f4t Vente Batterie Percussion | Rimocc Lyon\",\"isPartOf\":{\"@id\":\"https:\\\/\\\/www.rimocc.com\\\/#website\"},\"primaryImageOfPage\":{\"@id\":\"https:\\\/\\\/www.rimocc.com\\\/product\\\/sonor-hilite-soprano-rosewood-finish-12x5-maple\\\/#primaryimage\"},\"image\":{\"@id\":\"https:\\\/\\\/www.rimocc.com\\\/product\\\/sonor-hilite-soprano-rosewood-finish-12x5-maple\\\/#primaryimage\"},\"thumbnailUrl\":\"https:\\\/\\\/www.rimocc.com\\\/wp-content\\\/uploads\\\/2023\\\/06\\\/0e6ab0_86dd6701742148f98337ce6722831c00mv2.webp\",\"datePublished\":\"2023-06-08T21:12:52+00:00\",\"dateModified\":\"2023-06-10T03:33:36+00:00\",\"breadcrumb\":{\"@id\":\"https:\\\/\\\/www.rimocc.com\\\/product\\\/sonor-hilite-soprano-rosewood-finish-12x5-maple\\\/#breadcrumb\"},\"inLanguage\":\"en-US\",\"potentialAction\":[{\"@type\":\"ReadAction\",\"target\":[\"https:\\\/\\\/www.rimocc.com\\\/product\\\/sonor-hilite-soprano-rosewood-finish-12x5-maple\\\/\"]}]},{\"@type\":\"ImageObject\",\"inLanguage\":\"en-US\",\"@id\":\"https:\\\/\\\/www.rimocc.com\\\/product\\\/sonor-hilite-soprano-rosewood-finish-12x5-maple\\\/#primaryimage\",\"url\":\"https:\\\/\\\/www.rimocc.com\\\/wp-content\\\/uploads\\\/2023\\\/06\\\/0e6ab0_86dd6701742148f98337ce6722831c00mv2.webp\",\"contentUrl\":\"https:\\\/\\\/www.rimocc.com\\\/wp-content\\\/uploads\\\/2023\\\/06\\\/0e6ab0_86dd6701742148f98337ce6722831c00mv2.webp\",\"width\":500,\"height\":667},{\"@type\":\"BreadcrumbList\",\"@id\":\"https:\\\/\\\/www.rimocc.com\\\/product\\\/sonor-hilite-soprano-rosewood-finish-12x5-maple\\\/#breadcrumb\",\"itemListElement\":[{\"@type\":\"ListItem\",\"position\":1,\"name\":\"Home\",\"item\":\"https:\\\/\\\/www.rimocc.com\\\/\"},{\"@type\":\"ListItem\",\"position\":2,\"name\":\"Shop\",\"item\":\"https:\\\/\\\/www.rimocc.com\\\/shop\\\/\"},{\"@type\":\"ListItem\",\"position\":3,\"name\":\"Sonor Hilite Soprano Rosewood Finish 12&#8243;x5&#8243; (maple)\"}]},{\"@type\":\"WebSite\",\"@id\":\"https:\\\/\\\/www.rimocc.com\\\/#website\",\"url\":\"https:\\\/\\\/www.rimocc.com\\\/\",\"name\":\"D\u00e9p\u00f4t Vente Batterie Percussion | Rimocc Lyon\",\"description\":\"Rimocc: l&#039;unique magasin d\u00e9di\u00e9 enti\u00e8rement \u00e0 la batterie, percussion d&#039;occasion et vintage \u00e0 Lyon, France\",\"publisher\":{\"@id\":\"https:\\\/\\\/www.rimocc.com\\\/#organization\"},\"alternateName\":\"Rimocc'\",\"potentialAction\":[{\"@type\":\"SearchAction\",\"target\":{\"@type\":\"EntryPoint\",\"urlTemplate\":\"https:\\\/\\\/www.rimocc.com\\\/?s={search_term_string}\"},\"query-input\":{\"@type\":\"PropertyValueSpecification\",\"valueRequired\":true,\"valueName\":\"search_term_string\"}}],\"inLanguage\":\"en-US\"},{\"@type\":\"Organization\",\"@id\":\"https:\\\/\\\/www.rimocc.com\\\/#organization\",\"name\":\"Rimocc'\",\"alternateName\":\"Rimocc\",\"url\":\"https:\\\/\\\/www.rimocc.com\\\/\",\"logo\":{\"@type\":\"ImageObject\",\"inLanguage\":\"en-US\",\"@id\":\"https:\\\/\\\/www.rimocc.com\\\/#\\\/schema\\\/logo\\\/image\\\/\",\"url\":\"https:\\\/\\\/i0.wp.com\\\/www.rimocc.com\\\/wp-content\\\/uploads\\\/2023\\\/07\\\/RIMOCC_LOGO.jpg?fit=459%2C114&ssl=1\",\"contentUrl\":\"https:\\\/\\\/i0.wp.com\\\/www.rimocc.com\\\/wp-content\\\/uploads\\\/2023\\\/07\\\/RIMOCC_LOGO.jpg?fit=459%2C114&ssl=1\",\"width\":459,\"height\":114,\"caption\":\"Rimocc'\"},\"image\":{\"@id\":\"https:\\\/\\\/www.rimocc.com\\\/#\\\/schema\\\/logo\\\/image\\\/\"},\"sameAs\":[\"https:\\\/\\\/www.facebook.com\\\/rimocclyon\\\/?locale=fr_FR\",\"https:\\\/\\\/www.instagram.com\\\/rimoccc\\\/?hl=fr\",\"https:\\\/\\\/www.tiktok.com\\\/@rimocc\",\"https:\\\/\\\/www.youtube.com\\\/@Rimocc\"]}]}<\/script>\n<!-- \/ Yoast SEO plugin. -->","yoast_head_json":{"title":"Sonor Hilite Soprano Rosewood Finish 12\"x5\" (maple) - D\u00e9p\u00f4t Vente Batterie Percussion | Rimocc Lyon","robots":{"index":"index","follow":"follow","max-snippet":"max-snippet:-1","max-image-preview":"max-image-preview:large","max-video-preview":"max-video-preview:-1"},"canonical":"https:\/\/www.rimocc.com\/en\/product\/sonor-hilite-soprano-rosewood-finish-12x5-maple\/","og_locale":"en_US","og_type":"article","og_title":"Sonor Hilite Soprano Rosewood Finish 12\"x5\" (maple) - D\u00e9p\u00f4t Vente Batterie Percussion | Rimocc Lyon","og_description":"Sonor Hilite Soprano Rosewood Finish 12&Prime;x5&Prime; (maple), \u00e9quip\u00e9e d&rsquo;un S-Hoop pour une optimisation de ses capacit\u00e9s. Equip\u00e9e en top par une RMV Classic Duo (encore jouable et parfaite pour ce mod\u00e8le) et une Remo Ambassador snare side clear en bottom. Etat proche du neuf, seule la molette de r\u00e9glage du timbre est l\u00e9g\u00e8rement oxyd\u00e9e. Timbre [&hellip;]","og_url":"https:\/\/www.rimocc.com\/en\/product\/sonor-hilite-soprano-rosewood-finish-12x5-maple\/","og_site_name":"D\u00e9p\u00f4t Vente Batterie Percussion | Rimocc Lyon","article_publisher":"https:\/\/www.facebook.com\/rimocclyon\/?locale=fr_FR","article_modified_time":"2023-06-10T03:33:36+00:00","og_image":[{"width":500,"height":667,"url":"https:\/\/www.rimocc.com\/wp-content\/uploads\/2023\/06\/0e6ab0_86dd6701742148f98337ce6722831c00mv2.webp","type":"image\/webp"}],"twitter_card":"summary_large_image","schema":{"@context":"https:\/\/schema.org","@graph":[{"@type":"WebPage","@id":"https:\/\/www.rimocc.com\/product\/sonor-hilite-soprano-rosewood-finish-12x5-maple\/","url":"https:\/\/www.rimocc.com\/product\/sonor-hilite-soprano-rosewood-finish-12x5-maple\/","name":"Sonor Hilite Soprano Rosewood Finish 12\"x5\" (maple) - D\u00e9p\u00f4t Vente Batterie Percussion | Rimocc Lyon","isPartOf":{"@id":"https:\/\/www.rimocc.com\/#website"},"primaryImageOfPage":{"@id":"https:\/\/www.rimocc.com\/product\/sonor-hilite-soprano-rosewood-finish-12x5-maple\/#primaryimage"},"image":{"@id":"https:\/\/www.rimocc.com\/product\/sonor-hilite-soprano-rosewood-finish-12x5-maple\/#primaryimage"},"thumbnailUrl":"https:\/\/www.rimocc.com\/wp-content\/uploads\/2023\/06\/0e6ab0_86dd6701742148f98337ce6722831c00mv2.webp","datePublished":"2023-06-08T21:12:52+00:00","dateModified":"2023-06-10T03:33:36+00:00","breadcrumb":{"@id":"https:\/\/www.rimocc.com\/product\/sonor-hilite-soprano-rosewood-finish-12x5-maple\/#breadcrumb"},"inLanguage":"en-US","potentialAction":[{"@type":"ReadAction","target":["https:\/\/www.rimocc.com\/product\/sonor-hilite-soprano-rosewood-finish-12x5-maple\/"]}]},{"@type":"ImageObject","inLanguage":"en-US","@id":"https:\/\/www.rimocc.com\/product\/sonor-hilite-soprano-rosewood-finish-12x5-maple\/#primaryimage","url":"https:\/\/www.rimocc.com\/wp-content\/uploads\/2023\/06\/0e6ab0_86dd6701742148f98337ce6722831c00mv2.webp","contentUrl":"https:\/\/www.rimocc.com\/wp-content\/uploads\/2023\/06\/0e6ab0_86dd6701742148f98337ce6722831c00mv2.webp","width":500,"height":667},{"@type":"BreadcrumbList","@id":"https:\/\/www.rimocc.com\/product\/sonor-hilite-soprano-rosewood-finish-12x5-maple\/#breadcrumb","itemListElement":[{"@type":"ListItem","position":1,"name":"Home","item":"https:\/\/www.rimocc.com\/"},{"@type":"ListItem","position":2,"name":"Shop","item":"https:\/\/www.rimocc.com\/shop\/"},{"@type":"ListItem","position":3,"name":"Sonor Hilite Soprano Rosewood Finish 12&#8243;x5&#8243; (maple)"}]},{"@type":"WebSite","@id":"https:\/\/www.rimocc.com\/#website","url":"https:\/\/www.rimocc.com\/","name":"D\u00e9p\u00f4t Vente Batterie Percussion | Rimocc Lyon","description":"Rimocc: l&#039;unique magasin d\u00e9di\u00e9 enti\u00e8rement \u00e0 la batterie, percussion d&#039;occasion et vintage \u00e0 Lyon, France","publisher":{"@id":"https:\/\/www.rimocc.com\/#organization"},"alternateName":"Rimocc'","potentialAction":[{"@type":"SearchAction","target":{"@type":"EntryPoint","urlTemplate":"https:\/\/www.rimocc.com\/?s={search_term_string}"},"query-input":{"@type":"PropertyValueSpecification","valueRequired":true,"valueName":"search_term_string"}}],"inLanguage":"en-US"},{"@type":"Organization","@id":"https:\/\/www.rimocc.com\/#organization","name":"Rimocc'","alternateName":"Rimocc","url":"https:\/\/www.rimocc.com\/","logo":{"@type":"ImageObject","inLanguage":"en-US","@id":"https:\/\/www.rimocc.com\/#\/schema\/logo\/image\/","url":"https:\/\/i0.wp.com\/www.rimocc.com\/wp-content\/uploads\/2023\/07\/RIMOCC_LOGO.jpg?fit=459%2C114&ssl=1","contentUrl":"https:\/\/i0.wp.com\/www.rimocc.com\/wp-content\/uploads\/2023\/07\/RIMOCC_LOGO.jpg?fit=459%2C114&ssl=1","width":459,"height":114,"caption":"Rimocc'"},"image":{"@id":"https:\/\/www.rimocc.com\/#\/schema\/logo\/image\/"},"sameAs":["https:\/\/www.facebook.com\/rimocclyon\/?locale=fr_FR","https:\/\/www.instagram.com\/rimoccc\/?hl=fr","https:\/\/www.tiktok.com\/@rimocc","https:\/\/www.youtube.com\/@Rimocc"]}]}},"jetpack_publicize_connections":[],"jetpack_sharing_enabled":true,"_links":{"self":[{"href":"https:\/\/www.rimocc.com\/en\/wp-json\/wp\/v2\/product\/1215","targetHints":{"allow":["GET"]}}],"collection":[{"href":"https:\/\/www.rimocc.com\/en\/wp-json\/wp\/v2\/product"}],"about":[{"href":"https:\/\/www.rimocc.com\/en\/wp-json\/wp\/v2\/types\/product"}],"replies":[{"embeddable":true,"href":"https:\/\/www.rimocc.com\/en\/wp-json\/wp\/v2\/comments?post=1215"}],"wp:featuredmedia":[{"embeddable":true,"href":"https:\/\/www.rimocc.com\/en\/wp-json\/wp\/v2\/media\/2882"}],"wp:attachment":[{"href":"https:\/\/www.rimocc.com\/en\/wp-json\/wp\/v2\/media?parent=1215"}],"wp:term":[{"taxonomy":"product_brand","embeddable":true,"href":"https:\/\/www.rimocc.com\/en\/wp-json\/wp\/v2\/product_brand?post=1215"},{"taxonomy":"product_cat","embeddable":true,"href":"https:\/\/www.rimocc.com\/en\/wp-json\/wp\/v2\/product_cat?post=1215"},{"taxonomy":"product_tag","embeddable":true,"href":"https:\/\/www.rimocc.com\/en\/wp-json\/wp\/v2\/product_tag?post=1215"}],"curies":[{"name":"wp","href":"https:\/\/api.w.org\/{rel}","templated":true}]}}