{"id":12052,"date":"2024-05-28T17:36:03","date_gmt":"2024-05-28T15:36:03","guid":{"rendered":"https:\/\/www.rimocc.com\/?post_type=product&#038;p=12052"},"modified":"2025-03-06T15:07:33","modified_gmt":"2025-03-06T14:07:33","slug":"tamburo-tom-8-opera-fusion-serie-stave-mineral-green-lacquer-housse-tamburo","status":"publish","type":"product","link":"https:\/\/www.rimocc.com\/en\/product\/tamburo-tom-8-opera-fusion-serie-stave-mineral-green-lacquer-housse-tamburo\/","title":{"rendered":"Tamburo Tom 8&Prime; Opera Fusion Serie Stave Mineral Green Lacquer + Housse Tamburo"},"content":{"rendered":"<p>Tamburo Tom 8&Prime;X8&Prime; Opera Fusion Serie<br \/>\nStave Mineral Green Lacquer + Housse Tamburo<br \/>\nMaple \/ Mahogany<br \/>\nEtat collection<br \/>\nCollector grade<br \/>\nIncluding original Tamburo Drum Bag<\/p>\n<p><em>\u00ab\u00a0First-class sound. Our intuitive stave system, which was originally designed in 1982, finds its home in the OPERA series. We\u2019ve completely redesigned the polyhedral cylinder according to our thirty years of research into high-quality, multilayer, innovative wood and a range of important processes that we strive to continuously update. The TAMBURO OPERA acoustic drumkit, produced with incredible Made-in-Italy creativity, has an unmistakable timbre, that\u2019s never lost, regardless of how it\u2019s tuned. Its dynamic, defined sound, together with its custom, unique aesthetics, make for a sophisticated, prestigious instrument.\u00a0\u00bb<\/em><\/p>\n<p>Tom Rimocc&rsquo; Lyon<\/p>","protected":false},"excerpt":{"rendered":"<p>Tamburo Tom 8&Prime;X8&Prime; Opera Fusion Serie Stave Mineral Green Lacquer + Housse Tamburo Maple \/ Mahogany Etat collection Collector grade Including original Tamburo Drum Bag \u00ab\u00a0First-class sound. Our intuitive stave system, which was originally designed in 1982, finds its home in the OPERA series. We\u2019ve completely redesigned the polyhedral cylinder according to our thirty years [&hellip;]<\/p>\n","protected":false},"featured_media":12051,"comment_status":"open","ping_status":"closed","template":"","meta":{"jetpack_publicize_message":"","jetpack_publicize_feature_enabled":true,"jetpack_social_post_already_shared":true,"jetpack_social_options":{"image_generator_settings":{"template":"highway","default_image_id":0,"font":"","enabled":false},"version":2}},"product_brand":[],"product_cat":[18],"product_tag":[485,513,514,515],"class_list":{"0":"post-12052","1":"product","2":"type-product","3":"status-publish","4":"has-post-thumbnail","6":"product_cat-toms","7":"product_tag-made-in-italy","8":"product_tag-tamburo","9":"product_tag-tamburo-drums","10":"product_tag-tom-8","12":"entry","13":"has-media","15":"first","16":"outofstock","17":"shipping-taxable","18":"purchasable","19":"product-type-simple","20":"has-product-nav","21":"col","22":"span_1_of_3","23":"owp-content-center","24":"owp-thumbs-layout-horizontal","25":"owp-btn-normal","26":"owp-tabs-layout-horizontal"},"yoast_head":"<!-- This site is optimized with the Yoast SEO plugin v27.4 - https:\/\/yoast.com\/product\/yoast-seo-wordpress\/ -->\n<title>Tamburo Tom 8&quot; Opera Fusion Serie Stave Mineral Green Lacquer + Housse Tamburo - D\u00e9p\u00f4t Vente Batterie Percussion | Rimocc Lyon<\/title>\n<meta name=\"description\" content=\"First-class sound. Our intuitive stave system, which was originally designed in 1982, finds its home in the OPERA series. We\u2019ve completely redesigned the polyhedral cylinder according to our thirty years of research into high-quality, multilayer, innovative wood and a range of important processes that we strive to continuously update. The TAMBURO OPERA acoustic drumkit, produced with incredible Made-in-Italy creativity, has an unmistakable timbre, that\u2019s never lost, regardless of how it\u2019s tuned. Its dynamic, defined sound, together with its custom, unique aesthetics, make for a sophisticated, prestigious instrument.\" \/>\n<meta name=\"robots\" content=\"index, follow, max-snippet:-1, max-image-preview:large, max-video-preview:-1\" \/>\n<link rel=\"canonical\" href=\"https:\/\/www.rimocc.com\/en\/product\/tamburo-tom-8-opera-fusion-serie-stave-mineral-green-lacquer-housse-tamburo\/\" \/>\n<meta property=\"og:locale\" content=\"en_US\" \/>\n<meta property=\"og:type\" content=\"article\" \/>\n<meta property=\"og:title\" content=\"Tamburo Tom 8&quot; Opera Fusion Serie Stave Mineral Green Lacquer + Housse Tamburo - D\u00e9p\u00f4t Vente Batterie Percussion | Rimocc Lyon\" \/>\n<meta property=\"og:description\" content=\"First-class sound. Our intuitive stave system, which was originally designed in 1982, finds its home in the OPERA series. We\u2019ve completely redesigned the polyhedral cylinder according to our thirty years of research into high-quality, multilayer, innovative wood and a range of important processes that we strive to continuously update. The TAMBURO OPERA acoustic drumkit, produced with incredible Made-in-Italy creativity, has an unmistakable timbre, that\u2019s never lost, regardless of how it\u2019s tuned. Its dynamic, defined sound, together with its custom, unique aesthetics, make for a sophisticated, prestigious instrument.\" \/>\n<meta property=\"og:url\" content=\"https:\/\/www.rimocc.com\/en\/product\/tamburo-tom-8-opera-fusion-serie-stave-mineral-green-lacquer-housse-tamburo\/\" \/>\n<meta property=\"og:site_name\" content=\"D\u00e9p\u00f4t Vente Batterie Percussion | Rimocc Lyon\" \/>\n<meta property=\"article:publisher\" content=\"https:\/\/www.facebook.com\/rimocclyon\/?locale=fr_FR\" \/>\n<meta property=\"article:modified_time\" content=\"2025-03-06T14:07:33+00:00\" \/>\n<meta property=\"og:image\" content=\"https:\/\/www.rimocc.com\/wp-content\/uploads\/2024\/05\/Tamburo-Tom-8_-Opera-Fusion-Serie-Stave-Mineral-Green-Lacquer-Housse-Tamburo-1.jpg\" \/>\n\t<meta property=\"og:image:width\" content=\"1920\" \/>\n\t<meta property=\"og:image:height\" content=\"1920\" \/>\n\t<meta property=\"og:image:type\" content=\"image\/jpeg\" \/>\n<meta name=\"twitter:card\" content=\"summary_large_image\" \/>\n<meta name=\"twitter:label1\" content=\"Est. reading time\" \/>\n\t<meta name=\"twitter:data1\" content=\"1 minute\" \/>\n<script type=\"application\/ld+json\" class=\"yoast-schema-graph\">{\"@context\":\"https:\\\/\\\/schema.org\",\"@graph\":[{\"@type\":\"WebPage\",\"@id\":\"https:\\\/\\\/www.rimocc.com\\\/product\\\/tamburo-tom-8-opera-fusion-serie-stave-mineral-green-lacquer-housse-tamburo\\\/\",\"url\":\"https:\\\/\\\/www.rimocc.com\\\/product\\\/tamburo-tom-8-opera-fusion-serie-stave-mineral-green-lacquer-housse-tamburo\\\/\",\"name\":\"Tamburo Tom 8\\\" Opera Fusion Serie Stave Mineral Green Lacquer + Housse Tamburo - D\u00e9p\u00f4t Vente Batterie Percussion | Rimocc Lyon\",\"isPartOf\":{\"@id\":\"https:\\\/\\\/www.rimocc.com\\\/#website\"},\"primaryImageOfPage\":{\"@id\":\"https:\\\/\\\/www.rimocc.com\\\/product\\\/tamburo-tom-8-opera-fusion-serie-stave-mineral-green-lacquer-housse-tamburo\\\/#primaryimage\"},\"image\":{\"@id\":\"https:\\\/\\\/www.rimocc.com\\\/product\\\/tamburo-tom-8-opera-fusion-serie-stave-mineral-green-lacquer-housse-tamburo\\\/#primaryimage\"},\"thumbnailUrl\":\"https:\\\/\\\/www.rimocc.com\\\/wp-content\\\/uploads\\\/2024\\\/05\\\/Tamburo-Tom-8_-Opera-Fusion-Serie-Stave-Mineral-Green-Lacquer-Housse-Tamburo-1.jpg\",\"datePublished\":\"2024-05-28T15:36:03+00:00\",\"dateModified\":\"2025-03-06T14:07:33+00:00\",\"description\":\"First-class sound. Our intuitive stave system, which was originally designed in 1982, finds its home in the OPERA series. We\u2019ve completely redesigned the polyhedral cylinder according to our thirty years of research into high-quality, multilayer, innovative wood and a range of important processes that we strive to continuously update. The TAMBURO OPERA acoustic drumkit, produced with incredible Made-in-Italy creativity, has an unmistakable timbre, that\u2019s never lost, regardless of how it\u2019s tuned. Its dynamic, defined sound, together with its custom, unique aesthetics, make for a sophisticated, prestigious instrument.\",\"breadcrumb\":{\"@id\":\"https:\\\/\\\/www.rimocc.com\\\/product\\\/tamburo-tom-8-opera-fusion-serie-stave-mineral-green-lacquer-housse-tamburo\\\/#breadcrumb\"},\"inLanguage\":\"en-US\",\"potentialAction\":[{\"@type\":\"ReadAction\",\"target\":[\"https:\\\/\\\/www.rimocc.com\\\/product\\\/tamburo-tom-8-opera-fusion-serie-stave-mineral-green-lacquer-housse-tamburo\\\/\"]}]},{\"@type\":\"ImageObject\",\"inLanguage\":\"en-US\",\"@id\":\"https:\\\/\\\/www.rimocc.com\\\/product\\\/tamburo-tom-8-opera-fusion-serie-stave-mineral-green-lacquer-housse-tamburo\\\/#primaryimage\",\"url\":\"https:\\\/\\\/www.rimocc.com\\\/wp-content\\\/uploads\\\/2024\\\/05\\\/Tamburo-Tom-8_-Opera-Fusion-Serie-Stave-Mineral-Green-Lacquer-Housse-Tamburo-1.jpg\",\"contentUrl\":\"https:\\\/\\\/www.rimocc.com\\\/wp-content\\\/uploads\\\/2024\\\/05\\\/Tamburo-Tom-8_-Opera-Fusion-Serie-Stave-Mineral-Green-Lacquer-Housse-Tamburo-1.jpg\",\"width\":1920,\"height\":1920,\"caption\":\"Tamburo Tom 8\\\" Opera Fusion Serie Stave Mineral Green Lacquer + Housse Tamburo\"},{\"@type\":\"BreadcrumbList\",\"@id\":\"https:\\\/\\\/www.rimocc.com\\\/product\\\/tamburo-tom-8-opera-fusion-serie-stave-mineral-green-lacquer-housse-tamburo\\\/#breadcrumb\",\"itemListElement\":[{\"@type\":\"ListItem\",\"position\":1,\"name\":\"Home\",\"item\":\"https:\\\/\\\/www.rimocc.com\\\/\"},{\"@type\":\"ListItem\",\"position\":2,\"name\":\"Shop\",\"item\":\"https:\\\/\\\/www.rimocc.com\\\/shop\\\/\"},{\"@type\":\"ListItem\",\"position\":3,\"name\":\"Tamburo Tom 8&#8243; Opera Fusion Serie Stave Mineral Green Lacquer + Housse Tamburo\"}]},{\"@type\":\"WebSite\",\"@id\":\"https:\\\/\\\/www.rimocc.com\\\/#website\",\"url\":\"https:\\\/\\\/www.rimocc.com\\\/\",\"name\":\"D\u00e9p\u00f4t Vente Batterie Percussion | Rimocc Lyon\",\"description\":\"Rimocc: l&#039;unique magasin d\u00e9di\u00e9 enti\u00e8rement \u00e0 la batterie, percussion d&#039;occasion et vintage \u00e0 Lyon, France\",\"publisher\":{\"@id\":\"https:\\\/\\\/www.rimocc.com\\\/#organization\"},\"alternateName\":\"Rimocc'\",\"potentialAction\":[{\"@type\":\"SearchAction\",\"target\":{\"@type\":\"EntryPoint\",\"urlTemplate\":\"https:\\\/\\\/www.rimocc.com\\\/?s={search_term_string}\"},\"query-input\":{\"@type\":\"PropertyValueSpecification\",\"valueRequired\":true,\"valueName\":\"search_term_string\"}}],\"inLanguage\":\"en-US\"},{\"@type\":\"Organization\",\"@id\":\"https:\\\/\\\/www.rimocc.com\\\/#organization\",\"name\":\"Rimocc'\",\"alternateName\":\"Rimocc\",\"url\":\"https:\\\/\\\/www.rimocc.com\\\/\",\"logo\":{\"@type\":\"ImageObject\",\"inLanguage\":\"en-US\",\"@id\":\"https:\\\/\\\/www.rimocc.com\\\/#\\\/schema\\\/logo\\\/image\\\/\",\"url\":\"https:\\\/\\\/i0.wp.com\\\/www.rimocc.com\\\/wp-content\\\/uploads\\\/2023\\\/07\\\/RIMOCC_LOGO.jpg?fit=459%2C114&ssl=1\",\"contentUrl\":\"https:\\\/\\\/i0.wp.com\\\/www.rimocc.com\\\/wp-content\\\/uploads\\\/2023\\\/07\\\/RIMOCC_LOGO.jpg?fit=459%2C114&ssl=1\",\"width\":459,\"height\":114,\"caption\":\"Rimocc'\"},\"image\":{\"@id\":\"https:\\\/\\\/www.rimocc.com\\\/#\\\/schema\\\/logo\\\/image\\\/\"},\"sameAs\":[\"https:\\\/\\\/www.facebook.com\\\/rimocclyon\\\/?locale=fr_FR\",\"https:\\\/\\\/www.instagram.com\\\/rimoccc\\\/?hl=fr\",\"https:\\\/\\\/www.tiktok.com\\\/@rimocc\",\"https:\\\/\\\/www.youtube.com\\\/@Rimocc\"]}]}<\/script>\n<!-- \/ Yoast SEO plugin. -->","yoast_head_json":{"title":"Tamburo Tom 8\" Opera Fusion Serie Stave Mineral Green Lacquer + Housse Tamburo - D\u00e9p\u00f4t Vente Batterie Percussion | Rimocc Lyon","description":"First-class sound. Our intuitive stave system, which was originally designed in 1982, finds its home in the OPERA series. We\u2019ve completely redesigned the polyhedral cylinder according to our thirty years of research into high-quality, multilayer, innovative wood and a range of important processes that we strive to continuously update. The TAMBURO OPERA acoustic drumkit, produced with incredible Made-in-Italy creativity, has an unmistakable timbre, that\u2019s never lost, regardless of how it\u2019s tuned. Its dynamic, defined sound, together with its custom, unique aesthetics, make for a sophisticated, prestigious instrument.","robots":{"index":"index","follow":"follow","max-snippet":"max-snippet:-1","max-image-preview":"max-image-preview:large","max-video-preview":"max-video-preview:-1"},"canonical":"https:\/\/www.rimocc.com\/en\/product\/tamburo-tom-8-opera-fusion-serie-stave-mineral-green-lacquer-housse-tamburo\/","og_locale":"en_US","og_type":"article","og_title":"Tamburo Tom 8\" Opera Fusion Serie Stave Mineral Green Lacquer + Housse Tamburo - D\u00e9p\u00f4t Vente Batterie Percussion | Rimocc Lyon","og_description":"First-class sound. Our intuitive stave system, which was originally designed in 1982, finds its home in the OPERA series. We\u2019ve completely redesigned the polyhedral cylinder according to our thirty years of research into high-quality, multilayer, innovative wood and a range of important processes that we strive to continuously update. The TAMBURO OPERA acoustic drumkit, produced with incredible Made-in-Italy creativity, has an unmistakable timbre, that\u2019s never lost, regardless of how it\u2019s tuned. Its dynamic, defined sound, together with its custom, unique aesthetics, make for a sophisticated, prestigious instrument.","og_url":"https:\/\/www.rimocc.com\/en\/product\/tamburo-tom-8-opera-fusion-serie-stave-mineral-green-lacquer-housse-tamburo\/","og_site_name":"D\u00e9p\u00f4t Vente Batterie Percussion | Rimocc Lyon","article_publisher":"https:\/\/www.facebook.com\/rimocclyon\/?locale=fr_FR","article_modified_time":"2025-03-06T14:07:33+00:00","og_image":[{"width":1920,"height":1920,"url":"https:\/\/www.rimocc.com\/wp-content\/uploads\/2024\/05\/Tamburo-Tom-8_-Opera-Fusion-Serie-Stave-Mineral-Green-Lacquer-Housse-Tamburo-1.jpg","type":"image\/jpeg"}],"twitter_card":"summary_large_image","twitter_misc":{"Est. reading time":"1 minute"},"schema":{"@context":"https:\/\/schema.org","@graph":[{"@type":"WebPage","@id":"https:\/\/www.rimocc.com\/product\/tamburo-tom-8-opera-fusion-serie-stave-mineral-green-lacquer-housse-tamburo\/","url":"https:\/\/www.rimocc.com\/product\/tamburo-tom-8-opera-fusion-serie-stave-mineral-green-lacquer-housse-tamburo\/","name":"Tamburo Tom 8\" Opera Fusion Serie Stave Mineral Green Lacquer + Housse Tamburo - D\u00e9p\u00f4t Vente Batterie Percussion | Rimocc Lyon","isPartOf":{"@id":"https:\/\/www.rimocc.com\/#website"},"primaryImageOfPage":{"@id":"https:\/\/www.rimocc.com\/product\/tamburo-tom-8-opera-fusion-serie-stave-mineral-green-lacquer-housse-tamburo\/#primaryimage"},"image":{"@id":"https:\/\/www.rimocc.com\/product\/tamburo-tom-8-opera-fusion-serie-stave-mineral-green-lacquer-housse-tamburo\/#primaryimage"},"thumbnailUrl":"https:\/\/www.rimocc.com\/wp-content\/uploads\/2024\/05\/Tamburo-Tom-8_-Opera-Fusion-Serie-Stave-Mineral-Green-Lacquer-Housse-Tamburo-1.jpg","datePublished":"2024-05-28T15:36:03+00:00","dateModified":"2025-03-06T14:07:33+00:00","description":"First-class sound. Our intuitive stave system, which was originally designed in 1982, finds its home in the OPERA series. We\u2019ve completely redesigned the polyhedral cylinder according to our thirty years of research into high-quality, multilayer, innovative wood and a range of important processes that we strive to continuously update. The TAMBURO OPERA acoustic drumkit, produced with incredible Made-in-Italy creativity, has an unmistakable timbre, that\u2019s never lost, regardless of how it\u2019s tuned. Its dynamic, defined sound, together with its custom, unique aesthetics, make for a sophisticated, prestigious instrument.","breadcrumb":{"@id":"https:\/\/www.rimocc.com\/product\/tamburo-tom-8-opera-fusion-serie-stave-mineral-green-lacquer-housse-tamburo\/#breadcrumb"},"inLanguage":"en-US","potentialAction":[{"@type":"ReadAction","target":["https:\/\/www.rimocc.com\/product\/tamburo-tom-8-opera-fusion-serie-stave-mineral-green-lacquer-housse-tamburo\/"]}]},{"@type":"ImageObject","inLanguage":"en-US","@id":"https:\/\/www.rimocc.com\/product\/tamburo-tom-8-opera-fusion-serie-stave-mineral-green-lacquer-housse-tamburo\/#primaryimage","url":"https:\/\/www.rimocc.com\/wp-content\/uploads\/2024\/05\/Tamburo-Tom-8_-Opera-Fusion-Serie-Stave-Mineral-Green-Lacquer-Housse-Tamburo-1.jpg","contentUrl":"https:\/\/www.rimocc.com\/wp-content\/uploads\/2024\/05\/Tamburo-Tom-8_-Opera-Fusion-Serie-Stave-Mineral-Green-Lacquer-Housse-Tamburo-1.jpg","width":1920,"height":1920,"caption":"Tamburo Tom 8\" Opera Fusion Serie Stave Mineral Green Lacquer + Housse Tamburo"},{"@type":"BreadcrumbList","@id":"https:\/\/www.rimocc.com\/product\/tamburo-tom-8-opera-fusion-serie-stave-mineral-green-lacquer-housse-tamburo\/#breadcrumb","itemListElement":[{"@type":"ListItem","position":1,"name":"Home","item":"https:\/\/www.rimocc.com\/"},{"@type":"ListItem","position":2,"name":"Shop","item":"https:\/\/www.rimocc.com\/shop\/"},{"@type":"ListItem","position":3,"name":"Tamburo Tom 8&#8243; Opera Fusion Serie Stave Mineral Green Lacquer + Housse Tamburo"}]},{"@type":"WebSite","@id":"https:\/\/www.rimocc.com\/#website","url":"https:\/\/www.rimocc.com\/","name":"D\u00e9p\u00f4t Vente Batterie Percussion | Rimocc Lyon","description":"Rimocc: l&#039;unique magasin d\u00e9di\u00e9 enti\u00e8rement \u00e0 la batterie, percussion d&#039;occasion et vintage \u00e0 Lyon, France","publisher":{"@id":"https:\/\/www.rimocc.com\/#organization"},"alternateName":"Rimocc'","potentialAction":[{"@type":"SearchAction","target":{"@type":"EntryPoint","urlTemplate":"https:\/\/www.rimocc.com\/?s={search_term_string}"},"query-input":{"@type":"PropertyValueSpecification","valueRequired":true,"valueName":"search_term_string"}}],"inLanguage":"en-US"},{"@type":"Organization","@id":"https:\/\/www.rimocc.com\/#organization","name":"Rimocc'","alternateName":"Rimocc","url":"https:\/\/www.rimocc.com\/","logo":{"@type":"ImageObject","inLanguage":"en-US","@id":"https:\/\/www.rimocc.com\/#\/schema\/logo\/image\/","url":"https:\/\/i0.wp.com\/www.rimocc.com\/wp-content\/uploads\/2023\/07\/RIMOCC_LOGO.jpg?fit=459%2C114&ssl=1","contentUrl":"https:\/\/i0.wp.com\/www.rimocc.com\/wp-content\/uploads\/2023\/07\/RIMOCC_LOGO.jpg?fit=459%2C114&ssl=1","width":459,"height":114,"caption":"Rimocc'"},"image":{"@id":"https:\/\/www.rimocc.com\/#\/schema\/logo\/image\/"},"sameAs":["https:\/\/www.facebook.com\/rimocclyon\/?locale=fr_FR","https:\/\/www.instagram.com\/rimoccc\/?hl=fr","https:\/\/www.tiktok.com\/@rimocc","https:\/\/www.youtube.com\/@Rimocc"]}]}},"jetpack_publicize_connections":[],"jetpack_sharing_enabled":true,"_links":{"self":[{"href":"https:\/\/www.rimocc.com\/en\/wp-json\/wp\/v2\/product\/12052","targetHints":{"allow":["GET"]}}],"collection":[{"href":"https:\/\/www.rimocc.com\/en\/wp-json\/wp\/v2\/product"}],"about":[{"href":"https:\/\/www.rimocc.com\/en\/wp-json\/wp\/v2\/types\/product"}],"replies":[{"embeddable":true,"href":"https:\/\/www.rimocc.com\/en\/wp-json\/wp\/v2\/comments?post=12052"}],"wp:featuredmedia":[{"embeddable":true,"href":"https:\/\/www.rimocc.com\/en\/wp-json\/wp\/v2\/media\/12051"}],"wp:attachment":[{"href":"https:\/\/www.rimocc.com\/en\/wp-json\/wp\/v2\/media?parent=12052"}],"wp:term":[{"taxonomy":"product_brand","embeddable":true,"href":"https:\/\/www.rimocc.com\/en\/wp-json\/wp\/v2\/product_brand?post=12052"},{"taxonomy":"product_cat","embeddable":true,"href":"https:\/\/www.rimocc.com\/en\/wp-json\/wp\/v2\/product_cat?post=12052"},{"taxonomy":"product_tag","embeddable":true,"href":"https:\/\/www.rimocc.com\/en\/wp-json\/wp\/v2\/product_tag?post=12052"}],"curies":[{"name":"wp","href":"https:\/\/api.w.org\/{rel}","templated":true}]}}