{"id":12030,"date":"2024-05-28T14:24:34","date_gmt":"2024-05-28T12:24:34","guid":{"rendered":"https:\/\/www.rimocc.com\/?post_type=product&#038;p=12030"},"modified":"2024-07-18T11:31:33","modified_gmt":"2024-07-18T09:31:33","slug":"pearl-masters-maple-gum-22x16-10x7-12x8-16x16-silver-white-swirl-supports-toms","status":"publish","type":"product","link":"https:\/\/www.rimocc.com\/en\/product\/pearl-masters-maple-gum-22x16-10x7-12x8-16x16-silver-white-swirl-supports-toms\/","title":{"rendered":"Pearl Masters Maple\/Gum 22&Prime;x16&Prime; 10&Prime;x7&Prime; 12&Prime;x8&Prime; 16&Prime;x16&Prime; Silver White Swirl + supports toms"},"content":{"rendered":"<p>Pearl Masters Maple\/Gum<br \/>\n22&Prime;x16&Prime; 10&Prime;x7&Prime; 12&Prime;x8&Prime; 16&Prime;x16&Prime; Silver White Swirl + supports toms<br \/>\nComme neuf<br \/>\n6-ply maple\/gum shells, 60\u00b0 bearing edge<br \/>\nGrosse caisse non perc\u00e9e<br \/>\nMastercast die-cast hoops, CL bridge style lugs, R2 Air Suspension System<br \/>\n(pieds de cymbales et clamps non inclus)<\/p>\n<p><strong>Enl\u00e8vement sur place privil\u00e9gi\u00e9 mais envoi possible dans toute la France sur devis s\u00e9par\u00e9 &#8211; merci de s\u00e9lectionner l&rsquo;option retrait sur place et nous vous ferons parvenir un devis s\u00e9par\u00e9 pour la livraison, \u00e0 r\u00e9gler s\u00e9par\u00e9ment<br \/>\nInternational order, pick-up ONLY<\/strong><em><\/p>\n<p>Batterie Drums Rimocc&rsquo; Lyon<\/p>","protected":false},"excerpt":{"rendered":"<p>Pearl Masters Maple\/Gum 22&Prime;x16&Prime; 10&Prime;x7&Prime; 12&Prime;x8&Prime; 16&Prime;x16&Prime; Silver White Swirl + supports toms Comme neuf 6-ply maple\/gum shells, 60\u00b0 bearing edge Grosse caisse non perc\u00e9e Mastercast die-cast hoops, CL bridge style lugs, R2 Air Suspension System (pieds de cymbales et clamps non inclus) Enl\u00e8vement sur place privil\u00e9gi\u00e9 mais envoi possible dans toute la France sur [&hellip;]<\/p>\n","protected":false},"featured_media":12029,"comment_status":"open","ping_status":"closed","template":"","meta":{"jetpack_publicize_message":"","jetpack_publicize_feature_enabled":true,"jetpack_social_post_already_shared":true,"jetpack_social_options":{"image_generator_settings":{"template":"highway","default_image_id":0,"font":"","enabled":false},"version":2}},"product_brand":[],"product_cat":[20],"product_tag":[41,43,124,199,508],"class_list":{"0":"post-12030","1":"product","2":"type-product","3":"status-publish","4":"has-post-thumbnail","6":"product_cat-batterie","7":"product_tag-batterie","8":"product_tag-drums","9":"product_tag-pearl","10":"product_tag-pearl-masters","11":"product_tag-pearls-masters-maple-gum","13":"entry","14":"has-media","16":"first","17":"outofstock","18":"shipping-taxable","19":"purchasable","20":"product-type-simple","21":"has-product-nav","22":"col","23":"span_1_of_3","24":"owp-content-center","25":"owp-thumbs-layout-horizontal","26":"owp-btn-normal","27":"owp-tabs-layout-horizontal"},"yoast_head":"<!-- This site is optimized with the Yoast SEO plugin v27.5 - https:\/\/yoast.com\/product\/yoast-seo-wordpress\/ -->\n<title>Pearl Masters Maple\/Gum 22&quot;x16&quot; 10&quot;x7&quot; 12&quot;x8&quot; 16&quot;x16&quot; Silver White Swirl + supports toms - D\u00e9p\u00f4t Vente Batterie Percussion | Rimocc Lyon<\/title>\n<meta name=\"description\" content=\"Hybrid shells with explosive midrange warmth and extended low-end power\" \/>\n<meta name=\"robots\" content=\"index, follow, max-snippet:-1, max-image-preview:large, max-video-preview:-1\" \/>\n<link rel=\"canonical\" href=\"https:\/\/www.rimocc.com\/en\/product\/pearl-masters-maple-gum-22x16-10x7-12x8-16x16-silver-white-swirl-supports-toms\/\" \/>\n<meta property=\"og:locale\" content=\"en_US\" \/>\n<meta property=\"og:type\" content=\"article\" \/>\n<meta property=\"og:title\" content=\"Pearl Masters Maple\/Gum 22&quot;x16&quot; 10&quot;x7&quot; 12&quot;x8&quot; 16&quot;x16&quot; Silver White Swirl + supports toms - D\u00e9p\u00f4t Vente Batterie Percussion | Rimocc Lyon\" \/>\n<meta property=\"og:description\" content=\"Hybrid shells with explosive midrange warmth and extended low-end power\" \/>\n<meta property=\"og:url\" content=\"https:\/\/www.rimocc.com\/en\/product\/pearl-masters-maple-gum-22x16-10x7-12x8-16x16-silver-white-swirl-supports-toms\/\" \/>\n<meta property=\"og:site_name\" content=\"D\u00e9p\u00f4t Vente Batterie Percussion | Rimocc Lyon\" \/>\n<meta property=\"article:publisher\" content=\"https:\/\/www.facebook.com\/rimocclyon\/?locale=fr_FR\" \/>\n<meta property=\"article:modified_time\" content=\"2024-07-18T09:31:33+00:00\" \/>\n<meta property=\"og:image\" content=\"https:\/\/www.rimocc.com\/wp-content\/uploads\/2024\/05\/Pearl-Masters-Maple_Gum-22_x16_-10_x7_-12_x8_-16_x16_-Silver-White-Swirl-supports-toms-1.jpg\" \/>\n\t<meta property=\"og:image:width\" content=\"1920\" \/>\n\t<meta property=\"og:image:height\" content=\"1920\" \/>\n\t<meta property=\"og:image:type\" content=\"image\/jpeg\" \/>\n<meta name=\"twitter:card\" content=\"summary_large_image\" \/>\n<meta name=\"twitter:label1\" content=\"Est. reading time\" \/>\n\t<meta name=\"twitter:data1\" content=\"1 minute\" \/>\n<script type=\"application\/ld+json\" class=\"yoast-schema-graph\">{\"@context\":\"https:\\\/\\\/schema.org\",\"@graph\":[{\"@type\":\"WebPage\",\"@id\":\"https:\\\/\\\/www.rimocc.com\\\/product\\\/pearl-masters-maple-gum-22x16-10x7-12x8-16x16-silver-white-swirl-supports-toms\\\/\",\"url\":\"https:\\\/\\\/www.rimocc.com\\\/product\\\/pearl-masters-maple-gum-22x16-10x7-12x8-16x16-silver-white-swirl-supports-toms\\\/\",\"name\":\"Pearl Masters Maple\\\/Gum 22\\\"x16\\\" 10\\\"x7\\\" 12\\\"x8\\\" 16\\\"x16\\\" Silver White Swirl + supports toms - D\u00e9p\u00f4t Vente Batterie Percussion | Rimocc Lyon\",\"isPartOf\":{\"@id\":\"https:\\\/\\\/www.rimocc.com\\\/#website\"},\"primaryImageOfPage\":{\"@id\":\"https:\\\/\\\/www.rimocc.com\\\/product\\\/pearl-masters-maple-gum-22x16-10x7-12x8-16x16-silver-white-swirl-supports-toms\\\/#primaryimage\"},\"image\":{\"@id\":\"https:\\\/\\\/www.rimocc.com\\\/product\\\/pearl-masters-maple-gum-22x16-10x7-12x8-16x16-silver-white-swirl-supports-toms\\\/#primaryimage\"},\"thumbnailUrl\":\"https:\\\/\\\/www.rimocc.com\\\/wp-content\\\/uploads\\\/2024\\\/05\\\/Pearl-Masters-Maple_Gum-22_x16_-10_x7_-12_x8_-16_x16_-Silver-White-Swirl-supports-toms-1.jpg\",\"datePublished\":\"2024-05-28T12:24:34+00:00\",\"dateModified\":\"2024-07-18T09:31:33+00:00\",\"description\":\"Hybrid shells with explosive midrange warmth and extended low-end power\",\"breadcrumb\":{\"@id\":\"https:\\\/\\\/www.rimocc.com\\\/product\\\/pearl-masters-maple-gum-22x16-10x7-12x8-16x16-silver-white-swirl-supports-toms\\\/#breadcrumb\"},\"inLanguage\":\"en-US\",\"potentialAction\":[{\"@type\":\"ReadAction\",\"target\":[\"https:\\\/\\\/www.rimocc.com\\\/product\\\/pearl-masters-maple-gum-22x16-10x7-12x8-16x16-silver-white-swirl-supports-toms\\\/\"]}]},{\"@type\":\"ImageObject\",\"inLanguage\":\"en-US\",\"@id\":\"https:\\\/\\\/www.rimocc.com\\\/product\\\/pearl-masters-maple-gum-22x16-10x7-12x8-16x16-silver-white-swirl-supports-toms\\\/#primaryimage\",\"url\":\"https:\\\/\\\/www.rimocc.com\\\/wp-content\\\/uploads\\\/2024\\\/05\\\/Pearl-Masters-Maple_Gum-22_x16_-10_x7_-12_x8_-16_x16_-Silver-White-Swirl-supports-toms-1.jpg\",\"contentUrl\":\"https:\\\/\\\/www.rimocc.com\\\/wp-content\\\/uploads\\\/2024\\\/05\\\/Pearl-Masters-Maple_Gum-22_x16_-10_x7_-12_x8_-16_x16_-Silver-White-Swirl-supports-toms-1.jpg\",\"width\":1920,\"height\":1920,\"caption\":\"Pearl Masters Maple\\\/Gum 22\\\"x16\\\" 10\\\"x7\\\" 12\\\"x8\\\" 16\\\"x16\\\" Silver White Swirl + supports toms\"},{\"@type\":\"BreadcrumbList\",\"@id\":\"https:\\\/\\\/www.rimocc.com\\\/product\\\/pearl-masters-maple-gum-22x16-10x7-12x8-16x16-silver-white-swirl-supports-toms\\\/#breadcrumb\",\"itemListElement\":[{\"@type\":\"ListItem\",\"position\":1,\"name\":\"Home\",\"item\":\"https:\\\/\\\/www.rimocc.com\\\/\"},{\"@type\":\"ListItem\",\"position\":2,\"name\":\"Shop\",\"item\":\"https:\\\/\\\/www.rimocc.com\\\/shop\\\/\"},{\"@type\":\"ListItem\",\"position\":3,\"name\":\"Pearl Masters Maple\\\/Gum 22&#8243;x16&#8243; 10&#8243;x7&#8243; 12&#8243;x8&#8243; 16&#8243;x16&#8243; Silver White Swirl + supports toms\"}]},{\"@type\":\"WebSite\",\"@id\":\"https:\\\/\\\/www.rimocc.com\\\/#website\",\"url\":\"https:\\\/\\\/www.rimocc.com\\\/\",\"name\":\"D\u00e9p\u00f4t Vente Batterie Percussion | Rimocc Lyon\",\"description\":\"Rimocc: l&#039;unique magasin d\u00e9di\u00e9 enti\u00e8rement \u00e0 la batterie, percussion d&#039;occasion et vintage \u00e0 Lyon, France\",\"publisher\":{\"@id\":\"https:\\\/\\\/www.rimocc.com\\\/#organization\"},\"alternateName\":\"Rimocc'\",\"potentialAction\":[{\"@type\":\"SearchAction\",\"target\":{\"@type\":\"EntryPoint\",\"urlTemplate\":\"https:\\\/\\\/www.rimocc.com\\\/?s={search_term_string}\"},\"query-input\":{\"@type\":\"PropertyValueSpecification\",\"valueRequired\":true,\"valueName\":\"search_term_string\"}}],\"inLanguage\":\"en-US\"},{\"@type\":\"Organization\",\"@id\":\"https:\\\/\\\/www.rimocc.com\\\/#organization\",\"name\":\"Rimocc'\",\"alternateName\":\"Rimocc\",\"url\":\"https:\\\/\\\/www.rimocc.com\\\/\",\"logo\":{\"@type\":\"ImageObject\",\"inLanguage\":\"en-US\",\"@id\":\"https:\\\/\\\/www.rimocc.com\\\/#\\\/schema\\\/logo\\\/image\\\/\",\"url\":\"https:\\\/\\\/i0.wp.com\\\/www.rimocc.com\\\/wp-content\\\/uploads\\\/2023\\\/07\\\/RIMOCC_LOGO.jpg?fit=459%2C114&ssl=1\",\"contentUrl\":\"https:\\\/\\\/i0.wp.com\\\/www.rimocc.com\\\/wp-content\\\/uploads\\\/2023\\\/07\\\/RIMOCC_LOGO.jpg?fit=459%2C114&ssl=1\",\"width\":459,\"height\":114,\"caption\":\"Rimocc'\"},\"image\":{\"@id\":\"https:\\\/\\\/www.rimocc.com\\\/#\\\/schema\\\/logo\\\/image\\\/\"},\"sameAs\":[\"https:\\\/\\\/www.facebook.com\\\/rimocclyon\\\/?locale=fr_FR\",\"https:\\\/\\\/www.instagram.com\\\/rimoccc\\\/?hl=fr\",\"https:\\\/\\\/www.tiktok.com\\\/@rimocc\",\"https:\\\/\\\/www.youtube.com\\\/@Rimocc\"]}]}<\/script>\n<!-- \/ Yoast SEO plugin. -->","yoast_head_json":{"title":"Pearl Masters Maple\/Gum 22\"x16\" 10\"x7\" 12\"x8\" 16\"x16\" Silver White Swirl + supports toms - D\u00e9p\u00f4t Vente Batterie Percussion | Rimocc Lyon","description":"Hybrid shells with explosive midrange warmth and extended low-end power","robots":{"index":"index","follow":"follow","max-snippet":"max-snippet:-1","max-image-preview":"max-image-preview:large","max-video-preview":"max-video-preview:-1"},"canonical":"https:\/\/www.rimocc.com\/en\/product\/pearl-masters-maple-gum-22x16-10x7-12x8-16x16-silver-white-swirl-supports-toms\/","og_locale":"en_US","og_type":"article","og_title":"Pearl Masters Maple\/Gum 22\"x16\" 10\"x7\" 12\"x8\" 16\"x16\" Silver White Swirl + supports toms - D\u00e9p\u00f4t Vente Batterie Percussion | Rimocc Lyon","og_description":"Hybrid shells with explosive midrange warmth and extended low-end power","og_url":"https:\/\/www.rimocc.com\/en\/product\/pearl-masters-maple-gum-22x16-10x7-12x8-16x16-silver-white-swirl-supports-toms\/","og_site_name":"D\u00e9p\u00f4t Vente Batterie Percussion | Rimocc Lyon","article_publisher":"https:\/\/www.facebook.com\/rimocclyon\/?locale=fr_FR","article_modified_time":"2024-07-18T09:31:33+00:00","og_image":[{"width":1920,"height":1920,"url":"https:\/\/www.rimocc.com\/wp-content\/uploads\/2024\/05\/Pearl-Masters-Maple_Gum-22_x16_-10_x7_-12_x8_-16_x16_-Silver-White-Swirl-supports-toms-1.jpg","type":"image\/jpeg"}],"twitter_card":"summary_large_image","twitter_misc":{"Est. reading time":"1 minute"},"schema":{"@context":"https:\/\/schema.org","@graph":[{"@type":"WebPage","@id":"https:\/\/www.rimocc.com\/product\/pearl-masters-maple-gum-22x16-10x7-12x8-16x16-silver-white-swirl-supports-toms\/","url":"https:\/\/www.rimocc.com\/product\/pearl-masters-maple-gum-22x16-10x7-12x8-16x16-silver-white-swirl-supports-toms\/","name":"Pearl Masters Maple\/Gum 22\"x16\" 10\"x7\" 12\"x8\" 16\"x16\" Silver White Swirl + supports toms - D\u00e9p\u00f4t Vente Batterie Percussion | Rimocc Lyon","isPartOf":{"@id":"https:\/\/www.rimocc.com\/#website"},"primaryImageOfPage":{"@id":"https:\/\/www.rimocc.com\/product\/pearl-masters-maple-gum-22x16-10x7-12x8-16x16-silver-white-swirl-supports-toms\/#primaryimage"},"image":{"@id":"https:\/\/www.rimocc.com\/product\/pearl-masters-maple-gum-22x16-10x7-12x8-16x16-silver-white-swirl-supports-toms\/#primaryimage"},"thumbnailUrl":"https:\/\/www.rimocc.com\/wp-content\/uploads\/2024\/05\/Pearl-Masters-Maple_Gum-22_x16_-10_x7_-12_x8_-16_x16_-Silver-White-Swirl-supports-toms-1.jpg","datePublished":"2024-05-28T12:24:34+00:00","dateModified":"2024-07-18T09:31:33+00:00","description":"Hybrid shells with explosive midrange warmth and extended low-end power","breadcrumb":{"@id":"https:\/\/www.rimocc.com\/product\/pearl-masters-maple-gum-22x16-10x7-12x8-16x16-silver-white-swirl-supports-toms\/#breadcrumb"},"inLanguage":"en-US","potentialAction":[{"@type":"ReadAction","target":["https:\/\/www.rimocc.com\/product\/pearl-masters-maple-gum-22x16-10x7-12x8-16x16-silver-white-swirl-supports-toms\/"]}]},{"@type":"ImageObject","inLanguage":"en-US","@id":"https:\/\/www.rimocc.com\/product\/pearl-masters-maple-gum-22x16-10x7-12x8-16x16-silver-white-swirl-supports-toms\/#primaryimage","url":"https:\/\/www.rimocc.com\/wp-content\/uploads\/2024\/05\/Pearl-Masters-Maple_Gum-22_x16_-10_x7_-12_x8_-16_x16_-Silver-White-Swirl-supports-toms-1.jpg","contentUrl":"https:\/\/www.rimocc.com\/wp-content\/uploads\/2024\/05\/Pearl-Masters-Maple_Gum-22_x16_-10_x7_-12_x8_-16_x16_-Silver-White-Swirl-supports-toms-1.jpg","width":1920,"height":1920,"caption":"Pearl Masters Maple\/Gum 22\"x16\" 10\"x7\" 12\"x8\" 16\"x16\" Silver White Swirl + supports toms"},{"@type":"BreadcrumbList","@id":"https:\/\/www.rimocc.com\/product\/pearl-masters-maple-gum-22x16-10x7-12x8-16x16-silver-white-swirl-supports-toms\/#breadcrumb","itemListElement":[{"@type":"ListItem","position":1,"name":"Home","item":"https:\/\/www.rimocc.com\/"},{"@type":"ListItem","position":2,"name":"Shop","item":"https:\/\/www.rimocc.com\/shop\/"},{"@type":"ListItem","position":3,"name":"Pearl Masters Maple\/Gum 22&#8243;x16&#8243; 10&#8243;x7&#8243; 12&#8243;x8&#8243; 16&#8243;x16&#8243; Silver White Swirl + supports toms"}]},{"@type":"WebSite","@id":"https:\/\/www.rimocc.com\/#website","url":"https:\/\/www.rimocc.com\/","name":"D\u00e9p\u00f4t Vente Batterie Percussion | Rimocc Lyon","description":"Rimocc: l&#039;unique magasin d\u00e9di\u00e9 enti\u00e8rement \u00e0 la batterie, percussion d&#039;occasion et vintage \u00e0 Lyon, France","publisher":{"@id":"https:\/\/www.rimocc.com\/#organization"},"alternateName":"Rimocc'","potentialAction":[{"@type":"SearchAction","target":{"@type":"EntryPoint","urlTemplate":"https:\/\/www.rimocc.com\/?s={search_term_string}"},"query-input":{"@type":"PropertyValueSpecification","valueRequired":true,"valueName":"search_term_string"}}],"inLanguage":"en-US"},{"@type":"Organization","@id":"https:\/\/www.rimocc.com\/#organization","name":"Rimocc'","alternateName":"Rimocc","url":"https:\/\/www.rimocc.com\/","logo":{"@type":"ImageObject","inLanguage":"en-US","@id":"https:\/\/www.rimocc.com\/#\/schema\/logo\/image\/","url":"https:\/\/i0.wp.com\/www.rimocc.com\/wp-content\/uploads\/2023\/07\/RIMOCC_LOGO.jpg?fit=459%2C114&ssl=1","contentUrl":"https:\/\/i0.wp.com\/www.rimocc.com\/wp-content\/uploads\/2023\/07\/RIMOCC_LOGO.jpg?fit=459%2C114&ssl=1","width":459,"height":114,"caption":"Rimocc'"},"image":{"@id":"https:\/\/www.rimocc.com\/#\/schema\/logo\/image\/"},"sameAs":["https:\/\/www.facebook.com\/rimocclyon\/?locale=fr_FR","https:\/\/www.instagram.com\/rimoccc\/?hl=fr","https:\/\/www.tiktok.com\/@rimocc","https:\/\/www.youtube.com\/@Rimocc"]}]}},"jetpack_publicize_connections":[],"jetpack_sharing_enabled":true,"_links":{"self":[{"href":"https:\/\/www.rimocc.com\/en\/wp-json\/wp\/v2\/product\/12030","targetHints":{"allow":["GET"]}}],"collection":[{"href":"https:\/\/www.rimocc.com\/en\/wp-json\/wp\/v2\/product"}],"about":[{"href":"https:\/\/www.rimocc.com\/en\/wp-json\/wp\/v2\/types\/product"}],"replies":[{"embeddable":true,"href":"https:\/\/www.rimocc.com\/en\/wp-json\/wp\/v2\/comments?post=12030"}],"wp:featuredmedia":[{"embeddable":true,"href":"https:\/\/www.rimocc.com\/en\/wp-json\/wp\/v2\/media\/12029"}],"wp:attachment":[{"href":"https:\/\/www.rimocc.com\/en\/wp-json\/wp\/v2\/media?parent=12030"}],"wp:term":[{"taxonomy":"product_brand","embeddable":true,"href":"https:\/\/www.rimocc.com\/en\/wp-json\/wp\/v2\/product_brand?post=12030"},{"taxonomy":"product_cat","embeddable":true,"href":"https:\/\/www.rimocc.com\/en\/wp-json\/wp\/v2\/product_cat?post=12030"},{"taxonomy":"product_tag","embeddable":true,"href":"https:\/\/www.rimocc.com\/en\/wp-json\/wp\/v2\/product_tag?post=12030"}],"curies":[{"name":"wp","href":"https:\/\/api.w.org\/{rel}","templated":true}]}}