{"id":12011,"date":"2024-05-25T17:36:56","date_gmt":"2024-05-25T15:36:56","guid":{"rendered":"https:\/\/www.rimocc.com\/?post_type=product&#038;p=12011"},"modified":"2024-05-27T14:07:12","modified_gmt":"2024-05-27T12:07:12","slug":"stagg-vb-vintage-bronze-medium-crash-17","status":"publish","type":"product","link":"https:\/\/www.rimocc.com\/en\/product\/stagg-vb-vintage-bronze-medium-crash-17\/","title":{"rendered":"Stagg VB Vintage Bronze Medium Crash 17&Prime;"},"content":{"rendered":"<p>Tr\u00e8s bon \u00e9tat g\u00e9n\u00e9ral<br \/>\n1318grs<\/p>\n<p>Cymbale Cymbal Rimocc&rsquo; Lyon<\/p>","protected":false},"excerpt":{"rendered":"<p>Tr\u00e8s bon \u00e9tat g\u00e9n\u00e9ral 1318grs Cymbale Cymbal Rimocc&rsquo; Lyon<\/p>","protected":false},"featured_media":12010,"comment_status":"open","ping_status":"closed","template":"","meta":{"jetpack_publicize_message":"","jetpack_publicize_feature_enabled":true,"jetpack_social_post_already_shared":true,"jetpack_social_options":{"image_generator_settings":{"template":"highway","default_image_id":0,"font":"","enabled":false},"version":2}},"product_brand":[],"product_cat":[24],"product_tag":[74,211,507],"class_list":{"0":"post-12011","1":"product","2":"type-product","3":"status-publish","4":"has-post-thumbnail","6":"product_cat-cymbales","7":"product_tag-cymbal","8":"product_tag-stagg","9":"product_tag-stagg-vb-bronze","11":"entry","12":"has-media","14":"first","15":"outofstock","16":"shipping-taxable","17":"purchasable","18":"product-type-simple","19":"has-product-nav","20":"col","21":"span_1_of_3","22":"owp-content-center","23":"owp-thumbs-layout-horizontal","24":"owp-btn-normal","25":"owp-tabs-layout-horizontal"},"yoast_head":"<!-- This site is optimized with the Yoast SEO plugin v27.4 - https:\/\/yoast.com\/product\/yoast-seo-wordpress\/ -->\n<title>Stagg VB Vintage Bronze Medium Crash 17&quot; - D\u00e9p\u00f4t Vente Batterie Percussion | Rimocc Lyon<\/title>\n<meta name=\"description\" content=\"Designed for demanding old-school drummers. The Stagg Vintage Bronze series provides an even response across the entire harmonic spectrum with a gentle emphasis on the low tones. The sound can be described as warm, deep and just the right side of dark. These cymbals will easily find their place in any rock or jazz arrangement, as well as everything in between.\" \/>\n<meta name=\"robots\" content=\"index, follow, max-snippet:-1, max-image-preview:large, max-video-preview:-1\" \/>\n<link rel=\"canonical\" href=\"https:\/\/www.rimocc.com\/en\/product\/stagg-vb-vintage-bronze-medium-crash-17\/\" \/>\n<meta property=\"og:locale\" content=\"en_US\" \/>\n<meta property=\"og:type\" content=\"article\" \/>\n<meta property=\"og:title\" content=\"Stagg VB Vintage Bronze Medium Crash 17&quot; - D\u00e9p\u00f4t Vente Batterie Percussion | Rimocc Lyon\" \/>\n<meta property=\"og:description\" content=\"Designed for demanding old-school drummers. The Stagg Vintage Bronze series provides an even response across the entire harmonic spectrum with a gentle emphasis on the low tones. The sound can be described as warm, deep and just the right side of dark. These cymbals will easily find their place in any rock or jazz arrangement, as well as everything in between.\" \/>\n<meta property=\"og:url\" content=\"https:\/\/www.rimocc.com\/en\/product\/stagg-vb-vintage-bronze-medium-crash-17\/\" \/>\n<meta property=\"og:site_name\" content=\"D\u00e9p\u00f4t Vente Batterie Percussion | Rimocc Lyon\" \/>\n<meta property=\"article:publisher\" content=\"https:\/\/www.facebook.com\/rimocclyon\/?locale=fr_FR\" \/>\n<meta property=\"article:modified_time\" content=\"2024-05-27T12:07:12+00:00\" \/>\n<meta property=\"og:image\" content=\"https:\/\/www.rimocc.com\/wp-content\/uploads\/2024\/05\/Stagg-VB-Vintage-Bronze-Medium-Crash-17_-1-1024x1024.jpg\" \/>\n\t<meta property=\"og:image:width\" content=\"1024\" \/>\n\t<meta property=\"og:image:height\" content=\"1024\" \/>\n\t<meta property=\"og:image:type\" content=\"image\/jpeg\" \/>\n<meta name=\"twitter:card\" content=\"summary_large_image\" \/>\n<meta name=\"twitter:label1\" content=\"Est. reading time\" \/>\n\t<meta name=\"twitter:data1\" content=\"1 minute\" \/>\n<script type=\"application\/ld+json\" class=\"yoast-schema-graph\">{\"@context\":\"https:\\\/\\\/schema.org\",\"@graph\":[{\"@type\":\"WebPage\",\"@id\":\"https:\\\/\\\/www.rimocc.com\\\/product\\\/stagg-vb-vintage-bronze-medium-crash-17\\\/\",\"url\":\"https:\\\/\\\/www.rimocc.com\\\/product\\\/stagg-vb-vintage-bronze-medium-crash-17\\\/\",\"name\":\"Stagg VB Vintage Bronze Medium Crash 17\\\" - D\u00e9p\u00f4t Vente Batterie Percussion | Rimocc Lyon\",\"isPartOf\":{\"@id\":\"https:\\\/\\\/www.rimocc.com\\\/#website\"},\"primaryImageOfPage\":{\"@id\":\"https:\\\/\\\/www.rimocc.com\\\/product\\\/stagg-vb-vintage-bronze-medium-crash-17\\\/#primaryimage\"},\"image\":{\"@id\":\"https:\\\/\\\/www.rimocc.com\\\/product\\\/stagg-vb-vintage-bronze-medium-crash-17\\\/#primaryimage\"},\"thumbnailUrl\":\"https:\\\/\\\/www.rimocc.com\\\/wp-content\\\/uploads\\\/2024\\\/05\\\/Stagg-VB-Vintage-Bronze-Medium-Crash-17_-1.jpg\",\"datePublished\":\"2024-05-25T15:36:56+00:00\",\"dateModified\":\"2024-05-27T12:07:12+00:00\",\"description\":\"Designed for demanding old-school drummers. The Stagg Vintage Bronze series provides an even response across the entire harmonic spectrum with a gentle emphasis on the low tones. The sound can be described as warm, deep and just the right side of dark. These cymbals will easily find their place in any rock or jazz arrangement, as well as everything in between.\",\"breadcrumb\":{\"@id\":\"https:\\\/\\\/www.rimocc.com\\\/product\\\/stagg-vb-vintage-bronze-medium-crash-17\\\/#breadcrumb\"},\"inLanguage\":\"en-US\",\"potentialAction\":[{\"@type\":\"ReadAction\",\"target\":[\"https:\\\/\\\/www.rimocc.com\\\/product\\\/stagg-vb-vintage-bronze-medium-crash-17\\\/\"]}]},{\"@type\":\"ImageObject\",\"inLanguage\":\"en-US\",\"@id\":\"https:\\\/\\\/www.rimocc.com\\\/product\\\/stagg-vb-vintage-bronze-medium-crash-17\\\/#primaryimage\",\"url\":\"https:\\\/\\\/www.rimocc.com\\\/wp-content\\\/uploads\\\/2024\\\/05\\\/Stagg-VB-Vintage-Bronze-Medium-Crash-17_-1.jpg\",\"contentUrl\":\"https:\\\/\\\/www.rimocc.com\\\/wp-content\\\/uploads\\\/2024\\\/05\\\/Stagg-VB-Vintage-Bronze-Medium-Crash-17_-1.jpg\",\"width\":1920,\"height\":1920,\"caption\":\"Stagg VB Vintage Bronze Medium Crash 17\\\"\"},{\"@type\":\"BreadcrumbList\",\"@id\":\"https:\\\/\\\/www.rimocc.com\\\/product\\\/stagg-vb-vintage-bronze-medium-crash-17\\\/#breadcrumb\",\"itemListElement\":[{\"@type\":\"ListItem\",\"position\":1,\"name\":\"Home\",\"item\":\"https:\\\/\\\/www.rimocc.com\\\/\"},{\"@type\":\"ListItem\",\"position\":2,\"name\":\"Shop\",\"item\":\"https:\\\/\\\/www.rimocc.com\\\/shop\\\/\"},{\"@type\":\"ListItem\",\"position\":3,\"name\":\"Stagg VB Vintage Bronze Medium Crash 17&#8243;\"}]},{\"@type\":\"WebSite\",\"@id\":\"https:\\\/\\\/www.rimocc.com\\\/#website\",\"url\":\"https:\\\/\\\/www.rimocc.com\\\/\",\"name\":\"D\u00e9p\u00f4t Vente Batterie Percussion | Rimocc Lyon\",\"description\":\"Rimocc: l&#039;unique magasin d\u00e9di\u00e9 enti\u00e8rement \u00e0 la batterie, percussion d&#039;occasion et vintage \u00e0 Lyon, France\",\"publisher\":{\"@id\":\"https:\\\/\\\/www.rimocc.com\\\/#organization\"},\"alternateName\":\"Rimocc'\",\"potentialAction\":[{\"@type\":\"SearchAction\",\"target\":{\"@type\":\"EntryPoint\",\"urlTemplate\":\"https:\\\/\\\/www.rimocc.com\\\/?s={search_term_string}\"},\"query-input\":{\"@type\":\"PropertyValueSpecification\",\"valueRequired\":true,\"valueName\":\"search_term_string\"}}],\"inLanguage\":\"en-US\"},{\"@type\":\"Organization\",\"@id\":\"https:\\\/\\\/www.rimocc.com\\\/#organization\",\"name\":\"Rimocc'\",\"alternateName\":\"Rimocc\",\"url\":\"https:\\\/\\\/www.rimocc.com\\\/\",\"logo\":{\"@type\":\"ImageObject\",\"inLanguage\":\"en-US\",\"@id\":\"https:\\\/\\\/www.rimocc.com\\\/#\\\/schema\\\/logo\\\/image\\\/\",\"url\":\"https:\\\/\\\/i0.wp.com\\\/www.rimocc.com\\\/wp-content\\\/uploads\\\/2023\\\/07\\\/RIMOCC_LOGO.jpg?fit=459%2C114&ssl=1\",\"contentUrl\":\"https:\\\/\\\/i0.wp.com\\\/www.rimocc.com\\\/wp-content\\\/uploads\\\/2023\\\/07\\\/RIMOCC_LOGO.jpg?fit=459%2C114&ssl=1\",\"width\":459,\"height\":114,\"caption\":\"Rimocc'\"},\"image\":{\"@id\":\"https:\\\/\\\/www.rimocc.com\\\/#\\\/schema\\\/logo\\\/image\\\/\"},\"sameAs\":[\"https:\\\/\\\/www.facebook.com\\\/rimocclyon\\\/?locale=fr_FR\",\"https:\\\/\\\/www.instagram.com\\\/rimoccc\\\/?hl=fr\",\"https:\\\/\\\/www.tiktok.com\\\/@rimocc\",\"https:\\\/\\\/www.youtube.com\\\/@Rimocc\"]}]}<\/script>\n<!-- \/ Yoast SEO plugin. -->","yoast_head_json":{"title":"Stagg VB Vintage Bronze Medium Crash 17\" - D\u00e9p\u00f4t Vente Batterie Percussion | Rimocc Lyon","description":"Designed for demanding old-school drummers. The Stagg Vintage Bronze series provides an even response across the entire harmonic spectrum with a gentle emphasis on the low tones. The sound can be described as warm, deep and just the right side of dark. These cymbals will easily find their place in any rock or jazz arrangement, as well as everything in between.","robots":{"index":"index","follow":"follow","max-snippet":"max-snippet:-1","max-image-preview":"max-image-preview:large","max-video-preview":"max-video-preview:-1"},"canonical":"https:\/\/www.rimocc.com\/en\/product\/stagg-vb-vintage-bronze-medium-crash-17\/","og_locale":"en_US","og_type":"article","og_title":"Stagg VB Vintage Bronze Medium Crash 17\" - D\u00e9p\u00f4t Vente Batterie Percussion | Rimocc Lyon","og_description":"Designed for demanding old-school drummers. The Stagg Vintage Bronze series provides an even response across the entire harmonic spectrum with a gentle emphasis on the low tones. The sound can be described as warm, deep and just the right side of dark. These cymbals will easily find their place in any rock or jazz arrangement, as well as everything in between.","og_url":"https:\/\/www.rimocc.com\/en\/product\/stagg-vb-vintage-bronze-medium-crash-17\/","og_site_name":"D\u00e9p\u00f4t Vente Batterie Percussion | Rimocc Lyon","article_publisher":"https:\/\/www.facebook.com\/rimocclyon\/?locale=fr_FR","article_modified_time":"2024-05-27T12:07:12+00:00","og_image":[{"width":1024,"height":1024,"url":"https:\/\/www.rimocc.com\/wp-content\/uploads\/2024\/05\/Stagg-VB-Vintage-Bronze-Medium-Crash-17_-1-1024x1024.jpg","type":"image\/jpeg"}],"twitter_card":"summary_large_image","twitter_misc":{"Est. reading time":"1 minute"},"schema":{"@context":"https:\/\/schema.org","@graph":[{"@type":"WebPage","@id":"https:\/\/www.rimocc.com\/product\/stagg-vb-vintage-bronze-medium-crash-17\/","url":"https:\/\/www.rimocc.com\/product\/stagg-vb-vintage-bronze-medium-crash-17\/","name":"Stagg VB Vintage Bronze Medium Crash 17\" - D\u00e9p\u00f4t Vente Batterie Percussion | Rimocc Lyon","isPartOf":{"@id":"https:\/\/www.rimocc.com\/#website"},"primaryImageOfPage":{"@id":"https:\/\/www.rimocc.com\/product\/stagg-vb-vintage-bronze-medium-crash-17\/#primaryimage"},"image":{"@id":"https:\/\/www.rimocc.com\/product\/stagg-vb-vintage-bronze-medium-crash-17\/#primaryimage"},"thumbnailUrl":"https:\/\/www.rimocc.com\/wp-content\/uploads\/2024\/05\/Stagg-VB-Vintage-Bronze-Medium-Crash-17_-1.jpg","datePublished":"2024-05-25T15:36:56+00:00","dateModified":"2024-05-27T12:07:12+00:00","description":"Designed for demanding old-school drummers. The Stagg Vintage Bronze series provides an even response across the entire harmonic spectrum with a gentle emphasis on the low tones. The sound can be described as warm, deep and just the right side of dark. These cymbals will easily find their place in any rock or jazz arrangement, as well as everything in between.","breadcrumb":{"@id":"https:\/\/www.rimocc.com\/product\/stagg-vb-vintage-bronze-medium-crash-17\/#breadcrumb"},"inLanguage":"en-US","potentialAction":[{"@type":"ReadAction","target":["https:\/\/www.rimocc.com\/product\/stagg-vb-vintage-bronze-medium-crash-17\/"]}]},{"@type":"ImageObject","inLanguage":"en-US","@id":"https:\/\/www.rimocc.com\/product\/stagg-vb-vintage-bronze-medium-crash-17\/#primaryimage","url":"https:\/\/www.rimocc.com\/wp-content\/uploads\/2024\/05\/Stagg-VB-Vintage-Bronze-Medium-Crash-17_-1.jpg","contentUrl":"https:\/\/www.rimocc.com\/wp-content\/uploads\/2024\/05\/Stagg-VB-Vintage-Bronze-Medium-Crash-17_-1.jpg","width":1920,"height":1920,"caption":"Stagg VB Vintage Bronze Medium Crash 17\""},{"@type":"BreadcrumbList","@id":"https:\/\/www.rimocc.com\/product\/stagg-vb-vintage-bronze-medium-crash-17\/#breadcrumb","itemListElement":[{"@type":"ListItem","position":1,"name":"Home","item":"https:\/\/www.rimocc.com\/"},{"@type":"ListItem","position":2,"name":"Shop","item":"https:\/\/www.rimocc.com\/shop\/"},{"@type":"ListItem","position":3,"name":"Stagg VB Vintage Bronze Medium Crash 17&#8243;"}]},{"@type":"WebSite","@id":"https:\/\/www.rimocc.com\/#website","url":"https:\/\/www.rimocc.com\/","name":"D\u00e9p\u00f4t Vente Batterie Percussion | Rimocc Lyon","description":"Rimocc: l&#039;unique magasin d\u00e9di\u00e9 enti\u00e8rement \u00e0 la batterie, percussion d&#039;occasion et vintage \u00e0 Lyon, France","publisher":{"@id":"https:\/\/www.rimocc.com\/#organization"},"alternateName":"Rimocc'","potentialAction":[{"@type":"SearchAction","target":{"@type":"EntryPoint","urlTemplate":"https:\/\/www.rimocc.com\/?s={search_term_string}"},"query-input":{"@type":"PropertyValueSpecification","valueRequired":true,"valueName":"search_term_string"}}],"inLanguage":"en-US"},{"@type":"Organization","@id":"https:\/\/www.rimocc.com\/#organization","name":"Rimocc'","alternateName":"Rimocc","url":"https:\/\/www.rimocc.com\/","logo":{"@type":"ImageObject","inLanguage":"en-US","@id":"https:\/\/www.rimocc.com\/#\/schema\/logo\/image\/","url":"https:\/\/i0.wp.com\/www.rimocc.com\/wp-content\/uploads\/2023\/07\/RIMOCC_LOGO.jpg?fit=459%2C114&ssl=1","contentUrl":"https:\/\/i0.wp.com\/www.rimocc.com\/wp-content\/uploads\/2023\/07\/RIMOCC_LOGO.jpg?fit=459%2C114&ssl=1","width":459,"height":114,"caption":"Rimocc'"},"image":{"@id":"https:\/\/www.rimocc.com\/#\/schema\/logo\/image\/"},"sameAs":["https:\/\/www.facebook.com\/rimocclyon\/?locale=fr_FR","https:\/\/www.instagram.com\/rimoccc\/?hl=fr","https:\/\/www.tiktok.com\/@rimocc","https:\/\/www.youtube.com\/@Rimocc"]}]}},"jetpack_publicize_connections":[],"jetpack_sharing_enabled":true,"_links":{"self":[{"href":"https:\/\/www.rimocc.com\/en\/wp-json\/wp\/v2\/product\/12011","targetHints":{"allow":["GET"]}}],"collection":[{"href":"https:\/\/www.rimocc.com\/en\/wp-json\/wp\/v2\/product"}],"about":[{"href":"https:\/\/www.rimocc.com\/en\/wp-json\/wp\/v2\/types\/product"}],"replies":[{"embeddable":true,"href":"https:\/\/www.rimocc.com\/en\/wp-json\/wp\/v2\/comments?post=12011"}],"wp:featuredmedia":[{"embeddable":true,"href":"https:\/\/www.rimocc.com\/en\/wp-json\/wp\/v2\/media\/12010"}],"wp:attachment":[{"href":"https:\/\/www.rimocc.com\/en\/wp-json\/wp\/v2\/media?parent=12011"}],"wp:term":[{"taxonomy":"product_brand","embeddable":true,"href":"https:\/\/www.rimocc.com\/en\/wp-json\/wp\/v2\/product_brand?post=12011"},{"taxonomy":"product_cat","embeddable":true,"href":"https:\/\/www.rimocc.com\/en\/wp-json\/wp\/v2\/product_cat?post=12011"},{"taxonomy":"product_tag","embeddable":true,"href":"https:\/\/www.rimocc.com\/en\/wp-json\/wp\/v2\/product_tag?post=12011"}],"curies":[{"name":"wp","href":"https:\/\/api.w.org\/{rel}","templated":true}]}}