{"id":11969,"date":"2024-05-23T16:44:22","date_gmt":"2024-05-23T14:44:22","guid":{"rendered":"https:\/\/www.rimocc.com\/?post_type=product&#038;p=11969"},"modified":"2024-07-01T20:24:34","modified_gmt":"2024-07-01T18:24:34","slug":"sabian-frx-hi-hat-14","status":"publish","type":"product","link":"https:\/\/www.rimocc.com\/en\/product\/sabian-frx-hi-hat-14\/","title":{"rendered":"Sabian FRX Hi Hat 14&Prime;"},"content":{"rendered":"<p>Tr\u00e8s bon \u00e9tat g\u00e9n\u00e9ral<br \/>\nTop: 774grs<br \/>\nBottom: 1192grs<\/p>\n<p>Cymbale Cymbal Rimocc&rsquo; Lyon<\/p>","protected":false},"excerpt":{"rendered":"<p>Tr\u00e8s bon \u00e9tat g\u00e9n\u00e9ral Top: 774grs Bottom: 1192grs Cymbale Cymbal Rimocc&rsquo; Lyon<\/p>","protected":false},"featured_media":11968,"comment_status":"open","ping_status":"closed","template":"","meta":{"jetpack_publicize_message":"","jetpack_publicize_feature_enabled":true,"jetpack_social_post_already_shared":true,"jetpack_social_options":{"image_generator_settings":{"template":"highway","default_image_id":0,"font":"","enabled":false},"version":2}},"product_brand":[],"product_cat":[24],"product_tag":[74,73,171,501,76,500],"class_list":{"0":"post-11969","1":"product","2":"type-product","3":"status-publish","4":"has-post-thumbnail","6":"product_cat-cymbales","7":"product_tag-cymbal","8":"product_tag-cymbale","9":"product_tag-hi-hat","10":"product_tag-made-in-canada","11":"product_tag-sabian","12":"product_tag-sabian-frx","14":"entry","15":"has-media","17":"first","18":"outofstock","19":"shipping-taxable","20":"purchasable","21":"product-type-simple","22":"has-product-nav","23":"col","24":"span_1_of_3","25":"owp-content-center","26":"owp-thumbs-layout-horizontal","27":"owp-btn-normal","28":"owp-tabs-layout-horizontal"},"yoast_head":"<!-- This site is optimized with the Yoast SEO plugin v27.4 - https:\/\/yoast.com\/product\/yoast-seo-wordpress\/ -->\n<title>Sabian FRX Hi Hat 14&quot; - D\u00e9p\u00f4t Vente Batterie Percussion | Rimocc Lyon<\/title>\n<meta name=\"description\" content=\"La s\u00e9rie FRX fabriqu\u00e9e en B20 d\u00e9livre une attaque franche et une r\u00e9ponse courte en r\u00e9duisant le sustain d&#039;une cymbale traditionnelle. Elle est perc\u00e9e \u00e0 diff\u00e9rents endroits, ce qui r\u00e9duit consid\u00e9rablement certaines fr\u00e9quences. Les FRX peuvent parfaitement s&#039;int\u00e9grer dans un set traditionnel mais \u00e9galement \u00eatre jou\u00e9es dans des endroits o\u00f9 des mod\u00e8les traditionnels seraient trop puissants. Martel\u00e9e \u00e0 la main, elle offre une cloche type AAX dark.\" \/>\n<meta name=\"robots\" content=\"index, follow, max-snippet:-1, max-image-preview:large, max-video-preview:-1\" \/>\n<link rel=\"canonical\" href=\"https:\/\/www.rimocc.com\/en\/product\/sabian-frx-hi-hat-14\/\" \/>\n<meta property=\"og:locale\" content=\"en_US\" \/>\n<meta property=\"og:type\" content=\"article\" \/>\n<meta property=\"og:title\" content=\"Sabian FRX Hi Hat 14&quot; - D\u00e9p\u00f4t Vente Batterie Percussion | Rimocc Lyon\" \/>\n<meta property=\"og:description\" content=\"La s\u00e9rie FRX fabriqu\u00e9e en B20 d\u00e9livre une attaque franche et une r\u00e9ponse courte en r\u00e9duisant le sustain d&#039;une cymbale traditionnelle. Elle est perc\u00e9e \u00e0 diff\u00e9rents endroits, ce qui r\u00e9duit consid\u00e9rablement certaines fr\u00e9quences. Les FRX peuvent parfaitement s&#039;int\u00e9grer dans un set traditionnel mais \u00e9galement \u00eatre jou\u00e9es dans des endroits o\u00f9 des mod\u00e8les traditionnels seraient trop puissants. Martel\u00e9e \u00e0 la main, elle offre une cloche type AAX dark.\" \/>\n<meta property=\"og:url\" content=\"https:\/\/www.rimocc.com\/en\/product\/sabian-frx-hi-hat-14\/\" \/>\n<meta property=\"og:site_name\" content=\"D\u00e9p\u00f4t Vente Batterie Percussion | Rimocc Lyon\" \/>\n<meta property=\"article:publisher\" content=\"https:\/\/www.facebook.com\/rimocclyon\/?locale=fr_FR\" \/>\n<meta property=\"article:modified_time\" content=\"2024-07-01T18:24:34+00:00\" \/>\n<meta property=\"og:image\" content=\"https:\/\/www.rimocc.com\/wp-content\/uploads\/2024\/05\/Sabian-FRX-Hi-Hat-14_-1.jpg\" \/>\n\t<meta property=\"og:image:width\" content=\"1920\" \/>\n\t<meta property=\"og:image:height\" content=\"1920\" \/>\n\t<meta property=\"og:image:type\" content=\"image\/jpeg\" \/>\n<meta name=\"twitter:card\" content=\"summary_large_image\" \/>\n<meta name=\"twitter:label1\" content=\"Est. reading time\" \/>\n\t<meta name=\"twitter:data1\" content=\"1 minute\" \/>\n<script type=\"application\/ld+json\" class=\"yoast-schema-graph\">{\"@context\":\"https:\\\/\\\/schema.org\",\"@graph\":[{\"@type\":\"WebPage\",\"@id\":\"https:\\\/\\\/www.rimocc.com\\\/product\\\/sabian-frx-hi-hat-14\\\/\",\"url\":\"https:\\\/\\\/www.rimocc.com\\\/product\\\/sabian-frx-hi-hat-14\\\/\",\"name\":\"Sabian FRX Hi Hat 14\\\" - D\u00e9p\u00f4t Vente Batterie Percussion | Rimocc Lyon\",\"isPartOf\":{\"@id\":\"https:\\\/\\\/www.rimocc.com\\\/#website\"},\"primaryImageOfPage\":{\"@id\":\"https:\\\/\\\/www.rimocc.com\\\/product\\\/sabian-frx-hi-hat-14\\\/#primaryimage\"},\"image\":{\"@id\":\"https:\\\/\\\/www.rimocc.com\\\/product\\\/sabian-frx-hi-hat-14\\\/#primaryimage\"},\"thumbnailUrl\":\"https:\\\/\\\/www.rimocc.com\\\/wp-content\\\/uploads\\\/2024\\\/05\\\/Sabian-FRX-Hi-Hat-14_-1.jpg\",\"datePublished\":\"2024-05-23T14:44:22+00:00\",\"dateModified\":\"2024-07-01T18:24:34+00:00\",\"description\":\"La s\u00e9rie FRX fabriqu\u00e9e en B20 d\u00e9livre une attaque franche et une r\u00e9ponse courte en r\u00e9duisant le sustain d'une cymbale traditionnelle. Elle est perc\u00e9e \u00e0 diff\u00e9rents endroits, ce qui r\u00e9duit consid\u00e9rablement certaines fr\u00e9quences. Les FRX peuvent parfaitement s'int\u00e9grer dans un set traditionnel mais \u00e9galement \u00eatre jou\u00e9es dans des endroits o\u00f9 des mod\u00e8les traditionnels seraient trop puissants. Martel\u00e9e \u00e0 la main, elle offre une cloche type AAX dark.\",\"breadcrumb\":{\"@id\":\"https:\\\/\\\/www.rimocc.com\\\/product\\\/sabian-frx-hi-hat-14\\\/#breadcrumb\"},\"inLanguage\":\"en-US\",\"potentialAction\":[{\"@type\":\"ReadAction\",\"target\":[\"https:\\\/\\\/www.rimocc.com\\\/product\\\/sabian-frx-hi-hat-14\\\/\"]}]},{\"@type\":\"ImageObject\",\"inLanguage\":\"en-US\",\"@id\":\"https:\\\/\\\/www.rimocc.com\\\/product\\\/sabian-frx-hi-hat-14\\\/#primaryimage\",\"url\":\"https:\\\/\\\/www.rimocc.com\\\/wp-content\\\/uploads\\\/2024\\\/05\\\/Sabian-FRX-Hi-Hat-14_-1.jpg\",\"contentUrl\":\"https:\\\/\\\/www.rimocc.com\\\/wp-content\\\/uploads\\\/2024\\\/05\\\/Sabian-FRX-Hi-Hat-14_-1.jpg\",\"width\":1920,\"height\":1920,\"caption\":\"Sabian FRX Hi Hat 14\\\"\"},{\"@type\":\"BreadcrumbList\",\"@id\":\"https:\\\/\\\/www.rimocc.com\\\/product\\\/sabian-frx-hi-hat-14\\\/#breadcrumb\",\"itemListElement\":[{\"@type\":\"ListItem\",\"position\":1,\"name\":\"Home\",\"item\":\"https:\\\/\\\/www.rimocc.com\\\/\"},{\"@type\":\"ListItem\",\"position\":2,\"name\":\"Shop\",\"item\":\"https:\\\/\\\/www.rimocc.com\\\/shop\\\/\"},{\"@type\":\"ListItem\",\"position\":3,\"name\":\"Sabian FRX Hi Hat 14&#8243;\"}]},{\"@type\":\"WebSite\",\"@id\":\"https:\\\/\\\/www.rimocc.com\\\/#website\",\"url\":\"https:\\\/\\\/www.rimocc.com\\\/\",\"name\":\"D\u00e9p\u00f4t Vente Batterie Percussion | Rimocc Lyon\",\"description\":\"Rimocc: l&#039;unique magasin d\u00e9di\u00e9 enti\u00e8rement \u00e0 la batterie, percussion d&#039;occasion et vintage \u00e0 Lyon, France\",\"publisher\":{\"@id\":\"https:\\\/\\\/www.rimocc.com\\\/#organization\"},\"alternateName\":\"Rimocc'\",\"potentialAction\":[{\"@type\":\"SearchAction\",\"target\":{\"@type\":\"EntryPoint\",\"urlTemplate\":\"https:\\\/\\\/www.rimocc.com\\\/?s={search_term_string}\"},\"query-input\":{\"@type\":\"PropertyValueSpecification\",\"valueRequired\":true,\"valueName\":\"search_term_string\"}}],\"inLanguage\":\"en-US\"},{\"@type\":\"Organization\",\"@id\":\"https:\\\/\\\/www.rimocc.com\\\/#organization\",\"name\":\"Rimocc'\",\"alternateName\":\"Rimocc\",\"url\":\"https:\\\/\\\/www.rimocc.com\\\/\",\"logo\":{\"@type\":\"ImageObject\",\"inLanguage\":\"en-US\",\"@id\":\"https:\\\/\\\/www.rimocc.com\\\/#\\\/schema\\\/logo\\\/image\\\/\",\"url\":\"https:\\\/\\\/i0.wp.com\\\/www.rimocc.com\\\/wp-content\\\/uploads\\\/2023\\\/07\\\/RIMOCC_LOGO.jpg?fit=459%2C114&ssl=1\",\"contentUrl\":\"https:\\\/\\\/i0.wp.com\\\/www.rimocc.com\\\/wp-content\\\/uploads\\\/2023\\\/07\\\/RIMOCC_LOGO.jpg?fit=459%2C114&ssl=1\",\"width\":459,\"height\":114,\"caption\":\"Rimocc'\"},\"image\":{\"@id\":\"https:\\\/\\\/www.rimocc.com\\\/#\\\/schema\\\/logo\\\/image\\\/\"},\"sameAs\":[\"https:\\\/\\\/www.facebook.com\\\/rimocclyon\\\/?locale=fr_FR\",\"https:\\\/\\\/www.instagram.com\\\/rimoccc\\\/?hl=fr\",\"https:\\\/\\\/www.tiktok.com\\\/@rimocc\",\"https:\\\/\\\/www.youtube.com\\\/@Rimocc\"]}]}<\/script>\n<!-- \/ Yoast SEO plugin. -->","yoast_head_json":{"title":"Sabian FRX Hi Hat 14\" - D\u00e9p\u00f4t Vente Batterie Percussion | Rimocc Lyon","description":"La s\u00e9rie FRX fabriqu\u00e9e en B20 d\u00e9livre une attaque franche et une r\u00e9ponse courte en r\u00e9duisant le sustain d'une cymbale traditionnelle. Elle est perc\u00e9e \u00e0 diff\u00e9rents endroits, ce qui r\u00e9duit consid\u00e9rablement certaines fr\u00e9quences. Les FRX peuvent parfaitement s'int\u00e9grer dans un set traditionnel mais \u00e9galement \u00eatre jou\u00e9es dans des endroits o\u00f9 des mod\u00e8les traditionnels seraient trop puissants. Martel\u00e9e \u00e0 la main, elle offre une cloche type AAX dark.","robots":{"index":"index","follow":"follow","max-snippet":"max-snippet:-1","max-image-preview":"max-image-preview:large","max-video-preview":"max-video-preview:-1"},"canonical":"https:\/\/www.rimocc.com\/en\/product\/sabian-frx-hi-hat-14\/","og_locale":"en_US","og_type":"article","og_title":"Sabian FRX Hi Hat 14\" - D\u00e9p\u00f4t Vente Batterie Percussion | Rimocc Lyon","og_description":"La s\u00e9rie FRX fabriqu\u00e9e en B20 d\u00e9livre une attaque franche et une r\u00e9ponse courte en r\u00e9duisant le sustain d'une cymbale traditionnelle. Elle est perc\u00e9e \u00e0 diff\u00e9rents endroits, ce qui r\u00e9duit consid\u00e9rablement certaines fr\u00e9quences. Les FRX peuvent parfaitement s'int\u00e9grer dans un set traditionnel mais \u00e9galement \u00eatre jou\u00e9es dans des endroits o\u00f9 des mod\u00e8les traditionnels seraient trop puissants. Martel\u00e9e \u00e0 la main, elle offre une cloche type AAX dark.","og_url":"https:\/\/www.rimocc.com\/en\/product\/sabian-frx-hi-hat-14\/","og_site_name":"D\u00e9p\u00f4t Vente Batterie Percussion | Rimocc Lyon","article_publisher":"https:\/\/www.facebook.com\/rimocclyon\/?locale=fr_FR","article_modified_time":"2024-07-01T18:24:34+00:00","og_image":[{"width":1920,"height":1920,"url":"https:\/\/www.rimocc.com\/wp-content\/uploads\/2024\/05\/Sabian-FRX-Hi-Hat-14_-1.jpg","type":"image\/jpeg"}],"twitter_card":"summary_large_image","twitter_misc":{"Est. reading time":"1 minute"},"schema":{"@context":"https:\/\/schema.org","@graph":[{"@type":"WebPage","@id":"https:\/\/www.rimocc.com\/product\/sabian-frx-hi-hat-14\/","url":"https:\/\/www.rimocc.com\/product\/sabian-frx-hi-hat-14\/","name":"Sabian FRX Hi Hat 14\" - D\u00e9p\u00f4t Vente Batterie Percussion | Rimocc Lyon","isPartOf":{"@id":"https:\/\/www.rimocc.com\/#website"},"primaryImageOfPage":{"@id":"https:\/\/www.rimocc.com\/product\/sabian-frx-hi-hat-14\/#primaryimage"},"image":{"@id":"https:\/\/www.rimocc.com\/product\/sabian-frx-hi-hat-14\/#primaryimage"},"thumbnailUrl":"https:\/\/www.rimocc.com\/wp-content\/uploads\/2024\/05\/Sabian-FRX-Hi-Hat-14_-1.jpg","datePublished":"2024-05-23T14:44:22+00:00","dateModified":"2024-07-01T18:24:34+00:00","description":"La s\u00e9rie FRX fabriqu\u00e9e en B20 d\u00e9livre une attaque franche et une r\u00e9ponse courte en r\u00e9duisant le sustain d'une cymbale traditionnelle. Elle est perc\u00e9e \u00e0 diff\u00e9rents endroits, ce qui r\u00e9duit consid\u00e9rablement certaines fr\u00e9quences. Les FRX peuvent parfaitement s'int\u00e9grer dans un set traditionnel mais \u00e9galement \u00eatre jou\u00e9es dans des endroits o\u00f9 des mod\u00e8les traditionnels seraient trop puissants. Martel\u00e9e \u00e0 la main, elle offre une cloche type AAX dark.","breadcrumb":{"@id":"https:\/\/www.rimocc.com\/product\/sabian-frx-hi-hat-14\/#breadcrumb"},"inLanguage":"en-US","potentialAction":[{"@type":"ReadAction","target":["https:\/\/www.rimocc.com\/product\/sabian-frx-hi-hat-14\/"]}]},{"@type":"ImageObject","inLanguage":"en-US","@id":"https:\/\/www.rimocc.com\/product\/sabian-frx-hi-hat-14\/#primaryimage","url":"https:\/\/www.rimocc.com\/wp-content\/uploads\/2024\/05\/Sabian-FRX-Hi-Hat-14_-1.jpg","contentUrl":"https:\/\/www.rimocc.com\/wp-content\/uploads\/2024\/05\/Sabian-FRX-Hi-Hat-14_-1.jpg","width":1920,"height":1920,"caption":"Sabian FRX Hi Hat 14\""},{"@type":"BreadcrumbList","@id":"https:\/\/www.rimocc.com\/product\/sabian-frx-hi-hat-14\/#breadcrumb","itemListElement":[{"@type":"ListItem","position":1,"name":"Home","item":"https:\/\/www.rimocc.com\/"},{"@type":"ListItem","position":2,"name":"Shop","item":"https:\/\/www.rimocc.com\/shop\/"},{"@type":"ListItem","position":3,"name":"Sabian FRX Hi Hat 14&#8243;"}]},{"@type":"WebSite","@id":"https:\/\/www.rimocc.com\/#website","url":"https:\/\/www.rimocc.com\/","name":"D\u00e9p\u00f4t Vente Batterie Percussion | Rimocc Lyon","description":"Rimocc: l&#039;unique magasin d\u00e9di\u00e9 enti\u00e8rement \u00e0 la batterie, percussion d&#039;occasion et vintage \u00e0 Lyon, France","publisher":{"@id":"https:\/\/www.rimocc.com\/#organization"},"alternateName":"Rimocc'","potentialAction":[{"@type":"SearchAction","target":{"@type":"EntryPoint","urlTemplate":"https:\/\/www.rimocc.com\/?s={search_term_string}"},"query-input":{"@type":"PropertyValueSpecification","valueRequired":true,"valueName":"search_term_string"}}],"inLanguage":"en-US"},{"@type":"Organization","@id":"https:\/\/www.rimocc.com\/#organization","name":"Rimocc'","alternateName":"Rimocc","url":"https:\/\/www.rimocc.com\/","logo":{"@type":"ImageObject","inLanguage":"en-US","@id":"https:\/\/www.rimocc.com\/#\/schema\/logo\/image\/","url":"https:\/\/i0.wp.com\/www.rimocc.com\/wp-content\/uploads\/2023\/07\/RIMOCC_LOGO.jpg?fit=459%2C114&ssl=1","contentUrl":"https:\/\/i0.wp.com\/www.rimocc.com\/wp-content\/uploads\/2023\/07\/RIMOCC_LOGO.jpg?fit=459%2C114&ssl=1","width":459,"height":114,"caption":"Rimocc'"},"image":{"@id":"https:\/\/www.rimocc.com\/#\/schema\/logo\/image\/"},"sameAs":["https:\/\/www.facebook.com\/rimocclyon\/?locale=fr_FR","https:\/\/www.instagram.com\/rimoccc\/?hl=fr","https:\/\/www.tiktok.com\/@rimocc","https:\/\/www.youtube.com\/@Rimocc"]}]}},"jetpack_publicize_connections":[],"jetpack_sharing_enabled":true,"_links":{"self":[{"href":"https:\/\/www.rimocc.com\/en\/wp-json\/wp\/v2\/product\/11969","targetHints":{"allow":["GET"]}}],"collection":[{"href":"https:\/\/www.rimocc.com\/en\/wp-json\/wp\/v2\/product"}],"about":[{"href":"https:\/\/www.rimocc.com\/en\/wp-json\/wp\/v2\/types\/product"}],"replies":[{"embeddable":true,"href":"https:\/\/www.rimocc.com\/en\/wp-json\/wp\/v2\/comments?post=11969"}],"wp:featuredmedia":[{"embeddable":true,"href":"https:\/\/www.rimocc.com\/en\/wp-json\/wp\/v2\/media\/11968"}],"wp:attachment":[{"href":"https:\/\/www.rimocc.com\/en\/wp-json\/wp\/v2\/media?parent=11969"}],"wp:term":[{"taxonomy":"product_brand","embeddable":true,"href":"https:\/\/www.rimocc.com\/en\/wp-json\/wp\/v2\/product_brand?post=11969"},{"taxonomy":"product_cat","embeddable":true,"href":"https:\/\/www.rimocc.com\/en\/wp-json\/wp\/v2\/product_cat?post=11969"},{"taxonomy":"product_tag","embeddable":true,"href":"https:\/\/www.rimocc.com\/en\/wp-json\/wp\/v2\/product_tag?post=11969"}],"curies":[{"name":"wp","href":"https:\/\/api.w.org\/{rel}","templated":true}]}}