{"id":11891,"date":"2024-05-07T09:31:41","date_gmt":"2024-05-07T07:31:41","guid":{"rendered":"https:\/\/www.rimocc.com\/?post_type=product&#038;p=11891"},"modified":"2024-07-24T21:01:13","modified_gmt":"2024-07-24T19:01:13","slug":"tama-superstar-classic-14x12-floor-tom-matte-auburn-elm-burst-maple-shell","status":"publish","type":"product","link":"https:\/\/www.rimocc.com\/en\/product\/tama-superstar-classic-14x12-floor-tom-matte-auburn-elm-burst-maple-shell\/","title":{"rendered":"Tama Superstar Classic 14&Prime;x12&Prime; Floor Tom Matte Auburn Elm Burst Maple Shell"},"content":{"rendered":"<p>Tama Superstar Classic 14&Prime;x12&Prime; Floor Tom<br \/>\nMaple Shell<br \/>\nLtd Edition Matte Auburn Elm Burst<br \/>\nComme neuf \/ As new<\/p>\n<p>Floor Tom Tom Basse Rimocc&rsquo; Lyon<\/p>","protected":false},"excerpt":{"rendered":"<p>Tama Superstar Classic 14&Prime;x12&Prime; Floor Tom Maple Shell Ltd Edition Matte Auburn Elm Burst Comme neuf \/ As new Floor Tom Tom Basse Rimocc&rsquo; Lyon<\/p>","protected":false},"featured_media":11885,"comment_status":"open","ping_status":"closed","template":"","meta":{"jetpack_publicize_message":"","jetpack_publicize_feature_enabled":true,"jetpack_social_post_already_shared":false,"jetpack_social_options":{"image_generator_settings":{"template":"highway","default_image_id":0,"font":"","enabled":false},"version":2}},"product_brand":[],"product_cat":[18],"product_tag":[493,58,494,492],"class_list":{"0":"post-11891","1":"product","2":"type-product","3":"status-publish","4":"has-post-thumbnail","6":"product_cat-toms","7":"product_tag-maple-shell","8":"product_tag-tama","9":"product_tag-tama-drums","10":"product_tag-tama-superstar-classic","12":"entry","13":"has-media","15":"first","16":"outofstock","17":"shipping-taxable","18":"purchasable","19":"product-type-simple","20":"has-product-nav","21":"col","22":"span_1_of_3","23":"owp-content-center","24":"owp-thumbs-layout-horizontal","25":"owp-btn-normal","26":"owp-tabs-layout-horizontal"},"yoast_head":"<!-- This site is optimized with the Yoast SEO plugin v27.4 - https:\/\/yoast.com\/product\/yoast-seo-wordpress\/ -->\n<title>Tama Superstar Classic 14&quot;x12&quot; Floor Tom Matte Auburn Elm Burst Maple Shell - D\u00e9p\u00f4t Vente Batterie Percussion | Rimocc Lyon<\/title>\n<meta name=\"description\" content=\"For more than forty years, the Superstar name has stood for groundbreaking design, superior build quality, sterling tone, and clear projection. Superstar Classic once again upholds tradition by raising the bar for discerning drummers and remarkably does it at an extremely competitive price. Drawing on Superstar of the past, its classic TAMA T-shape badge and streamlined low-mass single lugs point to the simpler state of art of the 70&#039;s, while the ingenious Star-Mount system and new thinner gauge 100% maple shells eclipse anything in its class.This limited edition is featuring selected elm outer ply for extra gorgeous look.\" \/>\n<meta name=\"robots\" content=\"index, follow, max-snippet:-1, max-image-preview:large, max-video-preview:-1\" \/>\n<link rel=\"canonical\" href=\"https:\/\/www.rimocc.com\/en\/product\/tama-superstar-classic-14x12-floor-tom-matte-auburn-elm-burst-maple-shell\/\" \/>\n<meta property=\"og:locale\" content=\"en_US\" \/>\n<meta property=\"og:type\" content=\"article\" \/>\n<meta property=\"og:title\" content=\"Tama Superstar Classic 14&quot;x12&quot; Floor Tom Matte Auburn Elm Burst Maple Shell - D\u00e9p\u00f4t Vente Batterie Percussion | Rimocc Lyon\" \/>\n<meta property=\"og:description\" content=\"For more than forty years, the Superstar name has stood for groundbreaking design, superior build quality, sterling tone, and clear projection. Superstar Classic once again upholds tradition by raising the bar for discerning drummers and remarkably does it at an extremely competitive price. Drawing on Superstar of the past, its classic TAMA T-shape badge and streamlined low-mass single lugs point to the simpler state of art of the 70&#039;s, while the ingenious Star-Mount system and new thinner gauge 100% maple shells eclipse anything in its class.This limited edition is featuring selected elm outer ply for extra gorgeous look.\" \/>\n<meta property=\"og:url\" content=\"https:\/\/www.rimocc.com\/en\/product\/tama-superstar-classic-14x12-floor-tom-matte-auburn-elm-burst-maple-shell\/\" \/>\n<meta property=\"og:site_name\" content=\"D\u00e9p\u00f4t Vente Batterie Percussion | Rimocc Lyon\" \/>\n<meta property=\"article:publisher\" content=\"https:\/\/www.facebook.com\/rimocclyon\/?locale=fr_FR\" \/>\n<meta property=\"article:modified_time\" content=\"2024-07-24T19:01:13+00:00\" \/>\n<meta property=\"og:image\" content=\"https:\/\/www.rimocc.com\/wp-content\/uploads\/2024\/05\/Tama-Superstar-Classic-14_x12_-Floor-Tom-1.jpg\" \/>\n\t<meta property=\"og:image:width\" content=\"1920\" \/>\n\t<meta property=\"og:image:height\" content=\"1920\" \/>\n\t<meta property=\"og:image:type\" content=\"image\/jpeg\" \/>\n<meta name=\"twitter:card\" content=\"summary_large_image\" \/>\n<meta name=\"twitter:label1\" content=\"Est. reading time\" \/>\n\t<meta name=\"twitter:data1\" content=\"1 minute\" \/>\n<script type=\"application\/ld+json\" class=\"yoast-schema-graph\">{\"@context\":\"https:\\\/\\\/schema.org\",\"@graph\":[{\"@type\":\"WebPage\",\"@id\":\"https:\\\/\\\/www.rimocc.com\\\/product\\\/tama-superstar-classic-14x12-floor-tom-matte-auburn-elm-burst-maple-shell\\\/\",\"url\":\"https:\\\/\\\/www.rimocc.com\\\/product\\\/tama-superstar-classic-14x12-floor-tom-matte-auburn-elm-burst-maple-shell\\\/\",\"name\":\"Tama Superstar Classic 14\\\"x12\\\" Floor Tom Matte Auburn Elm Burst Maple Shell - D\u00e9p\u00f4t Vente Batterie Percussion | Rimocc Lyon\",\"isPartOf\":{\"@id\":\"https:\\\/\\\/www.rimocc.com\\\/#website\"},\"primaryImageOfPage\":{\"@id\":\"https:\\\/\\\/www.rimocc.com\\\/product\\\/tama-superstar-classic-14x12-floor-tom-matte-auburn-elm-burst-maple-shell\\\/#primaryimage\"},\"image\":{\"@id\":\"https:\\\/\\\/www.rimocc.com\\\/product\\\/tama-superstar-classic-14x12-floor-tom-matte-auburn-elm-burst-maple-shell\\\/#primaryimage\"},\"thumbnailUrl\":\"https:\\\/\\\/www.rimocc.com\\\/wp-content\\\/uploads\\\/2024\\\/05\\\/Tama-Superstar-Classic-14_x12_-Floor-Tom-1.jpg\",\"datePublished\":\"2024-05-07T07:31:41+00:00\",\"dateModified\":\"2024-07-24T19:01:13+00:00\",\"description\":\"For more than forty years, the Superstar name has stood for groundbreaking design, superior build quality, sterling tone, and clear projection. Superstar Classic once again upholds tradition by raising the bar for discerning drummers and remarkably does it at an extremely competitive price. Drawing on Superstar of the past, its classic TAMA T-shape badge and streamlined low-mass single lugs point to the simpler state of art of the 70's, while the ingenious Star-Mount system and new thinner gauge 100% maple shells eclipse anything in its class.This limited edition is featuring selected elm outer ply for extra gorgeous look.\",\"breadcrumb\":{\"@id\":\"https:\\\/\\\/www.rimocc.com\\\/product\\\/tama-superstar-classic-14x12-floor-tom-matte-auburn-elm-burst-maple-shell\\\/#breadcrumb\"},\"inLanguage\":\"en-US\",\"potentialAction\":[{\"@type\":\"ReadAction\",\"target\":[\"https:\\\/\\\/www.rimocc.com\\\/product\\\/tama-superstar-classic-14x12-floor-tom-matte-auburn-elm-burst-maple-shell\\\/\"]}]},{\"@type\":\"ImageObject\",\"inLanguage\":\"en-US\",\"@id\":\"https:\\\/\\\/www.rimocc.com\\\/product\\\/tama-superstar-classic-14x12-floor-tom-matte-auburn-elm-burst-maple-shell\\\/#primaryimage\",\"url\":\"https:\\\/\\\/www.rimocc.com\\\/wp-content\\\/uploads\\\/2024\\\/05\\\/Tama-Superstar-Classic-14_x12_-Floor-Tom-1.jpg\",\"contentUrl\":\"https:\\\/\\\/www.rimocc.com\\\/wp-content\\\/uploads\\\/2024\\\/05\\\/Tama-Superstar-Classic-14_x12_-Floor-Tom-1.jpg\",\"width\":1920,\"height\":1920,\"caption\":\"Tama Superstar Classic 14\\\"x12\\\" Floor Tom\"},{\"@type\":\"BreadcrumbList\",\"@id\":\"https:\\\/\\\/www.rimocc.com\\\/product\\\/tama-superstar-classic-14x12-floor-tom-matte-auburn-elm-burst-maple-shell\\\/#breadcrumb\",\"itemListElement\":[{\"@type\":\"ListItem\",\"position\":1,\"name\":\"Home\",\"item\":\"https:\\\/\\\/www.rimocc.com\\\/\"},{\"@type\":\"ListItem\",\"position\":2,\"name\":\"Shop\",\"item\":\"https:\\\/\\\/www.rimocc.com\\\/shop\\\/\"},{\"@type\":\"ListItem\",\"position\":3,\"name\":\"Tama Superstar Classic 14&#8243;x12&#8243; Floor Tom Matte Auburn Elm Burst Maple Shell\"}]},{\"@type\":\"WebSite\",\"@id\":\"https:\\\/\\\/www.rimocc.com\\\/#website\",\"url\":\"https:\\\/\\\/www.rimocc.com\\\/\",\"name\":\"D\u00e9p\u00f4t Vente Batterie Percussion | Rimocc Lyon\",\"description\":\"Rimocc: l&#039;unique magasin d\u00e9di\u00e9 enti\u00e8rement \u00e0 la batterie, percussion d&#039;occasion et vintage \u00e0 Lyon, France\",\"publisher\":{\"@id\":\"https:\\\/\\\/www.rimocc.com\\\/#organization\"},\"alternateName\":\"Rimocc'\",\"potentialAction\":[{\"@type\":\"SearchAction\",\"target\":{\"@type\":\"EntryPoint\",\"urlTemplate\":\"https:\\\/\\\/www.rimocc.com\\\/?s={search_term_string}\"},\"query-input\":{\"@type\":\"PropertyValueSpecification\",\"valueRequired\":true,\"valueName\":\"search_term_string\"}}],\"inLanguage\":\"en-US\"},{\"@type\":\"Organization\",\"@id\":\"https:\\\/\\\/www.rimocc.com\\\/#organization\",\"name\":\"Rimocc'\",\"alternateName\":\"Rimocc\",\"url\":\"https:\\\/\\\/www.rimocc.com\\\/\",\"logo\":{\"@type\":\"ImageObject\",\"inLanguage\":\"en-US\",\"@id\":\"https:\\\/\\\/www.rimocc.com\\\/#\\\/schema\\\/logo\\\/image\\\/\",\"url\":\"https:\\\/\\\/i0.wp.com\\\/www.rimocc.com\\\/wp-content\\\/uploads\\\/2023\\\/07\\\/RIMOCC_LOGO.jpg?fit=459%2C114&ssl=1\",\"contentUrl\":\"https:\\\/\\\/i0.wp.com\\\/www.rimocc.com\\\/wp-content\\\/uploads\\\/2023\\\/07\\\/RIMOCC_LOGO.jpg?fit=459%2C114&ssl=1\",\"width\":459,\"height\":114,\"caption\":\"Rimocc'\"},\"image\":{\"@id\":\"https:\\\/\\\/www.rimocc.com\\\/#\\\/schema\\\/logo\\\/image\\\/\"},\"sameAs\":[\"https:\\\/\\\/www.facebook.com\\\/rimocclyon\\\/?locale=fr_FR\",\"https:\\\/\\\/www.instagram.com\\\/rimoccc\\\/?hl=fr\",\"https:\\\/\\\/www.tiktok.com\\\/@rimocc\",\"https:\\\/\\\/www.youtube.com\\\/@Rimocc\"]}]}<\/script>\n<!-- \/ Yoast SEO plugin. -->","yoast_head_json":{"title":"Tama Superstar Classic 14\"x12\" Floor Tom Matte Auburn Elm Burst Maple Shell - D\u00e9p\u00f4t Vente Batterie Percussion | Rimocc Lyon","description":"For more than forty years, the Superstar name has stood for groundbreaking design, superior build quality, sterling tone, and clear projection. Superstar Classic once again upholds tradition by raising the bar for discerning drummers and remarkably does it at an extremely competitive price. Drawing on Superstar of the past, its classic TAMA T-shape badge and streamlined low-mass single lugs point to the simpler state of art of the 70's, while the ingenious Star-Mount system and new thinner gauge 100% maple shells eclipse anything in its class.This limited edition is featuring selected elm outer ply for extra gorgeous look.","robots":{"index":"index","follow":"follow","max-snippet":"max-snippet:-1","max-image-preview":"max-image-preview:large","max-video-preview":"max-video-preview:-1"},"canonical":"https:\/\/www.rimocc.com\/en\/product\/tama-superstar-classic-14x12-floor-tom-matte-auburn-elm-burst-maple-shell\/","og_locale":"en_US","og_type":"article","og_title":"Tama Superstar Classic 14\"x12\" Floor Tom Matte Auburn Elm Burst Maple Shell - D\u00e9p\u00f4t Vente Batterie Percussion | Rimocc Lyon","og_description":"For more than forty years, the Superstar name has stood for groundbreaking design, superior build quality, sterling tone, and clear projection. Superstar Classic once again upholds tradition by raising the bar for discerning drummers and remarkably does it at an extremely competitive price. Drawing on Superstar of the past, its classic TAMA T-shape badge and streamlined low-mass single lugs point to the simpler state of art of the 70's, while the ingenious Star-Mount system and new thinner gauge 100% maple shells eclipse anything in its class.This limited edition is featuring selected elm outer ply for extra gorgeous look.","og_url":"https:\/\/www.rimocc.com\/en\/product\/tama-superstar-classic-14x12-floor-tom-matte-auburn-elm-burst-maple-shell\/","og_site_name":"D\u00e9p\u00f4t Vente Batterie Percussion | Rimocc Lyon","article_publisher":"https:\/\/www.facebook.com\/rimocclyon\/?locale=fr_FR","article_modified_time":"2024-07-24T19:01:13+00:00","og_image":[{"width":1920,"height":1920,"url":"https:\/\/www.rimocc.com\/wp-content\/uploads\/2024\/05\/Tama-Superstar-Classic-14_x12_-Floor-Tom-1.jpg","type":"image\/jpeg"}],"twitter_card":"summary_large_image","twitter_misc":{"Est. reading time":"1 minute"},"schema":{"@context":"https:\/\/schema.org","@graph":[{"@type":"WebPage","@id":"https:\/\/www.rimocc.com\/product\/tama-superstar-classic-14x12-floor-tom-matte-auburn-elm-burst-maple-shell\/","url":"https:\/\/www.rimocc.com\/product\/tama-superstar-classic-14x12-floor-tom-matte-auburn-elm-burst-maple-shell\/","name":"Tama Superstar Classic 14\"x12\" Floor Tom Matte Auburn Elm Burst Maple Shell - D\u00e9p\u00f4t Vente Batterie Percussion | Rimocc Lyon","isPartOf":{"@id":"https:\/\/www.rimocc.com\/#website"},"primaryImageOfPage":{"@id":"https:\/\/www.rimocc.com\/product\/tama-superstar-classic-14x12-floor-tom-matte-auburn-elm-burst-maple-shell\/#primaryimage"},"image":{"@id":"https:\/\/www.rimocc.com\/product\/tama-superstar-classic-14x12-floor-tom-matte-auburn-elm-burst-maple-shell\/#primaryimage"},"thumbnailUrl":"https:\/\/www.rimocc.com\/wp-content\/uploads\/2024\/05\/Tama-Superstar-Classic-14_x12_-Floor-Tom-1.jpg","datePublished":"2024-05-07T07:31:41+00:00","dateModified":"2024-07-24T19:01:13+00:00","description":"For more than forty years, the Superstar name has stood for groundbreaking design, superior build quality, sterling tone, and clear projection. Superstar Classic once again upholds tradition by raising the bar for discerning drummers and remarkably does it at an extremely competitive price. Drawing on Superstar of the past, its classic TAMA T-shape badge and streamlined low-mass single lugs point to the simpler state of art of the 70's, while the ingenious Star-Mount system and new thinner gauge 100% maple shells eclipse anything in its class.This limited edition is featuring selected elm outer ply for extra gorgeous look.","breadcrumb":{"@id":"https:\/\/www.rimocc.com\/product\/tama-superstar-classic-14x12-floor-tom-matte-auburn-elm-burst-maple-shell\/#breadcrumb"},"inLanguage":"en-US","potentialAction":[{"@type":"ReadAction","target":["https:\/\/www.rimocc.com\/product\/tama-superstar-classic-14x12-floor-tom-matte-auburn-elm-burst-maple-shell\/"]}]},{"@type":"ImageObject","inLanguage":"en-US","@id":"https:\/\/www.rimocc.com\/product\/tama-superstar-classic-14x12-floor-tom-matte-auburn-elm-burst-maple-shell\/#primaryimage","url":"https:\/\/www.rimocc.com\/wp-content\/uploads\/2024\/05\/Tama-Superstar-Classic-14_x12_-Floor-Tom-1.jpg","contentUrl":"https:\/\/www.rimocc.com\/wp-content\/uploads\/2024\/05\/Tama-Superstar-Classic-14_x12_-Floor-Tom-1.jpg","width":1920,"height":1920,"caption":"Tama Superstar Classic 14\"x12\" Floor Tom"},{"@type":"BreadcrumbList","@id":"https:\/\/www.rimocc.com\/product\/tama-superstar-classic-14x12-floor-tom-matte-auburn-elm-burst-maple-shell\/#breadcrumb","itemListElement":[{"@type":"ListItem","position":1,"name":"Home","item":"https:\/\/www.rimocc.com\/"},{"@type":"ListItem","position":2,"name":"Shop","item":"https:\/\/www.rimocc.com\/shop\/"},{"@type":"ListItem","position":3,"name":"Tama Superstar Classic 14&#8243;x12&#8243; Floor Tom Matte Auburn Elm Burst Maple Shell"}]},{"@type":"WebSite","@id":"https:\/\/www.rimocc.com\/#website","url":"https:\/\/www.rimocc.com\/","name":"D\u00e9p\u00f4t Vente Batterie Percussion | Rimocc Lyon","description":"Rimocc: l&#039;unique magasin d\u00e9di\u00e9 enti\u00e8rement \u00e0 la batterie, percussion d&#039;occasion et vintage \u00e0 Lyon, France","publisher":{"@id":"https:\/\/www.rimocc.com\/#organization"},"alternateName":"Rimocc'","potentialAction":[{"@type":"SearchAction","target":{"@type":"EntryPoint","urlTemplate":"https:\/\/www.rimocc.com\/?s={search_term_string}"},"query-input":{"@type":"PropertyValueSpecification","valueRequired":true,"valueName":"search_term_string"}}],"inLanguage":"en-US"},{"@type":"Organization","@id":"https:\/\/www.rimocc.com\/#organization","name":"Rimocc'","alternateName":"Rimocc","url":"https:\/\/www.rimocc.com\/","logo":{"@type":"ImageObject","inLanguage":"en-US","@id":"https:\/\/www.rimocc.com\/#\/schema\/logo\/image\/","url":"https:\/\/i0.wp.com\/www.rimocc.com\/wp-content\/uploads\/2023\/07\/RIMOCC_LOGO.jpg?fit=459%2C114&ssl=1","contentUrl":"https:\/\/i0.wp.com\/www.rimocc.com\/wp-content\/uploads\/2023\/07\/RIMOCC_LOGO.jpg?fit=459%2C114&ssl=1","width":459,"height":114,"caption":"Rimocc'"},"image":{"@id":"https:\/\/www.rimocc.com\/#\/schema\/logo\/image\/"},"sameAs":["https:\/\/www.facebook.com\/rimocclyon\/?locale=fr_FR","https:\/\/www.instagram.com\/rimoccc\/?hl=fr","https:\/\/www.tiktok.com\/@rimocc","https:\/\/www.youtube.com\/@Rimocc"]}]}},"jetpack_publicize_connections":[],"jetpack_sharing_enabled":true,"_links":{"self":[{"href":"https:\/\/www.rimocc.com\/en\/wp-json\/wp\/v2\/product\/11891","targetHints":{"allow":["GET"]}}],"collection":[{"href":"https:\/\/www.rimocc.com\/en\/wp-json\/wp\/v2\/product"}],"about":[{"href":"https:\/\/www.rimocc.com\/en\/wp-json\/wp\/v2\/types\/product"}],"replies":[{"embeddable":true,"href":"https:\/\/www.rimocc.com\/en\/wp-json\/wp\/v2\/comments?post=11891"}],"wp:featuredmedia":[{"embeddable":true,"href":"https:\/\/www.rimocc.com\/en\/wp-json\/wp\/v2\/media\/11885"}],"wp:attachment":[{"href":"https:\/\/www.rimocc.com\/en\/wp-json\/wp\/v2\/media?parent=11891"}],"wp:term":[{"taxonomy":"product_brand","embeddable":true,"href":"https:\/\/www.rimocc.com\/en\/wp-json\/wp\/v2\/product_brand?post=11891"},{"taxonomy":"product_cat","embeddable":true,"href":"https:\/\/www.rimocc.com\/en\/wp-json\/wp\/v2\/product_cat?post=11891"},{"taxonomy":"product_tag","embeddable":true,"href":"https:\/\/www.rimocc.com\/en\/wp-json\/wp\/v2\/product_tag?post=11891"}],"curies":[{"name":"wp","href":"https:\/\/api.w.org\/{rel}","templated":true}]}}