{"id":11865,"date":"2024-04-27T17:04:55","date_gmt":"2024-04-27T15:04:55","guid":{"rendered":"https:\/\/www.rimocc.com\/?post_type=product&#038;p=11865"},"modified":"2024-05-03T18:54:48","modified_gmt":"2024-05-03T16:54:48","slug":"tama-tsdb1465nb-housse-c-claire-14x06-5-powerpad-designer-navy-blue","status":"publish","type":"product","link":"https:\/\/www.rimocc.com\/en\/product\/tama-tsdb1465nb-housse-c-claire-14x06-5-powerpad-designer-navy-blue\/","title":{"rendered":"TAMA TSDB1465NB HOUSSE C.CLAIRE 14X06.5 POWERPAD DESIGNER NAVY BLUE"},"content":{"rendered":"<p>Tr\u00e8s bon \u00e9tat g\u00e9n\u00e9ral<\/p>\n<p>Housse Batterie Rimocc&rsquo; Lyon<\/p>","protected":false},"excerpt":{"rendered":"<p>Tr\u00e8s bon \u00e9tat g\u00e9n\u00e9ral Housse Batterie Rimocc&rsquo; Lyon<\/p>","protected":false},"featured_media":11860,"comment_status":"open","ping_status":"closed","template":"","meta":{"jetpack_publicize_message":"","jetpack_publicize_feature_enabled":true,"jetpack_social_post_already_shared":false,"jetpack_social_options":{"image_generator_settings":{"template":"highway","default_image_id":0,"font":"","enabled":false},"version":2}},"product_brand":[],"product_cat":[22],"product_tag":[482,58,481],"class_list":{"0":"post-11865","1":"product","2":"type-product","3":"status-publish","4":"has-post-thumbnail","6":"product_cat-accessoires-batterie","7":"product_tag-snare-drum-flight-case","8":"product_tag-tama","9":"product_tag-tama-powerpad","11":"entry","12":"has-media","14":"first","15":"outofstock","16":"shipping-taxable","17":"purchasable","18":"product-type-simple","19":"has-product-nav","20":"col","21":"span_1_of_3","22":"owp-content-center","23":"owp-thumbs-layout-horizontal","24":"owp-btn-normal","25":"owp-tabs-layout-horizontal"},"yoast_head":"<!-- This site is optimized with the Yoast SEO plugin v27.5 - https:\/\/yoast.com\/product\/yoast-seo-wordpress\/ -->\n<title>TAMA TSDB1465NB HOUSSE C.CLAIRE 14X06.5 POWERPAD DESIGNER NAVY BLUE - D\u00e9p\u00f4t Vente Batterie Percussion | Rimocc Lyon<\/title>\n<meta name=\"description\" content=\"Le Powerpad\u00ae Designer Snare Drum Bag est con\u00e7u pour stocker des caisses claires jusqu&#039;\u00e0 14&quot;x6,5&quot;. Lors du transport, le coussin semi-dur de 20 mm d&#039;\u00e9paisseur offre des niveaux de protection exceptionnels contre les dommages. Ses bretelles de sac \u00e0 dos escamotables et sa poign\u00e9e ergonomique offrent une grande portabilit\u00e9. La poche avant a suffisamment d&#039;espace pour un ordinateur portable, des partitions ou des accessoires de concert essentiels.\" \/>\n<meta name=\"robots\" content=\"index, follow, max-snippet:-1, max-image-preview:large, max-video-preview:-1\" \/>\n<link rel=\"canonical\" href=\"https:\/\/www.rimocc.com\/en\/product\/tama-tsdb1465nb-housse-c-claire-14x06-5-powerpad-designer-navy-blue\/\" \/>\n<meta property=\"og:locale\" content=\"en_US\" \/>\n<meta property=\"og:type\" content=\"article\" \/>\n<meta property=\"og:title\" content=\"TAMA TSDB1465NB HOUSSE C.CLAIRE 14X06.5 POWERPAD DESIGNER NAVY BLUE - D\u00e9p\u00f4t Vente Batterie Percussion | Rimocc Lyon\" \/>\n<meta property=\"og:description\" content=\"Le Powerpad\u00ae Designer Snare Drum Bag est con\u00e7u pour stocker des caisses claires jusqu&#039;\u00e0 14&quot;x6,5&quot;. Lors du transport, le coussin semi-dur de 20 mm d&#039;\u00e9paisseur offre des niveaux de protection exceptionnels contre les dommages. Ses bretelles de sac \u00e0 dos escamotables et sa poign\u00e9e ergonomique offrent une grande portabilit\u00e9. La poche avant a suffisamment d&#039;espace pour un ordinateur portable, des partitions ou des accessoires de concert essentiels.\" \/>\n<meta property=\"og:url\" content=\"https:\/\/www.rimocc.com\/en\/product\/tama-tsdb1465nb-housse-c-claire-14x06-5-powerpad-designer-navy-blue\/\" \/>\n<meta property=\"og:site_name\" content=\"D\u00e9p\u00f4t Vente Batterie Percussion | Rimocc Lyon\" \/>\n<meta property=\"article:publisher\" content=\"https:\/\/www.facebook.com\/rimocclyon\/?locale=fr_FR\" \/>\n<meta property=\"article:modified_time\" content=\"2024-05-03T16:54:48+00:00\" \/>\n<meta property=\"og:image\" content=\"https:\/\/www.rimocc.com\/wp-content\/uploads\/2024\/04\/TAMA-TSDB1465NB-HOUSSE-C.CLAIRE-14X06.5-POWERPAD-DESIGNER-NAVY-BLUE-1.jpg\" \/>\n\t<meta property=\"og:image:width\" content=\"1920\" \/>\n\t<meta property=\"og:image:height\" content=\"1920\" \/>\n\t<meta property=\"og:image:type\" content=\"image\/jpeg\" \/>\n<meta name=\"twitter:card\" content=\"summary_large_image\" \/>\n<meta name=\"twitter:label1\" content=\"Est. reading time\" \/>\n\t<meta name=\"twitter:data1\" content=\"1 minute\" \/>\n<script type=\"application\/ld+json\" class=\"yoast-schema-graph\">{\"@context\":\"https:\\\/\\\/schema.org\",\"@graph\":[{\"@type\":\"WebPage\",\"@id\":\"https:\\\/\\\/www.rimocc.com\\\/product\\\/tama-tsdb1465nb-housse-c-claire-14x06-5-powerpad-designer-navy-blue\\\/\",\"url\":\"https:\\\/\\\/www.rimocc.com\\\/product\\\/tama-tsdb1465nb-housse-c-claire-14x06-5-powerpad-designer-navy-blue\\\/\",\"name\":\"TAMA TSDB1465NB HOUSSE C.CLAIRE 14X06.5 POWERPAD DESIGNER NAVY BLUE - D\u00e9p\u00f4t Vente Batterie Percussion | Rimocc Lyon\",\"isPartOf\":{\"@id\":\"https:\\\/\\\/www.rimocc.com\\\/#website\"},\"primaryImageOfPage\":{\"@id\":\"https:\\\/\\\/www.rimocc.com\\\/product\\\/tama-tsdb1465nb-housse-c-claire-14x06-5-powerpad-designer-navy-blue\\\/#primaryimage\"},\"image\":{\"@id\":\"https:\\\/\\\/www.rimocc.com\\\/product\\\/tama-tsdb1465nb-housse-c-claire-14x06-5-powerpad-designer-navy-blue\\\/#primaryimage\"},\"thumbnailUrl\":\"https:\\\/\\\/www.rimocc.com\\\/wp-content\\\/uploads\\\/2024\\\/04\\\/TAMA-TSDB1465NB-HOUSSE-C.CLAIRE-14X06.5-POWERPAD-DESIGNER-NAVY-BLUE-1.jpg\",\"datePublished\":\"2024-04-27T15:04:55+00:00\",\"dateModified\":\"2024-05-03T16:54:48+00:00\",\"description\":\"Le Powerpad\u00ae Designer Snare Drum Bag est con\u00e7u pour stocker des caisses claires jusqu'\u00e0 14\\\"x6,5\\\". Lors du transport, le coussin semi-dur de 20 mm d'\u00e9paisseur offre des niveaux de protection exceptionnels contre les dommages. Ses bretelles de sac \u00e0 dos escamotables et sa poign\u00e9e ergonomique offrent une grande portabilit\u00e9. La poche avant a suffisamment d'espace pour un ordinateur portable, des partitions ou des accessoires de concert essentiels.\",\"breadcrumb\":{\"@id\":\"https:\\\/\\\/www.rimocc.com\\\/product\\\/tama-tsdb1465nb-housse-c-claire-14x06-5-powerpad-designer-navy-blue\\\/#breadcrumb\"},\"inLanguage\":\"en-US\",\"potentialAction\":[{\"@type\":\"ReadAction\",\"target\":[\"https:\\\/\\\/www.rimocc.com\\\/product\\\/tama-tsdb1465nb-housse-c-claire-14x06-5-powerpad-designer-navy-blue\\\/\"]}]},{\"@type\":\"ImageObject\",\"inLanguage\":\"en-US\",\"@id\":\"https:\\\/\\\/www.rimocc.com\\\/product\\\/tama-tsdb1465nb-housse-c-claire-14x06-5-powerpad-designer-navy-blue\\\/#primaryimage\",\"url\":\"https:\\\/\\\/www.rimocc.com\\\/wp-content\\\/uploads\\\/2024\\\/04\\\/TAMA-TSDB1465NB-HOUSSE-C.CLAIRE-14X06.5-POWERPAD-DESIGNER-NAVY-BLUE-1.jpg\",\"contentUrl\":\"https:\\\/\\\/www.rimocc.com\\\/wp-content\\\/uploads\\\/2024\\\/04\\\/TAMA-TSDB1465NB-HOUSSE-C.CLAIRE-14X06.5-POWERPAD-DESIGNER-NAVY-BLUE-1.jpg\",\"width\":1920,\"height\":1920,\"caption\":\"TAMA TSDB1465NB HOUSSE C.CLAIRE 14X06.5 POWERPAD DESIGNER NAVY BLUE\"},{\"@type\":\"BreadcrumbList\",\"@id\":\"https:\\\/\\\/www.rimocc.com\\\/product\\\/tama-tsdb1465nb-housse-c-claire-14x06-5-powerpad-designer-navy-blue\\\/#breadcrumb\",\"itemListElement\":[{\"@type\":\"ListItem\",\"position\":1,\"name\":\"Home\",\"item\":\"https:\\\/\\\/www.rimocc.com\\\/\"},{\"@type\":\"ListItem\",\"position\":2,\"name\":\"Shop\",\"item\":\"https:\\\/\\\/www.rimocc.com\\\/shop\\\/\"},{\"@type\":\"ListItem\",\"position\":3,\"name\":\"TAMA TSDB1465NB HOUSSE C.CLAIRE 14X06.5 POWERPAD DESIGNER NAVY BLUE\"}]},{\"@type\":\"WebSite\",\"@id\":\"https:\\\/\\\/www.rimocc.com\\\/#website\",\"url\":\"https:\\\/\\\/www.rimocc.com\\\/\",\"name\":\"D\u00e9p\u00f4t Vente Batterie Percussion | Rimocc Lyon\",\"description\":\"Rimocc: l&#039;unique magasin d\u00e9di\u00e9 enti\u00e8rement \u00e0 la batterie, percussion d&#039;occasion et vintage \u00e0 Lyon, France\",\"publisher\":{\"@id\":\"https:\\\/\\\/www.rimocc.com\\\/#organization\"},\"alternateName\":\"Rimocc'\",\"potentialAction\":[{\"@type\":\"SearchAction\",\"target\":{\"@type\":\"EntryPoint\",\"urlTemplate\":\"https:\\\/\\\/www.rimocc.com\\\/?s={search_term_string}\"},\"query-input\":{\"@type\":\"PropertyValueSpecification\",\"valueRequired\":true,\"valueName\":\"search_term_string\"}}],\"inLanguage\":\"en-US\"},{\"@type\":\"Organization\",\"@id\":\"https:\\\/\\\/www.rimocc.com\\\/#organization\",\"name\":\"Rimocc'\",\"alternateName\":\"Rimocc\",\"url\":\"https:\\\/\\\/www.rimocc.com\\\/\",\"logo\":{\"@type\":\"ImageObject\",\"inLanguage\":\"en-US\",\"@id\":\"https:\\\/\\\/www.rimocc.com\\\/#\\\/schema\\\/logo\\\/image\\\/\",\"url\":\"https:\\\/\\\/i0.wp.com\\\/www.rimocc.com\\\/wp-content\\\/uploads\\\/2023\\\/07\\\/RIMOCC_LOGO.jpg?fit=459%2C114&ssl=1\",\"contentUrl\":\"https:\\\/\\\/i0.wp.com\\\/www.rimocc.com\\\/wp-content\\\/uploads\\\/2023\\\/07\\\/RIMOCC_LOGO.jpg?fit=459%2C114&ssl=1\",\"width\":459,\"height\":114,\"caption\":\"Rimocc'\"},\"image\":{\"@id\":\"https:\\\/\\\/www.rimocc.com\\\/#\\\/schema\\\/logo\\\/image\\\/\"},\"sameAs\":[\"https:\\\/\\\/www.facebook.com\\\/rimocclyon\\\/?locale=fr_FR\",\"https:\\\/\\\/www.instagram.com\\\/rimoccc\\\/?hl=fr\",\"https:\\\/\\\/www.tiktok.com\\\/@rimocc\",\"https:\\\/\\\/www.youtube.com\\\/@Rimocc\"]}]}<\/script>\n<!-- \/ Yoast SEO plugin. -->","yoast_head_json":{"title":"TAMA TSDB1465NB HOUSSE C.CLAIRE 14X06.5 POWERPAD DESIGNER NAVY BLUE - D\u00e9p\u00f4t Vente Batterie Percussion | Rimocc Lyon","description":"Le Powerpad\u00ae Designer Snare Drum Bag est con\u00e7u pour stocker des caisses claires jusqu'\u00e0 14\"x6,5\". Lors du transport, le coussin semi-dur de 20 mm d'\u00e9paisseur offre des niveaux de protection exceptionnels contre les dommages. Ses bretelles de sac \u00e0 dos escamotables et sa poign\u00e9e ergonomique offrent une grande portabilit\u00e9. La poche avant a suffisamment d'espace pour un ordinateur portable, des partitions ou des accessoires de concert essentiels.","robots":{"index":"index","follow":"follow","max-snippet":"max-snippet:-1","max-image-preview":"max-image-preview:large","max-video-preview":"max-video-preview:-1"},"canonical":"https:\/\/www.rimocc.com\/en\/product\/tama-tsdb1465nb-housse-c-claire-14x06-5-powerpad-designer-navy-blue\/","og_locale":"en_US","og_type":"article","og_title":"TAMA TSDB1465NB HOUSSE C.CLAIRE 14X06.5 POWERPAD DESIGNER NAVY BLUE - D\u00e9p\u00f4t Vente Batterie Percussion | Rimocc Lyon","og_description":"Le Powerpad\u00ae Designer Snare Drum Bag est con\u00e7u pour stocker des caisses claires jusqu'\u00e0 14\"x6,5\". Lors du transport, le coussin semi-dur de 20 mm d'\u00e9paisseur offre des niveaux de protection exceptionnels contre les dommages. Ses bretelles de sac \u00e0 dos escamotables et sa poign\u00e9e ergonomique offrent une grande portabilit\u00e9. La poche avant a suffisamment d'espace pour un ordinateur portable, des partitions ou des accessoires de concert essentiels.","og_url":"https:\/\/www.rimocc.com\/en\/product\/tama-tsdb1465nb-housse-c-claire-14x06-5-powerpad-designer-navy-blue\/","og_site_name":"D\u00e9p\u00f4t Vente Batterie Percussion | Rimocc Lyon","article_publisher":"https:\/\/www.facebook.com\/rimocclyon\/?locale=fr_FR","article_modified_time":"2024-05-03T16:54:48+00:00","og_image":[{"width":1920,"height":1920,"url":"https:\/\/www.rimocc.com\/wp-content\/uploads\/2024\/04\/TAMA-TSDB1465NB-HOUSSE-C.CLAIRE-14X06.5-POWERPAD-DESIGNER-NAVY-BLUE-1.jpg","type":"image\/jpeg"}],"twitter_card":"summary_large_image","twitter_misc":{"Est. reading time":"1 minute"},"schema":{"@context":"https:\/\/schema.org","@graph":[{"@type":"WebPage","@id":"https:\/\/www.rimocc.com\/product\/tama-tsdb1465nb-housse-c-claire-14x06-5-powerpad-designer-navy-blue\/","url":"https:\/\/www.rimocc.com\/product\/tama-tsdb1465nb-housse-c-claire-14x06-5-powerpad-designer-navy-blue\/","name":"TAMA TSDB1465NB HOUSSE C.CLAIRE 14X06.5 POWERPAD DESIGNER NAVY BLUE - D\u00e9p\u00f4t Vente Batterie Percussion | Rimocc Lyon","isPartOf":{"@id":"https:\/\/www.rimocc.com\/#website"},"primaryImageOfPage":{"@id":"https:\/\/www.rimocc.com\/product\/tama-tsdb1465nb-housse-c-claire-14x06-5-powerpad-designer-navy-blue\/#primaryimage"},"image":{"@id":"https:\/\/www.rimocc.com\/product\/tama-tsdb1465nb-housse-c-claire-14x06-5-powerpad-designer-navy-blue\/#primaryimage"},"thumbnailUrl":"https:\/\/www.rimocc.com\/wp-content\/uploads\/2024\/04\/TAMA-TSDB1465NB-HOUSSE-C.CLAIRE-14X06.5-POWERPAD-DESIGNER-NAVY-BLUE-1.jpg","datePublished":"2024-04-27T15:04:55+00:00","dateModified":"2024-05-03T16:54:48+00:00","description":"Le Powerpad\u00ae Designer Snare Drum Bag est con\u00e7u pour stocker des caisses claires jusqu'\u00e0 14\"x6,5\". Lors du transport, le coussin semi-dur de 20 mm d'\u00e9paisseur offre des niveaux de protection exceptionnels contre les dommages. Ses bretelles de sac \u00e0 dos escamotables et sa poign\u00e9e ergonomique offrent une grande portabilit\u00e9. La poche avant a suffisamment d'espace pour un ordinateur portable, des partitions ou des accessoires de concert essentiels.","breadcrumb":{"@id":"https:\/\/www.rimocc.com\/product\/tama-tsdb1465nb-housse-c-claire-14x06-5-powerpad-designer-navy-blue\/#breadcrumb"},"inLanguage":"en-US","potentialAction":[{"@type":"ReadAction","target":["https:\/\/www.rimocc.com\/product\/tama-tsdb1465nb-housse-c-claire-14x06-5-powerpad-designer-navy-blue\/"]}]},{"@type":"ImageObject","inLanguage":"en-US","@id":"https:\/\/www.rimocc.com\/product\/tama-tsdb1465nb-housse-c-claire-14x06-5-powerpad-designer-navy-blue\/#primaryimage","url":"https:\/\/www.rimocc.com\/wp-content\/uploads\/2024\/04\/TAMA-TSDB1465NB-HOUSSE-C.CLAIRE-14X06.5-POWERPAD-DESIGNER-NAVY-BLUE-1.jpg","contentUrl":"https:\/\/www.rimocc.com\/wp-content\/uploads\/2024\/04\/TAMA-TSDB1465NB-HOUSSE-C.CLAIRE-14X06.5-POWERPAD-DESIGNER-NAVY-BLUE-1.jpg","width":1920,"height":1920,"caption":"TAMA TSDB1465NB HOUSSE C.CLAIRE 14X06.5 POWERPAD DESIGNER NAVY BLUE"},{"@type":"BreadcrumbList","@id":"https:\/\/www.rimocc.com\/product\/tama-tsdb1465nb-housse-c-claire-14x06-5-powerpad-designer-navy-blue\/#breadcrumb","itemListElement":[{"@type":"ListItem","position":1,"name":"Home","item":"https:\/\/www.rimocc.com\/"},{"@type":"ListItem","position":2,"name":"Shop","item":"https:\/\/www.rimocc.com\/shop\/"},{"@type":"ListItem","position":3,"name":"TAMA TSDB1465NB HOUSSE C.CLAIRE 14X06.5 POWERPAD DESIGNER NAVY BLUE"}]},{"@type":"WebSite","@id":"https:\/\/www.rimocc.com\/#website","url":"https:\/\/www.rimocc.com\/","name":"D\u00e9p\u00f4t Vente Batterie Percussion | Rimocc Lyon","description":"Rimocc: l&#039;unique magasin d\u00e9di\u00e9 enti\u00e8rement \u00e0 la batterie, percussion d&#039;occasion et vintage \u00e0 Lyon, France","publisher":{"@id":"https:\/\/www.rimocc.com\/#organization"},"alternateName":"Rimocc'","potentialAction":[{"@type":"SearchAction","target":{"@type":"EntryPoint","urlTemplate":"https:\/\/www.rimocc.com\/?s={search_term_string}"},"query-input":{"@type":"PropertyValueSpecification","valueRequired":true,"valueName":"search_term_string"}}],"inLanguage":"en-US"},{"@type":"Organization","@id":"https:\/\/www.rimocc.com\/#organization","name":"Rimocc'","alternateName":"Rimocc","url":"https:\/\/www.rimocc.com\/","logo":{"@type":"ImageObject","inLanguage":"en-US","@id":"https:\/\/www.rimocc.com\/#\/schema\/logo\/image\/","url":"https:\/\/i0.wp.com\/www.rimocc.com\/wp-content\/uploads\/2023\/07\/RIMOCC_LOGO.jpg?fit=459%2C114&ssl=1","contentUrl":"https:\/\/i0.wp.com\/www.rimocc.com\/wp-content\/uploads\/2023\/07\/RIMOCC_LOGO.jpg?fit=459%2C114&ssl=1","width":459,"height":114,"caption":"Rimocc'"},"image":{"@id":"https:\/\/www.rimocc.com\/#\/schema\/logo\/image\/"},"sameAs":["https:\/\/www.facebook.com\/rimocclyon\/?locale=fr_FR","https:\/\/www.instagram.com\/rimoccc\/?hl=fr","https:\/\/www.tiktok.com\/@rimocc","https:\/\/www.youtube.com\/@Rimocc"]}]}},"jetpack_publicize_connections":[],"jetpack_sharing_enabled":true,"_links":{"self":[{"href":"https:\/\/www.rimocc.com\/en\/wp-json\/wp\/v2\/product\/11865","targetHints":{"allow":["GET"]}}],"collection":[{"href":"https:\/\/www.rimocc.com\/en\/wp-json\/wp\/v2\/product"}],"about":[{"href":"https:\/\/www.rimocc.com\/en\/wp-json\/wp\/v2\/types\/product"}],"replies":[{"embeddable":true,"href":"https:\/\/www.rimocc.com\/en\/wp-json\/wp\/v2\/comments?post=11865"}],"wp:featuredmedia":[{"embeddable":true,"href":"https:\/\/www.rimocc.com\/en\/wp-json\/wp\/v2\/media\/11860"}],"wp:attachment":[{"href":"https:\/\/www.rimocc.com\/en\/wp-json\/wp\/v2\/media?parent=11865"}],"wp:term":[{"taxonomy":"product_brand","embeddable":true,"href":"https:\/\/www.rimocc.com\/en\/wp-json\/wp\/v2\/product_brand?post=11865"},{"taxonomy":"product_cat","embeddable":true,"href":"https:\/\/www.rimocc.com\/en\/wp-json\/wp\/v2\/product_cat?post=11865"},{"taxonomy":"product_tag","embeddable":true,"href":"https:\/\/www.rimocc.com\/en\/wp-json\/wp\/v2\/product_tag?post=11865"}],"curies":[{"name":"wp","href":"https:\/\/api.w.org\/{rel}","templated":true}]}}