{"id":11784,"date":"2024-04-13T15:37:17","date_gmt":"2024-04-13T13:37:17","guid":{"rendered":"https:\/\/www.rimocc.com\/?post_type=product&#038;p=11784"},"modified":"2024-05-03T11:57:12","modified_gmt":"2024-05-03T09:57:12","slug":"stagg-ampli-pms10a-active-full-range-loudspeaker","status":"publish","type":"product","link":"https:\/\/www.rimocc.com\/en\/product\/stagg-ampli-pms10a-active-full-range-loudspeaker\/","title":{"rendered":"Stagg Ampli PMS10A Active full-range loudspeaker"},"content":{"rendered":"<p>Tr\u00e8s bon \u00e9tat g\u00e9n\u00e9ral<br \/>\nParfait pour batterie \u00e9lectronique<br \/>\n\u00ab\u00a0Two-way active speaker, 10\u00a0\u00bb woofer, class AB, 170 watts &#8211; Woofer: 10\u00a0\u00bb, 30 oz magnet, 1.5\u00a0\u00bb voice coil &#8211; Tweeter: 1\u00a0\u00bb titanium diaphragm driver, 8 ohms &#8211; Frequency response: 30 Hz &#8211; 20 KHz &#8211; Sensitivity: 93 dB +\/- 2 dB &#8211; Impedance: 4 ohms &#8211; Sound pressure level: 91 dB &#8211; MP3 player: With USB input, SD card input and Bluetooth receiver &#8211; Inputs: XLR and phone jack (microphone), XLR, phono input and auxiliary input (line), USB, SD card and Bluetooth &#8211; Mix out output: XLR &#8211; Controls: Microphone volume, line volume, USB \/ SD \/ Bluetooth \/ radio, volume, treble, bass &#8211; Fixation: Speaker base or standard 35 mm (1.37\u00a0\u00bb) speaker stand \u00a0\u00bb<\/p>\n<p>Accessoire Batterie Rimocc&rsquo; Lyon<\/p>","protected":false},"excerpt":{"rendered":"<p>Tr\u00e8s bon \u00e9tat g\u00e9n\u00e9ral Parfait pour batterie \u00e9lectronique \u00ab\u00a0Two-way active speaker, 10\u00a0\u00bb woofer, class AB, 170 watts &#8211; Woofer: 10\u00a0\u00bb, 30 oz magnet, 1.5\u00a0\u00bb voice coil &#8211; Tweeter: 1\u00a0\u00bb titanium diaphragm driver, 8 ohms &#8211; Frequency response: 30 Hz &#8211; 20 KHz &#8211; Sensitivity: 93 dB +\/- 2 dB &#8211; Impedance: 4 ohms &#8211; Sound [&hellip;]<\/p>\n","protected":false},"featured_media":11781,"comment_status":"open","ping_status":"closed","template":"","meta":{"jetpack_publicize_message":"","jetpack_publicize_feature_enabled":true,"jetpack_social_post_already_shared":false,"jetpack_social_options":{"image_generator_settings":{"template":"highway","default_image_id":0,"font":"","enabled":false},"version":2}},"product_brand":[],"product_cat":[22],"product_tag":[57,464,211,463],"class_list":{"0":"post-11784","1":"product","2":"type-product","3":"status-publish","4":"has-post-thumbnail","6":"product_cat-accessoires-batterie","7":"product_tag-batterie-electronique","8":"product_tag-electronic-drums","9":"product_tag-stagg","10":"product_tag-stagg-loud-speaker","12":"entry","13":"has-media","15":"first","16":"outofstock","17":"shipping-taxable","18":"purchasable","19":"product-type-simple","20":"has-product-nav","21":"col","22":"span_1_of_3","23":"owp-content-center","24":"owp-thumbs-layout-horizontal","25":"owp-btn-normal","26":"owp-tabs-layout-horizontal"},"yoast_head":"<!-- This site is optimized with the Yoast SEO plugin v27.5 - https:\/\/yoast.com\/product\/yoast-seo-wordpress\/ -->\n<title>Stagg Ampli PMS10A Active full-range loudspeaker - D\u00e9p\u00f4t Vente Batterie Percussion | Rimocc Lyon<\/title>\n<meta name=\"description\" content=\"Two-way active speaker, 10&#039;&#039; woofer, class AB, 170 watts - Woofer: 10&#039;&#039;, 30 oz magnet, 1.5&#039;&#039; voice coil - Tweeter: 1&#039;&#039; titanium diaphragm driver, 8 ohms - Frequency response: 30 Hz - 20 KHz - Sensitivity: 93 dB +\/- 2 dB - Impedance: 4 ohms - Sound pressure level: 91 dB - MP3 player: With USB input, SD card input and Bluetooth receiver - Inputs: XLR and phone jack (microphone), XLR, phono input and auxiliary input (line), USB, SD card and Bluetooth - Mix out output: XLR - Controls: Microphone volume, line volume, USB \/ SD \/ Bluetooth \/ radio, volume, treble, bass - Fixation: Speaker base or standard 35 mm (1.37&#039;&#039;) speaker stand\" \/>\n<meta name=\"robots\" content=\"index, follow, max-snippet:-1, max-image-preview:large, max-video-preview:-1\" \/>\n<link rel=\"canonical\" href=\"https:\/\/www.rimocc.com\/en\/product\/stagg-ampli-pms10a-active-full-range-loudspeaker\/\" \/>\n<meta property=\"og:locale\" content=\"en_US\" \/>\n<meta property=\"og:type\" content=\"article\" \/>\n<meta property=\"og:title\" content=\"Stagg Ampli PMS10A Active full-range loudspeaker - D\u00e9p\u00f4t Vente Batterie Percussion | Rimocc Lyon\" \/>\n<meta property=\"og:description\" content=\"Two-way active speaker, 10&#039;&#039; woofer, class AB, 170 watts - Woofer: 10&#039;&#039;, 30 oz magnet, 1.5&#039;&#039; voice coil - Tweeter: 1&#039;&#039; titanium diaphragm driver, 8 ohms - Frequency response: 30 Hz - 20 KHz - Sensitivity: 93 dB +\/- 2 dB - Impedance: 4 ohms - Sound pressure level: 91 dB - MP3 player: With USB input, SD card input and Bluetooth receiver - Inputs: XLR and phone jack (microphone), XLR, phono input and auxiliary input (line), USB, SD card and Bluetooth - Mix out output: XLR - Controls: Microphone volume, line volume, USB \/ SD \/ Bluetooth \/ radio, volume, treble, bass - Fixation: Speaker base or standard 35 mm (1.37&#039;&#039;) speaker stand\" \/>\n<meta property=\"og:url\" content=\"https:\/\/www.rimocc.com\/en\/product\/stagg-ampli-pms10a-active-full-range-loudspeaker\/\" \/>\n<meta property=\"og:site_name\" content=\"D\u00e9p\u00f4t Vente Batterie Percussion | Rimocc Lyon\" \/>\n<meta property=\"article:publisher\" content=\"https:\/\/www.facebook.com\/rimocclyon\/?locale=fr_FR\" \/>\n<meta property=\"article:modified_time\" content=\"2024-05-03T09:57:12+00:00\" \/>\n<meta property=\"og:image\" content=\"https:\/\/www.rimocc.com\/wp-content\/uploads\/2024\/04\/Stagg-Ampli-PMS10A-1-1024x1024.jpg\" \/>\n\t<meta property=\"og:image:width\" content=\"1024\" \/>\n\t<meta property=\"og:image:height\" content=\"1024\" \/>\n\t<meta property=\"og:image:type\" content=\"image\/jpeg\" \/>\n<meta name=\"twitter:card\" content=\"summary_large_image\" \/>\n<meta name=\"twitter:label1\" content=\"Est. reading time\" \/>\n\t<meta name=\"twitter:data1\" content=\"1 minute\" \/>\n<script type=\"application\/ld+json\" class=\"yoast-schema-graph\">{\"@context\":\"https:\\\/\\\/schema.org\",\"@graph\":[{\"@type\":\"WebPage\",\"@id\":\"https:\\\/\\\/www.rimocc.com\\\/product\\\/stagg-ampli-pms10a-active-full-range-loudspeaker\\\/\",\"url\":\"https:\\\/\\\/www.rimocc.com\\\/product\\\/stagg-ampli-pms10a-active-full-range-loudspeaker\\\/\",\"name\":\"Stagg Ampli PMS10A Active full-range loudspeaker - D\u00e9p\u00f4t Vente Batterie Percussion | Rimocc Lyon\",\"isPartOf\":{\"@id\":\"https:\\\/\\\/www.rimocc.com\\\/#website\"},\"primaryImageOfPage\":{\"@id\":\"https:\\\/\\\/www.rimocc.com\\\/product\\\/stagg-ampli-pms10a-active-full-range-loudspeaker\\\/#primaryimage\"},\"image\":{\"@id\":\"https:\\\/\\\/www.rimocc.com\\\/product\\\/stagg-ampli-pms10a-active-full-range-loudspeaker\\\/#primaryimage\"},\"thumbnailUrl\":\"https:\\\/\\\/www.rimocc.com\\\/wp-content\\\/uploads\\\/2024\\\/04\\\/Stagg-Ampli-PMS10A-1.jpg\",\"datePublished\":\"2024-04-13T13:37:17+00:00\",\"dateModified\":\"2024-05-03T09:57:12+00:00\",\"description\":\"Two-way active speaker, 10'' woofer, class AB, 170 watts - Woofer: 10'', 30 oz magnet, 1.5'' voice coil - Tweeter: 1'' titanium diaphragm driver, 8 ohms - Frequency response: 30 Hz - 20 KHz - Sensitivity: 93 dB +\\\/- 2 dB - Impedance: 4 ohms - Sound pressure level: 91 dB - MP3 player: With USB input, SD card input and Bluetooth receiver - Inputs: XLR and phone jack (microphone), XLR, phono input and auxiliary input (line), USB, SD card and Bluetooth - Mix out output: XLR - Controls: Microphone volume, line volume, USB \\\/ SD \\\/ Bluetooth \\\/ radio, volume, treble, bass - Fixation: Speaker base or standard 35 mm (1.37'') speaker stand\",\"breadcrumb\":{\"@id\":\"https:\\\/\\\/www.rimocc.com\\\/product\\\/stagg-ampli-pms10a-active-full-range-loudspeaker\\\/#breadcrumb\"},\"inLanguage\":\"en-US\",\"potentialAction\":[{\"@type\":\"ReadAction\",\"target\":[\"https:\\\/\\\/www.rimocc.com\\\/product\\\/stagg-ampli-pms10a-active-full-range-loudspeaker\\\/\"]}]},{\"@type\":\"ImageObject\",\"inLanguage\":\"en-US\",\"@id\":\"https:\\\/\\\/www.rimocc.com\\\/product\\\/stagg-ampli-pms10a-active-full-range-loudspeaker\\\/#primaryimage\",\"url\":\"https:\\\/\\\/www.rimocc.com\\\/wp-content\\\/uploads\\\/2024\\\/04\\\/Stagg-Ampli-PMS10A-1.jpg\",\"contentUrl\":\"https:\\\/\\\/www.rimocc.com\\\/wp-content\\\/uploads\\\/2024\\\/04\\\/Stagg-Ampli-PMS10A-1.jpg\",\"width\":1920,\"height\":1920,\"caption\":\"Stagg Ampli PMS10A\"},{\"@type\":\"BreadcrumbList\",\"@id\":\"https:\\\/\\\/www.rimocc.com\\\/product\\\/stagg-ampli-pms10a-active-full-range-loudspeaker\\\/#breadcrumb\",\"itemListElement\":[{\"@type\":\"ListItem\",\"position\":1,\"name\":\"Home\",\"item\":\"https:\\\/\\\/www.rimocc.com\\\/\"},{\"@type\":\"ListItem\",\"position\":2,\"name\":\"Shop\",\"item\":\"https:\\\/\\\/www.rimocc.com\\\/shop\\\/\"},{\"@type\":\"ListItem\",\"position\":3,\"name\":\"Stagg Ampli PMS10A Active full-range loudspeaker\"}]},{\"@type\":\"WebSite\",\"@id\":\"https:\\\/\\\/www.rimocc.com\\\/#website\",\"url\":\"https:\\\/\\\/www.rimocc.com\\\/\",\"name\":\"D\u00e9p\u00f4t Vente Batterie Percussion | Rimocc Lyon\",\"description\":\"Rimocc: l&#039;unique magasin d\u00e9di\u00e9 enti\u00e8rement \u00e0 la batterie, percussion d&#039;occasion et vintage \u00e0 Lyon, France\",\"publisher\":{\"@id\":\"https:\\\/\\\/www.rimocc.com\\\/#organization\"},\"alternateName\":\"Rimocc'\",\"potentialAction\":[{\"@type\":\"SearchAction\",\"target\":{\"@type\":\"EntryPoint\",\"urlTemplate\":\"https:\\\/\\\/www.rimocc.com\\\/?s={search_term_string}\"},\"query-input\":{\"@type\":\"PropertyValueSpecification\",\"valueRequired\":true,\"valueName\":\"search_term_string\"}}],\"inLanguage\":\"en-US\"},{\"@type\":\"Organization\",\"@id\":\"https:\\\/\\\/www.rimocc.com\\\/#organization\",\"name\":\"Rimocc'\",\"alternateName\":\"Rimocc\",\"url\":\"https:\\\/\\\/www.rimocc.com\\\/\",\"logo\":{\"@type\":\"ImageObject\",\"inLanguage\":\"en-US\",\"@id\":\"https:\\\/\\\/www.rimocc.com\\\/#\\\/schema\\\/logo\\\/image\\\/\",\"url\":\"https:\\\/\\\/i0.wp.com\\\/www.rimocc.com\\\/wp-content\\\/uploads\\\/2023\\\/07\\\/RIMOCC_LOGO.jpg?fit=459%2C114&ssl=1\",\"contentUrl\":\"https:\\\/\\\/i0.wp.com\\\/www.rimocc.com\\\/wp-content\\\/uploads\\\/2023\\\/07\\\/RIMOCC_LOGO.jpg?fit=459%2C114&ssl=1\",\"width\":459,\"height\":114,\"caption\":\"Rimocc'\"},\"image\":{\"@id\":\"https:\\\/\\\/www.rimocc.com\\\/#\\\/schema\\\/logo\\\/image\\\/\"},\"sameAs\":[\"https:\\\/\\\/www.facebook.com\\\/rimocclyon\\\/?locale=fr_FR\",\"https:\\\/\\\/www.instagram.com\\\/rimoccc\\\/?hl=fr\",\"https:\\\/\\\/www.tiktok.com\\\/@rimocc\",\"https:\\\/\\\/www.youtube.com\\\/@Rimocc\"]}]}<\/script>\n<!-- \/ Yoast SEO plugin. -->","yoast_head_json":{"title":"Stagg Ampli PMS10A Active full-range loudspeaker - D\u00e9p\u00f4t Vente Batterie Percussion | Rimocc Lyon","description":"Two-way active speaker, 10'' woofer, class AB, 170 watts - Woofer: 10'', 30 oz magnet, 1.5'' voice coil - Tweeter: 1'' titanium diaphragm driver, 8 ohms - Frequency response: 30 Hz - 20 KHz - Sensitivity: 93 dB +\/- 2 dB - Impedance: 4 ohms - Sound pressure level: 91 dB - MP3 player: With USB input, SD card input and Bluetooth receiver - Inputs: XLR and phone jack (microphone), XLR, phono input and auxiliary input (line), USB, SD card and Bluetooth - Mix out output: XLR - Controls: Microphone volume, line volume, USB \/ SD \/ Bluetooth \/ radio, volume, treble, bass - Fixation: Speaker base or standard 35 mm (1.37'') speaker stand","robots":{"index":"index","follow":"follow","max-snippet":"max-snippet:-1","max-image-preview":"max-image-preview:large","max-video-preview":"max-video-preview:-1"},"canonical":"https:\/\/www.rimocc.com\/en\/product\/stagg-ampli-pms10a-active-full-range-loudspeaker\/","og_locale":"en_US","og_type":"article","og_title":"Stagg Ampli PMS10A Active full-range loudspeaker - D\u00e9p\u00f4t Vente Batterie Percussion | Rimocc Lyon","og_description":"Two-way active speaker, 10'' woofer, class AB, 170 watts - Woofer: 10'', 30 oz magnet, 1.5'' voice coil - Tweeter: 1'' titanium diaphragm driver, 8 ohms - Frequency response: 30 Hz - 20 KHz - Sensitivity: 93 dB +\/- 2 dB - Impedance: 4 ohms - Sound pressure level: 91 dB - MP3 player: With USB input, SD card input and Bluetooth receiver - Inputs: XLR and phone jack (microphone), XLR, phono input and auxiliary input (line), USB, SD card and Bluetooth - Mix out output: XLR - Controls: Microphone volume, line volume, USB \/ SD \/ Bluetooth \/ radio, volume, treble, bass - Fixation: Speaker base or standard 35 mm (1.37'') speaker stand","og_url":"https:\/\/www.rimocc.com\/en\/product\/stagg-ampli-pms10a-active-full-range-loudspeaker\/","og_site_name":"D\u00e9p\u00f4t Vente Batterie Percussion | Rimocc Lyon","article_publisher":"https:\/\/www.facebook.com\/rimocclyon\/?locale=fr_FR","article_modified_time":"2024-05-03T09:57:12+00:00","og_image":[{"width":1024,"height":1024,"url":"https:\/\/www.rimocc.com\/wp-content\/uploads\/2024\/04\/Stagg-Ampli-PMS10A-1-1024x1024.jpg","type":"image\/jpeg"}],"twitter_card":"summary_large_image","twitter_misc":{"Est. reading time":"1 minute"},"schema":{"@context":"https:\/\/schema.org","@graph":[{"@type":"WebPage","@id":"https:\/\/www.rimocc.com\/product\/stagg-ampli-pms10a-active-full-range-loudspeaker\/","url":"https:\/\/www.rimocc.com\/product\/stagg-ampli-pms10a-active-full-range-loudspeaker\/","name":"Stagg Ampli PMS10A Active full-range loudspeaker - D\u00e9p\u00f4t Vente Batterie Percussion | Rimocc Lyon","isPartOf":{"@id":"https:\/\/www.rimocc.com\/#website"},"primaryImageOfPage":{"@id":"https:\/\/www.rimocc.com\/product\/stagg-ampli-pms10a-active-full-range-loudspeaker\/#primaryimage"},"image":{"@id":"https:\/\/www.rimocc.com\/product\/stagg-ampli-pms10a-active-full-range-loudspeaker\/#primaryimage"},"thumbnailUrl":"https:\/\/www.rimocc.com\/wp-content\/uploads\/2024\/04\/Stagg-Ampli-PMS10A-1.jpg","datePublished":"2024-04-13T13:37:17+00:00","dateModified":"2024-05-03T09:57:12+00:00","description":"Two-way active speaker, 10'' woofer, class AB, 170 watts - Woofer: 10'', 30 oz magnet, 1.5'' voice coil - Tweeter: 1'' titanium diaphragm driver, 8 ohms - Frequency response: 30 Hz - 20 KHz - Sensitivity: 93 dB +\/- 2 dB - Impedance: 4 ohms - Sound pressure level: 91 dB - MP3 player: With USB input, SD card input and Bluetooth receiver - Inputs: XLR and phone jack (microphone), XLR, phono input and auxiliary input (line), USB, SD card and Bluetooth - Mix out output: XLR - Controls: Microphone volume, line volume, USB \/ SD \/ Bluetooth \/ radio, volume, treble, bass - Fixation: Speaker base or standard 35 mm (1.37'') speaker stand","breadcrumb":{"@id":"https:\/\/www.rimocc.com\/product\/stagg-ampli-pms10a-active-full-range-loudspeaker\/#breadcrumb"},"inLanguage":"en-US","potentialAction":[{"@type":"ReadAction","target":["https:\/\/www.rimocc.com\/product\/stagg-ampli-pms10a-active-full-range-loudspeaker\/"]}]},{"@type":"ImageObject","inLanguage":"en-US","@id":"https:\/\/www.rimocc.com\/product\/stagg-ampli-pms10a-active-full-range-loudspeaker\/#primaryimage","url":"https:\/\/www.rimocc.com\/wp-content\/uploads\/2024\/04\/Stagg-Ampli-PMS10A-1.jpg","contentUrl":"https:\/\/www.rimocc.com\/wp-content\/uploads\/2024\/04\/Stagg-Ampli-PMS10A-1.jpg","width":1920,"height":1920,"caption":"Stagg Ampli PMS10A"},{"@type":"BreadcrumbList","@id":"https:\/\/www.rimocc.com\/product\/stagg-ampli-pms10a-active-full-range-loudspeaker\/#breadcrumb","itemListElement":[{"@type":"ListItem","position":1,"name":"Home","item":"https:\/\/www.rimocc.com\/"},{"@type":"ListItem","position":2,"name":"Shop","item":"https:\/\/www.rimocc.com\/shop\/"},{"@type":"ListItem","position":3,"name":"Stagg Ampli PMS10A Active full-range loudspeaker"}]},{"@type":"WebSite","@id":"https:\/\/www.rimocc.com\/#website","url":"https:\/\/www.rimocc.com\/","name":"D\u00e9p\u00f4t Vente Batterie Percussion | Rimocc Lyon","description":"Rimocc: l&#039;unique magasin d\u00e9di\u00e9 enti\u00e8rement \u00e0 la batterie, percussion d&#039;occasion et vintage \u00e0 Lyon, France","publisher":{"@id":"https:\/\/www.rimocc.com\/#organization"},"alternateName":"Rimocc'","potentialAction":[{"@type":"SearchAction","target":{"@type":"EntryPoint","urlTemplate":"https:\/\/www.rimocc.com\/?s={search_term_string}"},"query-input":{"@type":"PropertyValueSpecification","valueRequired":true,"valueName":"search_term_string"}}],"inLanguage":"en-US"},{"@type":"Organization","@id":"https:\/\/www.rimocc.com\/#organization","name":"Rimocc'","alternateName":"Rimocc","url":"https:\/\/www.rimocc.com\/","logo":{"@type":"ImageObject","inLanguage":"en-US","@id":"https:\/\/www.rimocc.com\/#\/schema\/logo\/image\/","url":"https:\/\/i0.wp.com\/www.rimocc.com\/wp-content\/uploads\/2023\/07\/RIMOCC_LOGO.jpg?fit=459%2C114&ssl=1","contentUrl":"https:\/\/i0.wp.com\/www.rimocc.com\/wp-content\/uploads\/2023\/07\/RIMOCC_LOGO.jpg?fit=459%2C114&ssl=1","width":459,"height":114,"caption":"Rimocc'"},"image":{"@id":"https:\/\/www.rimocc.com\/#\/schema\/logo\/image\/"},"sameAs":["https:\/\/www.facebook.com\/rimocclyon\/?locale=fr_FR","https:\/\/www.instagram.com\/rimoccc\/?hl=fr","https:\/\/www.tiktok.com\/@rimocc","https:\/\/www.youtube.com\/@Rimocc"]}]}},"jetpack_publicize_connections":[],"jetpack_sharing_enabled":true,"_links":{"self":[{"href":"https:\/\/www.rimocc.com\/en\/wp-json\/wp\/v2\/product\/11784","targetHints":{"allow":["GET"]}}],"collection":[{"href":"https:\/\/www.rimocc.com\/en\/wp-json\/wp\/v2\/product"}],"about":[{"href":"https:\/\/www.rimocc.com\/en\/wp-json\/wp\/v2\/types\/product"}],"replies":[{"embeddable":true,"href":"https:\/\/www.rimocc.com\/en\/wp-json\/wp\/v2\/comments?post=11784"}],"wp:featuredmedia":[{"embeddable":true,"href":"https:\/\/www.rimocc.com\/en\/wp-json\/wp\/v2\/media\/11781"}],"wp:attachment":[{"href":"https:\/\/www.rimocc.com\/en\/wp-json\/wp\/v2\/media?parent=11784"}],"wp:term":[{"taxonomy":"product_brand","embeddable":true,"href":"https:\/\/www.rimocc.com\/en\/wp-json\/wp\/v2\/product_brand?post=11784"},{"taxonomy":"product_cat","embeddable":true,"href":"https:\/\/www.rimocc.com\/en\/wp-json\/wp\/v2\/product_cat?post=11784"},{"taxonomy":"product_tag","embeddable":true,"href":"https:\/\/www.rimocc.com\/en\/wp-json\/wp\/v2\/product_tag?post=11784"}],"curies":[{"name":"wp","href":"https:\/\/api.w.org\/{rel}","templated":true}]}}