{"id":11719,"date":"2024-04-03T11:37:37","date_gmt":"2024-04-03T09:37:37","guid":{"rendered":"https:\/\/www.rimocc.com\/?post_type=product&#038;p=11719"},"modified":"2024-06-13T11:40:20","modified_gmt":"2024-06-13T09:40:20","slug":"art-custom-maple-fusion-20x18-12x9-16x14","status":"publish","type":"product","link":"https:\/\/www.rimocc.com\/en\/product\/art-custom-maple-fusion-20x18-12x9-16x14\/","title":{"rendered":"ART Custom Maple Fusion 20&Prime;x18&Prime; 12&Prime;x9&Prime; 16&Prime;x14&Prime; Green Galaxy Sparkle"},"content":{"rendered":"<p>Etat proche du neuf (Avril 2011)<br \/>\nQuelques traces de frottement sur la grosse caisse<br \/>\nRenforts de chanfreins sur tous les f\u00fbts<br \/>\nA.R.T Custom Drums \u00ab\u00a0Manufacture de batterie fran\u00e7aise depuis 2004\u00a0\u00bb<br \/>\n\u00ab\u00a0De con\u00adcep\u00adtion Art Cus\u00adtom Drums et fab\u00adriqu\u00e9s en total\u00adit\u00e9 a l\u2019atelier pour une qual\u00adit\u00e9 opti\u00admum et un con\u00adtr\u00f4le total sur la production.<br \/>\nF\u00fbts en \u00c9rable, Noyer, Fr\u00eane, Bouleau, Bub\u00adinga, cer\u00adtains Palis\u00adsan\u00addre, \u00c9rable\/\u200bBouleau, Bub\u00adinga ou \u00c9rable\/\u200bEucalyptus ou Tulip\u00adier .\u2026.\u2026\u2026, en 5 plis, 6 plis, 7plis et 9 plis, avec ou sans ren\u00adforts de chan\u00adfreins suiv\u00adant le type de fab\u00adri\u00adca\u00adtion, bois label\u00adlis\u00e9 et cer\u00adti\u00adfi\u00e9s CITES pour les Bub\u00adinga et Palissandre.<br \/>\nF\u00fbts avec plus de plis ver\u00adti\u00adcaux, ori\u00aden\u00adta\u00adtion opti\u00admis\u00e9e en fonc\u00adtion du bois, ori\u00aden\u00adta\u00adtion des plis ext\u00e9rieur et int\u00e9rieur en fonc\u00adtion du besoin, plus ou moins grave, plus ou moins dynamique et pour l\u2019esth\u00e9tique ext\u00e9rieure du f\u00fbt.<br \/>\nUn son plus naturel, plus grave, plus chaud, pour tous les types de fabrications.<br \/>\nFab\u00adriqu\u00e9s avec une colle sans Formald\u00e9hyde, donc non tox\u00adique et respectueuse de l\u2019environnement.\u00a0\u00bb<br \/>\n<em>As new. Re-inforcement rings on all shells<\/em><\/p>\n<p><strong>Enl\u00e8vement sur place privil\u00e9gi\u00e9 mais envoi possible dans toute la France sur devis s\u00e9par\u00e9 &#8211; merci de s\u00e9lectionner l&rsquo;option retrait sur place et nous vous ferons parvenir un devis s\u00e9par\u00e9 pour la livraison, \u00e0 r\u00e9gler s\u00e9par\u00e9ment<br \/>\nInternational order, pick-up ONLY<\/strong><em><\/p>\n<p>Batterie Drums Rimocc&rsquo; Lyon<\/p>","protected":false},"excerpt":{"rendered":"<p>Etat proche du neuf (Avril 2011) Quelques traces de frottement sur la grosse caisse Renforts de chanfreins sur tous les f\u00fbts A.R.T Custom Drums \u00ab\u00a0Manufacture de batterie fran\u00e7aise depuis 2004\u00a0\u00bb \u00ab\u00a0De con\u00adcep\u00adtion Art Cus\u00adtom Drums et fab\u00adriqu\u00e9s en total\u00adit\u00e9 a l\u2019atelier pour une qual\u00adit\u00e9 opti\u00admum et un con\u00adtr\u00f4le total sur la production. F\u00fbts en \u00c9rable, [&hellip;]<\/p>\n","protected":false},"featured_media":11710,"comment_status":"open","ping_status":"closed","template":"","meta":{"jetpack_publicize_message":"","jetpack_publicize_feature_enabled":true,"jetpack_social_post_already_shared":false,"jetpack_social_options":{"image_generator_settings":{"template":"highway","default_image_id":0,"font":"","enabled":false},"version":2}},"product_brand":[],"product_cat":[20],"product_tag":[451,41,43,453,452,454],"class_list":{"0":"post-11719","1":"product","2":"type-product","3":"status-publish","4":"has-post-thumbnail","6":"product_cat-batterie","7":"product_tag-art-custom-drums","8":"product_tag-batterie","9":"product_tag-drums","10":"product_tag-lutherie","11":"product_tag-luthier","12":"product_tag-made-in-france","14":"entry","15":"has-media","17":"first","18":"outofstock","19":"shipping-taxable","20":"purchasable","21":"product-type-simple","22":"has-product-nav","23":"col","24":"span_1_of_3","25":"owp-content-center","26":"owp-thumbs-layout-horizontal","27":"owp-btn-normal","28":"owp-tabs-layout-horizontal"},"yoast_head":"<!-- This site is optimized with the Yoast SEO plugin v27.5 - https:\/\/yoast.com\/product\/yoast-seo-wordpress\/ -->\n<title>ART Custom Maple Fusion 20&quot;x18&quot; 12&quot;x9&quot; 16&quot;x14&quot; Green Galaxy Sparkle - D\u00e9p\u00f4t Vente Batterie Percussion | Rimocc Lyon<\/title>\n<meta name=\"description\" content=\"Les kits Art Fusion sont con\u00e7us pour tous les bat\u00adteurs avec un bon touch\u00e9 et une frappe pas trop lourde, pour un son mod\u00aderne, fab\u00adriqu\u00e9s avec des f\u00fbts \u00c9rable fins et ren\u00adforts de chan\u00adfreins pour les toms, et plus \u00e9pais et ren\u00adforts de chan\u00adfreins pour la grosse caisse. Son dynamique, bonne pro\u00adjec\u00adtion, bon vol\u00adume sonore, grave, tr\u00e8s pr\u00e9\u00adcis et sus\u00adtain contr\u00f4l\u00e9. Dif\u00adf\u00e9rents choix de bois sont pos\u00adsi\u00adbles, les \u00e9pais\u00adseurs des f\u00fbts et des grosses caisses sont d\u00e9pen\u00addant des bois, entre 4mm et 4.8mm pour les toms, 5.4mm et 6.3mm pour les grosses caisses.\" \/>\n<meta name=\"robots\" content=\"index, follow, max-snippet:-1, max-image-preview:large, max-video-preview:-1\" \/>\n<link rel=\"canonical\" href=\"https:\/\/www.rimocc.com\/en\/product\/art-custom-maple-fusion-20x18-12x9-16x14\/\" \/>\n<meta property=\"og:locale\" content=\"en_US\" \/>\n<meta property=\"og:type\" content=\"article\" \/>\n<meta property=\"og:title\" content=\"ART Custom Maple Fusion 20&quot;x18&quot; 12&quot;x9&quot; 16&quot;x14&quot; Green Galaxy Sparkle - D\u00e9p\u00f4t Vente Batterie Percussion | Rimocc Lyon\" \/>\n<meta property=\"og:description\" content=\"Les kits Art Fusion sont con\u00e7us pour tous les bat\u00adteurs avec un bon touch\u00e9 et une frappe pas trop lourde, pour un son mod\u00aderne, fab\u00adriqu\u00e9s avec des f\u00fbts \u00c9rable fins et ren\u00adforts de chan\u00adfreins pour les toms, et plus \u00e9pais et ren\u00adforts de chan\u00adfreins pour la grosse caisse. Son dynamique, bonne pro\u00adjec\u00adtion, bon vol\u00adume sonore, grave, tr\u00e8s pr\u00e9\u00adcis et sus\u00adtain contr\u00f4l\u00e9. Dif\u00adf\u00e9rents choix de bois sont pos\u00adsi\u00adbles, les \u00e9pais\u00adseurs des f\u00fbts et des grosses caisses sont d\u00e9pen\u00addant des bois, entre 4mm et 4.8mm pour les toms, 5.4mm et 6.3mm pour les grosses caisses.\" \/>\n<meta property=\"og:url\" content=\"https:\/\/www.rimocc.com\/en\/product\/art-custom-maple-fusion-20x18-12x9-16x14\/\" \/>\n<meta property=\"og:site_name\" content=\"D\u00e9p\u00f4t Vente Batterie Percussion | Rimocc Lyon\" \/>\n<meta property=\"article:publisher\" content=\"https:\/\/www.facebook.com\/rimocclyon\/?locale=fr_FR\" \/>\n<meta property=\"article:modified_time\" content=\"2024-06-13T09:40:20+00:00\" \/>\n<meta property=\"og:image\" content=\"https:\/\/www.rimocc.com\/wp-content\/uploads\/2024\/04\/ART-Custom-Maple-Fusion-20_x18_-12_x9_-16_x14_-1.jpg\" \/>\n\t<meta property=\"og:image:width\" content=\"1920\" \/>\n\t<meta property=\"og:image:height\" content=\"1920\" \/>\n\t<meta property=\"og:image:type\" content=\"image\/jpeg\" \/>\n<meta name=\"twitter:card\" content=\"summary_large_image\" \/>\n<meta name=\"twitter:label1\" content=\"Est. reading time\" \/>\n\t<meta name=\"twitter:data1\" content=\"2 minutes\" \/>\n<script type=\"application\/ld+json\" class=\"yoast-schema-graph\">{\"@context\":\"https:\\\/\\\/schema.org\",\"@graph\":[{\"@type\":\"WebPage\",\"@id\":\"https:\\\/\\\/www.rimocc.com\\\/product\\\/art-custom-maple-fusion-20x18-12x9-16x14\\\/\",\"url\":\"https:\\\/\\\/www.rimocc.com\\\/product\\\/art-custom-maple-fusion-20x18-12x9-16x14\\\/\",\"name\":\"ART Custom Maple Fusion 20\\\"x18\\\" 12\\\"x9\\\" 16\\\"x14\\\" Green Galaxy Sparkle - D\u00e9p\u00f4t Vente Batterie Percussion | Rimocc Lyon\",\"isPartOf\":{\"@id\":\"https:\\\/\\\/www.rimocc.com\\\/#website\"},\"primaryImageOfPage\":{\"@id\":\"https:\\\/\\\/www.rimocc.com\\\/product\\\/art-custom-maple-fusion-20x18-12x9-16x14\\\/#primaryimage\"},\"image\":{\"@id\":\"https:\\\/\\\/www.rimocc.com\\\/product\\\/art-custom-maple-fusion-20x18-12x9-16x14\\\/#primaryimage\"},\"thumbnailUrl\":\"https:\\\/\\\/www.rimocc.com\\\/wp-content\\\/uploads\\\/2024\\\/04\\\/ART-Custom-Maple-Fusion-20_x18_-12_x9_-16_x14_-1.jpg\",\"datePublished\":\"2024-04-03T09:37:37+00:00\",\"dateModified\":\"2024-06-13T09:40:20+00:00\",\"description\":\"Les kits Art Fusion sont con\u00e7us pour tous les bat\u00adteurs avec un bon touch\u00e9 et une frappe pas trop lourde, pour un son mod\u00aderne, fab\u00adriqu\u00e9s avec des f\u00fbts \u00c9rable fins et ren\u00adforts de chan\u00adfreins pour les toms, et plus \u00e9pais et ren\u00adforts de chan\u00adfreins pour la grosse caisse. Son dynamique, bonne pro\u00adjec\u00adtion, bon vol\u00adume sonore, grave, tr\u00e8s pr\u00e9\u00adcis et sus\u00adtain contr\u00f4l\u00e9. Dif\u00adf\u00e9rents choix de bois sont pos\u00adsi\u00adbles, les \u00e9pais\u00adseurs des f\u00fbts et des grosses caisses sont d\u00e9pen\u00addant des bois, entre 4mm et 4.8mm pour les toms, 5.4mm et 6.3mm pour les grosses caisses.\",\"breadcrumb\":{\"@id\":\"https:\\\/\\\/www.rimocc.com\\\/product\\\/art-custom-maple-fusion-20x18-12x9-16x14\\\/#breadcrumb\"},\"inLanguage\":\"en-US\",\"potentialAction\":[{\"@type\":\"ReadAction\",\"target\":[\"https:\\\/\\\/www.rimocc.com\\\/product\\\/art-custom-maple-fusion-20x18-12x9-16x14\\\/\"]}]},{\"@type\":\"ImageObject\",\"inLanguage\":\"en-US\",\"@id\":\"https:\\\/\\\/www.rimocc.com\\\/product\\\/art-custom-maple-fusion-20x18-12x9-16x14\\\/#primaryimage\",\"url\":\"https:\\\/\\\/www.rimocc.com\\\/wp-content\\\/uploads\\\/2024\\\/04\\\/ART-Custom-Maple-Fusion-20_x18_-12_x9_-16_x14_-1.jpg\",\"contentUrl\":\"https:\\\/\\\/www.rimocc.com\\\/wp-content\\\/uploads\\\/2024\\\/04\\\/ART-Custom-Maple-Fusion-20_x18_-12_x9_-16_x14_-1.jpg\",\"width\":1920,\"height\":1920,\"caption\":\"ART Custom Maple Fusion 20\\\"x18\\\" 12\\\"x9\\\" 16\\\"x14\\\"\"},{\"@type\":\"BreadcrumbList\",\"@id\":\"https:\\\/\\\/www.rimocc.com\\\/product\\\/art-custom-maple-fusion-20x18-12x9-16x14\\\/#breadcrumb\",\"itemListElement\":[{\"@type\":\"ListItem\",\"position\":1,\"name\":\"Home\",\"item\":\"https:\\\/\\\/www.rimocc.com\\\/\"},{\"@type\":\"ListItem\",\"position\":2,\"name\":\"Shop\",\"item\":\"https:\\\/\\\/www.rimocc.com\\\/shop\\\/\"},{\"@type\":\"ListItem\",\"position\":3,\"name\":\"ART Custom Maple Fusion 20&#8243;x18&#8243; 12&#8243;x9&#8243; 16&#8243;x14&#8243; Green Galaxy Sparkle\"}]},{\"@type\":\"WebSite\",\"@id\":\"https:\\\/\\\/www.rimocc.com\\\/#website\",\"url\":\"https:\\\/\\\/www.rimocc.com\\\/\",\"name\":\"D\u00e9p\u00f4t Vente Batterie Percussion | Rimocc Lyon\",\"description\":\"Rimocc: l&#039;unique magasin d\u00e9di\u00e9 enti\u00e8rement \u00e0 la batterie, percussion d&#039;occasion et vintage \u00e0 Lyon, France\",\"publisher\":{\"@id\":\"https:\\\/\\\/www.rimocc.com\\\/#organization\"},\"alternateName\":\"Rimocc'\",\"potentialAction\":[{\"@type\":\"SearchAction\",\"target\":{\"@type\":\"EntryPoint\",\"urlTemplate\":\"https:\\\/\\\/www.rimocc.com\\\/?s={search_term_string}\"},\"query-input\":{\"@type\":\"PropertyValueSpecification\",\"valueRequired\":true,\"valueName\":\"search_term_string\"}}],\"inLanguage\":\"en-US\"},{\"@type\":\"Organization\",\"@id\":\"https:\\\/\\\/www.rimocc.com\\\/#organization\",\"name\":\"Rimocc'\",\"alternateName\":\"Rimocc\",\"url\":\"https:\\\/\\\/www.rimocc.com\\\/\",\"logo\":{\"@type\":\"ImageObject\",\"inLanguage\":\"en-US\",\"@id\":\"https:\\\/\\\/www.rimocc.com\\\/#\\\/schema\\\/logo\\\/image\\\/\",\"url\":\"https:\\\/\\\/i0.wp.com\\\/www.rimocc.com\\\/wp-content\\\/uploads\\\/2023\\\/07\\\/RIMOCC_LOGO.jpg?fit=459%2C114&ssl=1\",\"contentUrl\":\"https:\\\/\\\/i0.wp.com\\\/www.rimocc.com\\\/wp-content\\\/uploads\\\/2023\\\/07\\\/RIMOCC_LOGO.jpg?fit=459%2C114&ssl=1\",\"width\":459,\"height\":114,\"caption\":\"Rimocc'\"},\"image\":{\"@id\":\"https:\\\/\\\/www.rimocc.com\\\/#\\\/schema\\\/logo\\\/image\\\/\"},\"sameAs\":[\"https:\\\/\\\/www.facebook.com\\\/rimocclyon\\\/?locale=fr_FR\",\"https:\\\/\\\/www.instagram.com\\\/rimoccc\\\/?hl=fr\",\"https:\\\/\\\/www.tiktok.com\\\/@rimocc\",\"https:\\\/\\\/www.youtube.com\\\/@Rimocc\"]}]}<\/script>\n<!-- \/ Yoast SEO plugin. -->","yoast_head_json":{"title":"ART Custom Maple Fusion 20\"x18\" 12\"x9\" 16\"x14\" Green Galaxy Sparkle - D\u00e9p\u00f4t Vente Batterie Percussion | Rimocc Lyon","description":"Les kits Art Fusion sont con\u00e7us pour tous les bat\u00adteurs avec un bon touch\u00e9 et une frappe pas trop lourde, pour un son mod\u00aderne, fab\u00adriqu\u00e9s avec des f\u00fbts \u00c9rable fins et ren\u00adforts de chan\u00adfreins pour les toms, et plus \u00e9pais et ren\u00adforts de chan\u00adfreins pour la grosse caisse. Son dynamique, bonne pro\u00adjec\u00adtion, bon vol\u00adume sonore, grave, tr\u00e8s pr\u00e9\u00adcis et sus\u00adtain contr\u00f4l\u00e9. Dif\u00adf\u00e9rents choix de bois sont pos\u00adsi\u00adbles, les \u00e9pais\u00adseurs des f\u00fbts et des grosses caisses sont d\u00e9pen\u00addant des bois, entre 4mm et 4.8mm pour les toms, 5.4mm et 6.3mm pour les grosses caisses.","robots":{"index":"index","follow":"follow","max-snippet":"max-snippet:-1","max-image-preview":"max-image-preview:large","max-video-preview":"max-video-preview:-1"},"canonical":"https:\/\/www.rimocc.com\/en\/product\/art-custom-maple-fusion-20x18-12x9-16x14\/","og_locale":"en_US","og_type":"article","og_title":"ART Custom Maple Fusion 20\"x18\" 12\"x9\" 16\"x14\" Green Galaxy Sparkle - D\u00e9p\u00f4t Vente Batterie Percussion | Rimocc Lyon","og_description":"Les kits Art Fusion sont con\u00e7us pour tous les bat\u00adteurs avec un bon touch\u00e9 et une frappe pas trop lourde, pour un son mod\u00aderne, fab\u00adriqu\u00e9s avec des f\u00fbts \u00c9rable fins et ren\u00adforts de chan\u00adfreins pour les toms, et plus \u00e9pais et ren\u00adforts de chan\u00adfreins pour la grosse caisse. Son dynamique, bonne pro\u00adjec\u00adtion, bon vol\u00adume sonore, grave, tr\u00e8s pr\u00e9\u00adcis et sus\u00adtain contr\u00f4l\u00e9. Dif\u00adf\u00e9rents choix de bois sont pos\u00adsi\u00adbles, les \u00e9pais\u00adseurs des f\u00fbts et des grosses caisses sont d\u00e9pen\u00addant des bois, entre 4mm et 4.8mm pour les toms, 5.4mm et 6.3mm pour les grosses caisses.","og_url":"https:\/\/www.rimocc.com\/en\/product\/art-custom-maple-fusion-20x18-12x9-16x14\/","og_site_name":"D\u00e9p\u00f4t Vente Batterie Percussion | Rimocc Lyon","article_publisher":"https:\/\/www.facebook.com\/rimocclyon\/?locale=fr_FR","article_modified_time":"2024-06-13T09:40:20+00:00","og_image":[{"width":1920,"height":1920,"url":"https:\/\/www.rimocc.com\/wp-content\/uploads\/2024\/04\/ART-Custom-Maple-Fusion-20_x18_-12_x9_-16_x14_-1.jpg","type":"image\/jpeg"}],"twitter_card":"summary_large_image","twitter_misc":{"Est. reading time":"2 minutes"},"schema":{"@context":"https:\/\/schema.org","@graph":[{"@type":"WebPage","@id":"https:\/\/www.rimocc.com\/product\/art-custom-maple-fusion-20x18-12x9-16x14\/","url":"https:\/\/www.rimocc.com\/product\/art-custom-maple-fusion-20x18-12x9-16x14\/","name":"ART Custom Maple Fusion 20\"x18\" 12\"x9\" 16\"x14\" Green Galaxy Sparkle - D\u00e9p\u00f4t Vente Batterie Percussion | Rimocc Lyon","isPartOf":{"@id":"https:\/\/www.rimocc.com\/#website"},"primaryImageOfPage":{"@id":"https:\/\/www.rimocc.com\/product\/art-custom-maple-fusion-20x18-12x9-16x14\/#primaryimage"},"image":{"@id":"https:\/\/www.rimocc.com\/product\/art-custom-maple-fusion-20x18-12x9-16x14\/#primaryimage"},"thumbnailUrl":"https:\/\/www.rimocc.com\/wp-content\/uploads\/2024\/04\/ART-Custom-Maple-Fusion-20_x18_-12_x9_-16_x14_-1.jpg","datePublished":"2024-04-03T09:37:37+00:00","dateModified":"2024-06-13T09:40:20+00:00","description":"Les kits Art Fusion sont con\u00e7us pour tous les bat\u00adteurs avec un bon touch\u00e9 et une frappe pas trop lourde, pour un son mod\u00aderne, fab\u00adriqu\u00e9s avec des f\u00fbts \u00c9rable fins et ren\u00adforts de chan\u00adfreins pour les toms, et plus \u00e9pais et ren\u00adforts de chan\u00adfreins pour la grosse caisse. Son dynamique, bonne pro\u00adjec\u00adtion, bon vol\u00adume sonore, grave, tr\u00e8s pr\u00e9\u00adcis et sus\u00adtain contr\u00f4l\u00e9. Dif\u00adf\u00e9rents choix de bois sont pos\u00adsi\u00adbles, les \u00e9pais\u00adseurs des f\u00fbts et des grosses caisses sont d\u00e9pen\u00addant des bois, entre 4mm et 4.8mm pour les toms, 5.4mm et 6.3mm pour les grosses caisses.","breadcrumb":{"@id":"https:\/\/www.rimocc.com\/product\/art-custom-maple-fusion-20x18-12x9-16x14\/#breadcrumb"},"inLanguage":"en-US","potentialAction":[{"@type":"ReadAction","target":["https:\/\/www.rimocc.com\/product\/art-custom-maple-fusion-20x18-12x9-16x14\/"]}]},{"@type":"ImageObject","inLanguage":"en-US","@id":"https:\/\/www.rimocc.com\/product\/art-custom-maple-fusion-20x18-12x9-16x14\/#primaryimage","url":"https:\/\/www.rimocc.com\/wp-content\/uploads\/2024\/04\/ART-Custom-Maple-Fusion-20_x18_-12_x9_-16_x14_-1.jpg","contentUrl":"https:\/\/www.rimocc.com\/wp-content\/uploads\/2024\/04\/ART-Custom-Maple-Fusion-20_x18_-12_x9_-16_x14_-1.jpg","width":1920,"height":1920,"caption":"ART Custom Maple Fusion 20\"x18\" 12\"x9\" 16\"x14\""},{"@type":"BreadcrumbList","@id":"https:\/\/www.rimocc.com\/product\/art-custom-maple-fusion-20x18-12x9-16x14\/#breadcrumb","itemListElement":[{"@type":"ListItem","position":1,"name":"Home","item":"https:\/\/www.rimocc.com\/"},{"@type":"ListItem","position":2,"name":"Shop","item":"https:\/\/www.rimocc.com\/shop\/"},{"@type":"ListItem","position":3,"name":"ART Custom Maple Fusion 20&#8243;x18&#8243; 12&#8243;x9&#8243; 16&#8243;x14&#8243; Green Galaxy Sparkle"}]},{"@type":"WebSite","@id":"https:\/\/www.rimocc.com\/#website","url":"https:\/\/www.rimocc.com\/","name":"D\u00e9p\u00f4t Vente Batterie Percussion | Rimocc Lyon","description":"Rimocc: l&#039;unique magasin d\u00e9di\u00e9 enti\u00e8rement \u00e0 la batterie, percussion d&#039;occasion et vintage \u00e0 Lyon, France","publisher":{"@id":"https:\/\/www.rimocc.com\/#organization"},"alternateName":"Rimocc'","potentialAction":[{"@type":"SearchAction","target":{"@type":"EntryPoint","urlTemplate":"https:\/\/www.rimocc.com\/?s={search_term_string}"},"query-input":{"@type":"PropertyValueSpecification","valueRequired":true,"valueName":"search_term_string"}}],"inLanguage":"en-US"},{"@type":"Organization","@id":"https:\/\/www.rimocc.com\/#organization","name":"Rimocc'","alternateName":"Rimocc","url":"https:\/\/www.rimocc.com\/","logo":{"@type":"ImageObject","inLanguage":"en-US","@id":"https:\/\/www.rimocc.com\/#\/schema\/logo\/image\/","url":"https:\/\/i0.wp.com\/www.rimocc.com\/wp-content\/uploads\/2023\/07\/RIMOCC_LOGO.jpg?fit=459%2C114&ssl=1","contentUrl":"https:\/\/i0.wp.com\/www.rimocc.com\/wp-content\/uploads\/2023\/07\/RIMOCC_LOGO.jpg?fit=459%2C114&ssl=1","width":459,"height":114,"caption":"Rimocc'"},"image":{"@id":"https:\/\/www.rimocc.com\/#\/schema\/logo\/image\/"},"sameAs":["https:\/\/www.facebook.com\/rimocclyon\/?locale=fr_FR","https:\/\/www.instagram.com\/rimoccc\/?hl=fr","https:\/\/www.tiktok.com\/@rimocc","https:\/\/www.youtube.com\/@Rimocc"]}]}},"jetpack_publicize_connections":[],"jetpack_sharing_enabled":true,"_links":{"self":[{"href":"https:\/\/www.rimocc.com\/en\/wp-json\/wp\/v2\/product\/11719","targetHints":{"allow":["GET"]}}],"collection":[{"href":"https:\/\/www.rimocc.com\/en\/wp-json\/wp\/v2\/product"}],"about":[{"href":"https:\/\/www.rimocc.com\/en\/wp-json\/wp\/v2\/types\/product"}],"replies":[{"embeddable":true,"href":"https:\/\/www.rimocc.com\/en\/wp-json\/wp\/v2\/comments?post=11719"}],"wp:featuredmedia":[{"embeddable":true,"href":"https:\/\/www.rimocc.com\/en\/wp-json\/wp\/v2\/media\/11710"}],"wp:attachment":[{"href":"https:\/\/www.rimocc.com\/en\/wp-json\/wp\/v2\/media?parent=11719"}],"wp:term":[{"taxonomy":"product_brand","embeddable":true,"href":"https:\/\/www.rimocc.com\/en\/wp-json\/wp\/v2\/product_brand?post=11719"},{"taxonomy":"product_cat","embeddable":true,"href":"https:\/\/www.rimocc.com\/en\/wp-json\/wp\/v2\/product_cat?post=11719"},{"taxonomy":"product_tag","embeddable":true,"href":"https:\/\/www.rimocc.com\/en\/wp-json\/wp\/v2\/product_tag?post=11719"}],"curies":[{"name":"wp","href":"https:\/\/api.w.org\/{rel}","templated":true}]}}