{"id":11549,"date":"2024-03-02T17:16:18","date_gmt":"2024-03-02T16:16:18","guid":{"rendered":"https:\/\/www.rimocc.com\/?post_type=product&#038;p=11549"},"modified":"2024-03-02T18:16:27","modified_gmt":"2024-03-02T17:16:27","slug":"dw-6500-ul-pedale-hi-hat-ultra-light","status":"publish","type":"product","link":"https:\/\/www.rimocc.com\/en\/product\/dw-6500-ul-pedale-hi-hat-ultra-light\/","title":{"rendered":"DW 6500 UL P\u00e9dale Hi Hat Ultra Light"},"content":{"rendered":"<p>Comme neuf<br \/>\nVersion Ultralight<br \/>\nTr\u00e9pied plat<br \/>\nTige de traction directe<br \/>\nPoids: 2,3 kg<br \/>\nHauteur de jeu max.: 89 cm<br \/>\nHauteur de jeu min.: 71 cm<\/p>\n<p>Hardware Rimocc&rsquo; Lyon<\/p>","protected":false},"excerpt":{"rendered":"<p>Comme neuf Version Ultralight Tr\u00e9pied plat Tige de traction directe Poids: 2,3 kg Hauteur de jeu max.: 89 cm Hauteur de jeu min.: 71 cm Hardware Rimocc&rsquo; Lyon<\/p>","protected":false},"featured_media":11548,"comment_status":"open","ping_status":"closed","template":"","meta":{"jetpack_publicize_message":"","jetpack_publicize_feature_enabled":true,"jetpack_social_post_already_shared":false,"jetpack_social_options":{"image_generator_settings":{"template":"highway","default_image_id":0,"font":"","enabled":false},"version":2}},"product_brand":[],"product_cat":[17],"product_tag":[225,410,107,413],"class_list":{"0":"post-11549","1":"product","2":"type-product","3":"status-publish","4":"has-post-thumbnail","6":"product_cat-hardware","7":"product_tag-dw","8":"product_tag-dw-hardware","9":"product_tag-hardware","10":"product_tag-hi-hat-pedal","12":"entry","13":"has-media","15":"first","16":"outofstock","17":"shipping-taxable","18":"purchasable","19":"product-type-simple","20":"has-product-nav","21":"col","22":"span_1_of_3","23":"owp-content-center","24":"owp-thumbs-layout-horizontal","25":"owp-btn-normal","26":"owp-tabs-layout-horizontal"},"yoast_head":"<!-- This site is optimized with the Yoast SEO plugin v27.4 - https:\/\/yoast.com\/product\/yoast-seo-wordpress\/ -->\n<title>DW 6500 UL P\u00e9dale Hi Hat Ultra Light - D\u00e9p\u00f4t Vente Batterie Percussion | Rimocc Lyon<\/title>\n<meta name=\"description\" content=\"Ultra-l\u00e9ger, super solide Robuste, pr\u00eat pour les concerts, l\u00e9ger et r\u00e9actif. DW a appliqu\u00e9 une double cha\u00eene \u00e0 ce pied, ce qui lui conf\u00e8re une grande solidit\u00e9 et une r\u00e9ponse rapide, ainsi qu&#039;une action de traction directe d\u00e9cal\u00e9e qui permet des r\u00e9ponses rapides de la p\u00e9dale au chapeau.\" \/>\n<meta name=\"robots\" content=\"index, follow, max-snippet:-1, max-image-preview:large, max-video-preview:-1\" \/>\n<link rel=\"canonical\" href=\"https:\/\/www.rimocc.com\/en\/product\/dw-6500-ul-pedale-hi-hat-ultra-light\/\" \/>\n<meta property=\"og:locale\" content=\"en_US\" \/>\n<meta property=\"og:type\" content=\"article\" \/>\n<meta property=\"og:title\" content=\"DW 6500 UL P\u00e9dale Hi Hat Ultra Light - D\u00e9p\u00f4t Vente Batterie Percussion | Rimocc Lyon\" \/>\n<meta property=\"og:description\" content=\"Ultra-l\u00e9ger, super solide Robuste, pr\u00eat pour les concerts, l\u00e9ger et r\u00e9actif. DW a appliqu\u00e9 une double cha\u00eene \u00e0 ce pied, ce qui lui conf\u00e8re une grande solidit\u00e9 et une r\u00e9ponse rapide, ainsi qu&#039;une action de traction directe d\u00e9cal\u00e9e qui permet des r\u00e9ponses rapides de la p\u00e9dale au chapeau.\" \/>\n<meta property=\"og:url\" content=\"https:\/\/www.rimocc.com\/en\/product\/dw-6500-ul-pedale-hi-hat-ultra-light\/\" \/>\n<meta property=\"og:site_name\" content=\"D\u00e9p\u00f4t Vente Batterie Percussion | Rimocc Lyon\" \/>\n<meta property=\"article:publisher\" content=\"https:\/\/www.facebook.com\/rimocclyon\/?locale=fr_FR\" \/>\n<meta property=\"article:modified_time\" content=\"2024-03-02T17:16:27+00:00\" \/>\n<meta property=\"og:image\" content=\"https:\/\/www.rimocc.com\/wp-content\/uploads\/2024\/03\/DW-6500-UL-Pedale-Hi-Hat-Ultra-Light-5-1024x1024.jpg\" \/>\n\t<meta property=\"og:image:width\" content=\"1024\" \/>\n\t<meta property=\"og:image:height\" content=\"1024\" \/>\n\t<meta property=\"og:image:type\" content=\"image\/jpeg\" \/>\n<meta name=\"twitter:card\" content=\"summary_large_image\" \/>\n<meta name=\"twitter:label1\" content=\"Est. reading time\" \/>\n\t<meta name=\"twitter:data1\" content=\"1 minute\" \/>\n<script type=\"application\/ld+json\" class=\"yoast-schema-graph\">{\"@context\":\"https:\\\/\\\/schema.org\",\"@graph\":[{\"@type\":\"WebPage\",\"@id\":\"https:\\\/\\\/www.rimocc.com\\\/product\\\/dw-6500-ul-pedale-hi-hat-ultra-light\\\/\",\"url\":\"https:\\\/\\\/www.rimocc.com\\\/product\\\/dw-6500-ul-pedale-hi-hat-ultra-light\\\/\",\"name\":\"DW 6500 UL P\u00e9dale Hi Hat Ultra Light - D\u00e9p\u00f4t Vente Batterie Percussion | Rimocc Lyon\",\"isPartOf\":{\"@id\":\"https:\\\/\\\/www.rimocc.com\\\/#website\"},\"primaryImageOfPage\":{\"@id\":\"https:\\\/\\\/www.rimocc.com\\\/product\\\/dw-6500-ul-pedale-hi-hat-ultra-light\\\/#primaryimage\"},\"image\":{\"@id\":\"https:\\\/\\\/www.rimocc.com\\\/product\\\/dw-6500-ul-pedale-hi-hat-ultra-light\\\/#primaryimage\"},\"thumbnailUrl\":\"https:\\\/\\\/www.rimocc.com\\\/wp-content\\\/uploads\\\/2024\\\/03\\\/DW-6500-UL-Pedale-Hi-Hat-Ultra-Light-5.jpg\",\"datePublished\":\"2024-03-02T16:16:18+00:00\",\"dateModified\":\"2024-03-02T17:16:27+00:00\",\"description\":\"Ultra-l\u00e9ger, super solide Robuste, pr\u00eat pour les concerts, l\u00e9ger et r\u00e9actif. DW a appliqu\u00e9 une double cha\u00eene \u00e0 ce pied, ce qui lui conf\u00e8re une grande solidit\u00e9 et une r\u00e9ponse rapide, ainsi qu'une action de traction directe d\u00e9cal\u00e9e qui permet des r\u00e9ponses rapides de la p\u00e9dale au chapeau.\",\"breadcrumb\":{\"@id\":\"https:\\\/\\\/www.rimocc.com\\\/product\\\/dw-6500-ul-pedale-hi-hat-ultra-light\\\/#breadcrumb\"},\"inLanguage\":\"en-US\",\"potentialAction\":[{\"@type\":\"ReadAction\",\"target\":[\"https:\\\/\\\/www.rimocc.com\\\/product\\\/dw-6500-ul-pedale-hi-hat-ultra-light\\\/\"]}]},{\"@type\":\"ImageObject\",\"inLanguage\":\"en-US\",\"@id\":\"https:\\\/\\\/www.rimocc.com\\\/product\\\/dw-6500-ul-pedale-hi-hat-ultra-light\\\/#primaryimage\",\"url\":\"https:\\\/\\\/www.rimocc.com\\\/wp-content\\\/uploads\\\/2024\\\/03\\\/DW-6500-UL-Pedale-Hi-Hat-Ultra-Light-5.jpg\",\"contentUrl\":\"https:\\\/\\\/www.rimocc.com\\\/wp-content\\\/uploads\\\/2024\\\/03\\\/DW-6500-UL-Pedale-Hi-Hat-Ultra-Light-5.jpg\",\"width\":1920,\"height\":1920,\"caption\":\"DW 6500 UL P\u00e9dale Hi Hat Ultra Light\"},{\"@type\":\"BreadcrumbList\",\"@id\":\"https:\\\/\\\/www.rimocc.com\\\/product\\\/dw-6500-ul-pedale-hi-hat-ultra-light\\\/#breadcrumb\",\"itemListElement\":[{\"@type\":\"ListItem\",\"position\":1,\"name\":\"Home\",\"item\":\"https:\\\/\\\/www.rimocc.com\\\/\"},{\"@type\":\"ListItem\",\"position\":2,\"name\":\"Shop\",\"item\":\"https:\\\/\\\/www.rimocc.com\\\/shop\\\/\"},{\"@type\":\"ListItem\",\"position\":3,\"name\":\"DW 6500 UL P\u00e9dale Hi Hat Ultra Light\"}]},{\"@type\":\"WebSite\",\"@id\":\"https:\\\/\\\/www.rimocc.com\\\/#website\",\"url\":\"https:\\\/\\\/www.rimocc.com\\\/\",\"name\":\"D\u00e9p\u00f4t Vente Batterie Percussion | Rimocc Lyon\",\"description\":\"Rimocc: l&#039;unique magasin d\u00e9di\u00e9 enti\u00e8rement \u00e0 la batterie, percussion d&#039;occasion et vintage \u00e0 Lyon, France\",\"publisher\":{\"@id\":\"https:\\\/\\\/www.rimocc.com\\\/#organization\"},\"alternateName\":\"Rimocc'\",\"potentialAction\":[{\"@type\":\"SearchAction\",\"target\":{\"@type\":\"EntryPoint\",\"urlTemplate\":\"https:\\\/\\\/www.rimocc.com\\\/?s={search_term_string}\"},\"query-input\":{\"@type\":\"PropertyValueSpecification\",\"valueRequired\":true,\"valueName\":\"search_term_string\"}}],\"inLanguage\":\"en-US\"},{\"@type\":\"Organization\",\"@id\":\"https:\\\/\\\/www.rimocc.com\\\/#organization\",\"name\":\"Rimocc'\",\"alternateName\":\"Rimocc\",\"url\":\"https:\\\/\\\/www.rimocc.com\\\/\",\"logo\":{\"@type\":\"ImageObject\",\"inLanguage\":\"en-US\",\"@id\":\"https:\\\/\\\/www.rimocc.com\\\/#\\\/schema\\\/logo\\\/image\\\/\",\"url\":\"https:\\\/\\\/i0.wp.com\\\/www.rimocc.com\\\/wp-content\\\/uploads\\\/2023\\\/07\\\/RIMOCC_LOGO.jpg?fit=459%2C114&ssl=1\",\"contentUrl\":\"https:\\\/\\\/i0.wp.com\\\/www.rimocc.com\\\/wp-content\\\/uploads\\\/2023\\\/07\\\/RIMOCC_LOGO.jpg?fit=459%2C114&ssl=1\",\"width\":459,\"height\":114,\"caption\":\"Rimocc'\"},\"image\":{\"@id\":\"https:\\\/\\\/www.rimocc.com\\\/#\\\/schema\\\/logo\\\/image\\\/\"},\"sameAs\":[\"https:\\\/\\\/www.facebook.com\\\/rimocclyon\\\/?locale=fr_FR\",\"https:\\\/\\\/www.instagram.com\\\/rimoccc\\\/?hl=fr\",\"https:\\\/\\\/www.tiktok.com\\\/@rimocc\",\"https:\\\/\\\/www.youtube.com\\\/@Rimocc\"]}]}<\/script>\n<!-- \/ Yoast SEO plugin. -->","yoast_head_json":{"title":"DW 6500 UL P\u00e9dale Hi Hat Ultra Light - D\u00e9p\u00f4t Vente Batterie Percussion | Rimocc Lyon","description":"Ultra-l\u00e9ger, super solide Robuste, pr\u00eat pour les concerts, l\u00e9ger et r\u00e9actif. DW a appliqu\u00e9 une double cha\u00eene \u00e0 ce pied, ce qui lui conf\u00e8re une grande solidit\u00e9 et une r\u00e9ponse rapide, ainsi qu'une action de traction directe d\u00e9cal\u00e9e qui permet des r\u00e9ponses rapides de la p\u00e9dale au chapeau.","robots":{"index":"index","follow":"follow","max-snippet":"max-snippet:-1","max-image-preview":"max-image-preview:large","max-video-preview":"max-video-preview:-1"},"canonical":"https:\/\/www.rimocc.com\/en\/product\/dw-6500-ul-pedale-hi-hat-ultra-light\/","og_locale":"en_US","og_type":"article","og_title":"DW 6500 UL P\u00e9dale Hi Hat Ultra Light - D\u00e9p\u00f4t Vente Batterie Percussion | Rimocc Lyon","og_description":"Ultra-l\u00e9ger, super solide Robuste, pr\u00eat pour les concerts, l\u00e9ger et r\u00e9actif. DW a appliqu\u00e9 une double cha\u00eene \u00e0 ce pied, ce qui lui conf\u00e8re une grande solidit\u00e9 et une r\u00e9ponse rapide, ainsi qu'une action de traction directe d\u00e9cal\u00e9e qui permet des r\u00e9ponses rapides de la p\u00e9dale au chapeau.","og_url":"https:\/\/www.rimocc.com\/en\/product\/dw-6500-ul-pedale-hi-hat-ultra-light\/","og_site_name":"D\u00e9p\u00f4t Vente Batterie Percussion | Rimocc Lyon","article_publisher":"https:\/\/www.facebook.com\/rimocclyon\/?locale=fr_FR","article_modified_time":"2024-03-02T17:16:27+00:00","og_image":[{"width":1024,"height":1024,"url":"https:\/\/www.rimocc.com\/wp-content\/uploads\/2024\/03\/DW-6500-UL-Pedale-Hi-Hat-Ultra-Light-5-1024x1024.jpg","type":"image\/jpeg"}],"twitter_card":"summary_large_image","twitter_misc":{"Est. reading time":"1 minute"},"schema":{"@context":"https:\/\/schema.org","@graph":[{"@type":"WebPage","@id":"https:\/\/www.rimocc.com\/product\/dw-6500-ul-pedale-hi-hat-ultra-light\/","url":"https:\/\/www.rimocc.com\/product\/dw-6500-ul-pedale-hi-hat-ultra-light\/","name":"DW 6500 UL P\u00e9dale Hi Hat Ultra Light - D\u00e9p\u00f4t Vente Batterie Percussion | Rimocc Lyon","isPartOf":{"@id":"https:\/\/www.rimocc.com\/#website"},"primaryImageOfPage":{"@id":"https:\/\/www.rimocc.com\/product\/dw-6500-ul-pedale-hi-hat-ultra-light\/#primaryimage"},"image":{"@id":"https:\/\/www.rimocc.com\/product\/dw-6500-ul-pedale-hi-hat-ultra-light\/#primaryimage"},"thumbnailUrl":"https:\/\/www.rimocc.com\/wp-content\/uploads\/2024\/03\/DW-6500-UL-Pedale-Hi-Hat-Ultra-Light-5.jpg","datePublished":"2024-03-02T16:16:18+00:00","dateModified":"2024-03-02T17:16:27+00:00","description":"Ultra-l\u00e9ger, super solide Robuste, pr\u00eat pour les concerts, l\u00e9ger et r\u00e9actif. DW a appliqu\u00e9 une double cha\u00eene \u00e0 ce pied, ce qui lui conf\u00e8re une grande solidit\u00e9 et une r\u00e9ponse rapide, ainsi qu'une action de traction directe d\u00e9cal\u00e9e qui permet des r\u00e9ponses rapides de la p\u00e9dale au chapeau.","breadcrumb":{"@id":"https:\/\/www.rimocc.com\/product\/dw-6500-ul-pedale-hi-hat-ultra-light\/#breadcrumb"},"inLanguage":"en-US","potentialAction":[{"@type":"ReadAction","target":["https:\/\/www.rimocc.com\/product\/dw-6500-ul-pedale-hi-hat-ultra-light\/"]}]},{"@type":"ImageObject","inLanguage":"en-US","@id":"https:\/\/www.rimocc.com\/product\/dw-6500-ul-pedale-hi-hat-ultra-light\/#primaryimage","url":"https:\/\/www.rimocc.com\/wp-content\/uploads\/2024\/03\/DW-6500-UL-Pedale-Hi-Hat-Ultra-Light-5.jpg","contentUrl":"https:\/\/www.rimocc.com\/wp-content\/uploads\/2024\/03\/DW-6500-UL-Pedale-Hi-Hat-Ultra-Light-5.jpg","width":1920,"height":1920,"caption":"DW 6500 UL P\u00e9dale Hi Hat Ultra Light"},{"@type":"BreadcrumbList","@id":"https:\/\/www.rimocc.com\/product\/dw-6500-ul-pedale-hi-hat-ultra-light\/#breadcrumb","itemListElement":[{"@type":"ListItem","position":1,"name":"Home","item":"https:\/\/www.rimocc.com\/"},{"@type":"ListItem","position":2,"name":"Shop","item":"https:\/\/www.rimocc.com\/shop\/"},{"@type":"ListItem","position":3,"name":"DW 6500 UL P\u00e9dale Hi Hat Ultra Light"}]},{"@type":"WebSite","@id":"https:\/\/www.rimocc.com\/#website","url":"https:\/\/www.rimocc.com\/","name":"D\u00e9p\u00f4t Vente Batterie Percussion | Rimocc Lyon","description":"Rimocc: l&#039;unique magasin d\u00e9di\u00e9 enti\u00e8rement \u00e0 la batterie, percussion d&#039;occasion et vintage \u00e0 Lyon, France","publisher":{"@id":"https:\/\/www.rimocc.com\/#organization"},"alternateName":"Rimocc'","potentialAction":[{"@type":"SearchAction","target":{"@type":"EntryPoint","urlTemplate":"https:\/\/www.rimocc.com\/?s={search_term_string}"},"query-input":{"@type":"PropertyValueSpecification","valueRequired":true,"valueName":"search_term_string"}}],"inLanguage":"en-US"},{"@type":"Organization","@id":"https:\/\/www.rimocc.com\/#organization","name":"Rimocc'","alternateName":"Rimocc","url":"https:\/\/www.rimocc.com\/","logo":{"@type":"ImageObject","inLanguage":"en-US","@id":"https:\/\/www.rimocc.com\/#\/schema\/logo\/image\/","url":"https:\/\/i0.wp.com\/www.rimocc.com\/wp-content\/uploads\/2023\/07\/RIMOCC_LOGO.jpg?fit=459%2C114&ssl=1","contentUrl":"https:\/\/i0.wp.com\/www.rimocc.com\/wp-content\/uploads\/2023\/07\/RIMOCC_LOGO.jpg?fit=459%2C114&ssl=1","width":459,"height":114,"caption":"Rimocc'"},"image":{"@id":"https:\/\/www.rimocc.com\/#\/schema\/logo\/image\/"},"sameAs":["https:\/\/www.facebook.com\/rimocclyon\/?locale=fr_FR","https:\/\/www.instagram.com\/rimoccc\/?hl=fr","https:\/\/www.tiktok.com\/@rimocc","https:\/\/www.youtube.com\/@Rimocc"]}]}},"jetpack_publicize_connections":[],"jetpack_sharing_enabled":true,"_links":{"self":[{"href":"https:\/\/www.rimocc.com\/en\/wp-json\/wp\/v2\/product\/11549","targetHints":{"allow":["GET"]}}],"collection":[{"href":"https:\/\/www.rimocc.com\/en\/wp-json\/wp\/v2\/product"}],"about":[{"href":"https:\/\/www.rimocc.com\/en\/wp-json\/wp\/v2\/types\/product"}],"replies":[{"embeddable":true,"href":"https:\/\/www.rimocc.com\/en\/wp-json\/wp\/v2\/comments?post=11549"}],"wp:featuredmedia":[{"embeddable":true,"href":"https:\/\/www.rimocc.com\/en\/wp-json\/wp\/v2\/media\/11548"}],"wp:attachment":[{"href":"https:\/\/www.rimocc.com\/en\/wp-json\/wp\/v2\/media?parent=11549"}],"wp:term":[{"taxonomy":"product_brand","embeddable":true,"href":"https:\/\/www.rimocc.com\/en\/wp-json\/wp\/v2\/product_brand?post=11549"},{"taxonomy":"product_cat","embeddable":true,"href":"https:\/\/www.rimocc.com\/en\/wp-json\/wp\/v2\/product_cat?post=11549"},{"taxonomy":"product_tag","embeddable":true,"href":"https:\/\/www.rimocc.com\/en\/wp-json\/wp\/v2\/product_tag?post=11549"}],"curies":[{"name":"wp","href":"https:\/\/api.w.org\/{rel}","templated":true}]}}