{"id":11528,"date":"2024-03-01T17:43:55","date_gmt":"2024-03-01T16:43:55","guid":{"rendered":"https:\/\/www.rimocc.com\/?post_type=product&#038;p=11528"},"modified":"2024-09-01T05:34:48","modified_gmt":"2024-09-01T03:34:48","slug":"sonor-phonic-tom-10-x10-9-ply-beechwood-vintage-80s","status":"publish","type":"product","link":"https:\/\/www.rimocc.com\/en\/product\/sonor-phonic-tom-10-x10-9-ply-beechwood-vintage-80s\/","title":{"rendered":"Sonor Phonic Tom 10&Prime; x10&Prime; 9 Ply Beechwood Vintage 80&rsquo;s"},"content":{"rendered":"<p>Tr\u00e8s bon \u00e9tat<br \/>\n9 ply Beechwood<br \/>\nRev\u00eatement palissandre non d&rsquo;origine (rhodoid blanc dessous)<br \/>\nVery good condition. Rosewood finish non original (fitted &#8211; white rhodoid underneath) <\/p>\n<p>Tom Rimocc&rsquo; Lyon<\/p>","protected":false},"excerpt":{"rendered":"<p>Tr\u00e8s bon \u00e9tat 9 ply Beechwood Rev\u00eatement palissandre non d&rsquo;origine (rhodoid blanc dessous) Very good condition. Rosewood finish non original (fitted &#8211; white rhodoid underneath) Tom Rimocc&rsquo; Lyon<\/p>","protected":false},"featured_media":11520,"comment_status":"open","ping_status":"closed","template":"","meta":{"jetpack_publicize_message":"","jetpack_publicize_feature_enabled":true,"jetpack_social_post_already_shared":false,"jetpack_social_options":{"image_generator_settings":{"template":"highway","default_image_id":0,"font":"","enabled":false},"version":2}},"product_brand":[],"product_cat":[18],"product_tag":[67,337,408,120],"class_list":{"0":"post-11528","1":"product","2":"type-product","3":"status-publish","4":"has-post-thumbnail","6":"product_cat-toms","7":"product_tag-sonor","8":"product_tag-sonor-drums","9":"product_tag-sonor-phonic","10":"product_tag-sonor-vintage","12":"entry","13":"has-media","15":"first","16":"outofstock","17":"shipping-taxable","18":"purchasable","19":"product-type-simple","20":"has-product-nav","21":"col","22":"span_1_of_3","23":"owp-content-center","24":"owp-thumbs-layout-horizontal","25":"owp-btn-normal","26":"owp-tabs-layout-horizontal","27":"has-no-thumbnails"},"yoast_head":"<!-- This site is optimized with the Yoast SEO plugin v27.4 - https:\/\/yoast.com\/product\/yoast-seo-wordpress\/ -->\n<title>Sonor Phonic Tom 10&quot; x10&quot; 9 Ply Beechwood Vintage 80&#039;s - D\u00e9p\u00f4t Vente Batterie Percussion | Rimocc Lyon<\/title>\n<meta name=\"description\" content=\"9 ply Beechwood Very good condition. Rosewood finish non original (fitted - white rhodoid underneath)\" \/>\n<meta name=\"robots\" content=\"index, follow, max-snippet:-1, max-image-preview:large, max-video-preview:-1\" \/>\n<link rel=\"canonical\" href=\"https:\/\/www.rimocc.com\/en\/product\/sonor-phonic-tom-10-x10-9-ply-beechwood-vintage-80s\/\" \/>\n<meta property=\"og:locale\" content=\"en_US\" \/>\n<meta property=\"og:type\" content=\"article\" \/>\n<meta property=\"og:title\" content=\"Sonor Phonic Tom 10&quot; x10&quot; 9 Ply Beechwood Vintage 80&#039;s - D\u00e9p\u00f4t Vente Batterie Percussion | Rimocc Lyon\" \/>\n<meta property=\"og:description\" content=\"9 ply Beechwood Very good condition. Rosewood finish non original (fitted - white rhodoid underneath)\" \/>\n<meta property=\"og:url\" content=\"https:\/\/www.rimocc.com\/en\/product\/sonor-phonic-tom-10-x10-9-ply-beechwood-vintage-80s\/\" \/>\n<meta property=\"og:site_name\" content=\"D\u00e9p\u00f4t Vente Batterie Percussion | Rimocc Lyon\" \/>\n<meta property=\"article:publisher\" content=\"https:\/\/www.facebook.com\/rimocclyon\/?locale=fr_FR\" \/>\n<meta property=\"article:modified_time\" content=\"2024-09-01T03:34:48+00:00\" \/>\n<meta property=\"og:image\" content=\"https:\/\/www.rimocc.com\/wp-content\/uploads\/2024\/03\/Sonor-Phonic-Tom-10_-x10_-9-Ply-Beechwood-1.jpg\" \/>\n\t<meta property=\"og:image:width\" content=\"1920\" \/>\n\t<meta property=\"og:image:height\" content=\"1920\" \/>\n\t<meta property=\"og:image:type\" content=\"image\/jpeg\" \/>\n<meta name=\"twitter:card\" content=\"summary_large_image\" \/>\n<meta name=\"twitter:label1\" content=\"Est. reading time\" \/>\n\t<meta name=\"twitter:data1\" content=\"1 minute\" \/>\n<script type=\"application\/ld+json\" class=\"yoast-schema-graph\">{\"@context\":\"https:\\\/\\\/schema.org\",\"@graph\":[{\"@type\":\"WebPage\",\"@id\":\"https:\\\/\\\/www.rimocc.com\\\/product\\\/sonor-phonic-tom-10-x10-9-ply-beechwood-vintage-80s\\\/\",\"url\":\"https:\\\/\\\/www.rimocc.com\\\/product\\\/sonor-phonic-tom-10-x10-9-ply-beechwood-vintage-80s\\\/\",\"name\":\"Sonor Phonic Tom 10\\\" x10\\\" 9 Ply Beechwood Vintage 80's - D\u00e9p\u00f4t Vente Batterie Percussion | Rimocc Lyon\",\"isPartOf\":{\"@id\":\"https:\\\/\\\/www.rimocc.com\\\/#website\"},\"primaryImageOfPage\":{\"@id\":\"https:\\\/\\\/www.rimocc.com\\\/product\\\/sonor-phonic-tom-10-x10-9-ply-beechwood-vintage-80s\\\/#primaryimage\"},\"image\":{\"@id\":\"https:\\\/\\\/www.rimocc.com\\\/product\\\/sonor-phonic-tom-10-x10-9-ply-beechwood-vintage-80s\\\/#primaryimage\"},\"thumbnailUrl\":\"https:\\\/\\\/www.rimocc.com\\\/wp-content\\\/uploads\\\/2024\\\/03\\\/Sonor-Phonic-Tom-10_-x10_-9-Ply-Beechwood-1.jpg\",\"datePublished\":\"2024-03-01T16:43:55+00:00\",\"dateModified\":\"2024-09-01T03:34:48+00:00\",\"description\":\"9 ply Beechwood Very good condition. Rosewood finish non original (fitted - white rhodoid underneath)\",\"breadcrumb\":{\"@id\":\"https:\\\/\\\/www.rimocc.com\\\/product\\\/sonor-phonic-tom-10-x10-9-ply-beechwood-vintage-80s\\\/#breadcrumb\"},\"inLanguage\":\"en-US\",\"potentialAction\":[{\"@type\":\"ReadAction\",\"target\":[\"https:\\\/\\\/www.rimocc.com\\\/product\\\/sonor-phonic-tom-10-x10-9-ply-beechwood-vintage-80s\\\/\"]}]},{\"@type\":\"ImageObject\",\"inLanguage\":\"en-US\",\"@id\":\"https:\\\/\\\/www.rimocc.com\\\/product\\\/sonor-phonic-tom-10-x10-9-ply-beechwood-vintage-80s\\\/#primaryimage\",\"url\":\"https:\\\/\\\/www.rimocc.com\\\/wp-content\\\/uploads\\\/2024\\\/03\\\/Sonor-Phonic-Tom-10_-x10_-9-Ply-Beechwood-1.jpg\",\"contentUrl\":\"https:\\\/\\\/www.rimocc.com\\\/wp-content\\\/uploads\\\/2024\\\/03\\\/Sonor-Phonic-Tom-10_-x10_-9-Ply-Beechwood-1.jpg\",\"width\":1920,\"height\":1920,\"caption\":\"Sonor Phonic Tom 10\\\" x10\\\" 9 Ply Beechwood\"},{\"@type\":\"BreadcrumbList\",\"@id\":\"https:\\\/\\\/www.rimocc.com\\\/product\\\/sonor-phonic-tom-10-x10-9-ply-beechwood-vintage-80s\\\/#breadcrumb\",\"itemListElement\":[{\"@type\":\"ListItem\",\"position\":1,\"name\":\"Home\",\"item\":\"https:\\\/\\\/www.rimocc.com\\\/\"},{\"@type\":\"ListItem\",\"position\":2,\"name\":\"Shop\",\"item\":\"https:\\\/\\\/www.rimocc.com\\\/shop\\\/\"},{\"@type\":\"ListItem\",\"position\":3,\"name\":\"Sonor Phonic Tom 10&#8243; x10&#8243; 9 Ply Beechwood Vintage 80&#8217;s\"}]},{\"@type\":\"WebSite\",\"@id\":\"https:\\\/\\\/www.rimocc.com\\\/#website\",\"url\":\"https:\\\/\\\/www.rimocc.com\\\/\",\"name\":\"D\u00e9p\u00f4t Vente Batterie Percussion | Rimocc Lyon\",\"description\":\"Rimocc: l&#039;unique magasin d\u00e9di\u00e9 enti\u00e8rement \u00e0 la batterie, percussion d&#039;occasion et vintage \u00e0 Lyon, France\",\"publisher\":{\"@id\":\"https:\\\/\\\/www.rimocc.com\\\/#organization\"},\"alternateName\":\"Rimocc'\",\"potentialAction\":[{\"@type\":\"SearchAction\",\"target\":{\"@type\":\"EntryPoint\",\"urlTemplate\":\"https:\\\/\\\/www.rimocc.com\\\/?s={search_term_string}\"},\"query-input\":{\"@type\":\"PropertyValueSpecification\",\"valueRequired\":true,\"valueName\":\"search_term_string\"}}],\"inLanguage\":\"en-US\"},{\"@type\":\"Organization\",\"@id\":\"https:\\\/\\\/www.rimocc.com\\\/#organization\",\"name\":\"Rimocc'\",\"alternateName\":\"Rimocc\",\"url\":\"https:\\\/\\\/www.rimocc.com\\\/\",\"logo\":{\"@type\":\"ImageObject\",\"inLanguage\":\"en-US\",\"@id\":\"https:\\\/\\\/www.rimocc.com\\\/#\\\/schema\\\/logo\\\/image\\\/\",\"url\":\"https:\\\/\\\/i0.wp.com\\\/www.rimocc.com\\\/wp-content\\\/uploads\\\/2023\\\/07\\\/RIMOCC_LOGO.jpg?fit=459%2C114&ssl=1\",\"contentUrl\":\"https:\\\/\\\/i0.wp.com\\\/www.rimocc.com\\\/wp-content\\\/uploads\\\/2023\\\/07\\\/RIMOCC_LOGO.jpg?fit=459%2C114&ssl=1\",\"width\":459,\"height\":114,\"caption\":\"Rimocc'\"},\"image\":{\"@id\":\"https:\\\/\\\/www.rimocc.com\\\/#\\\/schema\\\/logo\\\/image\\\/\"},\"sameAs\":[\"https:\\\/\\\/www.facebook.com\\\/rimocclyon\\\/?locale=fr_FR\",\"https:\\\/\\\/www.instagram.com\\\/rimoccc\\\/?hl=fr\",\"https:\\\/\\\/www.tiktok.com\\\/@rimocc\",\"https:\\\/\\\/www.youtube.com\\\/@Rimocc\"]}]}<\/script>\n<!-- \/ Yoast SEO plugin. -->","yoast_head_json":{"title":"Sonor Phonic Tom 10\" x10\" 9 Ply Beechwood Vintage 80's - D\u00e9p\u00f4t Vente Batterie Percussion | Rimocc Lyon","description":"9 ply Beechwood Very good condition. Rosewood finish non original (fitted - white rhodoid underneath)","robots":{"index":"index","follow":"follow","max-snippet":"max-snippet:-1","max-image-preview":"max-image-preview:large","max-video-preview":"max-video-preview:-1"},"canonical":"https:\/\/www.rimocc.com\/en\/product\/sonor-phonic-tom-10-x10-9-ply-beechwood-vintage-80s\/","og_locale":"en_US","og_type":"article","og_title":"Sonor Phonic Tom 10\" x10\" 9 Ply Beechwood Vintage 80's - D\u00e9p\u00f4t Vente Batterie Percussion | Rimocc Lyon","og_description":"9 ply Beechwood Very good condition. Rosewood finish non original (fitted - white rhodoid underneath)","og_url":"https:\/\/www.rimocc.com\/en\/product\/sonor-phonic-tom-10-x10-9-ply-beechwood-vintage-80s\/","og_site_name":"D\u00e9p\u00f4t Vente Batterie Percussion | Rimocc Lyon","article_publisher":"https:\/\/www.facebook.com\/rimocclyon\/?locale=fr_FR","article_modified_time":"2024-09-01T03:34:48+00:00","og_image":[{"width":1920,"height":1920,"url":"https:\/\/www.rimocc.com\/wp-content\/uploads\/2024\/03\/Sonor-Phonic-Tom-10_-x10_-9-Ply-Beechwood-1.jpg","type":"image\/jpeg"}],"twitter_card":"summary_large_image","twitter_misc":{"Est. reading time":"1 minute"},"schema":{"@context":"https:\/\/schema.org","@graph":[{"@type":"WebPage","@id":"https:\/\/www.rimocc.com\/product\/sonor-phonic-tom-10-x10-9-ply-beechwood-vintage-80s\/","url":"https:\/\/www.rimocc.com\/product\/sonor-phonic-tom-10-x10-9-ply-beechwood-vintage-80s\/","name":"Sonor Phonic Tom 10\" x10\" 9 Ply Beechwood Vintage 80's - D\u00e9p\u00f4t Vente Batterie Percussion | Rimocc Lyon","isPartOf":{"@id":"https:\/\/www.rimocc.com\/#website"},"primaryImageOfPage":{"@id":"https:\/\/www.rimocc.com\/product\/sonor-phonic-tom-10-x10-9-ply-beechwood-vintage-80s\/#primaryimage"},"image":{"@id":"https:\/\/www.rimocc.com\/product\/sonor-phonic-tom-10-x10-9-ply-beechwood-vintage-80s\/#primaryimage"},"thumbnailUrl":"https:\/\/www.rimocc.com\/wp-content\/uploads\/2024\/03\/Sonor-Phonic-Tom-10_-x10_-9-Ply-Beechwood-1.jpg","datePublished":"2024-03-01T16:43:55+00:00","dateModified":"2024-09-01T03:34:48+00:00","description":"9 ply Beechwood Very good condition. Rosewood finish non original (fitted - white rhodoid underneath)","breadcrumb":{"@id":"https:\/\/www.rimocc.com\/product\/sonor-phonic-tom-10-x10-9-ply-beechwood-vintage-80s\/#breadcrumb"},"inLanguage":"en-US","potentialAction":[{"@type":"ReadAction","target":["https:\/\/www.rimocc.com\/product\/sonor-phonic-tom-10-x10-9-ply-beechwood-vintage-80s\/"]}]},{"@type":"ImageObject","inLanguage":"en-US","@id":"https:\/\/www.rimocc.com\/product\/sonor-phonic-tom-10-x10-9-ply-beechwood-vintage-80s\/#primaryimage","url":"https:\/\/www.rimocc.com\/wp-content\/uploads\/2024\/03\/Sonor-Phonic-Tom-10_-x10_-9-Ply-Beechwood-1.jpg","contentUrl":"https:\/\/www.rimocc.com\/wp-content\/uploads\/2024\/03\/Sonor-Phonic-Tom-10_-x10_-9-Ply-Beechwood-1.jpg","width":1920,"height":1920,"caption":"Sonor Phonic Tom 10\" x10\" 9 Ply Beechwood"},{"@type":"BreadcrumbList","@id":"https:\/\/www.rimocc.com\/product\/sonor-phonic-tom-10-x10-9-ply-beechwood-vintage-80s\/#breadcrumb","itemListElement":[{"@type":"ListItem","position":1,"name":"Home","item":"https:\/\/www.rimocc.com\/"},{"@type":"ListItem","position":2,"name":"Shop","item":"https:\/\/www.rimocc.com\/shop\/"},{"@type":"ListItem","position":3,"name":"Sonor Phonic Tom 10&#8243; x10&#8243; 9 Ply Beechwood Vintage 80&#8217;s"}]},{"@type":"WebSite","@id":"https:\/\/www.rimocc.com\/#website","url":"https:\/\/www.rimocc.com\/","name":"D\u00e9p\u00f4t Vente Batterie Percussion | Rimocc Lyon","description":"Rimocc: l&#039;unique magasin d\u00e9di\u00e9 enti\u00e8rement \u00e0 la batterie, percussion d&#039;occasion et vintage \u00e0 Lyon, France","publisher":{"@id":"https:\/\/www.rimocc.com\/#organization"},"alternateName":"Rimocc'","potentialAction":[{"@type":"SearchAction","target":{"@type":"EntryPoint","urlTemplate":"https:\/\/www.rimocc.com\/?s={search_term_string}"},"query-input":{"@type":"PropertyValueSpecification","valueRequired":true,"valueName":"search_term_string"}}],"inLanguage":"en-US"},{"@type":"Organization","@id":"https:\/\/www.rimocc.com\/#organization","name":"Rimocc'","alternateName":"Rimocc","url":"https:\/\/www.rimocc.com\/","logo":{"@type":"ImageObject","inLanguage":"en-US","@id":"https:\/\/www.rimocc.com\/#\/schema\/logo\/image\/","url":"https:\/\/i0.wp.com\/www.rimocc.com\/wp-content\/uploads\/2023\/07\/RIMOCC_LOGO.jpg?fit=459%2C114&ssl=1","contentUrl":"https:\/\/i0.wp.com\/www.rimocc.com\/wp-content\/uploads\/2023\/07\/RIMOCC_LOGO.jpg?fit=459%2C114&ssl=1","width":459,"height":114,"caption":"Rimocc'"},"image":{"@id":"https:\/\/www.rimocc.com\/#\/schema\/logo\/image\/"},"sameAs":["https:\/\/www.facebook.com\/rimocclyon\/?locale=fr_FR","https:\/\/www.instagram.com\/rimoccc\/?hl=fr","https:\/\/www.tiktok.com\/@rimocc","https:\/\/www.youtube.com\/@Rimocc"]}]}},"jetpack_publicize_connections":[],"jetpack_sharing_enabled":true,"_links":{"self":[{"href":"https:\/\/www.rimocc.com\/en\/wp-json\/wp\/v2\/product\/11528","targetHints":{"allow":["GET"]}}],"collection":[{"href":"https:\/\/www.rimocc.com\/en\/wp-json\/wp\/v2\/product"}],"about":[{"href":"https:\/\/www.rimocc.com\/en\/wp-json\/wp\/v2\/types\/product"}],"replies":[{"embeddable":true,"href":"https:\/\/www.rimocc.com\/en\/wp-json\/wp\/v2\/comments?post=11528"}],"wp:featuredmedia":[{"embeddable":true,"href":"https:\/\/www.rimocc.com\/en\/wp-json\/wp\/v2\/media\/11520"}],"wp:attachment":[{"href":"https:\/\/www.rimocc.com\/en\/wp-json\/wp\/v2\/media?parent=11528"}],"wp:term":[{"taxonomy":"product_brand","embeddable":true,"href":"https:\/\/www.rimocc.com\/en\/wp-json\/wp\/v2\/product_brand?post=11528"},{"taxonomy":"product_cat","embeddable":true,"href":"https:\/\/www.rimocc.com\/en\/wp-json\/wp\/v2\/product_cat?post=11528"},{"taxonomy":"product_tag","embeddable":true,"href":"https:\/\/www.rimocc.com\/en\/wp-json\/wp\/v2\/product_tag?post=11528"}],"curies":[{"name":"wp","href":"https:\/\/api.w.org\/{rel}","templated":true}]}}