{"id":11488,"date":"2024-02-27T15:16:27","date_gmt":"2024-02-27T14:16:27","guid":{"rendered":"https:\/\/www.rimocc.com\/?post_type=product&#038;p=11488"},"modified":"2025-01-24T17:37:58","modified_gmt":"2025-01-24T16:37:58","slug":"tama-superstar-x-tras-24x16-10x9-12x11-14x13-16x16-vintage-80s","status":"publish","type":"product","link":"https:\/\/www.rimocc.com\/en\/product\/tama-superstar-x-tras-24x16-10x9-12x11-14x13-16x16-vintage-80s\/","title":{"rendered":"Tama Superstar X-Tras 24&Prime;x16&Prime; 10&Prime;x9&Prime; 12&Prime;x11&Prime; 14&Prime;x13&Prime; 16&Prime;x16&Prime; Vintage 80&rsquo;s"},"content":{"rendered":"<p>Tama Superstar X-Tras 24&Prime;x16&Prime; 10&Prime;x9&Prime; 12&Prime;x11&Prime; 14&Prime;x13&Prime; 16&Prime;x16&Prime; + supports<br \/>\nCherry Wine Vintage, early 80&rsquo;s<br \/>\n6 plis bouleau<br \/>\nTr\u00e8s bon \u00e9tat g\u00e9n\u00e9ral<br \/>\nQuelques rayures, \u00e9raflures sur le vernis (une importante sur le cot\u00e9 droit de la grosse caisse)<\/p>\n<p>6 ply Birch<br \/>\nVery good condition overall<br \/>\nSome scratches on the shells lacquer (major one on the bass drum right side)<\/p>\n<p><strong>Enl\u00e8vement sur place privil\u00e9gi\u00e9 mais envoi possible dans toute la France sur devis s\u00e9par\u00e9 &#8211; merci de s\u00e9lectionner l&rsquo;option retrait sur place et nous vous ferons parvenir un devis s\u00e9par\u00e9 pour la livraison, \u00e0 r\u00e9gler s\u00e9par\u00e9ment<br \/>\nInternational order, pick-up ONLY<\/strong><\/p>\n<p>Batterie, Drums, Rimocc&rsquo; Lyon<\/p>","protected":false},"excerpt":{"rendered":"<p>Tama Superstar X-Tras 24&Prime;x16&Prime; 10&Prime;x9&Prime; 12&Prime;x11&Prime; 14&Prime;x13&Prime; 16&Prime;x16&Prime; + supports Cherry Wine Vintage, early 80&rsquo;s 6 plis bouleau Tr\u00e8s bon \u00e9tat g\u00e9n\u00e9ral Quelques rayures, \u00e9raflures sur le vernis (une importante sur le cot\u00e9 droit de la grosse caisse) 6 ply Birch Very good condition overall Some scratches on the shells lacquer (major one on the [&hellip;]<\/p>\n","protected":false},"featured_media":11476,"comment_status":"open","ping_status":"closed","template":"","meta":{"jetpack_publicize_message":"","jetpack_publicize_feature_enabled":true,"jetpack_social_post_already_shared":false,"jetpack_social_options":{"image_generator_settings":{"template":"highway","default_image_id":0,"font":"","enabled":false},"version":2}},"product_brand":[],"product_cat":[20],"product_tag":[41,43,58,59,400],"class_list":{"0":"post-11488","1":"product","2":"type-product","3":"status-publish","4":"has-post-thumbnail","6":"product_cat-batterie","7":"product_tag-batterie","8":"product_tag-drums","9":"product_tag-tama","10":"product_tag-tama-superstar","11":"product_tag-tama-vintage-drums","13":"entry","14":"has-media","16":"first","17":"outofstock","18":"shipping-taxable","19":"purchasable","20":"product-type-simple","21":"has-product-nav","22":"col","23":"span_1_of_3","24":"owp-content-center","25":"owp-thumbs-layout-horizontal","26":"owp-btn-normal","27":"owp-tabs-layout-horizontal","28":"has-no-thumbnails"},"yoast_head":"<!-- This site is optimized with the Yoast SEO plugin v27.4 - https:\/\/yoast.com\/product\/yoast-seo-wordpress\/ -->\n<title>Tama Superstar X-Tras 24&quot;x16&quot; 10&quot;x9&quot; 12&quot;x11&quot; 14&quot;x13&quot; 16&quot;x16&quot; Vintage 80&#039;s - D\u00e9p\u00f4t Vente Batterie Percussion | Rimocc Lyon<\/title>\n<meta name=\"description\" content=\"Cherry Wine Vintage, early 80&#039;s\" \/>\n<meta name=\"robots\" content=\"index, follow, max-snippet:-1, max-image-preview:large, max-video-preview:-1\" \/>\n<link rel=\"canonical\" href=\"https:\/\/www.rimocc.com\/en\/product\/tama-superstar-x-tras-24x16-10x9-12x11-14x13-16x16-vintage-80s\/\" \/>\n<meta property=\"og:locale\" content=\"en_US\" \/>\n<meta property=\"og:type\" content=\"article\" \/>\n<meta property=\"og:title\" content=\"Tama Superstar X-Tras 24&quot;x16&quot; 10&quot;x9&quot; 12&quot;x11&quot; 14&quot;x13&quot; 16&quot;x16&quot; Vintage 80&#039;s - D\u00e9p\u00f4t Vente Batterie Percussion | Rimocc Lyon\" \/>\n<meta property=\"og:description\" content=\"Cherry Wine Vintage, early 80&#039;s\" \/>\n<meta property=\"og:url\" content=\"https:\/\/www.rimocc.com\/en\/product\/tama-superstar-x-tras-24x16-10x9-12x11-14x13-16x16-vintage-80s\/\" \/>\n<meta property=\"og:site_name\" content=\"D\u00e9p\u00f4t Vente Batterie Percussion | Rimocc Lyon\" \/>\n<meta property=\"article:publisher\" content=\"https:\/\/www.facebook.com\/rimocclyon\/?locale=fr_FR\" \/>\n<meta property=\"article:modified_time\" content=\"2025-01-24T16:37:58+00:00\" \/>\n<meta property=\"og:image\" content=\"https:\/\/www.rimocc.com\/wp-content\/uploads\/2024\/02\/Tama-Superstar-X-Tras-24_x16_-10_x9_-12_x11_-14_x13_-16_x16_-1.jpg\" \/>\n\t<meta property=\"og:image:width\" content=\"1920\" \/>\n\t<meta property=\"og:image:height\" content=\"1920\" \/>\n\t<meta property=\"og:image:type\" content=\"image\/jpeg\" \/>\n<meta name=\"twitter:card\" content=\"summary_large_image\" \/>\n<meta name=\"twitter:label1\" content=\"Est. reading time\" \/>\n\t<meta name=\"twitter:data1\" content=\"1 minute\" \/>\n<script type=\"application\/ld+json\" class=\"yoast-schema-graph\">{\"@context\":\"https:\\\/\\\/schema.org\",\"@graph\":[{\"@type\":\"WebPage\",\"@id\":\"https:\\\/\\\/www.rimocc.com\\\/product\\\/tama-superstar-x-tras-24x16-10x9-12x11-14x13-16x16-vintage-80s\\\/\",\"url\":\"https:\\\/\\\/www.rimocc.com\\\/product\\\/tama-superstar-x-tras-24x16-10x9-12x11-14x13-16x16-vintage-80s\\\/\",\"name\":\"Tama Superstar X-Tras 24\\\"x16\\\" 10\\\"x9\\\" 12\\\"x11\\\" 14\\\"x13\\\" 16\\\"x16\\\" Vintage 80's - D\u00e9p\u00f4t Vente Batterie Percussion | Rimocc Lyon\",\"isPartOf\":{\"@id\":\"https:\\\/\\\/www.rimocc.com\\\/#website\"},\"primaryImageOfPage\":{\"@id\":\"https:\\\/\\\/www.rimocc.com\\\/product\\\/tama-superstar-x-tras-24x16-10x9-12x11-14x13-16x16-vintage-80s\\\/#primaryimage\"},\"image\":{\"@id\":\"https:\\\/\\\/www.rimocc.com\\\/product\\\/tama-superstar-x-tras-24x16-10x9-12x11-14x13-16x16-vintage-80s\\\/#primaryimage\"},\"thumbnailUrl\":\"https:\\\/\\\/www.rimocc.com\\\/wp-content\\\/uploads\\\/2024\\\/02\\\/Tama-Superstar-X-Tras-24_x16_-10_x9_-12_x11_-14_x13_-16_x16_-1.jpg\",\"datePublished\":\"2024-02-27T14:16:27+00:00\",\"dateModified\":\"2025-01-24T16:37:58+00:00\",\"description\":\"Cherry Wine Vintage, early 80's\",\"breadcrumb\":{\"@id\":\"https:\\\/\\\/www.rimocc.com\\\/product\\\/tama-superstar-x-tras-24x16-10x9-12x11-14x13-16x16-vintage-80s\\\/#breadcrumb\"},\"inLanguage\":\"en-US\",\"potentialAction\":[{\"@type\":\"ReadAction\",\"target\":[\"https:\\\/\\\/www.rimocc.com\\\/product\\\/tama-superstar-x-tras-24x16-10x9-12x11-14x13-16x16-vintage-80s\\\/\"]}]},{\"@type\":\"ImageObject\",\"inLanguage\":\"en-US\",\"@id\":\"https:\\\/\\\/www.rimocc.com\\\/product\\\/tama-superstar-x-tras-24x16-10x9-12x11-14x13-16x16-vintage-80s\\\/#primaryimage\",\"url\":\"https:\\\/\\\/www.rimocc.com\\\/wp-content\\\/uploads\\\/2024\\\/02\\\/Tama-Superstar-X-Tras-24_x16_-10_x9_-12_x11_-14_x13_-16_x16_-1.jpg\",\"contentUrl\":\"https:\\\/\\\/www.rimocc.com\\\/wp-content\\\/uploads\\\/2024\\\/02\\\/Tama-Superstar-X-Tras-24_x16_-10_x9_-12_x11_-14_x13_-16_x16_-1.jpg\",\"width\":1920,\"height\":1920,\"caption\":\"Tama Superstar X-Tras 24\\\"x16\\\" 10\\\"x9\\\" 12\\\"x11\\\" 14\\\"x13\\\" 16\\\"x16\\\" + supports Cherry Wine Vintage early 80's\"},{\"@type\":\"BreadcrumbList\",\"@id\":\"https:\\\/\\\/www.rimocc.com\\\/product\\\/tama-superstar-x-tras-24x16-10x9-12x11-14x13-16x16-vintage-80s\\\/#breadcrumb\",\"itemListElement\":[{\"@type\":\"ListItem\",\"position\":1,\"name\":\"Home\",\"item\":\"https:\\\/\\\/www.rimocc.com\\\/\"},{\"@type\":\"ListItem\",\"position\":2,\"name\":\"Shop\",\"item\":\"https:\\\/\\\/www.rimocc.com\\\/shop\\\/\"},{\"@type\":\"ListItem\",\"position\":3,\"name\":\"Tama Superstar X-Tras 24&#8243;x16&#8243; 10&#8243;x9&#8243; 12&#8243;x11&#8243; 14&#8243;x13&#8243; 16&#8243;x16&#8243; Vintage 80&#8217;s\"}]},{\"@type\":\"WebSite\",\"@id\":\"https:\\\/\\\/www.rimocc.com\\\/#website\",\"url\":\"https:\\\/\\\/www.rimocc.com\\\/\",\"name\":\"D\u00e9p\u00f4t Vente Batterie Percussion | Rimocc Lyon\",\"description\":\"Rimocc: l&#039;unique magasin d\u00e9di\u00e9 enti\u00e8rement \u00e0 la batterie, percussion d&#039;occasion et vintage \u00e0 Lyon, France\",\"publisher\":{\"@id\":\"https:\\\/\\\/www.rimocc.com\\\/#organization\"},\"alternateName\":\"Rimocc'\",\"potentialAction\":[{\"@type\":\"SearchAction\",\"target\":{\"@type\":\"EntryPoint\",\"urlTemplate\":\"https:\\\/\\\/www.rimocc.com\\\/?s={search_term_string}\"},\"query-input\":{\"@type\":\"PropertyValueSpecification\",\"valueRequired\":true,\"valueName\":\"search_term_string\"}}],\"inLanguage\":\"en-US\"},{\"@type\":\"Organization\",\"@id\":\"https:\\\/\\\/www.rimocc.com\\\/#organization\",\"name\":\"Rimocc'\",\"alternateName\":\"Rimocc\",\"url\":\"https:\\\/\\\/www.rimocc.com\\\/\",\"logo\":{\"@type\":\"ImageObject\",\"inLanguage\":\"en-US\",\"@id\":\"https:\\\/\\\/www.rimocc.com\\\/#\\\/schema\\\/logo\\\/image\\\/\",\"url\":\"https:\\\/\\\/i0.wp.com\\\/www.rimocc.com\\\/wp-content\\\/uploads\\\/2023\\\/07\\\/RIMOCC_LOGO.jpg?fit=459%2C114&ssl=1\",\"contentUrl\":\"https:\\\/\\\/i0.wp.com\\\/www.rimocc.com\\\/wp-content\\\/uploads\\\/2023\\\/07\\\/RIMOCC_LOGO.jpg?fit=459%2C114&ssl=1\",\"width\":459,\"height\":114,\"caption\":\"Rimocc'\"},\"image\":{\"@id\":\"https:\\\/\\\/www.rimocc.com\\\/#\\\/schema\\\/logo\\\/image\\\/\"},\"sameAs\":[\"https:\\\/\\\/www.facebook.com\\\/rimocclyon\\\/?locale=fr_FR\",\"https:\\\/\\\/www.instagram.com\\\/rimoccc\\\/?hl=fr\",\"https:\\\/\\\/www.tiktok.com\\\/@rimocc\",\"https:\\\/\\\/www.youtube.com\\\/@Rimocc\"]}]}<\/script>\n<!-- \/ Yoast SEO plugin. -->","yoast_head_json":{"title":"Tama Superstar X-Tras 24\"x16\" 10\"x9\" 12\"x11\" 14\"x13\" 16\"x16\" Vintage 80's - D\u00e9p\u00f4t Vente Batterie Percussion | Rimocc Lyon","description":"Cherry Wine Vintage, early 80's","robots":{"index":"index","follow":"follow","max-snippet":"max-snippet:-1","max-image-preview":"max-image-preview:large","max-video-preview":"max-video-preview:-1"},"canonical":"https:\/\/www.rimocc.com\/en\/product\/tama-superstar-x-tras-24x16-10x9-12x11-14x13-16x16-vintage-80s\/","og_locale":"en_US","og_type":"article","og_title":"Tama Superstar X-Tras 24\"x16\" 10\"x9\" 12\"x11\" 14\"x13\" 16\"x16\" Vintage 80's - D\u00e9p\u00f4t Vente Batterie Percussion | Rimocc Lyon","og_description":"Cherry Wine Vintage, early 80's","og_url":"https:\/\/www.rimocc.com\/en\/product\/tama-superstar-x-tras-24x16-10x9-12x11-14x13-16x16-vintage-80s\/","og_site_name":"D\u00e9p\u00f4t Vente Batterie Percussion | Rimocc Lyon","article_publisher":"https:\/\/www.facebook.com\/rimocclyon\/?locale=fr_FR","article_modified_time":"2025-01-24T16:37:58+00:00","og_image":[{"width":1920,"height":1920,"url":"https:\/\/www.rimocc.com\/wp-content\/uploads\/2024\/02\/Tama-Superstar-X-Tras-24_x16_-10_x9_-12_x11_-14_x13_-16_x16_-1.jpg","type":"image\/jpeg"}],"twitter_card":"summary_large_image","twitter_misc":{"Est. reading time":"1 minute"},"schema":{"@context":"https:\/\/schema.org","@graph":[{"@type":"WebPage","@id":"https:\/\/www.rimocc.com\/product\/tama-superstar-x-tras-24x16-10x9-12x11-14x13-16x16-vintage-80s\/","url":"https:\/\/www.rimocc.com\/product\/tama-superstar-x-tras-24x16-10x9-12x11-14x13-16x16-vintage-80s\/","name":"Tama Superstar X-Tras 24\"x16\" 10\"x9\" 12\"x11\" 14\"x13\" 16\"x16\" Vintage 80's - D\u00e9p\u00f4t Vente Batterie Percussion | Rimocc Lyon","isPartOf":{"@id":"https:\/\/www.rimocc.com\/#website"},"primaryImageOfPage":{"@id":"https:\/\/www.rimocc.com\/product\/tama-superstar-x-tras-24x16-10x9-12x11-14x13-16x16-vintage-80s\/#primaryimage"},"image":{"@id":"https:\/\/www.rimocc.com\/product\/tama-superstar-x-tras-24x16-10x9-12x11-14x13-16x16-vintage-80s\/#primaryimage"},"thumbnailUrl":"https:\/\/www.rimocc.com\/wp-content\/uploads\/2024\/02\/Tama-Superstar-X-Tras-24_x16_-10_x9_-12_x11_-14_x13_-16_x16_-1.jpg","datePublished":"2024-02-27T14:16:27+00:00","dateModified":"2025-01-24T16:37:58+00:00","description":"Cherry Wine Vintage, early 80's","breadcrumb":{"@id":"https:\/\/www.rimocc.com\/product\/tama-superstar-x-tras-24x16-10x9-12x11-14x13-16x16-vintage-80s\/#breadcrumb"},"inLanguage":"en-US","potentialAction":[{"@type":"ReadAction","target":["https:\/\/www.rimocc.com\/product\/tama-superstar-x-tras-24x16-10x9-12x11-14x13-16x16-vintage-80s\/"]}]},{"@type":"ImageObject","inLanguage":"en-US","@id":"https:\/\/www.rimocc.com\/product\/tama-superstar-x-tras-24x16-10x9-12x11-14x13-16x16-vintage-80s\/#primaryimage","url":"https:\/\/www.rimocc.com\/wp-content\/uploads\/2024\/02\/Tama-Superstar-X-Tras-24_x16_-10_x9_-12_x11_-14_x13_-16_x16_-1.jpg","contentUrl":"https:\/\/www.rimocc.com\/wp-content\/uploads\/2024\/02\/Tama-Superstar-X-Tras-24_x16_-10_x9_-12_x11_-14_x13_-16_x16_-1.jpg","width":1920,"height":1920,"caption":"Tama Superstar X-Tras 24\"x16\" 10\"x9\" 12\"x11\" 14\"x13\" 16\"x16\" + supports Cherry Wine Vintage early 80's"},{"@type":"BreadcrumbList","@id":"https:\/\/www.rimocc.com\/product\/tama-superstar-x-tras-24x16-10x9-12x11-14x13-16x16-vintage-80s\/#breadcrumb","itemListElement":[{"@type":"ListItem","position":1,"name":"Home","item":"https:\/\/www.rimocc.com\/"},{"@type":"ListItem","position":2,"name":"Shop","item":"https:\/\/www.rimocc.com\/shop\/"},{"@type":"ListItem","position":3,"name":"Tama Superstar X-Tras 24&#8243;x16&#8243; 10&#8243;x9&#8243; 12&#8243;x11&#8243; 14&#8243;x13&#8243; 16&#8243;x16&#8243; Vintage 80&#8217;s"}]},{"@type":"WebSite","@id":"https:\/\/www.rimocc.com\/#website","url":"https:\/\/www.rimocc.com\/","name":"D\u00e9p\u00f4t Vente Batterie Percussion | Rimocc Lyon","description":"Rimocc: l&#039;unique magasin d\u00e9di\u00e9 enti\u00e8rement \u00e0 la batterie, percussion d&#039;occasion et vintage \u00e0 Lyon, France","publisher":{"@id":"https:\/\/www.rimocc.com\/#organization"},"alternateName":"Rimocc'","potentialAction":[{"@type":"SearchAction","target":{"@type":"EntryPoint","urlTemplate":"https:\/\/www.rimocc.com\/?s={search_term_string}"},"query-input":{"@type":"PropertyValueSpecification","valueRequired":true,"valueName":"search_term_string"}}],"inLanguage":"en-US"},{"@type":"Organization","@id":"https:\/\/www.rimocc.com\/#organization","name":"Rimocc'","alternateName":"Rimocc","url":"https:\/\/www.rimocc.com\/","logo":{"@type":"ImageObject","inLanguage":"en-US","@id":"https:\/\/www.rimocc.com\/#\/schema\/logo\/image\/","url":"https:\/\/i0.wp.com\/www.rimocc.com\/wp-content\/uploads\/2023\/07\/RIMOCC_LOGO.jpg?fit=459%2C114&ssl=1","contentUrl":"https:\/\/i0.wp.com\/www.rimocc.com\/wp-content\/uploads\/2023\/07\/RIMOCC_LOGO.jpg?fit=459%2C114&ssl=1","width":459,"height":114,"caption":"Rimocc'"},"image":{"@id":"https:\/\/www.rimocc.com\/#\/schema\/logo\/image\/"},"sameAs":["https:\/\/www.facebook.com\/rimocclyon\/?locale=fr_FR","https:\/\/www.instagram.com\/rimoccc\/?hl=fr","https:\/\/www.tiktok.com\/@rimocc","https:\/\/www.youtube.com\/@Rimocc"]}]}},"jetpack_publicize_connections":[],"jetpack_sharing_enabled":true,"_links":{"self":[{"href":"https:\/\/www.rimocc.com\/en\/wp-json\/wp\/v2\/product\/11488","targetHints":{"allow":["GET"]}}],"collection":[{"href":"https:\/\/www.rimocc.com\/en\/wp-json\/wp\/v2\/product"}],"about":[{"href":"https:\/\/www.rimocc.com\/en\/wp-json\/wp\/v2\/types\/product"}],"replies":[{"embeddable":true,"href":"https:\/\/www.rimocc.com\/en\/wp-json\/wp\/v2\/comments?post=11488"}],"wp:featuredmedia":[{"embeddable":true,"href":"https:\/\/www.rimocc.com\/en\/wp-json\/wp\/v2\/media\/11476"}],"wp:attachment":[{"href":"https:\/\/www.rimocc.com\/en\/wp-json\/wp\/v2\/media?parent=11488"}],"wp:term":[{"taxonomy":"product_brand","embeddable":true,"href":"https:\/\/www.rimocc.com\/en\/wp-json\/wp\/v2\/product_brand?post=11488"},{"taxonomy":"product_cat","embeddable":true,"href":"https:\/\/www.rimocc.com\/en\/wp-json\/wp\/v2\/product_cat?post=11488"},{"taxonomy":"product_tag","embeddable":true,"href":"https:\/\/www.rimocc.com\/en\/wp-json\/wp\/v2\/product_tag?post=11488"}],"curies":[{"name":"wp","href":"https:\/\/api.w.org\/{rel}","templated":true}]}}