{"id":11434,"date":"2024-02-16T15:45:50","date_gmt":"2024-02-16T14:45:50","guid":{"rendered":"https:\/\/www.rimocc.com\/?post_type=product&#038;p=11434"},"modified":"2024-02-23T13:12:02","modified_gmt":"2024-02-23T12:12:02","slug":"sonor-phonic-genuine-rosewood-veneer-d515-14x575-vintage-80s","status":"publish","type":"product","link":"https:\/\/www.rimocc.com\/en\/product\/sonor-phonic-genuine-rosewood-veneer-d515-14x575-vintage-80s\/","title":{"rendered":"Sonor Phonic Genuine Rosewood Veneer D515 14&Prime;x5,75&Prime; Vintage 80&rsquo;s"},"content":{"rendered":"<p>Mod\u00e8le mythique du d\u00e9but des ann\u00e9es 80<br \/>\nBon \u00e9tat g\u00e9n\u00e9ral<br \/>\nTout d&rsquo;origine sauf les cercles (Tama) et le timbre Pearl<br \/>\nIl manque quelques snaplock sur les chemin\u00e9es. Tirants oxyd\u00e9s par endroits<br \/>\nChanfreins parfaits<br \/>\nPeaux SD neuves top &#038; bottom<\/p>\n<p><strong>Pour un envoi merci d&rsquo;imp\u00e9rativement s\u00e9lectionner l&rsquo;envoi par La Poste Colissimo + assurance (pas d&rsquo;envoi par Mondial Relay)<\/strong><em><\/p>\n<p>Good condition overall<br \/>\nAll original except for the hoops (Tama) &#038; the snare wires (Pearl)<br \/>\nA few snaplocks are missing. The tension rods are partly oxidized<br \/>\nThe bearing edges are perfect<br \/>\nFitted with brand new top &#038; bottom SD heads<\/p>\n<p><strong>For an international delivery, please select the \u00ab\u00a0La Poste Colissimo + insurance\u00a0\u00bb option, the \u00ab\u00a0Mondial Relay\u00a0\u00bb option won&rsquo;t be possible <\/strong><\/em> <\/p>\n<p>Caisse Claire Snare Drum Rimocc&rsquo; Lyon<\/p>","protected":false},"excerpt":{"rendered":"<p>Mod\u00e8le mythique du d\u00e9but des ann\u00e9es 80 Bon \u00e9tat g\u00e9n\u00e9ral Tout d&rsquo;origine sauf les cercles (Tama) et le timbre Pearl Il manque quelques snaplock sur les chemin\u00e9es. Tirants oxyd\u00e9s par endroits Chanfreins parfaits Peaux SD neuves top &#038; bottom Pour un envoi merci d&rsquo;imp\u00e9rativement s\u00e9lectionner l&rsquo;envoi par La Poste Colissimo + assurance (pas d&rsquo;envoi par [&hellip;]<\/p>\n","protected":false},"featured_media":11424,"comment_status":"open","ping_status":"closed","template":"","meta":{"jetpack_publicize_message":"","jetpack_publicize_feature_enabled":true,"jetpack_social_post_already_shared":false,"jetpack_social_options":{"image_generator_settings":{"template":"highway","default_image_id":0,"font":"","enabled":false},"version":2}},"product_brand":[],"product_cat":[25],"product_tag":[63,252,67,396,215],"class_list":{"0":"post-11434","1":"product","2":"type-product","3":"status-publish","4":"has-post-thumbnail","6":"product_cat-caisse-claire","7":"product_tag-caisse-claire","8":"product_tag-snare-drum","9":"product_tag-sonor","10":"product_tag-sonor-phonic-d515","11":"product_tag-sonor-rosewood","13":"entry","14":"has-media","16":"first","17":"outofstock","18":"shipping-taxable","19":"purchasable","20":"product-type-simple","21":"has-product-nav","22":"col","23":"span_1_of_3","24":"owp-content-center","25":"owp-thumbs-layout-horizontal","26":"owp-btn-normal","27":"owp-tabs-layout-horizontal"},"yoast_head":"<!-- This site is optimized with the Yoast SEO plugin v27.4 - https:\/\/yoast.com\/product\/yoast-seo-wordpress\/ -->\n<title>Sonor Phonic Genuine Rosewood Veneer D515 14&quot;x5,75&quot; Vintage 80&#039;s - D\u00e9p\u00f4t Vente Batterie Percussion | Rimocc Lyon<\/title>\n<meta name=\"description\" content=\"D515 14&quot;x5,75&quot; Vintage 80&#039;s\" \/>\n<meta name=\"robots\" content=\"index, follow, max-snippet:-1, max-image-preview:large, max-video-preview:-1\" \/>\n<link rel=\"canonical\" href=\"https:\/\/www.rimocc.com\/en\/product\/sonor-phonic-genuine-rosewood-veneer-d515-14x575-vintage-80s\/\" \/>\n<meta property=\"og:locale\" content=\"en_US\" \/>\n<meta property=\"og:type\" content=\"article\" \/>\n<meta property=\"og:title\" content=\"Sonor Phonic Genuine Rosewood Veneer D515 14&quot;x5,75&quot; Vintage 80&#039;s - D\u00e9p\u00f4t Vente Batterie Percussion | Rimocc Lyon\" \/>\n<meta property=\"og:description\" content=\"D515 14&quot;x5,75&quot; Vintage 80&#039;s\" \/>\n<meta property=\"og:url\" content=\"https:\/\/www.rimocc.com\/en\/product\/sonor-phonic-genuine-rosewood-veneer-d515-14x575-vintage-80s\/\" \/>\n<meta property=\"og:site_name\" content=\"D\u00e9p\u00f4t Vente Batterie Percussion | Rimocc Lyon\" \/>\n<meta property=\"article:publisher\" content=\"https:\/\/www.facebook.com\/rimocclyon\/?locale=fr_FR\" \/>\n<meta property=\"article:modified_time\" content=\"2024-02-23T12:12:02+00:00\" \/>\n<meta property=\"og:image\" content=\"https:\/\/www.rimocc.com\/wp-content\/uploads\/2024\/02\/Sonor-Phonic-Rosewood-14_x575-_-Vintage-80_s-1.jpg\" \/>\n\t<meta property=\"og:image:width\" content=\"1920\" \/>\n\t<meta property=\"og:image:height\" content=\"1920\" \/>\n\t<meta property=\"og:image:type\" content=\"image\/jpeg\" \/>\n<meta name=\"twitter:card\" content=\"summary_large_image\" \/>\n<meta name=\"twitter:label1\" content=\"Est. reading time\" \/>\n\t<meta name=\"twitter:data1\" content=\"1 minute\" \/>\n<script type=\"application\/ld+json\" class=\"yoast-schema-graph\">{\"@context\":\"https:\\\/\\\/schema.org\",\"@graph\":[{\"@type\":\"WebPage\",\"@id\":\"https:\\\/\\\/www.rimocc.com\\\/product\\\/sonor-phonic-genuine-rosewood-veneer-d515-14x575-vintage-80s\\\/\",\"url\":\"https:\\\/\\\/www.rimocc.com\\\/product\\\/sonor-phonic-genuine-rosewood-veneer-d515-14x575-vintage-80s\\\/\",\"name\":\"Sonor Phonic Genuine Rosewood Veneer D515 14\\\"x5,75\\\" Vintage 80's - D\u00e9p\u00f4t Vente Batterie Percussion | Rimocc Lyon\",\"isPartOf\":{\"@id\":\"https:\\\/\\\/www.rimocc.com\\\/#website\"},\"primaryImageOfPage\":{\"@id\":\"https:\\\/\\\/www.rimocc.com\\\/product\\\/sonor-phonic-genuine-rosewood-veneer-d515-14x575-vintage-80s\\\/#primaryimage\"},\"image\":{\"@id\":\"https:\\\/\\\/www.rimocc.com\\\/product\\\/sonor-phonic-genuine-rosewood-veneer-d515-14x575-vintage-80s\\\/#primaryimage\"},\"thumbnailUrl\":\"https:\\\/\\\/www.rimocc.com\\\/wp-content\\\/uploads\\\/2024\\\/02\\\/Sonor-Phonic-Rosewood-14_x575-_-Vintage-80_s-1.jpg\",\"datePublished\":\"2024-02-16T14:45:50+00:00\",\"dateModified\":\"2024-02-23T12:12:02+00:00\",\"description\":\"D515 14\\\"x5,75\\\" Vintage 80's\",\"breadcrumb\":{\"@id\":\"https:\\\/\\\/www.rimocc.com\\\/product\\\/sonor-phonic-genuine-rosewood-veneer-d515-14x575-vintage-80s\\\/#breadcrumb\"},\"inLanguage\":\"en-US\",\"potentialAction\":[{\"@type\":\"ReadAction\",\"target\":[\"https:\\\/\\\/www.rimocc.com\\\/product\\\/sonor-phonic-genuine-rosewood-veneer-d515-14x575-vintage-80s\\\/\"]}]},{\"@type\":\"ImageObject\",\"inLanguage\":\"en-US\",\"@id\":\"https:\\\/\\\/www.rimocc.com\\\/product\\\/sonor-phonic-genuine-rosewood-veneer-d515-14x575-vintage-80s\\\/#primaryimage\",\"url\":\"https:\\\/\\\/www.rimocc.com\\\/wp-content\\\/uploads\\\/2024\\\/02\\\/Sonor-Phonic-Rosewood-14_x575-_-Vintage-80_s-1.jpg\",\"contentUrl\":\"https:\\\/\\\/www.rimocc.com\\\/wp-content\\\/uploads\\\/2024\\\/02\\\/Sonor-Phonic-Rosewood-14_x575-_-Vintage-80_s-1.jpg\",\"width\":1920,\"height\":1920},{\"@type\":\"BreadcrumbList\",\"@id\":\"https:\\\/\\\/www.rimocc.com\\\/product\\\/sonor-phonic-genuine-rosewood-veneer-d515-14x575-vintage-80s\\\/#breadcrumb\",\"itemListElement\":[{\"@type\":\"ListItem\",\"position\":1,\"name\":\"Home\",\"item\":\"https:\\\/\\\/www.rimocc.com\\\/\"},{\"@type\":\"ListItem\",\"position\":2,\"name\":\"Shop\",\"item\":\"https:\\\/\\\/www.rimocc.com\\\/shop\\\/\"},{\"@type\":\"ListItem\",\"position\":3,\"name\":\"Sonor Phonic Genuine Rosewood Veneer D515 14&#8243;x5,75&#8243; Vintage 80&#8217;s\"}]},{\"@type\":\"WebSite\",\"@id\":\"https:\\\/\\\/www.rimocc.com\\\/#website\",\"url\":\"https:\\\/\\\/www.rimocc.com\\\/\",\"name\":\"D\u00e9p\u00f4t Vente Batterie Percussion | Rimocc Lyon\",\"description\":\"Rimocc: l&#039;unique magasin d\u00e9di\u00e9 enti\u00e8rement \u00e0 la batterie, percussion d&#039;occasion et vintage \u00e0 Lyon, France\",\"publisher\":{\"@id\":\"https:\\\/\\\/www.rimocc.com\\\/#organization\"},\"alternateName\":\"Rimocc'\",\"potentialAction\":[{\"@type\":\"SearchAction\",\"target\":{\"@type\":\"EntryPoint\",\"urlTemplate\":\"https:\\\/\\\/www.rimocc.com\\\/?s={search_term_string}\"},\"query-input\":{\"@type\":\"PropertyValueSpecification\",\"valueRequired\":true,\"valueName\":\"search_term_string\"}}],\"inLanguage\":\"en-US\"},{\"@type\":\"Organization\",\"@id\":\"https:\\\/\\\/www.rimocc.com\\\/#organization\",\"name\":\"Rimocc'\",\"alternateName\":\"Rimocc\",\"url\":\"https:\\\/\\\/www.rimocc.com\\\/\",\"logo\":{\"@type\":\"ImageObject\",\"inLanguage\":\"en-US\",\"@id\":\"https:\\\/\\\/www.rimocc.com\\\/#\\\/schema\\\/logo\\\/image\\\/\",\"url\":\"https:\\\/\\\/i0.wp.com\\\/www.rimocc.com\\\/wp-content\\\/uploads\\\/2023\\\/07\\\/RIMOCC_LOGO.jpg?fit=459%2C114&ssl=1\",\"contentUrl\":\"https:\\\/\\\/i0.wp.com\\\/www.rimocc.com\\\/wp-content\\\/uploads\\\/2023\\\/07\\\/RIMOCC_LOGO.jpg?fit=459%2C114&ssl=1\",\"width\":459,\"height\":114,\"caption\":\"Rimocc'\"},\"image\":{\"@id\":\"https:\\\/\\\/www.rimocc.com\\\/#\\\/schema\\\/logo\\\/image\\\/\"},\"sameAs\":[\"https:\\\/\\\/www.facebook.com\\\/rimocclyon\\\/?locale=fr_FR\",\"https:\\\/\\\/www.instagram.com\\\/rimoccc\\\/?hl=fr\",\"https:\\\/\\\/www.tiktok.com\\\/@rimocc\",\"https:\\\/\\\/www.youtube.com\\\/@Rimocc\"]}]}<\/script>\n<!-- \/ Yoast SEO plugin. -->","yoast_head_json":{"title":"Sonor Phonic Genuine Rosewood Veneer D515 14\"x5,75\" Vintage 80's - D\u00e9p\u00f4t Vente Batterie Percussion | Rimocc Lyon","description":"D515 14\"x5,75\" Vintage 80's","robots":{"index":"index","follow":"follow","max-snippet":"max-snippet:-1","max-image-preview":"max-image-preview:large","max-video-preview":"max-video-preview:-1"},"canonical":"https:\/\/www.rimocc.com\/en\/product\/sonor-phonic-genuine-rosewood-veneer-d515-14x575-vintage-80s\/","og_locale":"en_US","og_type":"article","og_title":"Sonor Phonic Genuine Rosewood Veneer D515 14\"x5,75\" Vintage 80's - D\u00e9p\u00f4t Vente Batterie Percussion | Rimocc Lyon","og_description":"D515 14\"x5,75\" Vintage 80's","og_url":"https:\/\/www.rimocc.com\/en\/product\/sonor-phonic-genuine-rosewood-veneer-d515-14x575-vintage-80s\/","og_site_name":"D\u00e9p\u00f4t Vente Batterie Percussion | Rimocc Lyon","article_publisher":"https:\/\/www.facebook.com\/rimocclyon\/?locale=fr_FR","article_modified_time":"2024-02-23T12:12:02+00:00","og_image":[{"width":1920,"height":1920,"url":"https:\/\/www.rimocc.com\/wp-content\/uploads\/2024\/02\/Sonor-Phonic-Rosewood-14_x575-_-Vintage-80_s-1.jpg","type":"image\/jpeg"}],"twitter_card":"summary_large_image","twitter_misc":{"Est. reading time":"1 minute"},"schema":{"@context":"https:\/\/schema.org","@graph":[{"@type":"WebPage","@id":"https:\/\/www.rimocc.com\/product\/sonor-phonic-genuine-rosewood-veneer-d515-14x575-vintage-80s\/","url":"https:\/\/www.rimocc.com\/product\/sonor-phonic-genuine-rosewood-veneer-d515-14x575-vintage-80s\/","name":"Sonor Phonic Genuine Rosewood Veneer D515 14\"x5,75\" Vintage 80's - D\u00e9p\u00f4t Vente Batterie Percussion | Rimocc Lyon","isPartOf":{"@id":"https:\/\/www.rimocc.com\/#website"},"primaryImageOfPage":{"@id":"https:\/\/www.rimocc.com\/product\/sonor-phonic-genuine-rosewood-veneer-d515-14x575-vintage-80s\/#primaryimage"},"image":{"@id":"https:\/\/www.rimocc.com\/product\/sonor-phonic-genuine-rosewood-veneer-d515-14x575-vintage-80s\/#primaryimage"},"thumbnailUrl":"https:\/\/www.rimocc.com\/wp-content\/uploads\/2024\/02\/Sonor-Phonic-Rosewood-14_x575-_-Vintage-80_s-1.jpg","datePublished":"2024-02-16T14:45:50+00:00","dateModified":"2024-02-23T12:12:02+00:00","description":"D515 14\"x5,75\" Vintage 80's","breadcrumb":{"@id":"https:\/\/www.rimocc.com\/product\/sonor-phonic-genuine-rosewood-veneer-d515-14x575-vintage-80s\/#breadcrumb"},"inLanguage":"en-US","potentialAction":[{"@type":"ReadAction","target":["https:\/\/www.rimocc.com\/product\/sonor-phonic-genuine-rosewood-veneer-d515-14x575-vintage-80s\/"]}]},{"@type":"ImageObject","inLanguage":"en-US","@id":"https:\/\/www.rimocc.com\/product\/sonor-phonic-genuine-rosewood-veneer-d515-14x575-vintage-80s\/#primaryimage","url":"https:\/\/www.rimocc.com\/wp-content\/uploads\/2024\/02\/Sonor-Phonic-Rosewood-14_x575-_-Vintage-80_s-1.jpg","contentUrl":"https:\/\/www.rimocc.com\/wp-content\/uploads\/2024\/02\/Sonor-Phonic-Rosewood-14_x575-_-Vintage-80_s-1.jpg","width":1920,"height":1920},{"@type":"BreadcrumbList","@id":"https:\/\/www.rimocc.com\/product\/sonor-phonic-genuine-rosewood-veneer-d515-14x575-vintage-80s\/#breadcrumb","itemListElement":[{"@type":"ListItem","position":1,"name":"Home","item":"https:\/\/www.rimocc.com\/"},{"@type":"ListItem","position":2,"name":"Shop","item":"https:\/\/www.rimocc.com\/shop\/"},{"@type":"ListItem","position":3,"name":"Sonor Phonic Genuine Rosewood Veneer D515 14&#8243;x5,75&#8243; Vintage 80&#8217;s"}]},{"@type":"WebSite","@id":"https:\/\/www.rimocc.com\/#website","url":"https:\/\/www.rimocc.com\/","name":"D\u00e9p\u00f4t Vente Batterie Percussion | Rimocc Lyon","description":"Rimocc: l&#039;unique magasin d\u00e9di\u00e9 enti\u00e8rement \u00e0 la batterie, percussion d&#039;occasion et vintage \u00e0 Lyon, France","publisher":{"@id":"https:\/\/www.rimocc.com\/#organization"},"alternateName":"Rimocc'","potentialAction":[{"@type":"SearchAction","target":{"@type":"EntryPoint","urlTemplate":"https:\/\/www.rimocc.com\/?s={search_term_string}"},"query-input":{"@type":"PropertyValueSpecification","valueRequired":true,"valueName":"search_term_string"}}],"inLanguage":"en-US"},{"@type":"Organization","@id":"https:\/\/www.rimocc.com\/#organization","name":"Rimocc'","alternateName":"Rimocc","url":"https:\/\/www.rimocc.com\/","logo":{"@type":"ImageObject","inLanguage":"en-US","@id":"https:\/\/www.rimocc.com\/#\/schema\/logo\/image\/","url":"https:\/\/i0.wp.com\/www.rimocc.com\/wp-content\/uploads\/2023\/07\/RIMOCC_LOGO.jpg?fit=459%2C114&ssl=1","contentUrl":"https:\/\/i0.wp.com\/www.rimocc.com\/wp-content\/uploads\/2023\/07\/RIMOCC_LOGO.jpg?fit=459%2C114&ssl=1","width":459,"height":114,"caption":"Rimocc'"},"image":{"@id":"https:\/\/www.rimocc.com\/#\/schema\/logo\/image\/"},"sameAs":["https:\/\/www.facebook.com\/rimocclyon\/?locale=fr_FR","https:\/\/www.instagram.com\/rimoccc\/?hl=fr","https:\/\/www.tiktok.com\/@rimocc","https:\/\/www.youtube.com\/@Rimocc"]}]}},"jetpack_publicize_connections":[],"jetpack_sharing_enabled":true,"_links":{"self":[{"href":"https:\/\/www.rimocc.com\/en\/wp-json\/wp\/v2\/product\/11434","targetHints":{"allow":["GET"]}}],"collection":[{"href":"https:\/\/www.rimocc.com\/en\/wp-json\/wp\/v2\/product"}],"about":[{"href":"https:\/\/www.rimocc.com\/en\/wp-json\/wp\/v2\/types\/product"}],"replies":[{"embeddable":true,"href":"https:\/\/www.rimocc.com\/en\/wp-json\/wp\/v2\/comments?post=11434"}],"wp:featuredmedia":[{"embeddable":true,"href":"https:\/\/www.rimocc.com\/en\/wp-json\/wp\/v2\/media\/11424"}],"wp:attachment":[{"href":"https:\/\/www.rimocc.com\/en\/wp-json\/wp\/v2\/media?parent=11434"}],"wp:term":[{"taxonomy":"product_brand","embeddable":true,"href":"https:\/\/www.rimocc.com\/en\/wp-json\/wp\/v2\/product_brand?post=11434"},{"taxonomy":"product_cat","embeddable":true,"href":"https:\/\/www.rimocc.com\/en\/wp-json\/wp\/v2\/product_cat?post=11434"},{"taxonomy":"product_tag","embeddable":true,"href":"https:\/\/www.rimocc.com\/en\/wp-json\/wp\/v2\/product_tag?post=11434"}],"curies":[{"name":"wp","href":"https:\/\/api.w.org\/{rel}","templated":true}]}}