{"id":11265,"date":"2024-01-26T14:41:33","date_gmt":"2024-01-26T13:41:33","guid":{"rendered":"https:\/\/www.rimocc.com\/?post_type=product&#038;p=11265"},"modified":"2024-02-01T12:35:58","modified_gmt":"2024-02-01T11:35:58","slug":"vic-firth-bluetooth-casque-vxhp0012","status":"publish","type":"product","link":"https:\/\/www.rimocc.com\/en\/product\/vic-firth-bluetooth-casque-vxhp0012\/","title":{"rendered":"Vic Firth BlueTooth Casque VXHP0012"},"content":{"rendered":"<p>Comme neuf<br \/>\n\u00ab\u00a0Vic Firth \u00e9tend sa gamme de casque de protection pour batteur avec cette version bluetooth. Fini les c\u00e2bles !!!\u00a0\u00bb<\/p>\n<p>Accessoires Batterie Rimocc&rsquo; Lyon<\/p>","protected":false},"excerpt":{"rendered":"<p>Comme neuf \u00ab\u00a0Vic Firth \u00e9tend sa gamme de casque de protection pour batteur avec cette version bluetooth. Fini les c\u00e2bles !!!\u00a0\u00bb Accessoires Batterie Rimocc&rsquo; Lyon<\/p>","protected":false},"featured_media":11262,"comment_status":"open","ping_status":"closed","template":"","meta":{"jetpack_publicize_message":"","jetpack_publicize_feature_enabled":true,"jetpack_social_post_already_shared":false,"jetpack_social_options":{"image_generator_settings":{"template":"highway","default_image_id":0,"font":"","enabled":false},"version":2}},"product_brand":[],"product_cat":[22],"product_tag":[368,369,241],"class_list":{"0":"post-11265","1":"product","2":"type-product","3":"status-publish","4":"has-post-thumbnail","6":"product_cat-accessoires-batterie","7":"product_tag-casque","8":"product_tag-casque-batterie","9":"product_tag-vic-firth","11":"entry","12":"has-media","14":"first","15":"outofstock","16":"shipping-taxable","17":"purchasable","18":"product-type-simple","19":"has-product-nav","20":"col","21":"span_1_of_3","22":"owp-content-center","23":"owp-thumbs-layout-horizontal","24":"owp-btn-normal","25":"owp-tabs-layout-horizontal"},"yoast_head":"<!-- This site is optimized with the Yoast SEO plugin v27.5 - https:\/\/yoast.com\/product\/yoast-seo-wordpress\/ -->\n<title>Vic Firth BlueTooth Casque VXHP0012 - D\u00e9p\u00f4t Vente Batterie Percussion | Rimocc Lyon<\/title>\n<meta name=\"description\" content=\"Que l&#039;on soit musicien ou spectateur, il est essentiel de se prot\u00e9ger lorsqu&#039;on s&#039;expose \u00e0 de forts volumes sonores. Si vous souhaitez profiter longtemps et pleinement de votre passion, adoptez sans plus attendre une protection Vic Firth. Vos oreilles vous remercieront ! D\u00e9velopp\u00e9s avec Rod Morgenstein, ces casques d\u00e9di\u00e9s \u00e0 la pratique musicale r\u00e9duisent le niveau de bruit ambiant et assurent une protection contre des dommages irr\u00e9versibles.\" \/>\n<meta name=\"robots\" content=\"index, follow, max-snippet:-1, max-image-preview:large, max-video-preview:-1\" \/>\n<link rel=\"canonical\" href=\"https:\/\/www.rimocc.com\/en\/product\/vic-firth-bluetooth-casque-vxhp0012\/\" \/>\n<meta property=\"og:locale\" content=\"en_US\" \/>\n<meta property=\"og:type\" content=\"article\" \/>\n<meta property=\"og:title\" content=\"Vic Firth BlueTooth Casque VXHP0012 - D\u00e9p\u00f4t Vente Batterie Percussion | Rimocc Lyon\" \/>\n<meta property=\"og:description\" content=\"Que l&#039;on soit musicien ou spectateur, il est essentiel de se prot\u00e9ger lorsqu&#039;on s&#039;expose \u00e0 de forts volumes sonores. Si vous souhaitez profiter longtemps et pleinement de votre passion, adoptez sans plus attendre une protection Vic Firth. Vos oreilles vous remercieront ! D\u00e9velopp\u00e9s avec Rod Morgenstein, ces casques d\u00e9di\u00e9s \u00e0 la pratique musicale r\u00e9duisent le niveau de bruit ambiant et assurent une protection contre des dommages irr\u00e9versibles.\" \/>\n<meta property=\"og:url\" content=\"https:\/\/www.rimocc.com\/en\/product\/vic-firth-bluetooth-casque-vxhp0012\/\" \/>\n<meta property=\"og:site_name\" content=\"D\u00e9p\u00f4t Vente Batterie Percussion | Rimocc Lyon\" \/>\n<meta property=\"article:publisher\" content=\"https:\/\/www.facebook.com\/rimocclyon\/?locale=fr_FR\" \/>\n<meta property=\"article:modified_time\" content=\"2024-02-01T11:35:58+00:00\" \/>\n<meta property=\"og:image\" content=\"https:\/\/www.rimocc.com\/wp-content\/uploads\/2024\/01\/Vic-Firth-BlueTooth-Casque-VXHP0012-1.jpg\" \/>\n\t<meta property=\"og:image:width\" content=\"1920\" \/>\n\t<meta property=\"og:image:height\" content=\"1920\" \/>\n\t<meta property=\"og:image:type\" content=\"image\/jpeg\" \/>\n<meta name=\"twitter:card\" content=\"summary_large_image\" \/>\n<meta name=\"twitter:label1\" content=\"Est. reading time\" \/>\n\t<meta name=\"twitter:data1\" content=\"1 minute\" \/>\n<script type=\"application\/ld+json\" class=\"yoast-schema-graph\">{\"@context\":\"https:\\\/\\\/schema.org\",\"@graph\":[{\"@type\":\"WebPage\",\"@id\":\"https:\\\/\\\/www.rimocc.com\\\/product\\\/vic-firth-bluetooth-casque-vxhp0012\\\/\",\"url\":\"https:\\\/\\\/www.rimocc.com\\\/product\\\/vic-firth-bluetooth-casque-vxhp0012\\\/\",\"name\":\"Vic Firth BlueTooth Casque VXHP0012 - D\u00e9p\u00f4t Vente Batterie Percussion | Rimocc Lyon\",\"isPartOf\":{\"@id\":\"https:\\\/\\\/www.rimocc.com\\\/#website\"},\"primaryImageOfPage\":{\"@id\":\"https:\\\/\\\/www.rimocc.com\\\/product\\\/vic-firth-bluetooth-casque-vxhp0012\\\/#primaryimage\"},\"image\":{\"@id\":\"https:\\\/\\\/www.rimocc.com\\\/product\\\/vic-firth-bluetooth-casque-vxhp0012\\\/#primaryimage\"},\"thumbnailUrl\":\"https:\\\/\\\/www.rimocc.com\\\/wp-content\\\/uploads\\\/2024\\\/01\\\/Vic-Firth-BlueTooth-Casque-VXHP0012-1.jpg\",\"datePublished\":\"2024-01-26T13:41:33+00:00\",\"dateModified\":\"2024-02-01T11:35:58+00:00\",\"description\":\"Que l'on soit musicien ou spectateur, il est essentiel de se prot\u00e9ger lorsqu'on s'expose \u00e0 de forts volumes sonores. Si vous souhaitez profiter longtemps et pleinement de votre passion, adoptez sans plus attendre une protection Vic Firth. Vos oreilles vous remercieront ! D\u00e9velopp\u00e9s avec Rod Morgenstein, ces casques d\u00e9di\u00e9s \u00e0 la pratique musicale r\u00e9duisent le niveau de bruit ambiant et assurent une protection contre des dommages irr\u00e9versibles.\",\"breadcrumb\":{\"@id\":\"https:\\\/\\\/www.rimocc.com\\\/product\\\/vic-firth-bluetooth-casque-vxhp0012\\\/#breadcrumb\"},\"inLanguage\":\"en-US\",\"potentialAction\":[{\"@type\":\"ReadAction\",\"target\":[\"https:\\\/\\\/www.rimocc.com\\\/product\\\/vic-firth-bluetooth-casque-vxhp0012\\\/\"]}]},{\"@type\":\"ImageObject\",\"inLanguage\":\"en-US\",\"@id\":\"https:\\\/\\\/www.rimocc.com\\\/product\\\/vic-firth-bluetooth-casque-vxhp0012\\\/#primaryimage\",\"url\":\"https:\\\/\\\/www.rimocc.com\\\/wp-content\\\/uploads\\\/2024\\\/01\\\/Vic-Firth-BlueTooth-Casque-VXHP0012-1.jpg\",\"contentUrl\":\"https:\\\/\\\/www.rimocc.com\\\/wp-content\\\/uploads\\\/2024\\\/01\\\/Vic-Firth-BlueTooth-Casque-VXHP0012-1.jpg\",\"width\":1920,\"height\":1920,\"caption\":\"Vic Firth BlueTooth Casque VXHP0012\"},{\"@type\":\"BreadcrumbList\",\"@id\":\"https:\\\/\\\/www.rimocc.com\\\/product\\\/vic-firth-bluetooth-casque-vxhp0012\\\/#breadcrumb\",\"itemListElement\":[{\"@type\":\"ListItem\",\"position\":1,\"name\":\"Home\",\"item\":\"https:\\\/\\\/www.rimocc.com\\\/\"},{\"@type\":\"ListItem\",\"position\":2,\"name\":\"Shop\",\"item\":\"https:\\\/\\\/www.rimocc.com\\\/shop\\\/\"},{\"@type\":\"ListItem\",\"position\":3,\"name\":\"Vic Firth BlueTooth Casque VXHP0012\"}]},{\"@type\":\"WebSite\",\"@id\":\"https:\\\/\\\/www.rimocc.com\\\/#website\",\"url\":\"https:\\\/\\\/www.rimocc.com\\\/\",\"name\":\"D\u00e9p\u00f4t Vente Batterie Percussion | Rimocc Lyon\",\"description\":\"Rimocc: l&#039;unique magasin d\u00e9di\u00e9 enti\u00e8rement \u00e0 la batterie, percussion d&#039;occasion et vintage \u00e0 Lyon, France\",\"publisher\":{\"@id\":\"https:\\\/\\\/www.rimocc.com\\\/#organization\"},\"alternateName\":\"Rimocc'\",\"potentialAction\":[{\"@type\":\"SearchAction\",\"target\":{\"@type\":\"EntryPoint\",\"urlTemplate\":\"https:\\\/\\\/www.rimocc.com\\\/?s={search_term_string}\"},\"query-input\":{\"@type\":\"PropertyValueSpecification\",\"valueRequired\":true,\"valueName\":\"search_term_string\"}}],\"inLanguage\":\"en-US\"},{\"@type\":\"Organization\",\"@id\":\"https:\\\/\\\/www.rimocc.com\\\/#organization\",\"name\":\"Rimocc'\",\"alternateName\":\"Rimocc\",\"url\":\"https:\\\/\\\/www.rimocc.com\\\/\",\"logo\":{\"@type\":\"ImageObject\",\"inLanguage\":\"en-US\",\"@id\":\"https:\\\/\\\/www.rimocc.com\\\/#\\\/schema\\\/logo\\\/image\\\/\",\"url\":\"https:\\\/\\\/i0.wp.com\\\/www.rimocc.com\\\/wp-content\\\/uploads\\\/2023\\\/07\\\/RIMOCC_LOGO.jpg?fit=459%2C114&ssl=1\",\"contentUrl\":\"https:\\\/\\\/i0.wp.com\\\/www.rimocc.com\\\/wp-content\\\/uploads\\\/2023\\\/07\\\/RIMOCC_LOGO.jpg?fit=459%2C114&ssl=1\",\"width\":459,\"height\":114,\"caption\":\"Rimocc'\"},\"image\":{\"@id\":\"https:\\\/\\\/www.rimocc.com\\\/#\\\/schema\\\/logo\\\/image\\\/\"},\"sameAs\":[\"https:\\\/\\\/www.facebook.com\\\/rimocclyon\\\/?locale=fr_FR\",\"https:\\\/\\\/www.instagram.com\\\/rimoccc\\\/?hl=fr\",\"https:\\\/\\\/www.tiktok.com\\\/@rimocc\",\"https:\\\/\\\/www.youtube.com\\\/@Rimocc\"]}]}<\/script>\n<!-- \/ Yoast SEO plugin. -->","yoast_head_json":{"title":"Vic Firth BlueTooth Casque VXHP0012 - D\u00e9p\u00f4t Vente Batterie Percussion | Rimocc Lyon","description":"Que l'on soit musicien ou spectateur, il est essentiel de se prot\u00e9ger lorsqu'on s'expose \u00e0 de forts volumes sonores. Si vous souhaitez profiter longtemps et pleinement de votre passion, adoptez sans plus attendre une protection Vic Firth. Vos oreilles vous remercieront ! D\u00e9velopp\u00e9s avec Rod Morgenstein, ces casques d\u00e9di\u00e9s \u00e0 la pratique musicale r\u00e9duisent le niveau de bruit ambiant et assurent une protection contre des dommages irr\u00e9versibles.","robots":{"index":"index","follow":"follow","max-snippet":"max-snippet:-1","max-image-preview":"max-image-preview:large","max-video-preview":"max-video-preview:-1"},"canonical":"https:\/\/www.rimocc.com\/en\/product\/vic-firth-bluetooth-casque-vxhp0012\/","og_locale":"en_US","og_type":"article","og_title":"Vic Firth BlueTooth Casque VXHP0012 - D\u00e9p\u00f4t Vente Batterie Percussion | Rimocc Lyon","og_description":"Que l'on soit musicien ou spectateur, il est essentiel de se prot\u00e9ger lorsqu'on s'expose \u00e0 de forts volumes sonores. Si vous souhaitez profiter longtemps et pleinement de votre passion, adoptez sans plus attendre une protection Vic Firth. Vos oreilles vous remercieront ! D\u00e9velopp\u00e9s avec Rod Morgenstein, ces casques d\u00e9di\u00e9s \u00e0 la pratique musicale r\u00e9duisent le niveau de bruit ambiant et assurent une protection contre des dommages irr\u00e9versibles.","og_url":"https:\/\/www.rimocc.com\/en\/product\/vic-firth-bluetooth-casque-vxhp0012\/","og_site_name":"D\u00e9p\u00f4t Vente Batterie Percussion | Rimocc Lyon","article_publisher":"https:\/\/www.facebook.com\/rimocclyon\/?locale=fr_FR","article_modified_time":"2024-02-01T11:35:58+00:00","og_image":[{"width":1920,"height":1920,"url":"https:\/\/www.rimocc.com\/wp-content\/uploads\/2024\/01\/Vic-Firth-BlueTooth-Casque-VXHP0012-1.jpg","type":"image\/jpeg"}],"twitter_card":"summary_large_image","twitter_misc":{"Est. reading time":"1 minute"},"schema":{"@context":"https:\/\/schema.org","@graph":[{"@type":"WebPage","@id":"https:\/\/www.rimocc.com\/product\/vic-firth-bluetooth-casque-vxhp0012\/","url":"https:\/\/www.rimocc.com\/product\/vic-firth-bluetooth-casque-vxhp0012\/","name":"Vic Firth BlueTooth Casque VXHP0012 - D\u00e9p\u00f4t Vente Batterie Percussion | Rimocc Lyon","isPartOf":{"@id":"https:\/\/www.rimocc.com\/#website"},"primaryImageOfPage":{"@id":"https:\/\/www.rimocc.com\/product\/vic-firth-bluetooth-casque-vxhp0012\/#primaryimage"},"image":{"@id":"https:\/\/www.rimocc.com\/product\/vic-firth-bluetooth-casque-vxhp0012\/#primaryimage"},"thumbnailUrl":"https:\/\/www.rimocc.com\/wp-content\/uploads\/2024\/01\/Vic-Firth-BlueTooth-Casque-VXHP0012-1.jpg","datePublished":"2024-01-26T13:41:33+00:00","dateModified":"2024-02-01T11:35:58+00:00","description":"Que l'on soit musicien ou spectateur, il est essentiel de se prot\u00e9ger lorsqu'on s'expose \u00e0 de forts volumes sonores. Si vous souhaitez profiter longtemps et pleinement de votre passion, adoptez sans plus attendre une protection Vic Firth. Vos oreilles vous remercieront ! D\u00e9velopp\u00e9s avec Rod Morgenstein, ces casques d\u00e9di\u00e9s \u00e0 la pratique musicale r\u00e9duisent le niveau de bruit ambiant et assurent une protection contre des dommages irr\u00e9versibles.","breadcrumb":{"@id":"https:\/\/www.rimocc.com\/product\/vic-firth-bluetooth-casque-vxhp0012\/#breadcrumb"},"inLanguage":"en-US","potentialAction":[{"@type":"ReadAction","target":["https:\/\/www.rimocc.com\/product\/vic-firth-bluetooth-casque-vxhp0012\/"]}]},{"@type":"ImageObject","inLanguage":"en-US","@id":"https:\/\/www.rimocc.com\/product\/vic-firth-bluetooth-casque-vxhp0012\/#primaryimage","url":"https:\/\/www.rimocc.com\/wp-content\/uploads\/2024\/01\/Vic-Firth-BlueTooth-Casque-VXHP0012-1.jpg","contentUrl":"https:\/\/www.rimocc.com\/wp-content\/uploads\/2024\/01\/Vic-Firth-BlueTooth-Casque-VXHP0012-1.jpg","width":1920,"height":1920,"caption":"Vic Firth BlueTooth Casque VXHP0012"},{"@type":"BreadcrumbList","@id":"https:\/\/www.rimocc.com\/product\/vic-firth-bluetooth-casque-vxhp0012\/#breadcrumb","itemListElement":[{"@type":"ListItem","position":1,"name":"Home","item":"https:\/\/www.rimocc.com\/"},{"@type":"ListItem","position":2,"name":"Shop","item":"https:\/\/www.rimocc.com\/shop\/"},{"@type":"ListItem","position":3,"name":"Vic Firth BlueTooth Casque VXHP0012"}]},{"@type":"WebSite","@id":"https:\/\/www.rimocc.com\/#website","url":"https:\/\/www.rimocc.com\/","name":"D\u00e9p\u00f4t Vente Batterie Percussion | Rimocc Lyon","description":"Rimocc: l&#039;unique magasin d\u00e9di\u00e9 enti\u00e8rement \u00e0 la batterie, percussion d&#039;occasion et vintage \u00e0 Lyon, France","publisher":{"@id":"https:\/\/www.rimocc.com\/#organization"},"alternateName":"Rimocc'","potentialAction":[{"@type":"SearchAction","target":{"@type":"EntryPoint","urlTemplate":"https:\/\/www.rimocc.com\/?s={search_term_string}"},"query-input":{"@type":"PropertyValueSpecification","valueRequired":true,"valueName":"search_term_string"}}],"inLanguage":"en-US"},{"@type":"Organization","@id":"https:\/\/www.rimocc.com\/#organization","name":"Rimocc'","alternateName":"Rimocc","url":"https:\/\/www.rimocc.com\/","logo":{"@type":"ImageObject","inLanguage":"en-US","@id":"https:\/\/www.rimocc.com\/#\/schema\/logo\/image\/","url":"https:\/\/i0.wp.com\/www.rimocc.com\/wp-content\/uploads\/2023\/07\/RIMOCC_LOGO.jpg?fit=459%2C114&ssl=1","contentUrl":"https:\/\/i0.wp.com\/www.rimocc.com\/wp-content\/uploads\/2023\/07\/RIMOCC_LOGO.jpg?fit=459%2C114&ssl=1","width":459,"height":114,"caption":"Rimocc'"},"image":{"@id":"https:\/\/www.rimocc.com\/#\/schema\/logo\/image\/"},"sameAs":["https:\/\/www.facebook.com\/rimocclyon\/?locale=fr_FR","https:\/\/www.instagram.com\/rimoccc\/?hl=fr","https:\/\/www.tiktok.com\/@rimocc","https:\/\/www.youtube.com\/@Rimocc"]}]}},"jetpack_publicize_connections":[],"jetpack_sharing_enabled":true,"_links":{"self":[{"href":"https:\/\/www.rimocc.com\/en\/wp-json\/wp\/v2\/product\/11265","targetHints":{"allow":["GET"]}}],"collection":[{"href":"https:\/\/www.rimocc.com\/en\/wp-json\/wp\/v2\/product"}],"about":[{"href":"https:\/\/www.rimocc.com\/en\/wp-json\/wp\/v2\/types\/product"}],"replies":[{"embeddable":true,"href":"https:\/\/www.rimocc.com\/en\/wp-json\/wp\/v2\/comments?post=11265"}],"wp:featuredmedia":[{"embeddable":true,"href":"https:\/\/www.rimocc.com\/en\/wp-json\/wp\/v2\/media\/11262"}],"wp:attachment":[{"href":"https:\/\/www.rimocc.com\/en\/wp-json\/wp\/v2\/media?parent=11265"}],"wp:term":[{"taxonomy":"product_brand","embeddable":true,"href":"https:\/\/www.rimocc.com\/en\/wp-json\/wp\/v2\/product_brand?post=11265"},{"taxonomy":"product_cat","embeddable":true,"href":"https:\/\/www.rimocc.com\/en\/wp-json\/wp\/v2\/product_cat?post=11265"},{"taxonomy":"product_tag","embeddable":true,"href":"https:\/\/www.rimocc.com\/en\/wp-json\/wp\/v2\/product_tag?post=11265"}],"curies":[{"name":"wp","href":"https:\/\/api.w.org\/{rel}","templated":true}]}}