{"id":11257,"date":"2024-01-25T17:32:00","date_gmt":"2024-01-25T16:32:00","guid":{"rendered":"https:\/\/www.rimocc.com\/?post_type=product&#038;p=11257"},"modified":"2024-01-31T14:57:56","modified_gmt":"2024-01-31T13:57:56","slug":"tama-starphonic-bubinga-14x6","status":"publish","type":"product","link":"https:\/\/www.rimocc.com\/en\/product\/tama-starphonic-bubinga-14x6\/","title":{"rendered":"Tama Starphonic Bubinga 14&Prime;x6&Prime;"},"content":{"rendered":"<p>Essence Bubinga (7mm)<br \/>\n1 pli ext\u00e9rieur en cordia<br \/>\nCercles pli\u00e9s Grooved Hoop<br \/>\nD\u00e9clencheur lin\u00e9aire<br \/>\nTr\u00e8s bon \u00e9tat g\u00e9n\u00e9ral<\/p>\n<p>Caisse Claire Rimocc&rsquo; Lyon<\/p>","protected":false},"excerpt":{"rendered":"<p>Essence Bubinga (7mm) 1 pli ext\u00e9rieur en cordia Cercles pli\u00e9s Grooved Hoop D\u00e9clencheur lin\u00e9aire Tr\u00e8s bon \u00e9tat g\u00e9n\u00e9ral Caisse Claire Rimocc&rsquo; Lyon<\/p>","protected":false},"featured_media":11250,"comment_status":"open","ping_status":"closed","template":"","meta":{"jetpack_publicize_message":"","jetpack_publicize_feature_enabled":true,"jetpack_social_post_already_shared":false,"jetpack_social_options":{"image_generator_settings":{"template":"highway","default_image_id":0,"font":"","enabled":false},"version":2}},"product_brand":[],"product_cat":[25],"product_tag":[63,252,58,367],"class_list":{"0":"post-11257","1":"product","2":"type-product","3":"status-publish","4":"has-post-thumbnail","6":"product_cat-caisse-claire","7":"product_tag-caisse-claire","8":"product_tag-snare-drum","9":"product_tag-tama","10":"product_tag-tama-starphonic","12":"entry","13":"has-media","15":"first","16":"outofstock","17":"shipping-taxable","18":"purchasable","19":"product-type-simple","20":"has-product-nav","21":"col","22":"span_1_of_3","23":"owp-content-center","24":"owp-thumbs-layout-horizontal","25":"owp-btn-normal","26":"owp-tabs-layout-horizontal"},"yoast_head":"<!-- This site is optimized with the Yoast SEO plugin v27.4 - https:\/\/yoast.com\/product\/yoast-seo-wordpress\/ -->\n<title>Tama Starphonic Bubinga 14&quot;x6&quot; - D\u00e9p\u00f4t Vente Batterie Percussion | Rimocc Lyon<\/title>\n<meta name=\"description\" content=\"F\u00fbt plis en bubinga Epaisseur du f\u00fbt: 7 mm1 pli ext\u00e9rieur en cordia Cercles pli\u00e9s Grooved Hoop D\u00e9clencheur lin\u00e9aire Timbre Super Sensitive \u00e0 haute teneur en carbone Tension du timbre r\u00e9glable par &quot;syst\u00e8me \u00e0 cliquet&quot; Coquilles Freedom Tirants avec crochets de serrage Finition: Matte Natural Cordia (MNC)\" \/>\n<meta name=\"robots\" content=\"index, follow, max-snippet:-1, max-image-preview:large, max-video-preview:-1\" \/>\n<link rel=\"canonical\" href=\"https:\/\/www.rimocc.com\/en\/product\/tama-starphonic-bubinga-14x6\/\" \/>\n<meta property=\"og:locale\" content=\"en_US\" \/>\n<meta property=\"og:type\" content=\"article\" \/>\n<meta property=\"og:title\" content=\"Tama Starphonic Bubinga 14&quot;x6&quot; - D\u00e9p\u00f4t Vente Batterie Percussion | Rimocc Lyon\" \/>\n<meta property=\"og:description\" content=\"F\u00fbt plis en bubinga Epaisseur du f\u00fbt: 7 mm1 pli ext\u00e9rieur en cordia Cercles pli\u00e9s Grooved Hoop D\u00e9clencheur lin\u00e9aire Timbre Super Sensitive \u00e0 haute teneur en carbone Tension du timbre r\u00e9glable par &quot;syst\u00e8me \u00e0 cliquet&quot; Coquilles Freedom Tirants avec crochets de serrage Finition: Matte Natural Cordia (MNC)\" \/>\n<meta property=\"og:url\" content=\"https:\/\/www.rimocc.com\/en\/product\/tama-starphonic-bubinga-14x6\/\" \/>\n<meta property=\"og:site_name\" content=\"D\u00e9p\u00f4t Vente Batterie Percussion | Rimocc Lyon\" \/>\n<meta property=\"article:publisher\" content=\"https:\/\/www.facebook.com\/rimocclyon\/?locale=fr_FR\" \/>\n<meta property=\"article:modified_time\" content=\"2024-01-31T13:57:56+00:00\" \/>\n<meta property=\"og:image\" content=\"https:\/\/www.rimocc.com\/wp-content\/uploads\/2024\/01\/Tama-Starphonic-Bubinga-14_x6_-1.jpg\" \/>\n\t<meta property=\"og:image:width\" content=\"1920\" \/>\n\t<meta property=\"og:image:height\" content=\"1920\" \/>\n\t<meta property=\"og:image:type\" content=\"image\/jpeg\" \/>\n<meta name=\"twitter:card\" content=\"summary_large_image\" \/>\n<meta name=\"twitter:label1\" content=\"Est. reading time\" \/>\n\t<meta name=\"twitter:data1\" content=\"1 minute\" \/>\n<script type=\"application\/ld+json\" class=\"yoast-schema-graph\">{\"@context\":\"https:\\\/\\\/schema.org\",\"@graph\":[{\"@type\":\"WebPage\",\"@id\":\"https:\\\/\\\/www.rimocc.com\\\/product\\\/tama-starphonic-bubinga-14x6\\\/\",\"url\":\"https:\\\/\\\/www.rimocc.com\\\/product\\\/tama-starphonic-bubinga-14x6\\\/\",\"name\":\"Tama Starphonic Bubinga 14\\\"x6\\\" - D\u00e9p\u00f4t Vente Batterie Percussion | Rimocc Lyon\",\"isPartOf\":{\"@id\":\"https:\\\/\\\/www.rimocc.com\\\/#website\"},\"primaryImageOfPage\":{\"@id\":\"https:\\\/\\\/www.rimocc.com\\\/product\\\/tama-starphonic-bubinga-14x6\\\/#primaryimage\"},\"image\":{\"@id\":\"https:\\\/\\\/www.rimocc.com\\\/product\\\/tama-starphonic-bubinga-14x6\\\/#primaryimage\"},\"thumbnailUrl\":\"https:\\\/\\\/www.rimocc.com\\\/wp-content\\\/uploads\\\/2024\\\/01\\\/Tama-Starphonic-Bubinga-14_x6_-1.jpg\",\"datePublished\":\"2024-01-25T16:32:00+00:00\",\"dateModified\":\"2024-01-31T13:57:56+00:00\",\"description\":\"F\u00fbt plis en bubinga Epaisseur du f\u00fbt: 7 mm1 pli ext\u00e9rieur en cordia Cercles pli\u00e9s Grooved Hoop D\u00e9clencheur lin\u00e9aire Timbre Super Sensitive \u00e0 haute teneur en carbone Tension du timbre r\u00e9glable par \\\"syst\u00e8me \u00e0 cliquet\\\" Coquilles Freedom Tirants avec crochets de serrage Finition: Matte Natural Cordia (MNC)\",\"breadcrumb\":{\"@id\":\"https:\\\/\\\/www.rimocc.com\\\/product\\\/tama-starphonic-bubinga-14x6\\\/#breadcrumb\"},\"inLanguage\":\"en-US\",\"potentialAction\":[{\"@type\":\"ReadAction\",\"target\":[\"https:\\\/\\\/www.rimocc.com\\\/product\\\/tama-starphonic-bubinga-14x6\\\/\"]}]},{\"@type\":\"ImageObject\",\"inLanguage\":\"en-US\",\"@id\":\"https:\\\/\\\/www.rimocc.com\\\/product\\\/tama-starphonic-bubinga-14x6\\\/#primaryimage\",\"url\":\"https:\\\/\\\/www.rimocc.com\\\/wp-content\\\/uploads\\\/2024\\\/01\\\/Tama-Starphonic-Bubinga-14_x6_-1.jpg\",\"contentUrl\":\"https:\\\/\\\/www.rimocc.com\\\/wp-content\\\/uploads\\\/2024\\\/01\\\/Tama-Starphonic-Bubinga-14_x6_-1.jpg\",\"width\":1920,\"height\":1920,\"caption\":\"Tama Starphonic Bubinga 14\\\"x6\\\"\"},{\"@type\":\"BreadcrumbList\",\"@id\":\"https:\\\/\\\/www.rimocc.com\\\/product\\\/tama-starphonic-bubinga-14x6\\\/#breadcrumb\",\"itemListElement\":[{\"@type\":\"ListItem\",\"position\":1,\"name\":\"Home\",\"item\":\"https:\\\/\\\/www.rimocc.com\\\/\"},{\"@type\":\"ListItem\",\"position\":2,\"name\":\"Shop\",\"item\":\"https:\\\/\\\/www.rimocc.com\\\/shop\\\/\"},{\"@type\":\"ListItem\",\"position\":3,\"name\":\"Tama Starphonic Bubinga 14&#8243;x6&#8243;\"}]},{\"@type\":\"WebSite\",\"@id\":\"https:\\\/\\\/www.rimocc.com\\\/#website\",\"url\":\"https:\\\/\\\/www.rimocc.com\\\/\",\"name\":\"D\u00e9p\u00f4t Vente Batterie Percussion | Rimocc Lyon\",\"description\":\"Rimocc: l&#039;unique magasin d\u00e9di\u00e9 enti\u00e8rement \u00e0 la batterie, percussion d&#039;occasion et vintage \u00e0 Lyon, France\",\"publisher\":{\"@id\":\"https:\\\/\\\/www.rimocc.com\\\/#organization\"},\"alternateName\":\"Rimocc'\",\"potentialAction\":[{\"@type\":\"SearchAction\",\"target\":{\"@type\":\"EntryPoint\",\"urlTemplate\":\"https:\\\/\\\/www.rimocc.com\\\/?s={search_term_string}\"},\"query-input\":{\"@type\":\"PropertyValueSpecification\",\"valueRequired\":true,\"valueName\":\"search_term_string\"}}],\"inLanguage\":\"en-US\"},{\"@type\":\"Organization\",\"@id\":\"https:\\\/\\\/www.rimocc.com\\\/#organization\",\"name\":\"Rimocc'\",\"alternateName\":\"Rimocc\",\"url\":\"https:\\\/\\\/www.rimocc.com\\\/\",\"logo\":{\"@type\":\"ImageObject\",\"inLanguage\":\"en-US\",\"@id\":\"https:\\\/\\\/www.rimocc.com\\\/#\\\/schema\\\/logo\\\/image\\\/\",\"url\":\"https:\\\/\\\/i0.wp.com\\\/www.rimocc.com\\\/wp-content\\\/uploads\\\/2023\\\/07\\\/RIMOCC_LOGO.jpg?fit=459%2C114&ssl=1\",\"contentUrl\":\"https:\\\/\\\/i0.wp.com\\\/www.rimocc.com\\\/wp-content\\\/uploads\\\/2023\\\/07\\\/RIMOCC_LOGO.jpg?fit=459%2C114&ssl=1\",\"width\":459,\"height\":114,\"caption\":\"Rimocc'\"},\"image\":{\"@id\":\"https:\\\/\\\/www.rimocc.com\\\/#\\\/schema\\\/logo\\\/image\\\/\"},\"sameAs\":[\"https:\\\/\\\/www.facebook.com\\\/rimocclyon\\\/?locale=fr_FR\",\"https:\\\/\\\/www.instagram.com\\\/rimoccc\\\/?hl=fr\",\"https:\\\/\\\/www.tiktok.com\\\/@rimocc\",\"https:\\\/\\\/www.youtube.com\\\/@Rimocc\"]}]}<\/script>\n<!-- \/ Yoast SEO plugin. -->","yoast_head_json":{"title":"Tama Starphonic Bubinga 14\"x6\" - D\u00e9p\u00f4t Vente Batterie Percussion | Rimocc Lyon","description":"F\u00fbt plis en bubinga Epaisseur du f\u00fbt: 7 mm1 pli ext\u00e9rieur en cordia Cercles pli\u00e9s Grooved Hoop D\u00e9clencheur lin\u00e9aire Timbre Super Sensitive \u00e0 haute teneur en carbone Tension du timbre r\u00e9glable par \"syst\u00e8me \u00e0 cliquet\" Coquilles Freedom Tirants avec crochets de serrage Finition: Matte Natural Cordia (MNC)","robots":{"index":"index","follow":"follow","max-snippet":"max-snippet:-1","max-image-preview":"max-image-preview:large","max-video-preview":"max-video-preview:-1"},"canonical":"https:\/\/www.rimocc.com\/en\/product\/tama-starphonic-bubinga-14x6\/","og_locale":"en_US","og_type":"article","og_title":"Tama Starphonic Bubinga 14\"x6\" - D\u00e9p\u00f4t Vente Batterie Percussion | Rimocc Lyon","og_description":"F\u00fbt plis en bubinga Epaisseur du f\u00fbt: 7 mm1 pli ext\u00e9rieur en cordia Cercles pli\u00e9s Grooved Hoop D\u00e9clencheur lin\u00e9aire Timbre Super Sensitive \u00e0 haute teneur en carbone Tension du timbre r\u00e9glable par \"syst\u00e8me \u00e0 cliquet\" Coquilles Freedom Tirants avec crochets de serrage Finition: Matte Natural Cordia (MNC)","og_url":"https:\/\/www.rimocc.com\/en\/product\/tama-starphonic-bubinga-14x6\/","og_site_name":"D\u00e9p\u00f4t Vente Batterie Percussion | Rimocc Lyon","article_publisher":"https:\/\/www.facebook.com\/rimocclyon\/?locale=fr_FR","article_modified_time":"2024-01-31T13:57:56+00:00","og_image":[{"width":1920,"height":1920,"url":"https:\/\/www.rimocc.com\/wp-content\/uploads\/2024\/01\/Tama-Starphonic-Bubinga-14_x6_-1.jpg","type":"image\/jpeg"}],"twitter_card":"summary_large_image","twitter_misc":{"Est. reading time":"1 minute"},"schema":{"@context":"https:\/\/schema.org","@graph":[{"@type":"WebPage","@id":"https:\/\/www.rimocc.com\/product\/tama-starphonic-bubinga-14x6\/","url":"https:\/\/www.rimocc.com\/product\/tama-starphonic-bubinga-14x6\/","name":"Tama Starphonic Bubinga 14\"x6\" - D\u00e9p\u00f4t Vente Batterie Percussion | Rimocc Lyon","isPartOf":{"@id":"https:\/\/www.rimocc.com\/#website"},"primaryImageOfPage":{"@id":"https:\/\/www.rimocc.com\/product\/tama-starphonic-bubinga-14x6\/#primaryimage"},"image":{"@id":"https:\/\/www.rimocc.com\/product\/tama-starphonic-bubinga-14x6\/#primaryimage"},"thumbnailUrl":"https:\/\/www.rimocc.com\/wp-content\/uploads\/2024\/01\/Tama-Starphonic-Bubinga-14_x6_-1.jpg","datePublished":"2024-01-25T16:32:00+00:00","dateModified":"2024-01-31T13:57:56+00:00","description":"F\u00fbt plis en bubinga Epaisseur du f\u00fbt: 7 mm1 pli ext\u00e9rieur en cordia Cercles pli\u00e9s Grooved Hoop D\u00e9clencheur lin\u00e9aire Timbre Super Sensitive \u00e0 haute teneur en carbone Tension du timbre r\u00e9glable par \"syst\u00e8me \u00e0 cliquet\" Coquilles Freedom Tirants avec crochets de serrage Finition: Matte Natural Cordia (MNC)","breadcrumb":{"@id":"https:\/\/www.rimocc.com\/product\/tama-starphonic-bubinga-14x6\/#breadcrumb"},"inLanguage":"en-US","potentialAction":[{"@type":"ReadAction","target":["https:\/\/www.rimocc.com\/product\/tama-starphonic-bubinga-14x6\/"]}]},{"@type":"ImageObject","inLanguage":"en-US","@id":"https:\/\/www.rimocc.com\/product\/tama-starphonic-bubinga-14x6\/#primaryimage","url":"https:\/\/www.rimocc.com\/wp-content\/uploads\/2024\/01\/Tama-Starphonic-Bubinga-14_x6_-1.jpg","contentUrl":"https:\/\/www.rimocc.com\/wp-content\/uploads\/2024\/01\/Tama-Starphonic-Bubinga-14_x6_-1.jpg","width":1920,"height":1920,"caption":"Tama Starphonic Bubinga 14\"x6\""},{"@type":"BreadcrumbList","@id":"https:\/\/www.rimocc.com\/product\/tama-starphonic-bubinga-14x6\/#breadcrumb","itemListElement":[{"@type":"ListItem","position":1,"name":"Home","item":"https:\/\/www.rimocc.com\/"},{"@type":"ListItem","position":2,"name":"Shop","item":"https:\/\/www.rimocc.com\/shop\/"},{"@type":"ListItem","position":3,"name":"Tama Starphonic Bubinga 14&#8243;x6&#8243;"}]},{"@type":"WebSite","@id":"https:\/\/www.rimocc.com\/#website","url":"https:\/\/www.rimocc.com\/","name":"D\u00e9p\u00f4t Vente Batterie Percussion | Rimocc Lyon","description":"Rimocc: l&#039;unique magasin d\u00e9di\u00e9 enti\u00e8rement \u00e0 la batterie, percussion d&#039;occasion et vintage \u00e0 Lyon, France","publisher":{"@id":"https:\/\/www.rimocc.com\/#organization"},"alternateName":"Rimocc'","potentialAction":[{"@type":"SearchAction","target":{"@type":"EntryPoint","urlTemplate":"https:\/\/www.rimocc.com\/?s={search_term_string}"},"query-input":{"@type":"PropertyValueSpecification","valueRequired":true,"valueName":"search_term_string"}}],"inLanguage":"en-US"},{"@type":"Organization","@id":"https:\/\/www.rimocc.com\/#organization","name":"Rimocc'","alternateName":"Rimocc","url":"https:\/\/www.rimocc.com\/","logo":{"@type":"ImageObject","inLanguage":"en-US","@id":"https:\/\/www.rimocc.com\/#\/schema\/logo\/image\/","url":"https:\/\/i0.wp.com\/www.rimocc.com\/wp-content\/uploads\/2023\/07\/RIMOCC_LOGO.jpg?fit=459%2C114&ssl=1","contentUrl":"https:\/\/i0.wp.com\/www.rimocc.com\/wp-content\/uploads\/2023\/07\/RIMOCC_LOGO.jpg?fit=459%2C114&ssl=1","width":459,"height":114,"caption":"Rimocc'"},"image":{"@id":"https:\/\/www.rimocc.com\/#\/schema\/logo\/image\/"},"sameAs":["https:\/\/www.facebook.com\/rimocclyon\/?locale=fr_FR","https:\/\/www.instagram.com\/rimoccc\/?hl=fr","https:\/\/www.tiktok.com\/@rimocc","https:\/\/www.youtube.com\/@Rimocc"]}]}},"jetpack_publicize_connections":[],"jetpack_sharing_enabled":true,"_links":{"self":[{"href":"https:\/\/www.rimocc.com\/en\/wp-json\/wp\/v2\/product\/11257","targetHints":{"allow":["GET"]}}],"collection":[{"href":"https:\/\/www.rimocc.com\/en\/wp-json\/wp\/v2\/product"}],"about":[{"href":"https:\/\/www.rimocc.com\/en\/wp-json\/wp\/v2\/types\/product"}],"replies":[{"embeddable":true,"href":"https:\/\/www.rimocc.com\/en\/wp-json\/wp\/v2\/comments?post=11257"}],"wp:featuredmedia":[{"embeddable":true,"href":"https:\/\/www.rimocc.com\/en\/wp-json\/wp\/v2\/media\/11250"}],"wp:attachment":[{"href":"https:\/\/www.rimocc.com\/en\/wp-json\/wp\/v2\/media?parent=11257"}],"wp:term":[{"taxonomy":"product_brand","embeddable":true,"href":"https:\/\/www.rimocc.com\/en\/wp-json\/wp\/v2\/product_brand?post=11257"},{"taxonomy":"product_cat","embeddable":true,"href":"https:\/\/www.rimocc.com\/en\/wp-json\/wp\/v2\/product_cat?post=11257"},{"taxonomy":"product_tag","embeddable":true,"href":"https:\/\/www.rimocc.com\/en\/wp-json\/wp\/v2\/product_tag?post=11257"}],"curies":[{"name":"wp","href":"https:\/\/api.w.org\/{rel}","templated":true}]}}