{"id":11232,"date":"2024-01-23T16:37:59","date_gmt":"2024-01-23T15:37:59","guid":{"rendered":"https:\/\/www.rimocc.com\/?post_type=product&#038;p=11232"},"modified":"2024-01-23T21:12:42","modified_gmt":"2024-01-23T20:12:42","slug":"ludwig-grosse-caisse-26x14-b0-white-cortex-parade-vintage","status":"publish","type":"product","link":"https:\/\/www.rimocc.com\/en\/product\/ludwig-grosse-caisse-26x14-b0-white-cortex-parade-vintage\/","title":{"rendered":"Ludwig Grosse Caisse 26&Prime;x14&Prime; B&#038;0 White Cortex Parade Vintage"},"content":{"rendered":"<p>Bon \u00e9tat g\u00e9n\u00e9ral pour son \u00e2ge, compl\u00e8te sans modifications<br \/>\nMaple 6 Plis<br \/>\nLate 70&rsquo;s\/early 80&rsquo;s<br \/>\nGrosse caisse de parade transform\u00e9e en GC batterie avec ajout des syst\u00e8mes Ludwig Atlas (sans per\u00e7ages)<br \/>\nAnneaux d&rsquo;origine toujours en place<\/p>\n<p><strong>(enl\u00e8vement sur place privil\u00e9gi\u00e9 mais envoi possible dans toute la France sur devis s\u00e9par\u00e9 \u2013 merci de s\u00e9lectionner l\u2019option retrait sur place et nous vous ferons parvenir un devis s\u00e9par\u00e9 pour la livraison, \u00e0 r\u00e9gler s\u00e9par\u00e9ment)<\/strong><em><br \/>\n<strong>International order, pick-up ONLY<\/strong><em><\/p>\n<p>Batterie Rimocc&rsquo; Lyon<\/p>","protected":false},"excerpt":{"rendered":"<p>Bon \u00e9tat g\u00e9n\u00e9ral pour son \u00e2ge, compl\u00e8te sans modifications Maple 6 Plis Late 70&rsquo;s\/early 80&rsquo;s Grosse caisse de parade transform\u00e9e en GC batterie avec ajout des syst\u00e8mes Ludwig Atlas (sans per\u00e7ages) Anneaux d&rsquo;origine toujours en place (enl\u00e8vement sur place privil\u00e9gi\u00e9 mais envoi possible dans toute la France sur devis s\u00e9par\u00e9 \u2013 merci de s\u00e9lectionner l\u2019option [&hellip;]<\/p>\n","protected":false},"featured_media":11222,"comment_status":"open","ping_status":"closed","template":"","meta":{"jetpack_publicize_message":"","jetpack_publicize_feature_enabled":true,"jetpack_social_post_already_shared":false,"jetpack_social_options":{"image_generator_settings":{"template":"highway","default_image_id":0,"font":"","enabled":false},"version":2}},"product_brand":[],"product_cat":[18],"product_tag":[366,93,364,365,61],"class_list":{"0":"post-11232","1":"product","2":"type-product","3":"status-publish","4":"has-post-thumbnail","6":"product_cat-toms","7":"product_tag-john-bonham","8":"product_tag-ludwig","9":"product_tag-ludwig-26","10":"product_tag-ludwig-bass-drum-vintage","11":"product_tag-vintage-drums","13":"entry","14":"has-media","16":"first","17":"outofstock","18":"shipping-taxable","19":"purchasable","20":"product-type-simple","21":"has-product-nav","22":"col","23":"span_1_of_3","24":"owp-content-center","25":"owp-thumbs-layout-horizontal","26":"owp-btn-normal","27":"owp-tabs-layout-horizontal"},"yoast_head":"<!-- This site is optimized with the Yoast SEO plugin v27.5 - https:\/\/yoast.com\/product\/yoast-seo-wordpress\/ -->\n<title>Ludwig Grosse Caisse 26&quot;x14&quot; B&amp;0 White Cortex Parade Vintage - D\u00e9p\u00f4t Vente Batterie Percussion | Rimocc Lyon<\/title>\n<meta name=\"description\" content=\"Maple 6 Plies Late 70&#039;s\/early 80&#039;s\" \/>\n<meta name=\"robots\" content=\"index, follow, max-snippet:-1, max-image-preview:large, max-video-preview:-1\" \/>\n<link rel=\"canonical\" href=\"https:\/\/www.rimocc.com\/en\/product\/ludwig-grosse-caisse-26x14-b0-white-cortex-parade-vintage\/\" \/>\n<meta property=\"og:locale\" content=\"en_US\" \/>\n<meta property=\"og:type\" content=\"article\" \/>\n<meta property=\"og:title\" content=\"Ludwig Grosse Caisse 26&quot;x14&quot; B&amp;0 White Cortex Parade Vintage - D\u00e9p\u00f4t Vente Batterie Percussion | Rimocc Lyon\" \/>\n<meta property=\"og:description\" content=\"Maple 6 Plies Late 70&#039;s\/early 80&#039;s\" \/>\n<meta property=\"og:url\" content=\"https:\/\/www.rimocc.com\/en\/product\/ludwig-grosse-caisse-26x14-b0-white-cortex-parade-vintage\/\" \/>\n<meta property=\"og:site_name\" content=\"D\u00e9p\u00f4t Vente Batterie Percussion | Rimocc Lyon\" \/>\n<meta property=\"article:publisher\" content=\"https:\/\/www.facebook.com\/rimocclyon\/?locale=fr_FR\" \/>\n<meta property=\"article:modified_time\" content=\"2024-01-23T20:12:42+00:00\" \/>\n<meta property=\"og:image\" content=\"https:\/\/www.rimocc.com\/wp-content\/uploads\/2024\/01\/Ludwig-Grosse-Caisse-26_x14_-B_0-Late-70_s-White-Cortex-Parade-1.jpg\" \/>\n\t<meta property=\"og:image:width\" content=\"1920\" \/>\n\t<meta property=\"og:image:height\" content=\"1920\" \/>\n\t<meta property=\"og:image:type\" content=\"image\/jpeg\" \/>\n<meta name=\"twitter:card\" content=\"summary_large_image\" \/>\n<meta name=\"twitter:label1\" content=\"Est. reading time\" \/>\n\t<meta name=\"twitter:data1\" content=\"1 minute\" \/>\n<script type=\"application\/ld+json\" class=\"yoast-schema-graph\">{\"@context\":\"https:\\\/\\\/schema.org\",\"@graph\":[{\"@type\":\"WebPage\",\"@id\":\"https:\\\/\\\/www.rimocc.com\\\/product\\\/ludwig-grosse-caisse-26x14-b0-white-cortex-parade-vintage\\\/\",\"url\":\"https:\\\/\\\/www.rimocc.com\\\/product\\\/ludwig-grosse-caisse-26x14-b0-white-cortex-parade-vintage\\\/\",\"name\":\"Ludwig Grosse Caisse 26\\\"x14\\\" B&0 White Cortex Parade Vintage - D\u00e9p\u00f4t Vente Batterie Percussion | Rimocc Lyon\",\"isPartOf\":{\"@id\":\"https:\\\/\\\/www.rimocc.com\\\/#website\"},\"primaryImageOfPage\":{\"@id\":\"https:\\\/\\\/www.rimocc.com\\\/product\\\/ludwig-grosse-caisse-26x14-b0-white-cortex-parade-vintage\\\/#primaryimage\"},\"image\":{\"@id\":\"https:\\\/\\\/www.rimocc.com\\\/product\\\/ludwig-grosse-caisse-26x14-b0-white-cortex-parade-vintage\\\/#primaryimage\"},\"thumbnailUrl\":\"https:\\\/\\\/www.rimocc.com\\\/wp-content\\\/uploads\\\/2024\\\/01\\\/Ludwig-Grosse-Caisse-26_x14_-B_0-Late-70_s-White-Cortex-Parade-1.jpg\",\"datePublished\":\"2024-01-23T15:37:59+00:00\",\"dateModified\":\"2024-01-23T20:12:42+00:00\",\"description\":\"Maple 6 Plies Late 70's\\\/early 80's\",\"breadcrumb\":{\"@id\":\"https:\\\/\\\/www.rimocc.com\\\/product\\\/ludwig-grosse-caisse-26x14-b0-white-cortex-parade-vintage\\\/#breadcrumb\"},\"inLanguage\":\"en-US\",\"potentialAction\":[{\"@type\":\"ReadAction\",\"target\":[\"https:\\\/\\\/www.rimocc.com\\\/product\\\/ludwig-grosse-caisse-26x14-b0-white-cortex-parade-vintage\\\/\"]}]},{\"@type\":\"ImageObject\",\"inLanguage\":\"en-US\",\"@id\":\"https:\\\/\\\/www.rimocc.com\\\/product\\\/ludwig-grosse-caisse-26x14-b0-white-cortex-parade-vintage\\\/#primaryimage\",\"url\":\"https:\\\/\\\/www.rimocc.com\\\/wp-content\\\/uploads\\\/2024\\\/01\\\/Ludwig-Grosse-Caisse-26_x14_-B_0-Late-70_s-White-Cortex-Parade-1.jpg\",\"contentUrl\":\"https:\\\/\\\/www.rimocc.com\\\/wp-content\\\/uploads\\\/2024\\\/01\\\/Ludwig-Grosse-Caisse-26_x14_-B_0-Late-70_s-White-Cortex-Parade-1.jpg\",\"width\":1920,\"height\":1920,\"caption\":\"Ludwig Grosse Caisse 26\\\"x14\\\" B&0 Late 70's White Cortex Parade\"},{\"@type\":\"BreadcrumbList\",\"@id\":\"https:\\\/\\\/www.rimocc.com\\\/product\\\/ludwig-grosse-caisse-26x14-b0-white-cortex-parade-vintage\\\/#breadcrumb\",\"itemListElement\":[{\"@type\":\"ListItem\",\"position\":1,\"name\":\"Home\",\"item\":\"https:\\\/\\\/www.rimocc.com\\\/\"},{\"@type\":\"ListItem\",\"position\":2,\"name\":\"Shop\",\"item\":\"https:\\\/\\\/www.rimocc.com\\\/shop\\\/\"},{\"@type\":\"ListItem\",\"position\":3,\"name\":\"Ludwig Grosse Caisse 26&#8243;x14&#8243; B&#038;0 White Cortex Parade Vintage\"}]},{\"@type\":\"WebSite\",\"@id\":\"https:\\\/\\\/www.rimocc.com\\\/#website\",\"url\":\"https:\\\/\\\/www.rimocc.com\\\/\",\"name\":\"D\u00e9p\u00f4t Vente Batterie Percussion | Rimocc Lyon\",\"description\":\"Rimocc: l&#039;unique magasin d\u00e9di\u00e9 enti\u00e8rement \u00e0 la batterie, percussion d&#039;occasion et vintage \u00e0 Lyon, France\",\"publisher\":{\"@id\":\"https:\\\/\\\/www.rimocc.com\\\/#organization\"},\"alternateName\":\"Rimocc'\",\"potentialAction\":[{\"@type\":\"SearchAction\",\"target\":{\"@type\":\"EntryPoint\",\"urlTemplate\":\"https:\\\/\\\/www.rimocc.com\\\/?s={search_term_string}\"},\"query-input\":{\"@type\":\"PropertyValueSpecification\",\"valueRequired\":true,\"valueName\":\"search_term_string\"}}],\"inLanguage\":\"en-US\"},{\"@type\":\"Organization\",\"@id\":\"https:\\\/\\\/www.rimocc.com\\\/#organization\",\"name\":\"Rimocc'\",\"alternateName\":\"Rimocc\",\"url\":\"https:\\\/\\\/www.rimocc.com\\\/\",\"logo\":{\"@type\":\"ImageObject\",\"inLanguage\":\"en-US\",\"@id\":\"https:\\\/\\\/www.rimocc.com\\\/#\\\/schema\\\/logo\\\/image\\\/\",\"url\":\"https:\\\/\\\/i0.wp.com\\\/www.rimocc.com\\\/wp-content\\\/uploads\\\/2023\\\/07\\\/RIMOCC_LOGO.jpg?fit=459%2C114&ssl=1\",\"contentUrl\":\"https:\\\/\\\/i0.wp.com\\\/www.rimocc.com\\\/wp-content\\\/uploads\\\/2023\\\/07\\\/RIMOCC_LOGO.jpg?fit=459%2C114&ssl=1\",\"width\":459,\"height\":114,\"caption\":\"Rimocc'\"},\"image\":{\"@id\":\"https:\\\/\\\/www.rimocc.com\\\/#\\\/schema\\\/logo\\\/image\\\/\"},\"sameAs\":[\"https:\\\/\\\/www.facebook.com\\\/rimocclyon\\\/?locale=fr_FR\",\"https:\\\/\\\/www.instagram.com\\\/rimoccc\\\/?hl=fr\",\"https:\\\/\\\/www.tiktok.com\\\/@rimocc\",\"https:\\\/\\\/www.youtube.com\\\/@Rimocc\"]}]}<\/script>\n<!-- \/ Yoast SEO plugin. -->","yoast_head_json":{"title":"Ludwig Grosse Caisse 26\"x14\" B&0 White Cortex Parade Vintage - D\u00e9p\u00f4t Vente Batterie Percussion | Rimocc Lyon","description":"Maple 6 Plies Late 70's\/early 80's","robots":{"index":"index","follow":"follow","max-snippet":"max-snippet:-1","max-image-preview":"max-image-preview:large","max-video-preview":"max-video-preview:-1"},"canonical":"https:\/\/www.rimocc.com\/en\/product\/ludwig-grosse-caisse-26x14-b0-white-cortex-parade-vintage\/","og_locale":"en_US","og_type":"article","og_title":"Ludwig Grosse Caisse 26\"x14\" B&0 White Cortex Parade Vintage - D\u00e9p\u00f4t Vente Batterie Percussion | Rimocc Lyon","og_description":"Maple 6 Plies Late 70's\/early 80's","og_url":"https:\/\/www.rimocc.com\/en\/product\/ludwig-grosse-caisse-26x14-b0-white-cortex-parade-vintage\/","og_site_name":"D\u00e9p\u00f4t Vente Batterie Percussion | Rimocc Lyon","article_publisher":"https:\/\/www.facebook.com\/rimocclyon\/?locale=fr_FR","article_modified_time":"2024-01-23T20:12:42+00:00","og_image":[{"width":1920,"height":1920,"url":"https:\/\/www.rimocc.com\/wp-content\/uploads\/2024\/01\/Ludwig-Grosse-Caisse-26_x14_-B_0-Late-70_s-White-Cortex-Parade-1.jpg","type":"image\/jpeg"}],"twitter_card":"summary_large_image","twitter_misc":{"Est. reading time":"1 minute"},"schema":{"@context":"https:\/\/schema.org","@graph":[{"@type":"WebPage","@id":"https:\/\/www.rimocc.com\/product\/ludwig-grosse-caisse-26x14-b0-white-cortex-parade-vintage\/","url":"https:\/\/www.rimocc.com\/product\/ludwig-grosse-caisse-26x14-b0-white-cortex-parade-vintage\/","name":"Ludwig Grosse Caisse 26\"x14\" B&0 White Cortex Parade Vintage - D\u00e9p\u00f4t Vente Batterie Percussion | Rimocc Lyon","isPartOf":{"@id":"https:\/\/www.rimocc.com\/#website"},"primaryImageOfPage":{"@id":"https:\/\/www.rimocc.com\/product\/ludwig-grosse-caisse-26x14-b0-white-cortex-parade-vintage\/#primaryimage"},"image":{"@id":"https:\/\/www.rimocc.com\/product\/ludwig-grosse-caisse-26x14-b0-white-cortex-parade-vintage\/#primaryimage"},"thumbnailUrl":"https:\/\/www.rimocc.com\/wp-content\/uploads\/2024\/01\/Ludwig-Grosse-Caisse-26_x14_-B_0-Late-70_s-White-Cortex-Parade-1.jpg","datePublished":"2024-01-23T15:37:59+00:00","dateModified":"2024-01-23T20:12:42+00:00","description":"Maple 6 Plies Late 70's\/early 80's","breadcrumb":{"@id":"https:\/\/www.rimocc.com\/product\/ludwig-grosse-caisse-26x14-b0-white-cortex-parade-vintage\/#breadcrumb"},"inLanguage":"en-US","potentialAction":[{"@type":"ReadAction","target":["https:\/\/www.rimocc.com\/product\/ludwig-grosse-caisse-26x14-b0-white-cortex-parade-vintage\/"]}]},{"@type":"ImageObject","inLanguage":"en-US","@id":"https:\/\/www.rimocc.com\/product\/ludwig-grosse-caisse-26x14-b0-white-cortex-parade-vintage\/#primaryimage","url":"https:\/\/www.rimocc.com\/wp-content\/uploads\/2024\/01\/Ludwig-Grosse-Caisse-26_x14_-B_0-Late-70_s-White-Cortex-Parade-1.jpg","contentUrl":"https:\/\/www.rimocc.com\/wp-content\/uploads\/2024\/01\/Ludwig-Grosse-Caisse-26_x14_-B_0-Late-70_s-White-Cortex-Parade-1.jpg","width":1920,"height":1920,"caption":"Ludwig Grosse Caisse 26\"x14\" B&0 Late 70's White Cortex Parade"},{"@type":"BreadcrumbList","@id":"https:\/\/www.rimocc.com\/product\/ludwig-grosse-caisse-26x14-b0-white-cortex-parade-vintage\/#breadcrumb","itemListElement":[{"@type":"ListItem","position":1,"name":"Home","item":"https:\/\/www.rimocc.com\/"},{"@type":"ListItem","position":2,"name":"Shop","item":"https:\/\/www.rimocc.com\/shop\/"},{"@type":"ListItem","position":3,"name":"Ludwig Grosse Caisse 26&#8243;x14&#8243; B&#038;0 White Cortex Parade Vintage"}]},{"@type":"WebSite","@id":"https:\/\/www.rimocc.com\/#website","url":"https:\/\/www.rimocc.com\/","name":"D\u00e9p\u00f4t Vente Batterie Percussion | Rimocc Lyon","description":"Rimocc: l&#039;unique magasin d\u00e9di\u00e9 enti\u00e8rement \u00e0 la batterie, percussion d&#039;occasion et vintage \u00e0 Lyon, France","publisher":{"@id":"https:\/\/www.rimocc.com\/#organization"},"alternateName":"Rimocc'","potentialAction":[{"@type":"SearchAction","target":{"@type":"EntryPoint","urlTemplate":"https:\/\/www.rimocc.com\/?s={search_term_string}"},"query-input":{"@type":"PropertyValueSpecification","valueRequired":true,"valueName":"search_term_string"}}],"inLanguage":"en-US"},{"@type":"Organization","@id":"https:\/\/www.rimocc.com\/#organization","name":"Rimocc'","alternateName":"Rimocc","url":"https:\/\/www.rimocc.com\/","logo":{"@type":"ImageObject","inLanguage":"en-US","@id":"https:\/\/www.rimocc.com\/#\/schema\/logo\/image\/","url":"https:\/\/i0.wp.com\/www.rimocc.com\/wp-content\/uploads\/2023\/07\/RIMOCC_LOGO.jpg?fit=459%2C114&ssl=1","contentUrl":"https:\/\/i0.wp.com\/www.rimocc.com\/wp-content\/uploads\/2023\/07\/RIMOCC_LOGO.jpg?fit=459%2C114&ssl=1","width":459,"height":114,"caption":"Rimocc'"},"image":{"@id":"https:\/\/www.rimocc.com\/#\/schema\/logo\/image\/"},"sameAs":["https:\/\/www.facebook.com\/rimocclyon\/?locale=fr_FR","https:\/\/www.instagram.com\/rimoccc\/?hl=fr","https:\/\/www.tiktok.com\/@rimocc","https:\/\/www.youtube.com\/@Rimocc"]}]}},"jetpack_publicize_connections":[],"jetpack_sharing_enabled":true,"_links":{"self":[{"href":"https:\/\/www.rimocc.com\/en\/wp-json\/wp\/v2\/product\/11232","targetHints":{"allow":["GET"]}}],"collection":[{"href":"https:\/\/www.rimocc.com\/en\/wp-json\/wp\/v2\/product"}],"about":[{"href":"https:\/\/www.rimocc.com\/en\/wp-json\/wp\/v2\/types\/product"}],"replies":[{"embeddable":true,"href":"https:\/\/www.rimocc.com\/en\/wp-json\/wp\/v2\/comments?post=11232"}],"wp:featuredmedia":[{"embeddable":true,"href":"https:\/\/www.rimocc.com\/en\/wp-json\/wp\/v2\/media\/11222"}],"wp:attachment":[{"href":"https:\/\/www.rimocc.com\/en\/wp-json\/wp\/v2\/media?parent=11232"}],"wp:term":[{"taxonomy":"product_brand","embeddable":true,"href":"https:\/\/www.rimocc.com\/en\/wp-json\/wp\/v2\/product_brand?post=11232"},{"taxonomy":"product_cat","embeddable":true,"href":"https:\/\/www.rimocc.com\/en\/wp-json\/wp\/v2\/product_cat?post=11232"},{"taxonomy":"product_tag","embeddable":true,"href":"https:\/\/www.rimocc.com\/en\/wp-json\/wp\/v2\/product_tag?post=11232"}],"curies":[{"name":"wp","href":"https:\/\/api.w.org\/{rel}","templated":true}]}}