{"id":1118,"date":"2023-06-08T21:12:45","date_gmt":"2023-06-08T21:12:45","guid":{"rendered":"https:\/\/rimocc.a2hosted.com\/product\/asba-stainless-steel-22-12-13-tb18-originale-70s\/"},"modified":"2023-07-09T04:48:13","modified_gmt":"2023-07-09T04:48:13","slug":"asba-stainless-steel-22-12-13-tb18-originale-70s","status":"publish","type":"product","link":"https:\/\/www.rimocc.com\/en\/product\/asba-stainless-steel-22-12-13-tb18-originale-70s\/","title":{"rendered":"Asba Stainless Steel 22&Prime; 12&Prime; 13&Prime; TB18&Prime;, originale 70&rsquo;s"},"content":{"rendered":"<p>Compl\u00e8te avec toutes les sourdines fonctionnelles (grosse caisse, toms, TB).<br \/>\nPeaux Asba d&rsquo;origine sur GC et TB.<br \/>\nSeuls les tirants top du TB chang\u00e9s pour des plus r\u00e9cents.<br \/>\nF\u00fbts \u00e0 nettoyer, poncer et lustrer.<br \/>\nUne des vis de serrage attache tom est \u00e0 changer (bague r\u00e9cente en place pour positionnement de la tige). Un des pics de GC est bien oxyd\u00e9, une grosse surface du chrome est partie. Il manque un des caoutchoucs de pied de tom bass et les 3 petits top.<br \/>\nComplete with all functionning mufflers (BD, Toms &#038; FT)<br \/>\nOriginal Asba Remo heads on BD &#038; FT<br \/>\nThe top FT tension rods are non-originals (standard modern ones)<br \/>\nAll shells to be cleaned, buffed &#038; polished<br \/>\nOne screw to be changed on the tom holder system (memory clamp in place to set the height). One of the 2 bass drum spurs is very much oxydized. One FT rubber foot is missing as well as the 3 small ones from the top legs. <\/p>","protected":false},"excerpt":{"rendered":"<p>Compl\u00e8te avec toutes les sourdines fonctionnelles (grosse caisse, toms, TB). Peaux Asba d&rsquo;origine sur GC et TB. Seuls les tirants top du TB chang\u00e9s pour des plus r\u00e9cents. F\u00fbts \u00e0 nettoyer, poncer et lustrer. Une des vis de serrage attache tom est \u00e0 changer (bague r\u00e9cente en place pour positionnement de la tige). Un des [&hellip;]<\/p>\n","protected":false},"featured_media":9453,"comment_status":"open","ping_status":"closed","template":"","meta":{"jetpack_publicize_message":"","jetpack_publicize_feature_enabled":true,"jetpack_social_post_already_shared":false,"jetpack_social_options":{"image_generator_settings":{"template":"highway","default_image_id":0,"font":"","enabled":false},"version":2}},"product_brand":[],"product_cat":[20],"product_tag":[84,85,61],"class_list":{"0":"post-1118","1":"product","2":"type-product","3":"status-publish","4":"has-post-thumbnail","6":"product_cat-batterie","7":"product_tag-asba","8":"product_tag-asba-drums","9":"product_tag-vintage-drums","11":"entry","12":"has-media","14":"first","15":"outofstock","16":"shipping-taxable","17":"purchasable","18":"product-type-simple","19":"has-product-nav","20":"col","21":"span_1_of_3","22":"owp-content-center","23":"owp-thumbs-layout-horizontal","24":"owp-btn-normal","25":"owp-tabs-layout-horizontal"},"yoast_head":"<!-- This site is optimized with the Yoast SEO plugin v27.5 - https:\/\/yoast.com\/product\/yoast-seo-wordpress\/ -->\n<title>Asba Stainless Steel 22&quot; 12&quot; 13&quot; TB18&quot;, originale 70&#039;s - D\u00e9p\u00f4t Vente Batterie Percussion | Rimocc Lyon<\/title>\n<meta name=\"robots\" content=\"index, follow, max-snippet:-1, max-image-preview:large, max-video-preview:-1\" \/>\n<link rel=\"canonical\" href=\"https:\/\/www.rimocc.com\/en\/product\/asba-stainless-steel-22-12-13-tb18-originale-70s\/\" \/>\n<meta property=\"og:locale\" content=\"en_US\" \/>\n<meta property=\"og:type\" content=\"article\" \/>\n<meta property=\"og:title\" content=\"Asba Stainless Steel 22&quot; 12&quot; 13&quot; TB18&quot;, originale 70&#039;s - D\u00e9p\u00f4t Vente Batterie Percussion | Rimocc Lyon\" \/>\n<meta property=\"og:description\" content=\"Compl\u00e8te avec toutes les sourdines fonctionnelles (grosse caisse, toms, TB). Peaux Asba d&rsquo;origine sur GC et TB. Seuls les tirants top du TB chang\u00e9s pour des plus r\u00e9cents. F\u00fbts \u00e0 nettoyer, poncer et lustrer. Une des vis de serrage attache tom est \u00e0 changer (bague r\u00e9cente en place pour positionnement de la tige). Un des [&hellip;]\" \/>\n<meta property=\"og:url\" content=\"https:\/\/www.rimocc.com\/en\/product\/asba-stainless-steel-22-12-13-tb18-originale-70s\/\" \/>\n<meta property=\"og:site_name\" content=\"D\u00e9p\u00f4t Vente Batterie Percussion | Rimocc Lyon\" \/>\n<meta property=\"article:publisher\" content=\"https:\/\/www.facebook.com\/rimocclyon\/?locale=fr_FR\" \/>\n<meta property=\"article:modified_time\" content=\"2023-07-09T04:48:13+00:00\" \/>\n<meta property=\"og:image\" content=\"https:\/\/www.rimocc.com\/wp-content\/uploads\/2023\/07\/Asba-Stainless-Steel-Batterie-1-Rimocc-scaled.jpg\" \/>\n\t<meta property=\"og:image:width\" content=\"1920\" \/>\n\t<meta property=\"og:image:height\" content=\"2560\" \/>\n\t<meta property=\"og:image:type\" content=\"image\/jpeg\" \/>\n<meta name=\"twitter:card\" content=\"summary_large_image\" \/>\n<meta name=\"twitter:label1\" content=\"Est. reading time\" \/>\n\t<meta name=\"twitter:data1\" content=\"1 minute\" \/>\n<script type=\"application\/ld+json\" class=\"yoast-schema-graph\">{\"@context\":\"https:\\\/\\\/schema.org\",\"@graph\":[{\"@type\":\"WebPage\",\"@id\":\"https:\\\/\\\/www.rimocc.com\\\/product\\\/asba-stainless-steel-22-12-13-tb18-originale-70s\\\/\",\"url\":\"https:\\\/\\\/www.rimocc.com\\\/product\\\/asba-stainless-steel-22-12-13-tb18-originale-70s\\\/\",\"name\":\"Asba Stainless Steel 22\\\" 12\\\" 13\\\" TB18\\\", originale 70's - D\u00e9p\u00f4t Vente Batterie Percussion | Rimocc Lyon\",\"isPartOf\":{\"@id\":\"https:\\\/\\\/www.rimocc.com\\\/#website\"},\"primaryImageOfPage\":{\"@id\":\"https:\\\/\\\/www.rimocc.com\\\/product\\\/asba-stainless-steel-22-12-13-tb18-originale-70s\\\/#primaryimage\"},\"image\":{\"@id\":\"https:\\\/\\\/www.rimocc.com\\\/product\\\/asba-stainless-steel-22-12-13-tb18-originale-70s\\\/#primaryimage\"},\"thumbnailUrl\":\"https:\\\/\\\/www.rimocc.com\\\/wp-content\\\/uploads\\\/2023\\\/07\\\/Asba-Stainless-Steel-Batterie-1-Rimocc-scaled.jpg\",\"datePublished\":\"2023-06-08T21:12:45+00:00\",\"dateModified\":\"2023-07-09T04:48:13+00:00\",\"breadcrumb\":{\"@id\":\"https:\\\/\\\/www.rimocc.com\\\/product\\\/asba-stainless-steel-22-12-13-tb18-originale-70s\\\/#breadcrumb\"},\"inLanguage\":\"en-US\",\"potentialAction\":[{\"@type\":\"ReadAction\",\"target\":[\"https:\\\/\\\/www.rimocc.com\\\/product\\\/asba-stainless-steel-22-12-13-tb18-originale-70s\\\/\"]}]},{\"@type\":\"ImageObject\",\"inLanguage\":\"en-US\",\"@id\":\"https:\\\/\\\/www.rimocc.com\\\/product\\\/asba-stainless-steel-22-12-13-tb18-originale-70s\\\/#primaryimage\",\"url\":\"https:\\\/\\\/www.rimocc.com\\\/wp-content\\\/uploads\\\/2023\\\/07\\\/Asba-Stainless-Steel-Batterie-1-Rimocc-scaled.jpg\",\"contentUrl\":\"https:\\\/\\\/www.rimocc.com\\\/wp-content\\\/uploads\\\/2023\\\/07\\\/Asba-Stainless-Steel-Batterie-1-Rimocc-scaled.jpg\",\"width\":1920,\"height\":2560},{\"@type\":\"BreadcrumbList\",\"@id\":\"https:\\\/\\\/www.rimocc.com\\\/product\\\/asba-stainless-steel-22-12-13-tb18-originale-70s\\\/#breadcrumb\",\"itemListElement\":[{\"@type\":\"ListItem\",\"position\":1,\"name\":\"Home\",\"item\":\"https:\\\/\\\/www.rimocc.com\\\/\"},{\"@type\":\"ListItem\",\"position\":2,\"name\":\"Shop\",\"item\":\"https:\\\/\\\/www.rimocc.com\\\/shop\\\/\"},{\"@type\":\"ListItem\",\"position\":3,\"name\":\"Asba Stainless Steel 22&#8243; 12&#8243; 13&#8243; TB18&#8243;, originale 70&#8217;s\"}]},{\"@type\":\"WebSite\",\"@id\":\"https:\\\/\\\/www.rimocc.com\\\/#website\",\"url\":\"https:\\\/\\\/www.rimocc.com\\\/\",\"name\":\"D\u00e9p\u00f4t Vente Batterie Percussion | Rimocc Lyon\",\"description\":\"Rimocc: l&#039;unique magasin d\u00e9di\u00e9 enti\u00e8rement \u00e0 la batterie, percussion d&#039;occasion et vintage \u00e0 Lyon, France\",\"publisher\":{\"@id\":\"https:\\\/\\\/www.rimocc.com\\\/#organization\"},\"alternateName\":\"Rimocc'\",\"potentialAction\":[{\"@type\":\"SearchAction\",\"target\":{\"@type\":\"EntryPoint\",\"urlTemplate\":\"https:\\\/\\\/www.rimocc.com\\\/?s={search_term_string}\"},\"query-input\":{\"@type\":\"PropertyValueSpecification\",\"valueRequired\":true,\"valueName\":\"search_term_string\"}}],\"inLanguage\":\"en-US\"},{\"@type\":\"Organization\",\"@id\":\"https:\\\/\\\/www.rimocc.com\\\/#organization\",\"name\":\"Rimocc'\",\"alternateName\":\"Rimocc\",\"url\":\"https:\\\/\\\/www.rimocc.com\\\/\",\"logo\":{\"@type\":\"ImageObject\",\"inLanguage\":\"en-US\",\"@id\":\"https:\\\/\\\/www.rimocc.com\\\/#\\\/schema\\\/logo\\\/image\\\/\",\"url\":\"https:\\\/\\\/i0.wp.com\\\/www.rimocc.com\\\/wp-content\\\/uploads\\\/2023\\\/07\\\/RIMOCC_LOGO.jpg?fit=459%2C114&ssl=1\",\"contentUrl\":\"https:\\\/\\\/i0.wp.com\\\/www.rimocc.com\\\/wp-content\\\/uploads\\\/2023\\\/07\\\/RIMOCC_LOGO.jpg?fit=459%2C114&ssl=1\",\"width\":459,\"height\":114,\"caption\":\"Rimocc'\"},\"image\":{\"@id\":\"https:\\\/\\\/www.rimocc.com\\\/#\\\/schema\\\/logo\\\/image\\\/\"},\"sameAs\":[\"https:\\\/\\\/www.facebook.com\\\/rimocclyon\\\/?locale=fr_FR\",\"https:\\\/\\\/www.instagram.com\\\/rimoccc\\\/?hl=fr\",\"https:\\\/\\\/www.tiktok.com\\\/@rimocc\",\"https:\\\/\\\/www.youtube.com\\\/@Rimocc\"]}]}<\/script>\n<!-- \/ Yoast SEO plugin. -->","yoast_head_json":{"title":"Asba Stainless Steel 22\" 12\" 13\" TB18\", originale 70's - D\u00e9p\u00f4t Vente Batterie Percussion | Rimocc Lyon","robots":{"index":"index","follow":"follow","max-snippet":"max-snippet:-1","max-image-preview":"max-image-preview:large","max-video-preview":"max-video-preview:-1"},"canonical":"https:\/\/www.rimocc.com\/en\/product\/asba-stainless-steel-22-12-13-tb18-originale-70s\/","og_locale":"en_US","og_type":"article","og_title":"Asba Stainless Steel 22\" 12\" 13\" TB18\", originale 70's - D\u00e9p\u00f4t Vente Batterie Percussion | Rimocc Lyon","og_description":"Compl\u00e8te avec toutes les sourdines fonctionnelles (grosse caisse, toms, TB). Peaux Asba d&rsquo;origine sur GC et TB. Seuls les tirants top du TB chang\u00e9s pour des plus r\u00e9cents. F\u00fbts \u00e0 nettoyer, poncer et lustrer. Une des vis de serrage attache tom est \u00e0 changer (bague r\u00e9cente en place pour positionnement de la tige). Un des [&hellip;]","og_url":"https:\/\/www.rimocc.com\/en\/product\/asba-stainless-steel-22-12-13-tb18-originale-70s\/","og_site_name":"D\u00e9p\u00f4t Vente Batterie Percussion | Rimocc Lyon","article_publisher":"https:\/\/www.facebook.com\/rimocclyon\/?locale=fr_FR","article_modified_time":"2023-07-09T04:48:13+00:00","og_image":[{"width":1920,"height":2560,"url":"https:\/\/www.rimocc.com\/wp-content\/uploads\/2023\/07\/Asba-Stainless-Steel-Batterie-1-Rimocc-scaled.jpg","type":"image\/jpeg"}],"twitter_card":"summary_large_image","twitter_misc":{"Est. reading time":"1 minute"},"schema":{"@context":"https:\/\/schema.org","@graph":[{"@type":"WebPage","@id":"https:\/\/www.rimocc.com\/product\/asba-stainless-steel-22-12-13-tb18-originale-70s\/","url":"https:\/\/www.rimocc.com\/product\/asba-stainless-steel-22-12-13-tb18-originale-70s\/","name":"Asba Stainless Steel 22\" 12\" 13\" TB18\", originale 70's - D\u00e9p\u00f4t Vente Batterie Percussion | Rimocc Lyon","isPartOf":{"@id":"https:\/\/www.rimocc.com\/#website"},"primaryImageOfPage":{"@id":"https:\/\/www.rimocc.com\/product\/asba-stainless-steel-22-12-13-tb18-originale-70s\/#primaryimage"},"image":{"@id":"https:\/\/www.rimocc.com\/product\/asba-stainless-steel-22-12-13-tb18-originale-70s\/#primaryimage"},"thumbnailUrl":"https:\/\/www.rimocc.com\/wp-content\/uploads\/2023\/07\/Asba-Stainless-Steel-Batterie-1-Rimocc-scaled.jpg","datePublished":"2023-06-08T21:12:45+00:00","dateModified":"2023-07-09T04:48:13+00:00","breadcrumb":{"@id":"https:\/\/www.rimocc.com\/product\/asba-stainless-steel-22-12-13-tb18-originale-70s\/#breadcrumb"},"inLanguage":"en-US","potentialAction":[{"@type":"ReadAction","target":["https:\/\/www.rimocc.com\/product\/asba-stainless-steel-22-12-13-tb18-originale-70s\/"]}]},{"@type":"ImageObject","inLanguage":"en-US","@id":"https:\/\/www.rimocc.com\/product\/asba-stainless-steel-22-12-13-tb18-originale-70s\/#primaryimage","url":"https:\/\/www.rimocc.com\/wp-content\/uploads\/2023\/07\/Asba-Stainless-Steel-Batterie-1-Rimocc-scaled.jpg","contentUrl":"https:\/\/www.rimocc.com\/wp-content\/uploads\/2023\/07\/Asba-Stainless-Steel-Batterie-1-Rimocc-scaled.jpg","width":1920,"height":2560},{"@type":"BreadcrumbList","@id":"https:\/\/www.rimocc.com\/product\/asba-stainless-steel-22-12-13-tb18-originale-70s\/#breadcrumb","itemListElement":[{"@type":"ListItem","position":1,"name":"Home","item":"https:\/\/www.rimocc.com\/"},{"@type":"ListItem","position":2,"name":"Shop","item":"https:\/\/www.rimocc.com\/shop\/"},{"@type":"ListItem","position":3,"name":"Asba Stainless Steel 22&#8243; 12&#8243; 13&#8243; TB18&#8243;, originale 70&#8217;s"}]},{"@type":"WebSite","@id":"https:\/\/www.rimocc.com\/#website","url":"https:\/\/www.rimocc.com\/","name":"D\u00e9p\u00f4t Vente Batterie Percussion | Rimocc Lyon","description":"Rimocc: l&#039;unique magasin d\u00e9di\u00e9 enti\u00e8rement \u00e0 la batterie, percussion d&#039;occasion et vintage \u00e0 Lyon, France","publisher":{"@id":"https:\/\/www.rimocc.com\/#organization"},"alternateName":"Rimocc'","potentialAction":[{"@type":"SearchAction","target":{"@type":"EntryPoint","urlTemplate":"https:\/\/www.rimocc.com\/?s={search_term_string}"},"query-input":{"@type":"PropertyValueSpecification","valueRequired":true,"valueName":"search_term_string"}}],"inLanguage":"en-US"},{"@type":"Organization","@id":"https:\/\/www.rimocc.com\/#organization","name":"Rimocc'","alternateName":"Rimocc","url":"https:\/\/www.rimocc.com\/","logo":{"@type":"ImageObject","inLanguage":"en-US","@id":"https:\/\/www.rimocc.com\/#\/schema\/logo\/image\/","url":"https:\/\/i0.wp.com\/www.rimocc.com\/wp-content\/uploads\/2023\/07\/RIMOCC_LOGO.jpg?fit=459%2C114&ssl=1","contentUrl":"https:\/\/i0.wp.com\/www.rimocc.com\/wp-content\/uploads\/2023\/07\/RIMOCC_LOGO.jpg?fit=459%2C114&ssl=1","width":459,"height":114,"caption":"Rimocc'"},"image":{"@id":"https:\/\/www.rimocc.com\/#\/schema\/logo\/image\/"},"sameAs":["https:\/\/www.facebook.com\/rimocclyon\/?locale=fr_FR","https:\/\/www.instagram.com\/rimoccc\/?hl=fr","https:\/\/www.tiktok.com\/@rimocc","https:\/\/www.youtube.com\/@Rimocc"]}]}},"jetpack_publicize_connections":[],"jetpack_sharing_enabled":true,"_links":{"self":[{"href":"https:\/\/www.rimocc.com\/en\/wp-json\/wp\/v2\/product\/1118","targetHints":{"allow":["GET"]}}],"collection":[{"href":"https:\/\/www.rimocc.com\/en\/wp-json\/wp\/v2\/product"}],"about":[{"href":"https:\/\/www.rimocc.com\/en\/wp-json\/wp\/v2\/types\/product"}],"replies":[{"embeddable":true,"href":"https:\/\/www.rimocc.com\/en\/wp-json\/wp\/v2\/comments?post=1118"}],"wp:featuredmedia":[{"embeddable":true,"href":"https:\/\/www.rimocc.com\/en\/wp-json\/wp\/v2\/media\/9453"}],"wp:attachment":[{"href":"https:\/\/www.rimocc.com\/en\/wp-json\/wp\/v2\/media?parent=1118"}],"wp:term":[{"taxonomy":"product_brand","embeddable":true,"href":"https:\/\/www.rimocc.com\/en\/wp-json\/wp\/v2\/product_brand?post=1118"},{"taxonomy":"product_cat","embeddable":true,"href":"https:\/\/www.rimocc.com\/en\/wp-json\/wp\/v2\/product_cat?post=1118"},{"taxonomy":"product_tag","embeddable":true,"href":"https:\/\/www.rimocc.com\/en\/wp-json\/wp\/v2\/product_tag?post=1118"}],"curies":[{"name":"wp","href":"https:\/\/api.w.org\/{rel}","templated":true}]}}