{"id":11159,"date":"2024-01-19T11:02:13","date_gmt":"2024-01-19T10:02:13","guid":{"rendered":"https:\/\/www.rimocc.com\/?post_type=product&#038;p=11159"},"modified":"2024-02-04T12:15:47","modified_gmt":"2024-02-04T11:15:47","slug":"zildjian-k-constantinople-crash-16","status":"publish","type":"product","link":"https:\/\/www.rimocc.com\/en\/product\/zildjian-k-constantinople-crash-16\/","title":{"rendered":"Zildjian K Constantinople Crash 16&Prime;"},"content":{"rendered":"<p>1022 grs<br \/>\nTr\u00e8s bon \u00e9tat g\u00e9n\u00e9ral, non nettoy\u00e9e<\/p>\n<p>Cymbale Rimocc&rsquo; Lyon<\/p>","protected":false},"excerpt":{"rendered":"<p>1022 grs Tr\u00e8s bon \u00e9tat g\u00e9n\u00e9ral, non nettoy\u00e9e Cymbale Rimocc&rsquo; Lyon<\/p>","protected":false},"featured_media":11156,"comment_status":"open","ping_status":"closed","template":"","meta":{"jetpack_publicize_message":"","jetpack_publicize_feature_enabled":true,"jetpack_social_post_already_shared":false,"jetpack_social_options":{"image_generator_settings":{"template":"highway","default_image_id":0,"font":"","enabled":false},"version":2}},"product_brand":[],"product_cat":[24],"product_tag":[74,73,70,236,356],"class_list":{"0":"post-11159","1":"product","2":"type-product","3":"status-publish","4":"has-post-thumbnail","6":"product_cat-cymbales","7":"product_tag-cymbal","8":"product_tag-cymbale","9":"product_tag-zildjian","10":"product_tag-zildjian-k","11":"product_tag-zildjian-k-constantinople","13":"entry","14":"has-media","16":"first","17":"outofstock","18":"shipping-taxable","19":"purchasable","20":"product-type-simple","21":"has-product-nav","22":"col","23":"span_1_of_3","24":"owp-content-center","25":"owp-thumbs-layout-horizontal","26":"owp-btn-normal","27":"owp-tabs-layout-horizontal"},"yoast_head":"<!-- This site is optimized with the Yoast SEO plugin v27.5 - https:\/\/yoast.com\/product\/yoast-seo-wordpress\/ -->\n<title>Zildjian K Constantinople Crash 16&quot; - D\u00e9p\u00f4t Vente Batterie Percussion | Rimocc Lyon<\/title>\n<meta name=\"description\" content=\"Fabriqu\u00e9es avec les m\u00e9thodes ancestrales des ma\u00eetres artisans turcs, ces cymbales \u00e0 la sonorit\u00e9 sombre et profonde offrent des harmonies uniques. L\u2019art de la fabrication de cymbales faites \u00e0 la main est pouss\u00e9 \u00e0 son paroxysme.\" \/>\n<meta name=\"robots\" content=\"index, follow, max-snippet:-1, max-image-preview:large, max-video-preview:-1\" \/>\n<link rel=\"canonical\" href=\"https:\/\/www.rimocc.com\/en\/product\/zildjian-k-constantinople-crash-16\/\" \/>\n<meta property=\"og:locale\" content=\"en_US\" \/>\n<meta property=\"og:type\" content=\"article\" \/>\n<meta property=\"og:title\" content=\"Zildjian K Constantinople Crash 16&quot; - D\u00e9p\u00f4t Vente Batterie Percussion | Rimocc Lyon\" \/>\n<meta property=\"og:description\" content=\"Fabriqu\u00e9es avec les m\u00e9thodes ancestrales des ma\u00eetres artisans turcs, ces cymbales \u00e0 la sonorit\u00e9 sombre et profonde offrent des harmonies uniques. L\u2019art de la fabrication de cymbales faites \u00e0 la main est pouss\u00e9 \u00e0 son paroxysme.\" \/>\n<meta property=\"og:url\" content=\"https:\/\/www.rimocc.com\/en\/product\/zildjian-k-constantinople-crash-16\/\" \/>\n<meta property=\"og:site_name\" content=\"D\u00e9p\u00f4t Vente Batterie Percussion | Rimocc Lyon\" \/>\n<meta property=\"article:publisher\" content=\"https:\/\/www.facebook.com\/rimocclyon\/?locale=fr_FR\" \/>\n<meta property=\"article:modified_time\" content=\"2024-02-04T11:15:47+00:00\" \/>\n<meta property=\"og:image\" content=\"https:\/\/www.rimocc.com\/wp-content\/uploads\/2024\/01\/Zildjian-K-Constantinople-Crash-16_-1.jpg\" \/>\n\t<meta property=\"og:image:width\" content=\"1920\" \/>\n\t<meta property=\"og:image:height\" content=\"1920\" \/>\n\t<meta property=\"og:image:type\" content=\"image\/jpeg\" \/>\n<meta name=\"twitter:card\" content=\"summary_large_image\" \/>\n<meta name=\"twitter:label1\" content=\"Est. reading time\" \/>\n\t<meta name=\"twitter:data1\" content=\"1 minute\" \/>\n<script type=\"application\/ld+json\" class=\"yoast-schema-graph\">{\"@context\":\"https:\\\/\\\/schema.org\",\"@graph\":[{\"@type\":\"WebPage\",\"@id\":\"https:\\\/\\\/www.rimocc.com\\\/product\\\/zildjian-k-constantinople-crash-16\\\/\",\"url\":\"https:\\\/\\\/www.rimocc.com\\\/product\\\/zildjian-k-constantinople-crash-16\\\/\",\"name\":\"Zildjian K Constantinople Crash 16\\\" - D\u00e9p\u00f4t Vente Batterie Percussion | Rimocc Lyon\",\"isPartOf\":{\"@id\":\"https:\\\/\\\/www.rimocc.com\\\/#website\"},\"primaryImageOfPage\":{\"@id\":\"https:\\\/\\\/www.rimocc.com\\\/product\\\/zildjian-k-constantinople-crash-16\\\/#primaryimage\"},\"image\":{\"@id\":\"https:\\\/\\\/www.rimocc.com\\\/product\\\/zildjian-k-constantinople-crash-16\\\/#primaryimage\"},\"thumbnailUrl\":\"https:\\\/\\\/www.rimocc.com\\\/wp-content\\\/uploads\\\/2024\\\/01\\\/Zildjian-K-Constantinople-Crash-16_-1.jpg\",\"datePublished\":\"2024-01-19T10:02:13+00:00\",\"dateModified\":\"2024-02-04T11:15:47+00:00\",\"description\":\"Fabriqu\u00e9es avec les m\u00e9thodes ancestrales des ma\u00eetres artisans turcs, ces cymbales \u00e0 la sonorit\u00e9 sombre et profonde offrent des harmonies uniques. L\u2019art de la fabrication de cymbales faites \u00e0 la main est pouss\u00e9 \u00e0 son paroxysme.\",\"breadcrumb\":{\"@id\":\"https:\\\/\\\/www.rimocc.com\\\/product\\\/zildjian-k-constantinople-crash-16\\\/#breadcrumb\"},\"inLanguage\":\"en-US\",\"potentialAction\":[{\"@type\":\"ReadAction\",\"target\":[\"https:\\\/\\\/www.rimocc.com\\\/product\\\/zildjian-k-constantinople-crash-16\\\/\"]}]},{\"@type\":\"ImageObject\",\"inLanguage\":\"en-US\",\"@id\":\"https:\\\/\\\/www.rimocc.com\\\/product\\\/zildjian-k-constantinople-crash-16\\\/#primaryimage\",\"url\":\"https:\\\/\\\/www.rimocc.com\\\/wp-content\\\/uploads\\\/2024\\\/01\\\/Zildjian-K-Constantinople-Crash-16_-1.jpg\",\"contentUrl\":\"https:\\\/\\\/www.rimocc.com\\\/wp-content\\\/uploads\\\/2024\\\/01\\\/Zildjian-K-Constantinople-Crash-16_-1.jpg\",\"width\":1920,\"height\":1920,\"caption\":\"Zildjian K Constantinople Crash 16\\\"\"},{\"@type\":\"BreadcrumbList\",\"@id\":\"https:\\\/\\\/www.rimocc.com\\\/product\\\/zildjian-k-constantinople-crash-16\\\/#breadcrumb\",\"itemListElement\":[{\"@type\":\"ListItem\",\"position\":1,\"name\":\"Home\",\"item\":\"https:\\\/\\\/www.rimocc.com\\\/\"},{\"@type\":\"ListItem\",\"position\":2,\"name\":\"Shop\",\"item\":\"https:\\\/\\\/www.rimocc.com\\\/shop\\\/\"},{\"@type\":\"ListItem\",\"position\":3,\"name\":\"Zildjian K Constantinople Crash 16&#8243;\"}]},{\"@type\":\"WebSite\",\"@id\":\"https:\\\/\\\/www.rimocc.com\\\/#website\",\"url\":\"https:\\\/\\\/www.rimocc.com\\\/\",\"name\":\"D\u00e9p\u00f4t Vente Batterie Percussion | Rimocc Lyon\",\"description\":\"Rimocc: l&#039;unique magasin d\u00e9di\u00e9 enti\u00e8rement \u00e0 la batterie, percussion d&#039;occasion et vintage \u00e0 Lyon, France\",\"publisher\":{\"@id\":\"https:\\\/\\\/www.rimocc.com\\\/#organization\"},\"alternateName\":\"Rimocc'\",\"potentialAction\":[{\"@type\":\"SearchAction\",\"target\":{\"@type\":\"EntryPoint\",\"urlTemplate\":\"https:\\\/\\\/www.rimocc.com\\\/?s={search_term_string}\"},\"query-input\":{\"@type\":\"PropertyValueSpecification\",\"valueRequired\":true,\"valueName\":\"search_term_string\"}}],\"inLanguage\":\"en-US\"},{\"@type\":\"Organization\",\"@id\":\"https:\\\/\\\/www.rimocc.com\\\/#organization\",\"name\":\"Rimocc'\",\"alternateName\":\"Rimocc\",\"url\":\"https:\\\/\\\/www.rimocc.com\\\/\",\"logo\":{\"@type\":\"ImageObject\",\"inLanguage\":\"en-US\",\"@id\":\"https:\\\/\\\/www.rimocc.com\\\/#\\\/schema\\\/logo\\\/image\\\/\",\"url\":\"https:\\\/\\\/i0.wp.com\\\/www.rimocc.com\\\/wp-content\\\/uploads\\\/2023\\\/07\\\/RIMOCC_LOGO.jpg?fit=459%2C114&ssl=1\",\"contentUrl\":\"https:\\\/\\\/i0.wp.com\\\/www.rimocc.com\\\/wp-content\\\/uploads\\\/2023\\\/07\\\/RIMOCC_LOGO.jpg?fit=459%2C114&ssl=1\",\"width\":459,\"height\":114,\"caption\":\"Rimocc'\"},\"image\":{\"@id\":\"https:\\\/\\\/www.rimocc.com\\\/#\\\/schema\\\/logo\\\/image\\\/\"},\"sameAs\":[\"https:\\\/\\\/www.facebook.com\\\/rimocclyon\\\/?locale=fr_FR\",\"https:\\\/\\\/www.instagram.com\\\/rimoccc\\\/?hl=fr\",\"https:\\\/\\\/www.tiktok.com\\\/@rimocc\",\"https:\\\/\\\/www.youtube.com\\\/@Rimocc\"]}]}<\/script>\n<!-- \/ Yoast SEO plugin. -->","yoast_head_json":{"title":"Zildjian K Constantinople Crash 16\" - D\u00e9p\u00f4t Vente Batterie Percussion | Rimocc Lyon","description":"Fabriqu\u00e9es avec les m\u00e9thodes ancestrales des ma\u00eetres artisans turcs, ces cymbales \u00e0 la sonorit\u00e9 sombre et profonde offrent des harmonies uniques. L\u2019art de la fabrication de cymbales faites \u00e0 la main est pouss\u00e9 \u00e0 son paroxysme.","robots":{"index":"index","follow":"follow","max-snippet":"max-snippet:-1","max-image-preview":"max-image-preview:large","max-video-preview":"max-video-preview:-1"},"canonical":"https:\/\/www.rimocc.com\/en\/product\/zildjian-k-constantinople-crash-16\/","og_locale":"en_US","og_type":"article","og_title":"Zildjian K Constantinople Crash 16\" - D\u00e9p\u00f4t Vente Batterie Percussion | Rimocc Lyon","og_description":"Fabriqu\u00e9es avec les m\u00e9thodes ancestrales des ma\u00eetres artisans turcs, ces cymbales \u00e0 la sonorit\u00e9 sombre et profonde offrent des harmonies uniques. L\u2019art de la fabrication de cymbales faites \u00e0 la main est pouss\u00e9 \u00e0 son paroxysme.","og_url":"https:\/\/www.rimocc.com\/en\/product\/zildjian-k-constantinople-crash-16\/","og_site_name":"D\u00e9p\u00f4t Vente Batterie Percussion | Rimocc Lyon","article_publisher":"https:\/\/www.facebook.com\/rimocclyon\/?locale=fr_FR","article_modified_time":"2024-02-04T11:15:47+00:00","og_image":[{"width":1920,"height":1920,"url":"https:\/\/www.rimocc.com\/wp-content\/uploads\/2024\/01\/Zildjian-K-Constantinople-Crash-16_-1.jpg","type":"image\/jpeg"}],"twitter_card":"summary_large_image","twitter_misc":{"Est. reading time":"1 minute"},"schema":{"@context":"https:\/\/schema.org","@graph":[{"@type":"WebPage","@id":"https:\/\/www.rimocc.com\/product\/zildjian-k-constantinople-crash-16\/","url":"https:\/\/www.rimocc.com\/product\/zildjian-k-constantinople-crash-16\/","name":"Zildjian K Constantinople Crash 16\" - D\u00e9p\u00f4t Vente Batterie Percussion | Rimocc Lyon","isPartOf":{"@id":"https:\/\/www.rimocc.com\/#website"},"primaryImageOfPage":{"@id":"https:\/\/www.rimocc.com\/product\/zildjian-k-constantinople-crash-16\/#primaryimage"},"image":{"@id":"https:\/\/www.rimocc.com\/product\/zildjian-k-constantinople-crash-16\/#primaryimage"},"thumbnailUrl":"https:\/\/www.rimocc.com\/wp-content\/uploads\/2024\/01\/Zildjian-K-Constantinople-Crash-16_-1.jpg","datePublished":"2024-01-19T10:02:13+00:00","dateModified":"2024-02-04T11:15:47+00:00","description":"Fabriqu\u00e9es avec les m\u00e9thodes ancestrales des ma\u00eetres artisans turcs, ces cymbales \u00e0 la sonorit\u00e9 sombre et profonde offrent des harmonies uniques. L\u2019art de la fabrication de cymbales faites \u00e0 la main est pouss\u00e9 \u00e0 son paroxysme.","breadcrumb":{"@id":"https:\/\/www.rimocc.com\/product\/zildjian-k-constantinople-crash-16\/#breadcrumb"},"inLanguage":"en-US","potentialAction":[{"@type":"ReadAction","target":["https:\/\/www.rimocc.com\/product\/zildjian-k-constantinople-crash-16\/"]}]},{"@type":"ImageObject","inLanguage":"en-US","@id":"https:\/\/www.rimocc.com\/product\/zildjian-k-constantinople-crash-16\/#primaryimage","url":"https:\/\/www.rimocc.com\/wp-content\/uploads\/2024\/01\/Zildjian-K-Constantinople-Crash-16_-1.jpg","contentUrl":"https:\/\/www.rimocc.com\/wp-content\/uploads\/2024\/01\/Zildjian-K-Constantinople-Crash-16_-1.jpg","width":1920,"height":1920,"caption":"Zildjian K Constantinople Crash 16\""},{"@type":"BreadcrumbList","@id":"https:\/\/www.rimocc.com\/product\/zildjian-k-constantinople-crash-16\/#breadcrumb","itemListElement":[{"@type":"ListItem","position":1,"name":"Home","item":"https:\/\/www.rimocc.com\/"},{"@type":"ListItem","position":2,"name":"Shop","item":"https:\/\/www.rimocc.com\/shop\/"},{"@type":"ListItem","position":3,"name":"Zildjian K Constantinople Crash 16&#8243;"}]},{"@type":"WebSite","@id":"https:\/\/www.rimocc.com\/#website","url":"https:\/\/www.rimocc.com\/","name":"D\u00e9p\u00f4t Vente Batterie Percussion | Rimocc Lyon","description":"Rimocc: l&#039;unique magasin d\u00e9di\u00e9 enti\u00e8rement \u00e0 la batterie, percussion d&#039;occasion et vintage \u00e0 Lyon, France","publisher":{"@id":"https:\/\/www.rimocc.com\/#organization"},"alternateName":"Rimocc'","potentialAction":[{"@type":"SearchAction","target":{"@type":"EntryPoint","urlTemplate":"https:\/\/www.rimocc.com\/?s={search_term_string}"},"query-input":{"@type":"PropertyValueSpecification","valueRequired":true,"valueName":"search_term_string"}}],"inLanguage":"en-US"},{"@type":"Organization","@id":"https:\/\/www.rimocc.com\/#organization","name":"Rimocc'","alternateName":"Rimocc","url":"https:\/\/www.rimocc.com\/","logo":{"@type":"ImageObject","inLanguage":"en-US","@id":"https:\/\/www.rimocc.com\/#\/schema\/logo\/image\/","url":"https:\/\/i0.wp.com\/www.rimocc.com\/wp-content\/uploads\/2023\/07\/RIMOCC_LOGO.jpg?fit=459%2C114&ssl=1","contentUrl":"https:\/\/i0.wp.com\/www.rimocc.com\/wp-content\/uploads\/2023\/07\/RIMOCC_LOGO.jpg?fit=459%2C114&ssl=1","width":459,"height":114,"caption":"Rimocc'"},"image":{"@id":"https:\/\/www.rimocc.com\/#\/schema\/logo\/image\/"},"sameAs":["https:\/\/www.facebook.com\/rimocclyon\/?locale=fr_FR","https:\/\/www.instagram.com\/rimoccc\/?hl=fr","https:\/\/www.tiktok.com\/@rimocc","https:\/\/www.youtube.com\/@Rimocc"]}]}},"jetpack_publicize_connections":[],"jetpack_sharing_enabled":true,"_links":{"self":[{"href":"https:\/\/www.rimocc.com\/en\/wp-json\/wp\/v2\/product\/11159","targetHints":{"allow":["GET"]}}],"collection":[{"href":"https:\/\/www.rimocc.com\/en\/wp-json\/wp\/v2\/product"}],"about":[{"href":"https:\/\/www.rimocc.com\/en\/wp-json\/wp\/v2\/types\/product"}],"replies":[{"embeddable":true,"href":"https:\/\/www.rimocc.com\/en\/wp-json\/wp\/v2\/comments?post=11159"}],"wp:featuredmedia":[{"embeddable":true,"href":"https:\/\/www.rimocc.com\/en\/wp-json\/wp\/v2\/media\/11156"}],"wp:attachment":[{"href":"https:\/\/www.rimocc.com\/en\/wp-json\/wp\/v2\/media?parent=11159"}],"wp:term":[{"taxonomy":"product_brand","embeddable":true,"href":"https:\/\/www.rimocc.com\/en\/wp-json\/wp\/v2\/product_brand?post=11159"},{"taxonomy":"product_cat","embeddable":true,"href":"https:\/\/www.rimocc.com\/en\/wp-json\/wp\/v2\/product_cat?post=11159"},{"taxonomy":"product_tag","embeddable":true,"href":"https:\/\/www.rimocc.com\/en\/wp-json\/wp\/v2\/product_tag?post=11159"}],"curies":[{"name":"wp","href":"https:\/\/api.w.org\/{rel}","templated":true}]}}