{"id":11110,"date":"2024-01-12T16:23:32","date_gmt":"2024-01-12T15:23:32","guid":{"rendered":"https:\/\/www.rimocc.com\/?post_type=product&#038;p=11110"},"modified":"2024-06-11T16:55:18","modified_gmt":"2024-06-11T14:55:18","slug":"pdp-x7-by-dw-all-maple-black-sparkle","status":"publish","type":"product","link":"https:\/\/www.rimocc.com\/en\/product\/pdp-x7-by-dw-all-maple-black-sparkle\/","title":{"rendered":"PDP X7 by DW All Maple Black Sparkle"},"content":{"rendered":"<p>PDP X7 by DW All Maple<br \/>\n8&Prime;x7&Prime; 10&Prime;x8&Prime; 12&Prime;x9&Prime; 14&Prime;x12&Prime; 16&Prime;x14&Prime; 22&Prime;x18&Prime; + cc 14&Prime;x5&Prime; + PDP support tom + pied caisse claire<br \/>\n(pied de cymbale non inclus)<br \/>\nBon \u00e9tat g\u00e9n\u00e9ral, traces de frottements et accastillage anodis\u00e9 par endroits terni<\/p>\n<p><strong>(enl\u00e8vement sur place privil\u00e9gi\u00e9 mais envoi possible dans toute la France sur devis s\u00e9par\u00e9 \u2013 merci de s\u00e9lectionner l\u2019option retrait sur place et nous vous ferons parvenir un devis s\u00e9par\u00e9 pour la livraison, \u00e0 r\u00e9gler s\u00e9par\u00e9ment)<br \/>\nInternational order, pick-up ONLY<\/strong><em><\/p>\n<p>Batterie Rimocc&rsquo; Lyon<\/p>","protected":false},"excerpt":{"rendered":"<p>PDP X7 by DW All Maple 8&Prime;x7&Prime; 10&Prime;x8&Prime; 12&Prime;x9&Prime; 14&Prime;x12&Prime; 16&Prime;x14&Prime; 22&Prime;x18&Prime; + cc 14&Prime;x5&Prime; + PDP support tom + pied caisse claire (pied de cymbale non inclus) Bon \u00e9tat g\u00e9n\u00e9ral, traces de frottements et accastillage anodis\u00e9 par endroits terni (enl\u00e8vement sur place privil\u00e9gi\u00e9 mais envoi possible dans toute la France sur devis s\u00e9par\u00e9 \u2013 [&hellip;]<\/p>\n","protected":false},"featured_media":11100,"comment_status":"open","ping_status":"closed","template":"","meta":{"jetpack_publicize_message":"","jetpack_publicize_feature_enabled":true,"jetpack_social_post_already_shared":false,"jetpack_social_options":{"image_generator_settings":{"template":"highway","default_image_id":0,"font":"","enabled":false},"version":2}},"product_brand":[],"product_cat":[20],"product_tag":[41,43,222,346,347],"class_list":{"0":"post-11110","1":"product","2":"type-product","3":"status-publish","4":"has-post-thumbnail","6":"product_cat-batterie","7":"product_tag-batterie","8":"product_tag-drums","9":"product_tag-pdp","10":"product_tag-pdp-by-dw","11":"product_tag-pdp-x7","13":"entry","14":"has-media","16":"first","17":"outofstock","18":"shipping-taxable","19":"purchasable","20":"product-type-simple","21":"has-product-nav","22":"col","23":"span_1_of_3","24":"owp-content-center","25":"owp-thumbs-layout-horizontal","26":"owp-btn-normal","27":"owp-tabs-layout-horizontal"},"yoast_head":"<!-- This site is optimized with the Yoast SEO plugin v27.4 - https:\/\/yoast.com\/product\/yoast-seo-wordpress\/ -->\n<title>PDP X7 by DW All Maple Black Sparkle - D\u00e9p\u00f4t Vente Batterie Percussion | Rimocc Lyon<\/title>\n<meta name=\"description\" content=\"8&quot;x7&quot; 10&quot;x8&quot; 12&quot;x9&quot; 14&quot;x12&quot; 16&quot;x14&quot; 22&quot;x18&quot; + cc 14&quot;x5&quot; + PDP support tom + pied caisse claire (pied de cymbale non inclus)\" \/>\n<meta name=\"robots\" content=\"index, follow, max-snippet:-1, max-image-preview:large, max-video-preview:-1\" \/>\n<link rel=\"canonical\" href=\"https:\/\/www.rimocc.com\/en\/product\/pdp-x7-by-dw-all-maple-black-sparkle\/\" \/>\n<meta property=\"og:locale\" content=\"en_US\" \/>\n<meta property=\"og:type\" content=\"article\" \/>\n<meta property=\"og:title\" content=\"PDP X7 by DW All Maple Black Sparkle - D\u00e9p\u00f4t Vente Batterie Percussion | Rimocc Lyon\" \/>\n<meta property=\"og:description\" content=\"8&quot;x7&quot; 10&quot;x8&quot; 12&quot;x9&quot; 14&quot;x12&quot; 16&quot;x14&quot; 22&quot;x18&quot; + cc 14&quot;x5&quot; + PDP support tom + pied caisse claire (pied de cymbale non inclus)\" \/>\n<meta property=\"og:url\" content=\"https:\/\/www.rimocc.com\/en\/product\/pdp-x7-by-dw-all-maple-black-sparkle\/\" \/>\n<meta property=\"og:site_name\" content=\"D\u00e9p\u00f4t Vente Batterie Percussion | Rimocc Lyon\" \/>\n<meta property=\"article:publisher\" content=\"https:\/\/www.facebook.com\/rimocclyon\/?locale=fr_FR\" \/>\n<meta property=\"article:modified_time\" content=\"2024-06-11T14:55:18+00:00\" \/>\n<meta property=\"og:image\" content=\"https:\/\/www.rimocc.com\/wp-content\/uploads\/2024\/01\/PDP-X7-All-Maple-8_x7_-10_x8_-12_x9_-14_x12_-16_x14_-22_x18_-cc-14_x5_-PDP-support-tom-pied-caisse-claire-1.jpg\" \/>\n\t<meta property=\"og:image:width\" content=\"1920\" \/>\n\t<meta property=\"og:image:height\" content=\"1920\" \/>\n\t<meta property=\"og:image:type\" content=\"image\/jpeg\" \/>\n<meta name=\"twitter:card\" content=\"summary_large_image\" \/>\n<meta name=\"twitter:label1\" content=\"Est. reading time\" \/>\n\t<meta name=\"twitter:data1\" content=\"1 minute\" \/>\n<script type=\"application\/ld+json\" class=\"yoast-schema-graph\">{\"@context\":\"https:\\\/\\\/schema.org\",\"@graph\":[{\"@type\":\"WebPage\",\"@id\":\"https:\\\/\\\/www.rimocc.com\\\/product\\\/pdp-x7-by-dw-all-maple-black-sparkle\\\/\",\"url\":\"https:\\\/\\\/www.rimocc.com\\\/product\\\/pdp-x7-by-dw-all-maple-black-sparkle\\\/\",\"name\":\"PDP X7 by DW All Maple Black Sparkle - D\u00e9p\u00f4t Vente Batterie Percussion | Rimocc Lyon\",\"isPartOf\":{\"@id\":\"https:\\\/\\\/www.rimocc.com\\\/#website\"},\"primaryImageOfPage\":{\"@id\":\"https:\\\/\\\/www.rimocc.com\\\/product\\\/pdp-x7-by-dw-all-maple-black-sparkle\\\/#primaryimage\"},\"image\":{\"@id\":\"https:\\\/\\\/www.rimocc.com\\\/product\\\/pdp-x7-by-dw-all-maple-black-sparkle\\\/#primaryimage\"},\"thumbnailUrl\":\"https:\\\/\\\/www.rimocc.com\\\/wp-content\\\/uploads\\\/2024\\\/01\\\/PDP-X7-All-Maple-8_x7_-10_x8_-12_x9_-14_x12_-16_x14_-22_x18_-cc-14_x5_-PDP-support-tom-pied-caisse-claire-1.jpg\",\"datePublished\":\"2024-01-12T15:23:32+00:00\",\"dateModified\":\"2024-06-11T14:55:18+00:00\",\"description\":\"8\\\"x7\\\" 10\\\"x8\\\" 12\\\"x9\\\" 14\\\"x12\\\" 16\\\"x14\\\" 22\\\"x18\\\" + cc 14\\\"x5\\\" + PDP support tom + pied caisse claire (pied de cymbale non inclus)\",\"breadcrumb\":{\"@id\":\"https:\\\/\\\/www.rimocc.com\\\/product\\\/pdp-x7-by-dw-all-maple-black-sparkle\\\/#breadcrumb\"},\"inLanguage\":\"en-US\",\"potentialAction\":[{\"@type\":\"ReadAction\",\"target\":[\"https:\\\/\\\/www.rimocc.com\\\/product\\\/pdp-x7-by-dw-all-maple-black-sparkle\\\/\"]}]},{\"@type\":\"ImageObject\",\"inLanguage\":\"en-US\",\"@id\":\"https:\\\/\\\/www.rimocc.com\\\/product\\\/pdp-x7-by-dw-all-maple-black-sparkle\\\/#primaryimage\",\"url\":\"https:\\\/\\\/www.rimocc.com\\\/wp-content\\\/uploads\\\/2024\\\/01\\\/PDP-X7-All-Maple-8_x7_-10_x8_-12_x9_-14_x12_-16_x14_-22_x18_-cc-14_x5_-PDP-support-tom-pied-caisse-claire-1.jpg\",\"contentUrl\":\"https:\\\/\\\/www.rimocc.com\\\/wp-content\\\/uploads\\\/2024\\\/01\\\/PDP-X7-All-Maple-8_x7_-10_x8_-12_x9_-14_x12_-16_x14_-22_x18_-cc-14_x5_-PDP-support-tom-pied-caisse-claire-1.jpg\",\"width\":1920,\"height\":1920},{\"@type\":\"BreadcrumbList\",\"@id\":\"https:\\\/\\\/www.rimocc.com\\\/product\\\/pdp-x7-by-dw-all-maple-black-sparkle\\\/#breadcrumb\",\"itemListElement\":[{\"@type\":\"ListItem\",\"position\":1,\"name\":\"Home\",\"item\":\"https:\\\/\\\/www.rimocc.com\\\/\"},{\"@type\":\"ListItem\",\"position\":2,\"name\":\"Shop\",\"item\":\"https:\\\/\\\/www.rimocc.com\\\/shop\\\/\"},{\"@type\":\"ListItem\",\"position\":3,\"name\":\"PDP X7 by DW All Maple Black Sparkle\"}]},{\"@type\":\"WebSite\",\"@id\":\"https:\\\/\\\/www.rimocc.com\\\/#website\",\"url\":\"https:\\\/\\\/www.rimocc.com\\\/\",\"name\":\"D\u00e9p\u00f4t Vente Batterie Percussion | Rimocc Lyon\",\"description\":\"Rimocc: l&#039;unique magasin d\u00e9di\u00e9 enti\u00e8rement \u00e0 la batterie, percussion d&#039;occasion et vintage \u00e0 Lyon, France\",\"publisher\":{\"@id\":\"https:\\\/\\\/www.rimocc.com\\\/#organization\"},\"alternateName\":\"Rimocc'\",\"potentialAction\":[{\"@type\":\"SearchAction\",\"target\":{\"@type\":\"EntryPoint\",\"urlTemplate\":\"https:\\\/\\\/www.rimocc.com\\\/?s={search_term_string}\"},\"query-input\":{\"@type\":\"PropertyValueSpecification\",\"valueRequired\":true,\"valueName\":\"search_term_string\"}}],\"inLanguage\":\"en-US\"},{\"@type\":\"Organization\",\"@id\":\"https:\\\/\\\/www.rimocc.com\\\/#organization\",\"name\":\"Rimocc'\",\"alternateName\":\"Rimocc\",\"url\":\"https:\\\/\\\/www.rimocc.com\\\/\",\"logo\":{\"@type\":\"ImageObject\",\"inLanguage\":\"en-US\",\"@id\":\"https:\\\/\\\/www.rimocc.com\\\/#\\\/schema\\\/logo\\\/image\\\/\",\"url\":\"https:\\\/\\\/i0.wp.com\\\/www.rimocc.com\\\/wp-content\\\/uploads\\\/2023\\\/07\\\/RIMOCC_LOGO.jpg?fit=459%2C114&ssl=1\",\"contentUrl\":\"https:\\\/\\\/i0.wp.com\\\/www.rimocc.com\\\/wp-content\\\/uploads\\\/2023\\\/07\\\/RIMOCC_LOGO.jpg?fit=459%2C114&ssl=1\",\"width\":459,\"height\":114,\"caption\":\"Rimocc'\"},\"image\":{\"@id\":\"https:\\\/\\\/www.rimocc.com\\\/#\\\/schema\\\/logo\\\/image\\\/\"},\"sameAs\":[\"https:\\\/\\\/www.facebook.com\\\/rimocclyon\\\/?locale=fr_FR\",\"https:\\\/\\\/www.instagram.com\\\/rimoccc\\\/?hl=fr\",\"https:\\\/\\\/www.tiktok.com\\\/@rimocc\",\"https:\\\/\\\/www.youtube.com\\\/@Rimocc\"]}]}<\/script>\n<!-- \/ Yoast SEO plugin. -->","yoast_head_json":{"title":"PDP X7 by DW All Maple Black Sparkle - D\u00e9p\u00f4t Vente Batterie Percussion | Rimocc Lyon","description":"8\"x7\" 10\"x8\" 12\"x9\" 14\"x12\" 16\"x14\" 22\"x18\" + cc 14\"x5\" + PDP support tom + pied caisse claire (pied de cymbale non inclus)","robots":{"index":"index","follow":"follow","max-snippet":"max-snippet:-1","max-image-preview":"max-image-preview:large","max-video-preview":"max-video-preview:-1"},"canonical":"https:\/\/www.rimocc.com\/en\/product\/pdp-x7-by-dw-all-maple-black-sparkle\/","og_locale":"en_US","og_type":"article","og_title":"PDP X7 by DW All Maple Black Sparkle - D\u00e9p\u00f4t Vente Batterie Percussion | Rimocc Lyon","og_description":"8\"x7\" 10\"x8\" 12\"x9\" 14\"x12\" 16\"x14\" 22\"x18\" + cc 14\"x5\" + PDP support tom + pied caisse claire (pied de cymbale non inclus)","og_url":"https:\/\/www.rimocc.com\/en\/product\/pdp-x7-by-dw-all-maple-black-sparkle\/","og_site_name":"D\u00e9p\u00f4t Vente Batterie Percussion | Rimocc Lyon","article_publisher":"https:\/\/www.facebook.com\/rimocclyon\/?locale=fr_FR","article_modified_time":"2024-06-11T14:55:18+00:00","og_image":[{"width":1920,"height":1920,"url":"https:\/\/www.rimocc.com\/wp-content\/uploads\/2024\/01\/PDP-X7-All-Maple-8_x7_-10_x8_-12_x9_-14_x12_-16_x14_-22_x18_-cc-14_x5_-PDP-support-tom-pied-caisse-claire-1.jpg","type":"image\/jpeg"}],"twitter_card":"summary_large_image","twitter_misc":{"Est. reading time":"1 minute"},"schema":{"@context":"https:\/\/schema.org","@graph":[{"@type":"WebPage","@id":"https:\/\/www.rimocc.com\/product\/pdp-x7-by-dw-all-maple-black-sparkle\/","url":"https:\/\/www.rimocc.com\/product\/pdp-x7-by-dw-all-maple-black-sparkle\/","name":"PDP X7 by DW All Maple Black Sparkle - D\u00e9p\u00f4t Vente Batterie Percussion | Rimocc Lyon","isPartOf":{"@id":"https:\/\/www.rimocc.com\/#website"},"primaryImageOfPage":{"@id":"https:\/\/www.rimocc.com\/product\/pdp-x7-by-dw-all-maple-black-sparkle\/#primaryimage"},"image":{"@id":"https:\/\/www.rimocc.com\/product\/pdp-x7-by-dw-all-maple-black-sparkle\/#primaryimage"},"thumbnailUrl":"https:\/\/www.rimocc.com\/wp-content\/uploads\/2024\/01\/PDP-X7-All-Maple-8_x7_-10_x8_-12_x9_-14_x12_-16_x14_-22_x18_-cc-14_x5_-PDP-support-tom-pied-caisse-claire-1.jpg","datePublished":"2024-01-12T15:23:32+00:00","dateModified":"2024-06-11T14:55:18+00:00","description":"8\"x7\" 10\"x8\" 12\"x9\" 14\"x12\" 16\"x14\" 22\"x18\" + cc 14\"x5\" + PDP support tom + pied caisse claire (pied de cymbale non inclus)","breadcrumb":{"@id":"https:\/\/www.rimocc.com\/product\/pdp-x7-by-dw-all-maple-black-sparkle\/#breadcrumb"},"inLanguage":"en-US","potentialAction":[{"@type":"ReadAction","target":["https:\/\/www.rimocc.com\/product\/pdp-x7-by-dw-all-maple-black-sparkle\/"]}]},{"@type":"ImageObject","inLanguage":"en-US","@id":"https:\/\/www.rimocc.com\/product\/pdp-x7-by-dw-all-maple-black-sparkle\/#primaryimage","url":"https:\/\/www.rimocc.com\/wp-content\/uploads\/2024\/01\/PDP-X7-All-Maple-8_x7_-10_x8_-12_x9_-14_x12_-16_x14_-22_x18_-cc-14_x5_-PDP-support-tom-pied-caisse-claire-1.jpg","contentUrl":"https:\/\/www.rimocc.com\/wp-content\/uploads\/2024\/01\/PDP-X7-All-Maple-8_x7_-10_x8_-12_x9_-14_x12_-16_x14_-22_x18_-cc-14_x5_-PDP-support-tom-pied-caisse-claire-1.jpg","width":1920,"height":1920},{"@type":"BreadcrumbList","@id":"https:\/\/www.rimocc.com\/product\/pdp-x7-by-dw-all-maple-black-sparkle\/#breadcrumb","itemListElement":[{"@type":"ListItem","position":1,"name":"Home","item":"https:\/\/www.rimocc.com\/"},{"@type":"ListItem","position":2,"name":"Shop","item":"https:\/\/www.rimocc.com\/shop\/"},{"@type":"ListItem","position":3,"name":"PDP X7 by DW All Maple Black Sparkle"}]},{"@type":"WebSite","@id":"https:\/\/www.rimocc.com\/#website","url":"https:\/\/www.rimocc.com\/","name":"D\u00e9p\u00f4t Vente Batterie Percussion | Rimocc Lyon","description":"Rimocc: l&#039;unique magasin d\u00e9di\u00e9 enti\u00e8rement \u00e0 la batterie, percussion d&#039;occasion et vintage \u00e0 Lyon, France","publisher":{"@id":"https:\/\/www.rimocc.com\/#organization"},"alternateName":"Rimocc'","potentialAction":[{"@type":"SearchAction","target":{"@type":"EntryPoint","urlTemplate":"https:\/\/www.rimocc.com\/?s={search_term_string}"},"query-input":{"@type":"PropertyValueSpecification","valueRequired":true,"valueName":"search_term_string"}}],"inLanguage":"en-US"},{"@type":"Organization","@id":"https:\/\/www.rimocc.com\/#organization","name":"Rimocc'","alternateName":"Rimocc","url":"https:\/\/www.rimocc.com\/","logo":{"@type":"ImageObject","inLanguage":"en-US","@id":"https:\/\/www.rimocc.com\/#\/schema\/logo\/image\/","url":"https:\/\/i0.wp.com\/www.rimocc.com\/wp-content\/uploads\/2023\/07\/RIMOCC_LOGO.jpg?fit=459%2C114&ssl=1","contentUrl":"https:\/\/i0.wp.com\/www.rimocc.com\/wp-content\/uploads\/2023\/07\/RIMOCC_LOGO.jpg?fit=459%2C114&ssl=1","width":459,"height":114,"caption":"Rimocc'"},"image":{"@id":"https:\/\/www.rimocc.com\/#\/schema\/logo\/image\/"},"sameAs":["https:\/\/www.facebook.com\/rimocclyon\/?locale=fr_FR","https:\/\/www.instagram.com\/rimoccc\/?hl=fr","https:\/\/www.tiktok.com\/@rimocc","https:\/\/www.youtube.com\/@Rimocc"]}]}},"jetpack_publicize_connections":[],"jetpack_sharing_enabled":true,"_links":{"self":[{"href":"https:\/\/www.rimocc.com\/en\/wp-json\/wp\/v2\/product\/11110","targetHints":{"allow":["GET"]}}],"collection":[{"href":"https:\/\/www.rimocc.com\/en\/wp-json\/wp\/v2\/product"}],"about":[{"href":"https:\/\/www.rimocc.com\/en\/wp-json\/wp\/v2\/types\/product"}],"replies":[{"embeddable":true,"href":"https:\/\/www.rimocc.com\/en\/wp-json\/wp\/v2\/comments?post=11110"}],"wp:featuredmedia":[{"embeddable":true,"href":"https:\/\/www.rimocc.com\/en\/wp-json\/wp\/v2\/media\/11100"}],"wp:attachment":[{"href":"https:\/\/www.rimocc.com\/en\/wp-json\/wp\/v2\/media?parent=11110"}],"wp:term":[{"taxonomy":"product_brand","embeddable":true,"href":"https:\/\/www.rimocc.com\/en\/wp-json\/wp\/v2\/product_brand?post=11110"},{"taxonomy":"product_cat","embeddable":true,"href":"https:\/\/www.rimocc.com\/en\/wp-json\/wp\/v2\/product_cat?post=11110"},{"taxonomy":"product_tag","embeddable":true,"href":"https:\/\/www.rimocc.com\/en\/wp-json\/wp\/v2\/product_tag?post=11110"}],"curies":[{"name":"wp","href":"https:\/\/api.w.org\/{rel}","templated":true}]}}