{"id":11069,"date":"2024-01-06T17:45:27","date_gmt":"2024-01-06T16:45:27","guid":{"rendered":"https:\/\/www.rimocc.com\/?post_type=product&#038;p=11069"},"modified":"2024-01-09T10:16:49","modified_gmt":"2024-01-09T09:16:49","slug":"tama-starclassic-performer-indigo-blue-22x16-12x10-13x11-16x16-made-in-japan","status":"publish","type":"product","link":"https:\/\/www.rimocc.com\/en\/product\/tama-starclassic-performer-indigo-blue-22x16-12x10-13x11-16x16-made-in-japan\/","title":{"rendered":"Tama Starclassic Performer Indigo Blue 22&Prime;x16&Prime; 12&Prime;x10 13&Prime;x11&Prime; 16&Prime;x16&Prime; Made in Japan"},"content":{"rendered":"<p>22&Prime;x16&Prime; 12&Prime;x10 13&Prime;x11&Prime; 16&Prime;x16&Prime; Made in Japan<br \/>\nAll Birch<br \/>\nTr\u00e8s bon \u00e9tat g\u00e9n\u00e9ral<br \/>\nQuelques traces sur le vernis<br \/>\n(Caisse claire et pied de caisse claire non inclus)<br \/>\n<strong>(enl\u00e8vement sur place privil\u00e9gi\u00e9 mais envoi possible dans toute la France sur devis s\u00e9par\u00e9 \u2013 merci de s\u00e9lectionner l\u2019option retrait sur place et nous vous ferons parvenir un devis s\u00e9par\u00e9 pour la livraison, \u00e0 r\u00e9gler s\u00e9par\u00e9ment)<br \/>\nInternational order, pick-up ONLY<\/strong><em><\/p>\n<p>Batterie Rimocc&rsquo; Lyon<\/p>","protected":false},"excerpt":{"rendered":"<p>22&Prime;x16&Prime; 12&Prime;x10 13&Prime;x11&Prime; 16&Prime;x16&Prime; Made in Japan All Birch Tr\u00e8s bon \u00e9tat g\u00e9n\u00e9ral Quelques traces sur le vernis (Caisse claire et pied de caisse claire non inclus) (enl\u00e8vement sur place privil\u00e9gi\u00e9 mais envoi possible dans toute la France sur devis s\u00e9par\u00e9 \u2013 merci de s\u00e9lectionner l\u2019option retrait sur place et nous vous ferons parvenir un [&hellip;]<\/p>\n","protected":false},"featured_media":11058,"comment_status":"open","ping_status":"closed","template":"","meta":{"jetpack_publicize_message":"","jetpack_publicize_feature_enabled":true,"jetpack_social_post_already_shared":false,"jetpack_social_options":{"image_generator_settings":{"template":"highway","default_image_id":0,"font":"","enabled":false},"version":2}},"product_brand":[],"product_cat":[20],"product_tag":[43,185,58,340],"class_list":{"0":"post-11069","1":"product","2":"type-product","3":"status-publish","4":"has-post-thumbnail","6":"product_cat-batterie","7":"product_tag-drums","8":"product_tag-made-in-japan","9":"product_tag-tama","10":"product_tag-tama-starclassic-performer","12":"entry","13":"has-media","15":"first","16":"outofstock","17":"shipping-taxable","18":"purchasable","19":"product-type-simple","20":"has-product-nav","21":"col","22":"span_1_of_3","23":"owp-content-center","24":"owp-thumbs-layout-horizontal","25":"owp-btn-normal","26":"owp-tabs-layout-horizontal"},"yoast_head":"<!-- This site is optimized with the Yoast SEO plugin v27.3 - https:\/\/yoast.com\/product\/yoast-seo-wordpress\/ -->\n<title>Tama Starclassic Performer Indigo Blue 22&quot;x16&quot; 12&quot;x10 13&quot;x11&quot; 16&quot;x16&quot; Made in Japan - D\u00e9p\u00f4t Vente Batterie Percussion | Rimocc Lyon<\/title>\n<meta name=\"description\" content=\"22&quot;x16&quot; 12&quot;x10 13&quot;x11&quot; 16&quot;x16&quot; Made in Japan All Birch\" \/>\n<meta name=\"robots\" content=\"index, follow, max-snippet:-1, max-image-preview:large, max-video-preview:-1\" \/>\n<link rel=\"canonical\" href=\"https:\/\/www.rimocc.com\/en\/product\/tama-starclassic-performer-indigo-blue-22x16-12x10-13x11-16x16-made-in-japan\/\" \/>\n<meta property=\"og:locale\" content=\"en_US\" \/>\n<meta property=\"og:type\" content=\"article\" \/>\n<meta property=\"og:title\" content=\"Tama Starclassic Performer Indigo Blue 22&quot;x16&quot; 12&quot;x10 13&quot;x11&quot; 16&quot;x16&quot; Made in Japan - D\u00e9p\u00f4t Vente Batterie Percussion | Rimocc Lyon\" \/>\n<meta property=\"og:description\" content=\"22&quot;x16&quot; 12&quot;x10 13&quot;x11&quot; 16&quot;x16&quot; Made in Japan All Birch\" \/>\n<meta property=\"og:url\" content=\"https:\/\/www.rimocc.com\/en\/product\/tama-starclassic-performer-indigo-blue-22x16-12x10-13x11-16x16-made-in-japan\/\" \/>\n<meta property=\"og:site_name\" content=\"D\u00e9p\u00f4t Vente Batterie Percussion | Rimocc Lyon\" \/>\n<meta property=\"article:publisher\" content=\"https:\/\/www.facebook.com\/rimocclyon\/?locale=fr_FR\" \/>\n<meta property=\"article:modified_time\" content=\"2024-01-09T09:16:49+00:00\" \/>\n<meta property=\"og:image\" content=\"https:\/\/www.rimocc.com\/wp-content\/uploads\/2024\/01\/Tama-Starclassic-Performer-Indigo-Blue-22_x16_-12_x10-13_x11_-16_x16_-Made-in-Japan-1.jpg\" \/>\n\t<meta property=\"og:image:width\" content=\"1920\" \/>\n\t<meta property=\"og:image:height\" content=\"1920\" \/>\n\t<meta property=\"og:image:type\" content=\"image\/jpeg\" \/>\n<meta name=\"twitter:card\" content=\"summary_large_image\" \/>\n<meta name=\"twitter:label1\" content=\"Est. reading time\" \/>\n\t<meta name=\"twitter:data1\" content=\"1 minute\" \/>\n<script type=\"application\/ld+json\" class=\"yoast-schema-graph\">{\"@context\":\"https:\\\/\\\/schema.org\",\"@graph\":[{\"@type\":\"WebPage\",\"@id\":\"https:\\\/\\\/www.rimocc.com\\\/product\\\/tama-starclassic-performer-indigo-blue-22x16-12x10-13x11-16x16-made-in-japan\\\/\",\"url\":\"https:\\\/\\\/www.rimocc.com\\\/product\\\/tama-starclassic-performer-indigo-blue-22x16-12x10-13x11-16x16-made-in-japan\\\/\",\"name\":\"Tama Starclassic Performer Indigo Blue 22\\\"x16\\\" 12\\\"x10 13\\\"x11\\\" 16\\\"x16\\\" Made in Japan - D\u00e9p\u00f4t Vente Batterie Percussion | Rimocc Lyon\",\"isPartOf\":{\"@id\":\"https:\\\/\\\/www.rimocc.com\\\/#website\"},\"primaryImageOfPage\":{\"@id\":\"https:\\\/\\\/www.rimocc.com\\\/product\\\/tama-starclassic-performer-indigo-blue-22x16-12x10-13x11-16x16-made-in-japan\\\/#primaryimage\"},\"image\":{\"@id\":\"https:\\\/\\\/www.rimocc.com\\\/product\\\/tama-starclassic-performer-indigo-blue-22x16-12x10-13x11-16x16-made-in-japan\\\/#primaryimage\"},\"thumbnailUrl\":\"https:\\\/\\\/www.rimocc.com\\\/wp-content\\\/uploads\\\/2024\\\/01\\\/Tama-Starclassic-Performer-Indigo-Blue-22_x16_-12_x10-13_x11_-16_x16_-Made-in-Japan-1.jpg\",\"datePublished\":\"2024-01-06T16:45:27+00:00\",\"dateModified\":\"2024-01-09T09:16:49+00:00\",\"description\":\"22\\\"x16\\\" 12\\\"x10 13\\\"x11\\\" 16\\\"x16\\\" Made in Japan All Birch\",\"breadcrumb\":{\"@id\":\"https:\\\/\\\/www.rimocc.com\\\/product\\\/tama-starclassic-performer-indigo-blue-22x16-12x10-13x11-16x16-made-in-japan\\\/#breadcrumb\"},\"inLanguage\":\"en-US\",\"potentialAction\":[{\"@type\":\"ReadAction\",\"target\":[\"https:\\\/\\\/www.rimocc.com\\\/product\\\/tama-starclassic-performer-indigo-blue-22x16-12x10-13x11-16x16-made-in-japan\\\/\"]}]},{\"@type\":\"ImageObject\",\"inLanguage\":\"en-US\",\"@id\":\"https:\\\/\\\/www.rimocc.com\\\/product\\\/tama-starclassic-performer-indigo-blue-22x16-12x10-13x11-16x16-made-in-japan\\\/#primaryimage\",\"url\":\"https:\\\/\\\/www.rimocc.com\\\/wp-content\\\/uploads\\\/2024\\\/01\\\/Tama-Starclassic-Performer-Indigo-Blue-22_x16_-12_x10-13_x11_-16_x16_-Made-in-Japan-1.jpg\",\"contentUrl\":\"https:\\\/\\\/www.rimocc.com\\\/wp-content\\\/uploads\\\/2024\\\/01\\\/Tama-Starclassic-Performer-Indigo-Blue-22_x16_-12_x10-13_x11_-16_x16_-Made-in-Japan-1.jpg\",\"width\":1920,\"height\":1920,\"caption\":\"Tama Starclassic Performer Indigo Blue 22\\\"x16\\\" 12\\\"x10 13\\\"x11\\\" 16\\\"x16\\\" Made in Japan\"},{\"@type\":\"BreadcrumbList\",\"@id\":\"https:\\\/\\\/www.rimocc.com\\\/product\\\/tama-starclassic-performer-indigo-blue-22x16-12x10-13x11-16x16-made-in-japan\\\/#breadcrumb\",\"itemListElement\":[{\"@type\":\"ListItem\",\"position\":1,\"name\":\"Home\",\"item\":\"https:\\\/\\\/www.rimocc.com\\\/\"},{\"@type\":\"ListItem\",\"position\":2,\"name\":\"Shop\",\"item\":\"https:\\\/\\\/www.rimocc.com\\\/shop\\\/\"},{\"@type\":\"ListItem\",\"position\":3,\"name\":\"Tama Starclassic Performer Indigo Blue 22&#8243;x16&#8243; 12&#8243;x10 13&#8243;x11&#8243; 16&#8243;x16&#8243; Made in Japan\"}]},{\"@type\":\"WebSite\",\"@id\":\"https:\\\/\\\/www.rimocc.com\\\/#website\",\"url\":\"https:\\\/\\\/www.rimocc.com\\\/\",\"name\":\"D\u00e9p\u00f4t Vente Batterie Percussion | Rimocc Lyon\",\"description\":\"Rimocc: l&#039;unique magasin d\u00e9di\u00e9 enti\u00e8rement \u00e0 la batterie, percussion d&#039;occasion et vintage \u00e0 Lyon, France\",\"publisher\":{\"@id\":\"https:\\\/\\\/www.rimocc.com\\\/#organization\"},\"alternateName\":\"Rimocc'\",\"potentialAction\":[{\"@type\":\"SearchAction\",\"target\":{\"@type\":\"EntryPoint\",\"urlTemplate\":\"https:\\\/\\\/www.rimocc.com\\\/?s={search_term_string}\"},\"query-input\":{\"@type\":\"PropertyValueSpecification\",\"valueRequired\":true,\"valueName\":\"search_term_string\"}}],\"inLanguage\":\"en-US\"},{\"@type\":\"Organization\",\"@id\":\"https:\\\/\\\/www.rimocc.com\\\/#organization\",\"name\":\"Rimocc'\",\"alternateName\":\"Rimocc\",\"url\":\"https:\\\/\\\/www.rimocc.com\\\/\",\"logo\":{\"@type\":\"ImageObject\",\"inLanguage\":\"en-US\",\"@id\":\"https:\\\/\\\/www.rimocc.com\\\/#\\\/schema\\\/logo\\\/image\\\/\",\"url\":\"https:\\\/\\\/i0.wp.com\\\/www.rimocc.com\\\/wp-content\\\/uploads\\\/2023\\\/07\\\/RIMOCC_LOGO.jpg?fit=459%2C114&ssl=1\",\"contentUrl\":\"https:\\\/\\\/i0.wp.com\\\/www.rimocc.com\\\/wp-content\\\/uploads\\\/2023\\\/07\\\/RIMOCC_LOGO.jpg?fit=459%2C114&ssl=1\",\"width\":459,\"height\":114,\"caption\":\"Rimocc'\"},\"image\":{\"@id\":\"https:\\\/\\\/www.rimocc.com\\\/#\\\/schema\\\/logo\\\/image\\\/\"},\"sameAs\":[\"https:\\\/\\\/www.facebook.com\\\/rimocclyon\\\/?locale=fr_FR\",\"https:\\\/\\\/www.instagram.com\\\/rimoccc\\\/?hl=fr\",\"https:\\\/\\\/www.tiktok.com\\\/@rimocc\",\"https:\\\/\\\/www.youtube.com\\\/@Rimocc\"]}]}<\/script>\n<!-- \/ Yoast SEO plugin. -->","yoast_head_json":{"title":"Tama Starclassic Performer Indigo Blue 22\"x16\" 12\"x10 13\"x11\" 16\"x16\" Made in Japan - D\u00e9p\u00f4t Vente Batterie Percussion | Rimocc Lyon","description":"22\"x16\" 12\"x10 13\"x11\" 16\"x16\" Made in Japan All Birch","robots":{"index":"index","follow":"follow","max-snippet":"max-snippet:-1","max-image-preview":"max-image-preview:large","max-video-preview":"max-video-preview:-1"},"canonical":"https:\/\/www.rimocc.com\/en\/product\/tama-starclassic-performer-indigo-blue-22x16-12x10-13x11-16x16-made-in-japan\/","og_locale":"en_US","og_type":"article","og_title":"Tama Starclassic Performer Indigo Blue 22\"x16\" 12\"x10 13\"x11\" 16\"x16\" Made in Japan - D\u00e9p\u00f4t Vente Batterie Percussion | Rimocc Lyon","og_description":"22\"x16\" 12\"x10 13\"x11\" 16\"x16\" Made in Japan All Birch","og_url":"https:\/\/www.rimocc.com\/en\/product\/tama-starclassic-performer-indigo-blue-22x16-12x10-13x11-16x16-made-in-japan\/","og_site_name":"D\u00e9p\u00f4t Vente Batterie Percussion | Rimocc Lyon","article_publisher":"https:\/\/www.facebook.com\/rimocclyon\/?locale=fr_FR","article_modified_time":"2024-01-09T09:16:49+00:00","og_image":[{"width":1920,"height":1920,"url":"https:\/\/www.rimocc.com\/wp-content\/uploads\/2024\/01\/Tama-Starclassic-Performer-Indigo-Blue-22_x16_-12_x10-13_x11_-16_x16_-Made-in-Japan-1.jpg","type":"image\/jpeg"}],"twitter_card":"summary_large_image","twitter_misc":{"Est. reading time":"1 minute"},"schema":{"@context":"https:\/\/schema.org","@graph":[{"@type":"WebPage","@id":"https:\/\/www.rimocc.com\/product\/tama-starclassic-performer-indigo-blue-22x16-12x10-13x11-16x16-made-in-japan\/","url":"https:\/\/www.rimocc.com\/product\/tama-starclassic-performer-indigo-blue-22x16-12x10-13x11-16x16-made-in-japan\/","name":"Tama Starclassic Performer Indigo Blue 22\"x16\" 12\"x10 13\"x11\" 16\"x16\" Made in Japan - D\u00e9p\u00f4t Vente Batterie Percussion | Rimocc Lyon","isPartOf":{"@id":"https:\/\/www.rimocc.com\/#website"},"primaryImageOfPage":{"@id":"https:\/\/www.rimocc.com\/product\/tama-starclassic-performer-indigo-blue-22x16-12x10-13x11-16x16-made-in-japan\/#primaryimage"},"image":{"@id":"https:\/\/www.rimocc.com\/product\/tama-starclassic-performer-indigo-blue-22x16-12x10-13x11-16x16-made-in-japan\/#primaryimage"},"thumbnailUrl":"https:\/\/www.rimocc.com\/wp-content\/uploads\/2024\/01\/Tama-Starclassic-Performer-Indigo-Blue-22_x16_-12_x10-13_x11_-16_x16_-Made-in-Japan-1.jpg","datePublished":"2024-01-06T16:45:27+00:00","dateModified":"2024-01-09T09:16:49+00:00","description":"22\"x16\" 12\"x10 13\"x11\" 16\"x16\" Made in Japan All Birch","breadcrumb":{"@id":"https:\/\/www.rimocc.com\/product\/tama-starclassic-performer-indigo-blue-22x16-12x10-13x11-16x16-made-in-japan\/#breadcrumb"},"inLanguage":"en-US","potentialAction":[{"@type":"ReadAction","target":["https:\/\/www.rimocc.com\/product\/tama-starclassic-performer-indigo-blue-22x16-12x10-13x11-16x16-made-in-japan\/"]}]},{"@type":"ImageObject","inLanguage":"en-US","@id":"https:\/\/www.rimocc.com\/product\/tama-starclassic-performer-indigo-blue-22x16-12x10-13x11-16x16-made-in-japan\/#primaryimage","url":"https:\/\/www.rimocc.com\/wp-content\/uploads\/2024\/01\/Tama-Starclassic-Performer-Indigo-Blue-22_x16_-12_x10-13_x11_-16_x16_-Made-in-Japan-1.jpg","contentUrl":"https:\/\/www.rimocc.com\/wp-content\/uploads\/2024\/01\/Tama-Starclassic-Performer-Indigo-Blue-22_x16_-12_x10-13_x11_-16_x16_-Made-in-Japan-1.jpg","width":1920,"height":1920,"caption":"Tama Starclassic Performer Indigo Blue 22\"x16\" 12\"x10 13\"x11\" 16\"x16\" Made in Japan"},{"@type":"BreadcrumbList","@id":"https:\/\/www.rimocc.com\/product\/tama-starclassic-performer-indigo-blue-22x16-12x10-13x11-16x16-made-in-japan\/#breadcrumb","itemListElement":[{"@type":"ListItem","position":1,"name":"Home","item":"https:\/\/www.rimocc.com\/"},{"@type":"ListItem","position":2,"name":"Shop","item":"https:\/\/www.rimocc.com\/shop\/"},{"@type":"ListItem","position":3,"name":"Tama Starclassic Performer Indigo Blue 22&#8243;x16&#8243; 12&#8243;x10 13&#8243;x11&#8243; 16&#8243;x16&#8243; Made in Japan"}]},{"@type":"WebSite","@id":"https:\/\/www.rimocc.com\/#website","url":"https:\/\/www.rimocc.com\/","name":"D\u00e9p\u00f4t Vente Batterie Percussion | Rimocc Lyon","description":"Rimocc: l&#039;unique magasin d\u00e9di\u00e9 enti\u00e8rement \u00e0 la batterie, percussion d&#039;occasion et vintage \u00e0 Lyon, France","publisher":{"@id":"https:\/\/www.rimocc.com\/#organization"},"alternateName":"Rimocc'","potentialAction":[{"@type":"SearchAction","target":{"@type":"EntryPoint","urlTemplate":"https:\/\/www.rimocc.com\/?s={search_term_string}"},"query-input":{"@type":"PropertyValueSpecification","valueRequired":true,"valueName":"search_term_string"}}],"inLanguage":"en-US"},{"@type":"Organization","@id":"https:\/\/www.rimocc.com\/#organization","name":"Rimocc'","alternateName":"Rimocc","url":"https:\/\/www.rimocc.com\/","logo":{"@type":"ImageObject","inLanguage":"en-US","@id":"https:\/\/www.rimocc.com\/#\/schema\/logo\/image\/","url":"https:\/\/i0.wp.com\/www.rimocc.com\/wp-content\/uploads\/2023\/07\/RIMOCC_LOGO.jpg?fit=459%2C114&ssl=1","contentUrl":"https:\/\/i0.wp.com\/www.rimocc.com\/wp-content\/uploads\/2023\/07\/RIMOCC_LOGO.jpg?fit=459%2C114&ssl=1","width":459,"height":114,"caption":"Rimocc'"},"image":{"@id":"https:\/\/www.rimocc.com\/#\/schema\/logo\/image\/"},"sameAs":["https:\/\/www.facebook.com\/rimocclyon\/?locale=fr_FR","https:\/\/www.instagram.com\/rimoccc\/?hl=fr","https:\/\/www.tiktok.com\/@rimocc","https:\/\/www.youtube.com\/@Rimocc"]}]}},"jetpack_publicize_connections":[],"jetpack_sharing_enabled":true,"_links":{"self":[{"href":"https:\/\/www.rimocc.com\/en\/wp-json\/wp\/v2\/product\/11069","targetHints":{"allow":["GET"]}}],"collection":[{"href":"https:\/\/www.rimocc.com\/en\/wp-json\/wp\/v2\/product"}],"about":[{"href":"https:\/\/www.rimocc.com\/en\/wp-json\/wp\/v2\/types\/product"}],"replies":[{"embeddable":true,"href":"https:\/\/www.rimocc.com\/en\/wp-json\/wp\/v2\/comments?post=11069"}],"wp:featuredmedia":[{"embeddable":true,"href":"https:\/\/www.rimocc.com\/en\/wp-json\/wp\/v2\/media\/11058"}],"wp:attachment":[{"href":"https:\/\/www.rimocc.com\/en\/wp-json\/wp\/v2\/media?parent=11069"}],"wp:term":[{"taxonomy":"product_brand","embeddable":true,"href":"https:\/\/www.rimocc.com\/en\/wp-json\/wp\/v2\/product_brand?post=11069"},{"taxonomy":"product_cat","embeddable":true,"href":"https:\/\/www.rimocc.com\/en\/wp-json\/wp\/v2\/product_cat?post=11069"},{"taxonomy":"product_tag","embeddable":true,"href":"https:\/\/www.rimocc.com\/en\/wp-json\/wp\/v2\/product_tag?post=11069"}],"curies":[{"name":"wp","href":"https:\/\/api.w.org\/{rel}","templated":true}]}}