{"id":10905,"date":"2023-12-12T15:22:17","date_gmt":"2023-12-12T14:22:17","guid":{"rendered":"https:\/\/www.rimocc.com\/?post_type=product&#038;p=10905"},"modified":"2024-02-24T19:23:21","modified_gmt":"2024-02-24T18:23:21","slug":"tama-starcast-mount-with-quicklock-12","status":"publish","type":"product","link":"https:\/\/www.rimocc.com\/en\/product\/tama-starcast-mount-with-quicklock-12\/","title":{"rendered":"Tama Starcast Mount With Quicklock 12&Prime;"},"content":{"rendered":"<p>Tr\u00e8s bon \u00e9tat, proche du neuf<\/p>\n<p>Hardware Rimocc&rsquo; Lyon<\/p>","protected":false},"excerpt":{"rendered":"<p>Tr\u00e8s bon \u00e9tat, proche du neuf Hardware Rimocc&rsquo; Lyon<\/p>","protected":false},"featured_media":10902,"comment_status":"open","ping_status":"closed","template":"","meta":{"jetpack_publicize_message":"","jetpack_publicize_feature_enabled":true,"jetpack_social_post_already_shared":false,"jetpack_social_options":{"image_generator_settings":{"template":"highway","default_image_id":0,"font":"","enabled":false},"version":2}},"product_brand":[],"product_cat":[17],"product_tag":[58,316],"class_list":{"0":"post-10905","1":"product","2":"type-product","3":"status-publish","4":"has-post-thumbnail","6":"product_cat-hardware","7":"product_tag-tama","8":"product_tag-tama-starcast-mount-with-quicklock-12","10":"entry","11":"has-media","13":"first","14":"outofstock","15":"shipping-taxable","16":"purchasable","17":"product-type-simple","18":"has-product-nav","19":"col","20":"span_1_of_3","21":"owp-content-center","22":"owp-thumbs-layout-horizontal","23":"owp-btn-normal","24":"owp-tabs-layout-horizontal"},"yoast_head":"<!-- This site is optimized with the Yoast SEO plugin v27.4 - https:\/\/yoast.com\/product\/yoast-seo-wordpress\/ -->\n<title>Tama Starcast Mount With Quicklock 12&quot; - D\u00e9p\u00f4t Vente Batterie Percussion | Rimocc Lyon<\/title>\n<meta name=\"description\" content=\"TAMA&#039;s Quick-Lock tom bracket lets you easily and efficiently mount your toms in exactly the right position. As Sweetwater drummers know, the fewer hardware adjustments at the venue, the better! Its rubber lining minimizes vibrational transfer to the mount and stand, which enhances your drum&#039;s resonance for better overall sound. The Quick-Lock&#039;s switch is easily accessible, and with one motion you can efficiently lock or unlock the bracket to mount, unmount, or reposition your mounted tom for optimal performance.\" \/>\n<meta name=\"robots\" content=\"index, follow, max-snippet:-1, max-image-preview:large, max-video-preview:-1\" \/>\n<link rel=\"canonical\" href=\"https:\/\/www.rimocc.com\/en\/product\/tama-starcast-mount-with-quicklock-12\/\" \/>\n<meta property=\"og:locale\" content=\"en_US\" \/>\n<meta property=\"og:type\" content=\"article\" \/>\n<meta property=\"og:title\" content=\"Tama Starcast Mount With Quicklock 12&quot; - D\u00e9p\u00f4t Vente Batterie Percussion | Rimocc Lyon\" \/>\n<meta property=\"og:description\" content=\"TAMA&#039;s Quick-Lock tom bracket lets you easily and efficiently mount your toms in exactly the right position. As Sweetwater drummers know, the fewer hardware adjustments at the venue, the better! Its rubber lining minimizes vibrational transfer to the mount and stand, which enhances your drum&#039;s resonance for better overall sound. The Quick-Lock&#039;s switch is easily accessible, and with one motion you can efficiently lock or unlock the bracket to mount, unmount, or reposition your mounted tom for optimal performance.\" \/>\n<meta property=\"og:url\" content=\"https:\/\/www.rimocc.com\/en\/product\/tama-starcast-mount-with-quicklock-12\/\" \/>\n<meta property=\"og:site_name\" content=\"D\u00e9p\u00f4t Vente Batterie Percussion | Rimocc Lyon\" \/>\n<meta property=\"article:publisher\" content=\"https:\/\/www.facebook.com\/rimocclyon\/?locale=fr_FR\" \/>\n<meta property=\"article:modified_time\" content=\"2024-02-24T18:23:21+00:00\" \/>\n<meta property=\"og:image\" content=\"https:\/\/www.rimocc.com\/wp-content\/uploads\/2023\/12\/Tama-Starcast-Mount-With-Quicklock-12_-1.jpg\" \/>\n\t<meta property=\"og:image:width\" content=\"1920\" \/>\n\t<meta property=\"og:image:height\" content=\"1920\" \/>\n\t<meta property=\"og:image:type\" content=\"image\/jpeg\" \/>\n<meta name=\"twitter:card\" content=\"summary_large_image\" \/>\n<meta name=\"twitter:label1\" content=\"Est. reading time\" \/>\n\t<meta name=\"twitter:data1\" content=\"1 minute\" \/>\n<script type=\"application\/ld+json\" class=\"yoast-schema-graph\">{\"@context\":\"https:\\\/\\\/schema.org\",\"@graph\":[{\"@type\":\"WebPage\",\"@id\":\"https:\\\/\\\/www.rimocc.com\\\/product\\\/tama-starcast-mount-with-quicklock-12\\\/\",\"url\":\"https:\\\/\\\/www.rimocc.com\\\/product\\\/tama-starcast-mount-with-quicklock-12\\\/\",\"name\":\"Tama Starcast Mount With Quicklock 12\\\" - D\u00e9p\u00f4t Vente Batterie Percussion | Rimocc Lyon\",\"isPartOf\":{\"@id\":\"https:\\\/\\\/www.rimocc.com\\\/#website\"},\"primaryImageOfPage\":{\"@id\":\"https:\\\/\\\/www.rimocc.com\\\/product\\\/tama-starcast-mount-with-quicklock-12\\\/#primaryimage\"},\"image\":{\"@id\":\"https:\\\/\\\/www.rimocc.com\\\/product\\\/tama-starcast-mount-with-quicklock-12\\\/#primaryimage\"},\"thumbnailUrl\":\"https:\\\/\\\/www.rimocc.com\\\/wp-content\\\/uploads\\\/2023\\\/12\\\/Tama-Starcast-Mount-With-Quicklock-12_-1.jpg\",\"datePublished\":\"2023-12-12T14:22:17+00:00\",\"dateModified\":\"2024-02-24T18:23:21+00:00\",\"description\":\"TAMA's Quick-Lock tom bracket lets you easily and efficiently mount your toms in exactly the right position. As Sweetwater drummers know, the fewer hardware adjustments at the venue, the better! Its rubber lining minimizes vibrational transfer to the mount and stand, which enhances your drum's resonance for better overall sound. The Quick-Lock's switch is easily accessible, and with one motion you can efficiently lock or unlock the bracket to mount, unmount, or reposition your mounted tom for optimal performance.\",\"breadcrumb\":{\"@id\":\"https:\\\/\\\/www.rimocc.com\\\/product\\\/tama-starcast-mount-with-quicklock-12\\\/#breadcrumb\"},\"inLanguage\":\"en-US\",\"potentialAction\":[{\"@type\":\"ReadAction\",\"target\":[\"https:\\\/\\\/www.rimocc.com\\\/product\\\/tama-starcast-mount-with-quicklock-12\\\/\"]}]},{\"@type\":\"ImageObject\",\"inLanguage\":\"en-US\",\"@id\":\"https:\\\/\\\/www.rimocc.com\\\/product\\\/tama-starcast-mount-with-quicklock-12\\\/#primaryimage\",\"url\":\"https:\\\/\\\/www.rimocc.com\\\/wp-content\\\/uploads\\\/2023\\\/12\\\/Tama-Starcast-Mount-With-Quicklock-12_-1.jpg\",\"contentUrl\":\"https:\\\/\\\/www.rimocc.com\\\/wp-content\\\/uploads\\\/2023\\\/12\\\/Tama-Starcast-Mount-With-Quicklock-12_-1.jpg\",\"width\":1920,\"height\":1920,\"caption\":\"Tama Starcast Mount With Quicklock 12\\\"\"},{\"@type\":\"BreadcrumbList\",\"@id\":\"https:\\\/\\\/www.rimocc.com\\\/product\\\/tama-starcast-mount-with-quicklock-12\\\/#breadcrumb\",\"itemListElement\":[{\"@type\":\"ListItem\",\"position\":1,\"name\":\"Home\",\"item\":\"https:\\\/\\\/www.rimocc.com\\\/\"},{\"@type\":\"ListItem\",\"position\":2,\"name\":\"Shop\",\"item\":\"https:\\\/\\\/www.rimocc.com\\\/shop\\\/\"},{\"@type\":\"ListItem\",\"position\":3,\"name\":\"Tama Starcast Mount With Quicklock 12&#8243;\"}]},{\"@type\":\"WebSite\",\"@id\":\"https:\\\/\\\/www.rimocc.com\\\/#website\",\"url\":\"https:\\\/\\\/www.rimocc.com\\\/\",\"name\":\"D\u00e9p\u00f4t Vente Batterie Percussion | Rimocc Lyon\",\"description\":\"Rimocc: l&#039;unique magasin d\u00e9di\u00e9 enti\u00e8rement \u00e0 la batterie, percussion d&#039;occasion et vintage \u00e0 Lyon, France\",\"publisher\":{\"@id\":\"https:\\\/\\\/www.rimocc.com\\\/#organization\"},\"alternateName\":\"Rimocc'\",\"potentialAction\":[{\"@type\":\"SearchAction\",\"target\":{\"@type\":\"EntryPoint\",\"urlTemplate\":\"https:\\\/\\\/www.rimocc.com\\\/?s={search_term_string}\"},\"query-input\":{\"@type\":\"PropertyValueSpecification\",\"valueRequired\":true,\"valueName\":\"search_term_string\"}}],\"inLanguage\":\"en-US\"},{\"@type\":\"Organization\",\"@id\":\"https:\\\/\\\/www.rimocc.com\\\/#organization\",\"name\":\"Rimocc'\",\"alternateName\":\"Rimocc\",\"url\":\"https:\\\/\\\/www.rimocc.com\\\/\",\"logo\":{\"@type\":\"ImageObject\",\"inLanguage\":\"en-US\",\"@id\":\"https:\\\/\\\/www.rimocc.com\\\/#\\\/schema\\\/logo\\\/image\\\/\",\"url\":\"https:\\\/\\\/i0.wp.com\\\/www.rimocc.com\\\/wp-content\\\/uploads\\\/2023\\\/07\\\/RIMOCC_LOGO.jpg?fit=459%2C114&ssl=1\",\"contentUrl\":\"https:\\\/\\\/i0.wp.com\\\/www.rimocc.com\\\/wp-content\\\/uploads\\\/2023\\\/07\\\/RIMOCC_LOGO.jpg?fit=459%2C114&ssl=1\",\"width\":459,\"height\":114,\"caption\":\"Rimocc'\"},\"image\":{\"@id\":\"https:\\\/\\\/www.rimocc.com\\\/#\\\/schema\\\/logo\\\/image\\\/\"},\"sameAs\":[\"https:\\\/\\\/www.facebook.com\\\/rimocclyon\\\/?locale=fr_FR\",\"https:\\\/\\\/www.instagram.com\\\/rimoccc\\\/?hl=fr\",\"https:\\\/\\\/www.tiktok.com\\\/@rimocc\",\"https:\\\/\\\/www.youtube.com\\\/@Rimocc\"]}]}<\/script>\n<!-- \/ Yoast SEO plugin. -->","yoast_head_json":{"title":"Tama Starcast Mount With Quicklock 12\" - D\u00e9p\u00f4t Vente Batterie Percussion | Rimocc Lyon","description":"TAMA's Quick-Lock tom bracket lets you easily and efficiently mount your toms in exactly the right position. As Sweetwater drummers know, the fewer hardware adjustments at the venue, the better! Its rubber lining minimizes vibrational transfer to the mount and stand, which enhances your drum's resonance for better overall sound. The Quick-Lock's switch is easily accessible, and with one motion you can efficiently lock or unlock the bracket to mount, unmount, or reposition your mounted tom for optimal performance.","robots":{"index":"index","follow":"follow","max-snippet":"max-snippet:-1","max-image-preview":"max-image-preview:large","max-video-preview":"max-video-preview:-1"},"canonical":"https:\/\/www.rimocc.com\/en\/product\/tama-starcast-mount-with-quicklock-12\/","og_locale":"en_US","og_type":"article","og_title":"Tama Starcast Mount With Quicklock 12\" - D\u00e9p\u00f4t Vente Batterie Percussion | Rimocc Lyon","og_description":"TAMA's Quick-Lock tom bracket lets you easily and efficiently mount your toms in exactly the right position. As Sweetwater drummers know, the fewer hardware adjustments at the venue, the better! Its rubber lining minimizes vibrational transfer to the mount and stand, which enhances your drum's resonance for better overall sound. The Quick-Lock's switch is easily accessible, and with one motion you can efficiently lock or unlock the bracket to mount, unmount, or reposition your mounted tom for optimal performance.","og_url":"https:\/\/www.rimocc.com\/en\/product\/tama-starcast-mount-with-quicklock-12\/","og_site_name":"D\u00e9p\u00f4t Vente Batterie Percussion | Rimocc Lyon","article_publisher":"https:\/\/www.facebook.com\/rimocclyon\/?locale=fr_FR","article_modified_time":"2024-02-24T18:23:21+00:00","og_image":[{"width":1920,"height":1920,"url":"https:\/\/www.rimocc.com\/wp-content\/uploads\/2023\/12\/Tama-Starcast-Mount-With-Quicklock-12_-1.jpg","type":"image\/jpeg"}],"twitter_card":"summary_large_image","twitter_misc":{"Est. reading time":"1 minute"},"schema":{"@context":"https:\/\/schema.org","@graph":[{"@type":"WebPage","@id":"https:\/\/www.rimocc.com\/product\/tama-starcast-mount-with-quicklock-12\/","url":"https:\/\/www.rimocc.com\/product\/tama-starcast-mount-with-quicklock-12\/","name":"Tama Starcast Mount With Quicklock 12\" - D\u00e9p\u00f4t Vente Batterie Percussion | Rimocc Lyon","isPartOf":{"@id":"https:\/\/www.rimocc.com\/#website"},"primaryImageOfPage":{"@id":"https:\/\/www.rimocc.com\/product\/tama-starcast-mount-with-quicklock-12\/#primaryimage"},"image":{"@id":"https:\/\/www.rimocc.com\/product\/tama-starcast-mount-with-quicklock-12\/#primaryimage"},"thumbnailUrl":"https:\/\/www.rimocc.com\/wp-content\/uploads\/2023\/12\/Tama-Starcast-Mount-With-Quicklock-12_-1.jpg","datePublished":"2023-12-12T14:22:17+00:00","dateModified":"2024-02-24T18:23:21+00:00","description":"TAMA's Quick-Lock tom bracket lets you easily and efficiently mount your toms in exactly the right position. As Sweetwater drummers know, the fewer hardware adjustments at the venue, the better! Its rubber lining minimizes vibrational transfer to the mount and stand, which enhances your drum's resonance for better overall sound. The Quick-Lock's switch is easily accessible, and with one motion you can efficiently lock or unlock the bracket to mount, unmount, or reposition your mounted tom for optimal performance.","breadcrumb":{"@id":"https:\/\/www.rimocc.com\/product\/tama-starcast-mount-with-quicklock-12\/#breadcrumb"},"inLanguage":"en-US","potentialAction":[{"@type":"ReadAction","target":["https:\/\/www.rimocc.com\/product\/tama-starcast-mount-with-quicklock-12\/"]}]},{"@type":"ImageObject","inLanguage":"en-US","@id":"https:\/\/www.rimocc.com\/product\/tama-starcast-mount-with-quicklock-12\/#primaryimage","url":"https:\/\/www.rimocc.com\/wp-content\/uploads\/2023\/12\/Tama-Starcast-Mount-With-Quicklock-12_-1.jpg","contentUrl":"https:\/\/www.rimocc.com\/wp-content\/uploads\/2023\/12\/Tama-Starcast-Mount-With-Quicklock-12_-1.jpg","width":1920,"height":1920,"caption":"Tama Starcast Mount With Quicklock 12\""},{"@type":"BreadcrumbList","@id":"https:\/\/www.rimocc.com\/product\/tama-starcast-mount-with-quicklock-12\/#breadcrumb","itemListElement":[{"@type":"ListItem","position":1,"name":"Home","item":"https:\/\/www.rimocc.com\/"},{"@type":"ListItem","position":2,"name":"Shop","item":"https:\/\/www.rimocc.com\/shop\/"},{"@type":"ListItem","position":3,"name":"Tama Starcast Mount With Quicklock 12&#8243;"}]},{"@type":"WebSite","@id":"https:\/\/www.rimocc.com\/#website","url":"https:\/\/www.rimocc.com\/","name":"D\u00e9p\u00f4t Vente Batterie Percussion | Rimocc Lyon","description":"Rimocc: l&#039;unique magasin d\u00e9di\u00e9 enti\u00e8rement \u00e0 la batterie, percussion d&#039;occasion et vintage \u00e0 Lyon, France","publisher":{"@id":"https:\/\/www.rimocc.com\/#organization"},"alternateName":"Rimocc'","potentialAction":[{"@type":"SearchAction","target":{"@type":"EntryPoint","urlTemplate":"https:\/\/www.rimocc.com\/?s={search_term_string}"},"query-input":{"@type":"PropertyValueSpecification","valueRequired":true,"valueName":"search_term_string"}}],"inLanguage":"en-US"},{"@type":"Organization","@id":"https:\/\/www.rimocc.com\/#organization","name":"Rimocc'","alternateName":"Rimocc","url":"https:\/\/www.rimocc.com\/","logo":{"@type":"ImageObject","inLanguage":"en-US","@id":"https:\/\/www.rimocc.com\/#\/schema\/logo\/image\/","url":"https:\/\/i0.wp.com\/www.rimocc.com\/wp-content\/uploads\/2023\/07\/RIMOCC_LOGO.jpg?fit=459%2C114&ssl=1","contentUrl":"https:\/\/i0.wp.com\/www.rimocc.com\/wp-content\/uploads\/2023\/07\/RIMOCC_LOGO.jpg?fit=459%2C114&ssl=1","width":459,"height":114,"caption":"Rimocc'"},"image":{"@id":"https:\/\/www.rimocc.com\/#\/schema\/logo\/image\/"},"sameAs":["https:\/\/www.facebook.com\/rimocclyon\/?locale=fr_FR","https:\/\/www.instagram.com\/rimoccc\/?hl=fr","https:\/\/www.tiktok.com\/@rimocc","https:\/\/www.youtube.com\/@Rimocc"]}]}},"jetpack_publicize_connections":[],"jetpack_sharing_enabled":true,"_links":{"self":[{"href":"https:\/\/www.rimocc.com\/en\/wp-json\/wp\/v2\/product\/10905","targetHints":{"allow":["GET"]}}],"collection":[{"href":"https:\/\/www.rimocc.com\/en\/wp-json\/wp\/v2\/product"}],"about":[{"href":"https:\/\/www.rimocc.com\/en\/wp-json\/wp\/v2\/types\/product"}],"replies":[{"embeddable":true,"href":"https:\/\/www.rimocc.com\/en\/wp-json\/wp\/v2\/comments?post=10905"}],"wp:featuredmedia":[{"embeddable":true,"href":"https:\/\/www.rimocc.com\/en\/wp-json\/wp\/v2\/media\/10902"}],"wp:attachment":[{"href":"https:\/\/www.rimocc.com\/en\/wp-json\/wp\/v2\/media?parent=10905"}],"wp:term":[{"taxonomy":"product_brand","embeddable":true,"href":"https:\/\/www.rimocc.com\/en\/wp-json\/wp\/v2\/product_brand?post=10905"},{"taxonomy":"product_cat","embeddable":true,"href":"https:\/\/www.rimocc.com\/en\/wp-json\/wp\/v2\/product_cat?post=10905"},{"taxonomy":"product_tag","embeddable":true,"href":"https:\/\/www.rimocc.com\/en\/wp-json\/wp\/v2\/product_tag?post=10905"}],"curies":[{"name":"wp","href":"https:\/\/api.w.org\/{rel}","templated":true}]}}